{"id":50807,"date":"2024-04-01T13:32:19","date_gmt":"2024-04-01T11:32:19","guid":{"rendered":"https:\/\/obera.fr\/ic22-aurufiltriga-ohujahuti\/"},"modified":"2025-04-24T12:27:36","modified_gmt":"2025-04-24T10:27:36","slug":"ic22-filtrant-par-evaporation","status":"publish","type":"page","link":"https:\/\/obera.fr\/et\/produits\/rafraichisseurs-air\/rafraichisseurs-par-evaporation-ic\/ic22-filtrant-par-evaporation\/","title":{"rendered":"IC22 aurufiltriga \u00f5hujahuti"},"content":{"rendered":"\n<p>\u00d6koloogiline ja \u00f6konoomne <strong>aurufiltriga \u00f5huv\u00e4rskendaja<\/strong> on ideaalne, et tekitada teie t\u00f6\u00f6ruumides jahedamat \u00f5hku umbes 10-20 \u00b0C.<\/p>\n\n\n\n<h2 class=\"wp-block-heading\">OberA aurufiltriga \u00f5hujahuti: kuidas see t\u00f6\u00f6tab?<\/h2>\n\n\n\n<div class=\"wp-block-columns is-layout-flex wp-container-core-columns-is-layout-28f84493 wp-block-columns-is-layout-flex\">\n<div class=\"wp-block-column is-vertically-aligned-top is-layout-flow wp-block-column-is-layout-flow\" style=\"flex-basis:50%\">\n<figure class=\"wp-block-image aligncenter size-full is-resized\"><img decoding=\"async\" width=\"600\" height=\"600\" src=\"https:\/\/obera.fr\/wp-content\/uploads\/2024\/02\/ic22-carre.jpg\" alt=\"IC22 aurufiltriga \u00f5hujahuti\" class=\"wp-image-28148\" style=\"width:370px;height:auto\" srcset=\"https:\/\/obera.fr\/wp-content\/uploads\/2024\/02\/ic22-carre.jpg 600w, https:\/\/obera.fr\/wp-content\/uploads\/2024\/02\/ic22-carre-300x300.jpg 300w, https:\/\/obera.fr\/wp-content\/uploads\/2024\/02\/ic22-carre-150x150.jpg 150w\" sizes=\"(max-width: 600px) 100vw, 600px\" \/><figcaption class=\"wp-element-caption\">IC 22<\/figcaption><\/figure>\n<\/div>\n\n\n\n<div class=\"wp-block-column is-vertically-aligned-center is-layout-flow wp-block-column-is-layout-flow\" style=\"flex-basis:66.66%\">\n<p>Aurustuvate \u00f5hujahutite IC22 tootesarja kuuluvad meek\u00e4rgpaneelid, mis on pidevalt veega immutatud. Seadme tagak\u00fcljel asuv aksiaalne spiraalventilaator t\u00f5mbab kuuma \u00f5hu sisse ja juhatab selle l\u00e4bi jahutuspaneelide. Kuum \u00f5hk aurustub ja jahtub kokkupuutel veega. Seda n\u00e4htust nimetatakse <strong>&#8220;jahutusefektiks<\/strong> &#8221; ja see v\u00e4hendab sissepuhutud \u00f5hu temperatuuri kuni 20 \u00b0C v\u00f5rra. Seej\u00e4rel surutakse jahedam, filtreeritud \u00f5hk l\u00e4bi seadme ja ringleb t\u00f6\u00f6ruumis. Oluline on siiski, et ruum oleks ventileeritud, et \u00f5hk saaks korralikult ringelda, niiskust \u00e4ra juhtida ja anda uut sooja \u00f5hku, mida <strong>mobiilne jahuti<\/strong> filtreerib. L\u00fchidalt \u00f6eldes, mida soojem on \u00f5hk, seda parem on jahutus.      <\/p>\n\n\n\n<p><a href=\"https:\/\/obera.fr\/et\/produits\/rafraichisseurs-air\/rafraichisseurs-par-evaporation-ic\/\" data-type=\"page\" data-id=\"18698\">IC adiabaatiline \u00f5hujahuti<\/a> on m\u00f5eldud kasutamiseks <strong>k\u00f5ikides t\u00f6\u00f6stussektorites<\/strong>, logistikalaostes ja p\u00f5llumajanduses. Seda saab kasutada t\u00f6\u00f6tajate t\u00f6\u00f6kohtade v\u00f5i ruumide jahutamiseks. Eriti populaarne on see tehastes, garaa\u017eides, laohallides, t\u00f6\u00f6kodades, kasvuhoonetes ja ladudes.  <\/p>\n\n\n\n<div class=\"wp-block-columns is-layout-flex wp-container-core-columns-is-layout-28f84493 wp-block-columns-is-layout-flex\">\n<div class=\"wp-block-column is-layout-flow wp-block-column-is-layout-flow\" style=\"flex-basis:33.33%\">\n<div class=\"wp-block-buttons is-layout-flex wp-block-buttons-is-layout-flex\">\n<div class=\"wp-block-button\"><a class=\"wp-block-button__link wp-element-button\" href=\"https:\/\/obera.fr\/wp-content\/uploads\/2025\/04\/brochure-ic-22-en.pdf\">LAE ALLA BRO\u0160\u00dc\u00dcR<\/a><\/div>\n<\/div>\n<\/div>\n\n\n\n<div class=\"wp-block-column is-layout-flow wp-block-column-is-layout-flow\" style=\"flex-basis:33.34%\">\n<div class=\"wp-block-buttons is-horizontal is-content-justification-center is-layout-flex wp-container-core-buttons-is-layout-03627597 wp-block-buttons-is-layout-flex\">\n<div class=\"wp-block-button has-custom-width wp-block-button__width-100\"><a class=\"wp-block-button__link wp-element-button\" href=\"https:\/\/obera.fr\/et\/votke-meiega-uhendust\/\">Lisateavet<\/a><\/div>\n<\/div>\n\n\n\n<p><\/p>\n<\/div>\n\n\n\n<div class=\"wp-block-column is-layout-flow wp-block-column-is-layout-flow\" style=\"flex-basis:33.34%\">\n<div class=\"wp-block-buttons is-content-justification-center is-layout-flex wp-container-core-buttons-is-layout-a89b3969 wp-block-buttons-is-layout-flex\">\n<div class=\"wp-block-button btn-devis-source\"><a class=\"wp-block-button__link wp-element-button\" href=\"https:\/\/obera.fr\/et\/devis\/\">Taotlege hinnapakkumist<\/a><\/div>\n<\/div>\n\n\n<script>\r\ndocument.addEventListener('DOMContentLoaded', function() {\r\n    \/\/ 1. On cherche le titre H1 de la page\r\n    var h1 = document.querySelector('h1');\r\n    var productTitle = h1 ? h1.innerText.trim() : \"\";\r\n\r\n    \/\/ 2. On cherche les boutons via la classe CSS .btn-devis-source\r\n    var buttons = document.querySelectorAll('.btn-devis-source a');\r\n\r\n    \/\/ 3. Si on a le titre et les boutons, on ajoute le param\u00e8tre\r\n    if (buttons.length > 0 && productTitle !== \"\") {\r\n        var encodedTitle = encodeURIComponent(productTitle);\r\n\r\n        buttons.forEach(function(btn) {\r\n            var currentHref = btn.getAttribute('href');\r\n            \r\n            \/\/ S\u00e9curit\u00e9 pour ne pas ajouter le param\u00e8tre 2 fois\r\n            if (currentHref.indexOf('sujet=') === -1) {\r\n                var separator = currentHref.indexOf('?') !== -1 ? '&' : '?';\r\n                var newLink = currentHref + separator + 'sujet=' + encodedTitle;\r\n                \r\n                btn.setAttribute('href', newLink);\r\n            }\r\n        });\r\n    }\r\n});\r\n<\/script><\/div>\n<\/div>\n<\/div>\n<\/div>\n\n\n\n<div class=\"wp-block-columns is-layout-flex wp-container-core-columns-is-layout-28f84493 wp-block-columns-is-layout-flex\">\n<div class=\"wp-block-column is-layout-flow wp-block-column-is-layout-flow\" style=\"flex-basis:25%\"><\/div>\n\n\n\n<div class=\"wp-block-column is-layout-flow wp-block-column-is-layout-flow\" style=\"flex-basis:50%\">\n<figure class=\"wp-block-embed is-type-video is-provider-youtube wp-block-embed-youtube wp-embed-aspect-16-9 wp-has-aspect-ratio\"><div class=\"wp-block-embed__wrapper\">\n<iframe title=\"Rafraichisseur d&#039;air - Gamme IC - OberA\" width=\"1200\" height=\"675\" src=\"https:\/\/www.youtube.com\/embed\/NG-Ssy2oM70?feature=oembed\" frameborder=\"0\" allow=\"accelerometer; autoplay; clipboard-write; encrypted-media; gyroscope; picture-in-picture; web-share\" referrerpolicy=\"strict-origin-when-cross-origin\" allowfullscreen><\/iframe>\n<\/div><\/figure>\n\n\n\n<p><\/p>\n<\/div>\n\n\n\n<div class=\"wp-block-column is-layout-flow wp-block-column-is-layout-flow\" style=\"flex-basis:25%\"><\/div>\n<\/div>\n\n\n\n<h2 class=\"wp-block-heading\">Millised on IC22 \u00f5hujahuti omadused?<\/h2>\n\n\n\n<p>IC22 mobiilne aurustuv \u00f5huv\u00e4rskendaja on 3 kiirusega, et hoida kontrolli v\u00f5imsuse \u00fcle ja kohaneda meeskondade vajadustega. Juhtpaneelil saab seadme \u00f5huvoolu suunda, veepuhastust ionisaatori abil ja veevoolu aktiveerimist \u00fcle filtrikandja seadistada. <\/p>\n\n\n\n<p>Selle v\u00f5imsa seadme vooluhulk on 22 000 m3\/h, millest piisab kuni 250 m2 suuruse ala jahutamiseks. Veepaak mahutab kuni 130 liitrit vett, mis tagab katkematu t\u00f6\u00f6 suurel alal. <\/p>\n\n\n\n<p>Teine tehniline eelis, mis ei ole sugugi t\u00e4htsaim, on see, et <strong>\u00f5hujahuti vajab v\u00e4ga v\u00e4he vett ja elektrit<\/strong>. Veekulu on 10-15 liitrit tunnis. See on palju t\u00f5husam kui \u00f5huniisutaja v\u00f5i ventilatsioonis\u00fcsteem suurte ruumide jahutamiseks.  <\/p>\n\n\n\n<p>L\u00f5puks on IC22 \u00f5hujahuti mobiilne ja stabiilne. See kaalub <strong>50 kg<\/strong> ja sellel on pehmed rattad, nii et saate seda liigutada, kuidas soovite. Kaugjuhtimispult on kaasas, et seda saaks h\u00f5lpsasti juhtida.  <\/p>\n\n\n\n<blockquote class=\"wp-block-quote is-layout-flow wp-block-quote-is-layout-flow\">\n<figure class=\"wp-block-image aligncenter size-full\"><img decoding=\"async\" width=\"290\" height=\"98\" src=\"https:\/\/obera.fr\/wp-content\/uploads\/2025\/02\/green-modern-marketing-logo.png\" alt=\"roheline kaasaegne turunduslogo\" class=\"wp-image-61494\"\/><\/figure>\n\n\n\n<p>G4-filter: IC22 aurustuv \u00f5hujahuti on varustatud G4-\u00f5hufiltriga, mis parandab \u00f5hu kvaliteeti. See on kindel eelis t\u00f6\u00f6tajate tervise ja masina t\u00f6\u00f6v\u00f5ime tagamiseks. Samuti pikendab see jahuti kasutusiga, kuna see on v\u00e4hem mustuse ja tolmuga ummistunud.  <\/p>\n<\/blockquote>\n\n\n\n<div class=\"wp-block-columns is-layout-flex wp-container-core-columns-is-layout-28f84493 wp-block-columns-is-layout-flex\">\n<div class=\"wp-block-column is-layout-flow wp-block-column-is-layout-flow\"><\/div>\n\n\n\n<div class=\"wp-block-column is-layout-flow wp-block-column-is-layout-flow\"><\/div>\n\n\n\n<div class=\"wp-block-column is-layout-flow wp-block-column-is-layout-flow\"><\/div>\n<\/div>\n\n\n\n<h3 class=\"wp-block-heading has-text-align-center\">INDUSTRIES<\/h3>\n\n\n\n<div class=\"wp-block-columns is-layout-flex wp-container-core-columns-is-layout-28f84493 wp-block-columns-is-layout-flex\">\n<div class=\"wp-block-column is-layout-flow wp-block-column-is-layout-flow\">\n<hr class=\"wp-block-separator has-alpha-channel-opacity\"\/>\n\n\n\n<div class=\"wp-block-columns is-layout-flex wp-container-core-columns-is-layout-28f84493 wp-block-columns-is-layout-flex\">\n<div class=\"wp-block-column is-layout-flow wp-block-column-is-layout-flow\">\n<figure class=\"wp-block-image aligncenter size-thumbnail is-resized\"><img decoding=\"async\" width=\"150\" height=\"150\" src=\"https:\/\/obera.fr\/wp-content\/uploads\/2022\/02\/Textile-150x150.png\" alt=\"tekstiil\" class=\"wp-image-8855\"\/><figcaption class=\"wp-element-caption\">Tekstiilid<\/figcaption><\/figure>\n\n\n\n<figure class=\"wp-block-image aligncenter size-thumbnail is-resized\"><img decoding=\"async\" width=\"150\" height=\"150\" src=\"https:\/\/obera.fr\/wp-content\/uploads\/2022\/02\/Plastique-150x150.png\" alt=\"plastist\" class=\"wp-image-8854\"\/><figcaption class=\"wp-element-caption\">Plastist<\/figcaption><\/figure>\n\n\n\n<figure class=\"wp-block-image aligncenter size-thumbnail is-resized\"><img decoding=\"async\" width=\"150\" height=\"150\" src=\"https:\/\/obera.fr\/wp-content\/uploads\/2023\/02\/sans-titre-2023-02-14t104609.147-150x150.png\" alt=\"Logistika\" class=\"wp-image-18825\"\/><figcaption class=\"wp-element-caption\">Logistika<\/figcaption><\/figure>\n<\/div>\n\n\n\n<div class=\"wp-block-column is-layout-flow wp-block-column-is-layout-flow\">\n<figure class=\"wp-block-image aligncenter size-thumbnail is-resized\"><img decoding=\"async\" width=\"150\" height=\"150\" src=\"https:\/\/obera.fr\/wp-content\/uploads\/2022\/02\/MINERAIS-150x150.png\" alt=\"Maagid\" class=\"wp-image-8847\"\/><figcaption class=\"wp-element-caption\">Mineraalid<\/figcaption><\/figure>\n\n\n\n<figure class=\"wp-block-image aligncenter size-thumbnail is-resized\"><img decoding=\"async\" width=\"150\" height=\"150\" src=\"https:\/\/obera.fr\/wp-content\/uploads\/2022\/02\/Metalurgie-150x150.png\" alt=\"metallurgia\" class=\"wp-image-8857\"\/><figcaption class=\"wp-element-caption\">Metallurgia<\/figcaption><\/figure>\n\n\n\n<figure class=\"wp-block-image aligncenter size-thumbnail is-resized\"><img decoding=\"async\" width=\"150\" height=\"150\" src=\"https:\/\/obera.fr\/wp-content\/uploads\/2023\/02\/sans-titre-2023-02-14t102211.641-150x150.png\" alt=\"P\u00f5llumajandus\" class=\"wp-image-18828\"\/><figcaption class=\"wp-element-caption\">P\u00f5llumajandus<\/figcaption><\/figure>\n<\/div>\n<\/div>\n<\/div>\n\n\n\n<div class=\"wp-block-column is-layout-flow wp-block-column-is-layout-flow\">\n<hr class=\"wp-block-separator has-alpha-channel-opacity\"\/>\n\n\n\n<div class=\"wp-block-columns is-layout-flex wp-container-core-columns-is-layout-28f84493 wp-block-columns-is-layout-flex\">\n<div class=\"wp-block-column is-layout-flow wp-block-column-is-layout-flow\">\n<figure class=\"wp-block-image aligncenter size-thumbnail is-resized\"><img decoding=\"async\" width=\"150\" height=\"150\" src=\"https:\/\/obera.fr\/wp-content\/uploads\/2022\/02\/Chimie-150x150.png\" alt=\"keemia\" class=\"wp-image-8846\"\/><figcaption class=\"wp-element-caption\">Keemia<\/figcaption><\/figure>\n\n\n\n<figure class=\"wp-block-image aligncenter size-thumbnail is-resized\"><img decoding=\"async\" width=\"150\" height=\"150\" src=\"https:\/\/obera.fr\/wp-content\/uploads\/2022\/02\/Travail-du-bois-150x150.png\" alt=\"puidut\u00f6\u00f6tlemine\" class=\"wp-image-8856\"\/><figcaption class=\"wp-element-caption\">Puidut\u00f6\u00f6tlemine<\/figcaption><\/figure>\n\n\n\n<figure class=\"wp-block-image aligncenter size-thumbnail is-resized\"><img decoding=\"async\" width=\"150\" height=\"150\" src=\"https:\/\/obera.fr\/wp-content\/uploads\/2023\/02\/sans-titre-2023-02-14t101920.185-150x150.png\" alt=\"Lennundus\" class=\"wp-image-18831\"\/><figcaption class=\"wp-element-caption\">Lennundus<\/figcaption><\/figure>\n<\/div>\n\n\n\n<div class=\"wp-block-column is-layout-flow wp-block-column-is-layout-flow\">\n<figure class=\"wp-block-image aligncenter size-thumbnail is-resized\"><img decoding=\"async\" width=\"150\" height=\"150\" src=\"https:\/\/obera.fr\/wp-content\/uploads\/2022\/02\/AGROALIMENTAIRE-150x150.png\" alt=\"p\u00f5llumajandus- ja toiduainet\u00f6\u00f6stus\" class=\"wp-image-8844\"\/><figcaption class=\"wp-element-caption\">Toiduainet\u00f6\u00f6stus<\/figcaption><\/figure>\n\n\n\n<figure class=\"wp-block-image aligncenter size-thumbnail is-resized\"><img decoding=\"async\" width=\"150\" height=\"150\" src=\"https:\/\/obera.fr\/wp-content\/uploads\/2022\/02\/Papier-carton-150x150.png\" alt=\"paber ja papp\" class=\"wp-image-8853\"\/><figcaption class=\"wp-element-caption\">Paber\/papp<\/figcaption><\/figure>\n\n\n\n<figure class=\"wp-block-image aligncenter size-thumbnail is-resized\"><img decoding=\"async\" width=\"150\" height=\"150\" src=\"https:\/\/obera.fr\/wp-content\/uploads\/2023\/02\/sans-titre-2023-02-14t101712.416-150x150.png\" alt=\"Autot\u00f6\u00f6stus\" class=\"wp-image-18834\"\/><figcaption class=\"wp-element-caption\">Autot\u00f6\u00f6stus<\/figcaption><\/figure>\n<\/div>\n<\/div>\n<\/div>\n<\/div>\n\n\n\n<figure class=\"wp-block-table\"><table class=\"has-fixed-layout\"><tbody><tr><td>Flow<\/td><td>m3\/h<\/td><td>22 000<\/td><\/tr><tr><td>Kiiruste arv<\/td><td><\/td><td>3<\/td><\/tr><tr><td>Pinge<\/td><td>V<\/td><td>230<\/td><\/tr><tr><td>Nimivool<\/td><td>A<\/td><td>2.8<\/td><\/tr><tr><td>V\u00f5imsus<\/td><td>W<\/td><td>640<\/td><\/tr><tr><td>M\u00f5\u00f5tmed<\/td><td>l\/L\/h (mm)<\/td><td>1120 x 640 x 1600<\/td><\/tr><tr><td>Kaal<\/td><td>kg<\/td><td>50<\/td><\/tr><tr><td>M\u00fcratase<\/td><td>dB(A)<\/td><td>58\/64\/68<\/td><\/tr><tr><td>Pind on t\u00f6\u00f6deldud<\/td><td>m\u00b2<\/td><td>150 \u00e0 250<\/td><\/tr><tr><td>Mahuti mahutavus<\/td><td>L<\/td><td>130<\/td><\/tr><tr><td>Vee tarbimine<\/td><td>L\/h<\/td><td>10 \u00e0 15<\/td><\/tr><\/tbody><\/table><\/figure>\n\n\n\n<div class=\"wp-block-columns is-layout-flex wp-container-core-columns-is-layout-28f84493 wp-block-columns-is-layout-flex\">\n<div class=\"wp-block-column is-layout-flow wp-block-column-is-layout-flow\">\n<div class=\"wp-block-buttons is-content-justification-center is-layout-flex wp-container-core-buttons-is-layout-a89b3969 wp-block-buttons-is-layout-flex\">\n<div class=\"wp-block-button\"><a class=\"wp-block-button__link wp-element-button\" href=\"https:\/\/obera.fr\/wp-content\/uploads\/2025\/04\/brochure-ic-22-en.pdf\">LAE ALLA BRO\u0160\u00dc\u00dcR<\/a><\/div>\n<\/div>\n<\/div>\n\n\n\n<div class=\"wp-block-column is-layout-flow wp-block-column-is-layout-flow\">\n<div class=\"wp-block-buttons is-horizontal is-content-justification-center is-layout-flex wp-container-core-buttons-is-layout-03627597 wp-block-buttons-is-layout-flex\">\n<div class=\"wp-block-button has-custom-width wp-block-button__width-100\"><a class=\"wp-block-button__link wp-element-button\" href=\"https:\/\/obera.fr\/et\/votke-meiega-uhendust\/\">Lisateavet<\/a><\/div>\n<\/div>\n<\/div>\n<\/div>\n\n\n\n<blockquote class=\"wp-block-quote is-layout-flow wp-block-quote-is-layout-flow\">\n<p>Hea teada: <strong>OberA pakub m\u00fc\u00fcgiks nii uusi kui ka kasutatud seadmeid<\/strong>. Kasutatud tooted on remonditud, l\u00e4binud kapitaalremondi ja renoveeritud ning neil on \u00fcheaastane garantii. Iga kasutatud toode on klassifitseeritud: klass A (peaaegu uus), klass B (keskmises seisukorras, kergete kulumism\u00e4rkidega) ja klass C (halvenenud seisukorras, kuid ainult kosmeetiliselt). Meie veebipood tagab turvalise maksmise ja toodete kiire kohaletoimetamise.   <\/p>\n<\/blockquote>\n\n\n\n<h2 class=\"wp-block-heading\">Aurustatavad jahutid: IC22 mudeli eelised<\/h2>\n\n\n\n<p>\u00d5huv\u00e4rskendaja IC22 disain muudab selle <strong>teie t\u00f6\u00f6tajatele<\/strong> eriti <strong>mugavaks<\/strong>. See aitab oluliselt kaasa nende heaolule, levitades v\u00e4rsket \u00f5hku ilma k\u00fclmetuseta. Seade on 66 dB(A) m\u00fcratasemega vaikne, ilma et see kahjustaks j\u00f5udlust. Ja kuna seda on nii lihtne k\u00e4sitseda, saavad teie t\u00f6\u00f6tajad seda liigutada, kuhu iganes nad soovivad, et nautida meeldivat \u00f5hku.   <\/p>\n\n\n\n<p>\u00d5hus tekkiv niiskus (5% kuni 10%) aitab samuti kaitsta teie seadmeid. See funktsioon <strong>sobib<\/strong> eriti <strong>h\u00e4sti kasvuhoonete v\u00f5i p\u00f5llumajandusruumide puhul<\/strong>, kus on kuumuse ja kuiva \u00f5hu suhtes tundlikud seadmed ja tooted. <\/p>\n\n\n\n<p>Investeeringu m\u00f5ttes tarbib see <a href=\"https:\/\/obera.fr\/et\/produits\/rafraichisseurs-air\/\" data-type=\"page\" data-id=\"368\">adiabaatiline \u00f5hujahuti<\/a> kuni 80% v\u00e4hem energiat kui tavaline kliimaseade. Lisaks elektritarbimisele <strong>kasutab jahuti v\u00e4lis\u00f5hu jahutamiseks kompressorit ja k\u00fclmutusainet<\/strong>, mis on samuti v\u00e4hem keskkonnas\u00f5bralik komponent. <\/p>\n\n\n\n<div class=\"wp-block-columns is-layout-flex wp-container-core-columns-is-layout-28f84493 wp-block-columns-is-layout-flex\">\n<div class=\"wp-block-column is-layout-flow wp-block-column-is-layout-flow\">\n<h3 class=\"wp-block-heading\">Eelised :<\/h3>\n\n\n\n<ul class=\"wp-block-list\">\n<li>Keskkonnas\u00f5bralik;<\/li>\n\n\n\n<li>Lihtne k\u00e4sitseda mobiilseid seadmeid;<\/li>\n\n\n\n<li>Voolukiirus, mis v\u00f5ib jahutada 250 m2 suurust ruumi;<\/li>\n\n\n\n<li>Plug &amp; play.<\/li>\n<\/ul>\n<\/div>\n\n\n\n<div class=\"wp-block-column is-layout-flow wp-block-column-is-layout-flow\">\n<h3 class=\"wp-block-heading\">Eriomadused:<\/h3>\n\n\n\n<ul class=\"wp-block-list\">\n<li>Energiat\u00f5hus (vesi ja elekter) ;<\/li>\n\n\n\n<li>Tolmu filtreerimine (G4 filter) ;<\/li>\n\n\n\n<li>Taimeri funktsioon automaatseks k\u00e4ivitamiseks ja seiskamiseks<\/li>\n\n\n\n<li>Torustike v\u00f5i v\u00e4ljat\u00f5mbekanalite paigaldamine puudub;<\/li>\n\n\n\n<li>Paigaldamiskulud puuduvad.<\/li>\n<\/ul>\n<\/div>\n\n\n\n<div class=\"wp-block-column is-layout-flow wp-block-column-is-layout-flow\">\n<h3 class=\"wp-block-heading\">Omadused :<\/h3>\n\n\n\n<ul class=\"wp-block-list\">\n<li>Ei mingit &#8220;k\u00fclmakraadide&#8221; m\u00f5ju;<\/li>\n\n\n\n<li>\u00d5huvoolu v\u00f5nkumisre\u017eiim ;<\/li>\n\n\n\n<li>S\u00e4ilitab optimaalse niiskustaseme.<\/li>\n<\/ul>\n<\/div>\n<\/div>\n\n\n\n<h2 class=\"wp-block-heading\">Testi meie IC22 \u00f5hujahuti<\/h2>\n\n\n\n<p>Pakume<strong> v\u00f5imalust rentida\/testida neid seadmeid keskmiselt \u00fcheks kuuks<\/strong>, mis on kiiresti kohaletoimetatud, et neid saaks peaaegu koheselt katsetada teie t\u00f6\u00f6kojas. Kui otsustate lahenduse valideerida, ei maksa te mingit vahet! Kui mitte, hindame seadme toimivust ja soovitame teie vajadustele ja spetsifikatsioonidele paremini sobivat jahutit.  <\/p>\n\n\n\n<div class=\"wp-block-buttons is-content-justification-center is-layout-flex wp-container-core-buttons-is-layout-a89b3969 wp-block-buttons-is-layout-flex\">\n<div class=\"wp-block-button\"><a class=\"wp-block-button__link wp-element-button\" href=\"https:\/\/obera.fr\/et\/contact\/\">V\u00d5TA MEIEGA \u00dcHENDUST<\/a><\/div>\n<\/div>\n","protected":false},"excerpt":{"rendered":"<p>\u00d6koloogiline ja \u00f6konoomne aurufiltriga \u00f5huv\u00e4rskendaja on ideaalne, et tekitada teie t\u00f6\u00f6ruumides jahedamat \u00f5hku umbes 10-20 \u00b0C. OberA aurufiltriga \u00f5hujahuti: kuidas see t\u00f6\u00f6tab? Aurustuvate \u00f5hujahutite IC22 tootesarja kuuluvad meek\u00e4rgpaneelid, mis on pidevalt veega immutatud. Seadme tagak\u00fcljel asuv aksiaalne spiraalventilaator t\u00f5mbab kuuma \u00f5hu sisse ja juhatab selle l\u00e4bi jahutuspaneelide. Kuum \u00f5hk aurustub ja jahtub kokkupuutel veega. Seda n\u00e4htust nimetatakse &#8220;jahutusefektiks &#8221; ja see v\u00e4hendab sissepuhutud \u00f5hu temperatuuri kuni 20 \u00b0C v\u00f5rra. Seej\u00e4rel surutakse jahedam, filtreeritud \u00f5hk l\u00e4bi seadme ja ringleb t\u00f6\u00f6ruumis. Oluline on siiski, et ruum oleks ventileeritud, et \u00f5hk saaks korralikult ringelda, niiskust \u00e4ra juhtida ja anda uut sooja \u00f5hku, mida &#8230; <\/p>\n<p class=\"read-more-container\"><a title=\"IC22 aurufiltriga \u00f5hujahuti\" class=\"read-more button\" href=\"https:\/\/obera.fr\/et\/produits\/rafraichisseurs-air\/rafraichisseurs-par-evaporation-ic\/ic22-filtrant-par-evaporation\/#more-50807\" aria-label=\"Read more about IC22 aurufiltriga \u00f5hujahuti\">Lire la suite<\/a><\/p>\n","protected":false},"author":4,"featured_media":83738,"parent":51038,"menu_order":0,"comment_status":"closed","ping_status":"closed","template":"","meta":{"_acf_changed":false,"_seopress_robots_primary_cat":"","_seopress_titles_title":"IC22, t\u00f6\u00f6stuslik aurustuv jahuti","_seopress_titles_desc":"\u00d6koloogiline ja \u00f6konoomne aurufiltriga \u00f5huv\u00e4rskendaja IC22 sobib ideaalselt umbes 10-20 \u00b0C jahedama \u00f5hu tekitamiseks teie t\u00f6\u00f6ruumides.","_seopress_robots_index":"","footnotes":""},"class_list":{"0":"post-50807","1":"page","2":"type-page","3":"status-publish","4":"has-post-thumbnail","6":"no-featured-image-padding","7":"resize-featured-image"},"acf":[],"_links":{"self":[{"href":"https:\/\/obera.fr\/et\/wp-json\/wp\/v2\/pages\/50807","targetHints":{"allow":["GET"]}}],"collection":[{"href":"https:\/\/obera.fr\/et\/wp-json\/wp\/v2\/pages"}],"about":[{"href":"https:\/\/obera.fr\/et\/wp-json\/wp\/v2\/types\/page"}],"author":[{"embeddable":true,"href":"https:\/\/obera.fr\/et\/wp-json\/wp\/v2\/users\/4"}],"replies":[{"embeddable":true,"href":"https:\/\/obera.fr\/et\/wp-json\/wp\/v2\/comments?post=50807"}],"version-history":[{"count":10,"href":"https:\/\/obera.fr\/et\/wp-json\/wp\/v2\/pages\/50807\/revisions"}],"predecessor-version":[{"id":88719,"href":"https:\/\/obera.fr\/et\/wp-json\/wp\/v2\/pages\/50807\/revisions\/88719"}],"up":[{"embeddable":true,"href":"https:\/\/obera.fr\/et\/wp-json\/wp\/v2\/pages\/51038"}],"wp:featuredmedia":[{"embeddable":true,"href":"https:\/\/obera.fr\/et\/wp-json\/wp\/v2\/media\/83738"}],"wp:attachment":[{"href":"https:\/\/obera.fr\/et\/wp-json\/wp\/v2\/media?parent=50807"}],"curies":[{"name":"wp","href":"https:\/\/api.w.org\/{rel}","templated":true}]}}