{"id":50973,"date":"2022-11-23T11:48:48","date_gmt":"2022-11-23T09:48:48","guid":{"rendered":"https:\/\/obera.fr\/dustomat-hydro-fikseeritud-marg-tolmukogumisseadmed\/"},"modified":"2025-04-25T14:50:10","modified_gmt":"2025-04-25T12:50:10","slug":"depoussiereur-a-voie-humide-dustomat-hydro","status":"publish","type":"page","link":"https:\/\/obera.fr\/et\/produits\/depoussiereurs-industriels\/fixes\/depoussiereur-a-voie-humide-dustomat-hydro\/","title":{"rendered":"DUSTOMAT HYDRO : fikseeritud m\u00e4rg tolmukogumisseadmed"},"content":{"rendered":"\n<p>Avastage meie <strong>DUSTOMAT HYDRO m\u00e4rgpuhastite<\/strong> valik, mis \u00fchendab endas j\u00f5udluse ja t\u00f5hususe v\u00e4ga tuleohtlike ainete eemaldamiseks.<\/p>\n\n\n\n<h2 class=\"wp-block-heading\">DUSTOMAT HYDRO t\u00f6\u00f6stuslik tolmukoguja : kuidas see t\u00f6\u00f6tab ja kuidas seda kasutada ?<\/h2>\n\n\n\n<div class=\"wp-block-columns is-layout-flex wp-container-core-columns-is-layout-28f84493 wp-block-columns-is-layout-flex\">\n<div class=\"wp-block-column is-layout-flow wp-block-column-is-layout-flow\" style=\"flex-basis:33.33%\">\n<figure class=\"wp-block-image aligncenter size-full is-resized\"><img decoding=\"async\" width=\"600\" height=\"600\" src=\"https:\/\/obera.fr\/wp-content\/uploads\/2022\/11\/dustomat-hydro-1.png\" alt=\"dustomat hydro 1\" class=\"wp-image-15989\" style=\"width:300px;height:300px\" srcset=\"https:\/\/obera.fr\/wp-content\/uploads\/2022\/11\/dustomat-hydro-1.png 600w, https:\/\/obera.fr\/wp-content\/uploads\/2022\/11\/dustomat-hydro-1-300x300.png 300w, https:\/\/obera.fr\/wp-content\/uploads\/2022\/11\/dustomat-hydro-1-150x150.png 150w\" sizes=\"(max-width: 600px) 100vw, 600px\" \/><\/figure>\n<\/div>\n\n\n\n<div class=\"wp-block-column is-vertically-aligned-center is-layout-flow wp-block-column-is-layout-flow\" style=\"flex-basis:66.66%\">\n<p>DUSTOMAT HYDRO-seeria peamine tugevus on selle <strong>uuenduslik mitmeastmeline eraldustehnoloogia tolmu ja s\u00e4demete p\u00fc\u00fcdmiseks<\/strong>. Saastunud \u00f5hku t\u00f5mbab sisse tolmukogumisseadmesse ehitatud ventilaator. \u00d5hu kiirust v\u00e4hendatakse, mis v\u00f5imaldab rasketel osakestel langeda taaskasutuspaaki: see on esimene etapp osakeste eelsepareerimisel. Seej\u00e4rel l\u00e4bib \u00f5hk <strong>h\u00fcdrots\u00fckloni<\/strong>, mis kasutab tsentrifugaalj\u00f5udu, et eraldada peened osakesed veest. Need osakesed j\u00e4\u00e4vad vees kinni ja s\u00e4demed jahutatakse, et muuta need kahjutuks. Viimane filtreerimisetapp p\u00fc\u00fcab viimasedki peenosakesed kinni, j\u00e4ttes \u00f5hu puhtaks. Selline filtreerimistehnoloogia tagab k\u00f5rge eraldamise t\u00f5hususe, mis on kuni 99,995%.      <\/p>\n\n\n\n<p>Milleks neid kasutatakse? DUSTOMAT HYDRO seeria <strong>m\u00e4rgseparaatorid<\/strong> on m\u00f5eldud kergesti s\u00fcttivate ainete eraldamiseks v\u00f5i s\u00e4demetega t\u00f6\u00f6protsessides. Need sobivad \u00fche- v\u00f5i mitmejaamaliste metallitolmu v\u00e4ljat\u00f5mbes\u00fcsteemide jaoks, n\u00e4iteks <strong>lihvimise<\/strong>, <strong>harjamise<\/strong> ja <strong>poleerimise<\/strong> ajal. DUSTOMAT HYDRO vastab ka ATEX-standardile, mis tagab ohutu ja t\u00f5husa kasutamise plahvatusohtlikes keskkondades. Tegelikult on need <a href=\"https:\/\/obera.fr\/et\/produits\/depoussiereurs-industriels\/fixes\/\" data-type=\"page\" data-id=\"389\">statsionaarsed m\u00e4rgtolmukogujad<\/a> v\u00e4ga populaarsed<strong>metalli-<\/strong>, <strong>keemia-<\/strong> ja <strong>toiduainet\u00f6\u00f6stuses<\/strong>, samuti <strong>puidu- ja k\u00e4sit\u00f6\u00f6stuses<\/strong>.    <\/p>\n\n\n\n<div class=\"wp-block-columns is-layout-flex wp-container-core-columns-is-layout-28f84493 wp-block-columns-is-layout-flex\">\n<div class=\"wp-block-column is-layout-flow wp-block-column-is-layout-flow\" style=\"flex-basis:33.33%\">\n<div class=\"wp-block-buttons is-layout-flex wp-block-buttons-is-layout-flex\">\n<div class=\"wp-block-button\"><a class=\"wp-block-button__link wp-element-button\" href=\"https:\/\/obera.fr\/wp-content\/uploads\/2025\/04\/brochure-dustomat-hydro-en.pdf\">LAE ALLA BRO\u0160\u00dc\u00dcR<\/a><\/div>\n<\/div>\n<\/div>\n\n\n\n<div class=\"wp-block-column is-layout-flow wp-block-column-is-layout-flow\" style=\"flex-basis:33.34%\">\n<div class=\"wp-block-buttons is-horizontal is-content-justification-center is-layout-flex wp-container-core-buttons-is-layout-03627597 wp-block-buttons-is-layout-flex\">\n<div class=\"wp-block-button has-custom-width wp-block-button__width-100\"><a class=\"wp-block-button__link wp-element-button\" href=\"https:\/\/obera.fr\/et\/votke-meiega-uhendust\/\">Lisateavet<\/a><\/div>\n<\/div>\n<\/div>\n\n\n\n<div class=\"wp-block-column is-layout-flow wp-block-column-is-layout-flow\" style=\"flex-basis:33.34%\">\n<div class=\"wp-block-buttons is-content-justification-center is-layout-flex wp-container-core-buttons-is-layout-a89b3969 wp-block-buttons-is-layout-flex\">\n<div class=\"wp-block-button btn-devis-source\"><a class=\"wp-block-button__link wp-element-button\" href=\"https:\/\/obera.fr\/et\/devis\/\">Taotlege hinnapakkumist<\/a><\/div>\n<\/div>\n\n\n<script>\r\ndocument.addEventListener('DOMContentLoaded', function() {\r\n    \/\/ 1. On cherche le titre H1 de la page\r\n    var h1 = document.querySelector('h1');\r\n    var productTitle = h1 ? h1.innerText.trim() : \"\";\r\n\r\n    \/\/ 2. On cherche les boutons via la classe CSS .btn-devis-source\r\n    var buttons = document.querySelectorAll('.btn-devis-source a');\r\n\r\n    \/\/ 3. Si on a le titre et les boutons, on ajoute le param\u00e8tre\r\n    if (buttons.length > 0 && productTitle !== \"\") {\r\n        var encodedTitle = encodeURIComponent(productTitle);\r\n\r\n        buttons.forEach(function(btn) {\r\n            var currentHref = btn.getAttribute('href');\r\n            \r\n            \/\/ S\u00e9curit\u00e9 pour ne pas ajouter le param\u00e8tre 2 fois\r\n            if (currentHref.indexOf('sujet=') === -1) {\r\n                var separator = currentHref.indexOf('?') !== -1 ? '&' : '?';\r\n                var newLink = currentHref + separator + 'sujet=' + encodedTitle;\r\n                \r\n                btn.setAttribute('href', newLink);\r\n            }\r\n        });\r\n    }\r\n});\r\n<\/script><\/div>\n<\/div>\n<\/div>\n<\/div>\n\n\n\n<div style=\"height:30px\" aria-hidden=\"true\" class=\"wp-block-spacer\"><\/div>\n\n\n\n<h2 class=\"wp-block-heading\">DUSTOMAT HYDRO m\u00e4rgade tolmukogumisseadmete omadused<\/h2>\n\n\n\n<p>DUSTOMAT HYDRO-seeria sisaldab <strong>4<\/strong> m\u00e4rja <strong>tolmukoguja mudelit<\/strong> v\u00f5imsusega <strong>2300 kuni 10 000 m3\/h<\/strong>. K\u00f5ik need pakuvad laia kasutusv\u00f5imalusi metallilaastude, keevitusauru, alumiiniumi-, terase- ja titaanitolmu, samuti plahvatusohtlike materjalide <a href=\"https:\/\/obera.fr\/conseils\/zone-atex-norme-atex-bases-protection-contre-risque-explosion\/\" data-type=\"post\" data-id=\"17925\">(ATEX-konformne<\/a>, lisavarustus) ja s\u00e4demete tekitava metallitolmu eemaldamiseks. T\u00e4nu selle tootesarja mitmek\u00fclgsusele on see eriti t\u00f5hus liivatamise, poleerimise, saagimise, freesimise ja keevitusprotsesside k\u00e4igus tekkivate osakeste eemaldamisel.  <\/p>\n\n\n\n<p>Lisaks sellele on DUSTOMAT HYDRO tolmukogumisseade, mida saab t\u00f5eliselt kohandada t\u00f6\u00f6stuse vajadustele. Lisaks sellele, et see on ATEX-konformne, on v\u00f5imalik kasutada ka spetsiaalset v\u00e4rvimist ja muudetavat <strong>imemisotsaku<\/strong> asendit. Samuti on v\u00f5imalik valida filtrikandjaid (n\u00e4iteks HEPA H 14 filter kantserogeensete osakeste jaoks). Lisaks sellele <strong><a href=\"https:\/\/obera.fr\/et\/produits\/depoussiereurs-industriels\/\" data-type=\"page\" data-id=\"31\">t\u00f6\u00f6stuslikud tolmukogujad<\/a><\/strong> on selles seerias kaks v\u00f5imsustaset, konfigureeritav filtreerimiss\u00fcsteem (kuni 4 filtreerimistaset) ja andurid, mis reguleerivad automaatselt vee t\u00e4itumist.   <\/p>\n\n\n\n<p>Teine DUSTOMAT HYDRO seeria omadus on <strong>madalad hoolduskulud<\/strong>, kuna peenosakeste filtreerimiss\u00fcsteem asub allavoolu.<\/p>\n\n\n\n<blockquote class=\"wp-block-quote is-layout-flow wp-block-quote-is-layout-flow\">\n<p>Uuenduslik DUSTOMAT HYDRO tehnoloogia: h\u00fcdrots\u00fcklonil p\u00f5hinev eralduss\u00fcsteem muudab nii s\u00e4demed kui ka p\u00f5leva tolmu peaaegu t\u00e4ielikult kahjutuks juba alates esimesest filtreerimistasemest (98,7% eraldusm\u00e4\u00e4r). Isegi v\u00e4ikseimad osakeste fraktsioonid \u2265 15 \u00b5m seotakse ohutult vee turbulentskambris, mis v\u00f5imaldab OberA-l viia eelsepareerimise kvaliteedi uuele tasemele. Kasutajad saavad kasu m\u00e4rkimisv\u00e4\u00e4rsest efektist: j\u00e4rgnevas kuivsepareerimiss\u00fcsteemis s\u00e4\u00e4stetakse filterkeskkonda, mille tulemuseks on pikem kasutusiga ja v\u00e4iksemad hilisemad kulud.  <\/p>\n<\/blockquote>\n\n\n\n<div class=\"wp-block-columns is-layout-flex wp-container-core-columns-is-layout-28f84493 wp-block-columns-is-layout-flex\">\n<div class=\"wp-block-column is-layout-flow wp-block-column-is-layout-flow\">\n<h3 class=\"wp-block-heading has-text-align-center\" id=\"industries\">T\u00f6\u00f6stusharud<\/h3>\n\n\n\n<hr class=\"wp-block-separator has-css-opacity is-style-wide\"\/>\n\n\n\n<div class=\"wp-block-columns is-layout-flex wp-container-core-columns-is-layout-28f84493 wp-block-columns-is-layout-flex\">\n<div class=\"wp-block-column is-layout-flow wp-block-column-is-layout-flow\">\n<figure class=\"wp-block-image aligncenter size-full\"><img decoding=\"async\" width=\"150\" height=\"150\" src=\"https:\/\/obera.fr\/wp-content\/uploads\/2022\/02\/Metalurgie.png\" alt=\"metallit\u00f6\u00f6tlus\" class=\"wp-image-8857\"\/><figcaption class=\"wp-element-caption\">Metallit\u00f6\u00f6tlus<\/figcaption><\/figure>\n\n\n\n<figure class=\"wp-block-image aligncenter size-full\"><img decoding=\"async\" width=\"150\" height=\"150\" src=\"https:\/\/obera.fr\/wp-content\/uploads\/2022\/02\/Textile.png\" alt=\"tekstiil\" class=\"wp-image-8855\"\/><figcaption class=\"wp-element-caption\">Tekstiilid<\/figcaption><\/figure>\n<\/div>\n\n\n\n<div class=\"wp-block-column is-layout-flow wp-block-column-is-layout-flow\">\n<figure class=\"wp-block-image aligncenter size-full\"><img decoding=\"async\" width=\"150\" height=\"150\" src=\"https:\/\/obera.fr\/wp-content\/uploads\/2022\/02\/Chimie.png\" alt=\"keemia\" class=\"wp-image-8846\"\/><figcaption class=\"wp-element-caption\">Keemia<\/figcaption><\/figure>\n\n\n\n<figure class=\"wp-block-image aligncenter size-full\"><img decoding=\"async\" width=\"150\" height=\"150\" src=\"https:\/\/obera.fr\/wp-content\/uploads\/2022\/02\/Plastique.png\" alt=\"plastist\" class=\"wp-image-8854\"\/><figcaption class=\"wp-element-caption\">Plastist<\/figcaption><\/figure>\n<\/div>\n\n\n\n<div class=\"wp-block-column is-layout-flow wp-block-column-is-layout-flow\">\n<figure class=\"wp-block-image aligncenter size-full\"><img decoding=\"async\" width=\"150\" height=\"150\" src=\"https:\/\/obera.fr\/wp-content\/uploads\/2022\/02\/MINERAIS.png\" alt=\"Maagid\" class=\"wp-image-8847\"\/><figcaption class=\"wp-element-caption\">Mineraalid<\/figcaption><\/figure>\n\n\n\n<figure class=\"wp-block-image aligncenter size-full\"><img decoding=\"async\" width=\"150\" height=\"150\" src=\"https:\/\/obera.fr\/wp-content\/uploads\/2022\/02\/Papier-carton.png\" alt=\"paber ja papp\" class=\"wp-image-8853\"\/><figcaption class=\"wp-element-caption\">Paber\/papp<\/figcaption><\/figure>\n<\/div>\n\n\n\n<div class=\"wp-block-column is-layout-flow wp-block-column-is-layout-flow\">\n<figure class=\"wp-block-image aligncenter size-full\"><img decoding=\"async\" width=\"150\" height=\"150\" src=\"https:\/\/obera.fr\/wp-content\/uploads\/2022\/02\/AGROALIMENTAIRE.png\" alt=\"p\u00f5llumajandus- ja toiduainet\u00f6\u00f6stus\" class=\"wp-image-8844\"\/><figcaption class=\"wp-element-caption\">Toiduainet\u00f6\u00f6stus<\/figcaption><\/figure>\n<\/div>\n<\/div>\n<\/div>\n<\/div>\n\n\n\n<figure class=\"wp-block-table\"><table class=\"has-fixed-layout\"><tbody><tr><td><\/td><td><\/td><td><strong>DUSTOMAT HYDRO 2300<\/strong><\/td><td><strong>DUSTOMAT HYDRO 3500<\/strong><\/td><td><strong>DUSTOMAT HYDRO 6000<\/strong><\/td><td><strong>DUSTOMAT HYDRO 10000<\/strong><\/td><\/tr><tr><td>Flow<\/td><td>m3\/h<\/td><td>2 300<\/td><td>3 500<\/td><td>6 000<\/td><td>10 000<\/td><\/tr><tr><td>Maksimaalne vaakum<\/td><td>Pa<\/td><td>2 500<\/td><td>3 400<\/td><td>3 950<\/td><td>4 800<\/td><\/tr><tr><td>V\u00f5imsus<\/td><td>kW<\/td><td>3<\/td><td>5,5<\/td><td>7.5<\/td><td>15<\/td><\/tr><tr><td>Sisselaskeava l\u00e4bim\u00f5\u00f5t<\/td><td>mm<\/td><td>180<\/td><td>224<\/td><td>280<\/td><td>400<\/td><\/tr><tr><td>Vee\u00fchendus<\/td><td>Inches<\/td><td>3\/4<\/td><td>3\/4<\/td><td>3\/4<\/td><td>3\/4<\/td><\/tr><tr><td>M\u00f5\u00f5tmed<\/td><td>l\/L\/h (mm)<\/td><td>850x850x2600<\/td><td>850x850x2600<\/td><td>1350 x 1550 x 3400<\/td><td>1350 x 1550 x 3400<\/td><\/tr><tr><td>M\u00fcratase<\/td><td>dB(A)<\/td><td>70*<\/td><td>72*<\/td><td>73.4<\/td><td>76.1<\/td><\/tr><tr><td>Kaal<\/td><td>kg<\/td><td>340<\/td><td>380<\/td><td>750<\/td><td>870<\/td><\/tr><\/tbody><\/table><\/figure>\n\n\n\n<p>* ilma heliisolatsioonipaketita: 75 db(A)<\/p>\n\n\n\n<div class=\"wp-block-columns is-layout-flex wp-container-core-columns-is-layout-28f84493 wp-block-columns-is-layout-flex\">\n<div class=\"wp-block-column is-layout-flow wp-block-column-is-layout-flow\"><\/div>\n\n\n\n<div class=\"wp-block-column is-layout-flow wp-block-column-is-layout-flow\">\n<div class=\"wp-block-buttons is-content-justification-center is-layout-flex wp-container-core-buttons-is-layout-a89b3969 wp-block-buttons-is-layout-flex\">\n<div class=\"wp-block-button btn-devis-source\"><a class=\"wp-block-button__link wp-element-button\" href=\"https:\/\/obera.fr\/et\/devis\/\">Taotlege hinnapakkumist<\/a><\/div>\n<\/div>\n\n\n<script>\r\ndocument.addEventListener('DOMContentLoaded', function() {\r\n    \/\/ 1. On cherche le titre H1 de la page\r\n    var h1 = document.querySelector('h1');\r\n    var productTitle = h1 ? h1.innerText.trim() : \"\";\r\n\r\n    \/\/ 2. On cherche les boutons via la classe CSS .btn-devis-source\r\n    var buttons = document.querySelectorAll('.btn-devis-source a');\r\n\r\n    \/\/ 3. Si on a le titre et les boutons, on ajoute le param\u00e8tre\r\n    if (buttons.length > 0 && productTitle !== \"\") {\r\n        var encodedTitle = encodeURIComponent(productTitle);\r\n\r\n        buttons.forEach(function(btn) {\r\n            var currentHref = btn.getAttribute('href');\r\n            \r\n            \/\/ S\u00e9curit\u00e9 pour ne pas ajouter le param\u00e8tre 2 fois\r\n            if (currentHref.indexOf('sujet=') === -1) {\r\n                var separator = currentHref.indexOf('?') !== -1 ? '&' : '?';\r\n                var newLink = currentHref + separator + 'sujet=' + encodedTitle;\r\n                \r\n                btn.setAttribute('href', newLink);\r\n            }\r\n        });\r\n    }\r\n});\r\n<\/script><\/div>\n\n\n\n<div class=\"wp-block-column is-layout-flow wp-block-column-is-layout-flow\">\n<div class=\"wp-block-buttons is-content-justification-center is-layout-flex wp-container-core-buttons-is-layout-a89b3969 wp-block-buttons-is-layout-flex\">\n<div class=\"wp-block-button\"><a class=\"wp-block-button__link wp-element-button\" href=\"https:\/\/obera.fr\/wp-content\/uploads\/2025\/04\/brochure-dustomat-hydro-en.pdf\">Lae alla bro\u0161\u00fc\u00fcr<\/a><\/div>\n<\/div>\n<\/div>\n\n\n\n<div class=\"wp-block-column is-layout-flow wp-block-column-is-layout-flow\"><\/div>\n<\/div>\n\n\n\n<h2 class=\"wp-block-heading\">DUSTOMAT HYDRO: millised on selle eelised?  <\/h2>\n\n\n\n<p>DUSTOMAT HYDRO tolmukogumisseadmete seeria vastab <strong>t\u00f6\u00f6stuses esmat\u00e4htsale \u00f5hukvaliteedi probleemile<\/strong>, parandades tootmismeeskondade tervist ja ohutust. <strong>V\u00e4hendades kokkupuudet peentolmu<\/strong> ja saasteainetega, parandades t\u00f6\u00f6koja \u00f5hukvaliteeti&#8230; Kui valite m\u00e4rgtolmukoguja, siis t\u00e4hendab see tervislikuma ja meeldivama t\u00f6\u00f6keskkonna loomist ning ka kehtivate keskkonnanormide j\u00e4rgimist. Kasutajamugavuse suurendamiseks on selle seeria mudelid kompaktsed ja vaiksed. Kui ruumiprobleem on probleemiks, v\u00f5ib seadme paigaldada nii sise- kui ka v\u00e4lisruumi.  <\/p>\n\n\n\n<p>Ohutuse osas <strong>muudab<\/strong> selle uuenduslik h\u00fcdrots\u00fcklontehnoloogia <strong>t\u00f6\u00f6kohad v\u00f5imalikult ohutuks<\/strong> kahel viisil: v\u00e4hendades tolmust p\u00f5hjustatud tulekahju ohtu ning v\u00e4ltides ka tolmu kogunemist seadmetele ja masinate kahjustamist.<\/p>\n\n\n\n<p>Mis puutub tootjate n\u00f5utavatesse investeeringutesse, siis <strong>s\u00fcsteem on kavandatud nii, et see tarbib v\u00e4he vee-energiat<\/strong>, mis t\u00e4hendab kokkuhoidu teie energiaarves.<\/p>\n\n\n\n<div class=\"wp-block-columns is-layout-flex wp-container-core-columns-is-layout-28f84493 wp-block-columns-is-layout-flex\">\n<div class=\"wp-block-column is-layout-flow wp-block-column-is-layout-flow\">\n<h3 class=\"wp-block-heading\">Eelised :<\/h3>\n\n\n\n<ul class=\"wp-block-list\">\n<li>Suurem ohutus, isegi plahvatusohtlikes keskkondades;<\/li>\n\n\n\n<li>Madal energia- ja veetarbimine t\u00e4nu vee reguleerimisele;<\/li>\n\n\n\n<li>Lihtne kasutada t\u00e4nu puuteekraanile;<\/li>\n\n\n\n<li><strong> <\/strong>Lihtne kasutada ja hooldada, madalad jooksvad kulud.<\/li>\n<\/ul>\n<\/div>\n\n\n\n<div class=\"wp-block-column is-layout-flow wp-block-column-is-layout-flow\">\n<h3 class=\"wp-block-heading\">Eriomadused:<\/h3>\n\n\n\n<ul class=\"wp-block-list\">\n<li>Suure j\u00f5udlusega mitmetasandiline eralduss\u00fcsteem peentolmu, p\u00f5leva tolmu ja s\u00e4demete eraldamiseks;<\/li>\n\n\n\n<li>Eraldamise t\u00f5husus kuni 99,995% ;<\/li>\n\n\n\n<li>\u00dche- v\u00f5i mitmejaamaline v\u00e4ljat\u00f5mbamine.<\/li>\n<\/ul>\n<\/div>\n\n\n\n<div class=\"wp-block-column is-layout-flow wp-block-column-is-layout-flow\">\n<h3 class=\"wp-block-heading\">Omadused :<\/h3>\n\n\n\n<ul class=\"wp-block-list\">\n<li>Vastab ATEX-standardile ;<\/li>\n\n\n\n<li>Vaikne t\u00f6\u00f6 ;<\/li>\n\n\n\n<li>Valikuline: retsirkulatsioon (v\u00e4hendab k\u00fcttekulusid).<\/li>\n<\/ul>\n<\/div>\n<\/div>\n\n\n\n<div class=\"wp-block-columns is-layout-flex wp-container-core-columns-is-layout-28f84493 wp-block-columns-is-layout-flex\">\n<div class=\"wp-block-column is-layout-flow wp-block-column-is-layout-flow\">\n<figure class=\"wp-block-image size-full is-resized\"><img decoding=\"async\" width=\"600\" height=\"600\" src=\"https:\/\/obera.fr\/wp-content\/uploads\/2022\/11\/norme-atex.jpg\" alt=\"atex standard\" class=\"wp-image-15992\" style=\"width:300px;height:300px\" srcset=\"https:\/\/obera.fr\/wp-content\/uploads\/2022\/11\/norme-atex.jpg 600w, https:\/\/obera.fr\/wp-content\/uploads\/2022\/11\/norme-atex-300x300.jpg 300w, https:\/\/obera.fr\/wp-content\/uploads\/2022\/11\/norme-atex-150x150.jpg 150w\" sizes=\"(max-width: 600px) 100vw, 600px\" \/><\/figure>\n<\/div>\n\n\n\n<div class=\"wp-block-column is-layout-flow wp-block-column-is-layout-flow\">\n<figure class=\"wp-block-image size-full is-resized\"><img decoding=\"async\" width=\"600\" height=\"600\" src=\"https:\/\/obera.fr\/wp-content\/uploads\/2022\/11\/dustomat-hydro-2.jpg\" alt=\"dustomat hydro 2\" class=\"wp-image-15995\" style=\"width:300px;height:300px\" srcset=\"https:\/\/obera.fr\/wp-content\/uploads\/2022\/11\/dustomat-hydro-2.jpg 600w, https:\/\/obera.fr\/wp-content\/uploads\/2022\/11\/dustomat-hydro-2-300x300.jpg 300w, https:\/\/obera.fr\/wp-content\/uploads\/2022\/11\/dustomat-hydro-2-150x150.jpg 150w\" sizes=\"(max-width: 600px) 100vw, 600px\" \/><\/figure>\n<\/div>\n\n\n\n<div class=\"wp-block-column is-layout-flow wp-block-column-is-layout-flow\">\n<figure class=\"wp-block-image size-full is-resized\"><img decoding=\"async\" width=\"600\" height=\"600\" src=\"https:\/\/obera.fr\/wp-content\/uploads\/2022\/11\/vanne-de-vidange.jpg\" alt=\"t\u00fchjendusklapp\" class=\"wp-image-15998\" style=\"width:300px;height:300px\" srcset=\"https:\/\/obera.fr\/wp-content\/uploads\/2022\/11\/vanne-de-vidange.jpg 600w, https:\/\/obera.fr\/wp-content\/uploads\/2022\/11\/vanne-de-vidange-300x300.jpg 300w, https:\/\/obera.fr\/wp-content\/uploads\/2022\/11\/vanne-de-vidange-150x150.jpg 150w\" sizes=\"(max-width: 600px) 100vw, 600px\" \/><\/figure>\n<\/div>\n<\/div>\n\n\n\n<div class=\"wp-block-buttons is-content-justification-center is-layout-flex wp-container-core-buttons-is-layout-a89b3969 wp-block-buttons-is-layout-flex\">\n<div class=\"wp-block-button\"><a class=\"wp-block-button__link wp-element-button\" href=\"https:\/\/obera.fr\/et\/contact\/\">DUSTOMAT HYDRO testimine<\/a><\/div>\n<\/div>\n","protected":false},"excerpt":{"rendered":"<p>Avastage meie DUSTOMAT HYDRO m\u00e4rgpuhastite valik, mis \u00fchendab endas j\u00f5udluse ja t\u00f5hususe v\u00e4ga tuleohtlike ainete eemaldamiseks. DUSTOMAT HYDRO t\u00f6\u00f6stuslik tolmukoguja : kuidas see t\u00f6\u00f6tab ja kuidas seda kasutada ? DUSTOMAT HYDRO-seeria peamine tugevus on selle uuenduslik mitmeastmeline eraldustehnoloogia tolmu ja s\u00e4demete p\u00fc\u00fcdmiseks. Saastunud \u00f5hku t\u00f5mbab sisse tolmukogumisseadmesse ehitatud ventilaator. \u00d5hu kiirust v\u00e4hendatakse, mis v\u00f5imaldab rasketel osakestel langeda taaskasutuspaaki: see on esimene etapp osakeste eelsepareerimisel. Seej\u00e4rel l\u00e4bib \u00f5hk h\u00fcdrots\u00fckloni, mis kasutab tsentrifugaalj\u00f5udu, et eraldada peened osakesed veest. Need osakesed j\u00e4\u00e4vad vees kinni ja s\u00e4demed jahutatakse, et muuta need kahjutuks. Viimane filtreerimisetapp p\u00fc\u00fcab viimasedki peenosakesed kinni, j\u00e4ttes \u00f5hu puhtaks. Selline filtreerimistehnoloogia tagab &#8230; <\/p>\n<p class=\"read-more-container\"><a title=\"DUSTOMAT HYDRO : fikseeritud m\u00e4rg tolmukogumisseadmed\" class=\"read-more button\" href=\"https:\/\/obera.fr\/et\/produits\/depoussiereurs-industriels\/fixes\/depoussiereur-a-voie-humide-dustomat-hydro\/#more-50973\" aria-label=\"Read more about DUSTOMAT HYDRO : fikseeritud m\u00e4rg tolmukogumisseadmed\">Lire la suite<\/a><\/p>\n","protected":false},"author":4,"featured_media":83738,"parent":52143,"menu_order":0,"comment_status":"closed","ping_status":"closed","template":"","meta":{"_acf_changed":false,"_seopress_robots_primary_cat":"","_seopress_titles_title":"DUSTOMAT HYDRO m\u00e4rg pesur oberA poolt","_seopress_titles_desc":"Avastage meie DUSTOMAT HYDRO m\u00e4rgpuhastite valik, mis \u00fchendab endas j\u00f5udluse ja t\u00f5hususe v\u00e4ga tuleohtlike ainete eemaldamiseks.","_seopress_robots_index":"","footnotes":""},"class_list":{"0":"post-50973","1":"page","2":"type-page","3":"status-publish","4":"has-post-thumbnail","6":"no-featured-image-padding","7":"resize-featured-image"},"acf":[],"_links":{"self":[{"href":"https:\/\/obera.fr\/et\/wp-json\/wp\/v2\/pages\/50973","targetHints":{"allow":["GET"]}}],"collection":[{"href":"https:\/\/obera.fr\/et\/wp-json\/wp\/v2\/pages"}],"about":[{"href":"https:\/\/obera.fr\/et\/wp-json\/wp\/v2\/types\/page"}],"author":[{"embeddable":true,"href":"https:\/\/obera.fr\/et\/wp-json\/wp\/v2\/users\/4"}],"replies":[{"embeddable":true,"href":"https:\/\/obera.fr\/et\/wp-json\/wp\/v2\/comments?post=50973"}],"version-history":[{"count":13,"href":"https:\/\/obera.fr\/et\/wp-json\/wp\/v2\/pages\/50973\/revisions"}],"predecessor-version":[{"id":91996,"href":"https:\/\/obera.fr\/et\/wp-json\/wp\/v2\/pages\/50973\/revisions\/91996"}],"up":[{"embeddable":true,"href":"https:\/\/obera.fr\/et\/wp-json\/wp\/v2\/pages\/52143"}],"wp:featuredmedia":[{"embeddable":true,"href":"https:\/\/obera.fr\/et\/wp-json\/wp\/v2\/media\/83738"}],"wp:attachment":[{"href":"https:\/\/obera.fr\/et\/wp-json\/wp\/v2\/media?parent=50973"}],"curies":[{"name":"wp","href":"https:\/\/api.w.org\/{rel}","templated":true}]}}