{"id":50984,"date":"2022-10-15T01:42:46","date_gmt":"2022-10-14T23:42:46","guid":{"rendered":"https:\/\/obera.fr\/relvad-ja-pealevotmisseadmed\/"},"modified":"2025-04-22T09:38:01","modified_gmt":"2025-04-22T07:38:01","slug":"bras-dispositifs-captation","status":"publish","type":"page","link":"https:\/\/obera.fr\/et\/produits\/bras-dispositifs-captation\/","title":{"rendered":"Relvad ja pealev\u00f5tmisseadmed"},"content":{"rendered":"\n<p>Meie <strong>t\u00f6\u00f6stuslike imemis- ja kogumisseadmete<\/strong> hulka kuuluvad imemis- ja kogumisvarred, imemislauad, imemistagused ja mitmesugused \u00f5hukogumis- ja v\u00e4ljat\u00f5mbekupud. Need t\u00f6\u00f6stuslikud \u00f5hukogumiss\u00fcsteemid pakuvad t\u00f5husat ja t\u00e4pset imemist ja saasteainete kogumist otse saasteallikas. <\/p>\n\n\n<h2 class=\"wp-block-heading\">Meie t\u00f6\u00f6stuslike imemis- ja kogumisseadmete valikus on<\/h2>\n\n<div class=\"wp-block-columns is-layout-flex wp-container-core-columns-is-layout-28f84493 wp-block-columns-is-layout-flex\">\n<div class=\"wp-block-column is-layout-flow wp-block-column-is-layout-flow\">\n<h3 class=\"wp-block-heading has-text-align-center\"><br\/>Laboratooriumi k\u00e4si t\u00f6\u00f6stuslik<\/h3>\n\n\n\n<figure class=\"wp-block-image aligncenter size-medium is-resized\"><a href=\"https:\/\/obera.fr\/produits\/bras-dispositifs-captation\/bras-de-laboratoire\/\"><img decoding=\"async\" width=\"300\" height=\"300\" src=\"https:\/\/obera.fr\/wp-content\/uploads\/2022\/12\/bras-laboratoire-fumees-gar-odeur-600x600-1-300x300.png\" alt=\"suitsu ja l&#xF5;hna laboratooriumi k&#xE4;si 600x600 1\" class=\"wp-image-16559\" srcset=\"https:\/\/obera.fr\/wp-content\/uploads\/2022\/12\/bras-laboratoire-fumees-gar-odeur-600x600-1-300x300.png 300w, https:\/\/obera.fr\/wp-content\/uploads\/2022\/12\/bras-laboratoire-fumees-gar-odeur-600x600-1-150x150.png 150w, https:\/\/obera.fr\/wp-content\/uploads\/2022\/12\/bras-laboratoire-fumees-gar-odeur-600x600-1.png 600w\" sizes=\"(max-width: 300px) 100vw, 300px\" \/><\/a><figcaption class=\"wp-element-caption\">Laboratoorsed relvad<\/figcaption><\/figure>\n\n\n\n<p>Meie <a href=\"https:\/\/obera.fr\/et\/produits\/bras-dispositifs-captation\/bras-de-laboratoire\/\" data-type=\"page\" data-id=\"497\">laborivarred<\/a> on ideaalne lahendus aurude ja aurude v\u00e4ljat\u00f5mbamiseks ja p\u00fc\u00fcdmiseks fikseeritud t\u00f6\u00f6kohal (t\u00f6\u00f6laud, labor). Neid on lihtne k\u00e4sitseda ja neid saab paigutada saasteallikale v\u00f5imalikult l\u00e4hedale. Meie laboratooriumivarred on saadaval koos mitmete tarvikutega, sealhulgas seinakinnitus ja \u00fcmmargune v\u00f5i ristk\u00fclikukujuline kate.  <\/p>\n\n\n\n<p>Meie laboratoorsed relvad on saadaval :<\/p>\n\n\n\n<ul class=\"wp-block-list\">\n<li>Alumiinium, enamiku rakenduste jaoks.<\/li>\n\n\n\n<li>Antistaatiline (ATEX), tundlikele ja plahvatusohtlikele keskkondadele.<\/li>\n\n\n\n<li>Korrosioonivastane, s\u00f6\u00f6vitavates keskkondades.<\/li>\n<\/ul>\n\n\n\n<p>T\u00f6\u00f6stuslikke imemis- ja kogumisvarsi saab kohandada ka <a href=\"https:\/\/obera.fr\/et\/produits\/atex\/\">ATEX-normidele<\/a> (lisavarustusena) kasutamiseks plahvatusohtlikes keskkondades v\u00f5i plahvatusohtlike segude imemiseks.<\/p>\n<\/div>\n\n\n\n<div class=\"wp-block-column is-layout-flow wp-block-column-is-layout-flow\">\n<h3 class=\"wp-block-heading has-text-align-center\"><br\/>Ovaalne ja ristk\u00fclikukujuline v\u00e4ljat\u00f5mbekate<\/h3>\n\n\n\n<figure class=\"wp-block-image aligncenter size-medium is-resized\"><a href=\"https:\/\/obera.fr\/produits\/bras-dispositifs-captation\/bras-hotte-ovale-rectangulaire\/\"><img decoding=\"async\" width=\"300\" height=\"300\" src=\"https:\/\/obera.fr\/wp-content\/uploads\/2022\/12\/bras-laboratoire-industriel-fumees-poussieres-600x600-2-300x300.png\" alt=\"t&#xF6;&#xF6;stuslik suitsu ja tolmu laboratooriumi k&#xE4;si 600x600 2\" class=\"wp-image-16562\" srcset=\"https:\/\/obera.fr\/wp-content\/uploads\/2022\/12\/bras-laboratoire-industriel-fumees-poussieres-600x600-2-300x300.png 300w, https:\/\/obera.fr\/wp-content\/uploads\/2022\/12\/bras-laboratoire-industriel-fumees-poussieres-600x600-2-150x150.png 150w, https:\/\/obera.fr\/wp-content\/uploads\/2022\/12\/bras-laboratoire-industriel-fumees-poussieres-600x600-2.png 600w\" sizes=\"(max-width: 300px) 100vw, 300px\" \/><\/a><figcaption class=\"wp-element-caption\">T\u00f5mbevars<\/figcaption><\/figure>\n\n\n\n<p>Meie <strong>t\u00f6\u00f6stuslikud imemis- ja kogumisvarred<\/strong>, mis on saadaval <a href=\"https:\/\/obera.fr\/et\/produits\/bras-dispositifs-captation\/bras-hotte-ovale-rectangulaire\/\" data-type=\"URL\" data-id=\"https:\/\/obera.fr\/produits\/bras-dispositifs-captation\/bras-hotte-ovale-rectangulaire\/\">ovaalse v\u00f5i ristk\u00fclikukujulise kapuutsiga<\/a>. Need t\u00f6\u00f6stuslikud imemis- ja kogumisvarred on ideaalsed tolmu ja laastude, keevitusauru, aurude, gaaside, l\u00f5hnade ja \u00f5liniiskude kogumiseks. <\/p>\n\n\n\n<p>Need \u00fchendatakse h\u00f5lpsasti kogumisv\u00f5rku, <a href=\"https:\/\/obera.fr\/et\/produits\/depoussiereurs-industriels\/mobiles\/aspiration-poussiere-dustomat-10\/\">mobiilsesse tolmukogumisseadmesse<\/a>, <a href=\"https:\/\/obera.fr\/et\/produits\/depoussiereurs-industriels\/\">t\u00f6\u00f6stuslikku tolmukogumisseadmesse<\/a> v\u00f5i tsentraalsesse v\u00e4ljat\u00f5mbes\u00fcsteemi.<\/p>\n\n\n\n<p>\u00d5hkvedrudega varustatud seadmeid on v\u00e4ga lihtne k\u00e4sitseda ja neid saab h\u00f5lpsasti paigutada saasteainete heitkogustele v\u00f5imalikult l\u00e4hedale. Optimaalse mugavuse ja t\u00f5hususe tagamiseks on t\u00f6\u00f6stuslikud imemis- ja kogumisvarred saadaval mitmesuguste pikkuste ja l\u00e4bim\u00f5\u00f5tudega. <\/p>\n\n\n\n<p>V\u00e4line pantograafi konstruktsioon ei piira voolu torus ning on \u00e4\u00e4rmiselt vastupidav ja h\u00f5lpsasti k\u00e4sitsetav. Kogumis- ja imemisvarre t\u00f6\u00f6stuslik versioon on saadaval l\u00e4bim\u00f5\u00f5duga 50 kuni 200, t\u00f6\u00f6raadiusega 1,50 kuni 8 meetrit. <\/p>\n\n\n\n<div style=\"height:45px\" aria-hidden=\"true\" class=\"wp-block-spacer\"><\/div>\n<\/div>\n<\/div>\n\n<div class=\"wp-block-columns is-layout-flex wp-container-core-columns-is-layout-28f84493 wp-block-columns-is-layout-flex\">\n<div class=\"wp-block-column is-layout-flow wp-block-column-is-layout-flow\">\n<h3 class=\"wp-block-heading has-text-align-center\">T\u00f6\u00f6stuslikud imbuss\u00fcsteemiga pritsmed<\/h3>\n\n\n\n<figure class=\"wp-block-image aligncenter size-medium is-resized\"><a href=\"https:\/\/obera.fr\/produits\/bras-dispositifs-captation\/dosserets-aspirants\/\"><img decoding=\"async\" width=\"300\" height=\"300\" src=\"https:\/\/obera.fr\/wp-content\/uploads\/2022\/12\/dosserets-apirants-600x600-1-300x300.png\" alt=\"hingavad pritsmed 600x600 1\" class=\"wp-image-16565\" style=\"object-fit:cover;width:150px;height:150px\" srcset=\"https:\/\/obera.fr\/wp-content\/uploads\/2022\/12\/dosserets-apirants-600x600-1-300x300.png 300w, https:\/\/obera.fr\/wp-content\/uploads\/2022\/12\/dosserets-apirants-600x600-1-150x150.png 150w, https:\/\/obera.fr\/wp-content\/uploads\/2022\/12\/dosserets-apirants-600x600-1.png 600w\" sizes=\"(max-width: 300px) 100vw, 300px\" \/><\/a><figcaption class=\"wp-element-caption\">Backsplashes  <\/figcaption><\/figure>\n\n\n\n<p>Meie <a href=\"https:\/\/obera.fr\/et\/produits\/bras-dispositifs-captation\/dosserets-aspirants\/\" data-type=\"URL\" data-id=\"https:\/\/obera.fr\/produits\/bras-dispositifs-captation\/dosserets-aspirants\/\">t\u00f6\u00f6stuslike imbamispindade<\/a> valik,<strong> <\/strong>Need tagak\u00fcljed on v\u00e4ga t\u00f5husad aurude, gaaside, tolmu ja aurude t\u00f6\u00f6tlemiseks. <\/p>\n\n\n\n<p>Sellele paigaldusele saab lisada ka kaks k\u00fclgmist ekraani ning horisontaalse visiiri, et piirata operaatori t\u00f6\u00f6ala ning muuta imemine ja p\u00fc\u00fcdmine t\u00f5husamaks.<\/p>\n\n\n\n<p>Eesm\u00e4rk on, et <strong>\u00f5hk t\u00f5mmataks operaatori taha ja ette<\/strong>, nii et tema hingamisteed ei puutuks kokku tolmu v\u00f5i saasteainega, mida me p\u00fc\u00fcame kinni p\u00fc\u00fcda.<\/p>\n\n\n\n<p>Meie imemisseadmed \u00fchendatakse tavaliselt olemasoleva v\u00e4ljat\u00f5mbes\u00fcsteemiga, statsionaarse v\u00f5i teisaldatava t\u00f6\u00f6stusliku tolmukogujaga, t\u00f6\u00f6stusliku v\u00e4ljat\u00f5mbeventilaatoriga v\u00f5i t\u00f6\u00f6stusliku tolmuimejaga. T\u00f6\u00f6stuslike imipritsmete puhastamine on kiire ja lihtne. Need on saadaval v\u00e4rvitud terasest v\u00f5i erinevatest t\u00f6\u00f6stuslikest v\u00f5i toiduainetele sobivatest roostevabast terasest.  <\/p>\n\n\n\n<div style=\"height:69px\" aria-hidden=\"true\" class=\"wp-block-spacer\"><\/div>\n<\/div>\n\n\n\n<div class=\"wp-block-column is-layout-flow wp-block-column-is-layout-flow\">\n<h3 class=\"wp-block-heading has-text-align-center\">T\u00f6\u00f6stuslikud vaakumlauad<\/h3>\n\n\n\n<figure class=\"wp-block-image aligncenter size-medium is-resized\"><a href=\"https:\/\/obera.fr\/produits\/tables-aspirantes\/table-aspirante-a-at\/\"><img decoding=\"async\" width=\"300\" height=\"300\" src=\"https:\/\/obera.fr\/wp-content\/uploads\/2022\/12\/tables-aspirantes-aat-300x300.jpg\" alt=\"a&amp;amp;at imemislauad\" class=\"wp-image-16617\" style=\"object-fit:cover;width:150px;height:150px\" srcset=\"https:\/\/obera.fr\/wp-content\/uploads\/2022\/12\/tables-aspirantes-aat-300x300.jpg 300w, https:\/\/obera.fr\/wp-content\/uploads\/2022\/12\/tables-aspirantes-aat-150x150.jpg 150w, https:\/\/obera.fr\/wp-content\/uploads\/2022\/12\/tables-aspirantes-aat.jpg 600w\" sizes=\"(max-width: 300px) 100vw, 300px\" \/><\/a><figcaption class=\"wp-element-caption\">Imemislauad<\/figcaption><\/figure>\n\n\n\n<p>Meie <a href=\"https:\/\/obera.fr\/et\/produits\/tables-aspirantes\/\" data-type=\"URL\" data-id=\"https:\/\/obera.fr\/produits\/bras-dispositifs-captation\/tables-aspirantes\/\">t\u00f6\u00f6stuslike vaakumlaudade<\/a> valik on spetsiaalselt loodud liivatustolmu, lihvimistolmu, keevitusauru, samuti liimimis- v\u00f5i lakkimist\u00f6\u00f6del tekkivate aurude, lahustite ja lenduvate orgaaniliste \u00fchendite t\u00f5husaks v\u00e4ljat\u00f5mbamiseks. See on ideaalne lahendus operaatorile ohutu ja tervisliku t\u00f6\u00f6koha tagamiseks.   <\/p>\n\n\n\n<p>Meie <strong>t\u00f6\u00f6stuslikud tolmuimeja lauad<\/strong> saab \u00fchendada ventilaatori, tolmukoguja v\u00f5i mobiilse tolmuimejaga v\u00f5i tsentraalse t\u00f6\u00f6stusliku tolmuimejaga. Meie t\u00f6\u00f6stuslikud tolmuimeja lauad on v\u00f5imalik valida koos imava seljatoega ja sisset\u00f5mmatavate k\u00fclgpaneelidega. Nende tugev t\u00f6\u00f6stuslik konstruktsioon muudab need v\u00e4ga vastupidavaks ja t\u00e4hendab, et neid saab varustada ka t\u00f6\u00f6stusliku vaagna v\u00f5i p\u00f6\u00f6rdlauaga. Lauaplaadiks saab valida t\u00f6\u00f6stuslike restide, puitliistude v\u00f5i s\u00fcnteetiliste kiudude vahel. Lauad on varustatud sahtliga j\u00e4meda t\u00f6\u00f6stustolmu kogumiseks, et v\u00e4ltida selle imemist vaakums\u00fcsteemi poolt.    <\/p>\n\n\n\n<div style=\"height:45px\" aria-hidden=\"true\" class=\"wp-block-spacer\"><\/div>\n<\/div>\n<\/div>\n\n<div class=\"wp-block-columns is-layout-flex wp-container-core-columns-is-layout-28f84493 wp-block-columns-is-layout-flex\">\n<div class=\"wp-block-column is-layout-flow wp-block-column-is-layout-flow\">\n<h3 class=\"wp-block-heading has-text-align-center\">T\u00f6\u00f6stuslikud ristk\u00fclikukujulised v\u00e4ljat\u00f5mbekapid<\/h3>\n\n\n\n<figure class=\"wp-block-image aligncenter size-full is-resized\"><a href=\"https:\/\/obera.fr\/produits\/bras-dispositifs-captation\/hotte-rectangulaire\/\"><img decoding=\"async\" width=\"1280\" height=\"1280\" src=\"https:\/\/obera.fr\/wp-content\/uploads\/2024\/06\/hotte-de-captation-rectangulaire-industrielle-600x600-1.png\" alt=\"t&#xF6;&#xF6;stuslik ristk&#xFC;likukujuline v&#xE4;ljat&#xF5;mbekapuut 600x600 1\" class=\"wp-image-31483\" style=\"object-fit:cover;width:182px;height:auto\" srcset=\"https:\/\/obera.fr\/wp-content\/uploads\/2024\/06\/hotte-de-captation-rectangulaire-industrielle-600x600-1.png 1280w, https:\/\/obera.fr\/wp-content\/uploads\/2024\/06\/hotte-de-captation-rectangulaire-industrielle-600x600-1-300x300.png 300w, https:\/\/obera.fr\/wp-content\/uploads\/2024\/06\/hotte-de-captation-rectangulaire-industrielle-600x600-1-1024x1024.png 1024w, https:\/\/obera.fr\/wp-content\/uploads\/2024\/06\/hotte-de-captation-rectangulaire-industrielle-600x600-1-150x150.png 150w, https:\/\/obera.fr\/wp-content\/uploads\/2024\/06\/hotte-de-captation-rectangulaire-industrielle-600x600-1-768x768.png 768w\" sizes=\"(max-width: 1280px) 100vw, 1280px\" \/><\/a><figcaption class=\"wp-element-caption\">Ristk\u00fclikukujuline v\u00e4ljat\u00f5mbekapuute  <\/figcaption><\/figure>\n\n\n\n<p>Meie <a href=\"https:\/\/obera.fr\/et\/produits\/bras-dispositifs-captation\/hotte-rectangulaire\/\" data-type=\"URL\" data-id=\"https:\/\/obera.fr\/produits\/bras-dispositifs-captation\/hotte-rectangulaire\/\">t\u00f6\u00f6stuslike ristk\u00fclikukujulisi k\u00fcbaraid<\/a> kasutatakse ideaalselt aurude, tolmu ja muude gaasiliste saasteainete p\u00fc\u00fcdmiseks otse nende tekkekohas.  <\/p>\n\n\n\n<p>Need <strong>t\u00f6\u00f6stuslikud kapuutsid<\/strong> on saadaval kahes suuruses (500&#215;500 ja 600&#215;600).  <\/p>\n\n\n\n<p>Need sobivad ideaalselt meie t\u00f6\u00f6stuslike imemis- ja kogumisvarrega v\u00f5i neid saab paigaldada iseseisvalt t\u00f6\u00f6kohale.<\/p>\n<\/div>\n\n\n\n<div class=\"wp-block-column is-layout-flow wp-block-column-is-layout-flow\">\n<h3 class=\"wp-block-heading has-text-align-center\"><br\/>Modulaarsed suitsut\u00f5mbekapid t\u00f6\u00f6stuslikud<\/h3>\n\n\n\n<figure class=\"wp-block-image aligncenter size-full is-resized\"><a href=\"https:\/\/obera.fr\/de\/produits\/bras-dispositifs-captation\/hotte-modulaire\/\"><img decoding=\"async\" width=\"1200\" height=\"1200\" src=\"https:\/\/obera.fr\/wp-content\/uploads\/2024\/12\/1.jpg\" alt=\"Modulaarne kapuuts\" class=\"wp-image-56959\" style=\"object-fit:cover;width:150px;height:150px\" srcset=\"https:\/\/obera.fr\/wp-content\/uploads\/2024\/12\/1.jpg 1200w, https:\/\/obera.fr\/wp-content\/uploads\/2024\/12\/1-300x300.jpg 300w, https:\/\/obera.fr\/wp-content\/uploads\/2024\/12\/1-1024x1024.jpg 1024w, https:\/\/obera.fr\/wp-content\/uploads\/2024\/12\/1-150x150.jpg 150w, https:\/\/obera.fr\/wp-content\/uploads\/2024\/12\/1-768x768.jpg 768w, https:\/\/obera.fr\/wp-content\/uploads\/2024\/12\/1-400x400.jpg 400w, https:\/\/obera.fr\/wp-content\/uploads\/2024\/12\/1-600x600.jpg 600w\" sizes=\"(max-width: 1200px) 100vw, 1200px\" \/><\/a><figcaption class=\"wp-element-caption\">Modulaarne kapuutsi kapuuts<\/figcaption><\/figure>\n\n\n\n<p>Meie modulaarsete t\u00f6\u00f6stuslike <a href=\"https:\/\/obera.fr\/et\/produits\/bras-dispositifs-captation\/hotte-modulaire\/\" data-type=\"URL\" data-id=\"https:\/\/obera.fr\/produits\/bras-dispositifs-captation\/hotte-modulaire\/\">v\u00e4ljat\u00f5mbekappide<\/a> valik on mitmesugustes suurustes (alates 950 mm x 950 mm kuni 3 950 mm x 1 950 mm) ja sissevoolu kiirusega alates 1 000 m3\/h kuni 20 000 m3\/h. Selline suur valik olemasolevaid suurusi v\u00f5imaldab h\u00f5lpsasti piirata, \u00fcmbritseda v\u00f5i katta masinat, t\u00f6\u00f6kohta v\u00f5i t\u00f6\u00f6stuslikku keevitusrobotit.   <\/p>\n\n\n\n<p>Neid <strong>modulaarseid t\u00f6\u00f6stuslike suitsul\u00f5\u00f5rideid<\/strong> saab kohandada enamikule konfiguratsioonidele, et tagada optimaalne suitsu ja tolmu v\u00e4ljat\u00f5mbamine ja p\u00fc\u00fcdmine. Meie v\u00e4ljat\u00f5mbekapid on ideaalne lahendus igat liiki gaasiliste saasteainete, tolmu ja t\u00f6\u00f6stuslike suitsude p\u00fc\u00fcdmiseks ja v\u00e4ljat\u00f5mbamiseks. Neid saab h\u00f5lpsasti paigutada saasteainete heitkogustele v\u00f5imalikult l\u00e4hedale. Samuti saab neid varustada tugijalgade ja mudaklappidega (lisavarustus), et v\u00e4hendada avatud pindu ja sundida imemiskiirust soovitud piirkondadesse.     <\/p>\n\n\n\n<p>Metallurgiasektori jaoks saab meie moodulkapuut paigaldada h\u00f5\u00f5guvate osakeste eelseparaatoriga.<\/p>\n\n\n\n<div style=\"height:45px\" aria-hidden=\"true\" class=\"wp-block-spacer\"><\/div>\n<\/div>\n<\/div>\n\n<div class=\"wp-block-columns is-layout-flex wp-container-core-columns-is-layout-28f84493 wp-block-columns-is-layout-flex\">\n<div class=\"wp-block-column is-layout-flow wp-block-column-is-layout-flow\">\n<h3 class=\"wp-block-heading has-text-align-center\"><br\/>T\u00d6\u00d6STUSLIKUD IMEMISSEADMED JA KOGUMISMAHUTID<\/h3>\n\n\n\n<figure class=\"wp-block-image aligncenter size-medium is-resized\"><a href=\"https:\/\/obera.fr\/produits\/bras-dispositifs-captation\/capot-industriel\/\"><img decoding=\"async\" width=\"300\" height=\"300\" src=\"https:\/\/obera.fr\/wp-content\/uploads\/2022\/12\/capot-daspiration-et-de-captation-600x600-1-300x300.png\" alt=\"imemis- ja kogumiskapsel 600x600 1\" class=\"wp-image-16550\" style=\"width:150px\" srcset=\"https:\/\/obera.fr\/wp-content\/uploads\/2022\/12\/capot-daspiration-et-de-captation-600x600-1-300x300.png 300w, https:\/\/obera.fr\/wp-content\/uploads\/2022\/12\/capot-daspiration-et-de-captation-600x600-1-150x150.png 150w, https:\/\/obera.fr\/wp-content\/uploads\/2022\/12\/capot-daspiration-et-de-captation-600x600-1.png 600w\" sizes=\"(max-width: 300px) 100vw, 300px\" \/><\/a><figcaption class=\"wp-element-caption\">Imemis- ja kogumiskapsel<\/figcaption><\/figure>\n\n\n\n<p>Meie <a href=\"https:\/\/obera.fr\/et\/produits\/bras-dispositifs-captation\/capot-industriel\/\" data-type=\"URL\" data-id=\"https:\/\/obera.fr\/produits\/bras-dispositifs-captation\/capot-industriel\/\">t\u00f6\u00f6stuslike imemis- ja kogumisotsikute<\/a> valik on ideaalne lahendus t\u00f6\u00f6jaamade v\u00f5i t\u00f6\u00f6stuslike masinate varustamiseks t\u00f5husa ja t\u00e4pse imemisega.<\/p>\n\n\n\n<p>Meie <strong>t\u00f6\u00f6stuslikud imemis- ja kogumiskonksud<\/strong> on saadaval mitmes suuruses ja kujuga, mis sobivad ideaalselt teie probleemidele seoses suitsu, tolmu, laastude ja muude gaasiliste saasteainetega.<\/p>\n\n\n\n<p>Meie t\u00f6\u00f6stuslike p\u00fc\u00fcder\u00f5ngaste valikut saab kohandada erinevatele p\u00fc\u00fcdekonfiguratsioonidele.<\/p>\n<\/div>\n\n\n\n<div class=\"wp-block-column is-layout-flow wp-block-column-is-layout-flow\">\n<h3 class=\"wp-block-heading has-text-align-center\"><br\/>r\u00f5ngaste p\u00fc\u00fcdmise r\u00f5ngad<\/h3>\n\n\n\n<p><\/p>\n\n\n\n<figure class=\"wp-block-image aligncenter size-medium is-resized\"><a href=\"https:\/\/obera.fr\/produits\/bras-dispositifs-captation\/anneaux-de-pouyes\/\"><img decoding=\"async\" width=\"300\" height=\"300\" src=\"https:\/\/obera.fr\/wp-content\/uploads\/2022\/12\/anneaux-de-pouyes-600x600-1-300x300.png\" alt=\"punkrir&#xF5;ngad 600x600 1\" class=\"wp-image-16553\" style=\"width:124px;height:auto\" srcset=\"https:\/\/obera.fr\/wp-content\/uploads\/2022\/12\/anneaux-de-pouyes-600x600-1-300x300.png 300w, https:\/\/obera.fr\/wp-content\/uploads\/2022\/12\/anneaux-de-pouyes-600x600-1-150x150.png 150w, https:\/\/obera.fr\/wp-content\/uploads\/2022\/12\/anneaux-de-pouyes-600x600-1.png 600w\" sizes=\"(max-width: 300px) 100vw, 300px\" \/><\/a><figcaption class=\"wp-element-caption\">R\u00f5ngakujuline kinnip\u00fc\u00fcdmine rihmar\u00f5ngad<\/figcaption><\/figure>\n\n\n\n<p><a href=\"https:\/\/obera.fr\/et\/produits\/bras-dispositifs-captation\/anneaux-de-pouyes\/\" data-type=\"page\" data-id=\"14477\">OberA punkrir\u00f5ngad<\/a> on m\u00f5eldud saasteainete p\u00fc\u00fcdmiseks, mis on seotud pulbrite v\u00f5i peentolmu laadimise ja mahalaadimisega otse tekkekohas. Nende konstruktsiooni t\u00f5ttu on neid lihtne puhastada. <\/p>\n<\/div>\n<\/div>\n\n<p><\/p>\n\n<h2 class=\"wp-block-heading\">Millised t\u00f6\u00f6stussektorid kasutavad meie seadmeid?<\/h2>\n\n<p>Meie t\u00f6\u00f6stuslikke imemis- ja kogumisseadmeid saab kasutada <strong>paljudes t\u00f6\u00f6stusharudes<\/strong>, sealhulgas :<\/p>\n\n<div class=\"wp-block-columns is-layout-flex wp-container-core-columns-is-layout-28f84493 wp-block-columns-is-layout-flex\">\n<div class=\"wp-block-column is-layout-flow wp-block-column-is-layout-flow\">\n<ul class=\"wp-block-list\">\n<li>Keemiat\u00f6\u00f6stus<\/li>\n\n\n\n<li>Toiduainet\u00f6\u00f6stus<\/li>\n\n\n\n<li>Farmaatsiat\u00f6\u00f6stus<\/li>\n<\/ul>\n<\/div>\n\n\n\n<div class=\"wp-block-column is-layout-flow wp-block-column-is-layout-flow\">\n<ul class=\"wp-block-list\">\n<li>Metallit\u00f6\u00f6stus<\/li>\n\n\n\n<li>Plastit\u00f6\u00f6stus<\/li>\n\n\n\n<li>Puidut\u00f6\u00f6stus<\/li>\n<\/ul>\n<\/div>\n\n\n\n<div class=\"wp-block-column is-layout-flow wp-block-column-is-layout-flow\">\n<ul class=\"wp-block-list\">\n<li>Elektroonikat\u00f6\u00f6stus<\/li>\n\n\n\n<li>jne&#8230;<\/li>\n<\/ul>\n<\/div>\n<\/div>\n\n<p><\/p>\n\n<h2 class=\"wp-block-heading\">Miks valida pigem v\u00e4ljat\u00f5mbe- ja p\u00fc\u00fcdmiss\u00fcsteem allikas kui puhastamine v\u00f5i \u00f5hupuhastus ruumis?<\/h2>\n\n<p><br\/>V\u00f5imaluse korral on eelistatav kasutada v\u00e4ljav\u00f5tteid ja p\u00fc\u00fcdmist tekkekohas. See takistab saasteainete levikut kogu t\u00f6\u00f6ruumis, kaitstes seel\u00e4bi t\u00f6\u00f6tajaid nii palju kui v\u00f5imalik. Kui saasteainete v\u00f5i tolmu kogumine tekkekohas ei ole v\u00f5imalik v\u00f5i kui tolmuallikate paljususe t\u00f5ttu ei ole tolmu kogumine tekkekohas v\u00f5imalik, on soovitatav valida v\u00e4lis\u00f5hu puhastamise lahendus.    <\/p>\n\n<p>Lisaks sellele t\u00e4iendab v\u00e4lis\u00f5hu t\u00f6\u00f6tlemine m\u00f5nel juhul t\u00f5husalt olemasolevaid saasteallikate p\u00fc\u00fcdmise ja v\u00e4ljat\u00f5mbamise s\u00fcsteeme, et v\u00e4hendada oluliselt saasteainete kontsentratsiooni t\u00f6\u00f6kohal, eriti tolmu v\u00f5i gaasiliste saasteainete puhul, mis on klassifitseeritud CMR-ks.<\/p>\n\n<h2 class=\"wp-block-heading\">Kuidas valida \u00f5ige t\u00f6\u00f6stuslik imemis- ja kogumiss\u00fcsteem?<\/h2>\n\n<p>Oluline on <strong>hoolikalt valida oma t\u00f6\u00f6stuslik v\u00e4ljat\u00f5mbamise ja p\u00fc\u00fcdmise s\u00fcsteem<\/strong>, sest see v\u00f5ib viia \u00f5hupuhastuse t\u00f5hususe v\u00e4henemiseni. Kui teete ise uuringuid, uurige kindlasti erinevaid aspekte: <\/p>\n\n<ul class=\"wp-block-list\">\n<li>Tolmu ja saasteainete t\u00f5husaks p\u00fc\u00fcdmiseks vajalik kiirus,<\/li>\n\n\n\n<li>Saasteainete allika ja valitud p\u00fc\u00fcdeseadme vaheline kaugus,<\/li>\n\n\n\n<li><a href=\"https:\/\/obera.fr\/et\/conseils\/comment-calculer-debit-air-systeme-aspiration\/\">Vajalik imivool<\/a>,<\/li>\n\n\n\n<li>Kogumisseadme peakadu,<\/li>\n\n\n\n<li>Teie tolmukogumisseadmest v\u00f5i olemasolevast v\u00e4ljat\u00f5mbes\u00fcsteemist saadav r\u00f5hk ja \u00f5huvool.<\/li>\n<\/ul>\n\n<p>P\u00f6\u00f6rduge meie ekspertide poole, nad saavad aidata teil oma probleeme lahendada ja pakkuda teile \u00f5iget toodet.<\/p>\n\n<div class=\"wp-block-buttons is-horizontal is-content-justification-center is-layout-flex wp-container-core-buttons-is-layout-03627597 wp-block-buttons-is-layout-flex\">\n<div class=\"wp-block-button has-custom-width wp-block-button__width-100\"><a class=\"wp-block-button__link wp-element-button\" href=\"https:\/\/obera.fr\/et\/votke-meiega-uhendust\/\">Lisateavet<\/a><\/div>\n<\/div>\n","protected":false},"excerpt":{"rendered":"<p>Meie t\u00f6\u00f6stuslike imemis- ja kogumisseadmete hulka kuuluvad imemis- ja kogumisvarred, imemislauad, imemistagused ja mitmesugused \u00f5hukogumis- ja v\u00e4ljat\u00f5mbekupud. Need t\u00f6\u00f6stuslikud \u00f5hukogumiss\u00fcsteemid pakuvad t\u00f5husat ja t\u00e4pset imemist ja saasteainete kogumist otse saasteallikas. Meie t\u00f6\u00f6stuslike imemis- ja kogumisseadmete valikus on Laboratooriumi k\u00e4si t\u00f6\u00f6stuslik Meie laborivarred on ideaalne lahendus aurude ja aurude v\u00e4ljat\u00f5mbamiseks ja p\u00fc\u00fcdmiseks fikseeritud t\u00f6\u00f6kohal (t\u00f6\u00f6laud, labor). Neid on lihtne k\u00e4sitseda ja neid saab paigutada saasteallikale v\u00f5imalikult l\u00e4hedale. Meie laboratooriumivarred on saadaval koos mitmete tarvikutega, sealhulgas seinakinnitus ja \u00fcmmargune v\u00f5i ristk\u00fclikukujuline kate. Meie laboratoorsed relvad on saadaval : T\u00f6\u00f6stuslikke imemis- ja kogumisvarsi saab kohandada ka ATEX-normidele (lisavarustusena) kasutamiseks plahvatusohtlikes keskkondades v\u00f5i plahvatusohtlike &#8230; <\/p>\n<p class=\"read-more-container\"><a title=\"Relvad ja pealev\u00f5tmisseadmed\" class=\"read-more button\" href=\"https:\/\/obera.fr\/et\/produits\/bras-dispositifs-captation\/#more-50984\" aria-label=\"Read more about Relvad ja pealev\u00f5tmisseadmed\">Lire la suite<\/a><\/p>\n","protected":false},"author":4,"featured_media":83738,"parent":51915,"menu_order":0,"comment_status":"closed","ping_status":"closed","template":"","meta":{"_acf_changed":false,"_seopress_robots_primary_cat":"","_seopress_titles_title":"Bras et dispositifs de captation: tables, dosserets, hottes aspirantes","_seopress_titles_desc":"Notre gamme est compos\u00e9e de bras d\u2019aspiration et captation, de tables aspirantes, de dosserets aspirants et d'hottes de captation et d\u2019extraction d\u2019air.","_seopress_robots_index":"","footnotes":""},"class_list":{"0":"post-50984","1":"page","2":"type-page","3":"status-publish","4":"has-post-thumbnail","6":"no-featured-image-padding","7":"resize-featured-image"},"acf":[],"_links":{"self":[{"href":"https:\/\/obera.fr\/et\/wp-json\/wp\/v2\/pages\/50984","targetHints":{"allow":["GET"]}}],"collection":[{"href":"https:\/\/obera.fr\/et\/wp-json\/wp\/v2\/pages"}],"about":[{"href":"https:\/\/obera.fr\/et\/wp-json\/wp\/v2\/types\/page"}],"author":[{"embeddable":true,"href":"https:\/\/obera.fr\/et\/wp-json\/wp\/v2\/users\/4"}],"replies":[{"embeddable":true,"href":"https:\/\/obera.fr\/et\/wp-json\/wp\/v2\/comments?post=50984"}],"version-history":[{"count":4,"href":"https:\/\/obera.fr\/et\/wp-json\/wp\/v2\/pages\/50984\/revisions"}],"predecessor-version":[{"id":70930,"href":"https:\/\/obera.fr\/et\/wp-json\/wp\/v2\/pages\/50984\/revisions\/70930"}],"up":[{"embeddable":true,"href":"https:\/\/obera.fr\/et\/wp-json\/wp\/v2\/pages\/51915"}],"wp:featuredmedia":[{"embeddable":true,"href":"https:\/\/obera.fr\/et\/wp-json\/wp\/v2\/media\/83738"}],"wp:attachment":[{"href":"https:\/\/obera.fr\/et\/wp-json\/wp\/v2\/media?parent=50984"}],"curies":[{"name":"wp","href":"https:\/\/api.w.org\/{rel}","templated":true}]}}