{"id":51432,"date":"2021-09-17T09:11:07","date_gmt":"2021-09-17T07:11:07","guid":{"rendered":"https:\/\/obera.fr\/obcare-co2-andur\/"},"modified":"2025-06-03T15:05:21","modified_gmt":"2025-06-03T13:05:21","slug":"capteur-co2-obcare","status":"publish","type":"page","link":"https:\/\/obera.fr\/et\/produits\/analyseurs-air\/capteur-co2-obcare\/","title":{"rendered":"OBCARE CO2-andur"},"content":{"rendered":"\n<h2 class=\"wp-block-heading\">\u00d5hukvaliteedi m\u00f5\u00f5tmine valgusfooridega<\/h2>\n\n\n\n<div class=\"wp-block-columns is-layout-flex wp-container-core-columns-is-layout-28f84493 wp-block-columns-is-layout-flex\">\n<div class=\"wp-block-column is-layout-flow wp-block-column-is-layout-flow\" style=\"flex-basis:33.33%\">\n<figure class=\"wp-block-image aligncenter size-full is-resized\"><img decoding=\"async\" width=\"300\" height=\"212\" src=\"https:\/\/obera.fr\/wp-content\/uploads\/2021\/11\/Capteur_CO2_OBCARE.png\" alt=\"obcare co2 sensor\" class=\"wp-image-7611\" style=\"width:300px;height:212px\"\/><figcaption class=\"wp-element-caption\">OBCARE<\/figcaption><\/figure>\n<\/div>\n\n\n\n<div class=\"wp-block-column is-vertically-aligned-center is-layout-flow wp-block-column-is-layout-flow\" style=\"flex-basis:66.66%\">\n<p><strong>OBCARE <\/strong>CO2-andur j\u00e4lgib suletud ruumide \u00f5hukvaliteeti reaalajas. Selle mitmev\u00e4rviline ekraan koos hoiatustuledega annab kohese \u00fclevaate \u00f5hukvaliteedist ja n\u00e4itab <strong>CO2 kontsentratsiooni ppm-ides<\/strong>. Need tuled annavad selgeid visuaalseid vihjeid ja hoiatavad kasutajaid, milliseid meetmeid nad peavad v\u00f5tma: <strong>puhastama \u00f5hku <\/strong>, paigaldades mobiilsed \u00f5hupuhastusseadmed ja\/v\u00f5i <strong>ventileerima loomulikul teel<\/strong>.  <\/p>\n\n\n\n<div class=\"wp-block-columns is-layout-flex wp-container-core-columns-is-layout-28f84493 wp-block-columns-is-layout-flex\">\n<div class=\"wp-block-column is-layout-flow wp-block-column-is-layout-flow\" style=\"flex-basis:33.34%\">\n<div class=\"wp-block-buttons is-content-justification-center is-layout-flex wp-container-core-buttons-is-layout-a89b3969 wp-block-buttons-is-layout-flex\">\n<div class=\"wp-block-button\"><a class=\"wp-block-button__link wp-element-button\" href=\"https:\/\/obera.fr\/wp-content\/uploads\/2025\/06\/en-brochure-obcare.pdf\">Lae alla bro\u0161\u00fc\u00fcr<\/a><\/div>\n<\/div>\n<\/div>\n\n\n\n<div class=\"wp-block-column is-layout-flow wp-block-column-is-layout-flow\" style=\"flex-basis:33.34%\">\n<div class=\"wp-block-buttons is-horizontal is-content-justification-center is-layout-flex wp-container-core-buttons-is-layout-03627597 wp-block-buttons-is-layout-flex\">\n<div class=\"wp-block-button\"><a class=\"wp-block-button__link wp-element-button\" href=\"https:\/\/boutique.obera.fr\/52-acheter-capteur-co2-obcare.html\" target=\"_blank\" rel=\"noreferrer noopener\">Osta OBCARE CO2-andur  <\/a><\/div>\n<\/div>\n<\/div>\n\n\n\n<div class=\"wp-block-column is-layout-flow wp-block-column-is-layout-flow\" style=\"flex-basis:33.33%\">\n<div class=\"wp-block-buttons is-content-justification-center is-layout-flex wp-container-core-buttons-is-layout-a89b3969 wp-block-buttons-is-layout-flex\">\n<div class=\"wp-block-button btn-devis-source\"><a class=\"wp-block-button__link wp-element-button\" href=\"https:\/\/obera.fr\/et\/devis\/\">Taotlege hinnapakkumist<\/a><\/div>\n<\/div>\n\n\n<script>\r\ndocument.addEventListener('DOMContentLoaded', function() {\r\n    \/\/ 1. On cherche le titre H1 de la page\r\n    var h1 = document.querySelector('h1');\r\n    var productTitle = h1 ? h1.innerText.trim() : \"\";\r\n\r\n    \/\/ 2. On cherche les boutons via la classe CSS .btn-devis-source\r\n    var buttons = document.querySelectorAll('.btn-devis-source a');\r\n\r\n    \/\/ 3. Si on a le titre et les boutons, on ajoute le param\u00e8tre\r\n    if (buttons.length > 0 && productTitle !== \"\") {\r\n        var encodedTitle = encodeURIComponent(productTitle);\r\n\r\n        buttons.forEach(function(btn) {\r\n            var currentHref = btn.getAttribute('href');\r\n            \r\n            \/\/ S\u00e9curit\u00e9 pour ne pas ajouter le param\u00e8tre 2 fois\r\n            if (currentHref.indexOf('sujet=') === -1) {\r\n                var separator = currentHref.indexOf('?') !== -1 ? '&' : '?';\r\n                var newLink = currentHref + separator + 'sujet=' + encodedTitle;\r\n                \r\n                btn.setAttribute('href', newLink);\r\n            }\r\n        });\r\n    }\r\n});\r\n<\/script><\/div>\n<\/div>\n<\/div>\n<\/div>\n\n\n\n<h2 class=\"wp-block-heading\">OBCARE eelised<\/h2>\n\n\n\n<div class=\"wp-block-columns is-layout-flex wp-container-core-columns-is-layout-28f84493 wp-block-columns-is-layout-flex\">\n<div class=\"wp-block-column is-layout-flow wp-block-column-is-layout-flow\">\n<h3 class=\"wp-block-heading has-text-align-left\">CO2-kapTter<\/h3>\n\n\n\n<p><strong>OBCARE <\/strong>CO2-andur m\u00f5\u00f5dab pidevalt \u00f5hu kvaliteeti. Teave, mis kuvatakse ppm-ides, esitatakse reaalajas. Seadet on lihtne paigaldada ja liigutada.    <\/p>\n<\/div>\n\n\n\n<div class=\"wp-block-column is-layout-flow wp-block-column-is-layout-flow\">\n<h3 class=\"wp-block-heading has-text-align-left\">N\u00c4ITED T\u00d6\u00d6STUSHARUDE KOHTA<\/h3>\n\n\n\n<ul class=\"wp-block-list\">\n<li>ERP<\/li>\n\n\n\n<li>Kontorid<\/li>\n\n\n\n<li>Spordisaalid  <\/li>\n\n\n\n<li>Ootealad<\/li>\n\n\n\n<li>Koolid<\/li>\n\n\n\n<li>Avatud ruumid<\/li>\n\n\n\n<li>Varud<\/li>\n<\/ul>\n<\/div>\n<\/div>\n\n\n\n<h2 class=\"wp-block-heading\">Kokkupaneku t\u00fc\u00fcbid<\/h2>\n\n\n\n<p>\u00d5hukvaliteedi m\u00f5\u00f5tja saab paigaldada lauale v\u00f5i seinale. Roostevabast terasest statiiv<strong>(saadaval lisavarustusena<\/strong>) v\u00f5imaldab seda optimaalselt ruumis paigutada. Hea paigutus on oluline ja m\u00f5jutab m\u00f5\u00f5tmiste representatiivsust. Eelk\u00f5ige tuleb v\u00e4ltida andurite paigutamist akendele v\u00f5i nende l\u00e4hedusse.   <\/p>\n\n\n\n<blockquote class=\"wp-block-quote is-layout-flow wp-block-quote-is-layout-flow\">\n<p>Soovitame <strong>paigaldada \u00fche CO2-anduri 40 m\u00b2 suuruse ruumi kohta<\/strong>.<\/p>\n<\/blockquote>\n\n\n\n<div class=\"wp-block-buttons is-horizontal is-content-justification-center is-layout-flex wp-container-core-buttons-is-layout-03627597 wp-block-buttons-is-layout-flex\">\n<div class=\"wp-block-button has-custom-width wp-block-button__width-100\"><a class=\"wp-block-button__link wp-element-button\" href=\"https:\/\/obera.fr\/et\/votke-meiega-uhendust\/\">Lisateavet<\/a><\/div>\n<\/div>\n\n\n\n<h2 class=\"wp-block-heading\">Tehnilised andmed<\/h2>\n\n\n\n<figure class=\"wp-block-table\"><table class=\"has-fixed-layout\"><tbody><tr><td>CO2-andur<\/td><td>NDIR-tehnoloogia (mittedispersiivne infrapunaandur) koos automaatse kalibreerimisega<br>M\u00f5\u00f5tmisvahemik: 0 kuni 5000 ppm (+- 60 ppm)<\/td><\/tr><tr><td>Niiskuse- ja temperatuuriandur<\/td><td>Valikuline<\/td><\/tr><tr><td>Roheline\/kollane\/punane valgusfoorin\u00e4idik<\/td><td>Roheline: &lt; 800 ppm<br>Kollane: 800 &#8211; 2000 ppm<br>Punane &gt; 2000 ppm<\/td><\/tr><tr><td>Helisignaal<\/td><td>Valik<br>Alarm heliseb iga minuti j\u00e4rel, kui k\u00fcnnis on \u00fcletatud.<\/td><\/tr><tr><td>Toitekaabel<\/td><td>12V toiteallikas koos ELi pistikuga (pikkus: 1,5 meetrit)<\/td><\/tr><tr><td>Toiteallikas<\/td><td>12V &#8211; 34V AC\/DC<\/td><\/tr><tr><td>Energiatarbimine<\/td><td>40 &#8211; 80 mA<\/td><\/tr><tr><td>M\u00f5\u00f5detud f\u00fc\u00fcsikalised suurused<\/td><td>CO2 (ppm)<\/td><\/tr><tr><td>Kast<\/td><td>ABS kest, valge RAL 9010<br>Aukud seinale paigaldamiseks<br>M\u00f5\u00f5tmed 87,5 x 87,5 x 30mm<\/td><\/tr><tr><td>Alus laua paigaldamiseks<\/td><td>Valikuline stend<br>Roostevabast terasest alus<\/td><\/tr><tr><td>Kaitseklass<\/td><td>IP30<\/td><\/tr><\/tbody><\/table><\/figure>\n\n\n\n<div style=\"height:25px\" aria-hidden=\"true\" class=\"wp-block-spacer\"><\/div>\n\n\n\n<h2 class=\"wp-block-heading\">Muud OberA \u00f5huanal\u00fcsaatorid<\/h2>\n\n\n\n<div class=\"wp-block-columns is-layout-flex wp-container-core-columns-is-layout-28f84493 wp-block-columns-is-layout-flex\">\n<div class=\"wp-block-column is-layout-flow wp-block-column-is-layout-flow\">\n<figure class=\"wp-block-image aligncenter size-thumbnail is-resized\"><a href=\"https:\/\/obera.fr\/produits\/analyseurs-air\/compteur-particules\/\"><img decoding=\"async\" width=\"150\" height=\"150\" src=\"https:\/\/obera.fr\/wp-content\/uploads\/2020\/08\/compteur-de-particules-150x150.png\" alt=\"Tahkete osakeste loendur Trotec PC220 - Tahkete osakeste loendur\" class=\"wp-image-714\" style=\"width:150px;height:150px\" srcset=\"https:\/\/obera.fr\/wp-content\/uploads\/2020\/08\/compteur-de-particules-150x150.png 150w, https:\/\/obera.fr\/wp-content\/uploads\/2020\/08\/compteur-de-particules-300x300.png 300w, https:\/\/obera.fr\/wp-content\/uploads\/2020\/08\/compteur-de-particules.png 433w\" sizes=\"(max-width: 150px) 100vw, 150px\" \/><\/a><figcaption class=\"wp-element-caption\">Tahkete osakeste m\u00f5\u00f5tja<\/figcaption><\/figure>\n<\/div>\n<\/div>\n","protected":false},"excerpt":{"rendered":"<p>\u00d5hukvaliteedi m\u00f5\u00f5tmine valgusfooridega OBCARE CO2-andur j\u00e4lgib suletud ruumide \u00f5hukvaliteeti reaalajas. Selle mitmev\u00e4rviline ekraan koos hoiatustuledega annab kohese \u00fclevaate \u00f5hukvaliteedist ja n\u00e4itab CO2 kontsentratsiooni ppm-ides. Need tuled annavad selgeid visuaalseid vihjeid ja hoiatavad kasutajaid, milliseid meetmeid nad peavad v\u00f5tma: puhastama \u00f5hku , paigaldades mobiilsed \u00f5hupuhastusseadmed ja\/v\u00f5i ventileerima loomulikul teel. OBCARE eelised CO2-kapTter OBCARE CO2-andur m\u00f5\u00f5dab pidevalt \u00f5hu kvaliteeti. Teave, mis kuvatakse ppm-ides, esitatakse reaalajas. Seadet on lihtne paigaldada ja liigutada. N\u00c4ITED T\u00d6\u00d6STUSHARUDE KOHTA Kokkupaneku t\u00fc\u00fcbid \u00d5hukvaliteedi m\u00f5\u00f5tja saab paigaldada lauale v\u00f5i seinale. Roostevabast terasest statiiv(saadaval lisavarustusena) v\u00f5imaldab seda optimaalselt ruumis paigutada. Hea paigutus on oluline ja m\u00f5jutab m\u00f5\u00f5tmiste representatiivsust. Eelk\u00f5ige tuleb &#8230; <\/p>\n<p class=\"read-more-container\"><a title=\"OBCARE CO2-andur\" class=\"read-more button\" href=\"https:\/\/obera.fr\/et\/produits\/analyseurs-air\/capteur-co2-obcare\/#more-51432\" aria-label=\"Read more about OBCARE CO2-andur\">Lire la suite<\/a><\/p>\n","protected":false},"author":4,"featured_media":83738,"parent":52178,"menu_order":0,"comment_status":"closed","ping_status":"closed","template":"","meta":{"_acf_changed":false,"_seopress_robots_primary_cat":"","_seopress_titles_title":"OBCARE CO2-andur \u00f5hukvaliteedi m\u00f5\u00f5tmiseks","_seopress_titles_desc":"Avastage meie CO2-andur, mis on ideaalne t\u00e4iendus ravile koviidi-19 vastu. N\u00e4itab CO2 taset ppm-ides ja annab teavet \u00f5hukvaliteedi kohta reaalajas.","_seopress_robots_index":"","footnotes":""},"class_list":{"0":"post-51432","1":"page","2":"type-page","3":"status-publish","4":"has-post-thumbnail","6":"no-featured-image-padding","7":"resize-featured-image"},"acf":[],"_links":{"self":[{"href":"https:\/\/obera.fr\/et\/wp-json\/wp\/v2\/pages\/51432","targetHints":{"allow":["GET"]}}],"collection":[{"href":"https:\/\/obera.fr\/et\/wp-json\/wp\/v2\/pages"}],"about":[{"href":"https:\/\/obera.fr\/et\/wp-json\/wp\/v2\/types\/page"}],"author":[{"embeddable":true,"href":"https:\/\/obera.fr\/et\/wp-json\/wp\/v2\/users\/4"}],"replies":[{"embeddable":true,"href":"https:\/\/obera.fr\/et\/wp-json\/wp\/v2\/comments?post=51432"}],"version-history":[{"count":4,"href":"https:\/\/obera.fr\/et\/wp-json\/wp\/v2\/pages\/51432\/revisions"}],"predecessor-version":[{"id":108431,"href":"https:\/\/obera.fr\/et\/wp-json\/wp\/v2\/pages\/51432\/revisions\/108431"}],"up":[{"embeddable":true,"href":"https:\/\/obera.fr\/et\/wp-json\/wp\/v2\/pages\/52178"}],"wp:featuredmedia":[{"embeddable":true,"href":"https:\/\/obera.fr\/et\/wp-json\/wp\/v2\/media\/83738"}],"wp:attachment":[{"href":"https:\/\/obera.fr\/et\/wp-json\/wp\/v2\/media?parent=51432"}],"curies":[{"name":"wp","href":"https:\/\/api.w.org\/{rel}","templated":true}]}}