{"id":51498,"date":"2021-03-09T13:26:35","date_gmt":"2021-03-09T11:26:35","guid":{"rendered":"https:\/\/obera.fr\/360-imemislaud\/"},"modified":"2025-06-30T10:10:25","modified_gmt":"2025-06-30T08:10:25","slug":"table-rotative-360","status":"publish","type":"page","link":"https:\/\/obera.fr\/et\/produits\/tables-aspirantes\/table-rotative-360\/","title":{"rendered":"360\u00b0 imemislaud"},"content":{"rendered":"\n\n<h2 class=\"wp-block-heading\" id=\"table-d-extraction-rotative\">P\u00f6\u00f6rlev v\u00e4ljav\u00f5tteplatvorm<\/h2>\n\n<div class=\"wp-block-columns is-layout-flex wp-container-core-columns-is-layout-28f84493 wp-block-columns-is-layout-flex\">\n<div class=\"wp-block-column is-layout-flow wp-block-column-is-layout-flow\" style=\"flex-basis:33.33%\">\n<figure class=\"wp-block-image aligncenter size-large\"><img decoding=\"async\" width=\"1024\" height=\"1024\" src=\"https:\/\/obera.fr\/wp-content\/uploads\/2025\/01\/image-table-aspirante-rotative-1024x1024.jpg\" alt=\"pilt p&#xF6;&#xF6;rlev imemislaud\" class=\"wp-image-57698\" srcset=\"https:\/\/obera.fr\/wp-content\/uploads\/2025\/01\/image-table-aspirante-rotative-1024x1024.jpg 1024w, https:\/\/obera.fr\/wp-content\/uploads\/2025\/01\/image-table-aspirante-rotative-300x300.jpg 300w, https:\/\/obera.fr\/wp-content\/uploads\/2025\/01\/image-table-aspirante-rotative-150x150.jpg 150w, https:\/\/obera.fr\/wp-content\/uploads\/2025\/01\/image-table-aspirante-rotative-768x768.jpg 768w, https:\/\/obera.fr\/wp-content\/uploads\/2025\/01\/image-table-aspirante-rotative-400x400.jpg 400w, https:\/\/obera.fr\/wp-content\/uploads\/2025\/01\/image-table-aspirante-rotative-600x600.jpg 600w, https:\/\/obera.fr\/wp-content\/uploads\/2025\/01\/image-table-aspirante-rotative.jpg 1200w\" sizes=\"(max-width: 1024px) 100vw, 1024px\" \/><figcaption class=\"wp-element-caption\">\nPilt p\u00f6\u00f6rlevast imemislauast<\/figcaption><\/figure>\n<\/div>\n\n\n\n<div class=\"wp-block-column is-layout-flow wp-block-column-is-layout-flow\" style=\"flex-basis:66.66%\">\n<p>360\u00b0 ekstraheerimislaud sobib eriti h\u00e4sti mehaaniliste ja termiliste eraldusprotsesside jaoks. Laua p\u00f6\u00f6ramine \u00fcmber oma telje annab kasutajatele t\u00e4ieliku juurdep\u00e4\u00e4su oma t\u00f6\u00f6deldavale detailile, v\u00e4hendades t\u00fc\u00fctuid \u00fcmberhoidmisprotsesse.  <\/p>\n\n\n\n<p>T\u00e4nu optimeeritud \u00f5huvoolule ja paindlikule kapuutsile t\u00f6\u00f6piirkonna kohal kaitseb 360\u00b0 imemislaud t\u00f6\u00f6tajaid t\u00f5husalt tolmu ja suitsu eest.  <\/p>\n\n\n\n<p>Selle laua ergonoomiline konstruktsioon t\u00e4hendab, et selle k\u00f5rgust saab vajadusel reguleerida, tagades ohutud ja meeldivad t\u00f6\u00f6tingimused.<\/p>\n\n\n\n<div style=\"height:30px\" aria-hidden=\"true\" class=\"wp-block-spacer\"><\/div>\n\n\n\n<div class=\"wp-block-columns is-layout-flex wp-container-core-columns-is-layout-28f84493 wp-block-columns-is-layout-flex\">\n<div class=\"wp-block-column is-layout-flow wp-block-column-is-layout-flow\" style=\"flex-basis:33.33%\">\n<div class=\"wp-block-buttons is-layout-flex wp-block-buttons-is-layout-flex\">\n<div class=\"wp-block-button\"><a class=\"wp-block-button__link wp-element-button\" href=\"https:\/\/obera.fr\/wp-content\/uploads\/2025\/04\/brochure-table-aspirante-rotative-.pdf\">LAE ALLA BRO\u0160\u00dc\u00dcR<\/a><\/div>\n<\/div>\n<\/div>\n\n\n\n<div class=\"wp-block-column is-layout-flow wp-block-column-is-layout-flow\" style=\"flex-basis:33.34%\">\n<div class=\"wp-block-buttons is-horizontal is-content-justification-center is-layout-flex wp-container-core-buttons-is-layout-03627597 wp-block-buttons-is-layout-flex\">\n<div class=\"wp-block-button has-custom-width wp-block-button__width-100\"><a class=\"wp-block-button__link wp-element-button\" href=\"https:\/\/obera.fr\/et\/votke-meiega-uhendust\/\">Lisateavet<\/a><\/div>\n<\/div>\n<\/div>\n\n\n\n<div class=\"wp-block-column is-layout-flow wp-block-column-is-layout-flow\" style=\"flex-basis:33.34%\">\n<div class=\"wp-block-buttons is-content-justification-center is-layout-flex wp-container-core-buttons-is-layout-a89b3969 wp-block-buttons-is-layout-flex\">\n<div class=\"wp-block-button btn-devis-source\"><a class=\"wp-block-button__link wp-element-button\" href=\"https:\/\/obera.fr\/et\/devis\/\">Taotlege hinnapakkumist<\/a><\/div>\n<\/div>\n\n\n<script>\r\ndocument.addEventListener('DOMContentLoaded', function() {\r\n    \/\/ 1. On cherche le titre H1 de la page\r\n    var h1 = document.querySelector('h1');\r\n    var productTitle = h1 ? h1.innerText.trim() : \"\";\r\n\r\n    \/\/ 2. On cherche les boutons via la classe CSS .btn-devis-source\r\n    var buttons = document.querySelectorAll('.btn-devis-source a');\r\n\r\n    \/\/ 3. Si on a le titre et les boutons, on ajoute le param\u00e8tre\r\n    if (buttons.length > 0 && productTitle !== \"\") {\r\n        var encodedTitle = encodeURIComponent(productTitle);\r\n\r\n        buttons.forEach(function(btn) {\r\n            var currentHref = btn.getAttribute('href');\r\n            \r\n            \/\/ S\u00e9curit\u00e9 pour ne pas ajouter le param\u00e8tre 2 fois\r\n            if (currentHref.indexOf('sujet=') === -1) {\r\n                var separator = currentHref.indexOf('?') !== -1 ? '&' : '?';\r\n                var newLink = currentHref + separator + 'sujet=' + encodedTitle;\r\n                \r\n                btn.setAttribute('href', newLink);\r\n            }\r\n        });\r\n    }\r\n});\r\n<\/script><\/div>\n<\/div>\n<\/div>\n<\/div>\n\n<p><\/p>\n\n<div class=\"wp-block-columns is-layout-flex wp-container-core-columns-is-layout-28f84493 wp-block-columns-is-layout-flex\">\n<div class=\"wp-block-column is-layout-flow wp-block-column-is-layout-flow\">\n<h3 class=\"wp-block-heading has-text-align-center\" id=\"avantages\">ETTEPANEKUD<\/h3>\n\n\n\n<ul class=\"wp-block-list\">\n<li>Suurem t\u00f5husus detailide t\u00f6\u00f6tlemisel<\/li>\n\n\n\n<li>Aja kokkuhoid  <\/li>\n\n\n\n<li>K\u00f5rge ergonoomika<\/li>\n\n\n\n<li>Saaste v\u00e4hendamine t\u00f6\u00f6kohal<\/li>\n\n\n\n<li>Optimeeritud t\u00f6\u00f6ohutus<\/li>\n<\/ul>\n<\/div>\n\n\n\n<div class=\"wp-block-column is-layout-flow wp-block-column-is-layout-flow\">\n<h3 class=\"wp-block-heading has-text-align-center\" id=\"particularites\">Eriomadused<\/h3>\n\n\n\n<ul class=\"wp-block-list\">\n<li>Kokkupandav k\u00fclgpaneel (ilma katteta)<\/li>\n\n\n\n<li>Ruum on ligip\u00e4\u00e4setav igast k\u00fcljest (kuni 360 kraadi)<\/li>\n\n\n\n<li>Ruumi maksimaalne laius: 900mm (suletud seintega)<\/li>\n\n\n\n<li>Vajab ligikaudu 2500 m3\/h \u00f5humahtu<\/li>\n\n\n\n<li>Imemisotsik eesmises piirkonnas<\/li>\n\n\n\n<li>Reguleeritav stop<\/li>\n<\/ul>\n<\/div>\n\n\n\n<div class=\"wp-block-column is-layout-flow wp-block-column-is-layout-flow\">\n<h3 class=\"wp-block-heading has-text-align-center\" id=\"caracteristiques\">funktsioonid<\/h3>\n\n\n\n<ul class=\"wp-block-list\">\n<li>Astmeline elektriline k\u00f5rguse reguleerimine (980 kuni 1800 mm)<\/li>\n\n\n\n<li>Metallist v\u00f5re v\u00f5i vaakum<\/li>\n\n\n\n<li>Magnetkaitse l\u00f5uad<\/li>\n\n\n\n<li>Valgustus<\/li>\n\n\n\n<li>Individuaalne platvorm<\/li>\n\n\n\n<li>ATEX-konformne  <\/li>\n<\/ul>\n\n\n\n<p><\/p>\n<\/div>\n<\/div>\n\n<div class=\"wp-block-buttons is-content-justification-center is-layout-flex wp-container-core-buttons-is-layout-a89b3969 wp-block-buttons-is-layout-flex\">\n<div class=\"wp-block-button\"><a class=\"wp-block-button__link wp-element-button\" href=\"https:\/\/obera.fr\/wp-content\/uploads\/2024\/02\/brochure-table-aspirante-rotative-.pdf\">Dokumentatsiooni allalaadimine<\/a><\/div>\n<\/div>\n\n<h3 class=\"wp-block-heading\" id=\"quels-polluants-traiter-sur-notre-table-aspirante\">Milliseid saasteaineid tuleks meie imemislaual t\u00f6\u00f6delda?<\/h3>\n\n<p>Meie 360\u00b0 <a href=\"https:\/\/obera.fr\/et\/produits\/tables-aspirantes\/\">imemislaud<\/a> saab hakkama paljude saasteainetega, ideaalis raskete saasteainetega, mis kipuvad settima.  <\/p>\n\n<p>N\u00e4iteks metallitolm, keevitusaurud, plastiklaastud, mineraaltolm, betoonitolm, aurud ja komposiitmaterjalid.<\/p>\n\n<h2 class=\"wp-block-heading\" id=\"a-quelles-utilisations-convient-elle\">Millised on selle kasutusalad?<\/h2>\n\n<p>Need saasteained tekivad peamiselt selliste protsesside k\u00e4igus nagu keevitamine, jootmine, saagimine, l\u00f5ikamine, lihvimine, poleerimine, mehaaniline t\u00f6\u00f6tlemine, freesimine ja materjali eraldamine. Need protsessid toimuvad sellistes t\u00f6\u00f6stusharudes nagu metallurgia, plastmassid, puidut\u00f6\u00f6tlemine, tekstiil, mineraalid, kemikaalid\/petrokeemia ja paber\/papp.<\/p>\n\n<div class=\"wp-block-columns is-layout-flex wp-container-core-columns-is-layout-28f84493 wp-block-columns-is-layout-flex\">\n<div class=\"wp-block-column is-layout-flow wp-block-column-is-layout-flow\">\n<h3 class=\"wp-block-heading has-text-align-center\" id=\"polluants\">POLLUTANTS<\/h3>\n\n\n\n<div class=\"wp-block-columns is-layout-flex wp-container-core-columns-is-layout-28f84493 wp-block-columns-is-layout-flex\">\n<div class=\"wp-block-column is-layout-flow wp-block-column-is-layout-flow\">\n<figure class=\"wp-block-image aligncenter size-large\"><img decoding=\"async\" width=\"70\" height=\"70\" src=\"https:\/\/obera.fr\/wp-content\/uploads\/2021\/03\/polluants-poussieres-1.jpg\" alt=\"tolmu saasteained 1\" class=\"wp-image-4969\"\/><figcaption class=\"wp-element-caption\">Tolm<\/figcaption><\/figure>\n\n\n\n<figure class=\"wp-block-image aligncenter size-large\"><img decoding=\"async\" width=\"70\" height=\"70\" src=\"https:\/\/obera.fr\/wp-content\/uploads\/2021\/03\/industrie-fumees.jpg\" alt=\"t&#xF6;&#xF6;stushapnikud\" class=\"wp-image-4971\"\/><figcaption class=\"wp-element-caption\">Aurud<\/figcaption><\/figure>\n\n\n\n<figure class=\"wp-block-image aligncenter size-large\"><img decoding=\"async\" width=\"70\" height=\"70\" src=\"https:\/\/obera.fr\/wp-content\/uploads\/2021\/03\/industrie-brouillard-huile.jpg\" alt=\"&#xF5;lij&#xE4;&#xE4;kide t&#xF6;&#xF6;stus\" class=\"wp-image-4973\"\/><figcaption class=\"wp-element-caption\">\u00d5liudu<\/figcaption><\/figure>\n<\/div>\n\n\n\n<div class=\"wp-block-column is-layout-flow wp-block-column-is-layout-flow\">\n<figure class=\"wp-block-image aligncenter size-large\"><img decoding=\"async\" width=\"70\" height=\"70\" src=\"https:\/\/obera.fr\/wp-content\/uploads\/2021\/03\/polluants-copeaux-bois.jpg\" alt=\"puiduhakke saasteained\" class=\"wp-image-4970\"\/><figcaption class=\"wp-element-caption\">Chips<\/figcaption><\/figure>\n\n\n\n<figure class=\"wp-block-image aligncenter size-large\"><img decoding=\"async\" width=\"70\" height=\"70\" src=\"https:\/\/obera.fr\/wp-content\/uploads\/2021\/03\/industrie-odeur-2.jpg\" alt=\"l&#xF5;hnat&#xF6;&#xF6;stus 2\" class=\"wp-image-4972\"\/><figcaption class=\"wp-element-caption\">L\u00f5hnad<\/figcaption><\/figure>\n\n\n\n<figure class=\"wp-block-image aligncenter size-large\"><img decoding=\"async\" width=\"70\" height=\"70\" src=\"https:\/\/obera.fr\/wp-content\/uploads\/2021\/03\/cov.jpg\" alt=\"cov\" class=\"wp-image-4974\"\/><figcaption class=\"wp-element-caption\">VOCS<\/figcaption><\/figure>\n<\/div>\n<\/div>\n<\/div>\n\n\n\n<div class=\"wp-block-column is-layout-flow wp-block-column-is-layout-flow\">\n<h3 class=\"wp-block-heading has-text-align-center\" id=\"industries\">t\u00f6\u00f6stusharud<\/h3>\n\n\n\n<div class=\"wp-block-columns is-layout-flex wp-container-core-columns-is-layout-28f84493 wp-block-columns-is-layout-flex\">\n<div class=\"wp-block-column is-layout-flow wp-block-column-is-layout-flow\">\n<figure class=\"wp-block-image aligncenter size-large\"><img decoding=\"async\" width=\"70\" height=\"70\" src=\"https:\/\/obera.fr\/wp-content\/uploads\/2021\/03\/industrie-metallurgie-1.jpg\" alt=\"metallurgiat&#xF6;&#xF6;stus 1\" class=\"wp-image-4975\"\/><figcaption class=\"wp-element-caption\">Metallurgia<\/figcaption><\/figure>\n\n\n\n<figure class=\"wp-block-image aligncenter size-large\"><img decoding=\"async\" width=\"70\" height=\"70\" src=\"https:\/\/obera.fr\/wp-content\/uploads\/2021\/03\/industrie-plastique.jpg\" alt=\"plastit&#xF6;&#xF6;stus\" class=\"wp-image-4976\"\/><figcaption class=\"wp-element-caption\">Plastid<\/figcaption><\/figure>\n\n\n\n<figure class=\"wp-block-image aligncenter size-large\"><img decoding=\"async\" width=\"70\" height=\"70\" src=\"https:\/\/obera.fr\/wp-content\/uploads\/2021\/03\/industrie-minerai.jpg\" alt=\"mineraalide t&#xF6;&#xF6;stus\" class=\"wp-image-4977\"\/><figcaption class=\"wp-element-caption\">Mineraalid<\/figcaption><\/figure>\n\n\n\n<figure class=\"wp-block-image aligncenter size-large\"><img decoding=\"async\" width=\"70\" height=\"70\" src=\"https:\/\/obera.fr\/wp-content\/uploads\/2021\/03\/industrie-dechets.jpg\" alt=\"j&#xE4;&#xE4;tmet&#xF6;&#xF6;stus\" class=\"wp-image-4978\"\/><figcaption class=\"wp-element-caption\">J\u00e4\u00e4tmete kogumine ja sorteerimine<\/figcaption><\/figure>\n<\/div>\n\n\n\n<div class=\"wp-block-column is-layout-flow wp-block-column-is-layout-flow\">\n<figure class=\"wp-block-image aligncenter size-large\"><img decoding=\"async\" width=\"70\" height=\"70\" src=\"https:\/\/obera.fr\/wp-content\/uploads\/2021\/03\/industrie-bois.jpg\" alt=\"puidut&#xF6;&#xF6;stus\" class=\"wp-image-4979\"\/><figcaption class=\"wp-element-caption\">Puidut\u00f6\u00f6tlemine<\/figcaption><\/figure>\n\n\n\n<figure class=\"wp-block-image aligncenter size-large\"><img decoding=\"async\" width=\"70\" height=\"70\" src=\"https:\/\/obera.fr\/wp-content\/uploads\/2021\/03\/industrie-textile.jpg\" alt=\"tekstiilit&#xF6;&#xF6;stus\" class=\"wp-image-4980\"\/><figcaption class=\"wp-element-caption\">Tekstiilid<\/figcaption><\/figure>\n\n\n\n<figure class=\"wp-block-image aligncenter size-large\"><img decoding=\"async\" width=\"70\" height=\"70\" src=\"https:\/\/obera.fr\/wp-content\/uploads\/2021\/03\/industrie-chimie-1.jpg\" alt=\"keemiat&#xF6;&#xF6;stus 1\" class=\"wp-image-4981\"\/><figcaption class=\"wp-element-caption\">Kemikaalid\/Petrokeemia<\/figcaption><\/figure>\n\n\n\n<figure class=\"wp-block-image aligncenter size-large\"><img decoding=\"async\" width=\"70\" height=\"70\" src=\"https:\/\/obera.fr\/wp-content\/uploads\/2021\/03\/industrie-papier-carton.jpg\" alt=\"paberi- ja papit&#xF6;&#xF6;stus\" class=\"wp-image-4982\"\/><figcaption class=\"wp-element-caption\">Paber\/papp<\/figcaption><\/figure>\n\n\n\n<p><\/p>\n<\/div>\n<\/div>\n\n\n\n<p><\/p>\n<\/div>\n<\/div>\n\n<h2 class=\"wp-block-heading\" id=\"les-autres-produits-de-captation-et-d-aspiration-obera\">Muud OberA imemislauad<\/h2>\n\n<div class=\"wp-block-columns is-layout-flex wp-container-core-columns-is-layout-28f84493 wp-block-columns-is-layout-flex\">\n<div class=\"wp-block-column is-layout-flow wp-block-column-is-layout-flow\">\n<figure class=\"wp-block-image aligncenter size-medium is-resized\"><a href=\"https:\/\/obera.fr\/produits\/tables-aspirantes\/table-aspirante-a-at\/\"><img decoding=\"async\" width=\"300\" height=\"300\" src=\"https:\/\/obera.fr\/wp-content\/uploads\/2020\/10\/table-SF-300x300.png\" alt=\"Imemislauad\" class=\"wp-image-1179\" style=\"width:auto;height:150px\" srcset=\"https:\/\/obera.fr\/wp-content\/uploads\/2020\/10\/table-SF-300x300.png 300w, https:\/\/obera.fr\/wp-content\/uploads\/2020\/10\/table-SF-150x150.png 150w, https:\/\/obera.fr\/wp-content\/uploads\/2020\/10\/table-SF.png 433w\" sizes=\"(max-width: 300px) 100vw, 300px\" \/><\/a><figcaption class=\"wp-element-caption\">A &amp; AT imemislaud<\/figcaption><\/figure>\n<\/div>\n\n\n\n<div class=\"wp-block-column is-layout-flow wp-block-column-is-layout-flow\">\n<figure class=\"wp-block-image aligncenter size-full\"><a href=\"https:\/\/obera.fr\/produits\/tables-aspirantes\/table-autonome\/\"><img decoding=\"async\" width=\"150\" height=\"150\" src=\"https:\/\/obera.fr\/wp-content\/uploads\/2022\/06\/Sans-titre-2022-06-07T101130.850.png\" alt=\"Iseseisvad imemislauad\" class=\"wp-image-13083\"\/><\/a><figcaption class=\"wp-element-caption\">Iseseisev imemislaud<\/figcaption><\/figure>\n<\/div>\n\n\n\n<div class=\"wp-block-column is-layout-flow wp-block-column-is-layout-flow\">\n<figure class=\"wp-block-image aligncenter size-medium is-resized\"><img decoding=\"async\" width=\"300\" height=\"300\" src=\"https:\/\/obera.fr\/wp-content\/uploads\/2024\/05\/epurbox-tsp-300x300.png\" alt=\"epurbox tsp\" class=\"wp-image-30348\" style=\"width:auto;height:150px\" srcset=\"https:\/\/obera.fr\/wp-content\/uploads\/2024\/05\/epurbox-tsp-300x300.png 300w, https:\/\/obera.fr\/wp-content\/uploads\/2024\/05\/epurbox-tsp-1024x1024.png 1024w, https:\/\/obera.fr\/wp-content\/uploads\/2024\/05\/epurbox-tsp-150x150.png 150w, https:\/\/obera.fr\/wp-content\/uploads\/2024\/05\/epurbox-tsp-768x768.png 768w, https:\/\/obera.fr\/wp-content\/uploads\/2024\/05\/epurbox-tsp.png 1200w\" sizes=\"(max-width: 300px) 100vw, 300px\" \/><figcaption class=\"wp-element-caption\">ePURBOX Atex<\/figcaption><\/figure>\n<\/div>\n<\/div>\n","protected":false},"excerpt":{"rendered":"<p>P\u00f6\u00f6rlev v\u00e4ljav\u00f5tteplatvorm 360\u00b0 ekstraheerimislaud sobib eriti h\u00e4sti mehaaniliste ja termiliste eraldusprotsesside jaoks. Laua p\u00f6\u00f6ramine \u00fcmber oma telje annab kasutajatele t\u00e4ieliku juurdep\u00e4\u00e4su oma t\u00f6\u00f6deldavale detailile, v\u00e4hendades t\u00fc\u00fctuid \u00fcmberhoidmisprotsesse. T\u00e4nu optimeeritud \u00f5huvoolule ja paindlikule kapuutsile t\u00f6\u00f6piirkonna kohal kaitseb 360\u00b0 imemislaud t\u00f6\u00f6tajaid t\u00f5husalt tolmu ja suitsu eest. Selle laua ergonoomiline konstruktsioon t\u00e4hendab, et selle k\u00f5rgust saab vajadusel reguleerida, tagades ohutud ja meeldivad t\u00f6\u00f6tingimused. ETTEPANEKUD Eriomadused funktsioonid Milliseid saasteaineid tuleks meie imemislaual t\u00f6\u00f6delda? Meie 360\u00b0 imemislaud saab hakkama paljude saasteainetega, ideaalis raskete saasteainetega, mis kipuvad settima. N\u00e4iteks metallitolm, keevitusaurud, plastiklaastud, mineraaltolm, betoonitolm, aurud ja komposiitmaterjalid. Millised on selle kasutusalad? Need saasteained tekivad peamiselt selliste &#8230; <\/p>\n<p class=\"read-more-container\"><a title=\"360\u00b0 imemislaud\" class=\"read-more button\" href=\"https:\/\/obera.fr\/et\/produits\/tables-aspirantes\/table-rotative-360\/#more-51498\" aria-label=\"Read more about 360\u00b0 imemislaud\">Lire la suite<\/a><\/p>\n","protected":false},"author":4,"featured_media":83738,"parent":51791,"menu_order":0,"comment_status":"closed","ping_status":"closed","template":"","meta":{"_acf_changed":false,"_seopress_robots_primary_cat":"","_seopress_titles_title":"oberA 360\u00b0 imemislaud v\u00f5i p\u00f6\u00f6rlev ekstraheerimislaud","_seopress_titles_desc":"360\u00b0 ekstraheerimislaud sobib eriti h\u00e4sti mehaaniliste ja termiliste eraldusprotsesside jaoks. See pakub t\u00f6\u00f6tajatele t\u00f5husat kaitset.","_seopress_robots_index":"","footnotes":""},"class_list":{"0":"post-51498","1":"page","2":"type-page","3":"status-publish","4":"has-post-thumbnail","6":"no-featured-image-padding","7":"resize-featured-image"},"acf":[],"_links":{"self":[{"href":"https:\/\/obera.fr\/et\/wp-json\/wp\/v2\/pages\/51498","targetHints":{"allow":["GET"]}}],"collection":[{"href":"https:\/\/obera.fr\/et\/wp-json\/wp\/v2\/pages"}],"about":[{"href":"https:\/\/obera.fr\/et\/wp-json\/wp\/v2\/types\/page"}],"author":[{"embeddable":true,"href":"https:\/\/obera.fr\/et\/wp-json\/wp\/v2\/users\/4"}],"replies":[{"embeddable":true,"href":"https:\/\/obera.fr\/et\/wp-json\/wp\/v2\/comments?post=51498"}],"version-history":[{"count":7,"href":"https:\/\/obera.fr\/et\/wp-json\/wp\/v2\/pages\/51498\/revisions"}],"predecessor-version":[{"id":117788,"href":"https:\/\/obera.fr\/et\/wp-json\/wp\/v2\/pages\/51498\/revisions\/117788"}],"up":[{"embeddable":true,"href":"https:\/\/obera.fr\/et\/wp-json\/wp\/v2\/pages\/51791"}],"wp:featuredmedia":[{"embeddable":true,"href":"https:\/\/obera.fr\/et\/wp-json\/wp\/v2\/media\/83738"}],"wp:attachment":[{"href":"https:\/\/obera.fr\/et\/wp-json\/wp\/v2\/media?parent=51498"}],"curies":[{"name":"wp","href":"https:\/\/api.w.org\/{rel}","templated":true}]}}