{"id":51514,"date":"2020-11-11T20:40:03","date_gmt":"2020-11-11T18:40:03","guid":{"rendered":"https:\/\/obera.fr\/tk-serie\/"},"modified":"2025-06-29T21:41:05","modified_gmt":"2025-06-29T19:41:05","slug":"tk-serie","status":"publish","type":"page","link":"https:\/\/obera.fr\/et\/produits\/depoussiereurs-industriels\/petits\/tk-serie\/","title":{"rendered":"TK-Serie"},"content":{"rendered":"\n<p><a href=\"https:\/\/obera.fr\/et\/produits\/depoussiereurs-industriels\/vaikesed-toostuslikud-tolmukogumisseadmed\/\" data-type=\"page\" data-id=\"393\">V\u00e4ikesed tolmukogumisseadmed<\/a> otseseks v\u00e4ljat\u00f5mbamiseks t\u00f6\u00f6tluskeskustel<\/p>\n\n<div class=\"wp-block-columns is-layout-flex wp-container-core-columns-is-layout-28f84493 wp-block-columns-is-layout-flex\">\n<div class=\"wp-block-column is-layout-flow wp-block-column-is-layout-flow\" style=\"flex-basis:33.33%\">\n<figure class=\"wp-block-image aligncenter size-full\"><img decoding=\"async\" width=\"600\" height=\"600\" src=\"https:\/\/obera.fr\/wp-content\/uploads\/2020\/11\/tk-series.jpg\" alt=\"TK-seeria\" class=\"wp-image-1607\" srcset=\"https:\/\/obera.fr\/wp-content\/uploads\/2020\/11\/tk-series.jpg 600w, https:\/\/obera.fr\/wp-content\/uploads\/2020\/11\/tk-series-300x300.jpg 300w, https:\/\/obera.fr\/wp-content\/uploads\/2020\/11\/tk-series-150x150.jpg 150w\" sizes=\"(max-width: 600px) 100vw, 600px\" \/><\/figure>\n<\/div>\n\n\n\n<div class=\"wp-block-column is-layout-flow wp-block-column-is-layout-flow\" style=\"flex-basis:66.66%\">\n<p><strong>V\u00e4ikesed<\/strong> TK-seeria <strong>tolmuimejad<\/strong> on m\u00f5eldud sporaadiliseks kasutamiseks \u00fchepunkti tolmuimejaks mehhaanilistes t\u00f6\u00f6kodades ja metallit\u00f6\u00f6tlemisettev\u00f5tetes. Tolmune \u00f5hk puhastatakse puhastatava kangasfiltri abil, mis v\u00f5imaldab \u00f5hku t\u00f6\u00f6piirkonda tagasi suunata. T\u00e4nu v\u00e4ikestele m\u00f5\u00f5tmetele saab tolmuimejaid kiiresti ja lihtsalt paigaldada laudade alla v\u00f5i riiulitele.  <\/p>\n\n\n\n<p>Selle paigalduse tugevdamiseks v\u00f5ib kaaluda <a href=\"https:\/\/obera.fr\/et\/produits\/bras-dispositifs-captation\/capot-industriel\/\">t\u00f6\u00f6stusliku kapoti<\/a> integreerimist. See <strong>spetsiaalselt t\u00f6\u00f6stuslikuks kasutamiseks<\/strong> m\u00f5eldud kapoti suurendab tolmu kogumise t\u00f5husust, kontsentreerides sissevoolu ja kaitstes vahetut keskkonda. <\/p>\n\n\n\n<p>Tolmuimeja valimisel on oluline esitada k\u00fcsimus:<a href=\"https:\/\/obera.fr\/et\/meie-nouanne\/quel-depoussiereur-choisir-selon-type-poussiere\/\">&#8220;Millise tolmuimeja ma peaksin valima?&#8221;.<\/a> Sellele k\u00fcsimusele vastamiseks tuleb arvesse v\u00f5tta mitmeid tegureid, n\u00e4iteks tekkiva tolmu mahtu, osakeste t\u00fc\u00fcpi ja t\u00f6\u00f6koja eritingimusi. <strong>Sobiv t\u00f6\u00f6stuslik tolmukoguja <\/strong>peab olema v\u00f5imeline t\u00f5husalt toime tulema tekkiva tolmu t\u00fc\u00fcbiga, kuid samas peab ta olema \u00f5igesti m\u00f5\u00f5detud olemasoleva ruumi jaoks.  <\/p>\n\n\n\n<p>Teine oluline aspekt on ohutus, eelk\u00f5ige <a href=\"https:\/\/obera.fr\/et\/meie-nouanne\/procede-depoussierage-risque-explosion-incendie\/\">plahvatusoht<\/a>. Keskkondades, kus esineb metallitolmu v\u00f5i muid tuleohtlikke osakesi, <strong>peab tolmukoguja olema varustatud<\/strong> plahvatuse <strong>v\u00e4ltimise<\/strong> ja <strong>kaitses\u00fcsteemidega<\/strong>. See h\u00f5lmab selliseid omadusi nagu tagasil\u00f6\u00f6giklapid, plahvatuse summutamise s\u00fcsteemid ja konstruktsioonid, mis v\u00e4hendavad s\u00e4demete tekkimise ohtu.  <\/p>\n\n\n\n<p>Turvalise ja puhta t\u00f6\u00f6keskkonna tagamiseks on oluline valida \u00f5ige <a href=\"https:\/\/obera.fr\/et\/produits\/depoussiereurs-industriels\/\">t\u00f6\u00f6stuslik tolmukoguja<\/a>, t\u00e4iendada s\u00fcsteemi vajaduse korral t\u00f6\u00f6stusliku kapotiga ning tagada, et k\u00f5ik seadmed on <strong>kohandatud nii, et minimeerida riske<\/strong>, eelk\u00f5ige plahvatusohtu, ning samal ajal maksimeerida tolmu kogumise t\u00f5husust.<\/p>\n\n\n\n<div class=\"wp-block-columns is-layout-flex wp-container-core-columns-is-layout-28f84493 wp-block-columns-is-layout-flex\">\n<div class=\"wp-block-column is-layout-flow wp-block-column-is-layout-flow\" style=\"flex-basis:33.34%\">\n<div class=\"wp-block-buttons is-content-justification-center is-layout-flex wp-container-core-buttons-is-layout-a89b3969 wp-block-buttons-is-layout-flex\">\n<div class=\"wp-block-button\"><a class=\"wp-block-button__link wp-element-button\" href=\"https:\/\/obera.fr\/wp-content\/uploads\/2025\/05\/brochure-tk-fr.pdf\">Lae alla bro\u0161\u00fc\u00fcr<\/a><\/div>\n<\/div>\n<\/div>\n\n\n\n<div class=\"wp-block-column is-layout-flow wp-block-column-is-layout-flow\" style=\"flex-basis:33.34%\">\n<div class=\"wp-block-buttons is-horizontal is-content-justification-center is-layout-flex wp-container-core-buttons-is-layout-03627597 wp-block-buttons-is-layout-flex\">\n<div class=\"wp-block-button has-custom-width wp-block-button__width-100\"><a class=\"wp-block-button__link wp-element-button\" href=\"https:\/\/obera.fr\/et\/votke-meiega-uhendust\/\">Lisateavet<\/a><\/div>\n<\/div>\n<\/div>\n\n\n\n<div class=\"wp-block-column is-layout-flow wp-block-column-is-layout-flow\" style=\"flex-basis:33.33%\">\n<div class=\"wp-block-buttons is-content-justification-center is-layout-flex wp-container-core-buttons-is-layout-a89b3969 wp-block-buttons-is-layout-flex\">\n<div class=\"wp-block-button btn-devis-source\"><a class=\"wp-block-button__link wp-element-button\" href=\"https:\/\/obera.fr\/et\/devis\/\">Taotlege hinnapakkumist<\/a><\/div>\n<\/div>\n\n\n<script>\r\ndocument.addEventListener('DOMContentLoaded', function() {\r\n    \/\/ 1. On cherche le titre H1 de la page\r\n    var h1 = document.querySelector('h1');\r\n    var productTitle = h1 ? h1.innerText.trim() : \"\";\r\n\r\n    \/\/ 2. On cherche les boutons via la classe CSS .btn-devis-source\r\n    var buttons = document.querySelectorAll('.btn-devis-source a');\r\n\r\n    \/\/ 3. Si on a le titre et les boutons, on ajoute le param\u00e8tre\r\n    if (buttons.length > 0 && productTitle !== \"\") {\r\n        var encodedTitle = encodeURIComponent(productTitle);\r\n\r\n        buttons.forEach(function(btn) {\r\n            var currentHref = btn.getAttribute('href');\r\n            \r\n            \/\/ S\u00e9curit\u00e9 pour ne pas ajouter le param\u00e8tre 2 fois\r\n            if (currentHref.indexOf('sujet=') === -1) {\r\n                var separator = currentHref.indexOf('?') !== -1 ? '&' : '?';\r\n                var newLink = currentHref + separator + 'sujet=' + encodedTitle;\r\n                \r\n                btn.setAttribute('href', newLink);\r\n            }\r\n        });\r\n    }\r\n});\r\n<\/script><\/div>\n<\/div>\n<\/div>\n<\/div>\n\n<figure class=\"wp-block-gallery has-nested-images columns-default wp-block-gallery-1 is-layout-flex wp-block-gallery-is-layout-flex\">\n<figure class=\"wp-block-image size-large\"><img decoding=\"async\" width=\"1024\" height=\"576\" data-id=\"1791\" src=\"https:\/\/obera.fr\/wp-content\/uploads\/2020\/11\/TK-Filtration-1024x576.jpg\" alt=\"Tk Filtreerimine\" class=\"wp-image-1791\" srcset=\"https:\/\/obera.fr\/wp-content\/uploads\/2020\/11\/TK-Filtration-1024x576.jpg 1024w, https:\/\/obera.fr\/wp-content\/uploads\/2020\/11\/TK-Filtration-300x169.jpg 300w, https:\/\/obera.fr\/wp-content\/uploads\/2020\/11\/TK-Filtration-768x432.jpg 768w, https:\/\/obera.fr\/wp-content\/uploads\/2020\/11\/TK-Filtration.jpg 1200w\" sizes=\"(max-width: 1024px) 100vw, 1024px\" \/><figcaption class=\"wp-element-caption\">Filtreerimine<\/figcaption><\/figure>\n\n\n\n<figure class=\"wp-block-image size-large\"><img decoding=\"async\" width=\"1024\" height=\"576\" data-id=\"1792\" src=\"https:\/\/obera.fr\/wp-content\/uploads\/2020\/11\/TK-tiroir-des-dechets-1024x576.jpg\" alt=\"Tk Tiroir Des Dechets\" class=\"wp-image-1792\" srcset=\"https:\/\/obera.fr\/wp-content\/uploads\/2020\/11\/TK-tiroir-des-dechets-1024x576.jpg 1024w, https:\/\/obera.fr\/wp-content\/uploads\/2020\/11\/TK-tiroir-des-dechets-300x169.jpg 300w, https:\/\/obera.fr\/wp-content\/uploads\/2020\/11\/TK-tiroir-des-dechets-768x432.jpg 768w, https:\/\/obera.fr\/wp-content\/uploads\/2020\/11\/TK-tiroir-des-dechets.jpg 1200w\" sizes=\"(max-width: 1024px) 100vw, 1024px\" \/><figcaption class=\"wp-element-caption\">J\u00e4\u00e4tmesahtli sahtlisse<\/figcaption><\/figure>\n<\/figure>\n\n<div class=\"wp-block-columns is-layout-flex wp-container-core-columns-is-layout-28f84493 wp-block-columns-is-layout-flex\">\n<div class=\"wp-block-column is-layout-flow wp-block-column-is-layout-flow\">\n<h2 class=\"wp-block-heading has-text-align-center\">Eelised<\/h2>\n\n\n\n<ul class=\"wp-block-list\">\n<li>V\u00e4ike jalaj\u00e4lg t\u00e4nu kompaktsele disainile<\/li>\n\n\n\n<li>Lihtne kasutada<\/li>\n\n\n\n<li>Madalad jooksvad kulud t\u00e4nu puhastatavale kottfiltrile<\/li>\n\n\n\n<li>Madal hoolduskoormus<\/li>\n\n\n\n<li>Puhastatav, kauakestev kottfilter<\/li>\n\n\n\n<li>Vastupidav tolmu kogumise sahtlisse<\/li>\n<\/ul>\n<\/div>\n\n\n\n<div class=\"wp-block-column is-layout-flow wp-block-column-is-layout-flow\">\n<h2 class=\"wp-block-heading has-text-align-center\">Eriomadused<\/h2>\n\n\n\n<ul class=\"wp-block-list\">\n<li>Kottfiltri k\u00e4sitsi puhastamine<\/li>\n\n\n\n<li>Statsionaarne paigaldus<\/li>\n<\/ul>\n<\/div>\n\n\n\n<div class=\"wp-block-column is-layout-flow wp-block-column-is-layout-flow\">\n<h2 class=\"wp-block-heading has-text-align-center\">Omadused<\/h2>\n\n\n\n<ul class=\"wp-block-list\">\n<li>Otse v\u00e4ljat\u00f5mbamiseks lihvimis-, freesimis- ja freespinkide eemaldamise masinatel<\/li>\n\n\n\n<li>Sporaadiliseks kasutamiseks v\u00e4ikeste tolmukoguste puhul.<\/li>\n<\/ul>\n<\/div>\n<\/div>\n\n<h2 class=\"wp-block-heading\">Rakendused<\/h2>\n\n<div class=\"wp-block-columns is-layout-flex wp-container-core-columns-is-layout-28f84493 wp-block-columns-is-layout-flex\">\n<div class=\"wp-block-column is-layout-flow wp-block-column-is-layout-flow\">\n<h3 class=\"wp-block-heading has-text-align-center\">Saasteained<\/h3>\n\n\n\n<hr class=\"wp-block-separator has-css-opacity is-style-wide\"\/>\n\n\n\n<div class=\"wp-block-columns is-layout-flex wp-container-core-columns-is-layout-28f84493 wp-block-columns-is-layout-flex\">\n<div class=\"wp-block-column is-layout-flow wp-block-column-is-layout-flow\">\n<figure class=\"wp-block-image aligncenter size-large\"><img decoding=\"async\" width=\"70\" height=\"70\" src=\"https:\/\/obera.fr\/wp-content\/uploads\/2020\/08\/polluants-poussieres.jpg\" alt=\"Saasteained Tolm\" class=\"wp-image-675\"\/><figcaption class=\"wp-element-caption\">Tolm<\/figcaption><\/figure>\n\n\n\n<figure class=\"wp-block-image aligncenter size-large\"><img decoding=\"async\" width=\"70\" height=\"70\" src=\"https:\/\/obera.fr\/wp-content\/uploads\/2020\/08\/polluants-copeaux-bois.jpg\" alt=\"Saasteained Puiduhake\" class=\"wp-image-674\"\/><figcaption class=\"wp-element-caption\">Chips<\/figcaption><\/figure>\n<\/div>\n\n\n\n<div class=\"wp-block-column is-layout-flow wp-block-column-is-layout-flow\">\n<figure class=\"wp-block-image aligncenter size-large\"><img decoding=\"async\" width=\"70\" height=\"70\" src=\"https:\/\/obera.fr\/wp-content\/uploads\/2020\/08\/industrie-fumees.jpg\" alt=\"T&#xF6;&#xF6;stuse suitsu\" class=\"wp-image-722\"\/><figcaption class=\"wp-element-caption\">Aurud<\/figcaption><\/figure>\n<\/div>\n<\/div>\n\n\n\n<p><\/p>\n<\/div>\n\n\n\n<div class=\"wp-block-column is-layout-flow wp-block-column-is-layout-flow\">\n<h3 class=\"wp-block-heading has-text-align-center\">T\u00f6\u00f6stusharud<\/h3>\n\n\n\n<hr class=\"wp-block-separator has-css-opacity is-style-wide\"\/>\n\n\n\n<div class=\"wp-block-columns is-layout-flex wp-container-core-columns-is-layout-28f84493 wp-block-columns-is-layout-flex\">\n<div class=\"wp-block-column is-layout-flow wp-block-column-is-layout-flow\">\n<figure class=\"wp-block-image aligncenter size-large\"><img decoding=\"async\" width=\"70\" height=\"70\" src=\"https:\/\/obera.fr\/wp-content\/uploads\/2020\/08\/industrie-metallurgie.jpg\" alt=\"Metallurgiat&#xF6;&#xF6;stus\" class=\"wp-image-673\"\/><figcaption class=\"wp-element-caption\">Metallurgia<\/figcaption><\/figure>\n<\/div>\n\n\n\n<div class=\"wp-block-column is-layout-flow wp-block-column-is-layout-flow\">\n<figure class=\"wp-block-image aligncenter size-large\"><img decoding=\"async\" width=\"70\" height=\"70\" src=\"https:\/\/obera.fr\/wp-content\/uploads\/2020\/08\/industrie-plastique.jpg\" alt=\"Plastit&#xF6;&#xF6;stus\" class=\"wp-image-669\"\/><figcaption class=\"wp-element-caption\">Plastid<\/figcaption><\/figure>\n<\/div>\n<\/div>\n<\/div>\n<\/div>\n\n<div class=\"wp-block-buttons is-horizontal is-content-justification-center is-layout-flex wp-container-core-buttons-is-layout-03627597 wp-block-buttons-is-layout-flex\">\n<div class=\"wp-block-button has-custom-width wp-block-button__width-100\"><a class=\"wp-block-button__link wp-element-button\" href=\"https:\/\/obera.fr\/et\/votke-meiega-uhendust\/\">Lisateavet<\/a><\/div>\n<\/div>\n\n<h2 class=\"wp-block-heading\">Tehnilised andmed<\/h2>\n\n<table id=\"tablepress-154\" class=\"tablepress tablepress-id-154\">\n<thead>\n<tr class=\"row-1\">\n\t<th class=\"column-1\">Appareil<\/th><td class=\"column-2\"><\/td><th class=\"column-3\">4<\/th><th class=\"column-4\">6<\/th>\n<\/tr>\n<\/thead>\n<tbody class=\"row-striping row-hover\">\n<tr class=\"row-2\">\n\t<td class=\"column-1\">D\u00e9bit<\/td><td class=\"column-2\">m3\/h<\/td><td class=\"column-3\">300<\/td><td class=\"column-4\">450<\/td>\n<\/tr>\n<tr class=\"row-3\">\n\t<td class=\"column-1\">Diam\u00e8tre d'entr\u00e9e<\/td><td class=\"column-2\">mm<\/td><td class=\"column-3\">60<\/td><td class=\"column-4\">80<\/td>\n<\/tr>\n<tr class=\"row-4\">\n\t<td class=\"column-1\">pression n\u00e9gative max<\/td><td class=\"column-2\">Pa<\/td><td class=\"column-3\">1400<\/td><td class=\"column-4\">1400<\/td>\n<\/tr>\n<tr class=\"row-5\">\n\t<td class=\"column-1\">Tension d'alimentation<\/td><td class=\"column-2\">V<\/td><td class=\"column-3\">400<\/td><td class=\"column-4\">400<\/td>\n<\/tr>\n<tr class=\"row-6\">\n\t<td class=\"column-1\">Puissance<\/td><td class=\"column-2\">kW<\/td><td class=\"column-3\">0.55<\/td><td class=\"column-4\">0.55<\/td>\n<\/tr>\n<tr class=\"row-7\">\n\t<td class=\"column-1\">Dimensions<\/td><td class=\"column-2\">l\/L\/h (mm)<\/td><td class=\"column-3\">400 x 400 x 590<\/td><td class=\"column-4\">400 x 400 x 590<\/td>\n<\/tr>\n<tr class=\"row-8\">\n\t<td class=\"column-1\">Poids<\/td><td class=\"column-2\">kg<\/td><td class=\"column-3\">40<\/td><td class=\"column-4\">40<\/td>\n<\/tr>\n<tr class=\"row-9\">\n\t<td class=\"column-1\">Niveau de Bruyance<\/td><td class=\"column-2\">dB(A)<\/td><td class=\"column-3\">68<\/td><td class=\"column-4\">68<\/td>\n<\/tr>\n<\/tbody>\n<\/table>\n\n\n<hr class=\"wp-block-separator has-css-opacity is-style-dots\"\/>\n\n<h2 class=\"wp-block-heading\">Muud v\u00e4ikesed tolmuimejad kaubam\u00e4rgist oberA<\/h2>\n\n<div class=\"wp-block-columns is-layout-flex wp-container-core-columns-is-layout-28f84493 wp-block-columns-is-layout-flex\">\n<div class=\"wp-block-column is-layout-flow wp-block-column-is-layout-flow\">\n<figure class=\"wp-block-image aligncenter size-medium\"><a href=\"https:\/\/obera.fr\/produits\/depoussiereurs-industriels\/petits\/jumbo\/\"><img decoding=\"async\" width=\"300\" height=\"300\" src=\"https:\/\/obera.fr\/wp-content\/uploads\/2020\/10\/jumbo-300x300.png\" alt=\"Jumbo\" class=\"wp-image-1171\" srcset=\"https:\/\/obera.fr\/wp-content\/uploads\/2020\/10\/jumbo-300x300.png 300w, https:\/\/obera.fr\/wp-content\/uploads\/2020\/10\/jumbo-150x150.png 150w, https:\/\/obera.fr\/wp-content\/uploads\/2020\/10\/jumbo.png 500w\" sizes=\"(max-width: 300px) 100vw, 300px\" \/><\/a><figcaption class=\"wp-element-caption\">Jumbo<\/figcaption><\/figure>\n<\/div>\n\n\n\n<div class=\"wp-block-column is-layout-flow wp-block-column-is-layout-flow\">\n<figure class=\"wp-block-image aligncenter size-full is-resized\"><a href=\"https:\/\/obera.fr\/produits\/depoussiereurs-industriels\/petits\/srf-t\/\"><img decoding=\"async\" width=\"600\" height=\"600\" src=\"https:\/\/obera.fr\/wp-content\/uploads\/2020\/10\/SRF-T-SF.png\" alt=\"Suitsu - tolmukollektor\" class=\"wp-image-1310\" style=\"width:300px;height:300px\" srcset=\"https:\/\/obera.fr\/wp-content\/uploads\/2020\/10\/SRF-T-SF.png 600w, https:\/\/obera.fr\/wp-content\/uploads\/2020\/10\/SRF-T-SF-300x300.png 300w, https:\/\/obera.fr\/wp-content\/uploads\/2020\/10\/SRF-T-SF-150x150.png 150w\" sizes=\"(max-width: 600px) 100vw, 600px\" \/><\/a><figcaption class=\"wp-element-caption\">SRF-T<\/figcaption><\/figure>\n<\/div>\n\n\n\n<div class=\"wp-block-column is-layout-flow wp-block-column-is-layout-flow\">\n<figure class=\"wp-block-image aligncenter size-medium\"><a href=\"https:\/\/obera.fr\/produits\/depoussiereurs-industriels\/petits\/aspiration-fumees-soudage-laser-epur-b-ex\/\"><img decoding=\"async\" width=\"300\" height=\"300\" src=\"https:\/\/obera.fr\/wp-content\/uploads\/2023\/10\/epurb-ex-1000-3000-5000-300x300.png\" alt=\"oberA epur b ex 1000 3000 5000\" class=\"wp-image-25016\" srcset=\"https:\/\/obera.fr\/wp-content\/uploads\/2023\/10\/epurb-ex-1000-3000-5000-300x300.png 300w, https:\/\/obera.fr\/wp-content\/uploads\/2023\/10\/epurb-ex-1000-3000-5000-150x150.png 150w, https:\/\/obera.fr\/wp-content\/uploads\/2023\/10\/epurb-ex-1000-3000-5000.png 600w\" sizes=\"(max-width: 300px) 100vw, 300px\" \/><\/a><figcaption class=\"wp-element-caption\">EPUR B EX 1000<\/figcaption><\/figure>\n<\/div>\n<\/div>\n\n<p><\/p>\n","protected":false},"excerpt":{"rendered":"<p>V\u00e4ikesed tolmukogumisseadmed otseseks v\u00e4ljat\u00f5mbamiseks t\u00f6\u00f6tluskeskustel V\u00e4ikesed TK-seeria tolmuimejad on m\u00f5eldud sporaadiliseks kasutamiseks \u00fchepunkti tolmuimejaks mehhaanilistes t\u00f6\u00f6kodades ja metallit\u00f6\u00f6tlemisettev\u00f5tetes. Tolmune \u00f5hk puhastatakse puhastatava kangasfiltri abil, mis v\u00f5imaldab \u00f5hku t\u00f6\u00f6piirkonda tagasi suunata. T\u00e4nu v\u00e4ikestele m\u00f5\u00f5tmetele saab tolmuimejaid kiiresti ja lihtsalt paigaldada laudade alla v\u00f5i riiulitele. Selle paigalduse tugevdamiseks v\u00f5ib kaaluda t\u00f6\u00f6stusliku kapoti integreerimist. See spetsiaalselt t\u00f6\u00f6stuslikuks kasutamiseks m\u00f5eldud kapoti suurendab tolmu kogumise t\u00f5husust, kontsentreerides sissevoolu ja kaitstes vahetut keskkonda. Tolmuimeja valimisel on oluline esitada k\u00fcsimus:&#8220;Millise tolmuimeja ma peaksin valima?&#8221;. Sellele k\u00fcsimusele vastamiseks tuleb arvesse v\u00f5tta mitmeid tegureid, n\u00e4iteks tekkiva tolmu mahtu, osakeste t\u00fc\u00fcpi ja t\u00f6\u00f6koja eritingimusi. Sobiv t\u00f6\u00f6stuslik tolmukoguja peab olema v\u00f5imeline &#8230; <\/p>\n<p class=\"read-more-container\"><a title=\"TK-Serie\" class=\"read-more button\" href=\"https:\/\/obera.fr\/et\/produits\/depoussiereurs-industriels\/petits\/tk-serie\/#more-51514\" aria-label=\"Read more about TK-Serie\">Lire la suite<\/a><\/p>\n","protected":false},"author":4,"featured_media":50560,"parent":52097,"menu_order":0,"comment_status":"closed","ping_status":"closed","template":"","meta":{"_acf_changed":false,"_seopress_robots_primary_cat":"","_seopress_titles_title":"TK-seeria : V\u00e4ikesed tolmukogumisseadmed otseseks v\u00e4ljat\u00f5mbamiseks","_seopress_titles_desc":"V\u00e4ikesed TK-seeria tolmueemaldid on ette n\u00e4htud mehaaniliste t\u00f6\u00f6kodade ja metallit\u00f6\u00f6tlemisettev\u00f5tete \u00fchekordseks v\u00e4ljat\u00f5mbamiseks.","_seopress_robots_index":"","footnotes":""},"class_list":{"0":"post-51514","1":"page","2":"type-page","3":"status-publish","4":"has-post-thumbnail","6":"no-featured-image-padding","7":"resize-featured-image"},"acf":[],"_links":{"self":[{"href":"https:\/\/obera.fr\/et\/wp-json\/wp\/v2\/pages\/51514","targetHints":{"allow":["GET"]}}],"collection":[{"href":"https:\/\/obera.fr\/et\/wp-json\/wp\/v2\/pages"}],"about":[{"href":"https:\/\/obera.fr\/et\/wp-json\/wp\/v2\/types\/page"}],"author":[{"embeddable":true,"href":"https:\/\/obera.fr\/et\/wp-json\/wp\/v2\/users\/4"}],"replies":[{"embeddable":true,"href":"https:\/\/obera.fr\/et\/wp-json\/wp\/v2\/comments?post=51514"}],"version-history":[{"count":11,"href":"https:\/\/obera.fr\/et\/wp-json\/wp\/v2\/pages\/51514\/revisions"}],"predecessor-version":[{"id":117568,"href":"https:\/\/obera.fr\/et\/wp-json\/wp\/v2\/pages\/51514\/revisions\/117568"}],"up":[{"embeddable":true,"href":"https:\/\/obera.fr\/et\/wp-json\/wp\/v2\/pages\/52097"}],"wp:featuredmedia":[{"embeddable":true,"href":"https:\/\/obera.fr\/et\/wp-json\/wp\/v2\/media\/50560"}],"wp:attachment":[{"href":"https:\/\/obera.fr\/et\/wp-json\/wp\/v2\/media?parent=51514"}],"curies":[{"name":"wp","href":"https:\/\/api.w.org\/{rel}","templated":true}]}}