{"id":51524,"date":"2021-02-02T16:59:47","date_gmt":"2021-02-02T14:59:47","guid":{"rendered":"https:\/\/obera.fr\/estmac-kuiv-tolmukoguja\/"},"modified":"2025-04-25T15:35:27","modified_gmt":"2025-04-25T13:35:27","slug":"depoussiereur-a-sec-estmac","status":"publish","type":"page","link":"https:\/\/obera.fr\/et\/produits\/depoussiereurs-industriels\/fixes\/depoussiereur-a-sec-estmac\/","title":{"rendered":"ESTMAC kuiv tolmukoguja"},"content":{"rendered":"\n<p>ESTMAC on <a href=\"https:\/\/obera.fr\/et\/produits\/depoussiereurs-industriels\/\" data-type=\"page\" data-id=\"389\">kompaktsete statsionaarsete tolmukogumisseadmete<\/a> valik, mis pakuvad odavat lahendust v\u00e4ikeste ja keskmise suurusega <strong>tolmu- ja laastukoguste<\/strong> eemaldamiseks.  <\/p>\n\n\n\n<h2 class=\"wp-block-heading\" id=\"qu-est-ce-que-le-depoussiereur-estmac\">Mis on ESTMAC tolmukoguja?<\/h2>\n\n\n\n<div class=\"wp-block-columns is-layout-flex wp-container-core-columns-is-layout-28f84493 wp-block-columns-is-layout-flex\">\n<div class=\"wp-block-column is-layout-flow wp-block-column-is-layout-flow\" style=\"flex-basis:33.33%\">\n<figure class=\"wp-block-image aligncenter size-medium\"><img decoding=\"async\" width=\"300\" height=\"264\" src=\"https:\/\/obera.fr\/wp-content\/uploads\/2021\/02\/Depoussiereur-fixe-ESTMAC-300x264.png\" alt=\"Estmaci fikseeritud tolmukogumisseadmed\" class=\"wp-image-4475\" srcset=\"https:\/\/obera.fr\/wp-content\/uploads\/2021\/02\/Depoussiereur-fixe-ESTMAC-300x264.png 300w, https:\/\/obera.fr\/wp-content\/uploads\/2021\/02\/Depoussiereur-fixe-ESTMAC.png 480w\" sizes=\"(max-width: 300px) 100vw, 300px\" \/><\/figure>\n<\/div>\n\n\n\n<div class=\"wp-block-column is-vertically-aligned-center is-layout-flow wp-block-column-is-layout-flow\" style=\"flex-basis:66.66%\">\n<p>Tolmukogumisseadmed eemaldavad <strong>kuiva ja \u00e4ravoolava tolmu<\/strong> ning pakuvad mitmesuguseid rakendusi paljudes sektorites.  <\/p>\n\n\n\n<p>T\u00e4nu oma <strong>kompaktsetele m\u00f5\u00f5tmetele<\/strong> saab ESTMACi kuivad tolmukollektorid paigaldada paindlikult muutuvatesse kohtadesse.<\/p>\n\n\n\n<p>Need on varustatud <strong>puhastatavate tolmuklassi &#8220;M&#8221; filtrikassettidega<\/strong>, mis vastavad <strong>osakeste eraldamise<\/strong> t\u00f5hususele <strong>99,9%<\/strong>. Integreeritud eelseparaator pikendab filtrikassettide kasutusiga, eraldades eelnevalt j\u00e4medad osakesed. See v\u00e4hendab filtrite koormust, kuna need peavad filtreerima ainult k\u00f5ige peenemat tolmu.  <\/p>\n\n\n\n<p>Liigutatava tolmukogumisaluse abil saab<strong> mustuse h\u00f5lpsasti<\/strong> ja ohutult<strong> eemaldada<\/strong>. Helikindel ventilaator on kavandatud <strong>maksimaalse \u00f5huvoolu<\/strong> saavutamiseks <strong>minimaalse m\u00fcraga<\/strong>. See tagab madala t\u00f6\u00f6m\u00fcra.  <\/p>\n<\/div>\n<\/div>\n\n\n\n<div class=\"wp-block-columns is-layout-flex wp-container-core-columns-is-layout-28f84493 wp-block-columns-is-layout-flex\">\n<div class=\"wp-block-column is-layout-flow wp-block-column-is-layout-flow\" style=\"flex-basis:33.33%\"><\/div>\n\n\n\n<div class=\"wp-block-column is-layout-flow wp-block-column-is-layout-flow\" style=\"flex-basis:33.34%\">\n<div class=\"wp-block-buttons is-horizontal is-content-justification-center is-layout-flex wp-container-core-buttons-is-layout-03627597 wp-block-buttons-is-layout-flex\">\n<div class=\"wp-block-button has-custom-width wp-block-button__width-100\"><a class=\"wp-block-button__link wp-element-button\" href=\"https:\/\/obera.fr\/et\/votke-meiega-uhendust\/\">Lisateavet<\/a><\/div>\n<\/div>\n\n\n\n<p><\/p>\n\n\n\n<div class=\"wp-block-buttons is-content-justification-center is-layout-flex wp-container-core-buttons-is-layout-a89b3969 wp-block-buttons-is-layout-flex\">\n<div class=\"wp-block-button\"><a class=\"wp-block-button__link wp-element-button\" href=\"https:\/\/obera.fr\/wp-content\/uploads\/2025\/04\/brochure-estmac-en.pdf\">LAE ALLA BRO\u0160\u00dc\u00dcR<\/a><\/div>\n<\/div>\n<\/div>\n\n\n\n<div class=\"wp-block-column is-layout-flow wp-block-column-is-layout-flow\" style=\"flex-basis:33.34%\">\n<div class=\"wp-block-buttons is-content-justification-center is-layout-flex wp-container-core-buttons-is-layout-a89b3969 wp-block-buttons-is-layout-flex\">\n<div class=\"wp-block-button btn-devis-source\"><a class=\"wp-block-button__link wp-element-button\" href=\"https:\/\/obera.fr\/et\/devis\/\">Taotlege hinnapakkumist<\/a><\/div>\n<\/div>\n\n\n<script>\r\ndocument.addEventListener('DOMContentLoaded', function() {\r\n    \/\/ 1. On cherche le titre H1 de la page\r\n    var h1 = document.querySelector('h1');\r\n    var productTitle = h1 ? h1.innerText.trim() : \"\";\r\n\r\n    \/\/ 2. On cherche les boutons via la classe CSS .btn-devis-source\r\n    var buttons = document.querySelectorAll('.btn-devis-source a');\r\n\r\n    \/\/ 3. Si on a le titre et les boutons, on ajoute le param\u00e8tre\r\n    if (buttons.length > 0 && productTitle !== \"\") {\r\n        var encodedTitle = encodeURIComponent(productTitle);\r\n\r\n        buttons.forEach(function(btn) {\r\n            var currentHref = btn.getAttribute('href');\r\n            \r\n            \/\/ S\u00e9curit\u00e9 pour ne pas ajouter le param\u00e8tre 2 fois\r\n            if (currentHref.indexOf('sujet=') === -1) {\r\n                var separator = currentHref.indexOf('?') !== -1 ? '&' : '?';\r\n                var newLink = currentHref + separator + 'sujet=' + encodedTitle;\r\n                \r\n                btn.setAttribute('href', newLink);\r\n            }\r\n        });\r\n    }\r\n});\r\n<\/script><\/div>\n<\/div>\n\n\n\n<h2 class=\"wp-block-heading\" id=\"pour-quelles-utilisations\">Milleks?<\/h2>\n\n\n\n<p><a href=\"https:\/\/obera.fr\/et\/produits\/depoussiereurs-industriels\/petits\/\">V\u00e4ikesed<\/a><strong> <\/strong>tolmukogujad on m\u00f5eldud v\u00e4ikeste ja keskmise suurusega koguste metallitolmu ja -laastude, plastitolmu ja -laastude, mineraaltolmu, \u00f5hutolmu ja komposiitmaterjalide tolmu t\u00f5husaks eemaldamiseks.<\/p>\n\n\n\n<blockquote class=\"wp-block-quote is-layout-flow wp-block-quote-is-layout-flow\">\n<p>Neid statsionaarseid tolmuimejaid saab \u00fchendada otse <strong>\u00fche v\u00f5i mitme t\u00f6\u00f6jaama<\/strong> v\u00f5i <strong>\u00fche v\u00f5i mitme tootmispingi<\/strong> k\u00fclge. Neid saab paigaldada ka <strong> <\/strong><a href=\"https:\/\/obera.fr\/et\/produits\/bras-dispositifs-captation\/capot-industriel\/\">imemisvarre<\/a>, kui tegemist on allika imemisega.<\/p>\n<\/blockquote>\n\n\n\n<p>Need saasteained tekivad tavaliselt saagimise, l\u00f5ikamise, mehaanilise t\u00f6\u00f6tlemise, freesimise, lihvimise, poleerimise v\u00f5i materjalide eraldamise v\u00f5i dekanteerimise k\u00e4igus.  <\/p>\n\n\n\n<div class=\"wp-block-columns is-layout-flex wp-container-core-columns-is-layout-28f84493 wp-block-columns-is-layout-flex\">\n<div class=\"wp-block-column is-layout-flow wp-block-column-is-layout-flow\">\n<h3 class=\"wp-block-heading has-text-align-center\" id=\"polluants\">POLLUTANTS<\/h3>\n\n\n\n<hr class=\"wp-block-separator has-css-opacity aligncenter is-style-wide\"\/>\n\n\n\n<div style=\"height:20px\" aria-hidden=\"true\" class=\"wp-block-spacer\"><\/div>\n\n\n\n<div class=\"wp-block-columns is-layout-flex wp-container-core-columns-is-layout-28f84493 wp-block-columns-is-layout-flex\">\n<div class=\"wp-block-column is-layout-flow wp-block-column-is-layout-flow\">\n<figure class=\"wp-block-image aligncenter size-large\"><img decoding=\"async\" width=\"70\" height=\"70\" src=\"https:\/\/obera.fr\/wp-content\/uploads\/2020\/08\/polluants-poussieres.jpg\" alt=\"Meeter - toode\" class=\"wp-image-675\"\/><figcaption class=\"wp-element-caption\">Tolm<\/figcaption><\/figure>\n<\/div>\n\n\n\n<div class=\"wp-block-column is-layout-flow wp-block-column-is-layout-flow\">\n<figure class=\"wp-block-image aligncenter size-large\"><img decoding=\"async\" width=\"70\" height=\"70\" src=\"https:\/\/obera.fr\/wp-content\/uploads\/2020\/08\/polluants-copeaux-bois.jpg\" alt=\"Illustratsioon - Vektorgraafika\" class=\"wp-image-674\"\/><figcaption class=\"wp-element-caption\">Chips<\/figcaption><\/figure>\n<\/div>\n<\/div>\n<\/div>\n\n\n\n<div class=\"wp-block-column is-layout-flow wp-block-column-is-layout-flow\">\n<h3 class=\"wp-block-heading has-text-align-center\" id=\"industries\">INDUSTRIES<\/h3>\n\n\n\n<hr class=\"wp-block-separator has-css-opacity aligncenter is-style-wide\"\/>\n\n\n\n<div style=\"height:20px\" aria-hidden=\"true\" class=\"wp-block-spacer\"><\/div>\n\n\n\n<div class=\"wp-block-columns is-layout-flex wp-container-core-columns-is-layout-28f84493 wp-block-columns-is-layout-flex\">\n<div class=\"wp-block-column is-layout-flow wp-block-column-is-layout-flow\">\n<figure class=\"wp-block-image aligncenter size-large\"><img decoding=\"async\" width=\"70\" height=\"70\" src=\"https:\/\/obera.fr\/wp-content\/uploads\/2020\/08\/industrie-metallurgie.jpg\" alt=\"Metallurgia\" class=\"wp-image-673\"\/><figcaption class=\"wp-element-caption\">Metallurgia<\/figcaption><\/figure>\n\n\n\n<figure class=\"wp-block-image aligncenter size-large\"><img decoding=\"async\" width=\"70\" height=\"70\" src=\"https:\/\/obera.fr\/wp-content\/uploads\/2020\/08\/industrie-plastique.jpg\" alt=\"Plastid\" class=\"wp-image-669\"\/><figcaption class=\"wp-element-caption\">Plastid<\/figcaption><\/figure>\n\n\n\n<figure class=\"wp-block-image aligncenter size-large is-resized\"><img decoding=\"async\" width=\"100\" height=\"100\" src=\"https:\/\/obera.fr\/wp-content\/uploads\/2020\/11\/29-materiaux-composites.jpg\" alt=\"Komposiitmaterjalid\" class=\"wp-image-1671\"\/><figcaption class=\"wp-element-caption\">Komposiitmaterjalid<\/figcaption><\/figure>\n<\/div>\n\n\n\n<div class=\"wp-block-column is-layout-flow wp-block-column-is-layout-flow\">\n<figure class=\"wp-block-image aligncenter size-large\"><img decoding=\"async\" width=\"70\" height=\"70\" src=\"https:\/\/obera.fr\/wp-content\/uploads\/2020\/08\/industrie-bois.jpg\" alt=\"Puidut\u00f6\u00f6tlemine\" class=\"wp-image-672\"\/><figcaption class=\"wp-element-caption\">Puidut\u00f6\u00f6tlemine<\/figcaption><\/figure>\n\n\n\n<figure class=\"wp-block-image aligncenter size-large\"><img decoding=\"async\" width=\"70\" height=\"70\" src=\"https:\/\/obera.fr\/wp-content\/uploads\/2020\/08\/industrie-minerai.jpg\" alt=\"Mineraalid\" class=\"wp-image-724\"\/><figcaption class=\"wp-element-caption\">Mineraalid<\/figcaption><\/figure>\n\n\n\n<p><\/p>\n<\/div>\n<\/div>\n<\/div>\n<\/div>\n\n\n\n<h2 class=\"wp-block-heading\" id=\"quelles-sont-les-caracteristiques\">Millised on omadused?<\/h2>\n\n\n\n<p>Need t\u00f6\u00f6stuslikud tolmukogumisseadmed on kavandatud statsionaarsete seadmetena, kuid<strong> neid saab h\u00f5lpsasti teisaldada<\/strong>. Kuni <strong>1800 m3\/h <\/strong>\u00f5huvooluhulgaga suudab see t\u00f6\u00f6delda keskmise koguse tolmu ja laaste. ESTMAC-seeria on saadaval kahes mudelis:  <\/p>\n\n\n\n<ul class=\"wp-block-list\">\n<li><strong>ESTMAC 1500<\/strong> tolmukollektor \u00f5huvooluga 1500 m3\/h.<\/li>\n\n\n\n<li><strong>ESTMAC 1800<\/strong> tolmukollektor \u00f5huvooluga 1800 m3\/h.  <\/li>\n<\/ul>\n\n\n\n<p>Need tolmukogujad pakuvad atraktiivset v\u00f5imsuse ja m\u00fcra suhet ning ventilatsiooni\u00fcksuse <strong>helikindlat konstruktsiooni<\/strong>. ESTMAC-seeria on saadaval ka H-klassis, mis v\u00f5imaldab t\u00f6\u00f6delda <strong>ohtlikku tolmu <\/strong>(CMR). Sellisel juhul on seade varustatud t\u00e4iendava <strong>klassi H14<\/strong> k\u00fcllastusfiltri astmega.  <\/p>\n\n\n\n<p>Lisada v\u00f5ib ka t\u00e4iendava s\u00e4deme eelseparaatori (valikuline).<\/p>\n\n\n\n<div class=\"wp-block-columns is-layout-flex wp-container-core-columns-is-layout-28f84493 wp-block-columns-is-layout-flex\">\n<div class=\"wp-block-column is-layout-flow wp-block-column-is-layout-flow\" style=\"flex-basis:33.33%\">\n<figure class=\"wp-block-image alignleft size-medium\"><img decoding=\"async\" width=\"300\" height=\"169\" src=\"https:\/\/obera.fr\/wp-content\/uploads\/2021\/02\/Decolmatage-filtre-ESTMAC-300x169.png\" alt=\"Estmaci filtri ummistumise k\u00f5rvaldamine\" class=\"wp-image-4478\" srcset=\"https:\/\/obera.fr\/wp-content\/uploads\/2021\/02\/Decolmatage-filtre-ESTMAC-300x169.png 300w, https:\/\/obera.fr\/wp-content\/uploads\/2021\/02\/Decolmatage-filtre-ESTMAC-1024x575.png 1024w, https:\/\/obera.fr\/wp-content\/uploads\/2021\/02\/Decolmatage-filtre-ESTMAC-768x432.png 768w, https:\/\/obera.fr\/wp-content\/uploads\/2021\/02\/Decolmatage-filtre-ESTMAC-1536x863.png 1536w, https:\/\/obera.fr\/wp-content\/uploads\/2021\/02\/Decolmatage-filtre-ESTMAC.png 1920w\" sizes=\"(max-width: 300px) 100vw, 300px\" \/><figcaption class=\"wp-element-caption\">K\u00e4sitsi p\u00f6\u00f6rlev ummistuste eemaldamine<\/figcaption><\/figure>\n<\/div>\n\n\n\n<div class=\"wp-block-column is-vertically-aligned-center is-layout-flow wp-block-column-is-layout-flow\" style=\"flex-basis:66.66%\">\n<p class=\"has-text-align-left\">ESTMACi tolmukogumisseadmetel on <strong>k\u00e4sitsi p\u00f6\u00f6rlev filtripuhastuss\u00fcsteem<\/strong>. Filtrit puhutakse \u00fchtlaselt l\u00e4bi suru\u00f5hupaagiga \u00fchendatud p\u00f6\u00f6rleva d\u00fc\u00fcsi. <\/p>\n<\/div>\n<\/div>\n\n\n\n<figure class=\"wp-block-table\"><table class=\"has-fixed-layout\"><thead><tr><th>Seade<\/th><th><\/th><th>ESTMAC 1500<\/th><th>ESTMAC 1800<\/th><\/tr><\/thead><tbody><tr><td>Flow<\/td><td>m3\/h<\/td><td>1 500<\/td><td>1 800<\/td><\/tr><tr><td>Sisselaskeava l\u00e4bim\u00f5\u00f5t<\/td><td>mm<\/td><td>160<\/td><td>160<\/td><\/tr><tr><td>maksimaalne negatiivne r\u00f5hk<\/td><td>Pa<\/td><td>2 040<\/td><td>2 650<\/td><\/tr><tr><td>Toitepinge<\/td><td>V<\/td><td>400<\/td><td>400<\/td><\/tr><tr><td>V\u00f5imsus<\/td><td>kW<\/td><td>1.1<\/td><td>2.2<\/td><\/tr><tr><td>Filtri pindala<\/td><td>m\u00b2<\/td><td>7.5<\/td><td>15<\/td><\/tr><tr><td>Tolmu ladustamisv\u00f5imsus<\/td><td>l<\/td><td>40<\/td><td>40<\/td><\/tr><tr><td>M\u00f5\u00f5tmed<\/td><td>l\/L\/h (mm)<\/td><td>650 x 707 x 1490<\/td><td>650 x 707 x 1490<\/td><\/tr><tr><td>Kaal<\/td><td>kg<\/td><td>170<\/td><td>180<\/td><\/tr><tr><td>M\u00fcratase<\/td><td>dB(A)<\/td><td>71,3<\/td><td>73.3<\/td><\/tr><\/tbody><\/table><\/figure>\n\n\n\n<div class=\"wp-block-buttons is-horizontal is-content-justification-center is-layout-flex wp-container-core-buttons-is-layout-03627597 wp-block-buttons-is-layout-flex\">\n<div class=\"wp-block-button\"><a class=\"wp-block-button__link wp-element-button\" href=\"https:\/\/obera.fr\/wp-content\/uploads\/2025\/04\/brochure-estmac-en.pdf\">toote andmelehe allalaadimine<\/a><\/div>\n<\/div>\n\n\n\n<h3 class=\"wp-block-heading\" id=\"quels-sont-les-avantages\">MILLISED ON EELISED?<\/h3>\n\n\n\n<p>ESTMACi fikseeritud tolmukogujaid on lihtne kasutada ja hooldada. Veelgi enam, hoolimata nende &#8220;fikseeritud tolmukogumisseadmete&#8221; staatusest saab neid siiski ilma suurema vaevata liigutada.  <\/p>\n\n\n\n<p>T\u00e4nu terasplekk-konstruktsioonile on see tolmukoguja vastupidav, mis tagab pika kasutusaja. Ventilaatorite helikindel konstruktsioon tagab madala t\u00f6\u00f6m\u00fcra (71-74 dB).<\/p>\n\n\n\n<p>K\u00e4sitsi p\u00f6\u00f6rlev filtripuhastuss\u00fcsteem pikendab filtrikassettide kasutusiga, v\u00e4hendades hooldus- ja kulumaterjalikulusid.  <\/p>\n\n\n\n<blockquote class=\"wp-block-quote is-layout-flow wp-block-quote-is-layout-flow\">\n<p>Eemaldatav tolmukogumisalus muudab tolmu k\u00f5rvaldamise lihtsaks ja ohutuks.<\/p>\n<\/blockquote>\n\n\n\n<p>Statsionaarsed tolmukogujad saab varustada H-klassi HEPA absoluutse filtriga, mis aitab parandada \u00f5hu kvaliteeti ja j\u00e4rgida t\u00f6\u00f6keskkonna piirnorme<a href=\"https:\/\/obera.fr\/conseils\/reglementation-vlep-evaluation-risque-chimique-lieu-de-travail\/\" data-type=\"post\" data-id=\"6575\">(<\/a>OEL).<\/p>\n\n\n\n<div class=\"wp-block-columns is-layout-flex wp-container-core-columns-is-layout-28f84493 wp-block-columns-is-layout-flex\">\n<div class=\"wp-block-column is-layout-flow wp-block-column-is-layout-flow\">\n<h4 class=\"wp-block-heading has-text-align-center\" id=\"avantages\"><strong>Eelised<\/strong><\/h4>\n\n\n\n<ul class=\"wp-block-list\">\n<li>Sobib kasutamiseks erinevates muutuvates kohtades<\/li>\n\n\n\n<li>Lihtne ja ohutu tolmu eemaldamine<\/li>\n\n\n\n<li>Madalad kasutus- ja j\u00e4relevalvekulud<\/li>\n\n\n\n<li>Vastupidav terasplekk-konstruktsioon pika kasutusaja tagamiseks<\/li>\n\n\n\n<li>Madal t\u00f6\u00f6m\u00fcra<\/li>\n\n\n\n<li>Kasutage tolmuklassile &#8220;M&#8221; vastavaks testitud filtrikassette.<\/li>\n\n\n\n<li>Lihtne kasutada ja hooldada<\/li>\n<\/ul>\n<\/div>\n\n\n\n<div class=\"wp-block-column is-layout-flow wp-block-column-is-layout-flow\">\n<h4 class=\"wp-block-heading has-text-align-center\" id=\"particularites\"><strong>Eriomadused<\/strong><\/h4>\n\n\n\n<ul class=\"wp-block-list\">\n<li>Integreeritud l\u00f6\u00f6gieraldaja j\u00e4meda tolmu jaoks<\/li>\n\n\n\n<li>Erimudelid<\/li>\n\n\n\n<li>Filtrite puhastamine k\u00e4sitsi p\u00f6\u00f6rleva pihustiga<\/li>\n\n\n\n<li>Helikindel ventilaatori korpus<\/li>\n\n\n\n<li>Suure j\u00f5udlusega tsentrifugaalventilaator puhta \u00f5hu poolel<\/li>\n\n\n\n<li>Eemaldatav, teisaldatav tolmukogumisseade mahutavusega ligikaudu 40 l<\/li>\n<\/ul>\n<\/div>\n\n\n\n<div class=\"wp-block-column is-layout-flow wp-block-column-is-layout-flow\">\n<h4 class=\"wp-block-heading has-text-align-center\" id=\"caracteristiques\"><strong>Omadused<\/strong><\/h4>\n\n\n\n<ul class=\"wp-block-list\">\n<li>Ideaalne individuaalsete t\u00f6\u00f6kohtade ja\/v\u00f5i tootmismasinate jaoks<\/li>\n\n\n\n<li>Eemaldab tolmu ja laastud puidust, plastist, metallist ja komposiitmaterjalidest.<\/li>\n\n\n\n<li>Klassi H filtratsioon (valikuline) ohtlike tolmude k\u00e4itlemiseks (CMR)<\/li>\n\n\n\n<li>V\u00f5imalus paigaldada imivars<\/li>\n<\/ul>\n<\/div>\n<\/div>\n\n\n\n<h3 class=\"wp-block-heading\" id=\"en-option\">vabatahtlik<\/h3>\n\n\n\n<div class=\"wp-block-columns is-layout-flex wp-container-core-columns-is-layout-28f84493 wp-block-columns-is-layout-flex\">\n<div class=\"wp-block-column is-layout-flow wp-block-column-is-layout-flow\">\n<figure class=\"wp-block-image aligncenter size-large\"><img decoding=\"async\" width=\"100\" height=\"100\" src=\"https:\/\/obera.fr\/wp-content\/uploads\/2020\/08\/certificat-poussieres-classe-H.jpg\" alt=\"Tolmuimeja - tolmuimeja\" class=\"wp-image-666\"\/><figcaption class=\"wp-element-caption\">Tolmuklassi H sertifikaat vastavalt standardile EN 60-335-2-69.<\/figcaption><\/figure>\n<\/div>\n\n\n\n<div class=\"wp-block-column is-layout-flow wp-block-column-is-layout-flow\">\n<figure class=\"wp-block-image aligncenter size-large\"><img decoding=\"async\" width=\"100\" height=\"100\" src=\"https:\/\/obera.fr\/wp-content\/uploads\/2020\/08\/pre-separateur.jpg\" alt=\"Tolmukollektor - tolm\" class=\"wp-image-683\"\/><figcaption class=\"wp-element-caption\">T\u00e4iendav eelseparaator s\u00e4demete ja laastude jaoks<\/figcaption><\/figure>\n<\/div>\n\n\n\n<div class=\"wp-block-column is-layout-flow wp-block-column-is-layout-flow\">\n<figure class=\"wp-block-image aligncenter size-large\"><img decoding=\"async\" width=\"100\" height=\"100\" src=\"https:\/\/obera.fr\/wp-content\/uploads\/2020\/09\/Charbon-actif-100x100-1.jpg\" alt=\"S\u00f6e - s\u00f6ekaevandus\" class=\"wp-image-963\"\/><figcaption class=\"wp-element-caption\">Aktiivs\u00f6efilter<\/figcaption><\/figure>\n<\/div>\n<\/div>\n\n\n\n<h3 class=\"wp-block-heading\" id=\"accessoires\">tarvikud<\/h3>\n\n\n\n<div class=\"wp-block-columns is-layout-flex wp-container-core-columns-is-layout-28f84493 wp-block-columns-is-layout-flex\">\n<div class=\"wp-block-column is-layout-flow wp-block-column-is-layout-flow\">\n<figure class=\"wp-block-image aligncenter size-full\"><img decoding=\"async\" width=\"100\" height=\"100\" src=\"https:\/\/obera.fr\/wp-content\/uploads\/2020\/08\/accessoires-adaptateur-de-gaines.jpg\" alt=\"Toru - toru\" class=\"wp-image-664\"\/><figcaption class=\"wp-element-caption\">Tuppaadapter<\/figcaption><\/figure>\n<\/div>\n\n\n\n<div class=\"wp-block-column is-layout-flow wp-block-column-is-layout-flow\">\n<figure class=\"wp-block-image aligncenter size-full\"><img decoding=\"async\" width=\"100\" height=\"100\" src=\"https:\/\/obera.fr\/wp-content\/uploads\/2020\/08\/accessoires-gaines.jpg\" alt=\"Tolmukollektor - Filtreerimine\" class=\"wp-image-665\"\/><figcaption class=\"wp-element-caption\">Torustik<\/figcaption><\/figure>\n<\/div>\n\n\n\n<div class=\"wp-block-column is-layout-flow wp-block-column-is-layout-flow\">\n<figure class=\"wp-block-image aligncenter size-full\"><img decoding=\"async\" width=\"100\" height=\"100\" src=\"https:\/\/obera.fr\/wp-content\/uploads\/2020\/08\/accessoires-bras.jpg\" alt=\"Tolmukollektor - keevitamine\" class=\"wp-image-662\"\/><figcaption class=\"wp-element-caption\">K\u00e4si<\/figcaption><\/figure>\n<\/div>\n\n\n\n<div class=\"wp-block-column is-layout-flow wp-block-column-is-layout-flow\">\n<figure class=\"wp-block-image aligncenter size-full\"><img decoding=\"async\" width=\"100\" height=\"100\" src=\"https:\/\/obera.fr\/wp-content\/uploads\/2020\/08\/accessoires-hotte.jpg\" alt=\"Tolmukollektor - Filter\" class=\"wp-image-663\"\/><figcaption class=\"wp-element-caption\">Kapuuts<\/figcaption><\/figure>\n<\/div>\n<\/div>\n\n\n\n<div class=\"wp-block-buttons is-horizontal is-content-justification-center is-layout-flex wp-container-core-buttons-is-layout-03627597 wp-block-buttons-is-layout-flex\">\n<div class=\"wp-block-button has-custom-width wp-block-button__width-100\"><a class=\"wp-block-button__link wp-element-button\" href=\"https:\/\/obera.fr\/et\/votke-meiega-uhendust\/\">Lisateavet<\/a><\/div>\n<\/div>\n\n\n\n<h2 class=\"wp-block-heading\" id=\"les-autres-depoussiereurs-fixes-de-la-marque-obera\">Muud statsionaarsed tolmukogujad kaubam\u00e4rgiga oberA<\/h2>\n\n\n\n<div class=\"wp-block-columns is-layout-flex wp-container-core-columns-is-layout-28f84493 wp-block-columns-is-layout-flex\">\n<div class=\"wp-block-column is-layout-flow wp-block-column-is-layout-flow\">\n<figure class=\"wp-block-image aligncenter size-full is-resized\"><a href=\"https:\/\/obera.fr\/produits\/depoussiereurs-industriels\/fixes\/depoussiereur-a-voie-humide-dustomat-hydro\/\"><img decoding=\"async\" width=\"500\" height=\"500\" src=\"https:\/\/obera.fr\/wp-content\/uploads\/2023\/02\/dustomat-hydro.png\" alt=\"dustomat hydro\" class=\"wp-image-19014\" srcset=\"https:\/\/obera.fr\/wp-content\/uploads\/2023\/02\/dustomat-hydro.png 500w, https:\/\/obera.fr\/wp-content\/uploads\/2023\/02\/dustomat-hydro-300x300.png 300w, https:\/\/obera.fr\/wp-content\/uploads\/2023\/02\/dustomat-hydro-150x150.png 150w\" sizes=\"(max-width: 500px) 100vw, 500px\" \/><\/a><figcaption class=\"wp-element-caption\">Dustomat Hydro<\/figcaption><\/figure>\n<\/div>\n\n\n\n<div class=\"wp-block-column is-layout-flow wp-block-column-is-layout-flow\">\n<figure class=\"wp-block-image aligncenter size-large is-resized\"><a href=\"https:\/\/obera.fr\/produits\/depoussiereurs-industriels\/fixes\/aspiration-centralisee-industrielle-dustmac\/\"><img decoding=\"async\" width=\"600\" height=\"600\" src=\"https:\/\/obera.fr\/wp-content\/uploads\/2020\/08\/depoussiereur-centralise-filtres-a-manches-DUSTMAC-S.png\" alt=\"S\u00fcsteem - tootekujundus\" class=\"wp-image-637\" srcset=\"https:\/\/obera.fr\/wp-content\/uploads\/2020\/08\/depoussiereur-centralise-filtres-a-manches-DUSTMAC-S.png 600w, https:\/\/obera.fr\/wp-content\/uploads\/2020\/08\/depoussiereur-centralise-filtres-a-manches-DUSTMAC-S-300x300.png 300w, https:\/\/obera.fr\/wp-content\/uploads\/2020\/08\/depoussiereur-centralise-filtres-a-manches-DUSTMAC-S-150x150.png 150w\" sizes=\"(max-width: 600px) 100vw, 600px\" \/><\/a><figcaption class=\"wp-element-caption\">DUSTMAC<\/figcaption><\/figure>\n<\/div>\n\n\n\n<div class=\"wp-block-column is-layout-flow wp-block-column-is-layout-flow\"><\/div>\n<\/div>\n","protected":false},"excerpt":{"rendered":"<p>ESTMAC on kompaktsete statsionaarsete tolmukogumisseadmete valik, mis pakuvad odavat lahendust v\u00e4ikeste ja keskmise suurusega tolmu- ja laastukoguste eemaldamiseks. Mis on ESTMAC tolmukoguja? Tolmukogumisseadmed eemaldavad kuiva ja \u00e4ravoolava tolmu ning pakuvad mitmesuguseid rakendusi paljudes sektorites. T\u00e4nu oma kompaktsetele m\u00f5\u00f5tmetele saab ESTMACi kuivad tolmukollektorid paigaldada paindlikult muutuvatesse kohtadesse. Need on varustatud puhastatavate tolmuklassi &#8220;M&#8221; filtrikassettidega, mis vastavad osakeste eraldamise t\u00f5hususele 99,9%. Integreeritud eelseparaator pikendab filtrikassettide kasutusiga, eraldades eelnevalt j\u00e4medad osakesed. See v\u00e4hendab filtrite koormust, kuna need peavad filtreerima ainult k\u00f5ige peenemat tolmu. Liigutatava tolmukogumisaluse abil saab mustuse h\u00f5lpsasti ja ohutult eemaldada. Helikindel ventilaator on kavandatud maksimaalse \u00f5huvoolu saavutamiseks minimaalse m\u00fcraga. See tagab &#8230; <\/p>\n<p class=\"read-more-container\"><a title=\"ESTMAC kuiv tolmukoguja\" class=\"read-more button\" href=\"https:\/\/obera.fr\/et\/produits\/depoussiereurs-industriels\/fixes\/depoussiereur-a-sec-estmac\/#more-51524\" aria-label=\"Read more about ESTMAC kuiv tolmukoguja\">Lire la suite<\/a><\/p>\n","protected":false},"author":4,"featured_media":50560,"parent":52143,"menu_order":0,"comment_status":"closed","ping_status":"closed","template":"","meta":{"_acf_changed":false,"_seopress_robots_primary_cat":"","_seopress_titles_title":"Avastage ESTMAC fikseeritud kuivtolmukoguja OberA'lt","_seopress_titles_desc":"ESTMAC on statsionaarsete, kompaktsete tolmukogumisseadmete valik, mis on v\u00f5imelised t\u00f5husalt eemaldama kuiva ja tilkuvat laastu ja tolmu.","_seopress_robots_index":"","footnotes":""},"class_list":{"0":"post-51524","1":"page","2":"type-page","3":"status-publish","4":"has-post-thumbnail","6":"no-featured-image-padding","7":"resize-featured-image"},"acf":[],"_links":{"self":[{"href":"https:\/\/obera.fr\/et\/wp-json\/wp\/v2\/pages\/51524","targetHints":{"allow":["GET"]}}],"collection":[{"href":"https:\/\/obera.fr\/et\/wp-json\/wp\/v2\/pages"}],"about":[{"href":"https:\/\/obera.fr\/et\/wp-json\/wp\/v2\/types\/page"}],"author":[{"embeddable":true,"href":"https:\/\/obera.fr\/et\/wp-json\/wp\/v2\/users\/4"}],"replies":[{"embeddable":true,"href":"https:\/\/obera.fr\/et\/wp-json\/wp\/v2\/comments?post=51524"}],"version-history":[{"count":8,"href":"https:\/\/obera.fr\/et\/wp-json\/wp\/v2\/pages\/51524\/revisions"}],"predecessor-version":[{"id":92174,"href":"https:\/\/obera.fr\/et\/wp-json\/wp\/v2\/pages\/51524\/revisions\/92174"}],"up":[{"embeddable":true,"href":"https:\/\/obera.fr\/et\/wp-json\/wp\/v2\/pages\/52143"}],"wp:featuredmedia":[{"embeddable":true,"href":"https:\/\/obera.fr\/et\/wp-json\/wp\/v2\/media\/50560"}],"wp:attachment":[{"href":"https:\/\/obera.fr\/et\/wp-json\/wp\/v2\/media?parent=51524"}],"curies":[{"name":"wp","href":"https:\/\/api.w.org\/{rel}","templated":true}]}}