{"id":51545,"date":"2020-10-19T23:22:37","date_gmt":"2020-10-19T21:22:37","guid":{"rendered":"https:\/\/obera.fr\/relvad-ja-pealevotmisseadmed\/toostuslik-ristkulikukujuline-valjatombekapuute\/"},"modified":"2025-11-15T17:19:09","modified_gmt":"2025-11-15T15:19:09","slug":"hotte-rectangulaire","status":"publish","type":"page","link":"https:\/\/obera.fr\/et\/produits\/bras-dispositifs-captation\/hotte-rectangulaire\/","title":{"rendered":"T\u00f6\u00f6stuslik ristk\u00fclikukujuline v\u00e4ljat\u00f5mbekapuute"},"content":{"rendered":"\n<h2 class=\"wp-block-heading\">Meie valik ristk\u00fclikukujulisi v\u00e4ljat\u00f5mbekappe<\/h2>\n\n<div class=\"wp-block-columns is-layout-flex wp-container-core-columns-is-layout-28f84493 wp-block-columns-is-layout-flex\">\n<div class=\"wp-block-column is-layout-flow wp-block-column-is-layout-flow\" style=\"flex-basis:33.33%\">\n<figure class=\"wp-block-image aligncenter size-full\"><img decoding=\"async\" width=\"1200\" height=\"1200\" src=\"https:\/\/obera.fr\/wp-content\/uploads\/2024\/06\/image-hotte-captation.jpg\" alt=\"pildi p&#xFC;&#xFC;dmise kapuuts\" class=\"wp-image-31878\" srcset=\"https:\/\/obera.fr\/wp-content\/uploads\/2024\/06\/image-hotte-captation.jpg 1200w, https:\/\/obera.fr\/wp-content\/uploads\/2024\/06\/image-hotte-captation-300x300.jpg 300w, https:\/\/obera.fr\/wp-content\/uploads\/2024\/06\/image-hotte-captation-1024x1024.jpg 1024w, https:\/\/obera.fr\/wp-content\/uploads\/2024\/06\/image-hotte-captation-150x150.jpg 150w, https:\/\/obera.fr\/wp-content\/uploads\/2024\/06\/image-hotte-captation-768x768.jpg 768w\" sizes=\"(max-width: 1200px) 100vw, 1200px\" \/><figcaption class=\"wp-element-caption\">T\u00f6\u00f6stuslik ristk\u00fclikukujuline v\u00e4ljat\u00f5mbekapuute<\/figcaption><\/figure>\n<\/div>\n\n\n\n<div class=\"wp-block-column is-layout-flow wp-block-column-is-layout-flow\" style=\"flex-basis:66.66%\">\n<p>OBERA <strong>ristk\u00fclikukujulised t\u00f5mbekatted<\/strong> sobivad ideaalselt tolmu, suitsu ja gaasiliste saasteainete kogumiseks nende tekkekohas. Samuti on olemas <a href=\"https:\/\/obera.fr\/et\/produits\/bras-dispositifs-captation\/hotte-modulaire\/\">moodult\u00f5mbekatted<\/a>, mis on kohandatud sellisteks olukordadeks. <\/p>\n\n\n\n<p>OBERA t\u00f6\u00f6stuslikud t\u00f5mbekatted tuleb \u00fchendada kogumiss\u00fcsteemi v\u00f5i tolmueraldajaga. Saadaval kahes erinevas suuruses, v\u00f5imaldavad need kohaneda enamiku kogumiskonfiguratsioonidega.<\/p>\n\n\n\n<p><a href=\"https:\/\/obera.fr\/et\/produits\/bras-dispositifs-captation\/\">Liigendatud t\u00f5mbe\u00f5lgade<\/a> kasutamine parandab saasteainete kogumise paindlikkust ja t\u00f5husust isegi raskesti ligip\u00e4\u00e4setavates kohtades. <a href=\"https:\/\/obera.fr\/et\/produits\/bras-dispositifs-captation\/capot-industriel\/\">T\u00f6\u00f6stuslik kate<\/a>, mis on loodud vastu pidama k\u00f5ige n\u00f5udlikumates keskkondades, tagab seadmete suurema kaitse ja vastupidavuse. Need omadused teevad OBERA t\u00f5mbekatetes\u00fcsteemist t\u00e4ieliku ja usaldusv\u00e4\u00e4rse lahenduse \u00f5hukvaliteedi haldamiseks t\u00f6\u00f6stuslikes keskkondades.<\/p>\n\n\n\n<hr class=\"wp-block-separator has-text-color has-black-color has-css-opacity has-black-background-color has-background is-style-dots\"\/>\n\n\n\n<div class=\"wp-block-columns is-layout-flex wp-container-core-columns-is-layout-28f84493 wp-block-columns-is-layout-flex\">\n<div class=\"wp-block-column is-layout-flow wp-block-column-is-layout-flow\" style=\"flex-basis:50%\">\n<div class=\"wp-block-buttons is-horizontal is-content-justification-center is-layout-flex wp-container-core-buttons-is-layout-03627597 wp-block-buttons-is-layout-flex\">\n<div class=\"wp-block-button has-custom-width wp-block-button__width-100\"><a class=\"wp-block-button__link wp-element-button\" href=\"https:\/\/obera.fr\/et\/votke-meiega-uhendust\/\">Lisateavet<\/a><\/div>\n<\/div>\n<\/div>\n\n\n\n<div class=\"wp-block-column is-layout-flow wp-block-column-is-layout-flow\" style=\"flex-basis:50%\">\n<div class=\"wp-block-buttons is-content-justification-center is-layout-flex wp-container-core-buttons-is-layout-a89b3969 wp-block-buttons-is-layout-flex\">\n<div class=\"wp-block-button btn-devis-source\"><a class=\"wp-block-button__link wp-element-button\" href=\"https:\/\/obera.fr\/et\/devis\/\">Taotlege hinnapakkumist<\/a><\/div>\n<\/div>\n\n\n<script>\r\ndocument.addEventListener('DOMContentLoaded', function() {\r\n    \/\/ 1. On cherche le titre H1 de la page\r\n    var h1 = document.querySelector('h1');\r\n    var productTitle = h1 ? h1.innerText.trim() : \"\";\r\n\r\n    \/\/ 2. On cherche les boutons via la classe CSS .btn-devis-source\r\n    var buttons = document.querySelectorAll('.btn-devis-source a');\r\n\r\n    \/\/ 3. Si on a le titre et les boutons, on ajoute le param\u00e8tre\r\n    if (buttons.length > 0 && productTitle !== \"\") {\r\n        var encodedTitle = encodeURIComponent(productTitle);\r\n\r\n        buttons.forEach(function(btn) {\r\n            var currentHref = btn.getAttribute('href');\r\n            \r\n            \/\/ S\u00e9curit\u00e9 pour ne pas ajouter le param\u00e8tre 2 fois\r\n            if (currentHref.indexOf('sujet=') === -1) {\r\n                var separator = currentHref.indexOf('?') !== -1 ? '&' : '?';\r\n                var newLink = currentHref + separator + 'sujet=' + encodedTitle;\r\n                \r\n                btn.setAttribute('href', newLink);\r\n            }\r\n        });\r\n    }\r\n});\r\n<\/script><\/div>\n<\/div>\n<\/div>\n<\/div>\n\n<h2 class=\"wp-block-heading\">Kasu<\/h2>\n\n<div class=\"wp-block-columns is-layout-flex wp-container-core-columns-is-layout-28f84493 wp-block-columns-is-layout-flex\">\n<div class=\"wp-block-column is-layout-flow wp-block-column-is-layout-flow\">\n<h3 class=\"wp-block-heading has-text-align-center\"><strong>Eelised<\/strong><\/h3>\n\n\n\n<ul class=\"wp-block-list\">\n<li>T\u00e4iuslikuks aurude, lahustite ja tolmu p\u00fc\u00fcdmiseks nende tekkekohas.<\/li>\n\n\n\n<li>\u00dche v\u00f5i mitme t\u00f6\u00f6koha tolmuimeerimine<\/li>\n\n\n\n<li>\u00fchendatakse kogumisv\u00f5rku v\u00f5i tolmukogumisseadmega.<\/li>\n<\/ul>\n<\/div>\n\n\n\n<div class=\"wp-block-column is-layout-flow wp-block-column-is-layout-flow\">\n<h3 class=\"wp-block-heading has-text-align-center\"><strong>Eriomadused<\/strong><\/h3>\n\n\n\n<ul class=\"wp-block-list\">\n<li>Lihtne kujundada<\/li>\n\n\n\n<li>Lihtne paigaldada<\/li>\n<\/ul>\n<\/div>\n\n\n\n<div class=\"wp-block-column is-layout-flow wp-block-column-is-layout-flow\">\n<h3 class=\"wp-block-heading has-text-align-center\"><strong>Omadused<\/strong><\/h3>\n\n\n\n<ul class=\"wp-block-list\">\n<li>Kaks suuruse valikut<\/li>\n\n\n\n<li>Lihtne kasutada ja liigutada<\/li>\n\n\n\n<li>Imemine v\u00f5imalikult l\u00e4hedal allikale<\/li>\n<\/ul>\n<\/div>\n<\/div>\n\n<h2 class=\"wp-block-heading\">Rakendused<\/h2>\n\n<div class=\"wp-block-columns is-layout-flex wp-container-core-columns-is-layout-28f84493 wp-block-columns-is-layout-flex\">\n<div class=\"wp-block-column is-layout-flow wp-block-column-is-layout-flow\">\n<h3 class=\"wp-block-heading has-text-align-center\">Saasteained<\/h3>\n\n\n\n<hr class=\"wp-block-separator has-css-opacity is-style-wide\"\/>\n\n\n\n<div class=\"wp-block-columns is-layout-flex wp-container-core-columns-is-layout-28f84493 wp-block-columns-is-layout-flex\">\n<div class=\"wp-block-column is-layout-flow wp-block-column-is-layout-flow\">\n<figure class=\"wp-block-image aligncenter size-large\"><img decoding=\"async\" width=\"70\" height=\"70\" src=\"https:\/\/obera.fr\/wp-content\/uploads\/2020\/08\/polluants-poussieres.jpg\" alt=\"Saasteained Tolm\" class=\"wp-image-675\"\/><figcaption class=\"wp-element-caption\">Aurud<\/figcaption><\/figure>\n\n\n\n<figure class=\"wp-block-image aligncenter size-large\"><img decoding=\"async\" width=\"70\" height=\"70\" src=\"https:\/\/obera.fr\/wp-content\/uploads\/2020\/08\/industrie-odeur.jpg\" alt=\"T&#xF6;&#xF6;stuse l&#xF5;hn\" class=\"wp-image-723\"\/><figcaption class=\"wp-element-caption\">L\u00f5hnad<\/figcaption><\/figure>\n\n\n\n<figure class=\"wp-block-image aligncenter size-large\"><img decoding=\"async\" width=\"70\" height=\"70\" src=\"https:\/\/obera.fr\/wp-content\/uploads\/2020\/08\/industrie-brouillard-huile.jpg\" alt=\"T&#xF6;&#xF6;stuse udu&#xF5;li\" class=\"wp-image-721\"\/><figcaption class=\"wp-element-caption\">\u00d5liudu<\/figcaption><\/figure>\n<\/div>\n\n\n\n<div class=\"wp-block-column is-layout-flow wp-block-column-is-layout-flow\">\n<figure class=\"wp-block-image aligncenter size-large\"><img decoding=\"async\" width=\"70\" height=\"70\" src=\"https:\/\/obera.fr\/wp-content\/uploads\/2020\/08\/industrie-fumees.jpg\" alt=\"T&#xF6;&#xF6;stuse suitsu\" class=\"wp-image-722\"\/><figcaption class=\"wp-element-caption\">Aurud<\/figcaption><\/figure>\n\n\n\n<figure class=\"wp-block-image aligncenter size-large\"><img decoding=\"async\" width=\"70\" height=\"70\" src=\"https:\/\/obera.fr\/wp-content\/uploads\/2020\/09\/cov.png\" alt=\"Cov\" class=\"wp-image-959\"\/><figcaption class=\"wp-element-caption\">VOCS<\/figcaption><\/figure>\n<\/div>\n<\/div>\n\n\n\n<p><\/p>\n<\/div>\n\n\n\n<div class=\"wp-block-column is-layout-flow wp-block-column-is-layout-flow\">\n<h3 class=\"wp-block-heading has-text-align-center\">T\u00f6\u00f6stusharud<\/h3>\n\n\n\n<hr class=\"wp-block-separator has-css-opacity is-style-wide\"\/>\n\n\n\n<div class=\"wp-block-columns is-layout-flex wp-container-core-columns-is-layout-28f84493 wp-block-columns-is-layout-flex\">\n<div class=\"wp-block-column is-layout-flow wp-block-column-is-layout-flow\">\n<figure class=\"wp-block-image aligncenter size-large\"><img decoding=\"async\" width=\"70\" height=\"70\" src=\"https:\/\/obera.fr\/wp-content\/uploads\/2020\/08\/industrie-metallurgie.jpg\" alt=\"Metallurgiat&#xF6;&#xF6;stus\" class=\"wp-image-673\"\/><figcaption class=\"wp-element-caption\">Metallurgia<\/figcaption><\/figure>\n\n\n\n<figure class=\"wp-block-image aligncenter size-large\"><img decoding=\"async\" width=\"70\" height=\"70\" src=\"https:\/\/obera.fr\/wp-content\/uploads\/2020\/08\/industrie-chimie.jpg\" alt=\"Keemiat&#xF6;&#xF6;stus\" class=\"wp-image-725\"\/><figcaption class=\"wp-element-caption\">Kemikaalid\/Petrokeemia<\/figcaption><\/figure>\n\n\n\n<figure class=\"wp-block-image aligncenter size-large\"><img decoding=\"async\" width=\"70\" height=\"70\" src=\"https:\/\/obera.fr\/wp-content\/uploads\/2020\/08\/industrie-textile.jpg\" alt=\"Tekstiilit&#xF6;&#xF6;stus\" class=\"wp-image-671\"\/><figcaption class=\"wp-element-caption\">Tekstiilid<\/figcaption><\/figure>\n\n\n\n<figure class=\"wp-block-image aligncenter size-large\"><img decoding=\"async\" width=\"70\" height=\"70\" src=\"https:\/\/obera.fr\/wp-content\/uploads\/2020\/08\/industrie-minerai.jpg\" alt=\"Maagit&#xF6;&#xF6;stus\" class=\"wp-image-724\"\/><figcaption class=\"wp-element-caption\">Mineraalid<\/figcaption><\/figure>\n<\/div>\n\n\n\n<div class=\"wp-block-column is-layout-flow wp-block-column-is-layout-flow\">\n<figure class=\"wp-block-image aligncenter size-large\"><img decoding=\"async\" width=\"70\" height=\"70\" src=\"https:\/\/obera.fr\/wp-content\/uploads\/2020\/08\/industrie-plastique.jpg\" alt=\"Plastit&#xF6;&#xF6;stus\" class=\"wp-image-669\"\/><figcaption class=\"wp-element-caption\">Plastid<\/figcaption><\/figure>\n\n\n\n<figure class=\"wp-block-image aligncenter size-large\"><img decoding=\"async\" width=\"70\" height=\"70\" src=\"https:\/\/obera.fr\/wp-content\/uploads\/2020\/08\/industrie-bois.jpg\" alt=\"Puidut&#xF6;&#xF6;stus\" class=\"wp-image-672\"\/><figcaption class=\"wp-element-caption\">Puidut\u00f6\u00f6tlemine<\/figcaption><\/figure>\n\n\n\n<figure class=\"wp-block-image aligncenter size-large\"><img decoding=\"async\" width=\"70\" height=\"70\" src=\"https:\/\/obera.fr\/wp-content\/uploads\/2020\/08\/industrie-papier-carton.jpg\" alt=\"Paberi- ja papit&#xF6;&#xF6;stus\" class=\"wp-image-670\"\/><figcaption class=\"wp-element-caption\">Paber\/papp<\/figcaption><\/figure>\n\n\n\n<figure class=\"wp-block-image aligncenter size-large\"><img decoding=\"async\" width=\"70\" height=\"70\" src=\"https:\/\/obera.fr\/wp-content\/uploads\/2020\/08\/industrie-dechets.jpg\" alt=\"T&#xF6;&#xF6;stuse j&#xE4;&#xE4;tmed\" class=\"wp-image-726\"\/><figcaption class=\"wp-element-caption\">J\u00e4\u00e4tmete kogumine ja sorteerimine<\/figcaption><\/figure>\n<\/div>\n<\/div>\n<\/div>\n<\/div>\n\n<h2 class=\"wp-block-heading\">Tehnilised andmed<\/h2>\n\n<figure class=\"wp-block-table\"><table class=\"has-fixed-layout\"><tbody><tr><td>Ristk\u00fclikukujulised kapuutsid<\/td><td>500&#215;500<\/td><td>600&#215;600<\/td><\/tr><tr><td>Materjal<\/td><td>Alumiinium<\/td><td>Alumiinium<\/td><\/tr><tr><td>Kaal (kg)<\/td><td>2,7<\/td><td>3<\/td><\/tr><tr><td>\u00dchendus (mm)<\/td><td>\u00f8 150 standard (teised l\u00e4bim\u00f5\u00f5dud saadaval)<\/td><td>\u00f8 160 standard (teised l\u00e4bim\u00f5\u00f5dud saadaval)<\/td><\/tr><\/tbody><\/table><\/figure>\n\n<div class=\"wp-block-buttons is-horizontal is-content-justification-center is-layout-flex wp-container-core-buttons-is-layout-03627597 wp-block-buttons-is-layout-flex\">\n<div class=\"wp-block-button has-custom-width wp-block-button__width-100\"><a class=\"wp-block-button__link wp-element-button\" href=\"https:\/\/obera.fr\/et\/votke-meiega-uhendust\/\">Lisateavet<\/a><\/div>\n<\/div>\n\n<hr class=\"wp-block-separator has-css-opacity is-style-dots\"\/>\n\n<h2 class=\"wp-block-heading\">OberA muud imemis- ja kogumistooted<\/h2>\n\n<div class=\"wp-block-columns is-layout-flex wp-container-core-columns-is-layout-28f84493 wp-block-columns-is-layout-flex\">\n<div class=\"wp-block-column is-layout-flow wp-block-column-is-layout-flow\">\n<figure class=\"wp-block-image aligncenter size-thumbnail is-resized\"><a href=\"https:\/\/obera.fr\/et\/produits\/bras-dispositifs-captation\/bras-hotte-ovale-rectangulaire\/\"><img decoding=\"async\" width=\"150\" height=\"150\" src=\"https:\/\/obera.fr\/wp-content\/uploads\/2020\/09\/Bras-SF-150x150.jpg\" alt=\"Imemisvarre\" class=\"wp-image-969\" style=\"object-fit:cover;width:120px;height:120px\" srcset=\"https:\/\/obera.fr\/wp-content\/uploads\/2020\/09\/Bras-SF-150x150.jpg 150w, https:\/\/obera.fr\/wp-content\/uploads\/2020\/09\/Bras-SF-300x300.jpg 300w, https:\/\/obera.fr\/wp-content\/uploads\/2020\/09\/Bras-SF.jpg 433w\" sizes=\"(max-width: 150px) 100vw, 150px\" \/><\/a><figcaption class=\"wp-element-caption\">Imemisvarre<\/figcaption><\/figure>\n<\/div>\n\n\n\n<div class=\"wp-block-column is-layout-flow wp-block-column-is-layout-flow\">\n<figure class=\"wp-block-image aligncenter size-thumbnail is-resized\"><a href=\"https:\/\/obera.fr\/et\/produits\/bras-dispositifs-captation\/bras-de-laboratoire\/\"><img decoding=\"async\" width=\"150\" height=\"150\" src=\"https:\/\/obera.fr\/wp-content\/uploads\/2020\/11\/22-bras-de-labo-150x150.jpg\" alt=\"Laboratoorsed relvad\" class=\"wp-image-1662\" style=\"object-fit:cover;width:120px;height:120px\" srcset=\"https:\/\/obera.fr\/wp-content\/uploads\/2020\/11\/22-bras-de-labo-150x150.jpg 150w, https:\/\/obera.fr\/wp-content\/uploads\/2020\/11\/22-bras-de-labo-300x300.jpg 300w, https:\/\/obera.fr\/wp-content\/uploads\/2020\/11\/22-bras-de-labo-1024x1024.jpg 1024w, https:\/\/obera.fr\/wp-content\/uploads\/2020\/11\/22-bras-de-labo-768x768.jpg 768w, https:\/\/obera.fr\/wp-content\/uploads\/2020\/11\/22-bras-de-labo.jpg 1500w\" sizes=\"(max-width: 150px) 100vw, 150px\" \/><\/a><figcaption class=\"wp-element-caption\">Laboratoorsed relvad<\/figcaption><\/figure>\n<\/div>\n\n\n\n<div class=\"wp-block-column is-layout-flow wp-block-column-is-layout-flow\">\n<figure class=\"wp-block-image aligncenter size-thumbnail is-resized\"><a href=\"https:\/\/obera.fr\/et\/produits\/bras-dispositifs-captation\/dosserets-aspirants\/\"><img decoding=\"async\" width=\"150\" height=\"150\" src=\"https:\/\/obera.fr\/wp-content\/uploads\/2020\/10\/Dosserets-oberA-150x150.png\" alt=\"Obera pritsmed\" class=\"wp-image-1174\" style=\"object-fit:cover;width:120px;height:120px\"\/><\/a><figcaption class=\"wp-element-caption\">Suction backsplashes<\/figcaption><\/figure>\n<\/div>\n\n\n\n<div class=\"wp-block-column is-layout-flow wp-block-column-is-layout-flow\">\n<figure class=\"wp-block-image aligncenter size-thumbnail is-resized\"><a href=\"https:\/\/obera.fr\/et\/produits\/bras-dispositifs-captation\/anneaux-de-pouyes\/\"><img decoding=\"async\" width=\"150\" height=\"150\" src=\"https:\/\/obera.fr\/wp-content\/uploads\/2022\/09\/Anneau-de-pouyes-2-150x150.jpg\" alt=\"Kanar&#xF5;ngad\" class=\"wp-image-14482\" style=\"object-fit:cover;width:120px;height:120px\" srcset=\"https:\/\/obera.fr\/wp-content\/uploads\/2022\/09\/Anneau-de-pouyes-2-150x150.jpg 150w, https:\/\/obera.fr\/wp-content\/uploads\/2022\/09\/Anneau-de-pouyes-2-300x300.jpg 300w, https:\/\/obera.fr\/wp-content\/uploads\/2022\/09\/Anneau-de-pouyes-2.jpg 500w\" sizes=\"(max-width: 150px) 100vw, 150px\" \/><\/a><figcaption class=\"wp-element-caption\">Kanar\u00f5ngad<\/figcaption><\/figure>\n<\/div>\n<\/div>\n\n<div class=\"wp-block-columns is-layout-flex wp-container-core-columns-is-layout-28f84493 wp-block-columns-is-layout-flex\">\n<div class=\"wp-block-column is-layout-flow wp-block-column-is-layout-flow\">\n<figure class=\"wp-block-image aligncenter size-thumbnail is-resized\"><a href=\"https:\/\/obera.fr\/et\/produits\/tables-aspirantes\/\"><img decoding=\"async\" width=\"150\" height=\"150\" src=\"https:\/\/obera.fr\/wp-content\/uploads\/2020\/10\/table-SF-150x150.png\" alt=\"Imemislauad\" class=\"wp-image-1179\" style=\"object-fit:cover;width:120px;height:120px\" srcset=\"https:\/\/obera.fr\/wp-content\/uploads\/2020\/10\/table-SF-150x150.png 150w, https:\/\/obera.fr\/wp-content\/uploads\/2020\/10\/table-SF-300x300.png 300w, https:\/\/obera.fr\/wp-content\/uploads\/2020\/10\/table-SF.png 433w\" sizes=\"(max-width: 150px) 100vw, 150px\" \/><\/a><figcaption class=\"wp-element-caption\">Imemislauad<\/figcaption><\/figure>\n<\/div>\n\n\n\n<div class=\"wp-block-column is-layout-flow wp-block-column-is-layout-flow\">\n<figure class=\"wp-block-image aligncenter size-thumbnail is-resized\"><img decoding=\"async\" width=\"150\" height=\"150\" src=\"https:\/\/obera.fr\/wp-content\/uploads\/2024\/06\/hotte-de-captation-modulaire-600x600-1-150x150.png\" alt=\"modulaarne v&#xE4;ljat&#xF5;mbekapuut 600x600 1\" class=\"wp-image-31479\" style=\"object-fit:cover;width:120px;height:120px\" srcset=\"https:\/\/obera.fr\/wp-content\/uploads\/2024\/06\/hotte-de-captation-modulaire-600x600-1-150x150.png 150w, https:\/\/obera.fr\/wp-content\/uploads\/2024\/06\/hotte-de-captation-modulaire-600x600-1-300x300.png 300w, https:\/\/obera.fr\/wp-content\/uploads\/2024\/06\/hotte-de-captation-modulaire-600x600-1-1024x1024.png 1024w, https:\/\/obera.fr\/wp-content\/uploads\/2024\/06\/hotte-de-captation-modulaire-600x600-1-768x768.png 768w, https:\/\/obera.fr\/wp-content\/uploads\/2024\/06\/hotte-de-captation-modulaire-600x600-1.png 1280w\" sizes=\"(max-width: 150px) 100vw, 150px\" \/><figcaption class=\"wp-element-caption\">Modulaarsed kapuutsid<\/figcaption><\/figure>\n<\/div>\n\n\n\n<div class=\"wp-block-column is-layout-flow wp-block-column-is-layout-flow\">\n<figure class=\"wp-block-image aligncenter size-full is-resized\"><a href=\"https:\/\/obera.fr\/et\/produits\/bras-dispositifs-captation\/capot-industriel\/\"><img decoding=\"async\" width=\"150\" height=\"150\" src=\"https:\/\/obera.fr\/wp-content\/uploads\/2020\/10\/capots.png\" alt=\"Suction bonnets\" class=\"wp-image-1173\" style=\"object-fit:cover;width:120px;height:120px\"\/><\/a><figcaption class=\"wp-element-caption\">Imemis- ja kogumiskapsel<\/figcaption><\/figure>\n<\/div>\n\n\n\n<div class=\"wp-block-column is-layout-flow wp-block-column-is-layout-flow\"><\/div>\n<\/div>\n","protected":false},"excerpt":{"rendered":"<p>Meie valik ristk\u00fclikukujulisi v\u00e4ljat\u00f5mbekappe OBERA ristk\u00fclikukujulised t\u00f5mbekatted sobivad ideaalselt tolmu, suitsu ja gaasiliste saasteainete kogumiseks nende tekkekohas. Samuti on olemas moodult\u00f5mbekatted, mis on kohandatud sellisteks olukordadeks. OBERA t\u00f6\u00f6stuslikud t\u00f5mbekatted tuleb \u00fchendada kogumiss\u00fcsteemi v\u00f5i tolmueraldajaga. Saadaval kahes erinevas suuruses, v\u00f5imaldavad need kohaneda enamiku kogumiskonfiguratsioonidega. Liigendatud t\u00f5mbe\u00f5lgade kasutamine parandab saasteainete kogumise paindlikkust ja t\u00f5husust isegi raskesti ligip\u00e4\u00e4setavates kohtades. T\u00f6\u00f6stuslik kate, mis on loodud vastu pidama k\u00f5ige n\u00f5udlikumates keskkondades, tagab seadmete suurema kaitse ja vastupidavuse. Need omadused teevad OBERA t\u00f5mbekatetes\u00fcsteemist t\u00e4ieliku ja usaldusv\u00e4\u00e4rse lahenduse \u00f5hukvaliteedi haldamiseks t\u00f6\u00f6stuslikes keskkondades. Kasu Eelised Eriomadused Omadused Rakendused Saasteained T\u00f6\u00f6stusharud Tehnilised andmed Ristk\u00fclikukujulised kapuutsid 500&#215;500 600&#215;600 Materjal Alumiinium &#8230; <\/p>\n<p class=\"read-more-container\"><a title=\"T\u00f6\u00f6stuslik ristk\u00fclikukujuline v\u00e4ljat\u00f5mbekapuute\" class=\"read-more button\" href=\"https:\/\/obera.fr\/et\/produits\/bras-dispositifs-captation\/hotte-rectangulaire\/#more-51545\" aria-label=\"Read more about T\u00f6\u00f6stuslik ristk\u00fclikukujuline v\u00e4ljat\u00f5mbekapuute\">Lire la suite<\/a><\/p>\n","protected":false},"author":4,"featured_media":83738,"parent":50984,"menu_order":0,"comment_status":"closed","ping_status":"closed","template":"","meta":{"_acf_changed":false,"_seopress_robots_primary_cat":"","_seopress_titles_title":"oberA t\u00f6\u00f6stuslik ristk\u00fclikukujuline v\u00e4ljat\u00f5mbekapuute","_seopress_titles_desc":"OberA ristk\u00fclikukujulised v\u00e4ljat\u00f5mbekupud on ideaalsed tolmu, suitsu ja gaasiliste saasteainete p\u00fc\u00fcdmiseks nende tekkekohas.","_seopress_robots_index":"","footnotes":""},"class_list":{"0":"post-51545","1":"page","2":"type-page","3":"status-publish","4":"has-post-thumbnail","6":"no-featured-image-padding","7":"resize-featured-image"},"acf":[],"_links":{"self":[{"href":"https:\/\/obera.fr\/et\/wp-json\/wp\/v2\/pages\/51545","targetHints":{"allow":["GET"]}}],"collection":[{"href":"https:\/\/obera.fr\/et\/wp-json\/wp\/v2\/pages"}],"about":[{"href":"https:\/\/obera.fr\/et\/wp-json\/wp\/v2\/types\/page"}],"author":[{"embeddable":true,"href":"https:\/\/obera.fr\/et\/wp-json\/wp\/v2\/users\/4"}],"replies":[{"embeddable":true,"href":"https:\/\/obera.fr\/et\/wp-json\/wp\/v2\/comments?post=51545"}],"version-history":[{"count":5,"href":"https:\/\/obera.fr\/et\/wp-json\/wp\/v2\/pages\/51545\/revisions"}],"predecessor-version":[{"id":132538,"href":"https:\/\/obera.fr\/et\/wp-json\/wp\/v2\/pages\/51545\/revisions\/132538"}],"up":[{"embeddable":true,"href":"https:\/\/obera.fr\/et\/wp-json\/wp\/v2\/pages\/50984"}],"wp:featuredmedia":[{"embeddable":true,"href":"https:\/\/obera.fr\/et\/wp-json\/wp\/v2\/media\/83738"}],"wp:attachment":[{"href":"https:\/\/obera.fr\/et\/wp-json\/wp\/v2\/media?parent=51545"}],"curies":[{"name":"wp","href":"https:\/\/api.w.org\/{rel}","templated":true}]}}