{"id":51613,"date":"2020-08-26T16:20:18","date_gmt":"2020-08-26T14:20:18","guid":{"rendered":"https:\/\/obera.fr\/avasta-obera\/"},"modified":"2025-07-21T15:04:45","modified_gmt":"2025-07-21T13:04:45","slug":"decouvrir","status":"publish","type":"page","link":"https:\/\/obera.fr\/et\/decouvrir\/","title":{"rendered":"Avasta OberA"},"content":{"rendered":"\n<h2 class=\"wp-block-heading\">Meie loosung: &#8220;OberA, mis tagab <mark style=\"background-color:rgba(0, 0, 0, 0)\" class=\"has-inline-color has-global-color-8-color\">teie ettev\u00f5tte <\/mark> \u00f5hukvaliteedi!&#8221;<\/h2>\n\n<p><\/p>\n\n<p>Alsace&#8217;is asuv OberA on t\u00f6\u00f6stusliku \u00f5hut\u00f6\u00f6tluse ekspert. Alates projekteerimisest kuni tootmise ja turustamiseni on meie kohalolek kogu Prantsusmaal ja Euroopas. Meie \u00f6koloogiliste ja \u00f6konoomsete lahenduste abil, mis on kohandatud teie vajadustele, saate nautida tervislikku t\u00f6\u00f6keskkonda, mis parandab t\u00f6\u00f6tingimusi ja suurendab teie ettev\u00f5tte tootlikkust.  <\/p>\n\n<div class=\"wp-block-columns is-layout-flex wp-container-core-columns-is-layout-28f84493 wp-block-columns-is-layout-flex\">\n<div class=\"wp-block-column is-layout-flow wp-block-column-is-layout-flow\" style=\"flex-basis:25%\"><\/div>\n\n\n\n<div class=\"wp-block-column is-layout-flow wp-block-column-is-layout-flow\" style=\"flex-basis:50%\">\n<p><\/p>\n\n\n\n<figure class=\"wp-block-video\"><video height=\"1080\" style=\"aspect-ratio: 1920 \/ 1080;\" width=\"1920\" autoplay=\"\" controls=\"\" loop=\"\" muted=\"\" poster=\"https:\/\/obera.fr\/wp-content\/uploads\/2025\/05\/capture-decran-2025-05-14-100342.png\" src=\"https:\/\/obera.fr\/wp-content\/uploads\/2025\/05\/made_in_france_obera_fr.mp4\"><\/video><\/figure>\n<\/div>\n\n\n\n<div class=\"wp-block-column is-layout-flow wp-block-column-is-layout-flow\" style=\"flex-basis:25%\"><\/div>\n<\/div>\n\n<p><\/p>\n\n<div class=\"wp-block-buttons is-content-justification-center is-layout-flex wp-container-core-buttons-is-layout-a89b3969 wp-block-buttons-is-layout-flex\">\n<div class=\"wp-block-button\"><a class=\"wp-block-button__link wp-element-button\" href=\"https:\/\/obera.fr\/et\/ils-parlent-de-nous-presse-media\/\">Nad r\u00e4\u00e4givad meist<\/a><\/div>\n\n\n\n<div class=\"wp-block-button\"><a class=\"wp-block-button__link wp-element-button\" href=\"https:\/\/obera.fr\/et\/decouvrir\/salons\/\">Tulevased messid<\/a><\/div>\n<\/div>\n\n<h2 class=\"wp-block-heading\">Meie missioon<\/h2>\n\n<div class=\"wp-block-columns is-layout-flex wp-container-core-columns-is-layout-28f84493 wp-block-columns-is-layout-flex\">\n<div class=\"wp-block-column is-layout-flow wp-block-column-is-layout-flow\" style=\"flex-basis:66.66%\">\n<p>OberA kui t\u00f6\u00f6stusliku \u00f5hut\u00f6\u00f6tluse spetsialist tagab teile tervisliku t\u00f6\u00f6keskkonna, edendades optimaalseid t\u00f6\u00f6tingimusi ja aidates parandada teie ettev\u00f5tte tootlikkust.<\/p>\n\n\n\n<blockquote class=\"wp-block-quote is-layout-flow wp-block-quote-is-layout-flow\">\n<p>Teie \u00f5hukvaliteedi tagaja  <\/p>\n<\/blockquote>\n<\/div>\n\n\n\n<div class=\"wp-block-column is-layout-flow wp-block-column-is-layout-flow\" style=\"flex-basis:33.33%\">\n<figure class=\"wp-block-image aligncenter size-large is-resized\"><img decoding=\"async\" width=\"1024\" height=\"1024\" src=\"https:\/\/obera.fr\/wp-content\/uploads\/2025\/05\/ic-30-entrepot-travail-1024x1024.png\" alt=\"ic 30 laot&#xF6;&#xF6;\" class=\"wp-image-93435\" style=\"width:259px;height:auto\" srcset=\"https:\/\/obera.fr\/wp-content\/uploads\/2025\/05\/ic-30-entrepot-travail-1024x1024.png 1024w, https:\/\/obera.fr\/wp-content\/uploads\/2025\/05\/ic-30-entrepot-travail-300x300.png 300w, https:\/\/obera.fr\/wp-content\/uploads\/2025\/05\/ic-30-entrepot-travail-150x150.png 150w, https:\/\/obera.fr\/wp-content\/uploads\/2025\/05\/ic-30-entrepot-travail-768x768.png 768w, https:\/\/obera.fr\/wp-content\/uploads\/2025\/05\/ic-30-entrepot-travail.png 1200w\" sizes=\"(max-width: 1024px) 100vw, 1024px\" \/><\/figure>\n<\/div>\n<\/div>\n\n<h3 class=\"wp-block-heading\">\u00d5hukvaliteedi parandamine tervise ja tootlikkuse parandamiseks<\/h3>\n\n<p>OberAs teame, kui oluline on t\u00f6\u00f6tada tervislikus keskkonnas. Seep\u00e4rast oleme v\u00e4lja t\u00f6\u00f6tanud t\u00f5husad ja uuenduslikud lahendused, mis tagavad teile puhta \u00f5hu, parandavad t\u00f6\u00f6tingimusi ja suurendavad tootlikkust. Meie kohandatud lahendused, mis on kohandatud teie konkreetsetele vajadustele, sobivad ideaalselt teie keskkonda. Meie uuendused on \u00f6koloogilised ja \u00f6konoomsed ning tagavad erakordsed tulemused.   <\/p>\n\n<h3 class=\"wp-block-heading\">Individuaalsed lahendused igaks olukorraks<\/h3>\n\n<p>Oleme p\u00fchendunud sellele, et pakkuda kohandatud lahendusi teie ees seisvatele ainulaadsetele probleemidele. Olenemata sellest, kas vajate mobiilset v\u00f5i p\u00fcsilahendust, teeme teiega tihedat koost\u00f6\u00f6d, et anal\u00fc\u00fcsida teie t\u00f6\u00f6keskkonda, m\u00f5ista teie konkreetseid vajadusi ja kavandada \u00f5hukvaliteedi parandamise s\u00fcsteemid, mis vastavad ideaalselt teie ootustele. <\/p>\n\n<h2 class=\"wp-block-heading\">OberA \u00e4rivaldkonnad<\/h2>\n\n<p>Oleme uhked, et pakume tipptasemel tooteid ja teenuseid, mis aitavad meie klientidel lahendada <strong>tolmu, l\u00f5hna, lenduvate orgaaniliste \u00fchendite ja kuumusega<\/strong> seotud probleeme, luues samal ajal tervislikuma ja produktiivsema t\u00f6\u00f6keskkonna.<\/p>\n\n<p><\/p>\n\n<div class=\"wp-block-columns is-layout-flex wp-container-core-columns-is-layout-28f84493 wp-block-columns-is-layout-flex\">\n<div class=\"wp-block-column is-layout-flow wp-block-column-is-layout-flow\" style=\"flex-basis:25%\"><\/div>\n\n\n\n<div class=\"wp-block-column is-layout-flow wp-block-column-is-layout-flow\" style=\"flex-basis:50%\">\n<figure class=\"wp-block-video\"><video height=\"1080\" style=\"aspect-ratio: 1920 \/ 1080;\" width=\"1920\" autoplay=\"\" controls=\"\" loop=\"\" poster=\"https:\/\/obera.fr\/wp-content\/uploads\/2025\/05\/capture-decran-2025-05-13-093745.png\" src=\"https:\/\/obera.fr\/wp-content\/uploads\/2025\/05\/le-depoussierage-des-espaces-de-travail-1.mp4\"><\/video><\/figure>\n<\/div>\n\n\n\n<div class=\"wp-block-column is-layout-flow wp-block-column-is-layout-flow\" style=\"flex-basis:25%\"><\/div>\n<\/div>\n\n<p><\/p>\n\n<h2 class=\"wp-block-heading\">Range metoodika usaldusv\u00e4\u00e4rsete tulemuste saavutamiseks<\/h2>\n\n<p>OberAs j\u00e4rgime ranget metoodikat, et tagada klientidele optimaalsed tulemused. Enne meie seadmete paigaldamist pakume v\u00e4lja <strong>tolmudiagnostika<\/strong>. See l\u00e4henemisviis v\u00f5imaldab meil m\u00e4\u00e4rata kindlaks teie t\u00f6\u00f6ruumis esineva tolmu taseme ja t\u00fc\u00fcbi. P\u00e4rast seda anal\u00fc\u00fcsi <strong>soovitame<\/strong> olukorrale <strong>kohandatud lahendust<\/strong> ja <strong>oodatavat tulemust<\/strong>. Kui oleme selle teiega kokku leppinud, asume lahendust ellu viima. Rakendatud lahenduse t\u00f5hususe kontrollimiseks viiakse hiljem l\u00e4bi <strong>teine m\u00f5\u00f5tmine<\/strong>. Kui tulemused vastavad oodatud tulemustele, ei muuda me midagi. Kui lahendus ei ole piisavalt t\u00f5hus, <strong>kohandame seda \u00fcmber<\/strong>.      <\/p>\n\n<div class=\"wp-block-columns is-layout-flex wp-container-core-columns-is-layout-28f84493 wp-block-columns-is-layout-flex\">\n<div class=\"wp-block-column is-layout-flow wp-block-column-is-layout-flow\" style=\"flex-basis:25%\"><\/div>\n\n\n\n<div class=\"wp-block-column is-layout-flow wp-block-column-is-layout-flow\" style=\"flex-basis:50%\">\n<figure class=\"wp-block-video\"><video height=\"1080\" style=\"aspect-ratio: 1920 \/ 1080;\" width=\"1920\" autoplay=\"\" controls=\"\" loop=\"\" poster=\"https:\/\/obera.fr\/wp-content\/uploads\/2025\/05\/capture-decran-2025-05-13-161820.png\" src=\"https:\/\/obera.fr\/wp-content\/uploads\/2025\/05\/mesurer-disgnostiquer.mp4\"><\/video><\/figure>\n<\/div>\n\n\n\n<div class=\"wp-block-column is-layout-flow wp-block-column-is-layout-flow\" style=\"flex-basis:25%\"><\/div>\n<\/div>\n\n<p><\/p>\n\n<p>OberA on ainus ettev\u00f5te, kes pakub teile seda teenust. Turvalise ja t\u00f5husa investeeringu tagamiseks on v\u00f5imalik <strong>meie seadmeid 1-3 kuu jooksul testida, mis on ostuhinnast maha arvatud<\/strong>. Konkreetseks perioodiks v\u00f5i l\u00fchiajaliseks kasutamiseks saate <strong>meie<\/strong> <strong>seadmeid<\/strong> <strong>rentida<\/strong> <strong>12 kuni 63 kuuks koos ostuv\u00f5imalusega<\/strong>. <\/p>\n\n<p><\/p>\n\n<div class=\"wp-block-columns is-layout-flex wp-container-core-columns-is-layout-28f84493 wp-block-columns-is-layout-flex\">\n<div class=\"wp-block-column is-layout-flow wp-block-column-is-layout-flow\" style=\"flex-basis:25%\"><\/div>\n\n\n\n<div class=\"wp-block-column is-layout-flow wp-block-column-is-layout-flow\" style=\"flex-basis:50%\">\n<figure class=\"wp-block-video\"><video height=\"1080\" style=\"aspect-ratio: 1920 \/ 1080;\" width=\"1920\" autoplay=\"\" controls=\"\" loop=\"\" poster=\"https:\/\/obera.fr\/wp-content\/uploads\/2025\/05\/capture-decran-2025-05-13-093822.png\" src=\"https:\/\/obera.fr\/wp-content\/uploads\/2025\/05\/testez-de-1-a-3-mois-deductibles-du-prix-dacquisition.mp4\"><\/video><\/figure>\n<\/div>\n\n\n\n<div class=\"wp-block-column is-layout-flow wp-block-column-is-layout-flow\" style=\"flex-basis:25%\"><\/div>\n<\/div>\n\n<p><\/p>\n\n<h2 class=\"wp-block-heading\">Meie p\u00fchendumine klientide rahulolule<\/h2>\n\n<p>Klientide rahulolu on meie peamine prioriteet. Oleme p\u00fchendunud erakordse klienditeeninduse pakkumisele igal sammul. Meie k\u00f5rge kvalifikatsiooniga tehniline\/SAV-meeskond on valmis vastama k\u00f5igile teie k\u00fcsimustele, juhendama teid teie vajadustele k\u00f5ige paremini sobiva lahenduse valimisel ja pakkuma pidevat tuge, et tagada meie toodete n\u00f5uetekohane toimimine.  <\/p>\n\n<p>Olenemata sellest, kas olete t\u00f6\u00f6stusettev\u00f5te, kes muretseb oma t\u00f6\u00f6tajate tervise p\u00e4rast, v\u00f5i logistik, kes soovib oma t\u00f6\u00f6keskkonda optimeerida, OberA on siin, et teid toetada. Avastage meie teadmised, meie tipptasemel lahendused ja meie p\u00fchendumine \u00f5hukvaliteedi parandamisele. Koos saame luua tervislikuma ja produktiivsema t\u00f6\u00f6keskkonna.  <\/p>\n\n<p>V\u00f5tke meiega juba t\u00e4na \u00fchendust, et arutada teie konkreetseid vajadusi ja teada saada, kuidas OberA saab teie ettev\u00f5tte \u00f5hukvaliteeti parandada.<\/p>\n\n<div class=\"wp-block-buttons is-horizontal is-content-justification-center is-layout-flex wp-container-core-buttons-is-layout-03627597 wp-block-buttons-is-layout-flex\">\n<div class=\"wp-block-button has-custom-width wp-block-button__width-100\"><a class=\"wp-block-button__link wp-element-button\" href=\"https:\/\/obera.fr\/et\/votke-meiega-uhendust\/\">Lisateavet<\/a><\/div>\n<\/div>\n\n<div style=\"height:30px\" aria-hidden=\"true\" class=\"wp-block-spacer\"><\/div>\n\n<p>Avastage meie lojaalsed <a href=\"https:\/\/obera.fr\/et\/decouvrir\/meie-kliendid\/\" data-type=\"page\" data-id=\"743\">kliendid<\/a>.<\/p>\n\n<p><\/p>\n","protected":false},"excerpt":{"rendered":"<p>Meie loosung: &#8220;OberA, mis tagab teie ettev\u00f5tte \u00f5hukvaliteedi!&#8221; Alsace&#8217;is asuv OberA on t\u00f6\u00f6stusliku \u00f5hut\u00f6\u00f6tluse ekspert. Alates projekteerimisest kuni tootmise ja turustamiseni on meie kohalolek kogu Prantsusmaal ja Euroopas. Meie \u00f6koloogiliste ja \u00f6konoomsete lahenduste abil, mis on kohandatud teie vajadustele, saate nautida tervislikku t\u00f6\u00f6keskkonda, mis parandab t\u00f6\u00f6tingimusi ja suurendab teie ettev\u00f5tte tootlikkust. Meie missioon OberA kui t\u00f6\u00f6stusliku \u00f5hut\u00f6\u00f6tluse spetsialist tagab teile tervisliku t\u00f6\u00f6keskkonna, edendades optimaalseid t\u00f6\u00f6tingimusi ja aidates parandada teie ettev\u00f5tte tootlikkust. Teie \u00f5hukvaliteedi tagaja \u00d5hukvaliteedi parandamine tervise ja tootlikkuse parandamiseks OberAs teame, kui oluline on t\u00f6\u00f6tada tervislikus keskkonnas. Seep\u00e4rast oleme v\u00e4lja t\u00f6\u00f6tanud t\u00f5husad ja uuenduslikud lahendused, mis tagavad teile puhta &#8230; <\/p>\n<p class=\"read-more-container\"><a title=\"Avasta OberA\" class=\"read-more button\" href=\"https:\/\/obera.fr\/et\/decouvrir\/#more-51613\" aria-label=\"Read more about Avasta OberA\">Lire la suite<\/a><\/p>\n","protected":false},"author":4,"featured_media":84811,"parent":0,"menu_order":0,"comment_status":"closed","ping_status":"closed","template":"","meta":{"_acf_changed":false,"_seopress_robots_primary_cat":"","_seopress_titles_title":"D\u00e9couvrir oberA : La solution compl\u00e8te pour votre entreprise.","_seopress_titles_desc":"En savoir plus sur oberA, notre mission, nos m\u00e9tiers, notre m\u00e9thodologie et nos implantations g\u00e9ographiques.","_seopress_robots_index":"","footnotes":""},"class_list":{"0":"post-51613","1":"page","2":"type-page","3":"status-publish","4":"has-post-thumbnail","6":"no-featured-image-padding","7":"resize-featured-image"},"acf":[],"_links":{"self":[{"href":"https:\/\/obera.fr\/et\/wp-json\/wp\/v2\/pages\/51613","targetHints":{"allow":["GET"]}}],"collection":[{"href":"https:\/\/obera.fr\/et\/wp-json\/wp\/v2\/pages"}],"about":[{"href":"https:\/\/obera.fr\/et\/wp-json\/wp\/v2\/types\/page"}],"author":[{"embeddable":true,"href":"https:\/\/obera.fr\/et\/wp-json\/wp\/v2\/users\/4"}],"replies":[{"embeddable":true,"href":"https:\/\/obera.fr\/et\/wp-json\/wp\/v2\/comments?post=51613"}],"version-history":[{"count":12,"href":"https:\/\/obera.fr\/et\/wp-json\/wp\/v2\/pages\/51613\/revisions"}],"predecessor-version":[{"id":124562,"href":"https:\/\/obera.fr\/et\/wp-json\/wp\/v2\/pages\/51613\/revisions\/124562"}],"wp:featuredmedia":[{"embeddable":true,"href":"https:\/\/obera.fr\/et\/wp-json\/wp\/v2\/media\/84811"}],"wp:attachment":[{"href":"https:\/\/obera.fr\/et\/wp-json\/wp\/v2\/media?parent=51613"}],"curies":[{"name":"wp","href":"https:\/\/api.w.org\/{rel}","templated":true}]}}