{"id":51693,"date":"2020-08-26T13:06:25","date_gmt":"2020-08-26T11:06:25","guid":{"rendered":"https:\/\/obera.fr\/afs-oliudufilter\/"},"modified":"2025-06-03T13:16:56","modified_gmt":"2025-06-03T11:16:56","slug":"afs","status":"publish","type":"page","link":"https:\/\/obera.fr\/et\/produits\/filtres-brouillard-huile\/afs\/","title":{"rendered":"AFS \u00f5liudufilter"},"content":{"rendered":"\n<p><a href=\"https:\/\/obera.fr\/et\/produits\/filtres-brouillard-huile\/\" data-type=\"page\" data-id=\"376\">AFS-\u00f5liudu filtrid<\/a> on kohandatud lahendus teie mehaaniliste t\u00f6\u00f6pinkide otseseks varustamiseks v\u00f5i nende tsentraalseks vaakumpuhastamiseks.<\/p>\n\n\n\n<p>AFS-seeria h\u00f5lmab <strong>imivooluhulgad 400 kuni 16 000 m\u00b3\/h<\/strong>.<\/p>\n\n\n\n<h2 class=\"wp-block-heading\">Keskseadmed \u00f5li- ja emulsioonisummutite, -aurude ja -aerosoolide jaoks<\/h2>\n\n\n\n<div class=\"wp-block-columns is-layout-flex wp-container-core-columns-is-layout-28f84493 wp-block-columns-is-layout-flex\">\n<div class=\"wp-block-column is-layout-flow wp-block-column-is-layout-flow\" style=\"flex-basis:33.33%\">\n<figure class=\"wp-block-image aligncenter size-medium\"><img decoding=\"async\" width=\"300\" height=\"300\" src=\"https:\/\/obera.fr\/wp-content\/uploads\/2020\/08\/AFS-installation-centralisee-brouillards-huiles-300x300.png\" alt=\"Afs paigaldus Centralisee Brouillards Huiles\" class=\"wp-image-643\" srcset=\"https:\/\/obera.fr\/wp-content\/uploads\/2020\/08\/AFS-installation-centralisee-brouillards-huiles-300x300.png 300w, https:\/\/obera.fr\/wp-content\/uploads\/2020\/08\/AFS-installation-centralisee-brouillards-huiles-150x150.png 150w, https:\/\/obera.fr\/wp-content\/uploads\/2020\/08\/AFS-installation-centralisee-brouillards-huiles.png 433w\" sizes=\"(max-width: 300px) 100vw, 300px\" \/><\/figure>\n<\/div>\n\n\n\n<div class=\"wp-block-column is-layout-flow wp-block-column-is-layout-flow\" style=\"flex-basis:66.66%\">\n<p><strong>AFS-tehnoloogia<\/strong> koosneb viiest t\u00f6\u00f6tlemisetapist: metallv\u00f5rgufiltrid, pol\u00fcestervilt ja AFS-Longlife eraldaja, mis on t\u00f6\u00f6tlemise keskmes.<\/p>\n\n\n\n<p>&gt;Seadmed on varustatud <strong>HEPA H13 t\u00fc\u00fcpi absoluutse filtriga<\/strong> (standardiseeritud t\u00f5husus on 99,95% osakestele 0,3 \u00b5m). Arvestades p\u00f5hifiltri v\u00e4ga k\u00f5rget t\u00f5husust, on absoluutsetel filtritel v\u00e4ga pikk kasutusiga, isegi pideva 3-statsionilise t\u00f6\u00f6 korral. <\/p>\n\n\n\n<p>V\u00f5imalikud on erinevad konfiguratsioonid: filtreeritud \u00f5hu ringlussev\u00f5tt ja taaskasutamine hoones v\u00f5i filtreeritud \u00f5hu evakueerimine ja v\u00e4rske \u00f5hu sisseviimine koos kalorite taaskasutamisega soojusvaheti kaudu. <strong>AFS-i v\u00e4ljat\u00f5mbelahendused<\/strong> (ringlussev\u00f5tt v\u00f5i soojusvahetid) v\u00f5imaldavad v\u00e4ljat\u00f5mmatud \u00f5huvoogudes sisalduva soojuse maksimaalset taaskasutamist. <\/p>\n\n\n\n<hr class=\"wp-block-separator has-text-color has-black-color has-css-opacity has-black-background-color has-background is-style-dots\"\/>\n\n\n\n<div class=\"wp-block-columns is-layout-flex wp-container-core-columns-is-layout-28f84493 wp-block-columns-is-layout-flex\">\n<div class=\"wp-block-column is-layout-flow wp-block-column-is-layout-flow\" style=\"flex-basis:33.33%\">\n<div class=\"wp-block-buttons is-layout-flex wp-block-buttons-is-layout-flex\">\n<div class=\"wp-block-button\"><a class=\"wp-block-button__link wp-element-button\" href=\"https:\/\/obera.fr\/wp-content\/uploads\/2025\/06\/brochure-afs-en.pdf\">LAE ALLA BRO\u0160\u00dc\u00dcR<\/a><\/div>\n<\/div>\n<\/div>\n\n\n\n<div class=\"wp-block-column is-layout-flow wp-block-column-is-layout-flow\" style=\"flex-basis:33.34%\">\n<div class=\"wp-block-buttons is-horizontal is-content-justification-center is-layout-flex wp-container-core-buttons-is-layout-03627597 wp-block-buttons-is-layout-flex\">\n<div class=\"wp-block-button has-custom-width wp-block-button__width-100\"><a class=\"wp-block-button__link wp-element-button\" href=\"https:\/\/obera.fr\/et\/votke-meiega-uhendust\/\">Lisateavet<\/a><\/div>\n<\/div>\n<\/div>\n\n\n\n<div class=\"wp-block-column is-layout-flow wp-block-column-is-layout-flow\" style=\"flex-basis:33.34%\">\n<div class=\"wp-block-buttons is-content-justification-center is-layout-flex wp-container-core-buttons-is-layout-a89b3969 wp-block-buttons-is-layout-flex\">\n<div class=\"wp-block-button btn-devis-source\"><a class=\"wp-block-button__link wp-element-button\" href=\"https:\/\/obera.fr\/et\/devis\/\">Taotlege hinnapakkumist<\/a><\/div>\n<\/div>\n\n\n<script>\r\ndocument.addEventListener('DOMContentLoaded', function() {\r\n    \/\/ 1. On cherche le titre H1 de la page\r\n    var h1 = document.querySelector('h1');\r\n    var productTitle = h1 ? h1.innerText.trim() : \"\";\r\n\r\n    \/\/ 2. On cherche les boutons via la classe CSS .btn-devis-source\r\n    var buttons = document.querySelectorAll('.btn-devis-source a');\r\n\r\n    \/\/ 3. Si on a le titre et les boutons, on ajoute le param\u00e8tre\r\n    if (buttons.length > 0 && productTitle !== \"\") {\r\n        var encodedTitle = encodeURIComponent(productTitle);\r\n\r\n        buttons.forEach(function(btn) {\r\n            var currentHref = btn.getAttribute('href');\r\n            \r\n            \/\/ S\u00e9curit\u00e9 pour ne pas ajouter le param\u00e8tre 2 fois\r\n            if (currentHref.indexOf('sujet=') === -1) {\r\n                var separator = currentHref.indexOf('?') !== -1 ? '&' : '?';\r\n                var newLink = currentHref + separator + 'sujet=' + encodedTitle;\r\n                \r\n                btn.setAttribute('href', newLink);\r\n            }\r\n        });\r\n    }\r\n});\r\n<\/script><\/div>\n<\/div>\n\n\n\n<p><\/p>\n<\/div>\n<\/div>\n\n\n\n<h2 class=\"wp-block-heading\">AFS-i eelised<\/h2>\n\n\n\n<div class=\"wp-block-columns is-layout-flex wp-container-core-columns-is-layout-28f84493 wp-block-columns-is-layout-flex\">\n<div class=\"wp-block-column is-layout-flow wp-block-column-is-layout-flow\">\n<h3 class=\"wp-block-heading has-text-align-center\"><strong>Eelised<\/strong><\/h3>\n\n\n\n<ul class=\"wp-block-list\">\n<li>Lihtne \u00fchendada tootmismasinaga<\/li>\n\n\n\n<li>Masinas v\u00f5i tsentraliseeritult<\/li>\n\n\n\n<li>Kompaktne s\u00fcsteem<\/li>\n\n\n\n<li>5 astmeline filtreerimine t\u00f5husaks \u00f5hupuhastuseks<\/li>\n\n\n\n<li>T\u00f6\u00f6riistavaba filtri vahetus ja hooldus<\/li>\n<\/ul>\n<\/div>\n\n\n\n<div class=\"wp-block-column is-layout-flow wp-block-column-is-layout-flow\">\n<h3 class=\"wp-block-heading has-text-align-center\"><strong>Eriomadused<\/strong><\/h3>\n\n\n\n<ul class=\"wp-block-list\">\n<li>Patenteeritud t\u00f6\u00f6riistavaba filtri asenduss\u00fcsteem<\/li>\n\n\n\n<li>Seadme k\u00e4sitsi puhastamine<\/li>\n\n\n\n<li>Mehaaniline filtreerimine<\/li>\n<\/ul>\n<\/div>\n\n\n\n<div class=\"wp-block-column is-layout-flow wp-block-column-is-layout-flow\">\n<h3 class=\"wp-block-heading has-text-align-center\"><strong>Omadused<\/strong><\/h3>\n\n\n\n<ul class=\"wp-block-list\">\n<li>\u00d5liudu ja emulsioonide, aurude ja aerosoolide ekstraheerimine<\/li>\n\n\n\n<li>Saab paigaldada otse NC-t\u00f6\u00f6tluskeskusele v\u00f5i tsentraalselt<\/li>\n<\/ul>\n<\/div>\n<\/div>\n\n\n\n<h2 class=\"wp-block-heading\">Rakendused<\/h2>\n\n\n\n<div class=\"wp-block-columns is-layout-flex wp-container-core-columns-is-layout-28f84493 wp-block-columns-is-layout-flex\">\n<div class=\"wp-block-column is-layout-flow wp-block-column-is-layout-flow\">\n<h3 class=\"wp-block-heading has-text-align-center\">Saasteained<\/h3>\n\n\n\n<hr class=\"wp-block-separator has-css-opacity is-style-wide\"\/>\n\n\n\n<div class=\"wp-block-columns is-layout-flex wp-container-core-columns-is-layout-28f84493 wp-block-columns-is-layout-flex\">\n<div class=\"wp-block-column is-layout-flow wp-block-column-is-layout-flow\">\n<figure class=\"wp-block-image aligncenter size-large\"><img decoding=\"async\" width=\"70\" height=\"70\" src=\"https:\/\/obera.fr\/wp-content\/uploads\/2020\/08\/industrie-brouillard-huile.jpg\" alt=\"T\u00f6\u00f6stuse udu\u00f5li\" class=\"wp-image-721\"\/><figcaption class=\"wp-element-caption\">\u00d5liudu<\/figcaption><\/figure>\n<\/div>\n\n\n\n<div class=\"wp-block-column is-layout-flow wp-block-column-is-layout-flow\">\n<figure class=\"wp-block-image aligncenter size-large\"><img decoding=\"async\" width=\"70\" height=\"70\" src=\"https:\/\/obera.fr\/wp-content\/uploads\/2020\/08\/industrie-fumees.jpg\" alt=\"T\u00f6\u00f6stuse suitsu\" class=\"wp-image-722\"\/><figcaption class=\"wp-element-caption\">Aurud<\/figcaption><\/figure>\n\n\n\n<figure class=\"wp-block-image aligncenter size-large\"><img decoding=\"async\" width=\"70\" height=\"70\" src=\"https:\/\/obera.fr\/wp-content\/uploads\/2020\/09\/cov.png\" alt=\"Cov\" class=\"wp-image-959\"\/><figcaption class=\"wp-element-caption\">VOCS<\/figcaption><\/figure>\n<\/div>\n<\/div>\n<\/div>\n\n\n\n<div class=\"wp-block-column is-layout-flow wp-block-column-is-layout-flow\">\n<h3 class=\"wp-block-heading has-text-align-center\">T\u00f6\u00f6stusharud<\/h3>\n\n\n\n<hr class=\"wp-block-separator has-css-opacity is-style-wide\"\/>\n\n\n\n<div class=\"wp-block-columns is-layout-flex wp-container-core-columns-is-layout-28f84493 wp-block-columns-is-layout-flex\">\n<div class=\"wp-block-column is-layout-flow wp-block-column-is-layout-flow\">\n<figure class=\"wp-block-image aligncenter size-large\"><img decoding=\"async\" width=\"70\" height=\"70\" src=\"https:\/\/obera.fr\/wp-content\/uploads\/2020\/08\/industrie-metallurgie.jpg\" alt=\"Metallurgiat\u00f6\u00f6stus\" class=\"wp-image-673\"\/><figcaption class=\"wp-element-caption\">Metallurgia<\/figcaption><\/figure>\n<\/div>\n\n\n\n<div class=\"wp-block-column is-layout-flow wp-block-column-is-layout-flow\"><\/div>\n<\/div>\n<\/div>\n<\/div>\n\n\n\n<div class=\"wp-block-buttons is-content-justification-center is-layout-flex wp-container-core-buttons-is-layout-a89b3969 wp-block-buttons-is-layout-flex\">\n<div class=\"wp-block-button is-style-outline is-style-outline--1\"><a class=\"wp-block-button__link wp-element-button\" href=\"https:\/\/obera.fr\/wp-content\/uploads\/2024\/02\/brochure-afs.pdf\">Laadige alla tootekirjeldus<\/a><\/div>\n<\/div>\n\n\n\n<hr class=\"wp-block-separator has-css-opacity is-style-dots\"\/>\n\n\n\n<h2 class=\"wp-block-heading\">Muud \u00f5liudu filtrid kaubam\u00e4rgist OberA<\/h2>\n\n\n\n<div class=\"wp-block-columns is-layout-flex wp-container-core-columns-is-layout-28f84493 wp-block-columns-is-layout-flex\">\n<div class=\"wp-block-column is-layout-flow wp-block-column-is-layout-flow\">\n<figure class=\"wp-block-image aligncenter size-medium\"><a href=\"https:\/\/obera.fr\/produits\/filtres-brouillard-huile\/oilmac\/\"><img decoding=\"async\" width=\"300\" height=\"300\" src=\"https:\/\/obera.fr\/wp-content\/uploads\/2020\/08\/filtre-compact-OILMAC-300x300.png\" alt=\"OILMAC Compact Filter\" class=\"wp-image-641\" srcset=\"https:\/\/obera.fr\/wp-content\/uploads\/2020\/08\/filtre-compact-OILMAC-300x300.png 300w, https:\/\/obera.fr\/wp-content\/uploads\/2020\/08\/filtre-compact-OILMAC-150x150.png 150w, https:\/\/obera.fr\/wp-content\/uploads\/2020\/08\/filtre-compact-OILMAC.png 600w\" sizes=\"(max-width: 300px) 100vw, 300px\" \/><\/a><figcaption class=\"wp-element-caption\">OILMAC<\/figcaption><\/figure>\n<\/div>\n\n\n\n<div class=\"wp-block-column is-layout-flow wp-block-column-is-layout-flow\"><\/div>\n<\/div>\n\n\n\n<p><\/p>\n","protected":false},"excerpt":{"rendered":"<p>AFS-\u00f5liudu filtrid on kohandatud lahendus teie mehaaniliste t\u00f6\u00f6pinkide otseseks varustamiseks v\u00f5i nende tsentraalseks vaakumpuhastamiseks. AFS-seeria h\u00f5lmab imivooluhulgad 400 kuni 16 000 m\u00b3\/h. Keskseadmed \u00f5li- ja emulsioonisummutite, -aurude ja -aerosoolide jaoks AFS-tehnoloogia koosneb viiest t\u00f6\u00f6tlemisetapist: metallv\u00f5rgufiltrid, pol\u00fcestervilt ja AFS-Longlife eraldaja, mis on t\u00f6\u00f6tlemise keskmes. &gt;Seadmed on varustatud HEPA H13 t\u00fc\u00fcpi absoluutse filtriga (standardiseeritud t\u00f5husus on 99,95% osakestele 0,3 \u00b5m). Arvestades p\u00f5hifiltri v\u00e4ga k\u00f5rget t\u00f5husust, on absoluutsetel filtritel v\u00e4ga pikk kasutusiga, isegi pideva 3-statsionilise t\u00f6\u00f6 korral. V\u00f5imalikud on erinevad konfiguratsioonid: filtreeritud \u00f5hu ringlussev\u00f5tt ja taaskasutamine hoones v\u00f5i filtreeritud \u00f5hu evakueerimine ja v\u00e4rske \u00f5hu sisseviimine koos kalorite taaskasutamisega soojusvaheti kaudu. AFS-i v\u00e4ljat\u00f5mbelahendused (ringlussev\u00f5tt &#8230; <\/p>\n<p class=\"read-more-container\"><a title=\"AFS \u00f5liudufilter\" class=\"read-more button\" href=\"https:\/\/obera.fr\/et\/produits\/filtres-brouillard-huile\/afs\/#more-51693\" aria-label=\"Read more about AFS \u00f5liudufilter\">Lire la suite<\/a><\/p>\n","protected":false},"author":4,"featured_media":83738,"parent":52180,"menu_order":0,"comment_status":"closed","ping_status":"closed","template":"","meta":{"_acf_changed":false,"_seopress_robots_primary_cat":"","_seopress_titles_title":"AFS tsentraliseeritud \u00f5liudu s\u00fcsteemid","_seopress_titles_desc":"AFS-\u00f5liudu filtrid on kohandatud lahendus teie mehaaniliste t\u00f6\u00f6pinkide otseseks varustamiseks v\u00f5i nende tsentraalseks vaakumpuhastamiseks.","_seopress_robots_index":"","_seopress_analysis_target_kw":"","footnotes":""},"class_list":{"0":"post-51693","1":"page","2":"type-page","3":"status-publish","4":"has-post-thumbnail","6":"no-featured-image-padding","7":"resize-featured-image"},"acf":[],"_links":{"self":[{"href":"https:\/\/obera.fr\/et\/wp-json\/wp\/v2\/pages\/51693","targetHints":{"allow":["GET"]}}],"collection":[{"href":"https:\/\/obera.fr\/et\/wp-json\/wp\/v2\/pages"}],"about":[{"href":"https:\/\/obera.fr\/et\/wp-json\/wp\/v2\/types\/page"}],"author":[{"embeddable":true,"href":"https:\/\/obera.fr\/et\/wp-json\/wp\/v2\/users\/4"}],"replies":[{"embeddable":true,"href":"https:\/\/obera.fr\/et\/wp-json\/wp\/v2\/comments?post=51693"}],"version-history":[{"count":7,"href":"https:\/\/obera.fr\/et\/wp-json\/wp\/v2\/pages\/51693\/revisions"}],"predecessor-version":[{"id":107918,"href":"https:\/\/obera.fr\/et\/wp-json\/wp\/v2\/pages\/51693\/revisions\/107918"}],"up":[{"embeddable":true,"href":"https:\/\/obera.fr\/et\/wp-json\/wp\/v2\/pages\/52180"}],"wp:featuredmedia":[{"embeddable":true,"href":"https:\/\/obera.fr\/et\/wp-json\/wp\/v2\/media\/83738"}],"wp:attachment":[{"href":"https:\/\/obera.fr\/et\/wp-json\/wp\/v2\/media?parent=51693"}],"curies":[{"name":"wp","href":"https:\/\/api.w.org\/{rel}","templated":true}]}}