{"id":51791,"date":"2020-08-26T12:54:59","date_gmt":"2020-08-26T10:54:59","guid":{"rendered":"https:\/\/obera.fr\/imemislauad\/"},"modified":"2025-06-30T15:21:47","modified_gmt":"2025-06-30T13:21:47","slug":"tables-aspirantes","status":"publish","type":"page","link":"https:\/\/obera.fr\/et\/produits\/tables-aspirantes\/","title":{"rendered":"Imemislauad"},"content":{"rendered":"\n<p>Kui tegemist on detailide v\u00f5i materjalidega t\u00f6\u00f6tamisega, on puhas ja ohutu t\u00f6\u00f6pind v\u00e4ga oluline. <a href=\"https:\/\/obera.fr\/et\/produits\/tables-aspirantes\/\" data-type=\"page\" data-id=\"489\">Tolmuimeja lauad<\/a> on t\u00f6\u00f6stusspetsialistide seas populaarne valik, pakkudes kvaliteetset lahendust prahi ja tolmu eemaldamiseks. Siit leiate mitu vaakumlaudade mudelit, millest iga\u00fchel on oma erip\u00e4ra.  <\/p>\n\n\n<h2 class=\"wp-block-heading\" id=\"a-quelles-utilisations-conviennent-elles\">Meie \u00fchendatavate imemislaudade valik<\/h2>\n\n<div class=\"wp-block-columns is-layout-flex wp-container-core-columns-is-layout-28f84493 wp-block-columns-is-layout-flex\">\n<div class=\"wp-block-column is-layout-flow wp-block-column-is-layout-flow\">\n<h3 class=\"wp-block-heading has-text-align-center\">A &amp; AT t\u00f6\u00f6stuslik vaakumlaud<\/h3>\n\n\n\n<figure class=\"wp-block-image aligncenter size-full is-resized\"><a href=\"https:\/\/obera.fr\/produits\/tables-aspirantes\/table-aspirante-a-at\/\"><img decoding=\"async\" width=\"1200\" height=\"1200\" src=\"https:\/\/obera.fr\/wp-content\/uploads\/2024\/04\/obera-tableaspirante-aat-2024.jpg.png\" alt=\"obera tableaspirante aat 2024.jpg\" class=\"wp-image-30206\" style=\"width:311px;height:auto\" srcset=\"https:\/\/obera.fr\/wp-content\/uploads\/2024\/04\/obera-tableaspirante-aat-2024.jpg.png 1200w, https:\/\/obera.fr\/wp-content\/uploads\/2024\/04\/obera-tableaspirante-aat-2024.jpg-300x300.png 300w, https:\/\/obera.fr\/wp-content\/uploads\/2024\/04\/obera-tableaspirante-aat-2024.jpg-1024x1024.png 1024w, https:\/\/obera.fr\/wp-content\/uploads\/2024\/04\/obera-tableaspirante-aat-2024.jpg-150x150.png 150w, https:\/\/obera.fr\/wp-content\/uploads\/2024\/04\/obera-tableaspirante-aat-2024.jpg-768x768.png 768w\" sizes=\"(max-width: 1200px) 100vw, 1200px\" \/><\/a><figcaption class=\"wp-element-caption\">Imemislaud<\/figcaption><\/figure>\n\n\n\n<p>Meie <a href=\"https:\/\/obera.fr\/et\/produits\/tables-aspirantes\/table-aspirante-a-at\/\" data-type=\"page\" data-id=\"15182\">t\u00f6\u00f6stuslikud imemislauad<\/a> on m\u00f5eldud liivatamise ja lihvimise tolmu, keevitusauru, aurude, lahustite ja lenduvate orgaaniliste \u00fchendite vastu, mis tekivad t\u00f6\u00f6deldavate detailide liimimisel v\u00f5i lakkimisel. Meie vaakumlauad on t\u00f5elised t\u00f6\u00f6kohad, mis pakuvad operaatorile tervislikku \u00f5hku.   <\/p>\n<\/div>\n\n\n\n<div class=\"wp-block-column is-layout-flow wp-block-column-is-layout-flow\">\n<h3 class=\"wp-block-heading has-text-align-center\">360\u00b0 p\u00f6\u00f6rlev vaakumlaud<\/h3>\n\n\n\n<figure class=\"wp-block-image aligncenter size-full is-resized\"><a href=\"https:\/\/obera.fr\/produits\/tables-aspirantes\/table-rotative-360\/\"><img decoding=\"async\" width=\"1200\" height=\"1200\" src=\"https:\/\/obera.fr\/wp-content\/uploads\/2025\/01\/image-table-aspirante-rotative.jpg\" alt=\"\" class=\"wp-image-57698\" style=\"width:307px;height:auto\" srcset=\"https:\/\/obera.fr\/wp-content\/uploads\/2025\/01\/image-table-aspirante-rotative.jpg 1200w, https:\/\/obera.fr\/wp-content\/uploads\/2025\/01\/image-table-aspirante-rotative-300x300.jpg 300w, https:\/\/obera.fr\/wp-content\/uploads\/2025\/01\/image-table-aspirante-rotative-1024x1024.jpg 1024w, https:\/\/obera.fr\/wp-content\/uploads\/2025\/01\/image-table-aspirante-rotative-150x150.jpg 150w, https:\/\/obera.fr\/wp-content\/uploads\/2025\/01\/image-table-aspirante-rotative-768x768.jpg 768w, https:\/\/obera.fr\/wp-content\/uploads\/2025\/01\/image-table-aspirante-rotative-400x400.jpg 400w, https:\/\/obera.fr\/wp-content\/uploads\/2025\/01\/image-table-aspirante-rotative-600x600.jpg 600w\" sizes=\"(max-width: 1200px) 100vw, 1200px\" \/><\/a><figcaption class=\"wp-element-caption\">360\u00b0 p\u00f6\u00f6rlev imemislaud<\/figcaption><\/figure>\n\n\n\n<p><a href=\"https:\/\/obera.fr\/et\/produits\/tables-aspirantes\/table-rotative-360\/\" data-type=\"page\" data-id=\"4950\">360\u00b0 p\u00f6\u00f6rlev imemislaud<\/a>, mis sobib eriti h\u00e4sti mehaaniliste ja termiliste eraldusprotsesside jaoks. Laua p\u00f6\u00f6rlemine annab kasutajatele t\u00e4ieliku vabaduse ja t\u00e4ieliku juurdep\u00e4\u00e4su \u00fcmber t\u00f6\u00f6deldava detaili. <\/p>\n\n\n\n<p>See imemislaud pakub kasutajale mugavust ja ohutust t\u00e4nu reguleeritavale k\u00f5rgusele, 360\u00b0 p\u00f6\u00f6rlemisele ja t\u00f6\u00f6tlemisprotsessi k\u00e4igus vabanevate saasteainete imemisele.<\/p>\n<\/div>\n<\/div>\n\n<h2 class=\"wp-block-heading\" id=\"a-quelles-utilisations-conviennent-elles\">Meie vabalt seisvate vaakumlaudade valik<\/h2>\n\n<div class=\"wp-block-columns is-layout-flex wp-container-core-columns-is-layout-28f84493 wp-block-columns-is-layout-flex\">\n<div class=\"wp-block-column is-layout-flow wp-block-column-is-layout-flow\">\n<h3 class=\"wp-block-heading has-text-align-center\">ePURBox ATEX tabel<\/h3>\n\n\n\n<figure class=\"wp-block-image aligncenter size-large is-resized\"><a href=\"https:\/\/obera.fr\/produits\/caissons-mobiles-aspiration\/epurbox-atex\/\"><img decoding=\"async\" width=\"1024\" height=\"1024\" src=\"https:\/\/obera.fr\/wp-content\/uploads\/2024\/05\/epurbox-tsp-1024x1024.png\" alt=\"epurbox tsp\" class=\"wp-image-30348\" style=\"width:314px;height:auto\" srcset=\"https:\/\/obera.fr\/wp-content\/uploads\/2024\/05\/epurbox-tsp-1024x1024.png 1024w, https:\/\/obera.fr\/wp-content\/uploads\/2024\/05\/epurbox-tsp-300x300.png 300w, https:\/\/obera.fr\/wp-content\/uploads\/2024\/05\/epurbox-tsp-150x150.png 150w, https:\/\/obera.fr\/wp-content\/uploads\/2024\/05\/epurbox-tsp-768x768.png 768w, https:\/\/obera.fr\/wp-content\/uploads\/2024\/05\/epurbox-tsp.png 1200w\" sizes=\"(max-width: 1024px) 100vw, 1024px\" \/><\/a><figcaption class=\"wp-element-caption\">ePURBOX ATEX<\/figcaption><\/figure>\n\n\n\n<p><a href=\"https:\/\/obera.fr\/produits\/caissons-mobiles-aspiration\/epurbox-atex\/\">Liikuv laud ePURBox ATEX<\/a> sobib eriti h\u00e4sti suitsude ja kuiva tolmu eemaldamiseks ja t\u00f6\u00f6tlemiseks. Selle liikuvus ja kohandamine pidevaks t\u00f6\u00f6ks pakuvad teie operaatoritele t\u00f5elist t\u00f6\u00f6mugavust. <\/p>\n<\/div>\n\n\n\n<div class=\"wp-block-column is-layout-flow wp-block-column-is-layout-flow\">\n<h3 class=\"wp-block-heading has-text-align-center wp-block-column\">Iseseisev imemislaud<\/h3>\n\n\n\n<figure class=\"wp-block-image aligncenter size-full is-resized\"><a href=\"https:\/\/obera.fr\/produits\/tables-aspirantes\/table-autonome\/\"><img decoding=\"async\" width=\"1200\" height=\"1200\" src=\"https:\/\/obera.fr\/wp-content\/uploads\/2024\/04\/obera-tableaspirante-autonome-2024.jpg.png\" alt=\"obera tableaspirante autonome 2024.jpg\" class=\"wp-image-30210\" style=\"width:309px;height:auto\" srcset=\"https:\/\/obera.fr\/wp-content\/uploads\/2024\/04\/obera-tableaspirante-autonome-2024.jpg.png 1200w, https:\/\/obera.fr\/wp-content\/uploads\/2024\/04\/obera-tableaspirante-autonome-2024.jpg-300x300.png 300w, https:\/\/obera.fr\/wp-content\/uploads\/2024\/04\/obera-tableaspirante-autonome-2024.jpg-1024x1024.png 1024w, https:\/\/obera.fr\/wp-content\/uploads\/2024\/04\/obera-tableaspirante-autonome-2024.jpg-150x150.png 150w, https:\/\/obera.fr\/wp-content\/uploads\/2024\/04\/obera-tableaspirante-autonome-2024.jpg-768x768.png 768w\" sizes=\"(max-width: 1200px) 100vw, 1200px\" \/><\/a><figcaption class=\"wp-element-caption\">Iseseisvad tabelid<\/figcaption><\/figure>\n\n\n\n<p><a href=\"https:\/\/obera.fr\/et\/produits\/tables-aspirantes\/table-autonome\/\" data-type=\"page\" data-id=\"12846\">OberA iseseisvad imemislauad<\/a> on t\u00f5elised t\u00f6\u00f6lauad, mis on varustatud saasteainete imemis- ja filtreerimiss\u00fcsteemiga. See t\u00e4hendab operaatorite maksimaalset kaitset lihvimise, keevitamise, liimimise ja muude t\u00f6\u00f6de ajal. <\/p>\n<\/div>\n<\/div>\n\n<div class=\"wp-block-columns is-layout-flex wp-container-core-columns-is-layout-28f84493 wp-block-columns-is-layout-flex\">\n<div class=\"wp-block-column is-layout-flow wp-block-column-is-layout-flow\">\n<h3 class=\"wp-block-heading has-text-align-center\">Clearbox<\/h3>\n\n\n\n<figure class=\"wp-block-image aligncenter size-full is-resized\"><a href=\"https:\/\/obera.fr\/produits\/caissons-mobiles-aspiration\/clearbox\/\"><img decoding=\"async\" width=\"534\" height=\"475\" src=\"https:\/\/obera.fr\/wp-content\/uploads\/2025\/06\/clearbox.png\" alt=\"clearbox\" class=\"wp-image-109012\" style=\"width:334px;height:auto\" srcset=\"https:\/\/obera.fr\/wp-content\/uploads\/2025\/06\/clearbox.png 534w, https:\/\/obera.fr\/wp-content\/uploads\/2025\/06\/clearbox-300x267.png 300w\" sizes=\"(max-width: 534px) 100vw, 534px\" \/><\/a><figcaption class=\"wp-element-caption\">Clearbox<\/figcaption><\/figure>\n\n\n\n<p><a href=\"https:\/\/obera.fr\/et\/produits\/caissons-mobiles-aspiration\/clearbox\/\">Clearbox<\/a> on <strong>Prantsusmaal toodetud mobiilne imemisseade<\/strong>, millel on 5-aastane garantii ja suure j\u00f5udlusega vooluhulk. See on spetsiaalselt kavandatud lenduvate orgaaniliste \u00fchendite (VOC), gaaside, l\u00f5hnade, lahustite, tolmu ja suitsu t\u00f6\u00f6tlemiseks. <\/p>\n<\/div>\n<\/div>\n\n<div class=\"wp-block-buttons is-horizontal is-content-justification-center is-layout-flex wp-container-core-buttons-is-layout-03627597 wp-block-buttons-is-layout-flex\">\n<div class=\"wp-block-button has-custom-width wp-block-button__width-100\"><a class=\"wp-block-button__link wp-element-button\" href=\"https:\/\/obera.fr\/et\/votke-meiega-uhendust\/\">Lisateavet<\/a><\/div>\n<\/div>\n\n<p><\/p>\n\n<p>Kokkuv\u00f5ttes pakume laia valikut vaakumlaudu, et rahuldada t\u00f6\u00f6stuse spetsialistide vajadusi. Igal mudelil on ainulaadsed omadused, et pakkuda igale rakendusele kohandatud lahendust. Seega on oluline enne l\u00f5pliku valiku tegemist oma t\u00f6\u00f6pinna jaoks hoolikalt kaaluda iga valikut.  <\/p>\n\n<p><\/p>\n\n<h2 class=\"wp-block-heading\">Mis on imemislaud?<\/h2>\n\n<p>Vaakumlaud on oluline seade puhta ja ohutu t\u00f6\u00f6keskkonna s\u00e4ilitamiseks erinevates t\u00f6\u00f6stussektorites. Need lauad on spetsiaalselt loodud selleks, et t\u00f5husalt koguda <strong>saasteained, nagu tolm<\/strong>, suits, keemilised aurud ja muud kahjulikud osakesed, v\u00e4ljaheitekohas, st seal, kus need saasteained tekivad tootmisprotsesside k\u00e4igus. <\/p>\n\n<p><strong><mark style=\"background-color:rgba(0, 0, 0, 0)\" class=\"has-inline-color has-global-color-8-color\">Kasutamine erinevates t\u00f6\u00f6stussektorites<\/mark><\/strong> N\u00e4iteks metallit\u00f6\u00f6stuses on imemislauad h\u00e4davajalikud keevitust\u00f6\u00f6de ajal, kus nad p\u00fc\u00fcavad kinni <strong>m\u00fcrgiseid metalliaurusid<\/strong>. Keemiat\u00f6\u00f6stuses kasutatakse neid lahustite v\u00f5i lenduvate kemikaalide k\u00e4itlemisel ohtlike auruheitmete juhtimiseks. Elektroonikakomponentide tootjad kasutavad neid ka selleks, et v\u00e4ltida detailide saastumist peente osakestega.  <\/p>\n\n<p><strong><mark style=\"background-color:rgba(0, 0, 0, 0)\" class=\"has-inline-color has-global-color-8-color\">T\u00e4iustatud toiming<\/mark><\/strong> Lauad on varustatud v\u00f5rega v\u00f5i perforeeritud pindadega, mis imavad saasteained otse nende tekkekohas. Nende pindade all t\u00f6\u00f6tleb sissepuhutud \u00f5hku keerukas s\u00fcsteem, mis koosneb ventilaatoritest ja filtritest. <strong>Filtreerimistehnoloogiad<\/strong> v\u00f5ivad olla erinevad, kuid sageli sisaldavad HEPA-filtreid peenosakeste jaoks ning aktiivs\u00f6efiltreid gaaside ja aurude jaoks.  <\/p>\n\n<p><strong><mark style=\"background-color:rgba(0, 0, 0, 0)\" class=\"has-inline-color has-global-color-8-color\">Modulaarne konstruktsioon ja materjalid<\/mark><\/strong> Need lauad on \u00fcldiselt valmistatud <strong>tugevatest materjalidest, n\u00e4iteks tsingitud terasest<\/strong>, ja need on m\u00f5eldud intensiivseks kasutamiseks karmides t\u00f6\u00f6stuskeskkondades. Nende suurust ja funktsionaalsust saab kohandada, kaasa arvatud lisaseadmed, nagu antistaatiline kaitse tundlike keskkondade jaoks v\u00f5i <strong>reguleeritavad \u00f5hu v\u00e4ljat\u00f5mbes\u00fcsteemid<\/strong>, mis vastavad erinevatele \u00f5huk\u00e4itlusvajadustele. <\/p>\n\n<p><strong><mark style=\"background-color:rgba(0, 0, 0, 0)\" class=\"has-inline-color has-global-color-8-color\">N\u00f5uetele vastavus ja ohutusega seotud eelised<\/mark><\/strong> Imemislaudade kasutamine aitab ettev\u00f5tetel j\u00e4rgida rangeid \u00f5hukvaliteedi ja t\u00f6\u00f6ohutuse eeskirju. Need aitavad oluliselt v\u00e4hendada t\u00f6\u00f6tajate kokkupuudet potentsiaalselt ohtlike ainetega, minimeerides<strong> kutsehaigestumise riski.<\/strong> <\/p>\n\n<p>Seep\u00e4rast on need tabelid olulised mitte ainult operaatorite tervise kaitsmiseks, vaid ka valmistoodete puhtuse s\u00e4ilitamiseks, v\u00e4ltides ristsaastumist<strong> sellistes keskkondades nagu laboratooriumid<\/strong> ja tootmist\u00f6\u00f6kojad.<\/p>\n\n<h2 class=\"wp-block-heading\">Kuidas imemislauad t\u00f6\u00f6tavad?<\/h2>\n\n<p>Vaakumlaudade kasutamine on <strong>paljude t\u00f6\u00f6stussektorite<\/strong> puhta ja ohutu t\u00f6\u00f6keskkonna tagamisel v\u00f5tmet\u00e4htsusega protsess. Siin on \u00fcksikasjalik selgitus nende t\u00f6\u00f6p\u00f5him\u00f5tete kohta. <\/p>\n\n<h3 class=\"wp-block-heading\">Saasteainete p\u00fc\u00fcdmine :<\/h3>\n\n<ul class=\"wp-block-list\">\n<li><strong>Aukude strateegiline paigutus<\/strong>: vaakumlaudadel on perforeeritud t\u00f6\u00f6pinnad v\u00f5i integreeritud v\u00f5re, kuhu saastatud \u00f5hk kogutakse. Need avad on hoolikalt paigutatud, et p\u00fc\u00fcda osakesi, suitsu ja auru kohe, kui need eralduvad k\u00e4imasolevate protsesside k\u00e4igus. <\/li>\n\n\n\n<li>Saasteainete <strong>p\u00fc\u00fcdmise t\u00f5husus<\/strong>: Selle p\u00fc\u00fcdmise t\u00f5husus s\u00f5ltub tabeli konstruktsioonist, mis peab viima p\u00fc\u00fcdmistsoonid vastavusse punktidega, kust saasteained k\u00f5ige t\u00f5en\u00e4olisemalt eralduvad.<\/li>\n<\/ul>\n\n<h3 class=\"wp-block-heading\">Filtreerimiss\u00fcsteem :<\/h3>\n\n<div class=\"wp-block-columns is-layout-flex wp-container-core-columns-is-layout-28f84493 wp-block-columns-is-layout-flex\">\n<div class=\"wp-block-column is-layout-flow wp-block-column-is-layout-flow\" style=\"flex-basis:66.66%\">\n<ul class=\"wp-block-list\">\n<li><strong>Kasutatavad filtrit\u00fc\u00fcbid<\/strong>: Imemislaudades kasutatakse kombinatsiooni mehaanilistest filtritest tahkete osakeste p\u00fc\u00fcdmiseks ja aktiivs\u00f6efiltritest v\u00f5i muudest filtritest keemiliste aurude ja l\u00f5hnade adsorbeerimiseks.<\/li>\n\n\n\n<li><strong>Filtreerimisprotsess<\/strong>: sisselaske\u00f5hk l\u00e4bib need filtrid, kus kahjulikud osakesed ja gaasid eemaldatakse. See protsess on oluline kasutajate tervise kaitsmiseks ja keskkonnan\u00f5uetele vastavuse s\u00e4ilitamiseks. <\/li>\n<\/ul>\n<\/div>\n\n\n\n<div class=\"wp-block-column is-layout-flow wp-block-column-is-layout-flow\" style=\"flex-basis:33.33%\">\n<figure class=\"wp-block-image aligncenter size-large is-resized\"><img decoding=\"async\" width=\"1024\" height=\"1024\" src=\"https:\/\/obera.fr\/wp-content\/uploads\/2025\/05\/design-sans-titre-3-1024x1024.png\" alt=\"pealkirjata disain (3)\" class=\"wp-image-101664\" style=\"width:165px;height:auto\" srcset=\"https:\/\/obera.fr\/wp-content\/uploads\/2025\/05\/design-sans-titre-3-1024x1024.png 1024w, https:\/\/obera.fr\/wp-content\/uploads\/2025\/05\/design-sans-titre-3-300x300.png 300w, https:\/\/obera.fr\/wp-content\/uploads\/2025\/05\/design-sans-titre-3-150x150.png 150w, https:\/\/obera.fr\/wp-content\/uploads\/2025\/05\/design-sans-titre-3-768x768.png 768w, https:\/\/obera.fr\/wp-content\/uploads\/2025\/05\/design-sans-titre-3.png 1200w\" sizes=\"(max-width: 1024px) 100vw, 1024px\" \/><\/figure>\n<\/div>\n<\/div>\n\n<h3 class=\"wp-block-heading\">Puhastatud \u00f5hu evakueerimine :<\/h3>\n\n<ul class=\"wp-block-list\">\n<li><strong>Ringlussev\u00f5tt v\u00f5i v\u00e4ljat\u00f5mme<\/strong>: P\u00e4rast puhastamist saab \u00f5hku kas ringlusse lasta t\u00f6\u00f6kojas, mis on tavaline keskkondades, kus temperatuur ja \u00f5hu kvaliteet on kontrollitud, v\u00f5i v\u00e4ljutada \u00f5ue, eriti juhul, kui saasteained on liiga ohtlikud, et neid lihtsalt filtreerida ja ringlusse lasta.<\/li>\n\n\n\n<li><strong>V\u00e4ljalaskes\u00fcsteemid<\/strong>: V\u00e4ljalaskes\u00fcsteemid on projekteeritud nii, et v\u00e4hendada energiakadu, tagades samal ajal saasteainete heitkoguste keskkonnanormide t\u00e4itmise.<\/li>\n<\/ul>\n\n<h2 class=\"wp-block-heading\">Erinevad imemislaudade t\u00fc\u00fcbid<\/h2>\n\n<p>Imemislauad on saadaval mitmesugustes versioonides, mis on kohandatud erinevate t\u00f6\u00f6stuskeskkondade erivajadustele ja millest iga\u00fchel on ohutuse ja t\u00f6\u00f6 t\u00f5hususe optimeerimiseks <strong>ainulaadsed omadused<\/strong>.<\/p>\n\n<h3 class=\"wp-block-heading\">T\u00f6\u00f6stuslik vaakumlaud<\/h3>\n\n<p>See laud on m\u00f5eldud n\u00f5udlike rakenduste jaoks, nagu keevitamine, lihvimine v\u00f5i lihvimine, ning see on \u00e4\u00e4rmiselt vastupidav ja<strong> piisavalt suur, et mahukad t\u00f6\u00f6deldavad detailid \u00e4ra mahutada<\/strong>. Need lauad on sageli varustatud v\u00f5imsate ventilatsioonis\u00fcsteemidega, et t\u00f5husalt hallata suuri saasteainete koguseid. <\/p>\n\n<h3 class=\"wp-block-heading\">360\u00b0 p\u00f6\u00f6rlev imemislaud<\/h3>\n\n<p>See laud sobib eriti h\u00e4sti t\u00f6\u00f6deks, mis n\u00f5uavad t\u00e4ielikku ligip\u00e4\u00e4su \u00fcmber t\u00f6\u00f6deldava detaili. Laua t\u00e4ielik <strong>p\u00f6\u00f6ratavus<\/strong> suurendab paindlikkust ja lihtsustab materjalide k\u00e4sitsemist, mis parandab oluliselt t\u00f6\u00f6 t\u00f5husust, eriti keeruliste v\u00f5i tundlike t\u00f6\u00f6de puhul. <\/p>\n\n<h3 class=\"wp-block-heading\">Mobiilne imemislaud<\/h3>\n\n<p>Ideaalne t\u00f6\u00f6kodadesse, kus <strong>t\u00f6\u00f6konfiguratsioonid <\/strong>muutuvad regulaarselt, on mobiilne vaakumlaud projekteeritud nii, et seda saab h\u00f5lpsasti liigutada. T\u00e4nu liikuvusele saab seda kiiresti kohandada erinevatele t\u00f6\u00f6kohtadele v\u00f5i \u00fcmber paigutada, et h\u00f5lbustada puhastus- ja hooldust\u00f6id. <\/p>\n\n<p>Iga imemislaua t\u00fc\u00fcp on projekteeritud <strong>t\u00f6\u00f6stuskeskkonna eriprobleemide<\/strong> lahendamiseks, tagades, et k\u00f5ik ohutuse ja t\u00f5hususe aspektid on arvesse v\u00f5etud. Need seadmed on olulised puhta ja ohutu t\u00f6\u00f6keskkonna s\u00e4ilitamiseks, t\u00f6\u00f6tajate kokkupuute v\u00e4hendamiseks kahjulike ainetega ja \u00fcldise \u00f5hukvaliteedi parandamiseks tootmisrajatistes. <\/p>\n\n<h2 class=\"wp-block-heading\">Kuidas valida oma imemislauda<\/h2>\n\n<p>Vaakumlaua valimisel tuleb arvesse v\u00f5tta mitmeid tegureid, et tagada seadme t\u00f5hus vastavus <strong>teie t\u00f6\u00f6keskkonna erivajadustele<\/strong>. Siin on m\u00f5ned \u00fcksikasjalikud elemendid, mis aitavad teil valiku tegemisel juhinduda: <\/p>\n\n<h3 class=\"wp-block-heading\">Erivajaduste hindamine<\/h3>\n\n<div class=\"wp-block-columns is-layout-flex wp-container-core-columns-is-layout-28f84493 wp-block-columns-is-layout-flex\">\n<div class=\"wp-block-column is-layout-flow wp-block-column-is-layout-flow\" style=\"flex-basis:66.66%\">\n<p><strong> Vaakumlaua <\/strong>valimine peaks algama teie t\u00f6\u00f6keskkonnas esinevate saasteainete hoolika anal\u00fc\u00fcsiga. Tehke kindlaks, kas teil on tegemist peamiselt tolmu, suitsu, keemiliste aurude v\u00f5i peente osakestega. <\/p>\n\n\n\n<ul class=\"wp-block-list\">\n<li><strong>Saasteainete laad<\/strong>: N\u00e4iteks HEPA-filtrid v\u00e4ga peente osakeste puhul v\u00f5i aktiivs\u00f6efiltrid keemiliste aurude puhul.<\/li>\n\n\n\n<li><strong>Kokkupuute intensiivsus<\/strong>: Hinnake heitkoguste sagedust ja kogust, et m\u00e4\u00e4rata kindlaks vajalik imemisv\u00f5imsus. Suurem kokkupuude n\u00f5uab tugevamat ja t\u00f5husamat lahendust. <\/li>\n<\/ul>\n<\/div>\n\n\n\n<div class=\"wp-block-column is-layout-flow wp-block-column-is-layout-flow\" style=\"flex-basis:33.33%\">\n<figure class=\"wp-block-image aligncenter size-large is-resized\"><img decoding=\"async\" width=\"1024\" height=\"1024\" src=\"https:\/\/obera.fr\/wp-content\/uploads\/2025\/03\/conseil-raf-1024x1024.png\" alt=\"Valik\" class=\"wp-image-77456\" style=\"width:189px;height:auto\" srcset=\"https:\/\/obera.fr\/wp-content\/uploads\/2025\/03\/conseil-raf-1024x1024.png 1024w, https:\/\/obera.fr\/wp-content\/uploads\/2025\/03\/conseil-raf-300x300.png 300w, https:\/\/obera.fr\/wp-content\/uploads\/2025\/03\/conseil-raf-150x150.png 150w, https:\/\/obera.fr\/wp-content\/uploads\/2025\/03\/conseil-raf-768x768.png 768w, https:\/\/obera.fr\/wp-content\/uploads\/2025\/03\/conseil-raf.png 1200w\" sizes=\"(max-width: 1024px) 100vw, 1024px\" \/><\/figure>\n<\/div>\n<\/div>\n\n<h3 class=\"wp-block-heading\">Suurus ja t\u00f6\u00f6ruum<\/h3>\n\n<p><strong> Imemislaua suurus<\/strong> peaks vastama nii teie t\u00f6\u00f6kojas olemasolevale ruumile kui ka t\u00f6\u00f6deldavate detailide suurusele.<\/p>\n\n<ul class=\"wp-block-list\">\n<li><strong>Kohandamine ruumiga<\/strong>: M\u00f5\u00f5tke ruum, kuhu laud paigaldatakse, et tagada selle sobivus, ilma et see takistaks liikumisteid v\u00f5i ligip\u00e4\u00e4su teistele seadmetele.<\/li>\n\n\n\n<li><strong>Toorikute suurus<\/strong>: Valige laud, mis on piisavalt suur, et toetada t\u00f6\u00f6deldavaid toorikuid, kuid mitte liiga mahukas, et v\u00e4ltida t\u00f6\u00f6ruumi ebaefektiivset kasutamist.<\/li>\n<\/ul>\n\n<h3 class=\"wp-block-heading\">T\u00e4iendavad funktsioonid<\/h3>\n\n<p><strong>Lisafunktsioonid<\/strong> v\u00f5ivad oluliselt parandada teie vaakumlaua t\u00f5husust ja kasutusmugavust.<\/p>\n\n<ul class=\"wp-block-list\">\n<li><strong>Ergonoomilised seaded<\/strong>: otsige v\u00f5imalusi, n\u00e4iteks reguleeritavat k\u00f5rgust, et sobida erinevatele kasutajatele ja v\u00e4ltida v\u00e4simust pikemaajalise t\u00f6\u00f6 ajal.<\/li>\n\n\n\n<li><strong>Integreeritud lisaseadmed<\/strong>: kaaluge selliseid lisaseadmeid nagu integreeritud valgustus, t\u00f6\u00f6riistahoidikud v\u00f5i lisaseadmete \u00fchendused, mis v\u00f5ivad muuta t\u00f6\u00f6 ohutumaks ja mugavamaks.<\/li>\n<\/ul>\n\n<h3 class=\"wp-block-heading\">Ohutusstandardid<\/h3>\n\n<div class=\"wp-block-columns is-layout-flex wp-container-core-columns-is-layout-28f84493 wp-block-columns-is-layout-flex\">\n<div class=\"wp-block-column is-layout-flow wp-block-column-is-layout-flow\" style=\"flex-basis:66.66%\">\n<p>On oluline, et<strong> imemislaud vastaks<\/strong> teie piirkonnas ja tegevusvaldkonnas kehtivatele t\u00f6\u00f6tervishoiu- ja<strong> ohutusstandarditele<\/strong>.<\/p>\n\n\n\n<ul class=\"wp-block-list\">\n<li><strong>Vastavus \u00f5igusaktidele<\/strong>: kontrollige, et laud vastab kohalikele ja rahvusvahelistele standarditele, n\u00e4iteks CE-sertifikaadile Euroopas, mis tagavad ohutu kasutamise.<\/li>\n\n\n\n<li><strong>Spetsiifilised sertifikaadid<\/strong>: Veenduge, et laud on testitud ja heaks kiidetud konkreetset t\u00fc\u00fcpi t\u00f6\u00f6de jaoks, mis tagab mitte ainult ohutuse, vaid ka teie tegevusele iseloomulike saasteainete t\u00f5husa eemaldamise.<\/li>\n<\/ul>\n<\/div>\n\n\n\n<div class=\"wp-block-column is-layout-flow wp-block-column-is-layout-flow\" style=\"flex-basis:33.33%\">\n<figure class=\"wp-block-image aligncenter size-large is-resized\"><img decoding=\"async\" width=\"1024\" height=\"1024\" src=\"https:\/\/obera.fr\/wp-content\/uploads\/2025\/03\/2-1024x1024.png\" alt=\"Ohutusstandardid\" class=\"wp-image-77618\" style=\"width:196px;height:auto\" srcset=\"https:\/\/obera.fr\/wp-content\/uploads\/2025\/03\/2-1024x1024.png 1024w, https:\/\/obera.fr\/wp-content\/uploads\/2025\/03\/2-300x300.png 300w, https:\/\/obera.fr\/wp-content\/uploads\/2025\/03\/2-150x150.png 150w, https:\/\/obera.fr\/wp-content\/uploads\/2025\/03\/2-768x768.png 768w, https:\/\/obera.fr\/wp-content\/uploads\/2025\/03\/2.png 1200w\" sizes=\"(max-width: 1024px) 100vw, 1024px\" \/><\/figure>\n<\/div>\n<\/div>\n\n<p>Neid kriteeriume arvesse v\u00f5ttes saate valida vaakumlaua, mis mitte ainult ei paranda<strong> teie t\u00f6\u00f6koja \u00f5hukvaliteeti<\/strong>, vaid on ka j\u00e4tkusuutlik investeering, mis aitab kaasa t\u00f6\u00f6keskkonna tervisele ja tootlikkusele.<\/p>\n","protected":false},"excerpt":{"rendered":"<p>Kui tegemist on detailide v\u00f5i materjalidega t\u00f6\u00f6tamisega, on puhas ja ohutu t\u00f6\u00f6pind v\u00e4ga oluline. Tolmuimeja lauad on t\u00f6\u00f6stusspetsialistide seas populaarne valik, pakkudes kvaliteetset lahendust prahi ja tolmu eemaldamiseks. Siit leiate mitu vaakumlaudade mudelit, millest iga\u00fchel on oma erip\u00e4ra. Meie \u00fchendatavate imemislaudade valik A &amp; AT t\u00f6\u00f6stuslik vaakumlaud Meie t\u00f6\u00f6stuslikud imemislauad on m\u00f5eldud liivatamise ja lihvimise tolmu, keevitusauru, aurude, lahustite ja lenduvate orgaaniliste \u00fchendite vastu, mis tekivad t\u00f6\u00f6deldavate detailide liimimisel v\u00f5i lakkimisel. Meie vaakumlauad on t\u00f5elised t\u00f6\u00f6kohad, mis pakuvad operaatorile tervislikku \u00f5hku. 360\u00b0 p\u00f6\u00f6rlev vaakumlaud 360\u00b0 p\u00f6\u00f6rlev imemislaud, mis sobib eriti h\u00e4sti mehaaniliste ja termiliste eraldusprotsesside jaoks. Laua p\u00f6\u00f6rlemine annab kasutajatele &#8230; <\/p>\n<p class=\"read-more-container\"><a title=\"Imemislauad\" class=\"read-more button\" href=\"https:\/\/obera.fr\/et\/produits\/tables-aspirantes\/#more-51791\" aria-label=\"Read more about Imemislauad\">Lire la suite<\/a><\/p>\n","protected":false},"author":4,"featured_media":83738,"parent":51915,"menu_order":0,"comment_status":"closed","ping_status":"closed","template":"","meta":{"_acf_changed":false,"_seopress_robots_primary_cat":"","_seopress_titles_title":"T\u00f6\u00f6stuslike imemislaudade valik - oberA","_seopress_titles_desc":"Meie vaakumlauad on tervislikud t\u00f6\u00f6kohad, mida kasutaja kaitsmiseks pidevalt tolmuimejaga tolmuimeeritakse.","_seopress_robots_index":"","footnotes":""},"class_list":{"0":"post-51791","1":"page","2":"type-page","3":"status-publish","4":"has-post-thumbnail","6":"no-featured-image-padding","7":"resize-featured-image"},"acf":[],"_links":{"self":[{"href":"https:\/\/obera.fr\/et\/wp-json\/wp\/v2\/pages\/51791","targetHints":{"allow":["GET"]}}],"collection":[{"href":"https:\/\/obera.fr\/et\/wp-json\/wp\/v2\/pages"}],"about":[{"href":"https:\/\/obera.fr\/et\/wp-json\/wp\/v2\/types\/page"}],"author":[{"embeddable":true,"href":"https:\/\/obera.fr\/et\/wp-json\/wp\/v2\/users\/4"}],"replies":[{"embeddable":true,"href":"https:\/\/obera.fr\/et\/wp-json\/wp\/v2\/comments?post=51791"}],"version-history":[{"count":23,"href":"https:\/\/obera.fr\/et\/wp-json\/wp\/v2\/pages\/51791\/revisions"}],"predecessor-version":[{"id":118256,"href":"https:\/\/obera.fr\/et\/wp-json\/wp\/v2\/pages\/51791\/revisions\/118256"}],"up":[{"embeddable":true,"href":"https:\/\/obera.fr\/et\/wp-json\/wp\/v2\/pages\/51915"}],"wp:featuredmedia":[{"embeddable":true,"href":"https:\/\/obera.fr\/et\/wp-json\/wp\/v2\/media\/83738"}],"wp:attachment":[{"href":"https:\/\/obera.fr\/et\/wp-json\/wp\/v2\/media?parent=51791"}],"curies":[{"name":"wp","href":"https:\/\/api.w.org\/{rel}","templated":true}]}}