{"id":51809,"date":"2020-08-26T12:54:02","date_gmt":"2020-08-26T10:54:02","guid":{"rendered":"https:\/\/obera.fr\/keevitusauru-ja-laseriga-valjatombamine-epur-b-ex\/"},"modified":"2025-08-28T10:53:15","modified_gmt":"2025-08-28T08:53:15","slug":"aspiration-fumees-soudage-laser-epur-b-ex","status":"publish","type":"page","link":"https:\/\/obera.fr\/et\/produits\/depoussiereurs-industriels\/petits\/aspiration-fumees-soudage-laser-epur-b-ex\/","title":{"rendered":"Keevitussuitsu ja laseri ekstraheerimine ePUR Ex"},"content":{"rendered":"\n<p><strong>EPUR Ex<\/strong> on 3 ATEX-sertifikaadiga<a href=\"https:\/\/obera.fr\/et\/produits\/depoussiereurs-industriels\/petits\/\" data-type=\"page\" data-id=\"393\">mobiilse \u00f5hu v\u00e4ljat\u00f5mbes\u00fcsteemi<\/a> valik.<\/p>\n\n\n<h2 class=\"wp-block-heading\">Kuidas t\u00f6\u00f6tab keevitus-\/laserp\u00f5lengu eemaldamine?<\/h2>\n\n<div class=\"wp-block-columns is-layout-flex wp-container-core-columns-is-layout-28f84493 wp-block-columns-is-layout-flex\">\n<div class=\"wp-block-column is-layout-flow wp-block-column-is-layout-flow\" style=\"flex-basis:33.33%\">\n<figure class=\"wp-block-image aligncenter size-full\"><img decoding=\"async\" width=\"600\" height=\"600\" src=\"https:\/\/obera.fr\/wp-content\/uploads\/2023\/10\/epurb-ex-1000-3000-5000.png\" alt=\"epurb ex 1000 3000 5000\" class=\"wp-image-25016\" srcset=\"https:\/\/obera.fr\/wp-content\/uploads\/2023\/10\/epurb-ex-1000-3000-5000.png 600w, https:\/\/obera.fr\/wp-content\/uploads\/2023\/10\/epurb-ex-1000-3000-5000-300x300.png 300w, https:\/\/obera.fr\/wp-content\/uploads\/2023\/10\/epurb-ex-1000-3000-5000-150x150.png 150w\" sizes=\"(max-width: 600px) 100vw, 600px\" \/><\/figure>\n<\/div>\n\n\n\n<div class=\"wp-block-column is-layout-flow wp-block-column-is-layout-flow\" style=\"flex-basis:66.66%\">\n<p>Kasutamine on lihtne: <strong>saastatud \u00f5hk imetakse otse masinaga \u00fchendatud paindliku imivooliku<\/strong>, imemisvarre, v\u00e4ljat\u00f5mbekapuute v\u00f5i otse tootmismasinasse kanalite v\u00f5rgu kaudu.<\/p>\n\n\n\n<p><strong>Saastunud \u00f5hk<\/strong> p\u00fc\u00fctakse kinni ja t\u00f6\u00f6deldakse erinevate filtreerimisetappide abil.<\/p>\n\n\n\n<p><strong>Puhastatud \u00f5hk<\/strong> juhitakse seej\u00e4rel seadme p\u00f5hjast otse t\u00f6\u00f6ruumi v\u00f5i v\u00e4ljap\u00f5lemiskanalite v\u00f5rgu kaudu v\u00e4ljapoole.<\/p>\n\n\n\n<div style=\"height:15px\" aria-hidden=\"true\" class=\"wp-block-spacer\"><\/div>\n\n\n\n<div class=\"wp-block-columns is-layout-flex wp-container-core-columns-is-layout-28f84493 wp-block-columns-is-layout-flex\">\n<div class=\"wp-block-column is-layout-flow wp-block-column-is-layout-flow\" style=\"flex-basis:33.34%\">\n<div class=\"wp-block-buttons is-content-justification-center is-layout-flex wp-container-core-buttons-is-layout-a89b3969 wp-block-buttons-is-layout-flex\">\n<div class=\"wp-block-button\"><a class=\"wp-block-button__link wp-element-button\" href=\"https:\/\/obera.fr\/wp-content\/uploads\/2025\/04\/brochure-epur-ex-fr.pdf\">Lae alla bro\u0161\u00fc\u00fcr<\/a><\/div>\n<\/div>\n<\/div>\n\n\n\n<div class=\"wp-block-column is-layout-flow wp-block-column-is-layout-flow\" style=\"flex-basis:33.34%\">\n<div class=\"wp-block-buttons is-horizontal is-content-justification-center is-layout-flex wp-container-core-buttons-is-layout-03627597 wp-block-buttons-is-layout-flex\">\n<div class=\"wp-block-button has-custom-width wp-block-button__width-100\"><a class=\"wp-block-button__link wp-element-button\" href=\"https:\/\/obera.fr\/et\/votke-meiega-uhendust\/\">Lisateavet<\/a><\/div>\n<\/div>\n<\/div>\n\n\n\n<div class=\"wp-block-column is-layout-flow wp-block-column-is-layout-flow\" style=\"flex-basis:33.33%\">\n<div class=\"wp-block-buttons is-content-justification-center is-layout-flex wp-container-core-buttons-is-layout-a89b3969 wp-block-buttons-is-layout-flex\">\n<div class=\"wp-block-button btn-devis-source\"><a class=\"wp-block-button__link wp-element-button\" href=\"https:\/\/obera.fr\/et\/devis\/\">Taotlege hinnapakkumist<\/a><\/div>\n<\/div>\n\n\n<script>\r\ndocument.addEventListener('DOMContentLoaded', function() {\r\n    \/\/ 1. On cherche le titre H1 de la page\r\n    var h1 = document.querySelector('h1');\r\n    var productTitle = h1 ? h1.innerText.trim() : \"\";\r\n\r\n    \/\/ 2. On cherche les boutons via la classe CSS .btn-devis-source\r\n    var buttons = document.querySelectorAll('.btn-devis-source a');\r\n\r\n    \/\/ 3. Si on a le titre et les boutons, on ajoute le param\u00e8tre\r\n    if (buttons.length > 0 && productTitle !== \"\") {\r\n        var encodedTitle = encodeURIComponent(productTitle);\r\n\r\n        buttons.forEach(function(btn) {\r\n            var currentHref = btn.getAttribute('href');\r\n            \r\n            \/\/ S\u00e9curit\u00e9 pour ne pas ajouter le param\u00e8tre 2 fois\r\n            if (currentHref.indexOf('sujet=') === -1) {\r\n                var separator = currentHref.indexOf('?') !== -1 ? '&' : '?';\r\n                var newLink = currentHref + separator + 'sujet=' + encodedTitle;\r\n                \r\n                btn.setAttribute('href', newLink);\r\n            }\r\n        });\r\n    }\r\n});\r\n<\/script><\/div>\n<\/div>\n<\/div>\n<\/div>\n\n<h2 class=\"wp-block-heading\">Milleks?<\/h2>\n\n<p>Need v\u00e4ljat\u00f5mbeseadmed on m\u00f5eldud <strong>keevitus-<\/strong> ja <strong>jootmisaurude<\/strong>, <strong>tolmu<\/strong>, <strong>aurude<\/strong>, <strong>lahustite<\/strong>, <strong>gaaside<\/strong>, <strong>l\u00f5hnade<\/strong> ja igat liiki <strong>gaasiliste saasteainete<\/strong> <strong>v\u00e4ljat\u00f5mbamiseks<\/strong>. Seadmed on paigaldatud ratastele ja neid saab kasutada <a href=\"https:\/\/obera.fr\/et\/produits\/depoussiereurs-industriels\/fixes\/\">statsionaarsete v\u00f5i teisaldatavate t\u00f6\u00f6kohtade<\/a> (kuni 3 t\u00f6\u00f6kohta v\u00f5i tootmismasinat) v\u00e4ljat\u00f5mbamiseks. Kompaktsed ja ruumi s\u00e4\u00e4stvad, sobivad need igat t\u00fc\u00fcpi t\u00f6\u00f6stuses kasutamiseks. Need <a href=\"https:\/\/obera.fr\/et\/produits\/atex\/\" data-type=\"page\" data-id=\"372\">on ATEX-sertifikaadiga<\/a> ja m\u00f5eldud kasutamiseks ATEX22 tsoonides.  <\/p>\n\n<p><strong>EPUR Ex-seeria<\/strong> on varustatud k\u00fcllastusfiltritega (mis tuleb k\u00fcllastumise korral v\u00e4lja vahetada), mis t\u00e4hendab, et tolmu- v\u00f5i suitsukoormus on suhteliselt v\u00e4ike. Suurema saastekoormuse ja suure tolmukoguse korral tuleks valida regenereeritav (ummistumatu) filtrikandja, n\u00e4iteks <a href=\"https:\/\/obera.fr\/et\/produits\/depoussiereurs-industriels\/mobiles\/extracteur-poussiere-dustomat-4\/\" data-type=\"page\" data-id=\"440\">DUSTOMAT<\/a> v\u00f5i <a href=\"https:\/\/obera.fr\/et\/produits\/depoussiereurs-industriels\/fixes\/aspiration-centralisee-industrielle-dustmac\/\" data-type=\"page\" data-id=\"467\">DUSTMAC<\/a>&#8230;. tootesarjad. <\/p>\n\n<div class=\"wp-block-columns is-layout-flex wp-container-core-columns-is-layout-28f84493 wp-block-columns-is-layout-flex\">\n<div class=\"wp-block-column is-layout-flow wp-block-column-is-layout-flow\">\n<h3 class=\"wp-block-heading has-text-align-center\">Saasteained<\/h3>\n\n\n\n<hr class=\"wp-block-separator has-css-opacity is-style-wide\"\/>\n\n\n\n<div class=\"wp-block-columns is-layout-flex wp-container-core-columns-is-layout-28f84493 wp-block-columns-is-layout-flex\">\n<div class=\"wp-block-column is-layout-flow wp-block-column-is-layout-flow\">\n<figure class=\"wp-block-image aligncenter size-large\"><img decoding=\"async\" width=\"70\" height=\"70\" src=\"https:\/\/obera.fr\/wp-content\/uploads\/2020\/08\/industrie-chimie.jpg\" alt=\"Keemiat&#xF6;&#xF6;stus\" class=\"wp-image-725\"\/><figcaption class=\"wp-element-caption\">Keemiline tolm<\/figcaption><\/figure>\n\n\n\n<figure class=\"wp-block-image aligncenter size-large\"><img decoding=\"async\" width=\"70\" height=\"70\" src=\"https:\/\/obera.fr\/wp-content\/uploads\/2020\/08\/industrie-odeur.jpg\" alt=\"T&#xF6;&#xF6;stuse l&#xF5;hn\" class=\"wp-image-723\"\/><figcaption class=\"wp-element-caption\">L\u00f5hnad<\/figcaption><\/figure>\n<\/div>\n\n\n\n<div class=\"wp-block-column is-layout-flow wp-block-column-is-layout-flow\">\n<figure class=\"wp-block-image aligncenter size-large\"><img decoding=\"async\" width=\"70\" height=\"70\" src=\"https:\/\/obera.fr\/wp-content\/uploads\/2020\/08\/industrie-fumees.jpg\" alt=\"T&#xF6;&#xF6;stuse suitsu\" class=\"wp-image-722\"\/><figcaption class=\"wp-element-caption\">Aurud<\/figcaption><\/figure>\n\n\n\n<figure class=\"wp-block-image aligncenter size-large\"><img decoding=\"async\" width=\"70\" height=\"70\" src=\"https:\/\/obera.fr\/wp-content\/uploads\/2020\/09\/cov.png\" alt=\"Cov\" class=\"wp-image-959\"\/><figcaption class=\"wp-element-caption\">VOCS<\/figcaption><\/figure>\n<\/div>\n<\/div>\n<\/div>\n\n\n\n<div class=\"wp-block-column is-layout-flow wp-block-column-is-layout-flow\">\n<h3 class=\"wp-block-heading has-text-align-center\">T\u00f6\u00f6stusharud<\/h3>\n\n\n\n<hr class=\"wp-block-separator has-css-opacity is-style-wide\"\/>\n\n\n\n<p class=\"has-text-align-center\">Sobib igat liiki t\u00f6\u00f6stusele<\/p>\n<\/div>\n<\/div>\n\n<h2 class=\"wp-block-heading\">Millised on ePUR Ex omadused?<\/h2>\n\n<p><strong>ePUR Ex 1000, 3000 ja 5000<\/strong> v\u00f5ivad <strong>sisaldada kuni 3 astmelist k\u00f5rgtehnoloogilist filtreerimist<\/strong>. V\u00f5imalik on mitu konfiguratsiooni, kas 2 astet 13\/14 HEPA-filtriga ja 6 kg aktiivs\u00f6ega. V\u00f5i 3 astmelisena, kus esimene filter on konfigureeritav vastavalt teie vajadustele, millele j\u00e4rgneb teine filter, pool HEPA 13\/14 ja pool aktiivs\u00f6e (3 kg).  <\/p>\n\n<p>Seeria keskmise suurusega seadme<strong>ePUR Ex 3000<\/strong> puhul leiate esimese filtri, mida saab t\u00e4ielikult teie vajadustele vastavalt konfigureerida. Teine filtrikast on HEPA 13\/14, mille filtreerimispindala on 5,6m\u00b2. L\u00f5puks on kolmas filtrikast 6 kg kaaluv aktiivs\u00fctt sisaldav kassett. Selle maksimaalne vooluhulk on <strong>260 m3\/h <\/strong>(koormuse all). See kaalub 65 kg ja on 99 cm k\u00f5rge (kaal ilma filtrita).    <\/p>\n\n<p><strong>ePUR Ex 5000<\/strong> paistab silma oma imemisv\u00f5imsusega, mille <strong>suur vooluhulk on 2800 m3\/h<\/strong>. Selle filtrid on sama kohandatavad kui 2 eelneva mudeli omad. Seadme standardvarustuses on E10 eelfilter 19m\u00b2 filtripinnaga ja H14 HEPA-filter 20m\u00b2 filtripinnaga.  <\/p>\n\n<p>ePUR Ex 1000 kaalub 58 kg 63 cm k\u00f5rguse juures ja ePUR Ex 5000 kaalub 240 kg 159 cm k\u00f5rguse juures (kaal koos filtriga).<\/p>\n\n<p>Nende m\u00fcratase on suhteliselt madal (62 dB). Roostevabast terasest materjalid muudavad need t\u00f6\u00f6kindlaks ja usaldusv\u00e4\u00e4rseks. Need on varustatud ka juhtimisekraaniga, mis h\u00f5lbustab seadistamist.<\/p>\n\n<figure class=\"wp-block-table\"><table class=\"has-fixed-layout\"><thead><tr><th>Seade<\/th><th><\/th><th>ePUR Ex 1000<\/th><th>ePUR Ex 3000<\/th><th>ePUR Ex 5000<\/th><\/tr><\/thead><tbody><tr><td>Flow<\/td><td>m3\/h<\/td><td>350<\/td><td>460<\/td><td>2.800<\/td><\/tr><tr><td>Sisselaskeava l\u00e4bim\u00f5\u00f5t<\/td><td>mm<\/td><td>50<\/td><td>50<\/td><td>150<\/td><\/tr><tr><td>maksimaalne negatiivne r\u00f5hk<\/td><td>Pa<\/td><td>10 000<\/td><td>10 000<\/td><td>6000<\/td><\/tr><tr><td>Toitepinge<\/td><td>V<\/td><td>230 (v\u00f5i 110)<\/td><td>230 (v\u00f5i 110)<\/td><td>400<\/td><\/tr><tr><td>V\u00f5imsus<\/td><td>kW<\/td><td>1.1<\/td><td>1.1<\/td><td>2.4<\/td><\/tr><tr><td>Filtri pind 1. korrus<\/td><td>m\u00b2<\/td><td>2.2<\/td><td>2.5<\/td><td>19<\/td><\/tr><tr><td>Filtri pind 2. korrus<\/td><td>m\u00b2<\/td><td>2.8<\/td><td>5.6<\/td><td>20<\/td><\/tr><tr><td>Aktiivs\u00f6e kogus 3. etapp<\/td><td>kg<\/td><td>3<\/td><td>5.8<\/td><td>X<\/td><\/tr><tr><td>M\u00f5\u00f5tmed<\/td><td>l\/L\/h (mm)<\/td><td>436 x 527 x 638<\/td><td>430 x 400 x 996 mm<\/td><td>780 x 970 x 1590<\/td><\/tr><tr><td>Kaal (ilma filtriteta)<\/td><td>kg<\/td><td>58<\/td><td>65<\/td><td>240<\/td><\/tr><tr><td>M\u00fcratase<\/td><td>dB(A)<\/td><td>62<\/td><td>62<\/td><td>75<\/td><\/tr><\/tbody><\/table><\/figure>\n\n<h2 class=\"wp-block-heading\">Millised on meie elektroonilise keevitusp\u00f5lemisaparaadi eelised?<\/h2>\n\n<p><\/p>\n\n<div class=\"wp-block-columns is-layout-flex wp-container-core-columns-is-layout-28f84493 wp-block-columns-is-layout-flex\">\n<div class=\"wp-block-column is-layout-flow wp-block-column-is-layout-flow\" style=\"flex-basis:25%\"><\/div>\n\n\n\n<div class=\"wp-block-column is-layout-flow wp-block-column-is-layout-flow\" style=\"flex-basis:50%\">\n<figure class=\"wp-block-embed is-type-video is-provider-youtube wp-block-embed-youtube wp-embed-aspect-16-9 wp-has-aspect-ratio\"><div class=\"wp-block-embed__wrapper\">\n<iframe title=\"TRAITEMENT COV, ODEURS, POUSSI\u00c8RES ET POLLUANTS GAZEUX - ePUR EX1000 - Obera\" width=\"1200\" height=\"675\" src=\"https:\/\/www.youtube.com\/embed\/05A45bNzFEY?feature=oembed\" frameborder=\"0\" allow=\"accelerometer; autoplay; clipboard-write; encrypted-media; gyroscope; picture-in-picture; web-share\" referrerpolicy=\"strict-origin-when-cross-origin\" allowfullscreen><\/iframe>\n<\/div><\/figure>\n\n\n\n<p><\/p>\n<\/div>\n\n\n\n<div class=\"wp-block-column is-layout-flow wp-block-column-is-layout-flow\" style=\"flex-basis:25%\"><\/div>\n<\/div>\n\n<p>Eeliseid on palju, kuid eelk\u00f5ige on see <strong>t\u00f6\u00f6tajate kaitse<\/strong> paljude hingamisteede ja nahahaiguste eest, mida nad v\u00f5ivad p\u00f5deda. Teine eelis on tootmisvahendite kaitse, mis t\u00e4hendab v\u00e4hem rikkeid ja pikemat kasutusiga. Saadaval on erinevad filtrikonfiguratsioonid, mis t\u00e4hendab, et neid saab t\u00e4ielikult kohandada vastavalt konkreetsele probleemile.    <\/p>\n\n<blockquote class=\"wp-block-quote is-layout-flow wp-block-quote-is-layout-flow\">\n<p>Madal t\u00f6\u00f6m\u00fcra t\u00e4hendab, et seda saab paigaldada otse t\u00f6\u00f6piirkonda.  <\/p>\n<\/blockquote>\n\n<p>Seadmete v\u00e4ljat\u00f6\u00f6tamisel on kasutatud vastupidavaid materjale, nagu n\u00e4iteks roostevaba teras, et muuta need vastupidavamaks. Filtreid saab kiiresti ja lihtsalt vahetada. <strong>Elektrooniliselt kommuteeritud EC-ventilaatorid<\/strong> tagavad optimaalse t\u00f5hususe ja l\u00f5pmatu reguleeritavuse. Optimaalse kasutusmugavuse tagamiseks pakub juhtpaneel ka mitmesuguseid seadistusi, sealhulgas kaugjuhtimist ja seadme oleku kuvamist (ummistunud, l\u00e4bip\u00f5lenud filter jne). Seaduse kohaselt v\u00f5imaldavad meie seadmed j\u00e4rgida t\u00f6\u00f6keskkonna piirnormi (OEL).    <\/p>\n\n<div class=\"wp-block-columns is-layout-flex wp-container-core-columns-is-layout-28f84493 wp-block-columns-is-layout-flex\">\n<div class=\"wp-block-column is-layout-flow wp-block-column-is-layout-flow\">\n<h3 class=\"wp-block-heading has-text-align-center\">Eelised<\/h3>\n\n\n\n<ul class=\"wp-block-list\">\n<li>3 astmeline k\u00f5rgtehnoloogiline filtreerimine<\/li>\n\n\n\n<li>Summuti<\/li>\n\n\n\n<li>Kiire ja lihtne filtreerimisetappide vahetus<\/li>\n\n\n\n<li>Mobiilne ja ruumis\u00e4\u00e4stlik<\/li>\n\n\n\n<li>Saab kasutada kuni 3 t\u00f6\u00f6jaama v\u00f5i tootmismasina vaakumpuhastamiseks<\/li>\n<\/ul>\n<\/div>\n\n\n\n<div class=\"wp-block-column is-layout-flow wp-block-column-is-layout-flow\">\n<h3 class=\"wp-block-heading has-text-align-center\">Eriomadused<\/h3>\n\n\n\n<ul class=\"wp-block-list\">\n<li>ATEX-sertifitseerimine<\/li>\n\n\n\n<li>Elektrooniliselt kommuteeritud EC-ventilaator optimaalse t\u00f5hususe ja l\u00f5pmatu reguleeritavuse tagamiseks.<\/li>\n\n\n\n<li>Konfigureeritav paljude tarvikutega<\/li>\n<\/ul>\n<\/div>\n\n\n\n<div class=\"wp-block-column is-layout-flow wp-block-column-is-layout-flow\">\n<h3 class=\"wp-block-heading has-text-align-center\">Omadused<\/h3>\n\n\n\n<ul class=\"wp-block-list\">\n<li>Parandab oluliselt \u00f5hukvaliteeti, k\u00f5rvaldades l\u00f5hnad, LO\u00dc-d ja muud gaasilised saasteained.<\/li>\n<\/ul>\n<\/div>\n<\/div>\n\n<h2 class=\"wp-block-heading\">Kuidas valida \u00f5ige tolmukogumiss\u00fcsteem?<\/h2>\n\n<p>Oluline on valida \u00f5ige tolmukoguja, et v\u00e4ltida enneaegset kulumist, mis v\u00f5ib p\u00f5hjustada talitlush\u00e4ireid.<\/p>\n\n<p>ePUR Ex-seeria on <strong>v\u00f5imas<\/strong>, <strong>lihtne<\/strong>, <strong>kompaktne<\/strong> ja varustatud k\u00fcllastusfiltritega. Saate vabalt ja m\u00f5istlikult valida filtreerimisastmete kombinatsiooni, et optimeerida andmekandja kasutusiga. Veenduge siiski, et k\u00fcllastusosakeste filtrid sobivad h\u00e4sti tolmu ja suitsu kogustele, mida soovite v\u00e4lja t\u00f5mmata. Saadaval on ka teisi seadmeid, millel on regenereeriv filtrikandja.   <\/p>\n\n<p>Kui teete ise uuringuid, uurige kindlasti seadme filtreerimisv\u00f5imsust. See s\u00f5ltub saasteainest, osakeste suurusest, olekust (tahke v\u00f5i gaasiline) ja kontsentratsioonist. See uurimist\u00f6\u00f6 v\u00f5imaldab teil valida ideaalse filtrit\u00fc\u00fcbi, mis tolmukogujal peaks olema. Teiseks uurige v\u00e4lja, kui v\u00f5imas on seade, ehk teisis\u00f5nu, selle voolukiirus. J\u00e4llegi s\u00f5ltub seadme voolukiirus teie saasteaine kogusest, samuti t\u00f6\u00f6deldava ruumi pindalast.    Mida suurem on ruum, seda rohkem voolu on vaja.<\/p>\n\n<p>J\u00e4rgmine samm on otsustada, millise lisaseadmega masin varustatakse: tootmismasinaga \u00fchendatud kanal v\u00f5i t\u00f6\u00f6jaama<a href=\"https:\/\/obera.fr\/et\/produits\/bras-dispositifs-captation\/capot-industriel\/\"> imemisvarre<\/a>.<\/p>\n\n<hr class=\"wp-block-separator has-css-opacity is-style-dots\"\/>\n\n<div class=\"wp-block-buttons is-horizontal is-content-justification-center is-layout-flex wp-container-core-buttons-is-layout-03627597 wp-block-buttons-is-layout-flex\">\n<div class=\"wp-block-button has-custom-width wp-block-button__width-100\"><a class=\"wp-block-button__link wp-element-button\" href=\"https:\/\/obera.fr\/et\/votke-meiega-uhendust\/\">Lisateavet<\/a><\/div>\n<\/div>\n\n<h2 class=\"wp-block-heading\">Muud v\u00e4ikesed tolmukogujad kaubam\u00e4rgilt OberA<\/h2>\n\n<div class=\"wp-block-columns is-layout-flex wp-container-core-columns-is-layout-28f84493 wp-block-columns-is-layout-flex\">\n<div class=\"wp-block-column is-layout-flow wp-block-column-is-layout-flow\">\n<figure class=\"wp-block-image aligncenter size-medium\"><a href=\"https:\/\/obera.fr\/produits\/depoussiereurs-industriels\/petits\/jumbo\/\"><img decoding=\"async\" width=\"300\" height=\"300\" src=\"https:\/\/obera.fr\/wp-content\/uploads\/2020\/10\/jumbo-300x300.png\" alt=\"Jumbo\" class=\"wp-image-1171\" srcset=\"https:\/\/obera.fr\/wp-content\/uploads\/2020\/10\/jumbo-300x300.png 300w, https:\/\/obera.fr\/wp-content\/uploads\/2020\/10\/jumbo-150x150.png 150w, https:\/\/obera.fr\/wp-content\/uploads\/2020\/10\/jumbo.png 500w\" sizes=\"(max-width: 300px) 100vw, 300px\" \/><\/a><figcaption class=\"wp-element-caption\">Jumbo<\/figcaption><\/figure>\n<\/div>\n\n\n\n<div class=\"wp-block-column is-layout-flow wp-block-column-is-layout-flow\">\n<figure class=\"wp-block-image aligncenter size-medium\"><a href=\"https:\/\/obera.fr\/produits\/depoussiereurs-industriels\/petits\/tk-serie\/\"><img decoding=\"async\" width=\"300\" height=\"300\" src=\"https:\/\/obera.fr\/wp-content\/uploads\/2020\/11\/tk-series-300x300.jpg\" alt=\"TK-seeria\" class=\"wp-image-1607\" srcset=\"https:\/\/obera.fr\/wp-content\/uploads\/2020\/11\/tk-series-300x300.jpg 300w, https:\/\/obera.fr\/wp-content\/uploads\/2020\/11\/tk-series-150x150.jpg 150w, https:\/\/obera.fr\/wp-content\/uploads\/2020\/11\/tk-series.jpg 600w\" sizes=\"(max-width: 300px) 100vw, 300px\" \/><\/a><figcaption class=\"wp-element-caption\">TK Serie<\/figcaption><\/figure>\n<\/div>\n\n\n\n<div class=\"wp-block-column is-layout-flow wp-block-column-is-layout-flow\">\n<figure class=\"wp-block-image aligncenter size-medium\"><a href=\"https:\/\/obera.fr\/produits\/depoussiereurs-industriels\/petits\/srf-t\/\"><img decoding=\"async\" width=\"300\" height=\"300\" src=\"https:\/\/obera.fr\/wp-content\/uploads\/2020\/10\/SRF-T-SF-300x300.png\" alt=\"Srf T Sf\" class=\"wp-image-1310\" srcset=\"https:\/\/obera.fr\/wp-content\/uploads\/2020\/10\/SRF-T-SF-300x300.png 300w, https:\/\/obera.fr\/wp-content\/uploads\/2020\/10\/SRF-T-SF-150x150.png 150w, https:\/\/obera.fr\/wp-content\/uploads\/2020\/10\/SRF-T-SF.png 600w\" sizes=\"(max-width: 300px) 100vw, 300px\" \/><\/a><figcaption class=\"wp-element-caption\">SRF-T<\/figcaption><\/figure>\n<\/div>\n<\/div>\n","protected":false},"excerpt":{"rendered":"<p>EPUR Ex on 3 ATEX-sertifikaadigamobiilse \u00f5hu v\u00e4ljat\u00f5mbes\u00fcsteemi valik. Kuidas t\u00f6\u00f6tab keevitus-\/laserp\u00f5lengu eemaldamine? Kasutamine on lihtne: saastatud \u00f5hk imetakse otse masinaga \u00fchendatud paindliku imivooliku, imemisvarre, v\u00e4ljat\u00f5mbekapuute v\u00f5i otse tootmismasinasse kanalite v\u00f5rgu kaudu. Saastunud \u00f5hk p\u00fc\u00fctakse kinni ja t\u00f6\u00f6deldakse erinevate filtreerimisetappide abil. Puhastatud \u00f5hk juhitakse seej\u00e4rel seadme p\u00f5hjast otse t\u00f6\u00f6ruumi v\u00f5i v\u00e4ljap\u00f5lemiskanalite v\u00f5rgu kaudu v\u00e4ljapoole. Milleks? Need v\u00e4ljat\u00f5mbeseadmed on m\u00f5eldud keevitus- ja jootmisaurude, tolmu, aurude, lahustite, gaaside, l\u00f5hnade ja igat liiki gaasiliste saasteainete v\u00e4ljat\u00f5mbamiseks. Seadmed on paigaldatud ratastele ja neid saab kasutada statsionaarsete v\u00f5i teisaldatavate t\u00f6\u00f6kohtade (kuni 3 t\u00f6\u00f6kohta v\u00f5i tootmismasinat) v\u00e4ljat\u00f5mbamiseks. Kompaktsed ja ruumi s\u00e4\u00e4stvad, sobivad need igat t\u00fc\u00fcpi t\u00f6\u00f6stuses kasutamiseks. &#8230; <\/p>\n<p class=\"read-more-container\"><a title=\"Keevitussuitsu ja laseri ekstraheerimine ePUR Ex\" class=\"read-more button\" href=\"https:\/\/obera.fr\/et\/produits\/depoussiereurs-industriels\/petits\/aspiration-fumees-soudage-laser-epur-b-ex\/#more-51809\" aria-label=\"Read more about Keevitussuitsu ja laseri ekstraheerimine ePUR Ex\">Lire la suite<\/a><\/p>\n","protected":false},"author":4,"featured_media":83738,"parent":52097,"menu_order":0,"comment_status":"closed","ping_status":"closed","template":"","meta":{"_acf_changed":false,"_seopress_robots_primary_cat":"","_seopress_titles_title":"Keevitussuitsu ja laseri ekstraheerimine ePUR Ex oberA","_seopress_titles_desc":"ePUR Ex 1000 \/ 3000 \/ 5000 on kolme ATEX-sertifikaadiga mobiilse \u00f5hu v\u00e4ljat\u00f5mbes\u00fcsteemi valik. oberA v\u00e4ike tolmukoguja","_seopress_robots_index":"","footnotes":""},"class_list":{"0":"post-51809","1":"page","2":"type-page","3":"status-publish","4":"has-post-thumbnail","6":"no-featured-image-padding","7":"resize-featured-image"},"acf":[],"_links":{"self":[{"href":"https:\/\/obera.fr\/et\/wp-json\/wp\/v2\/pages\/51809","targetHints":{"allow":["GET"]}}],"collection":[{"href":"https:\/\/obera.fr\/et\/wp-json\/wp\/v2\/pages"}],"about":[{"href":"https:\/\/obera.fr\/et\/wp-json\/wp\/v2\/types\/page"}],"author":[{"embeddable":true,"href":"https:\/\/obera.fr\/et\/wp-json\/wp\/v2\/users\/4"}],"replies":[{"embeddable":true,"href":"https:\/\/obera.fr\/et\/wp-json\/wp\/v2\/comments?post=51809"}],"version-history":[{"count":12,"href":"https:\/\/obera.fr\/et\/wp-json\/wp\/v2\/pages\/51809\/revisions"}],"predecessor-version":[{"id":127278,"href":"https:\/\/obera.fr\/et\/wp-json\/wp\/v2\/pages\/51809\/revisions\/127278"}],"up":[{"embeddable":true,"href":"https:\/\/obera.fr\/et\/wp-json\/wp\/v2\/pages\/52097"}],"wp:featuredmedia":[{"embeddable":true,"href":"https:\/\/obera.fr\/et\/wp-json\/wp\/v2\/media\/83738"}],"wp:attachment":[{"href":"https:\/\/obera.fr\/et\/wp-json\/wp\/v2\/media?parent=51809"}],"curies":[{"name":"wp","href":"https:\/\/api.w.org\/{rel}","templated":true}]}}