{"id":51962,"date":"2020-08-26T12:41:56","date_gmt":"2020-08-26T10:41:56","guid":{"rendered":"https:\/\/obera.fr\/meie-tooted\/toostuslikud-ohupuhastusseadmed\/epur-b01-ecoprime-tolmuohupuhasti\/"},"modified":"2025-03-07T16:44:27","modified_gmt":"2025-03-07T14:44:27","slug":"epur-b01-ecoprime-tolmuohupuhasti","status":"publish","type":"page","link":"https:\/\/obera.fr\/et\/produits\/purificateurs-air\/epur-b01-ecoprime-tolmuohupuhasti\/","title":{"rendered":"ePUR B01 Ecoprime tolmu\u00f5hupuhasti"},"content":{"rendered":"\n<p><strong>ePUR B01 Ecoprime<\/strong> est un <a href=\"https:\/\/obera.fr\/produits\/purificateurs-air\/\" data-type=\"page\" data-id=\"26\">purificateur d\u2019air professionnel<\/a> pour de petits volumes.<\/p>\n\n\n\n\n\n\n<h2 class=\"wp-block-heading\" id=\"comment-fonctionne-notre-purificateur-d-air\">Kuidas t\u00f6\u00f6tab meie \u00f5hupuhastaja?<\/h2>\n\n\n\n<div class=\"wp-block-columns is-layout-flex wp-container-core-columns-is-layout-28f84493 wp-block-columns-is-layout-flex\">\n<div class=\"wp-block-column is-layout-flow wp-block-column-is-layout-flow\" style=\"flex-basis:33.33%\">\n<figure class=\"wp-block-image aligncenter size-medium\"><img decoding=\"async\" width=\"300\" height=\"300\" src=\"https:\/\/obera.fr\/wp-content\/uploads\/2020\/09\/epur-b01-ecoprime-300x300.jpg\" alt=\"Epur B01 Ecoprime\" class=\"wp-image-1008\" srcset=\"https:\/\/obera.fr\/wp-content\/uploads\/2020\/09\/epur-b01-ecoprime-300x300.jpg 300w, https:\/\/obera.fr\/wp-content\/uploads\/2020\/09\/epur-b01-ecoprime-150x150.jpg 150w, https:\/\/obera.fr\/wp-content\/uploads\/2020\/09\/epur-b01-ecoprime.jpg 433w\" sizes=\"(max-width: 300px) 100vw, 300px\" \/><\/figure>\n<\/div>\n\n\n\n<div class=\"wp-block-column is-layout-flow wp-block-column-is-layout-flow\" style=\"flex-basis:66.66%\">\n<p>Selle t\u00f6\u00f6p\u00f5him\u00f5te on lihtne: saastunud \u00f5hk imetakse seadme \u00fclaosas sisse, seej\u00e4rel l\u00e4bib seadme sees mitu filtreerimiskihti, enne kui see altpoolt otse teie t\u00f6\u00f6ruumi v\u00e4ljutatakse.<\/p>\n\n\n\n<h3 class=\"wp-block-heading\" id=\"a-quelles-utilisations-convient-il\">Millised on selle kasutusalad?<\/h3>\n\n\n\n<p>See <strong>\u00f5huk\u00e4itlusseade<\/strong> sobib praktiliselt igat t\u00fc\u00fcpi ettev\u00f5tetesse. See on t\u00f5hus v\u00e4ikestes ja keskmise suurusega ruumides, nagu kontorid, koosolekuruumid, juuksurisalongid, k\u00fc\u00fcnesalongid, hotellid, keemilised puhastusseadmed, spordisaalid, arstipraksised, hambaarstid, EPHAD, k\u00e4sit\u00f6\u00f6lised, koolid jne. <\/p>\n\n\n\n<div class=\"wp-block-columns is-layout-flex wp-container-core-columns-is-layout-28f84493 wp-block-columns-is-layout-flex\">\n<div class=\"wp-block-column is-layout-flow wp-block-column-is-layout-flow\" style=\"flex-basis:33.34%\">\n<div class=\"wp-block-buttons is-content-justification-center is-layout-flex wp-container-core-buttons-is-layout-a89b3969 wp-block-buttons-is-layout-flex\">\n<div class=\"wp-block-button\"><a class=\"wp-block-button__link wp-element-button\" href=\"https:\/\/obera.fr\/wp-content\/uploads\/2025\/03\/ecoprime-en.pdf\">Lae alla bro\u0161\u00fc\u00fcr<\/a><\/div>\n<\/div>\n<\/div>\n\n\n\n<div class=\"wp-block-column is-layout-flow wp-block-column-is-layout-flow\" style=\"flex-basis:33.34%\">\n<div class=\"wp-block-buttons is-horizontal is-content-justification-center is-layout-flex wp-container-core-buttons-is-layout-03627597 wp-block-buttons-is-layout-flex\">\n<div class=\"wp-block-button\"><a class=\"wp-block-button__link\" href=\"https:\/\/boutique.obera.fr\/22-acheter-purificateur-air-epur-b01-ecoprime-poussieres.html\" target=\"_blank\" rel=\"noreferrer noopener\">Acheter Epur B01 Ecoprime \u00e0 880,80\u20ac TTC<\/a><\/div>\n<\/div>\n<\/div>\n\n\n\n<div class=\"wp-block-column is-layout-flow wp-block-column-is-layout-flow\" style=\"flex-basis:33.33%\">\n<div class=\"wp-block-buttons is-content-justification-center is-layout-flex wp-container-core-buttons-is-layout-a89b3969 wp-block-buttons-is-layout-flex\">\n<div class=\"wp-block-button btn-devis-source\"><a class=\"wp-block-button__link wp-element-button\" href=\"https:\/\/obera.fr\/et\/devis\/\">Taotlege hinnapakkumist<\/a><\/div>\n<\/div>\n\n\n<script>\r\ndocument.addEventListener('DOMContentLoaded', function() {\r\n    \/\/ 1. On cherche le titre H1 de la page\r\n    var h1 = document.querySelector('h1');\r\n    var productTitle = h1 ? h1.innerText.trim() : \"\";\r\n\r\n    \/\/ 2. On cherche les boutons via la classe CSS .btn-devis-source\r\n    var buttons = document.querySelectorAll('.btn-devis-source a');\r\n\r\n    \/\/ 3. Si on a le titre et les boutons, on ajoute le param\u00e8tre\r\n    if (buttons.length > 0 && productTitle !== \"\") {\r\n        var encodedTitle = encodeURIComponent(productTitle);\r\n\r\n        buttons.forEach(function(btn) {\r\n            var currentHref = btn.getAttribute('href');\r\n            \r\n            \/\/ S\u00e9curit\u00e9 pour ne pas ajouter le param\u00e8tre 2 fois\r\n            if (currentHref.indexOf('sujet=') === -1) {\r\n                var separator = currentHref.indexOf('?') !== -1 ? '&' : '?';\r\n                var newLink = currentHref + separator + 'sujet=' + encodedTitle;\r\n                \r\n                btn.setAttribute('href', newLink);\r\n            }\r\n        });\r\n    }\r\n});\r\n<\/script><\/div>\n<\/div>\n<\/div>\n<\/div>\n\n\n\n<h2 class=\"wp-block-heading\" id=\"quels-polluants-puis-je-traiter-avec-le-purificateur-d-air-epur-b01-ecoprime\">Milliseid saasteaineid saab ePUR B01 Ecoprime \u00f5hupuhastiga t\u00f6\u00f6delda?<\/h2>\n\n\n\n<p>ePUR B01 Ecoprime \u00f5hupuhastit saab varustada erinevate filtreerimiskonfiguratsioonidega. Standardselt sisaldab see molekulaarfiltreerimise astet aktiivs\u00f6ega <strong>gaasiliste saasteainete<\/strong> (LO\u00dc-d, l\u00f5hnad, formaldeh\u00fc\u00fcdid jne) ja <strong>osakeste filtreerimise<\/strong> korrust (HEPA klassi F k\u00fcllastusfilter peen tolmu, gaasiliste saasteainete, l\u00f5hnade, LO\u00dc-de ning \u00f5hus levivate viiruste ja bakterite t\u00f6\u00f6tlemiseks. <\/p>\n\n\n\n<div class=\"wp-block-buttons is-horizontal is-content-justification-center is-layout-flex wp-container-core-buttons-is-layout-03627597 wp-block-buttons-is-layout-flex\">\n<div class=\"wp-block-button has-custom-width wp-block-button__width-100\"><a class=\"wp-block-button__link wp-element-button\" href=\"https:\/\/obera.fr\/et\/votke-meiega-uhendust\/\">Lisateavet<\/a><\/div>\n<\/div>\n\n\n\n<div style=\"height:20px\" aria-hidden=\"true\" class=\"wp-block-spacer\"><\/div>\n\n\n\n<div class=\"wp-block-columns is-layout-flex wp-container-core-columns-is-layout-28f84493 wp-block-columns-is-layout-flex\">\n<div class=\"wp-block-column is-layout-flow wp-block-column-is-layout-flow\">\n<h3 class=\"wp-block-heading has-text-align-center\" id=\"polluants\">Saasteained<\/h3>\n\n\n\n<hr class=\"wp-block-separator has-css-opacity is-style-wide\"\/>\n\n\n\n<div class=\"wp-block-columns is-layout-flex wp-container-core-columns-is-layout-28f84493 wp-block-columns-is-layout-flex\">\n<div class=\"wp-block-column is-layout-flow wp-block-column-is-layout-flow\">\n<figure class=\"wp-block-image aligncenter size-large\"><img decoding=\"async\" width=\"70\" height=\"70\" src=\"https:\/\/obera.fr\/wp-content\/uploads\/2020\/08\/polluants-poussieres.jpg\" alt=\"Saasteained Tolm\" class=\"wp-image-675\"\/><figcaption class=\"wp-element-caption\">Saasteained Tolm<\/figcaption><\/figure>\n<\/div>\n\n\n\n<div class=\"wp-block-column is-layout-flow wp-block-column-is-layout-flow\">\n<figure class=\"wp-block-image aligncenter size-large\"><img decoding=\"async\" width=\"70\" height=\"70\" src=\"https:\/\/obera.fr\/wp-content\/uploads\/2020\/10\/industrie-aerosols.jpg\" alt=\"T\u00f6\u00f6stuse aerosoolid\" class=\"wp-image-1201\"\/><figcaption class=\"wp-element-caption\">Aerosoolid<\/figcaption><\/figure>\n<\/div>\n<\/div>\n\n\n\n<p><\/p>\n<\/div>\n\n\n\n<div class=\"wp-block-column is-layout-flow wp-block-column-is-layout-flow\">\n<h3 class=\"wp-block-heading has-text-align-center\" id=\"industries\">T\u00f6\u00f6stusharud<\/h3>\n\n\n\n<hr class=\"wp-block-separator has-css-opacity is-style-wide\"\/>\n\n\n\n<p>Sobib igat liiki ettev\u00f5tetele, see muutub asendamatuks :<\/p>\n\n\n\n<ul class=\"wp-block-list\">\n<li>Kontorid ja koosolekuruumid<\/li>\n\n\n\n<li>Avatud ruumid<\/li>\n\n\n\n<li>Kunstnikud<\/li>\n\n\n\n<li>Juuksurid<\/li>\n\n\n\n<li>Nail art<\/li>\n\n\n\n<li>Elektrooniliste sigarettide ja e-sigaretivedelike kaubandus<\/li>\n\n\n\n<li>Meditsiinilised praktikad<\/li>\n\n\n\n<li>Hambaarstid<\/li>\n\n\n\n<li>Hambaravitehnikud<\/li>\n\n\n\n<li>EPHAD<\/li>\n\n\n\n<li>Optikud<\/li>\n\n\n\n<li>Hotellid<\/li>\n\n\n\n<li>Restoranid<\/li>\n\n\n\n<li>Valmisr\u00f5ivaste kauplused<\/li>\n\n\n\n<li>Pressing<\/li>\n\n\n\n<li>Spordi- ja spordirajatised<\/li>\n\n\n\n<li>Primeurs<\/li>\n\n\n\n<li>Lasteaiad ja koolid<\/li>\n<\/ul>\n<\/div>\n<\/div>\n\n\n\n<h2 class=\"wp-block-heading\" id=\"quelles-sont-les-caracteristiques-du-purificateur-d-air-epur-b01-ecoprime\">Millised on ePUR B01 Ecoprime \u00f5hupuhastaja omadused?<\/h2>\n\n\n\n<figure class=\"wp-block-image alignright size-medium\"><img decoding=\"async\" width=\"300\" height=\"206\" src=\"https:\/\/obera.fr\/wp-content\/uploads\/2020\/10\/epur-ecoprime-300x206.jpg\" alt=\"Epur Ecoprime\" class=\"wp-image-1240\" srcset=\"https:\/\/obera.fr\/wp-content\/uploads\/2020\/10\/epur-ecoprime-300x206.jpg 300w, https:\/\/obera.fr\/wp-content\/uploads\/2020\/10\/epur-ecoprime-768x528.jpg 768w, https:\/\/obera.fr\/wp-content\/uploads\/2020\/10\/epur-ecoprime.jpg 900w\" sizes=\"(max-width: 300px) 100vw, 300px\" \/><figcaption class=\"wp-element-caption\">EcoPrime<\/figcaption><\/figure>\n\n\n\n<p>Sellel seadmel on <strong>suure t\u00f5hususega s\u00fcsinikuga immutatud tahkete osakeste filter<\/strong>, mis p\u00fc\u00fcab \u00e4ra \u00fcle 99,9% tolmust ja gaasilistest saasteainetest. Selle v\u00f5imsus on t\u00e4ielikult reguleeritav, mis v\u00f5imaldab kohandada vooluhulka vastavalt teie vajadustele. Kompaktne, m\u00f5\u00f5tmetega 25x25x33 cm, sobib ideaalselt ka k\u00f5ige v\u00e4iksemasse t\u00f6\u00f6keskkonda.    <\/p>\n\n\n\n<p>See suudab t\u00f5husalt puhastada saasteaineid kuni 60m\u00b2 suurusel pinnal. Energiat\u00f5hus, A+ hinnanguga vaid 14W. \u00d5hupuhasti ePUR B01 Ecoprime on <strong>vaikne<\/strong> ja selle madal m\u00fcratase (48 dB t\u00e4isv\u00f5imsusel) t\u00e4hendab, et saate selle paigutada endale v\u00f5imalikult l\u00e4hedale, ilma et see teid h\u00e4iriks.  <\/p>\n\n\n\n<h2 class=\"wp-block-heading\" id=\"quels-sont-ses-avantages\"><strong>Millised on eelised?<\/strong><\/h2>\n\n\n\n<p>Esiteks kaitseb \u00f5hupuhastaja t\u00f6\u00f6tajaid peenosakeste ja muude gaasiliste saasteainete eest, aidates ennetada igasuguseid kopsu- ja s\u00fcdamehaigusi. <strong>HEPA-filtreerimine<\/strong> k\u00f5rvaldab ka viirused, bakterid ja eosed, et piirata haigustekitajate, \u00f5hu kaudu levivate haigustekitajate ja allergeenide p\u00f5hjustatud epideemiaid.<\/p>\n\n\n\n<p>Eelis on ka puhastuskulude osas. Nimelt puhastab seade tolmu ja muid saasteaineid, mis muidu teie t\u00f6\u00f6ruumi ladestuksid. Veelgi enam, see on praktiliselt hooldusvaba. S\u00f5ltuvalt kasutamisest ja ruumis leiduvate saasteainete tasemest tuleb filtreid vahetada vaid kord aastas. See kompaktne \u00f5hupuhastaja sobib oma elegantse ja moodsa disainiga h\u00f5lpsasti igasse ruumi.    <\/p>\n\n\n\n<p>M\u00f5nel juhul kasutatakse meie professionaalseid \u00f5hupuhastusseadmeid, et t\u00e4ita t\u00f6\u00f6keskkonna piirnormi (OEL).<\/p>\n\n\n\n<div class=\"wp-block-columns is-layout-flex wp-container-core-columns-is-layout-28f84493 wp-block-columns-is-layout-flex\">\n<div class=\"wp-block-column is-layout-flow wp-block-column-is-layout-flow\">\n<h3 class=\"wp-block-heading has-text-align-center\" id=\"avantages\">Eelised<\/h3>\n\n\n\n<ul class=\"wp-block-list\">\n<li>S\u00fcnteetiline HEPA-filter, mis on immutatud suure t\u00f5hususega aktiivs\u00f6ega.<\/li>\n\n\n\n<li>Econome: max. 14W <\/li>\n\n\n\n<li>Maksimaalne t\u00f5husus kuni 60m\u00b2.<\/li>\n<\/ul>\n<\/div>\n\n\n\n<div class=\"wp-block-column is-layout-flow wp-block-column-is-layout-flow\">\n<h3 class=\"wp-block-heading has-text-align-center\" id=\"particularites\">Eriomadused<\/h3>\n\n\n\n<ul class=\"wp-block-list\">\n<li>V\u00f5imsus reguleeritav vahemikus 0-100%.<\/li>\n\n\n\n<li>Elegantne, kaasaegne disain<\/li>\n\n\n\n<li>Kompaktne 25cm x 25cm x 33cm<\/li>\n\n\n\n<li>Summuti: max. 48 dB t\u00e4isv\u00f5imsusel <\/li>\n<\/ul>\n<\/div>\n\n\n\n<div class=\"wp-block-column is-layout-flow wp-block-column-is-layout-flow\">\n<h3 class=\"wp-block-heading has-text-align-center\" id=\"caracteristiques\">Omadused<\/h3>\n\n\n\n<ul class=\"wp-block-list\">\n<li>\u00dcle 99,9% peente osakeste ja lenduvate orgaaniliste \u00fchendite filtreerimine.<\/li>\n\n\n\n<li>Filtreerib v\u00e4lja viirused, bakterid ja eosed: aitab piirata \u00f5hu kaudu levivate haigustekitajate p\u00f5hjustatud epideemiaid.<\/li>\n<\/ul>\n<\/div>\n<\/div>\n\n\n\n<div class=\"wp-block-buttons is-horizontal is-content-justification-center is-layout-flex wp-container-core-buttons-is-layout-03627597 wp-block-buttons-is-layout-flex\">\n<div class=\"wp-block-button has-custom-width wp-block-button__width-100\"><a class=\"wp-block-button__link wp-element-button\" href=\"https:\/\/obera.fr\/et\/votke-meiega-uhendust\/\">Lisateavet<\/a><\/div>\n<\/div>\n\n\n\n<h2 class=\"wp-block-heading\" id=\"exemples-de-domaine-d-application-pour-le-epur-b01-ecoprime\">N\u00e4iteid ePUR B01 Ecoprime&#8217;i rakendustest :<\/h2>\n\n\n\n<h3 class=\"wp-block-heading\" id=\"secteur-medical-hopitaux-ehpad-veterinaires-pedicures-podologues-dentistes-et-prothesistes-dentaires-cabinets-medicaux-espaces-funeraires\">Meditsiinisektor (haiglad, hooldekodud, veterinaararstid, kiropodistid, hambaarstid ja hambaravitehnikud, arstipraksised, matuseb\u00fcrood).<\/h3>\n\n\n\n<p>Vajadused on erinevad:<\/p>\n\n\n\n<ul class=\"wp-block-list\">\n<li>\u00d5hu kvaliteedi parandamine, et <strong>v\u00e4hendada \u00f5hu kaudu levivat saastumist<\/strong>(viirused, bakterid).<\/li>\n\n\n\n<li>Desinfitseerib ja <strong>takistab viiruste<\/strong>, bakterite jne <strong>levikut<\/strong>.<\/li>\n\n\n\n<li>Likvideerib t\u00fc\u00fctuid l\u00f5hnu ja <strong>neutraliseerib erinevaid l\u00f5hnasaasteid<\/strong><\/li>\n\n\n\n<li><strong>Tolmu<\/strong> tekitavate tegevuste <strong>tolmutaseme v\u00e4hendamine<\/strong> <\/li>\n<\/ul>\n\n\n\n<h2 class=\"wp-block-heading\" id=\"les-autres-purificateur-d-air-de-la-marque-obera\">Muud \u00f5hupuhastid tootemargilt oberA<\/h2>\n\n\n\n<div class=\"wp-block-columns is-layout-flex wp-container-core-columns-is-layout-28f84493 wp-block-columns-is-layout-flex\">\n<div class=\"wp-block-column is-layout-flow wp-block-column-is-layout-flow\">\n<figure class=\"wp-block-image aligncenter size-medium is-resized\"><a href=\"https:\/\/obera.fr\/produits\/purificateurs-air\/filtower\/\"><img decoding=\"async\" width=\"300\" height=\"300\" src=\"https:\/\/obera.fr\/wp-content\/uploads\/2020\/09\/FILTOWER-SF-300x300.png\" alt=\"Filtower Sf\" class=\"wp-image-1017\" style=\"width:150px;height:150px\" srcset=\"https:\/\/obera.fr\/wp-content\/uploads\/2020\/09\/FILTOWER-SF-300x300.png 300w, https:\/\/obera.fr\/wp-content\/uploads\/2020\/09\/FILTOWER-SF-150x150.png 150w, https:\/\/obera.fr\/wp-content\/uploads\/2020\/09\/FILTOWER-SF.png 600w\" sizes=\"(max-width: 300px) 100vw, 300px\" \/><\/a><figcaption class=\"wp-element-caption\">Filtower<\/figcaption><\/figure>\n<\/div>\n\n\n\n<div class=\"wp-block-column is-layout-flow wp-block-column-is-layout-flow\">\n<figure class=\"wp-block-image aligncenter size-medium is-resized\"><a href=\"https:\/\/obera.fr\/produits\/purificateurs-air\/professionnel-epur-ca\/\"><img decoding=\"async\" width=\"300\" height=\"300\" src=\"https:\/\/obera.fr\/wp-content\/uploads\/2020\/09\/gamme-epur-ca-300x300.jpg\" alt=\"Epur Ca vahemik\" class=\"wp-image-1015\" style=\"width:150px;height:150px\" srcset=\"https:\/\/obera.fr\/wp-content\/uploads\/2020\/09\/gamme-epur-ca-300x300.jpg 300w, https:\/\/obera.fr\/wp-content\/uploads\/2020\/09\/gamme-epur-ca-150x150.jpg 150w, https:\/\/obera.fr\/wp-content\/uploads\/2020\/09\/gamme-epur-ca.jpg 433w\" sizes=\"(max-width: 300px) 100vw, 300px\" \/><\/a><figcaption class=\"wp-element-caption\">ePUR AC<\/figcaption><\/figure>\n<\/div>\n\n\n\n<div class=\"wp-block-column is-layout-flow wp-block-column-is-layout-flow\">\n<figure class=\"wp-block-image aligncenter size-full\"><a href=\"https:\/\/obera.fr\/produits\/purificateurs-air\/industriel-epur\/\"><img decoding=\"async\" width=\"150\" height=\"150\" src=\"https:\/\/obera.fr\/wp-content\/uploads\/2023\/05\/gamme-epur.png\" alt=\"epur vahemik\" class=\"wp-image-22632\"\/><\/a><figcaption class=\"wp-element-caption\">EPUR<\/figcaption><\/figure>\n<\/div>\n\n\n\n<div class=\"wp-block-column is-layout-flow wp-block-column-is-layout-flow\">\n<figure class=\"wp-block-image aligncenter size-full\"><a href=\"https:\/\/obera.fr\/produits\/purificateurs-air\/purificateur-rafraichisseur-epur150-fresh\/\"><img decoding=\"async\" width=\"150\" height=\"150\" src=\"https:\/\/obera.fr\/wp-content\/uploads\/2023\/04\/epur150-fresh-4.png\" alt=\"epur150 v\u00e4rske (4)\" class=\"wp-image-22427\"\/><\/a><figcaption class=\"wp-element-caption\">ePUR150 FRESH<\/figcaption><\/figure>\n<\/div>\n<\/div>\n","protected":false},"excerpt":{"rendered":"<p>ePUR B01 Ecoprime est un purificateur d\u2019air professionnel pour de petits volumes. Kuidas t\u00f6\u00f6tab meie \u00f5hupuhastaja? Selle t\u00f6\u00f6p\u00f5him\u00f5te on lihtne: saastunud \u00f5hk imetakse seadme \u00fclaosas sisse, seej\u00e4rel l\u00e4bib seadme sees mitu filtreerimiskihti, enne kui see altpoolt otse teie t\u00f6\u00f6ruumi v\u00e4ljutatakse. Millised on selle kasutusalad? See \u00f5huk\u00e4itlusseade sobib praktiliselt igat t\u00fc\u00fcpi ettev\u00f5tetesse. See on t\u00f5hus v\u00e4ikestes ja keskmise suurusega ruumides, nagu kontorid, koosolekuruumid, juuksurisalongid, k\u00fc\u00fcnesalongid, hotellid, keemilised puhastusseadmed, spordisaalid, arstipraksised, hambaarstid, EPHAD, k\u00e4sit\u00f6\u00f6lised, koolid jne. Milliseid saasteaineid saab ePUR B01 Ecoprime \u00f5hupuhastiga t\u00f6\u00f6delda? ePUR B01 Ecoprime \u00f5hupuhastit saab varustada erinevate filtreerimiskonfiguratsioonidega. Standardselt sisaldab see molekulaarfiltreerimise astet aktiivs\u00f6ega gaasiliste saasteainete (LO\u00dc-d, l\u00f5hnad, &#8230; <\/p>\n<p class=\"read-more-container\"><a title=\"ePUR B01 Ecoprime tolmu\u00f5hupuhasti\" class=\"read-more button\" href=\"https:\/\/obera.fr\/et\/produits\/purificateurs-air\/epur-b01-ecoprime-tolmuohupuhasti\/#more-51962\" aria-label=\"Read more about ePUR B01 Ecoprime tolmu\u00f5hupuhasti\">Lire la suite<\/a><\/p>\n","protected":false},"author":4,"featured_media":83738,"parent":51944,"menu_order":0,"comment_status":"closed","ping_status":"closed","template":"","meta":{"_acf_changed":false,"_seopress_robots_primary_cat":"","_seopress_titles_title":"ePUR B01 Ecoprime tolmu\u00f5hupuhasti - oberA","_seopress_titles_desc":"\u00d5hupuhasti ePUR B01 Ecoprime on varustatud erinevate filtreerimiskonfiguratsioonidega. See \u00f5hupuhasti sobib k\u00f5igile ettev\u00f5tetele","_seopress_robots_index":"","footnotes":""},"class_list":{"0":"post-51962","1":"page","2":"type-page","3":"status-publish","4":"has-post-thumbnail","6":"no-featured-image-padding","7":"resize-featured-image"},"acf":[],"_links":{"self":[{"href":"https:\/\/obera.fr\/et\/wp-json\/wp\/v2\/pages\/51962","targetHints":{"allow":["GET"]}}],"collection":[{"href":"https:\/\/obera.fr\/et\/wp-json\/wp\/v2\/pages"}],"about":[{"href":"https:\/\/obera.fr\/et\/wp-json\/wp\/v2\/types\/page"}],"author":[{"embeddable":true,"href":"https:\/\/obera.fr\/et\/wp-json\/wp\/v2\/users\/4"}],"replies":[{"embeddable":true,"href":"https:\/\/obera.fr\/et\/wp-json\/wp\/v2\/comments?post=51962"}],"version-history":[{"count":2,"href":"https:\/\/obera.fr\/et\/wp-json\/wp\/v2\/pages\/51962\/revisions"}],"predecessor-version":[{"id":71724,"href":"https:\/\/obera.fr\/et\/wp-json\/wp\/v2\/pages\/51962\/revisions\/71724"}],"up":[{"embeddable":true,"href":"https:\/\/obera.fr\/et\/wp-json\/wp\/v2\/pages\/51944"}],"wp:featuredmedia":[{"embeddable":true,"href":"https:\/\/obera.fr\/et\/wp-json\/wp\/v2\/media\/83738"}],"wp:attachment":[{"href":"https:\/\/obera.fr\/et\/wp-json\/wp\/v2\/media?parent=51962"}],"curies":[{"name":"wp","href":"https:\/\/api.w.org\/{rel}","templated":true}]}}