{"id":52010,"date":"2020-05-01T17:18:19","date_gmt":"2020-05-01T15:18:19","guid":{"rendered":"https:\/\/obera.fr\/meie-tooted\/lou-de-ja-lohna-tootlemine\/"},"modified":"2025-04-22T09:35:40","modified_gmt":"2025-04-22T07:35:40","slug":"traitement-cov","status":"publish","type":"page","link":"https:\/\/obera.fr\/et\/produits\/traitement-cov\/","title":{"rendered":"LO\u00dc-de ja l\u00f5hna t\u00f6\u00f6tlemine"},"content":{"rendered":"\n<p>Meie <strong>t\u00f6\u00f6stuslikud LO\u00dc- ja l\u00f5hnade h\u00e4vitajad<\/strong> on spetsiaalselt <strong>gaasiliste saasteainete<\/strong>, n\u00e4iteks lenduvate orgaaniliste \u00fchendite (LO\u00dc), l\u00f5hnade, suitsude ja mitmesuguste keemiliste \u00fchendite <strong>t\u00f6\u00f6tlemiseks<\/strong> m\u00f5eldud seadmed. Meie seadmed sobivad igat liiki t\u00f6\u00f6stusele. T\u00e4nu aktiivs\u00fctt kasutavale molekulaarsele filtreerimisele filtreeritakse saasteained ja p\u00fc\u00fctakse need adsorptsiooni teel kinni.  <\/p>\n\n<p>T\u00f6\u00f6stusprotsessid ja t\u00f6\u00f6kohal kasutatavad tooted eraldavad gaasilisi saasteaineid, mida \u00fcldiselt tuntakse lenduvate orgaaniliste \u00fchendite nime all. Need saasteained on tavaliselt s\u00fcsivesinikest, lahustitest, v\u00e4\u00e4vli\u00fchenditest jne saadud \u00fchendid. <\/p>\n\n<p>V\u00f5imaluse korral tuleks lenduvad orgaanilised \u00fchendid (VOC) <strong>ekstraheerida<\/strong>, <strong>t\u00f6\u00f6delda<\/strong> ja seej\u00e4rel <strong>v\u00e4ljapoole juhtida<\/strong>.<\/p>\n\n<p>Paljudel juhtudel ei ole see v\u00f5imalik ja mobiilne kiirgusallika p\u00fc\u00fcdmise v\u00f5i keskkonna t\u00f6\u00f6tlemise s\u00fcsteem t\u00f6\u00f6koha l\u00e4hedal v\u00f5ib oluliselt v\u00e4hendada operaatori kokkupuudet.<\/p>\n\n\n<h2 class=\"wp-block-heading\">Meie t\u00f6\u00f6stuslike l\u00f5hna- ja LO\u00dc-de eemaldajate valik<\/h2>\n\n<div class=\"wp-block-columns is-layout-flex wp-container-core-columns-is-layout-28f84493 wp-block-columns-is-layout-flex\">\n<div class=\"wp-block-column is-layout-flow wp-block-column-is-layout-flow\">\n<h3 class=\"wp-block-heading has-text-align-center\"><a href=\"https:\/\/obera.fr\/et\/produits\/purificateurs-air\/professionnel-epur-ca\/\">EPUR CA: Keskkonnat\u00f6\u00f6tlus<\/a><\/h3>\n\n\n\n<figure class=\"wp-block-image aligncenter size-medium\"><a href=\"https:\/\/obera.fr\/produits\/purificateurs-air\/professionnel-epur-ca\/\"><img decoding=\"async\" width=\"300\" height=\"300\" src=\"https:\/\/obera.fr\/wp-content\/uploads\/2020\/09\/gamme-epur-ca-300x300.jpg\" alt=\"Epur Ca vahemik\" class=\"wp-image-1015\" srcset=\"https:\/\/obera.fr\/wp-content\/uploads\/2020\/09\/gamme-epur-ca-300x300.jpg 300w, https:\/\/obera.fr\/wp-content\/uploads\/2020\/09\/gamme-epur-ca-150x150.jpg 150w, https:\/\/obera.fr\/wp-content\/uploads\/2020\/09\/gamme-epur-ca.jpg 433w\" sizes=\"(max-width: 300px) 100vw, 300px\" \/><\/a><figcaption class=\"wp-element-caption\">ePUR CA<\/figcaption><\/figure>\n\n\n\n<p><a href=\"https:\/\/obera.fr\/et\/produits\/purificateurs-air\/professionnel-epur-ca\/\" data-type=\"page\" data-id=\"409\">EPUR CA<\/a>, professionaalne mobiilne \u00f5hupuhastuss\u00fcsteem, mis ei vaja torustikku ega paigaldamist. See on m\u00f5eldud keskkonna p\u00fc\u00fcdmiseks, kuid seda kasutatakse sageli koos allikas\u00fcsteemi abil LO\u00dc-de ja muude gaasiliste saasteainete eraldamiseks ja filtreerimiseks adsorptsiooni teel. Aktiivs\u00f6e t\u00fc\u00fcbi saab valida laiast valikust, s\u00f5ltuvalt konkreetselt t\u00f6\u00f6deldavast saasteainest, et saavutada optimaalne t\u00f5husus.    <\/p>\n\n\n\n<p><a href=\"https:\/\/obera.fr\/et\/produits\/purificateurs-air\/\" data-type=\"page\" data-id=\"26\">ePUR CA \u00f5hupuhastid<\/a> puhastavad ja v\u00e4hendavad oluliselt l\u00f5hnah\u00e4ireid kodus. L\u00f5hnad p\u00fc\u00fctakse t\u00f5husalt kinni. <\/p>\n\n\n\n<p><\/p>\n<\/div>\n<\/div>\n\n<div class=\"wp-block-columns is-layout-flex wp-container-core-columns-is-layout-28f84493 wp-block-columns-is-layout-flex\">\n<div class=\"wp-block-column is-layout-flow wp-block-column-is-layout-flow\">\n<h3 class=\"wp-block-heading has-text-align-center\"><a href=\"https:\/\/obera.fr\/produits\/traitement-cov\/filtre-anti-poussiere-epur010-b-ca\/\">EPUR 10 B CA<\/a><\/h3>\n\n\n\n<figure class=\"wp-block-image aligncenter size-medium\"><a href=\"https:\/\/obera.fr\/produits\/traitement-cov\/filtre-anti-poussiere-epur010-b-ca\/\"><img decoding=\"async\" width=\"300\" height=\"300\" src=\"https:\/\/obera.fr\/wp-content\/uploads\/2020\/09\/ePUR010B-CA-300x300.png\" alt=\"Epur 010 b Ca\" class=\"wp-image-1038\" srcset=\"https:\/\/obera.fr\/wp-content\/uploads\/2020\/09\/ePUR010B-CA-300x300.png 300w, https:\/\/obera.fr\/wp-content\/uploads\/2020\/09\/ePUR010B-CA-150x150.png 150w, https:\/\/obera.fr\/wp-content\/uploads\/2020\/09\/ePUR010B-CA.png 433w\" sizes=\"(max-width: 300px) 100vw, 300px\" \/><\/a><figcaption class=\"wp-element-caption\">ePUR 10 B CA<\/figcaption><\/figure>\n\n\n\n<p><a href=\"https:\/\/obera.fr\/produits\/traitement-cov\/filtre-anti-poussiere-epur010-b-ca\/\" data-type=\"page\" data-id=\"426\">EPUR 10 B CA<\/a> on <strong>professionaalne mobiilne<\/strong> s\u00fcsteem <strong>gaasiliste saasteainete, n\u00e4iteks aurude<\/strong>, <strong>LO\u00dc-de<\/strong> ja <strong>l\u00f5hnade<\/strong> <strong>p\u00fc\u00fcdmiseks<\/strong> ja <strong>t\u00f6\u00f6tlemiseks<\/strong> <strong>aktiivs\u00f6efiltri abil<\/strong>&#8230;  <\/p>\n\n\n\n<p>See seade mitte ainult ei paranda teie t\u00f6\u00f6ruumi \u00f5hu kvaliteeti, vaid tagab ka vastavuse t\u00f6\u00f6keskkonna piirnormidele<a href=\"https:\/\/obera.fr\/conseils\/reglementation-vlep-evaluation-risque-chimique-lieu-de-travail\/\" data-type=\"post\" data-id=\"6575\">(OEL<\/a>). Seda saab kasutada allika p\u00fc\u00fcdmise seadmena, kui see on varustatud k\u00e4sivarrega. Kapoti ja k\u00e4sivarre saab h\u00f5lpsasti eemaldada ning seade muutub ruumi\u00f5hu puhastajaks. See seade v\u00f5ib olla varustatud \u00fche v\u00f5i kahe astmelise molekulaarfiltreerimisega (aktiivs\u00fcsi v\u00f5i muud adsorbendid) ja\/v\u00f5i \u00fche v\u00f5i kahe eelneva tahkete osakeste filtreerimisega.   <\/p>\n<\/div>\n\n\n\n<div class=\"wp-block-column is-layout-flow wp-block-column-is-layout-flow\">\n<h3 class=\"wp-block-heading has-text-align-center\"><a href=\"https:\/\/obera.fr\/et\/produits\/traitement-cov\/aspiration-mobile-odeurs-epur-box\/\">EPUR-BOX<\/a><\/h3>\n\n\n\n<figure class=\"wp-block-image aligncenter size-medium is-resized\"><a href=\"https:\/\/obera.fr\/produits\/traitement-cov\/aspiration-mobile-odeurs-epur-box\/\"><img decoding=\"async\" width=\"300\" height=\"300\" src=\"https:\/\/obera.fr\/wp-content\/uploads\/2024\/05\/epurbox-brs-300x300.png\" alt=\"epurbox brs\" class=\"wp-image-30328\" style=\"object-fit:cover\" srcset=\"https:\/\/obera.fr\/wp-content\/uploads\/2024\/05\/epurbox-brs-300x300.png 300w, https:\/\/obera.fr\/wp-content\/uploads\/2024\/05\/epurbox-brs-1024x1024.png 1024w, https:\/\/obera.fr\/wp-content\/uploads\/2024\/05\/epurbox-brs-150x150.png 150w, https:\/\/obera.fr\/wp-content\/uploads\/2024\/05\/epurbox-brs-768x768.png 768w, https:\/\/obera.fr\/wp-content\/uploads\/2024\/05\/epurbox-brs.png 1200w\" sizes=\"(max-width: 300px) 100vw, 300px\" \/><\/a><figcaption class=\"wp-element-caption\">ePURBOX  <\/figcaption><\/figure>\n\n\n\n<p><a href=\"https:\/\/obera.fr\/et\/produits\/traitement-cov\/aspiration-mobile-odeurs-epur-box\/\" data-type=\"page\" data-id=\"417\">EPUR-BOX<\/a> on <strong>kompaktne<\/strong> <strong>, mobiilne l\u00f5hnaeemaldaja<\/strong> k\u00fcllastusfiltriga juhuslikeks keevitust\u00f6\u00f6deks. Tolmu ja suitsu eelfilter ja suure t\u00f5hususega aktiivs\u00f6e p\u00f5hifilter, mida saab kohandada vastavalt t\u00f6\u00f6deldavatele saasteainetele, v\u00f5imaldavad filtreeritud \u00f5hku viia tagasi t\u00f6\u00f6ruumi seadme alumise osa kolme k\u00fclje kaudu.   <\/p>\n\n\n\n<p>EPUR-BOX on varustatud kahemeetrise <strong>p\u00f6\u00f6rleva varrega<\/strong>, mis v\u00f5imaldab allikate t\u00f5husat p\u00fc\u00fcdmist. Kasutatakse tavaliselt metalli-, plast- ja elektroonikat\u00f6\u00f6stuses. <\/p>\n<\/div>\n<\/div>\n\n<div style=\"height:25px\" aria-hidden=\"true\" class=\"wp-block-spacer\"><\/div>\n\n<div class=\"wp-block-columns is-layout-flex wp-container-core-columns-is-layout-28f84493 wp-block-columns-is-layout-flex\">\n<div class=\"wp-block-column is-layout-flow wp-block-column-is-layout-flow\">\n<h3 class=\"wp-block-heading has-text-align-center\"><a href=\"https:\/\/obera.fr\/et\/produits\/depoussiereurs-industriels\/petits\/aspiration-fumees-soudage-laser-epur-b-ex\/\" data-type=\"page\" data-id=\"480\">EPUR B EX 1000<\/a><\/h3>\n\n\n\n<figure class=\"wp-block-image aligncenter size-medium is-resized\"><a href=\"https:\/\/obera.fr\/produits\/depoussiereurs-industriels\/petits\/aspiration-fumees-soudage-laser-epur-b-ex\/\"><img decoding=\"async\" width=\"300\" height=\"300\" src=\"https:\/\/obera.fr\/wp-content\/uploads\/2022\/02\/ePURBEX-1000-300x300.png\" alt=\"epurbex 1000\" class=\"wp-image-8921\" srcset=\"https:\/\/obera.fr\/wp-content\/uploads\/2022\/02\/ePURBEX-1000-300x300.png 300w, https:\/\/obera.fr\/wp-content\/uploads\/2022\/02\/ePURBEX-1000-150x150.png 150w, https:\/\/obera.fr\/wp-content\/uploads\/2022\/02\/ePURBEX-1000.png 500w\" sizes=\"(max-width: 300px) 100vw, 300px\" \/><\/a><\/figure>\n\n\n\n<p><a href=\"https:\/\/obera.fr\/et\/produits\/depoussiereurs-industriels\/petits\/aspiration-fumees-soudage-laser-epur-b-ex\/\" data-type=\"page\" data-id=\"480\">EPUR B Ex tolmukoguja<\/a> on <strong>mobiilne l\u00f5hna ja lenduvaid orgaanilisi \u00fchendeid h\u00e4vitav imemisseade, mis on varustatud aktiivs\u00f6efiltritega<\/strong>.<\/p>\n\n\n\n<p>See sobib eriti h\u00e4sti orgaanilisi materjale lagundavate v\u00f5i metalle aurustavate protsesside (3D-printimine, lisatootmine, lasergraveerimine, jootmine, liimimine, lahustiga puhastamine jne)<strong>l\u00f5hnavate aurude<\/strong> <strong>ja lenduvate orgaaniliste \u00fchendite<\/strong><strong>eemaldamiseks<\/strong>.<\/p>\n\n\n\n<p>Sellel seadmel on suur vaakum ja seda kasutatakse \u00f5hu kogumiseks allikast \u00fche v\u00f5i kahe imivooliku ja\/v\u00f5i seadme \u00fclemisel kaanel asuva k\u00e4e kaudu.<\/p>\n\n\n\n<p>See v\u00f5ib olla varustatud 1 v\u00f5i 2 molekulaarfiltreerimisetapiga (aktiivs\u00fcsi) ja\/v\u00f5i 1 v\u00f5i 2 tahkete osakeste eelfiltreerimisetapiga. Vaikne ja v\u00f5imas, saate tolmuimeerida kuni kolm v\u00e4ikest t\u00f6\u00f6kohta v\u00f5i v\u00e4ikest tootmismasinat. Need tolmuimejad sobivad kasutamiseks <a href=\"https:\/\/obera.fr\/et\/produits\/atex\/\" data-type=\"page\" data-id=\"372\">ATEXi tsoonis 22<\/a>.  <\/p>\n<\/div>\n\n\n\n<div class=\"wp-block-column is-layout-flow wp-block-column-is-layout-flow\">\n<h3 class=\"wp-block-heading has-text-align-center\"><a href=\"https:\/\/obera.fr\/et\/produits\/traitement-cov\/filtre-atex-mobile-mobfan-4500\/\" data-type=\"page\" data-id=\"9461\">MOBFAN 4500<\/a><\/h3>\n\n\n\n<figure class=\"wp-block-image aligncenter size-medium is-resized\"><a href=\"https:\/\/obera.fr\/produits\/traitement-cov\/filtre-atex-mobile-mobfan-4500\/\"><img decoding=\"async\" width=\"300\" height=\"300\" src=\"https:\/\/obera.fr\/wp-content\/uploads\/2022\/03\/Filtre-mobile-ATEX-MOBFAN4500-300x300.png\" alt=\"atex mobiilne filter mobfan4500\" class=\"wp-image-9464\" srcset=\"https:\/\/obera.fr\/wp-content\/uploads\/2022\/03\/Filtre-mobile-ATEX-MOBFAN4500-300x300.png 300w, https:\/\/obera.fr\/wp-content\/uploads\/2022\/03\/Filtre-mobile-ATEX-MOBFAN4500-150x150.png 150w, https:\/\/obera.fr\/wp-content\/uploads\/2022\/03\/Filtre-mobile-ATEX-MOBFAN4500.png 500w\" sizes=\"(max-width: 300px) 100vw, 300px\" \/><\/a><\/figure>\n\n\n\n<p>Uuenduslik <a href=\"https:\/\/obera.fr\/et\/produits\/traitement-cov\/filtre-atex-mobile-mobfan-4500\/\" data-type=\"page\" data-id=\"9461\">MOBFAN 4500 ATEX aktiivs\u00f6efilter <\/a>on spetsiaalselt loodud l\u00f5hnade, lahustite, LO\u00dc-de ja muude gaasiliste saasteainete t\u00f6\u00f6tlemiseks.  <\/p>\n\n\n\n<p>Seade kohandub ideaalselt teie vajadustele, sest sellega on v\u00f5imalik \u00fchendada mis tahes imus\u00fcsteemi: imemislaud, imemislaud, torustik, kanalid, imemisvarred jne.  <\/p>\n\n\n\n<p>\u00d5hk imetakse sisse 4500m3\/h ventilaatoriga ja puhutakse otse l\u00e4bi 36 kg aktiivs\u00f6ega (18,5 kg) t\u00e4idetud padruni.  <\/p>\n\n\n\n<p><strong>MOBFAN 4500 on sertifitseeritud ATEX tolmutsoonis 22 ja ATEX gaasitsoonis 2.<\/strong><\/p>\n<\/div>\n<\/div>\n\n<p>Meie filtrid on valmistatud <strong>granuleeritud aktiivs\u00f6est<\/strong>, mis annab neile pikema kasutusaja ja muudab nad kergemaks. See suurendab ka nende t\u00f5husust, erinevalt aktiivs\u00f6e kiust. <\/p>\n\n<h2 class=\"wp-block-heading\">Kuidas valida \u00f5ige l\u00f5hna- ja LO\u00dc-de eemaldamise s\u00fcsteem?<\/h2>\n\n<p>V\u00e4ga oluline on valida \u00f5ige filtreerimiss\u00fcsteem, sest vastasel juhul v\u00f5ib seade olla ebasobiv ja vajada liiga sageli kulumaterjalide vahetamist v\u00f5i kuluda v\u00e4ga kiiresti \u00e4ra ja l\u00f5petada t\u00f6\u00f6.<\/p>\n\n<p>Siin on peamised l\u00f5kse, mida tuleks v\u00e4ltida:<\/p>\n\n<ul class=\"wp-block-list\">\n<li><strong>Suure tolmusisaldusega gaasiliste saasteainete imemine<\/strong>: kui see on nii, siis ummistuvad k\u00fcllastumise eelfiltrid v\u00e4ga kiiresti ja vajavad regulaarset hooldust. Seet\u00f5ttu on eelistatavam valida osakeste filtreerimine, kasutades puhastavat tolmukogujat<a href=\"https:\/\/obera.fr\/et\/produits\/depoussiereurs-industriels\/mobiles\/extracteur-poussiere-pulverulente-dustomat-16m\/\" data-type=\"page\" data-id=\"449\">(n\u00e4iteks DUSTOMAT 16<\/a> v\u00f5i <a href=\"https:\/\/obera.fr\/et\/produits\/depoussiereurs-industriels\/mobiles\/extracteur-poussiere-dustomat-4\/\" data-type=\"page\" data-id=\"440\">DUSTOMAT 4<\/a> ) koos t\u00e4iendava aktiivs\u00f6e filtreerimisastmega. <\/li>\n\n\n\n<li><strong>Saasteained, mida on v\u00f5imatu v\u00f5i raske aktiivs\u00f6ega t\u00f6\u00f6delda<\/strong>: k\u00f5ik saasteained ei saa adsorbeeruda aktiivs\u00f6e abil. Vt loetelu peamistest saasteainetest ja nende adsorptsiooniv\u00f5ime) link faili &#8220;Saasteainete adsorptsioonipotentsiaal&#8221;. <\/li>\n<\/ul>\n\n<p>Kui teete otsingut ise, uurige kindlasti <strong>seadme filtreerimisv\u00f5imsust<\/strong>. See s\u00f5ltub saasteainest, selle olekust (tahke v\u00f5i gaasiline) ja kogusest. See v\u00f5imaldab teil valida, millist t\u00fc\u00fcpi filter peaks tolmukogujal olema. Teiseks peate v\u00e4lja selgitama seadme v\u00f5imsuse, teisis\u00f5nu selle voolukiiruse. J\u00e4llegi s\u00f5ltub <strong>seadme voolukiirus<\/strong> teie saasteaine kogusest, aga ka t\u00f6\u00f6deldava ruumi pindalast. Mida suurem on ruum, seda suurem on vajalik voolukiirus.    <\/p>\n\n<p>J\u00e4rgmine samm on otsustada, millist <strong>lisaseadet<\/strong> masinale paigaldada: kanal, mis \u00fchendatakse tootmismasinaga, v\u00f5i t\u00f6\u00f6jaama imemisvarre.<\/p>\n\n<div class=\"wp-block-buttons is-horizontal is-content-justification-center is-layout-flex wp-container-core-buttons-is-layout-03627597 wp-block-buttons-is-layout-flex\">\n<div class=\"wp-block-button has-custom-width wp-block-button__width-100\"><a class=\"wp-block-button__link wp-element-button\" href=\"https:\/\/obera.fr\/et\/votke-meiega-uhendust\/\">Lisateavet<\/a><\/div>\n<\/div>\n\n<p><\/p>\n\n<h2 class=\"wp-block-heading\">Millist kivis\u00fctt valida?<\/h2>\n\n<p>OBERA-l on lai valik aktiivs\u00fctt ja adsorbente, mis on kohandatud t\u00f6\u00f6deldavatele saasteainetele.<\/p>\n\n<div class=\"wp-block-buttons is-content-justification-center is-layout-flex wp-container-core-buttons-is-layout-a89b3969 wp-block-buttons-is-layout-flex\">\n<div class=\"wp-block-button\"><a class=\"wp-block-button__link wp-element-button\" href=\"https:\/\/obera.fr\/wp-content\/uploads\/2020\/11\/52-odeurs.jpg\">Vaata meie aktiivs\u00f6e<\/a><\/div>\n<\/div>\n\n<p><\/p>\n\n<h3 class=\"wp-block-heading\">Kuidas arvutada aktiivs\u00f6e maksimaalset kasutusiga?<\/h3>\n\n<p>Aktiivs\u00f6ekoorma kasutusiga on v\u00e4ga raske ennustada.<\/p>\n\n<p>Seda saab siiski m\u00f5ista, kui on teada t\u00f6\u00f6deldava saasteaine keskmine kontsentratsioon. Parimal juhul on kivis\u00f6e saasteainete kinnipidamisv\u00f5ime 50% selle erimassist. <\/p>\n\n<p>S\u00f6e L kasutusiga t\u00f6\u00f6tundides saab ligikaudselt arvutada j\u00e4rgmise valemiga: L = (1000 x P x p \/ (Q x c)<\/p>\n\n<p>P s\u00fcsinikulaengu kaal (kg), p adsorptsioonipotentsiaal (%), Q voolukiirus (m3\/h), c saasteaine kontsentratsioon (g\/m3).<\/p>\n\n<p>\u00dcldjuhul p\u00f5hineb asendussagedus tagasisidel. Tundide loenduri abil saate registreerida koormuse kasutusiga ja korraldada perioodilist ennetavat hooldust korrap\u00e4raste ajavahemike j\u00e4rel. <\/p>\n\n<h3 class=\"wp-block-heading\">Adsorptsiooni p\u00f5him\u00f5te<\/h3>\n\n<p>Adsorptsioon, mida ei tohi segi ajada absorptsiooniga, kujutab endast tahke aine (adsorbendi) v\u00f5imet siduda oma pinnale teatud gaase, mida nimetatakse adsorbaatideks. See adsorbendi ja adsorbandi vaheline t\u00f5mme on tavaliselt elektrostaatiline. <\/p>\n\n<p>Adsorbent on seega materjal (n\u00e4iteks aktiivs\u00fcsi), mis oma keemiliste omaduste t\u00f5ttu suudab teatud gaase oma pinnale t\u00f5mmata.<\/p>\n\n<p><\/p>\n\n<div class=\"wp-block-columns is-layout-flex wp-container-core-columns-is-layout-28f84493 wp-block-columns-is-layout-flex\">\n<div class=\"wp-block-column is-layout-flow wp-block-column-is-layout-flow\" style=\"flex-basis:25%\"><\/div>\n\n\n\n<div class=\"wp-block-column is-layout-flow wp-block-column-is-layout-flow\" style=\"flex-basis:50%\">\n<figure class=\"wp-block-embed is-type-video is-provider-youtube wp-block-embed-youtube wp-embed-aspect-16-9 wp-has-aspect-ratio\"><div class=\"wp-block-embed__wrapper\">\n<iframe title=\"Fonctionnement charbon actif - OberA\" width=\"1200\" height=\"675\" src=\"https:\/\/www.youtube.com\/embed\/eto9V0iSJOc?feature=oembed\" frameborder=\"0\" allow=\"accelerometer; autoplay; clipboard-write; encrypted-media; gyroscope; picture-in-picture; web-share\" referrerpolicy=\"strict-origin-when-cross-origin\" allowfullscreen><\/iframe>\n<\/div><\/figure>\n<\/div>\n\n\n\n<div class=\"wp-block-column is-layout-flow wp-block-column-is-layout-flow\" style=\"flex-basis:25%\"><\/div>\n<\/div>\n\n<p><\/p>\n\n<h2 class=\"wp-block-heading\">Milliseid molekule ja l\u00f5hnu OberA lenduvate orgaaniliste \u00fchendite ja t\u00f6\u00f6stuslike l\u00f5hnade h\u00e4vitajad t\u00f6\u00f6tlevad?<\/h2>\n\n<p>On olemas erinevad saasteainete kategooriad, mis tekitavad l\u00f5hna:<\/p>\n\n<ul class=\"wp-block-list\">\n<li><strong>V\u00e4\u00e4vli\u00fchendid<\/strong> (H2S, CS2, COS, SO2, dimet\u00fc\u00fcldisulfiid, merkaptaanid, biogaas jne).<\/li>\n\n\n\n<li><strong>L\u00e4mmastiku\u00fchendid<\/strong> (NH3, amiinid jne)<\/li>\n\n\n\n<li><strong>LO\u00dc-d<\/strong> (lenduvad rasvhapped, fenoolid, pol\u00fcts\u00fcklilised aromaatsed \u00fchendid, aldeh\u00fc\u00fcdid, lahustid, met\u00fc\u00fclet\u00fc\u00fclketoon MEK, formoolid, ftalaadid, atsetoonid, tolueenid, ks\u00fcleenid, st\u00fcreenid, tioolid, formaldeh\u00fc\u00fcdid jne).<\/li>\n<\/ul>\n\n<p>T\u00f6\u00f6stus- ja tootmishoonete \u00f5hus esinevad l\u00f5hnad s\u00f5ltuvad sageli temperatuurist. \u00dcldjuhul on l\u00f5hnad seda intensiivsemad, mida k\u00f5rgem on \u00f5hutemperatuur. <\/p>\n\n<h2 class=\"wp-block-heading\">Millistes t\u00f6\u00f6stusharudes leidub l\u00f5hnavaid molekule ja LO\u00dcsid?<\/h2>\n\n<ul class=\"wp-block-list\">\n<li><strong>Terasetehased ja valukojad: <\/strong>r\u00e4bu, lenduvate orgaaniliste \u00fchendite ja fenoolvaikude l\u00f5hnad, s\u00fcdamiku l\u00f5hnad jne. Terasetehastes on lihtne paigaldada l\u00f5hnade h\u00e4vitajat s\u00fcdamiku t\u00f6\u00f6kodadesse, valuruumidesse v\u00f5i isegi kontrolli- ja j\u00e4relevalveruumidesse. See lenduvate orgaaniliste \u00fchendite ja l\u00f5hnade p\u00fc\u00fcdmise lahendus pakub lihtsat kaitset piirkonna operaatoritele. <\/li>\n\n\n\n<li><strong>Plastid: <\/strong>sulatatud v\u00f5i p\u00f5letatud plastist tulenevad halvad l\u00f5hnad, vormimis- ja s\u00fcstimis\u00f5hnad, LO\u00dc-d, vaigu ja klaaskiudude l\u00f5hnad ja aurud, st\u00fcreeniaurud, ekstrusioonil\u00f5hnad, termoplastiliste ja termok\u00f5vastuvate pol\u00fcmeeride sulatamisel eralduvad l\u00f5hnad.<\/li>\n\n\n\n<li><strong>Toiduainet\u00f6\u00f6stus: <\/strong>halvad l\u00f5hnad toiduvalmistamisel<strong>, <\/strong>k\u00fcpsetamisel ja kuivatamisel, praetud toidu puhul, jahvatamise, segamise ja maitsestamise l\u00f5hnad, kohvi l\u00f5hnad, l\u00f5hna- ja v\u00e4rvainete tootmise l\u00f5hnad, halvad kalal\u00f5hnad, suitsutusl\u00f5hnad, halvad k\u00e4\u00e4rimis- ja p\u00e4rmihaisud.<\/li>\n\n\n\n<li><strong>V\u00e4rvi- ja viimistlust\u00f6\u00f6kojad:<\/strong> v\u00e4rvil\u00f5hnad, lakil\u00f5hnad, lenduvate orgaaniliste \u00fchendite ja lahustite l\u00f5hnad jne.<\/li>\n\n\n\n<li><strong>Tr\u00fckikojad:<\/strong> v\u00e4rvil\u00f5hnad, LO\u00dc-d ja lahusti l\u00f5hnad jne&#8230;<\/li>\n\n\n\n<li><strong>Kunsti restaureerimise ja konserveerimise t\u00f6\u00f6kojad: <\/strong>v\u00e4rvi, lahustite ja permetriini LO\u00dc-d ja l\u00f5hnad.<\/li>\n\n\n\n<li><strong>J\u00e4\u00e4tmed:<\/strong> halvad l\u00f5hnad j\u00e4\u00e4tmete ladustamisel, halvad l\u00f5hnad pr\u00fcgikastide remondit\u00f6\u00f6kodadest, sorteerimis- ja ringlussev\u00f5tukeskustest, kompostimisest, metaniseerimisest.<\/li>\n\n\n\n<li><strong>Keemiline puhastus ja pesu:<\/strong> perklooret\u00fcleenil\u00f5hnad jne&#8230;<\/li>\n\n\n\n<li><strong>T\u00f6\u00f6tlemine:<\/strong> lenduvate orgaaniliste \u00fchendite ja lahustite l\u00f5hnad, l\u00f5ikevedeliku l\u00f5hnad, \u00f5liaurude l\u00f5hnad jne.<\/li>\n\n\n\n<li><strong>Puit: <\/strong>lenduvad orgaanilised \u00fchendid ja l\u00f5hnad liimimisel, liimi l\u00f5hnad, lakkimise l\u00f5hnad jne&#8230;<\/li>\n\n\n\n<li><strong>Kosmeetikatooted:<\/strong> Eeterlike \u00f5lide intensiivsed l\u00f5hnad tootmises, formuleerimisega seotud t\u00f6\u00f6kohad, LO\u00dc-d ja l\u00f5hnad lahustitest, alkoholidest ja lisaainetest jne.<\/li>\n\n\n\n<li><strong>H\u00fcgieenitooted:<\/strong> kontsentreeritud parf\u00fc\u00fcmil\u00f5hnad, eeterlike \u00f5lide l\u00f5hnad jne&#8230;<\/li>\n\n\n\n<li><strong>Kontorid, avatud planeeringuga kontorid, ooteruumid, s\u00f6\u00f6klad, hooldekodud: <\/strong>ebameeldivad l\u00f5hnad, mis on seotud ventilatsiooniga, tubakal\u00f5hnaga, toiduvalmistamise l\u00f5hnaga, higil\u00f5hnaga jne&#8230;<\/li>\n<\/ul>\n\n<div class=\"wp-block-buttons is-horizontal is-content-justification-center is-layout-flex wp-container-core-buttons-is-layout-03627597 wp-block-buttons-is-layout-flex\">\n<div class=\"wp-block-button has-custom-width wp-block-button__width-100\"><a class=\"wp-block-button__link wp-element-button\" href=\"https:\/\/obera.fr\/et\/votke-meiega-uhendust\/\">Lisateavet<\/a><\/div>\n<\/div>\n","protected":false},"excerpt":{"rendered":"<p>Meie t\u00f6\u00f6stuslikud LO\u00dc- ja l\u00f5hnade h\u00e4vitajad on spetsiaalselt gaasiliste saasteainete, n\u00e4iteks lenduvate orgaaniliste \u00fchendite (LO\u00dc), l\u00f5hnade, suitsude ja mitmesuguste keemiliste \u00fchendite t\u00f6\u00f6tlemiseks m\u00f5eldud seadmed. Meie seadmed sobivad igat liiki t\u00f6\u00f6stusele. T\u00e4nu aktiivs\u00fctt kasutavale molekulaarsele filtreerimisele filtreeritakse saasteained ja p\u00fc\u00fctakse need adsorptsiooni teel kinni. T\u00f6\u00f6stusprotsessid ja t\u00f6\u00f6kohal kasutatavad tooted eraldavad gaasilisi saasteaineid, mida \u00fcldiselt tuntakse lenduvate orgaaniliste \u00fchendite nime all. Need saasteained on tavaliselt s\u00fcsivesinikest, lahustitest, v\u00e4\u00e4vli\u00fchenditest jne saadud \u00fchendid. V\u00f5imaluse korral tuleks lenduvad orgaanilised \u00fchendid (VOC) ekstraheerida, t\u00f6\u00f6delda ja seej\u00e4rel v\u00e4ljapoole juhtida. Paljudel juhtudel ei ole see v\u00f5imalik ja mobiilne kiirgusallika p\u00fc\u00fcdmise v\u00f5i keskkonna t\u00f6\u00f6tlemise s\u00fcsteem t\u00f6\u00f6koha l\u00e4hedal v\u00f5ib oluliselt &#8230; <\/p>\n<p class=\"read-more-container\"><a title=\"LO\u00dc-de ja l\u00f5hna t\u00f6\u00f6tlemine\" class=\"read-more button\" href=\"https:\/\/obera.fr\/et\/produits\/traitement-cov\/#more-52010\" aria-label=\"Read more about LO\u00dc-de ja l\u00f5hna t\u00f6\u00f6tlemine\">Lire la suite<\/a><\/p>\n","protected":false},"author":4,"featured_media":83738,"parent":51915,"menu_order":2,"comment_status":"closed","ping_status":"closed","template":"","meta":{"_acf_changed":false,"_seopress_robots_primary_cat":"","_seopress_titles_title":"Top destructeurs d\u2019odeur industriel et traitement des COV","_seopress_titles_desc":"Les destructeurs d\u2019odeurs d'oberA sont sp\u00e9cialement d\u00e9di\u00e9s aux traitements des polluants sous forme gazeuse comme les compos\u00e9s organiques volatils (COV).","_seopress_robots_index":"","footnotes":""},"class_list":{"0":"post-52010","1":"page","2":"type-page","3":"status-publish","4":"has-post-thumbnail","6":"no-featured-image-padding","7":"resize-featured-image"},"acf":[],"_links":{"self":[{"href":"https:\/\/obera.fr\/et\/wp-json\/wp\/v2\/pages\/52010","targetHints":{"allow":["GET"]}}],"collection":[{"href":"https:\/\/obera.fr\/et\/wp-json\/wp\/v2\/pages"}],"about":[{"href":"https:\/\/obera.fr\/et\/wp-json\/wp\/v2\/types\/page"}],"author":[{"embeddable":true,"href":"https:\/\/obera.fr\/et\/wp-json\/wp\/v2\/users\/4"}],"replies":[{"embeddable":true,"href":"https:\/\/obera.fr\/et\/wp-json\/wp\/v2\/comments?post=52010"}],"version-history":[{"count":9,"href":"https:\/\/obera.fr\/et\/wp-json\/wp\/v2\/pages\/52010\/revisions"}],"predecessor-version":[{"id":75725,"href":"https:\/\/obera.fr\/et\/wp-json\/wp\/v2\/pages\/52010\/revisions\/75725"}],"up":[{"embeddable":true,"href":"https:\/\/obera.fr\/et\/wp-json\/wp\/v2\/pages\/51915"}],"wp:featuredmedia":[{"embeddable":true,"href":"https:\/\/obera.fr\/et\/wp-json\/wp\/v2\/media\/83738"}],"wp:attachment":[{"href":"https:\/\/obera.fr\/et\/wp-json\/wp\/v2\/media?parent=52010"}],"curies":[{"name":"wp","href":"https:\/\/api.w.org\/{rel}","templated":true}]}}