{"id":52051,"date":"2020-08-26T12:34:20","date_gmt":"2020-08-26T10:34:20","guid":{"rendered":"https:\/\/obera.fr\/mobiilsed-tolmukogumisseadmed\/"},"modified":"2025-06-30T10:04:07","modified_gmt":"2025-06-30T08:04:07","slug":"mobiles","status":"publish","type":"page","link":"https:\/\/obera.fr\/et\/produits\/depoussiereurs-industriels\/mobiles\/","title":{"rendered":"Mobiilsed tolmukogumisseadmed"},"content":{"rendered":"\n<p>Meie <strong>teisaldatavad tolmukogumisseadmed<\/strong> on v\u00f5imsad <a href=\"https:\/\/obera.fr\/et\/produits\/depoussiereurs-industriels\/\" data-type=\"page\" data-id=\"31\">t\u00f6\u00f6stuslikud tolmukogumisseadmed<\/a>, mida on lihtne teisaldada. Need kohanduvad ideaalselt teie keskkonnaga, et tagada optimaalne t\u00f6\u00f6mugavus ja t\u00f5husus.   <\/p>\n\n<p>Need <strong>\u00f5huk\u00e4itluss\u00fcsteemid<\/strong> on m\u00f5eldud \u00fchendamiseks otse tootmismasinatega kanalite v\u00f5rgu kaudu v\u00f5i \u00f5hu v\u00e4ljat\u00f5mbamiseks mobiilsest t\u00f6\u00f6kohast, kasutades selleks <a href=\"https:\/\/obera.fr\/et\/produits\/bras-dispositifs-captation\/capot-industriel\/\">imemisvart<\/a> v\u00f5i v\u00e4ljat\u00f5mbekapuut, et koguda k\u00f5ik tolmuliigid ja suures koguses saasteained otse nende tekkekohas.<\/p>\n\n\n<h2 class=\"wp-block-heading\">Meie mobiilse tolmukogumisseadmete valik :<\/h2>\n\n<div class=\"wp-block-columns is-layout-flex wp-container-core-columns-is-layout-28f84493 wp-block-columns-is-layout-flex\">\n<div class=\"wp-block-column is-vertically-aligned-top is-layout-flow wp-block-column-is-layout-flow\">\n<h3 class=\"wp-block-heading has-text-align-center\"><a href=\"https:\/\/obera.fr\/et\/produits\/depoussiereurs-industriels\/mobiles\/extracteur-de-poussiere-dustomat-dry\/\">DUSTOMAT DRY<\/a><\/h3>\n\n\n\n<figure class=\"wp-block-image aligncenter size-medium is-resized\"><a href=\"https:\/\/obera.fr\/produits\/depoussiereurs-industriels\/mobiles\/extracteur-de-poussiere-dustomat-dry\/\"><img decoding=\"async\" width=\"300\" height=\"300\" src=\"https:\/\/obera.fr\/wp-content\/uploads\/2023\/09\/dustomat-dry-300x300.png\" alt=\"dustomat kuiv\" class=\"wp-image-24355\" srcset=\"https:\/\/obera.fr\/wp-content\/uploads\/2023\/09\/dustomat-dry-300x300.png 300w, https:\/\/obera.fr\/wp-content\/uploads\/2023\/09\/dustomat-dry-150x150.png 150w, https:\/\/obera.fr\/wp-content\/uploads\/2023\/09\/dustomat-dry.png 320w\" sizes=\"(max-width: 300px) 100vw, 300px\" \/><\/a><figcaption class=\"wp-element-caption\">DUSTOMAT DRY<\/figcaption><\/figure>\n\n\n\n<p>DUSTOMAT DRY on <a href=\"https:\/\/obera.fr\/et\/produits\/depoussiereurs-industriels\/mobiles\/extracteur-de-poussiere-dustomat-dry\/#more-24274\">tolmueemalduss\u00fcsteem<\/a>, mis sobib ideaalselt paljudesse t\u00f6\u00f6stussektoritesse. See v\u00f5imaldab t\u00f5husalt eemaldada tolmuosakesi ja laaste kas otse tootmisseadmetelt v\u00f5i \u00fchendades selle v\u00e4ljat\u00f5mbekapuute, v\u00e4ljat\u00f5mbevarre v\u00f5i torustikuv\u00f5rgustikuga. See on saadaval neljal v\u00f5imsusastmel ja sobib keskmiste vooluhulkade jaoks vahemikus 2000 kuni 3500 kuupmeetrit tunnis.  <\/p>\n\n\n\n<p>Vaatamata m\u00e4rkimisv\u00e4\u00e4rsele imemisv\u00f5imsusele on DUSTOMAT DRY m\u00e4rkimisv\u00e4\u00e4rselt vaikne ja energias\u00e4\u00e4stlik. Sellel on ka eelseparaator, mis on v\u00f5imeline p\u00fc\u00fcdma raskeid ja j\u00e4medaid osakesi. Selle s\u00fcsteemi hooldust lihtsustab filtrite puhastamine suru\u00f5hu abil, mis mitte ainult ei lihtsusta hooldust, vaid aitab ka pikendada filtri kasutusiga.<\/p>\n\n\n\n<p class=\"has-text-align-center\">Saadaval <a href=\"https:\/\/obera.fr\/et\/produits\/atex\/\">ATEX-versioonis<\/a>.<\/p>\n<\/div>\n\n\n\n<div class=\"wp-block-column is-vertically-aligned-top is-layout-flow wp-block-column-is-layout-flow\">\n<h3 class=\"wp-block-heading has-text-align-center\"><strong><a href=\"https:\/\/obera.fr\/et\/produits\/depoussiereurs-industriels\/mobiles\/aspiration-poussiere-dustomat-10\/\">DUSTOMAT 10<\/a><\/strong><\/h3>\n\n\n\n<figure class=\"wp-block-image aligncenter size-medium is-resized\"><a href=\"https:\/\/obera.fr\/produits\/depoussiereurs-industriels\/mobiles\/aspiration-poussiere-dustomat-10\/\"><img decoding=\"async\" width=\"300\" height=\"300\" src=\"https:\/\/obera.fr\/wp-content\/uploads\/2020\/10\/extracteur-poussiere-mobile-DUSTOMAT-10-300x300.png\" alt=\"Dustomat 10 mobiilne tolmuimeja\" class=\"wp-image-1306\" srcset=\"https:\/\/obera.fr\/wp-content\/uploads\/2020\/10\/extracteur-poussiere-mobile-DUSTOMAT-10-300x300.png 300w, https:\/\/obera.fr\/wp-content\/uploads\/2020\/10\/extracteur-poussiere-mobile-DUSTOMAT-10-150x150.png 150w, https:\/\/obera.fr\/wp-content\/uploads\/2020\/10\/extracteur-poussiere-mobile-DUSTOMAT-10.png 600w\" sizes=\"(max-width: 300px) 100vw, 300px\" \/><\/a><figcaption class=\"wp-element-caption\">DUSTOMAT 10<\/figcaption><\/figure>\n\n\n\n<p><a href=\"https:\/\/obera.fr\/et\/produits\/depoussiereurs-industriels\/mobiles\/aspiration-poussiere-dustomat-10\/\" data-type=\"page\" data-id=\"445\">DUSTOMAT 10 tolmukoguril<\/a> on suur imemisv\u00f5imsus. See suudab t\u00f6\u00f6delda nii tolmu kui ka puu-, plast- ja metallilaaste. Seda saab \u00fchendada otse tootmismasinaga kanaliv\u00f5rgu kaudu v\u00f5i lisades sellele imemisvarre v\u00f5i \u00f5hu v\u00e4ljat\u00f5mbekupu.    <\/p>\n\n\n\n<p>Kassettfiltreid saab puhastada k\u00e4sitsi p\u00f6\u00f6rleva harja abil v\u00f5i automaatselt suru\u00f5hu abil. See <strong>filtreerimisseade<\/strong> sobib ideaalselt kasutamiseks \u00fcksikutel t\u00f6\u00f6kohtadel, tootmismasinatel v\u00f5i k\u00e4sitsi kasutatava t\u00f6\u00f6piirkonna l\u00e4hedal. Kallutatava korpuse ja kogumiskoti abil on kogutud j\u00e4\u00e4tmete k\u00f5rvaldamine kiire ja lihtne.  <\/p>\n<\/div>\n\n\n\n<div class=\"wp-block-column is-layout-flow wp-block-column-is-layout-flow\">\n<h3 class=\"wp-block-heading has-text-align-center\"><strong><a href=\"https:\/\/obera.fr\/et\/produits\/depoussiereurs-industriels\/mobiles\/extracteur-poussiere-pulverulente-dustomat-16m\/\">DUSTOMAT 16<\/a><\/strong><\/h3>\n\n\n\n<figure class=\"wp-block-image aligncenter size-medium\"><a href=\"https:\/\/obera.fr\/produits\/depoussiereurs-industriels\/mobiles\/extracteur-poussiere-pulverulente-dustomat-16m\/\"><img decoding=\"async\" width=\"300\" height=\"300\" src=\"https:\/\/obera.fr\/wp-content\/uploads\/2020\/10\/extracteur-poussiere-pulverulente-DUSTOMAT-16-300x300.png\" alt=\"Pulbriline tolmueemaldaja Dustomat 16\" class=\"wp-image-1307\" srcset=\"https:\/\/obera.fr\/wp-content\/uploads\/2020\/10\/extracteur-poussiere-pulverulente-DUSTOMAT-16-300x300.png 300w, https:\/\/obera.fr\/wp-content\/uploads\/2020\/10\/extracteur-poussiere-pulverulente-DUSTOMAT-16-150x150.png 150w, https:\/\/obera.fr\/wp-content\/uploads\/2020\/10\/extracteur-poussiere-pulverulente-DUSTOMAT-16.png 600w\" sizes=\"(max-width: 300px) 100vw, 300px\" \/><\/a><figcaption class=\"wp-element-caption\">DUSTOMAT 16<\/figcaption><\/figure>\n\n\n\n<p><strong>DUSTOMAT 16<\/strong> on v\u00e4lja t\u00f6\u00f6tatud mobiilseks kasutamiseks, spetsiaalselt<a href=\"https:\/\/obera.fr\/et\/produits\/depoussiereurs-industriels\/mobiles\/extracteur-poussiere-pulverulente-dustomat-16m\/\" data-type=\"page\" data-id=\"449\">tolmu v\u00e4ljat\u00f5mbamiseks pulbrilisel kujul<\/a>. Teisis\u00f5nu, mineraalne tolm (kivi, grafiit v\u00f5i betoon), plast- v\u00f5i metallitolm, puidu- ja metallilaastud.   <\/p>\n\n\n\n<p><strong>Tolm imetakse v\u00e4lja<\/strong> imemisvarrega. Patrullfiltreid saab puhastada k\u00e4sitsi v\u00f5i automaatselt, et tagada filtrikassettide pikk kasutusiga. Tolmukogumiskott on vastupidav ja korduvkasutatav, mis tagab madalad kulutuskulud.  <\/p>\n<\/div>\n<\/div>\n\n<div class=\"wp-block-columns is-layout-flex wp-container-core-columns-is-layout-28f84493 wp-block-columns-is-layout-flex\">\n<div class=\"wp-block-column is-layout-flow wp-block-column-is-layout-flow\">\n<h3 class=\"wp-block-heading has-text-align-center\"><strong><strong><a href=\"https:\/\/obera.fr\/et\/produits\/depoussiereurs-industriels\/mobiles\/srf-k\/\">SRF K<\/a><\/strong><\/strong><\/h3>\n\n\n\n<figure class=\"wp-block-image aligncenter size-medium\"><a href=\"https:\/\/obera.fr\/produits\/depoussiereurs-industriels\/mobiles\/srf-k\/\"><img decoding=\"async\" width=\"240\" height=\"300\" src=\"https:\/\/obera.fr\/wp-content\/uploads\/2025\/05\/srf-k-1-240x300.png\" alt=\"SRF-K mobiilne tolmukoguja\" class=\"wp-image-104035\" srcset=\"https:\/\/obera.fr\/wp-content\/uploads\/2025\/05\/srf-k-1-240x300.png 240w, https:\/\/obera.fr\/wp-content\/uploads\/2025\/05\/srf-k-1-819x1024.png 819w, https:\/\/obera.fr\/wp-content\/uploads\/2025\/05\/srf-k-1-768x960.png 768w, https:\/\/obera.fr\/wp-content\/uploads\/2025\/05\/srf-k-1.png 1080w\" sizes=\"(max-width: 240px) 100vw, 240px\" \/><\/a><figcaption class=\"wp-element-caption\">SRF-K<\/figcaption><\/figure>\n\n\n\n<p>SRF K on ka v\u00f5imsam <a href=\"https:\/\/obera.fr\/et\/produits\/depoussiereurs-industriels\/mobiles\/srf-k\/\" data-type=\"page\" data-id=\"436\">keevitusdudu v\u00e4ljat\u00f5mbeseade<\/a>, mis on m\u00f5eldud \u00fchekordseks v\u00f5i pidevaks v\u00e4ljat\u00f5mbamiseks. Suitsu filtreeritakse 99,9% ulatuses, mis v\u00f5imaldab filtreeritud \u00f5hku uuesti t\u00f6\u00f6ruumi juhtida.   <\/p>\n\n\n\n<p>Saadaval on kaks versiooni: <strong>SRF K-10<\/strong> v\u00f5imaldab \u00fchendada \u00fche imemisvarre v\u00f5i v\u00e4ljat\u00f5mbekupu, mis on ideaalne \u00fche keevitusjaama jaoks, ja <strong>SRF K-15<\/strong> v\u00f5imaldab paigaldada kuni kaks imemisvart, nii et saate korraga t\u00f6\u00f6delda kahte keevitusjaama.  <\/p>\n\n\n\n<p>S\u00f5ltuvalt kasutusalast v\u00f5ib sellele paigaldada (lisavarustusena) aktiivs\u00f6efiltrid, mis on m\u00f5eldud jootmisaurude v\u00f5i muude l\u00f5hna tekitavate saasteainete v\u00e4ljat\u00f5mbamiseks. Filtri puhastamiseks saab need seadmed varustada kas k\u00e4sitsi p\u00f6\u00f6rleva puhastuss\u00fcsteemiga v\u00f5i automaatse puhastuss\u00fcsteemiga.<\/p>\n\n\n\n<p><\/p>\n<\/div>\n\n\n\n<div class=\"wp-block-column is-vertically-aligned-top is-layout-flow wp-block-column-is-layout-flow\">\n<h3 class=\"wp-block-heading has-text-align-center\"><strong><a href=\"https:\/\/obera.fr\/et\/produits\/depoussiereurs-industriels\/mobiles\/extracteur-poussiere-dustomat-4\/\">DUSTOMAT 4<\/a><\/strong><\/h3>\n\n\n\n<figure class=\"wp-block-image aligncenter size-medium\"><a href=\"https:\/\/obera.fr\/produits\/depoussiereurs-industriels\/mobiles\/extracteur-poussiere-dustomat-4\/\"><img decoding=\"async\" width=\"300\" height=\"300\" src=\"https:\/\/obera.fr\/wp-content\/uploads\/2020\/08\/extracteur-poussiere-Dustomat-4-ATEX-300x300.png\" alt=\"Dustomat 4 Atex tolmuimeja\" class=\"wp-image-677\" srcset=\"https:\/\/obera.fr\/wp-content\/uploads\/2020\/08\/extracteur-poussiere-Dustomat-4-ATEX-300x300.png 300w, https:\/\/obera.fr\/wp-content\/uploads\/2020\/08\/extracteur-poussiere-Dustomat-4-ATEX-150x150.png 150w, https:\/\/obera.fr\/wp-content\/uploads\/2020\/08\/extracteur-poussiere-Dustomat-4-ATEX.png 600w\" sizes=\"(max-width: 300px) 100vw, 300px\" \/><\/a><figcaption class=\"wp-element-caption\">Dustomat 4<\/figcaption><\/figure>\n\n\n\n<p>DUSTOMAT 4 on <a href=\"https:\/\/obera.fr\/et\/produits\/depoussiereurs-industriels\/mobiles\/extracteur-poussiere-dustomat-4\/\" data-type=\"page\" data-id=\"440\">tolmukoguja, mis sobib peaaegu k\u00f5ikidesse t\u00f6\u00f6stussektoritesse<\/a>. See v\u00f5ib tolmu ja laastud otse tootmismasinast v\u00e4lja imeda, kuid seda saab \u00fchendada ka v\u00e4ljat\u00f5mbekupu, imiv\u00f5lli v\u00f5i kanalite v\u00f5rgustikuga. Kahe imemisv\u00f5imsusega seade on konstrueeritud nii, et see tagab t\u00f5husa ja suure j\u00f5udlusega \u00f5huringluse.   <\/p>\n\n\n\n<p>See on <strong>vaikne<\/strong> ja tarbib vaatamata suurele imemisv\u00f5imsusele v\u00e4ga v\u00e4he energiat. See on varustatud eelseparaatoriga raskete ja j\u00e4medate osakeste jaoks. Filtrid puhastatakse (vabastatakse ummistustest) suru\u00f5hu abil, mis lihtsustab nende hooldust ja tagab filtrikassettide pikaealisuse.  <\/p>\n\n\n\n<p>(saadaval <a href=\"https:\/\/obera.fr\/et\/produits\/atex\/\" data-type=\"page\" data-id=\"372\">ATEX<\/a> versioonina)<\/p>\n<\/div>\n\n\n\n<div class=\"wp-block-column is-layout-flow wp-block-column-is-layout-flow\">\n<h3 class=\"wp-block-heading has-text-align-center\"><a href=\"https:\/\/obera.fr\/et\/produits\/depoussiereurs-industriels\/mobiles\/na-2-2-depoussiereur-a-voie-humide\/\" data-type=\"page\" data-id=\"29480\">NA 2.2<\/a><\/h3>\n\n\n\n<figure class=\"wp-block-image aligncenter size-medium\"><a href=\"https:\/\/obera.fr\/produits\/depoussiereurs-industriels\/mobiles\/na-2-2-depoussiereur-a-voie-humide\/\"><img decoding=\"async\" width=\"300\" height=\"300\" src=\"https:\/\/obera.fr\/wp-content\/uploads\/2024\/04\/obera-na-2-2-depoussiereur-a-voie-humide-mobile-300x300.jpg\" alt=\"obera na 2 2 mobiilne m&#xE4;rg tolmuimeja\" class=\"wp-image-29475\" srcset=\"https:\/\/obera.fr\/wp-content\/uploads\/2024\/04\/obera-na-2-2-depoussiereur-a-voie-humide-mobile-300x300.jpg 300w, https:\/\/obera.fr\/wp-content\/uploads\/2024\/04\/obera-na-2-2-depoussiereur-a-voie-humide-mobile-150x150.jpg 150w, https:\/\/obera.fr\/wp-content\/uploads\/2024\/04\/obera-na-2-2-depoussiereur-a-voie-humide-mobile.jpg 600w\" sizes=\"(max-width: 300px) 100vw, 300px\" \/><\/a><figcaption class=\"wp-element-caption\">NA 2.2<\/figcaption><\/figure>\n<\/div>\n<\/div>\n\n<div class=\"wp-block-buttons is-horizontal is-content-justification-center is-layout-flex wp-container-core-buttons-is-layout-03627597 wp-block-buttons-is-layout-flex\">\n<div class=\"wp-block-button has-custom-width wp-block-button__width-100\"><a class=\"wp-block-button__link wp-element-button\" href=\"https:\/\/obera.fr\/et\/votke-meiega-uhendust\/\">Lisateavet<\/a><\/div>\n<\/div>\n\n<h2 class=\"wp-block-heading\">Milliste saasteainetega saavad meie mobiilsed tolmueemalduss\u00fcsteemid hakkama?<\/h2>\n\n<p>Meie <a href=\"https:\/\/obera.fr\/et\/produits\/depoussiereurs-industriels\/petits\/\">v\u00e4ikesed mobiilsed tolmukogujad<\/a> suudavad <strong>t\u00f6\u00f6delda peentolmu ja laaste<\/strong>, samuti \u00f5liudu, suitsu ja l\u00f5hnu erinevates t\u00f6\u00f6stussektorites, nagu metall, plast, puit, mineraalid, tekstiil ja paber\/papp.<\/p>\n\n<p>Tolmu ja muid saasteaineid tuleb t\u00f6\u00f6delda, sest need kujutavad endast ohtu inimorganismile. Saastunud \u00f5hu sissehingamine v\u00f5ib p\u00f5hjustada kantserogeenseid, mutageenseid ja reproduktiivtoksilisi haigusi. Saastunud \u00f5hu t\u00f6\u00f6tlemine on t\u00f6\u00f6tajate, tootmiskvaliteedi ja \u00f5igusnormide j\u00e4rgimise seisukohalt v\u00e4ga oluline.<\/p>\n\n<h2 class=\"wp-block-heading\">Kuidas valida \u00f5ige tolmukogumiss\u00fcsteem?<\/h2>\n\n<p>Oluline on valida \u00f5ige <a href=\"https:\/\/obera.fr\/et\/produits\/depoussiereurs-industriels\/fixes\/\" data-type=\"link\" data-id=\"https:\/\/obera.fr\/produits\/depoussiereurs-industriels\/fixes\/\">statsionaarne tolmukoguja<\/a>, sest seade v\u00f5ib kuluda ja l\u00f5petada t\u00f6\u00f6. See s\u00f5ltub saasteainest, selle suurusest, olekust (tahke v\u00f5i gaasiline) ja kogusest. See v\u00f5imaldab teil valida, millist t\u00fc\u00fcpi filtrit peaks <a href=\"https:\/\/obera.fr\/et\/produits\/depoussiereurs-industriels\/fixes\/depoussiereur-a-voie-humide-dustomat-hydro\/\" data-type=\"page\" data-id=\"15983\">m\u00e4rgt\u00f6\u00f6taolmukoguja<\/a> omama. Teiseks peate v\u00e4lja selgitama seadme v\u00f5imsuse ehk teisis\u00f5nu selle vooluhulga. J\u00e4llegi s\u00f5ltub seadme voolukiirus teie saasteaine kogusest, aga ka t\u00f6\u00f6deldava ruumi pindalast. Mida suurem on ruum, seda suurem on vajalik voolukiirus.     <\/p>\n\n<p>J\u00e4rgmisena peate otsustama, millise lisaseadmega varustate oma masina: kanaliga, mis \u00fchendatakse tootmismasinaga, v\u00f5i t\u00f6\u00f6jaama imemisvarrega.<\/p>\n\n<div class=\"wp-block-buttons is-horizontal is-content-justification-center is-layout-flex wp-container-core-buttons-is-layout-03627597 wp-block-buttons-is-layout-flex\">\n<div class=\"wp-block-button has-custom-width wp-block-button__width-100\"><a class=\"wp-block-button__link wp-element-button\" href=\"https:\/\/obera.fr\/et\/votke-meiega-uhendust\/\">Lisateavet<\/a><\/div>\n<\/div>\n\n<hr class=\"wp-block-separator has-css-opacity\"\/>\n\n<div class=\"wp-block-group is-layout-flow wp-block-group-is-layout-flow\">\n<h2 class=\"wp-block-heading\">Muud tooted oberA t\u00f6\u00f6stusliku tolmukogumisseadme tootesarjas<\/h2>\n\n\n\n<div class=\"wp-block-buttons is-content-justification-center is-layout-flex wp-container-core-buttons-is-layout-a89b3969 wp-block-buttons-is-layout-flex\">\n<div class=\"wp-block-button\"><a class=\"wp-block-button__link wp-element-button\" href=\"https:\/\/obera.fr\/produits\/depoussiereurs-industriels\/fixes\/\">Fikseeritud tolmukogumisseadmed  <\/a><\/div>\n\n\n\n<div class=\"wp-block-button\"><a class=\"wp-block-button__link wp-element-button\" href=\"https:\/\/obera.fr\/produits\/depoussiereurs-industriels\/petits\/\"> <strong>V\u00e4ikesed tolmukogumisseadmed<\/strong><\/a><\/div>\n<\/div>\n<\/div>\n","protected":false},"excerpt":{"rendered":"<p>Meie teisaldatavad tolmukogumisseadmed on v\u00f5imsad t\u00f6\u00f6stuslikud tolmukogumisseadmed, mida on lihtne teisaldada. Need kohanduvad ideaalselt teie keskkonnaga, et tagada optimaalne t\u00f6\u00f6mugavus ja t\u00f5husus. Need \u00f5huk\u00e4itluss\u00fcsteemid on m\u00f5eldud \u00fchendamiseks otse tootmismasinatega kanalite v\u00f5rgu kaudu v\u00f5i \u00f5hu v\u00e4ljat\u00f5mbamiseks mobiilsest t\u00f6\u00f6kohast, kasutades selleks imemisvart v\u00f5i v\u00e4ljat\u00f5mbekapuut, et koguda k\u00f5ik tolmuliigid ja suures koguses saasteained otse nende tekkekohas. Meie mobiilse tolmukogumisseadmete valik : DUSTOMAT DRY DUSTOMAT DRY on tolmueemalduss\u00fcsteem, mis sobib ideaalselt paljudesse t\u00f6\u00f6stussektoritesse. See v\u00f5imaldab t\u00f5husalt eemaldada tolmuosakesi ja laaste kas otse tootmisseadmetelt v\u00f5i \u00fchendades selle v\u00e4ljat\u00f5mbekapuute, v\u00e4ljat\u00f5mbevarre v\u00f5i torustikuv\u00f5rgustikuga. See on saadaval neljal v\u00f5imsusastmel ja sobib keskmiste vooluhulkade jaoks vahemikus 2000 kuni 3500 &#8230; <\/p>\n<p class=\"read-more-container\"><a title=\"Mobiilsed tolmukogumisseadmed\" class=\"read-more button\" href=\"https:\/\/obera.fr\/et\/produits\/depoussiereurs-industriels\/mobiles\/#more-52051\" aria-label=\"Read more about Mobiilsed tolmukogumisseadmed\">Lire la suite<\/a><\/p>\n","protected":false},"author":4,"featured_media":83738,"parent":52069,"menu_order":0,"comment_status":"closed","ping_status":"closed","template":"","meta":{"_acf_changed":false,"_seopress_robots_primary_cat":"","_seopress_titles_title":"DUSTOMAT, SRF-K ja ePURBOX mobiilsed tolmukogumisseadmed - oberA","_seopress_titles_desc":"Meie mobiilsed t\u00f6\u00f6stuslikud tolmuimejad sobivad ideaalselt teie keskkonnaga, et tagada optimaalne t\u00f6\u00f6mugavus ja t\u00f5husus.","_seopress_robots_index":"","footnotes":""},"class_list":{"0":"post-52051","1":"page","2":"type-page","3":"status-publish","4":"has-post-thumbnail","6":"no-featured-image-padding","7":"resize-featured-image"},"acf":[],"_links":{"self":[{"href":"https:\/\/obera.fr\/et\/wp-json\/wp\/v2\/pages\/52051","targetHints":{"allow":["GET"]}}],"collection":[{"href":"https:\/\/obera.fr\/et\/wp-json\/wp\/v2\/pages"}],"about":[{"href":"https:\/\/obera.fr\/et\/wp-json\/wp\/v2\/types\/page"}],"author":[{"embeddable":true,"href":"https:\/\/obera.fr\/et\/wp-json\/wp\/v2\/users\/4"}],"replies":[{"embeddable":true,"href":"https:\/\/obera.fr\/et\/wp-json\/wp\/v2\/comments?post=52051"}],"version-history":[{"count":8,"href":"https:\/\/obera.fr\/et\/wp-json\/wp\/v2\/pages\/52051\/revisions"}],"predecessor-version":[{"id":117702,"href":"https:\/\/obera.fr\/et\/wp-json\/wp\/v2\/pages\/52051\/revisions\/117702"}],"up":[{"embeddable":true,"href":"https:\/\/obera.fr\/et\/wp-json\/wp\/v2\/pages\/52069"}],"wp:featuredmedia":[{"embeddable":true,"href":"https:\/\/obera.fr\/et\/wp-json\/wp\/v2\/media\/83738"}],"wp:attachment":[{"href":"https:\/\/obera.fr\/et\/wp-json\/wp\/v2\/media?parent=52051"}],"curies":[{"name":"wp","href":"https:\/\/api.w.org\/{rel}","templated":true}]}}