{"id":52097,"date":"2020-08-26T12:35:06","date_gmt":"2020-08-26T10:35:06","guid":{"rendered":"https:\/\/obera.fr\/meie-tooted\/toostuslikud-tolmukogumisseadmed\/vaikesed-toostuslikud-tolmukogumisseadmed\/"},"modified":"2025-08-29T09:24:50","modified_gmt":"2025-08-29T07:24:50","slug":"petits","status":"publish","type":"page","link":"https:\/\/obera.fr\/et\/produits\/depoussiereurs-industriels\/petits\/","title":{"rendered":"V\u00e4ikesed t\u00f6\u00f6stuslikud tolmukogumisseadmed"},"content":{"rendered":"\n\n<h2 class=\"wp-block-heading\">Mis on v\u00e4ike t\u00f6\u00f6stuslik tolmukoguja?<\/h2>\n\n<p>V\u00e4ike tolmukoguja on tavaliselt <strong>v\u00e4ike \u00f5huk\u00e4itlusseade, mille imemisv\u00f5imsus on 80 m3\/h kuni 500 m3\/h<\/strong>. Need tolmukogumisseadmed on tavaliselt madala m\u00fcratasemega, liikuvad ja kergesti teisaldatavad ning on tavaliselt v\u00f5imelised \u00fche tootmisseadme v\u00e4ljat\u00f5mbamiseks. Need kompaktsed tolmukogumisseadmed on varustatud k\u00fcllastusfiltriga (ePUR ex 1000\/3000 puhul) v\u00f5i k\u00e4sitsi eemaldatava filtriga.  <\/p>\n\n<p>V\u00e4ikseid tolmukollektoreid kasutatakse madala kuni keskmise tolmusisaldusega \u00f5hu kogumiseks. Need tolmukogujad <strong>koguvad tolmu ja suitsu<\/strong> lasergraveerimismasinatest, keevitusjaamadest ja v\u00e4ikestest kaalujaamadest. Regeneratiivsete filtritega tolmukogumisseadmed sobivad peene ja kuiva tolmu jaoks ning neil on tolmu kinnipidamisalus, millele saab paigaldada koti. See kott v\u00f5imaldab kogutud tolmu h\u00f5lpsasti ja puhtalt t\u00fchjendada.     <\/p>\n\n<p>K\u00fcllastusfiltritega varustatud <a href=\"https:\/\/obera.fr\/et\/produits\/depoussiereurs-industriels\/\" data-type=\"page\" data-id=\"31\">tolmukogujad<\/a> <a href=\"https:\/\/obera.fr\/et\/produits\/depoussiereurs-industriels\/petits\/aspiration-fumees-soudage-laser-epur-b-ex\/\" data-type=\"page\" data-id=\"480\">(mudel ePUR ex<\/a>) sobivad igasuguse tolmu ja suitsu jaoks v\u00e4ikestes kogustes. Filter ise hoiab ja talletab tolmu. Kui filter on t\u00e4is, evakueeritakse see spetsiaalsesse kotti. K\u00f5igi meie v\u00e4ikeste tolmukogumisseadmete filtrikandjad on kergesti ligip\u00e4\u00e4setavad ja vahetatavad. Need tolmukogujad v\u00f5tavad kinni <strong>lihvimistolmu<\/strong>, <strong>lihvimistolmu<\/strong> ning <strong>doseerimis-<\/strong> ja <strong>kaalujaamade<\/strong> tolmu.    <\/p>\n\n<h2 class=\"wp-block-heading\">Avastage k\u00f5ik meie v\u00e4ikesed kompaktsed tolmukogujad:<\/h2>\n\n<p><\/p>\n\n<p><\/p>\n\n<div class=\"wp-block-columns is-layout-flex wp-container-core-columns-is-layout-28f84493 wp-block-columns-is-layout-flex\">\n<div class=\"wp-block-column is-layout-flow wp-block-column-is-layout-flow\">\n<h3 class=\"wp-block-heading has-text-align-center\">TK SEERIA<\/h3>\n\n\n\n<figure class=\"wp-block-image aligncenter size-full is-resized\"><a href=\"https:\/\/obera.fr\/produits\/depoussiereurs-industriels\/petits\/tk-serie\/\"><img decoding=\"async\" width=\"600\" height=\"600\" src=\"https:\/\/obera.fr\/wp-content\/uploads\/2020\/11\/tk-series.jpg\" alt=\"Laboratoorium - laboriseadmed\" class=\"wp-image-1607\" style=\"width:300px;height:300px\" srcset=\"https:\/\/obera.fr\/wp-content\/uploads\/2020\/11\/tk-series.jpg 600w, https:\/\/obera.fr\/wp-content\/uploads\/2020\/11\/tk-series-300x300.jpg 300w, https:\/\/obera.fr\/wp-content\/uploads\/2020\/11\/tk-series-150x150.jpg 150w\" sizes=\"(max-width: 600px) 100vw, 600px\" \/><\/a><figcaption class=\"wp-element-caption\">TK Serie<\/figcaption><\/figure>\n\n\n\n<p><a href=\"https:\/\/obera.fr\/et\/produits\/depoussiereurs-industriels\/petits\/tk-serie\/\" data-type=\"page\" data-id=\"1589\">TK seeria<\/a> tolmukogumisseadmed<strong> <\/strong>on kompaktsed tolmueemaldajad, mis on m\u00f5eldud v\u00e4ikeste tolmukoguste eemaldamiseks v\u00e4ikestes v\u00f5i t\u00f6\u00f6stuslikes rakendustes ja mida saab \u00fchendada otse tootmisseadmetega, et koguda tolmu juba tekkekohas. Seade sobib ideaalselt perioodiliseks kasutamiseks. Need seadmed on t\u00f5husad j\u00e4meda metallitolmu t\u00f6\u00f6tlemiseks, eriti metallide lihvimisel juveelit\u00f6\u00f6stuses. Seadet on v\u00e4ga lihtne kasutada ja seda on t\u00e4nu selle suurusele ja kergele kaalule lihtne liigutada.     <\/p>\n\n\n\n<p>V\u00e4ikese <strong>TK 4<\/strong> tolmukoguja maksimaalne vooluhulk on 300 m3\/h ja v\u00e4ikese TK 6 tolmukoguja vooluhulk on 450 m3\/h. Puhastatud \u00f5hk juhitakse otse t\u00f6\u00f6ruumi. <\/p>\n<\/div>\n\n\n\n<div class=\"wp-block-column is-layout-flow wp-block-column-is-layout-flow\">\n<h3 class=\"wp-block-heading has-text-align-center\">EPUR Ex 1000-3000-5000<\/h3>\n\n\n\n<figure class=\"wp-block-image aligncenter size-medium is-resized\"><a href=\"https:\/\/obera.fr\/produits\/depoussiereurs-industriels\/petits\/aspiration-fumees-soudage-laser-epur-b-ex\/\"><img decoding=\"async\" width=\"300\" height=\"300\" src=\"https:\/\/obera.fr\/wp-content\/uploads\/2023\/10\/epurb-ex-1000-3000-5000-300x300.png\" alt=\"oberA epur b ex 1000 3000 5000\" class=\"wp-image-25016\" style=\"width:298px;height:auto\" srcset=\"https:\/\/obera.fr\/wp-content\/uploads\/2023\/10\/epurb-ex-1000-3000-5000-300x300.png 300w, https:\/\/obera.fr\/wp-content\/uploads\/2023\/10\/epurb-ex-1000-3000-5000-150x150.png 150w, https:\/\/obera.fr\/wp-content\/uploads\/2023\/10\/epurb-ex-1000-3000-5000.png 600w\" sizes=\"(max-width: 300px) 100vw, 300px\" \/><\/a><figcaption class=\"wp-element-caption\">EPUR EX 1000-3000-5000<\/figcaption><\/figure>\n\n\n\n<p><a href=\"https:\/\/obera.fr\/et\/produits\/depoussiereurs-industriels\/petits\/aspiration-fumees-soudage-laser-epur-b-ex\/\" data-type=\"page\" data-id=\"480\">EPUR Ex 1000-3000-5000 tolmukogumisseadmete<\/a> tootesari<strong> <\/strong>on mobiilsed ekstraktsiooniseadmed, mis on varustatud k\u00fcllastusfiltri materjaliga. Need sobivad eelk\u00f5ige keevitus- ja jootmisauru, tolmu, aurude, lahustite ja gaaside eemaldamiseks. Neid v\u00e4ga mitmek\u00fclgseid tolmukogujaid saab t\u00e4nu kolmele filtreerimisastmele kohandada praktiliselt igale t\u00f6\u00f6stussektorile. Juhtimine on v\u00f5imalik puuteekraani kaudu v\u00f5i kaugjuhtimisega, mis tagab suurep\u00e4rase kasutusmugavuse. Vaikne ja v\u00f5imas, saate tolmuimeerida kuni kolm v\u00e4ikest t\u00f6\u00f6kohta v\u00f5i tootmismasinat.    <\/p>\n\n\n\n<p>Need tolmukogujad sobivad kasutamiseks ATEX-tsoonides.  <\/p>\n\n\n\n<p>Nende seadmete eelis on see, et nad pakuvad suurt imemisv\u00f5imsust (kuni 10 000 Pa vaakum) ja on t\u00e4ielikult konfigureeritavad. Tegelikult on neil kaks v\u00f5i kolm filtreerimisastet, mille filtreerimisvahendeid saab t\u00e4ielikult kohandada vastavalt tolmu peenusele ja ohtlikkusele (filtreerimisastmed alates G4 kuni HEPA 14). Samuti on v\u00f5imalik valida aktiivs\u00f6e astet, mis on spetsiaalselt kavandatud gaasiliste saasteainete jaoks. Elektrooniliselt kommuteeritud mootori abil on v\u00f5imalik muuta vooluhulka vahemikus 0-100%. Filtreid saab vahetada puhtalt ja ohutult, kasutades k\u00e4ttesaadavat vahetuskomplekti, mis koosneb filtrikattest, \u00fchekordselt kasutatavast \u00f5hukindlast kotist, isikukaitsevaskist ja \u00fchekordselt kasutatavatest kinnastest.    <\/p>\n<\/div>\n<\/div>\n\n<p><\/p>\n\n<p><\/p>\n\n<div class=\"wp-block-columns is-layout-flex wp-container-core-columns-is-layout-28f84493 wp-block-columns-is-layout-flex\">\n<div class=\"wp-block-column is-layout-flow wp-block-column-is-layout-flow\">\n<h3 class=\"wp-block-heading has-text-align-center\"><strong>SRF-T<\/strong><\/h3>\n\n\n\n<div class=\"wp-block-columns is-layout-flex wp-container-core-columns-is-layout-28f84493 wp-block-columns-is-layout-flex\">\n<div class=\"wp-block-column is-layout-flow wp-block-column-is-layout-flow\">\n<figure class=\"wp-block-image aligncenter size-large is-resized\"><a href=\"https:\/\/obera.fr\/produits\/depoussiereurs-industriels\/petits\/srf-t\/\"><img decoding=\"async\" width=\"600\" height=\"600\" src=\"https:\/\/obera.fr\/wp-content\/uploads\/2020\/10\/SRF-T-SF.png\" alt=\"Suitsu - tolmukollektor\" class=\"wp-image-1310\" style=\"width:259px;height:259px\" srcset=\"https:\/\/obera.fr\/wp-content\/uploads\/2020\/10\/SRF-T-SF.png 600w, https:\/\/obera.fr\/wp-content\/uploads\/2020\/10\/SRF-T-SF-300x300.png 300w, https:\/\/obera.fr\/wp-content\/uploads\/2020\/10\/SRF-T-SF-150x150.png 150w\" sizes=\"(max-width: 600px) 100vw, 600px\" \/><\/a><figcaption class=\"wp-element-caption\">SRF-T<\/figcaption><\/figure>\n<\/div>\n<\/div>\n\n\n\n<p><a href=\"https:\/\/obera.fr\/et\/produits\/depoussiereurs-industriels\/petits\/srf-t\/\">SRF T on kaasaskantav seade<\/a>, mis on m\u00f5eldud <strong>keevitusaurude v\u00e4ljat\u00f5mbamiseks<\/strong>. Sellel on k\u00f5rge vaakum, nii et seda saab \u00fchendada otse keevitusp\u00f5leti k\u00fclge, et t\u00f6\u00f6delda suitsu otse allikas. <\/p>\n\n\n\n<p>Saadaval on mitu mudelit, sealhulgas <strong>SRF T-2<\/strong>, mis \u00fchendab \u00fche v\u00e4ljat\u00f5mbe k\u00e4e, ja <strong>SRF T-4<\/strong>, mis \u00fchendab kuni kaks k\u00e4tt.  <\/p>\n\n\n\n<p>See seade sobib eriti h\u00e4sti sellistesse rakendustesse nagu laevatehased, v\u00e4ikeste detailide keevitusjaamad ja autot\u00f6\u00f6stusettev\u00f5tted. Filtrikassette saab puhastada ja uuesti kasutada. <\/p>\n<\/div>\n\n\n\n<div class=\"wp-block-column is-layout-flow wp-block-column-is-layout-flow\">\n<h3 class=\"wp-block-heading has-text-align-center\"><strong>JUMBO<\/strong><\/h3>\n\n\n\n<figure class=\"wp-block-image aligncenter size-large is-resized\"><a href=\"https:\/\/obera.fr\/produits\/depoussiereurs-industriels\/petits\/jumbo\/\"><img decoding=\"async\" width=\"500\" height=\"500\" src=\"https:\/\/obera.fr\/wp-content\/uploads\/2020\/12\/Jumbo2.png\" alt=\"Jumbo2\" class=\"wp-image-3839\" style=\"width:256px;height:auto\" srcset=\"https:\/\/obera.fr\/wp-content\/uploads\/2020\/12\/Jumbo2.png 500w, https:\/\/obera.fr\/wp-content\/uploads\/2020\/12\/Jumbo2-300x300.png 300w, https:\/\/obera.fr\/wp-content\/uploads\/2020\/12\/Jumbo2-150x150.png 150w\" sizes=\"(max-width: 500px) 100vw, 500px\" \/><\/a><figcaption class=\"wp-element-caption\"><a href=\"https:\/\/obera.fr\/et\/produits\/depoussiereurs-industriels\/petits\/jumbo\/\">JUMBO<\/a><\/figcaption><\/figure>\n\n\n\n<p><a href=\"https:\/\/obera.fr\/et\/produits\/depoussiereurs-industriels\/petits\/jumbo\/\">Jumbo <\/a>on v\u00e4ike, terviklik tolmukogumisseade, <strong>mida saab kohandada mitmesuguste rakenduste jaoks.<\/strong> Veelgi enam, selle voolukiirus 170 m3\/h ja 2800 Pa vaakum t\u00e4hendab, et sellega saab vaakumida 1 kuni 2 t\u00f6\u00f6kohta.<\/p>\n\n\n\n<p>See v\u00e4ike tolmukoguja sobib eriti h\u00e4sti <strong>peen- ja j\u00e4metolmu<\/strong>, samuti <strong>suitsu, aurude ja l\u00f5hnade<\/strong> eemaldamiseks <strong>.<\/strong><\/p>\n\n\n\n<p>See v\u00f5tab v\u00e4ga<strong> v\u00e4he<\/strong> ruumi ja tarbib v\u00e4ga v\u00e4he energiat. Kuna see on varustatud mitme liigendiga, v\u00f5ib see tolmuimeja tolmuimeja olla erinevates asendites ja<strong> kohaneda iga olukorraga.<\/strong> <\/p>\n<\/div>\n<\/div>\n\n<div class=\"wp-block-buttons is-horizontal is-content-justification-center is-layout-flex wp-container-core-buttons-is-layout-03627597 wp-block-buttons-is-layout-flex\">\n<div class=\"wp-block-button has-custom-width wp-block-button__width-100\"><a class=\"wp-block-button__link wp-element-button\" href=\"https:\/\/obera.fr\/et\/votke-meiega-uhendust\/\">Lisateavet<\/a><\/div>\n<\/div>\n\n<hr class=\"wp-block-separator has-css-opacity\"\/>\n\n<div class=\"wp-block-group is-layout-flow wp-block-group-is-layout-flow\">\n<h2 class=\"wp-block-heading\">Muud oberA t\u00f6\u00f6stuslikud tolmukogumisseadmed<\/h2>\n\n\n\n<div class=\"wp-block-buttons is-content-justification-center is-layout-flex wp-container-core-buttons-is-layout-a89b3969 wp-block-buttons-is-layout-flex\">\n<div class=\"wp-block-button\"><a class=\"wp-block-button__link wp-element-button\" href=\"https:\/\/obera.fr\/produits\/depoussiereurs-industriels\/mobiles\/\">mobiilsed tolmukogumisseadmed  <\/a><\/div>\n\n\n\n<div class=\"wp-block-button\"><a class=\"wp-block-button__link wp-element-button\" href=\"https:\/\/obera.fr\/produits\/depoussiereurs-industriels\/fixes\/\"> Fikseeritud <strong>tolmukogumisseadmed<\/strong><\/a><\/div>\n<\/div>\n<\/div>\n\n<p><\/p>\n","protected":false},"excerpt":{"rendered":"<p>Mis on v\u00e4ike t\u00f6\u00f6stuslik tolmukoguja? V\u00e4ike tolmukoguja on tavaliselt v\u00e4ike \u00f5huk\u00e4itlusseade, mille imemisv\u00f5imsus on 80 m3\/h kuni 500 m3\/h. Need tolmukogumisseadmed on tavaliselt madala m\u00fcratasemega, liikuvad ja kergesti teisaldatavad ning on tavaliselt v\u00f5imelised \u00fche tootmisseadme v\u00e4ljat\u00f5mbamiseks. Need kompaktsed tolmukogumisseadmed on varustatud k\u00fcllastusfiltriga (ePUR ex 1000\/3000 puhul) v\u00f5i k\u00e4sitsi eemaldatava filtriga. V\u00e4ikseid tolmukollektoreid kasutatakse madala kuni keskmise tolmusisaldusega \u00f5hu kogumiseks. Need tolmukogujad koguvad tolmu ja suitsu lasergraveerimismasinatest, keevitusjaamadest ja v\u00e4ikestest kaalujaamadest. Regeneratiivsete filtritega tolmukogumisseadmed sobivad peene ja kuiva tolmu jaoks ning neil on tolmu kinnipidamisalus, millele saab paigaldada koti. See kott v\u00f5imaldab kogutud tolmu h\u00f5lpsasti ja puhtalt t\u00fchjendada. K\u00fcllastusfiltritega varustatud tolmukogujad &#8230; <\/p>\n<p class=\"read-more-container\"><a title=\"V\u00e4ikesed t\u00f6\u00f6stuslikud tolmukogumisseadmed\" class=\"read-more button\" href=\"https:\/\/obera.fr\/et\/produits\/depoussiereurs-industriels\/petits\/#more-52097\" aria-label=\"Read more about V\u00e4ikesed t\u00f6\u00f6stuslikud tolmukogumisseadmed\">Lire la suite<\/a><\/p>\n","protected":false},"author":4,"featured_media":103617,"parent":52069,"menu_order":0,"comment_status":"closed","ping_status":"closed","template":"","meta":{"_acf_changed":false,"_seopress_robots_primary_cat":"","_seopress_titles_title":"V\u00e4ikesed tolmukogujad EPUR B Ex, SRF-T kottfiltrid ja ePURBOX","_seopress_titles_desc":"V\u00e4ikesed tolmukogumisseadmed on v\u00e4ikesed \u00f5hut\u00f6\u00f6tlusseadmed. Need t\u00f6\u00f6stuslikud tolmukogumisseadmed on vaiksed, liikuvad ja neid on lihtne liigutada. ","_seopress_robots_index":"","footnotes":""},"class_list":{"0":"post-52097","1":"page","2":"type-page","3":"status-publish","4":"has-post-thumbnail","6":"no-featured-image-padding","7":"resize-featured-image"},"acf":[],"_links":{"self":[{"href":"https:\/\/obera.fr\/et\/wp-json\/wp\/v2\/pages\/52097","targetHints":{"allow":["GET"]}}],"collection":[{"href":"https:\/\/obera.fr\/et\/wp-json\/wp\/v2\/pages"}],"about":[{"href":"https:\/\/obera.fr\/et\/wp-json\/wp\/v2\/types\/page"}],"author":[{"embeddable":true,"href":"https:\/\/obera.fr\/et\/wp-json\/wp\/v2\/users\/4"}],"replies":[{"embeddable":true,"href":"https:\/\/obera.fr\/et\/wp-json\/wp\/v2\/comments?post=52097"}],"version-history":[{"count":6,"href":"https:\/\/obera.fr\/et\/wp-json\/wp\/v2\/pages\/52097\/revisions"}],"predecessor-version":[{"id":127512,"href":"https:\/\/obera.fr\/et\/wp-json\/wp\/v2\/pages\/52097\/revisions\/127512"}],"up":[{"embeddable":true,"href":"https:\/\/obera.fr\/et\/wp-json\/wp\/v2\/pages\/52069"}],"wp:featuredmedia":[{"embeddable":true,"href":"https:\/\/obera.fr\/et\/wp-json\/wp\/v2\/media\/103617"}],"wp:attachment":[{"href":"https:\/\/obera.fr\/et\/wp-json\/wp\/v2\/media?parent=52097"}],"curies":[{"name":"wp","href":"https:\/\/api.w.org\/{rel}","templated":true}]}}