{"id":52109,"date":"2020-08-26T12:44:36","date_gmt":"2020-08-26T10:44:36","guid":{"rendered":"https:\/\/obera.fr\/meie-tooted\/toostuslikud-tolmukogumisseadmed\/vaikesed-toostuslikud-tolmukogumisseadmed\/srf-t\/"},"modified":"2025-06-29T21:40:55","modified_gmt":"2025-06-29T19:40:55","slug":"srf-t","status":"publish","type":"page","link":"https:\/\/obera.fr\/et\/produits\/depoussiereurs-industriels\/petits\/srf-t\/","title":{"rendered":"SRF-T"},"content":{"rendered":"\n<h2 class=\"wp-block-heading\">Kaasaskantav keevitusf\u00f6\u00f6ni v\u00e4ljat\u00f5mbur<\/h2>\n\n<div class=\"wp-block-columns is-layout-flex wp-container-core-columns-is-layout-28f84493 wp-block-columns-is-layout-flex\">\n<div class=\"wp-block-column is-layout-flow wp-block-column-is-layout-flow\" style=\"flex-basis:33.33%\">\n<figure class=\"wp-block-image aligncenter size-medium\"><img decoding=\"async\" width=\"300\" height=\"300\" src=\"https:\/\/obera.fr\/wp-content\/uploads\/2020\/10\/SRF-T-SF-300x300.png\" alt=\"Srf T Sf\" class=\"wp-image-1310\" srcset=\"https:\/\/obera.fr\/wp-content\/uploads\/2020\/10\/SRF-T-SF-300x300.png 300w, https:\/\/obera.fr\/wp-content\/uploads\/2020\/10\/SRF-T-SF-150x150.png 150w, https:\/\/obera.fr\/wp-content\/uploads\/2020\/10\/SRF-T-SF.png 600w\" sizes=\"(max-width: 300px) 100vw, 300px\" \/><figcaption class=\"wp-element-caption\">SRF-T<\/figcaption><\/figure>\n<\/div>\n\n\n\n<div class=\"wp-block-column is-layout-flow wp-block-column-is-layout-flow\" style=\"flex-basis:66.66%\">\n<p>SRF T kaasaskantav<strong>keevituspuru v\u00e4ljat\u00f5mbur<\/strong> on <a href=\"https:\/\/obera.fr\/et\/produits\/depoussiereurs-industriels\/petits\/\" data-type=\"page\" data-id=\"393\">kompaktne tolmukoguja<\/a>.<\/p>\n\n\n\n<p>Sellel on k\u00f5rge vaakum, mis t\u00e4hendab, et seda saab \u00fchendada otse keevitusp\u00f5leti k\u00fclge ja see v\u00f5imaldab imemist otse allikast. Filtrikassette on lihtne puhastada, mis v\u00e4hendab oluliselt hoolduskulusid. Seda saab \u00fchendada ka imemisvarrega.<\/p>\n\n\n\n<p>SRF T2 mudel v\u00f5ib imeda \u00fche k\u00e4e, SRF T4 mudelil aga kuni kaks k\u00e4tt.<\/p>\n\n\n\n<p>See sobib eriti h\u00e4sti laevatehastele, v\u00e4ikeste detailide keevitusjaamadele ja autot\u00f6\u00f6stustele. V\u00f5ite valida ka <a href=\"https:\/\/obera.fr\/et\/produits\/depoussiereurs-industriels\/mobiles\/srf-k\/\">keevitusauru v\u00e4ljat\u00f5mburi<\/a> oma t\u00f6\u00f6kohtadele. <\/p>\n\n\n\n<div class=\"wp-block-columns is-layout-flex wp-container-core-columns-is-layout-28f84493 wp-block-columns-is-layout-flex\">\n<div class=\"wp-block-column is-layout-flow wp-block-column-is-layout-flow\" style=\"flex-basis:33.34%\">\n<div class=\"wp-block-buttons is-content-justification-center is-layout-flex wp-container-core-buttons-is-layout-a89b3969 wp-block-buttons-is-layout-flex\">\n<div class=\"wp-block-button\"><a class=\"wp-block-button__link wp-element-button\" href=\"https:\/\/obera.fr\/wp-content\/uploads\/2024\/03\/srf-t-.pdf\">Lae alla bro\u0161\u00fc\u00fcr<\/a><\/div>\n<\/div>\n<\/div>\n\n\n\n<div class=\"wp-block-column is-layout-flow wp-block-column-is-layout-flow\" style=\"flex-basis:33.34%\">\n<div class=\"wp-block-buttons is-horizontal is-content-justification-center is-layout-flex wp-container-core-buttons-is-layout-03627597 wp-block-buttons-is-layout-flex\">\n<div class=\"wp-block-button has-custom-width wp-block-button__width-100\"><a class=\"wp-block-button__link wp-element-button\" href=\"https:\/\/obera.fr\/et\/votke-meiega-uhendust\/\">Lisateavet<\/a><\/div>\n<\/div>\n<\/div>\n\n\n\n<div class=\"wp-block-column is-layout-flow wp-block-column-is-layout-flow\" style=\"flex-basis:33.33%\">\n<div class=\"wp-block-buttons is-content-justification-center is-layout-flex wp-container-core-buttons-is-layout-a89b3969 wp-block-buttons-is-layout-flex\">\n<div class=\"wp-block-button btn-devis-source\"><a class=\"wp-block-button__link wp-element-button\" href=\"https:\/\/obera.fr\/et\/devis\/\">Taotlege hinnapakkumist<\/a><\/div>\n<\/div>\n\n\n<script>\r\ndocument.addEventListener('DOMContentLoaded', function() {\r\n    \/\/ 1. On cherche le titre H1 de la page\r\n    var h1 = document.querySelector('h1');\r\n    var productTitle = h1 ? h1.innerText.trim() : \"\";\r\n\r\n    \/\/ 2. On cherche les boutons via la classe CSS .btn-devis-source\r\n    var buttons = document.querySelectorAll('.btn-devis-source a');\r\n\r\n    \/\/ 3. Si on a le titre et les boutons, on ajoute le param\u00e8tre\r\n    if (buttons.length > 0 && productTitle !== \"\") {\r\n        var encodedTitle = encodeURIComponent(productTitle);\r\n\r\n        buttons.forEach(function(btn) {\r\n            var currentHref = btn.getAttribute('href');\r\n            \r\n            \/\/ S\u00e9curit\u00e9 pour ne pas ajouter le param\u00e8tre 2 fois\r\n            if (currentHref.indexOf('sujet=') === -1) {\r\n                var separator = currentHref.indexOf('?') !== -1 ? '&' : '?';\r\n                var newLink = currentHref + separator + 'sujet=' + encodedTitle;\r\n                \r\n                btn.setAttribute('href', newLink);\r\n            }\r\n        });\r\n    }\r\n});\r\n<\/script><\/div>\n<\/div>\n<\/div>\n<\/div>\n\n<figure class=\"wp-block-gallery has-nested-images columns-default is-cropped wp-block-gallery-1 is-layout-flex wp-block-gallery-is-layout-flex\">\n<figure class=\"wp-block-image size-large\"><img decoding=\"async\" width=\"768\" height=\"432\" data-id=\"1680\" src=\"https:\/\/obera.fr\/wp-content\/uploads\/2020\/11\/45-srf-t.jpg\" alt=\"45 Srf T\" class=\"wp-image-1680\" srcset=\"https:\/\/obera.fr\/wp-content\/uploads\/2020\/11\/45-srf-t.jpg 768w, https:\/\/obera.fr\/wp-content\/uploads\/2020\/11\/45-srf-t-300x169.jpg 300w\" sizes=\"(max-width: 768px) 100vw, 768px\" \/><\/figure>\n\n\n\n<figure class=\"wp-block-image size-large\"><img decoding=\"async\" width=\"1024\" height=\"576\" data-id=\"1682\" src=\"https:\/\/obera.fr\/wp-content\/uploads\/2020\/11\/47-srf-t-1024x576.jpg\" alt=\"47 Srf T\" class=\"wp-image-1682\" srcset=\"https:\/\/obera.fr\/wp-content\/uploads\/2020\/11\/47-srf-t-1024x576.jpg 1024w, https:\/\/obera.fr\/wp-content\/uploads\/2020\/11\/47-srf-t-300x169.jpg 300w, https:\/\/obera.fr\/wp-content\/uploads\/2020\/11\/47-srf-t-768x432.jpg 768w, https:\/\/obera.fr\/wp-content\/uploads\/2020\/11\/47-srf-t.jpg 1200w\" sizes=\"(max-width: 1024px) 100vw, 1024px\" \/><\/figure>\n\n\n\n<figure class=\"wp-block-image size-large\"><img decoding=\"async\" width=\"1024\" height=\"512\" data-id=\"1681\" src=\"https:\/\/obera.fr\/wp-content\/uploads\/2020\/11\/46-srf-t-1024x512.jpg\" alt=\"46 Srf T\" class=\"wp-image-1681\" srcset=\"https:\/\/obera.fr\/wp-content\/uploads\/2020\/11\/46-srf-t-1024x512.jpg 1024w, https:\/\/obera.fr\/wp-content\/uploads\/2020\/11\/46-srf-t-300x150.jpg 300w, https:\/\/obera.fr\/wp-content\/uploads\/2020\/11\/46-srf-t-768x384.jpg 768w, https:\/\/obera.fr\/wp-content\/uploads\/2020\/11\/46-srf-t.jpg 1280w\" sizes=\"(max-width: 1024px) 100vw, 1024px\" \/><\/figure>\n<\/figure>\n\n<h3 class=\"wp-block-heading\">Eelised<\/h3>\n\n<div class=\"wp-block-columns is-layout-flex wp-container-core-columns-is-layout-28f84493 wp-block-columns-is-layout-flex\">\n<div class=\"wp-block-column is-layout-flow wp-block-column-is-layout-flow\">\n<h4 class=\"wp-block-heading has-text-align-center\"><strong>Eelised<\/strong><\/h4>\n\n\n\n<ul class=\"wp-block-list\">\n<li>K\u00f5rge imemisv\u00f5imsus keevitusp\u00f5letite ja imemisvarrega<\/li>\n\n\n\n<li>Kaasaskantavad, neid saab kasutada k\u00f5ikjal<\/li>\n\n\n\n<li>Kompaktsed, need on kavandatud v\u00e4ga funktsionaalseks<\/li>\n\n\n\n<li>Madalad jooksvad kulud t\u00e4nu puhastatavale filtrikassetile<\/li>\n<\/ul>\n<\/div>\n\n\n\n<div class=\"wp-block-column is-layout-flow wp-block-column-is-layout-flow\">\n<h4 class=\"wp-block-heading has-text-align-center\"><strong>Eriomadused<\/strong><\/h4>\n\n\n\n<ul class=\"wp-block-list\">\n<li>Suur imemisv\u00f5imsus ja vaakum<\/li>\n\n\n\n<li>Sisaldab k\u00f5rgsurvepihustit filtri puhastamiseks<\/li>\n\n\n\n<li>Puhastatav ja korduvkasutatav filtrikassett<\/li>\n<\/ul>\n<\/div>\n\n\n\n<div class=\"wp-block-column is-layout-flow wp-block-column-is-layout-flow\">\n<h4 class=\"wp-block-heading has-text-align-center\"><strong>Omadused<\/strong><\/h4>\n\n\n\n<ul class=\"wp-block-list\">\n<li>Otsene v\u00e4ljat\u00f5mbamine keevitusp\u00f5letitega<\/li>\n\n\n\n<li>Kohaldatakse v\u00e4lit\u00f6\u00f6del ja ehitusplatsidel<\/li>\n\n\n\n<li>Toimib igat t\u00fc\u00fcpi keevitusaurude puhul<\/li>\n<\/ul>\n<\/div>\n<\/div>\n\n<h2 class=\"wp-block-heading\">Millistes t\u00f6\u00f6stussektorites seda kasutatakse?<\/h2>\n\n<div class=\"wp-block-columns is-layout-flex wp-container-core-columns-is-layout-28f84493 wp-block-columns-is-layout-flex\">\n<div class=\"wp-block-column is-layout-flow wp-block-column-is-layout-flow\">\n<h3 class=\"wp-block-heading has-text-align-center\">Saasteained<\/h3>\n\n\n\n<hr class=\"wp-block-separator has-css-opacity is-style-wide\"\/>\n\n\n\n<div class=\"wp-block-columns is-layout-flex wp-container-core-columns-is-layout-28f84493 wp-block-columns-is-layout-flex\">\n<div class=\"wp-block-column is-layout-flow wp-block-column-is-layout-flow\">\n<figure class=\"wp-block-image aligncenter size-large\"><img decoding=\"async\" width=\"70\" height=\"70\" src=\"https:\/\/obera.fr\/wp-content\/uploads\/2020\/08\/industrie-fumees.jpg\" alt=\"T&#xF6;&#xF6;stuse suitsu\" class=\"wp-image-722\"\/><figcaption class=\"wp-element-caption\">Aurud<\/figcaption><\/figure>\n<\/div>\n\n\n\n<div class=\"wp-block-column is-layout-flow wp-block-column-is-layout-flow\"><\/div>\n<\/div>\n\n\n\n<p><\/p>\n<\/div>\n\n\n\n<div class=\"wp-block-column is-layout-flow wp-block-column-is-layout-flow\">\n<h3 class=\"wp-block-heading has-text-align-center\">T\u00f6\u00f6stusharud<\/h3>\n\n\n\n<hr class=\"wp-block-separator has-css-opacity is-style-wide\"\/>\n\n\n\n<div class=\"wp-block-columns is-layout-flex wp-container-core-columns-is-layout-28f84493 wp-block-columns-is-layout-flex\">\n<div class=\"wp-block-column is-layout-flow wp-block-column-is-layout-flow\">\n<figure class=\"wp-block-image aligncenter size-large\"><img decoding=\"async\" width=\"70\" height=\"70\" src=\"https:\/\/obera.fr\/wp-content\/uploads\/2020\/08\/industrie-metallurgie.jpg\" alt=\"Metallurgiat&#xF6;&#xF6;stus\" class=\"wp-image-673\"\/><figcaption class=\"wp-element-caption\">Metallurgia<\/figcaption><\/figure>\n<\/div>\n\n\n\n<div class=\"wp-block-column is-layout-flow wp-block-column-is-layout-flow\"><\/div>\n<\/div>\n<\/div>\n<\/div>\n\n<h2 class=\"wp-block-heading\">Tehnilised andmed<\/h2>\n\n<figure class=\"wp-block-table\"><table class=\"has-fixed-layout\"><thead><tr><th>Seade<\/th><th><\/th><th>SRF T-2<\/th><th>SRF T-4<\/th><\/tr><\/thead><tbody><tr><td>Flow<\/td><td>m3\/h<\/td><td>200<\/td><td>400<\/td><\/tr><tr><td>Sisselaskeava l\u00e4bim\u00f5\u00f5t<\/td><td>mm<\/td><td>50<\/td><td>2&#215;50<\/td><\/tr><tr><td>maksimaalne negatiivne r\u00f5hk<\/td><td>Pa<\/td><td>19 000<\/td><td>19 000<\/td><\/tr><tr><td>Toitepinge<\/td><td>V<\/td><td>230<\/td><td>230<\/td><\/tr><tr><td>V\u00f5imsus<\/td><td>kW<\/td><td>1.1<\/td><td>1.1<\/td><\/tr><tr><td>Filtri pindala<\/td><td>m\u00b2<\/td><td>0.8<\/td><td>1.6<\/td><\/tr><tr><td>M\u00f5\u00f5tmed<\/td><td>l\/L\/h (mm)<\/td><td>390x210x500<\/td><td>490x400x560<\/td><\/tr><tr><td>Kaal<\/td><td>kg<\/td><td>15<\/td><td>27<\/td><\/tr><tr><td>M\u00fcratase<\/td><td>dB(A)<\/td><td>66<\/td><td>78<\/td><\/tr><\/tbody><\/table><\/figure>\n\n<h3 class=\"wp-block-heading\">Valikuline<\/h3>\n\n<div class=\"wp-block-columns is-layout-flex wp-container-core-columns-is-layout-28f84493 wp-block-columns-is-layout-flex\">\n<div class=\"wp-block-column is-layout-flow wp-block-column-is-layout-flow\"><\/div>\n\n\n\n<div class=\"wp-block-column is-layout-flow wp-block-column-is-layout-flow\"><\/div>\n\n\n\n<div class=\"wp-block-column is-layout-flow wp-block-column-is-layout-flow\"><\/div>\n<\/div>\n\n<div class=\"wp-block-columns is-layout-flex wp-container-core-columns-is-layout-28f84493 wp-block-columns-is-layout-flex\">\n<div class=\"wp-block-column is-layout-flow wp-block-column-is-layout-flow\"><\/div>\n\n\n\n<div class=\"wp-block-column is-layout-flow wp-block-column-is-layout-flow\"><\/div>\n\n\n\n<div class=\"wp-block-column is-layout-flow wp-block-column-is-layout-flow\"><\/div>\n<\/div>\n\n<h3 class=\"wp-block-heading\">Tarvikud<\/h3>\n\n<figure class=\"wp-block-gallery aligncenter has-nested-images columns-3 wp-block-gallery-2 is-layout-flex wp-block-gallery-is-layout-flex\">\n<figure class=\"wp-block-image size-large\"><img decoding=\"async\" width=\"1024\" height=\"1024\" data-id=\"31508\" src=\"https:\/\/obera.fr\/wp-content\/uploads\/2024\/06\/accessoires-gaines-1024x1024.png\" alt=\"kanalitarvikud\" class=\"wp-image-31508\" srcset=\"https:\/\/obera.fr\/wp-content\/uploads\/2024\/06\/accessoires-gaines-1024x1024.png 1024w, https:\/\/obera.fr\/wp-content\/uploads\/2024\/06\/accessoires-gaines-300x300.png 300w, https:\/\/obera.fr\/wp-content\/uploads\/2024\/06\/accessoires-gaines-150x150.png 150w, https:\/\/obera.fr\/wp-content\/uploads\/2024\/06\/accessoires-gaines-768x767.png 768w, https:\/\/obera.fr\/wp-content\/uploads\/2024\/06\/accessoires-gaines.png 1280w\" sizes=\"(max-width: 1024px) 100vw, 1024px\" \/><figcaption class=\"wp-element-caption\">Torustik<\/figcaption><\/figure>\n\n\n\n<figure class=\"wp-block-image size-large\"><img decoding=\"async\" width=\"1024\" height=\"1024\" data-id=\"31511\" src=\"https:\/\/obera.fr\/wp-content\/uploads\/2024\/06\/accessoires-adaptateur-de-gaines-1024x1024.png\" alt=\"kanalite adapteri tarvikud\" class=\"wp-image-31511\" srcset=\"https:\/\/obera.fr\/wp-content\/uploads\/2024\/06\/accessoires-adaptateur-de-gaines-1024x1024.png 1024w, https:\/\/obera.fr\/wp-content\/uploads\/2024\/06\/accessoires-adaptateur-de-gaines-300x300.png 300w, https:\/\/obera.fr\/wp-content\/uploads\/2024\/06\/accessoires-adaptateur-de-gaines-150x150.png 150w, https:\/\/obera.fr\/wp-content\/uploads\/2024\/06\/accessoires-adaptateur-de-gaines-768x767.png 768w, https:\/\/obera.fr\/wp-content\/uploads\/2024\/06\/accessoires-adaptateur-de-gaines.png 1280w\" sizes=\"(max-width: 1024px) 100vw, 1024px\" \/><figcaption class=\"wp-element-caption\">Tuppaadapter<\/figcaption><\/figure>\n\n\n\n<figure class=\"wp-block-image size-large\"><img decoding=\"async\" width=\"1024\" height=\"1024\" data-id=\"31515\" src=\"https:\/\/obera.fr\/wp-content\/uploads\/2024\/06\/accessoires-bras-1024x1024.png\" alt=\"k&#xE4;e tarvikud\" class=\"wp-image-31515\" srcset=\"https:\/\/obera.fr\/wp-content\/uploads\/2024\/06\/accessoires-bras-1024x1024.png 1024w, https:\/\/obera.fr\/wp-content\/uploads\/2024\/06\/accessoires-bras-300x300.png 300w, https:\/\/obera.fr\/wp-content\/uploads\/2024\/06\/accessoires-bras-150x150.png 150w, https:\/\/obera.fr\/wp-content\/uploads\/2024\/06\/accessoires-bras-768x767.png 768w, https:\/\/obera.fr\/wp-content\/uploads\/2024\/06\/accessoires-bras.png 1280w\" sizes=\"(max-width: 1024px) 100vw, 1024px\" \/><figcaption class=\"wp-element-caption\">K\u00e4si<\/figcaption><\/figure>\n<\/figure>\n\n<hr class=\"wp-block-separator has-css-opacity is-style-dots\"\/>\n\n<div class=\"wp-block-buttons is-horizontal is-content-justification-center is-layout-flex wp-container-core-buttons-is-layout-03627597 wp-block-buttons-is-layout-flex\">\n<div class=\"wp-block-button has-custom-width wp-block-button__width-100\"><a class=\"wp-block-button__link wp-element-button\" href=\"https:\/\/obera.fr\/et\/votke-meiega-uhendust\/\">Lisateavet<\/a><\/div>\n<\/div>\n\n<h2 class=\"wp-block-heading\">Muud v\u00e4ikesed tolmuimejad kaubam\u00e4rgist oberA<\/h2>\n\n<div class=\"wp-block-columns is-layout-flex wp-container-core-columns-is-layout-28f84493 wp-block-columns-is-layout-flex\">\n<div class=\"wp-block-column is-layout-flow wp-block-column-is-layout-flow\">\n<figure class=\"wp-block-image aligncenter size-medium\"><a href=\"https:\/\/obera.fr\/produits\/depoussiereurs-industriels\/petits\/jumbo\/\"><img decoding=\"async\" width=\"300\" height=\"300\" src=\"https:\/\/obera.fr\/wp-content\/uploads\/2020\/10\/jumbo-300x300.png\" alt=\"Jumbo\" class=\"wp-image-1171\" srcset=\"https:\/\/obera.fr\/wp-content\/uploads\/2020\/10\/jumbo-300x300.png 300w, https:\/\/obera.fr\/wp-content\/uploads\/2020\/10\/jumbo-150x150.png 150w, https:\/\/obera.fr\/wp-content\/uploads\/2020\/10\/jumbo.png 500w\" sizes=\"(max-width: 300px) 100vw, 300px\" \/><\/a><figcaption class=\"wp-element-caption\">Jumbo<\/figcaption><\/figure>\n<\/div>\n\n\n\n<div class=\"wp-block-column is-layout-flow wp-block-column-is-layout-flow\">\n<figure class=\"wp-block-image aligncenter size-medium\"><a href=\"https:\/\/obera.fr\/produits\/depoussiereurs-industriels\/petits\/tk-serie\/\"><img decoding=\"async\" width=\"300\" height=\"300\" src=\"https:\/\/obera.fr\/wp-content\/uploads\/2020\/11\/tk-series-300x300.jpg\" alt=\"TK-seeria\" class=\"wp-image-1607\" srcset=\"https:\/\/obera.fr\/wp-content\/uploads\/2020\/11\/tk-series-300x300.jpg 300w, https:\/\/obera.fr\/wp-content\/uploads\/2020\/11\/tk-series-150x150.jpg 150w, https:\/\/obera.fr\/wp-content\/uploads\/2020\/11\/tk-series.jpg 600w\" sizes=\"(max-width: 300px) 100vw, 300px\" \/><\/a><figcaption class=\"wp-element-caption\">TK Serie<\/figcaption><\/figure>\n<\/div>\n\n\n\n<div class=\"wp-block-column is-layout-flow wp-block-column-is-layout-flow\">\n<figure class=\"wp-block-image aligncenter size-medium\"><a href=\"https:\/\/obera.fr\/produits\/depoussiereurs-industriels\/petits\/aspiration-fumees-soudage-laser-epur-b-ex\/\"><img decoding=\"async\" width=\"300\" height=\"300\" src=\"https:\/\/obera.fr\/wp-content\/uploads\/2023\/10\/epurb-ex-1000-3000-5000-300x300.png\" alt=\"oberA epur b ex 1000 3000 5000\" class=\"wp-image-25016\" srcset=\"https:\/\/obera.fr\/wp-content\/uploads\/2023\/10\/epurb-ex-1000-3000-5000-300x300.png 300w, https:\/\/obera.fr\/wp-content\/uploads\/2023\/10\/epurb-ex-1000-3000-5000-150x150.png 150w, https:\/\/obera.fr\/wp-content\/uploads\/2023\/10\/epurb-ex-1000-3000-5000.png 600w\" sizes=\"(max-width: 300px) 100vw, 300px\" \/><\/a><figcaption class=\"wp-element-caption\">EPUR B EX<\/figcaption><\/figure>\n<\/div>\n<\/div>\n","protected":false},"excerpt":{"rendered":"<p>Kaasaskantav keevitusf\u00f6\u00f6ni v\u00e4ljat\u00f5mbur SRF T kaasaskantavkeevituspuru v\u00e4ljat\u00f5mbur on kompaktne tolmukoguja. Sellel on k\u00f5rge vaakum, mis t\u00e4hendab, et seda saab \u00fchendada otse keevitusp\u00f5leti k\u00fclge ja see v\u00f5imaldab imemist otse allikast. Filtrikassette on lihtne puhastada, mis v\u00e4hendab oluliselt hoolduskulusid. Seda saab \u00fchendada ka imemisvarrega. SRF T2 mudel v\u00f5ib imeda \u00fche k\u00e4e, SRF T4 mudelil aga kuni kaks k\u00e4tt. See sobib eriti h\u00e4sti laevatehastele, v\u00e4ikeste detailide keevitusjaamadele ja autot\u00f6\u00f6stustele. V\u00f5ite valida ka keevitusauru v\u00e4ljat\u00f5mburi oma t\u00f6\u00f6kohtadele. Eelised Eelised Eriomadused Omadused Millistes t\u00f6\u00f6stussektorites seda kasutatakse? Saasteained T\u00f6\u00f6stusharud Tehnilised andmed Seade SRF T-2 SRF T-4 Flow m3\/h 200 400 Sisselaskeava l\u00e4bim\u00f5\u00f5t mm 50 2&#215;50 maksimaalne &#8230; <\/p>\n<p class=\"read-more-container\"><a title=\"SRF-T\" class=\"read-more button\" href=\"https:\/\/obera.fr\/et\/produits\/depoussiereurs-industriels\/petits\/srf-t\/#more-52109\" aria-label=\"Read more about SRF-T\">Lire la suite<\/a><\/p>\n","protected":false},"author":4,"featured_media":50560,"parent":52097,"menu_order":0,"comment_status":"closed","ping_status":"closed","template":"","meta":{"_acf_changed":false,"_seopress_robots_primary_cat":"","_seopress_titles_title":"SRF-T: Kaasaskantav keevitusf\u00f6\u00f6ni v\u00e4ljat\u00f5mbur","_seopress_titles_desc":"SRF T kaasaskantav keevitusf\u00f6\u00f6n on kompaktne. Sellel on k\u00f5rge vaakum ja seet\u00f5ttu saab seda \u00fchendada otse keevitusp\u00f5leti k\u00fclge.","_seopress_robots_index":"","footnotes":""},"class_list":{"0":"post-52109","1":"page","2":"type-page","3":"status-publish","4":"has-post-thumbnail","6":"no-featured-image-padding","7":"resize-featured-image"},"acf":[],"_links":{"self":[{"href":"https:\/\/obera.fr\/et\/wp-json\/wp\/v2\/pages\/52109","targetHints":{"allow":["GET"]}}],"collection":[{"href":"https:\/\/obera.fr\/et\/wp-json\/wp\/v2\/pages"}],"about":[{"href":"https:\/\/obera.fr\/et\/wp-json\/wp\/v2\/types\/page"}],"author":[{"embeddable":true,"href":"https:\/\/obera.fr\/et\/wp-json\/wp\/v2\/users\/4"}],"replies":[{"embeddable":true,"href":"https:\/\/obera.fr\/et\/wp-json\/wp\/v2\/comments?post=52109"}],"version-history":[{"count":5,"href":"https:\/\/obera.fr\/et\/wp-json\/wp\/v2\/pages\/52109\/revisions"}],"predecessor-version":[{"id":117565,"href":"https:\/\/obera.fr\/et\/wp-json\/wp\/v2\/pages\/52109\/revisions\/117565"}],"up":[{"embeddable":true,"href":"https:\/\/obera.fr\/et\/wp-json\/wp\/v2\/pages\/52097"}],"wp:featuredmedia":[{"embeddable":true,"href":"https:\/\/obera.fr\/et\/wp-json\/wp\/v2\/media\/50560"}],"wp:attachment":[{"href":"https:\/\/obera.fr\/et\/wp-json\/wp\/v2\/media?parent=52109"}],"curies":[{"name":"wp","href":"https:\/\/api.w.org\/{rel}","templated":true}]}}