{"id":52143,"date":"2020-08-26T12:34:42","date_gmt":"2020-08-26T10:34:42","guid":{"rendered":"https:\/\/obera.fr\/meie-tooted\/toostuslikud-tolmukogumisseadmed\/statsionaarsed-tolmukogumisseadmed\/"},"modified":"2025-07-11T11:15:59","modified_gmt":"2025-07-11T09:15:59","slug":"fixes","status":"publish","type":"page","link":"https:\/\/obera.fr\/et\/produits\/depoussiereurs-industriels\/fixes\/","title":{"rendered":"Fikseeritud tolmukogumisseadmed"},"content":{"rendered":"\n<p>Meie <strong>fikseeritud tolmukogujad<\/strong> on v\u00f5imsad seadmed, mis v\u00f5imaldavad <strong>tolmustada teie t\u00f6\u00f6kodasid ja laohooneid<\/strong>, samuti fikseeritud t\u00f6\u00f6kohti otse v\u00e4ljat\u00f5mbevarre v\u00f5i -kuubi abil. Meie seadmed on v\u00f5imelised <strong>t\u00f6\u00f6tlema peentolmu ja laaste<\/strong>, samuti <strong>\u00f5litaolmu<\/strong>, <strong>suitsu<\/strong> ja <strong>l\u00f5hnu<\/strong> paljudes t\u00f6\u00f6stussektorites, sealhulgas metalli, plastide, puidu, mineraalide, tekstiili, kemikaalide ja paberi\/papi valdkonnas. <\/p>\n\n<blockquote class=\"wp-block-quote is-layout-flow wp-block-quote-is-layout-flow\">\n<p>Tolmu ja muid saasteaineid tuleb t\u00f6\u00f6delda, sest <strong>need kujutavad endast ohtu inimorganismile<\/strong>.<\/p>\n<\/blockquote>\n\n<p>Saastunud \u00f5hu sissehingamine v\u00f5ib p\u00f5hjustada haigusi, eriti kui <strong>saasteained on kantserogeensed<\/strong>, <strong>mutageensed<\/strong> v\u00f5i <strong>reproduktiivtoksilised<\/strong>. Saastunud \u00f5hu t\u00f6\u00f6tlemine on oluline t\u00f6\u00f6tajate ja tootmismeeskondade kaitsmiseks, aga ka toodetud toodete kvaliteedi tagamiseks ja loomulikult seaduste j\u00e4rgimiseks. <\/p>\n\n\n<h2 class=\"wp-block-heading\">Meie kompaktsed tsentraalsed kuivad tolmukogumisseadmed kottide v\u00f5i kassettidega v\u00f5i m\u00e4rgade tolmukogumisseadmete valik.<\/h2>\n\n<div class=\"wp-block-group is-layout-flow wp-block-group-is-layout-flow\">\n<div class=\"wp-block-columns is-layout-flex wp-container-core-columns-is-layout-28f84493 wp-block-columns-is-layout-flex\">\n<div class=\"wp-block-column is-vertically-aligned-top is-layout-flow wp-block-column-is-layout-flow\">\n<h3 class=\"wp-block-heading has-text-align-center\"><strong><a href=\"https:\/\/obera.fr\/et\/produits\/depoussiereurs-industriels\/fixes\/aspiration-centralisee-industrielle-dustmac\/\" data-type=\"URL\" data-id=\"https:\/\/obera.fr\/produits\/depoussiereurs-industriels\/fixes\/aspiration-centralisee-industrielle-dustmac\/\">DUSTMAC seeria<\/a><\/strong><\/h3>\n\n\n\n<figure class=\"wp-block-image aligncenter size-medium\"><a href=\"https:\/\/obera.fr\/produits\/depoussiereurs-industriels\/fixes\/aspiration-centralisee-industrielle-dustmac\/\"><img decoding=\"async\" width=\"300\" height=\"300\" src=\"https:\/\/obera.fr\/wp-content\/uploads\/2020\/08\/depoussiereur-centralise-filtres-a-manches-DUSTMAC-S-300x300.png\" alt=\"S&#xFC;steem - tootekujundus\" class=\"wp-image-637\" srcset=\"https:\/\/obera.fr\/wp-content\/uploads\/2020\/08\/depoussiereur-centralise-filtres-a-manches-DUSTMAC-S-300x300.png 300w, https:\/\/obera.fr\/wp-content\/uploads\/2020\/08\/depoussiereur-centralise-filtres-a-manches-DUSTMAC-S-150x150.png 150w, https:\/\/obera.fr\/wp-content\/uploads\/2020\/08\/depoussiereur-centralise-filtres-a-manches-DUSTMAC-S.png 600w\" sizes=\"(max-width: 300px) 100vw, 300px\" \/><\/a><\/figure>\n\n\n\n<p><strong>DUSTMAC S\u00e9ries<\/strong> on <a href=\"https:\/\/obera.fr\/et\/produits\/depoussiereurs-industriels\/fixes\/aspiration-centralisee-industrielle-dustmac\/\" data-type=\"page\" data-id=\"467\">tsentraalne tolmukogumisseade<\/a>, mida t\u00e4nu modulaarsele konstruktsioonile saab kasutada mitmesuguste rakenduste jaoks. <strong>Konfigureerimisv\u00f5imalused on praktiliselt piiramatud<\/strong>, mis v\u00f5imaldab teil seadet optimaalse t\u00f5hususe saavutamiseks t\u00e4ielikult kohandada vastavalt teie erin\u00f5uetele. Kassette puhastatakse automaatselt suru\u00f5hujuga (Jet-pulse).   <\/p>\n\n\n\n<p>See seade on saadaval 3 tootesarjas: DUSTMAC P, DUSTMAC S ja DUSTMAC F.<\/p>\n\n\n\n<p><strong>K\u00f5ik DUSTMACid <\/strong>on saadaval erinevates filtreerimisklassides M v\u00f5i H<strong> CMR \u00fchendite <\/strong>jaoks ning <strong>ATEX tolmuversioonina<\/strong>.<\/p>\n<\/div>\n\n\n\n<div class=\"wp-block-column is-vertically-aligned-top is-layout-flow wp-block-column-is-layout-flow\">\n<h3 class=\"wp-block-heading has-text-align-center\"><strong><a href=\"https:\/\/obera.fr\/et\/produits\/depoussiereurs-industriels\/fixes\/depoussiereur-a-voie-humide-dustomat-hydro\/\" data-type=\"page\" data-id=\"15983\">DUSTOMAT HYDRO<\/a><\/strong><\/h3>\n\n\n\n<figure class=\"wp-block-image aligncenter size-medium\"><a href=\"https:\/\/obera.fr\/produits\/depoussiereurs-industriels\/fixes\/depoussiereur-a-voie-humide-dustomat-hydro\/\"><img decoding=\"async\" width=\"300\" height=\"300\" src=\"https:\/\/obera.fr\/wp-content\/uploads\/2022\/11\/dustomat-hydro-1-300x300.png\" alt=\"dustomat hydro 1\" class=\"wp-image-15989\" srcset=\"https:\/\/obera.fr\/wp-content\/uploads\/2022\/11\/dustomat-hydro-1-300x300.png 300w, https:\/\/obera.fr\/wp-content\/uploads\/2022\/11\/dustomat-hydro-1-150x150.png 150w, https:\/\/obera.fr\/wp-content\/uploads\/2022\/11\/dustomat-hydro-1.png 600w\" sizes=\"(max-width: 300px) 100vw, 300px\" \/><\/a><\/figure>\n\n\n\n<p><strong>DUSTOMAT HYDRO<\/strong> on uus suure j\u00f5udlusega <a href=\"https:\/\/obera.fr\/et\/produits\/depoussiereurs-industriels\/fixes\/depoussiereur-a-voie-humide-dustomat-hydro\/\" data-type=\"page\" data-id=\"15983\">m\u00e4rgtolmukogujate<\/a> tootesari, mis on spetsiaalselt m\u00f5eldud tolmu eemaldamiseks \u00fchelt v\u00f5i mitmelt t\u00f6\u00f6kohalt, sealhulgas metallitolmu, s\u00e4demete ja kergesti s\u00fcttiva tolmu, eriti lihvimise, harjamise, poleerimise v\u00f5i keevitamise ajal.<\/p>\n\n\n\n<p>Uuenduslik vee eraldamise tehnoloogia v\u00f5imaldab tolmu ja s\u00e4demete ohutut eemaldamist.  <\/p>\n\n\n\n<p>Separaatorid t\u00f6\u00f6tavad <strong>vaikselt <\/strong>ja on saadaval kahel v\u00f5imsustasemel ning <strong>ATEX-versioonis<\/strong>. T\u00e4nu oma tehnoloogiale t\u00f6\u00f6tavad uued separaatorid t\u00e4isv\u00f5imsusel ja v\u00e4hese energiatarbimisega. <\/p>\n<\/div>\n<\/div>\n<\/div>\n\n<div class=\"wp-block-group is-layout-flow wp-block-group-is-layout-flow\">\n<div class=\"wp-block-columns is-layout-flex wp-container-core-columns-is-layout-28f84493 wp-block-columns-is-layout-flex\">\n<div class=\"wp-block-column is-layout-flow wp-block-column-is-layout-flow\">\n<h3 class=\"wp-block-heading has-text-align-center\"><a href=\"https:\/\/obera.fr\/et\/produits\/depoussiereurs-industriels\/fixes\/depoussiereur-a-sec-estmac\/\" data-type=\"URL\" data-id=\"https:\/\/obera.fr\/produits\/depoussiereurs-industriels\/fixes\/depoussiereur-a-sec-estmac\/\">ESTMAC<\/a><\/h3>\n\n\n\n<figure class=\"wp-block-image aligncenter size-medium\"><a href=\"https:\/\/obera.fr\/produits\/depoussiereurs-industriels\/fixes\/depoussiereur-a-sec-estmac\/\"><img decoding=\"async\" width=\"300\" height=\"264\" src=\"https:\/\/obera.fr\/wp-content\/uploads\/2021\/02\/Depoussiereur-fixe-ESTMAC-300x264.png\" alt=\"Estmaci fikseeritud tolmukogumisseadmed\" class=\"wp-image-4475\" srcset=\"https:\/\/obera.fr\/wp-content\/uploads\/2021\/02\/Depoussiereur-fixe-ESTMAC-300x264.png 300w, https:\/\/obera.fr\/wp-content\/uploads\/2021\/02\/Depoussiereur-fixe-ESTMAC.png 480w\" sizes=\"(max-width: 300px) 100vw, 300px\" \/><\/a><\/figure>\n\n\n\n<p><strong>ESTMAC <\/strong>on fikseeritud, kuid <strong>kompaktne<\/strong> <a href=\"https:\/\/obera.fr\/et\/produits\/depoussiereurs-industriels\/fixes\/depoussiereur-a-sec-estmac\/\">kuivtolmukoguja<\/a>, mist\u00f5ttu seda on suhteliselt <strong>lihtne liigutada<\/strong>. See t\u00e4hendab, et seda saab kohandada mitmesuguste rakenduste jaoks.   <\/p>\n\n\n\n<p>See masin sobib ideaalselt metalli- ja <strong>plasttolmu ja -laastude<\/strong>, samuti mineraaltolmu ja komposiitmaterjalide tolmu imemiseks.  <\/p>\n\n\n\n<p>ESTMAC on saadaval 2 tugevusega:  <\/p>\n\n\n\n<p><strong>ESTMAC 1500<\/strong> \u00f5huvooluga 1500 m3\/h negatiivse r\u00f5hu 2040 Pa juures ja<strong> ESTMAC 1800<\/strong> \u00f5huvooluga 1800 m3\/h negatiivse r\u00f5hu 2650 Pa juures.<\/p>\n<\/div>\n<\/div>\n\n\n\n<div class=\"wp-block-columns is-layout-flex wp-container-core-columns-is-layout-28f84493 wp-block-columns-is-layout-flex\">\n<div class=\"wp-block-column is-layout-flow wp-block-column-is-layout-flow\"><\/div>\n<\/div>\n<\/div>\n\n<h2 class=\"wp-block-heading\"><strong>Kuidas valida \u00f5ige tolmukogumiss\u00fcsteem?<\/strong><\/h2>\n\n<p>V\u00e4ga oluline on <strong>valida \u00f5ige tolmukogumisseade<\/strong>, sest vastasel juhul v\u00f5ib seade kiiresti kuluda ja l\u00f5petada t\u00f6\u00f6. See s\u00f5ltub saasteainest, selle suurusest, olekust (tahke v\u00f5i gaasiline) ja kogusest. See v\u00f5imaldab teil valida, millist t\u00fc\u00fcpi filter peaks <a href=\"https:\/\/obera.fr\/et\/produits\/depoussiereurs-industriels\/\" data-type=\"page\" data-id=\"31\">tolmukoguril<\/a> olema. Teiseks peate v\u00e4lja selgitama seadme v\u00f5imsuse ehk teisis\u00f5nu selle vooluhulga. Seadme voolukiirus s\u00f5ltub imendatava materjali kogusest, kogumiskohas tagatavatest kiirustest ja transpordikiirustest, mis tuleb tagada torustikus tolmuimejate olemasolevatesse sisselaskeavadesse.    <\/p>\n\n<p>J\u00e4rgmine samm on otsustada, milliseid lisaseadmeid masinale paigaldada: tootmismasinaga \u00fchendatav kanal, kogumisseade, seljatugi v\u00f5i isegi t\u00f6\u00f6jaama <a href=\"https:\/\/obera.fr\/et\/produits\/bras-dispositifs-captation\/capot-industriel\/\">imemisvarras<\/a>.<\/p>\n\n<blockquote class=\"wp-block-quote is-layout-flow wp-block-quote-is-layout-flow\">\n<p>K\u00f5ige parem on <strong>k\u00fcsida meie ekspertidelt<\/strong>, kes saavad teid projektide puhul aidata ja pakkuda teile teie konkreetsetele vajadustele kohandatud toodet.<\/p>\n<\/blockquote>\n\n<div class=\"wp-block-buttons is-horizontal is-content-justification-center is-layout-flex wp-container-core-buttons-is-layout-03627597 wp-block-buttons-is-layout-flex\">\n<div class=\"wp-block-button has-custom-width wp-block-button__width-100\"><a class=\"wp-block-button__link wp-element-button\" href=\"https:\/\/obera.fr\/et\/votke-meiega-uhendust\/\">Lisateavet<\/a><\/div>\n<\/div>\n\n<hr class=\"wp-block-separator has-css-opacity\"\/>\n\n<div class=\"wp-block-group is-layout-flow wp-block-group-is-layout-flow\">\n<h2 class=\"wp-block-heading\">Muud oberA t\u00f6\u00f6stuslikud tolmukogumisseadmed<\/h2>\n\n\n\n<div class=\"wp-block-columns is-layout-flex wp-container-core-columns-is-layout-28f84493 wp-block-columns-is-layout-flex\">\n<div class=\"wp-block-column is-layout-flow wp-block-column-is-layout-flow\">\n<div class=\"wp-block-buttons is-horizontal is-content-justification-center is-layout-flex wp-container-core-buttons-is-layout-03627597 wp-block-buttons-is-layout-flex\">\n<div class=\"wp-block-button\"><a class=\"wp-block-button__link wp-element-button\" href=\"https:\/\/obera.fr\/produits\/depoussiereurs-industriels\/mobiles\/\">Mobiilsed tolmukogumisseadmed<\/a><\/div>\n<\/div>\n<\/div>\n\n\n\n<div class=\"wp-block-column is-layout-flow wp-block-column-is-layout-flow\">\n<div class=\"wp-block-buttons is-horizontal is-content-justification-center is-layout-flex wp-container-core-buttons-is-layout-03627597 wp-block-buttons-is-layout-flex\">\n<div class=\"wp-block-button\"><a class=\"wp-block-button__link wp-element-button\" href=\"https:\/\/obera.fr\/produits\/depoussiereurs-industriels\/petits\/\">V\u00e4ikesed tolmukogumisseadmed<\/a><\/div>\n<\/div>\n<\/div>\n<\/div>\n<\/div>\n","protected":false},"excerpt":{"rendered":"<p>Meie fikseeritud tolmukogujad on v\u00f5imsad seadmed, mis v\u00f5imaldavad tolmustada teie t\u00f6\u00f6kodasid ja laohooneid, samuti fikseeritud t\u00f6\u00f6kohti otse v\u00e4ljat\u00f5mbevarre v\u00f5i -kuubi abil. Meie seadmed on v\u00f5imelised t\u00f6\u00f6tlema peentolmu ja laaste, samuti \u00f5litaolmu, suitsu ja l\u00f5hnu paljudes t\u00f6\u00f6stussektorites, sealhulgas metalli, plastide, puidu, mineraalide, tekstiili, kemikaalide ja paberi\/papi valdkonnas. Tolmu ja muid saasteaineid tuleb t\u00f6\u00f6delda, sest need kujutavad endast ohtu inimorganismile. Saastunud \u00f5hu sissehingamine v\u00f5ib p\u00f5hjustada haigusi, eriti kui saasteained on kantserogeensed, mutageensed v\u00f5i reproduktiivtoksilised. Saastunud \u00f5hu t\u00f6\u00f6tlemine on oluline t\u00f6\u00f6tajate ja tootmismeeskondade kaitsmiseks, aga ka toodetud toodete kvaliteedi tagamiseks ja loomulikult seaduste j\u00e4rgimiseks. Meie kompaktsed tsentraalsed kuivad tolmukogumisseadmed kottide v\u00f5i kassettidega v\u00f5i &#8230; <\/p>\n<p class=\"read-more-container\"><a title=\"Fikseeritud tolmukogumisseadmed\" class=\"read-more button\" href=\"https:\/\/obera.fr\/et\/produits\/depoussiereurs-industriels\/fixes\/#more-52143\" aria-label=\"Read more about Fikseeritud tolmukogumisseadmed\">Lire la suite<\/a><\/p>\n","protected":false},"author":4,"featured_media":103617,"parent":52069,"menu_order":0,"comment_status":"closed","ping_status":"closed","template":"","meta":{"_acf_changed":false,"_seopress_robots_primary_cat":"","_seopress_titles_title":"M\u00e4rg\/kuiv fikseeritud tolmukogujad, kotid\/kassetid","_seopress_titles_desc":"Tolmuta oma t\u00f6\u00f6kodasid ja laohooneid ning t\u00f6\u00f6kohti otse k\u00e4e v\u00f5i v\u00e4ljat\u00f5mbekapoti kaudu meie fikseeritud tolmukogumisseadmetega.","_seopress_robots_index":"","footnotes":""},"class_list":{"0":"post-52143","1":"page","2":"type-page","3":"status-publish","4":"has-post-thumbnail","6":"no-featured-image-padding","7":"resize-featured-image"},"acf":[],"_links":{"self":[{"href":"https:\/\/obera.fr\/et\/wp-json\/wp\/v2\/pages\/52143","targetHints":{"allow":["GET"]}}],"collection":[{"href":"https:\/\/obera.fr\/et\/wp-json\/wp\/v2\/pages"}],"about":[{"href":"https:\/\/obera.fr\/et\/wp-json\/wp\/v2\/types\/page"}],"author":[{"embeddable":true,"href":"https:\/\/obera.fr\/et\/wp-json\/wp\/v2\/users\/4"}],"replies":[{"embeddable":true,"href":"https:\/\/obera.fr\/et\/wp-json\/wp\/v2\/comments?post=52143"}],"version-history":[{"count":7,"href":"https:\/\/obera.fr\/et\/wp-json\/wp\/v2\/pages\/52143\/revisions"}],"predecessor-version":[{"id":121537,"href":"https:\/\/obera.fr\/et\/wp-json\/wp\/v2\/pages\/52143\/revisions\/121537"}],"up":[{"embeddable":true,"href":"https:\/\/obera.fr\/et\/wp-json\/wp\/v2\/pages\/52069"}],"wp:featuredmedia":[{"embeddable":true,"href":"https:\/\/obera.fr\/et\/wp-json\/wp\/v2\/media\/103617"}],"wp:attachment":[{"href":"https:\/\/obera.fr\/et\/wp-json\/wp\/v2\/media?parent=52143"}],"curies":[{"name":"wp","href":"https:\/\/api.w.org\/{rel}","templated":true}]}}