{"id":52178,"date":"2020-05-01T17:19:45","date_gmt":"2020-05-01T15:19:45","guid":{"rendered":"https:\/\/obera.fr\/meie-tooted\/ohuanalusaatorid\/"},"modified":"2025-04-22T09:40:04","modified_gmt":"2025-04-22T07:40:04","slug":"analyseurs-air","status":"publish","type":"page","link":"https:\/\/obera.fr\/et\/produits\/analyseurs-air\/","title":{"rendered":"\u00d5huanal\u00fcsaatorid"},"content":{"rendered":"\n<p>OberA tootevalikus on 5 \u00f5huanal\u00fcsaatorit. Nende seadmete eesm\u00e4rk on teha kindlaks teie t\u00f6\u00f6kohas esinevad erinevad \u00f5huparameetrid. <\/p>\n\n\n<h2 class=\"wp-block-heading\" id=\"les-produits-de-la-gamme-obera\">OberA tootesarja tooted<\/h2>\n\n<div class=\"wp-block-columns is-layout-flex wp-container-core-columns-is-layout-28f84493 wp-block-columns-is-layout-flex\">\n<div class=\"wp-block-column is-layout-flow wp-block-column-is-layout-flow\">\n<h3 class=\"wp-block-heading has-text-align-center\" id=\"obcare\"><a href=\"https:\/\/obera.fr\/et\/produits\/analyseurs-air\/obcare-co2-andur\/\">OBCARE<\/a><\/h3>\n\n\n\n<figure class=\"wp-block-image aligncenter size-medium is-resized\"><a href=\"https:\/\/obera.fr\/produits\/analyseurs-air\/capteur-co2-obcare\/\"><img decoding=\"async\" width=\"300\" height=\"212\" src=\"https:\/\/obera.fr\/wp-content\/uploads\/2021\/09\/Capteur_CO2_OBCARE-2-300x212.png\" alt=\"obcare co2 sensor\" class=\"wp-image-6918\" style=\"aspect-ratio:1.4180327868852458;width:216px;height:auto\" srcset=\"https:\/\/obera.fr\/wp-content\/uploads\/2021\/09\/Capteur_CO2_OBCARE-2-300x212.png 300w, https:\/\/obera.fr\/wp-content\/uploads\/2021\/09\/Capteur_CO2_OBCARE-2-768x542.png 768w, https:\/\/obera.fr\/wp-content\/uploads\/2021\/09\/Capteur_CO2_OBCARE-2.png 921w\" sizes=\"(max-width: 300px) 100vw, 300px\" \/><\/a><\/figure>\n\n\n\n<p><\/p>\n\n\n\n<p><a href=\"https:\/\/obera.fr\/et\/produits\/analyseurs-air\/obcare-co2-andur\/\" data-type=\"page\" data-id=\"6812\"><strong>OBCARE <\/strong>on puhas C02-andur<\/a>. Kasutades NDIR-tehnoloogiat (mittedispersiivsed infrapunaandurid) koos automaatse kalibreerimisega, on selle eesm\u00e4rk n\u00e4idata kontsentratsiooni ppm-ides t\u00e4pselt ja reaalajas (t\u00e4psus \u00b1 60 ppm). <\/p>\n<\/div>\n\n\n\n<div class=\"wp-block-column is-layout-flow wp-block-column-is-layout-flow\">\n<h3 class=\"wp-block-heading has-text-align-center\" id=\"compteur-de-particules\"><a href=\"https:\/\/obera.fr\/et\/produits\/analyseurs-air\/osakeste-loendur\/\">Osakeste loendur<\/a><\/h3>\n\n\n\n<figure class=\"wp-block-image aligncenter size-thumbnail\"><a href=\"https:\/\/obera.fr\/produits\/analyseurs-air\/compteur-particules\/\"><img decoding=\"async\" width=\"150\" height=\"150\" src=\"https:\/\/obera.fr\/wp-content\/uploads\/2020\/08\/compteur-de-particules-150x150.png\" alt=\"Tahkete osakeste m&#xF5;&#xF5;tja\" class=\"wp-image-714\" srcset=\"https:\/\/obera.fr\/wp-content\/uploads\/2020\/08\/compteur-de-particules-150x150.png 150w, https:\/\/obera.fr\/wp-content\/uploads\/2020\/08\/compteur-de-particules-300x300.png 300w, https:\/\/obera.fr\/wp-content\/uploads\/2020\/08\/compteur-de-particules.png 433w\" sizes=\"(max-width: 150px) 100vw, 150px\" \/><\/a><\/figure>\n\n\n\n<p><a href=\"https:\/\/obera.fr\/et\/produits\/analyseurs-air\/osakeste-loendur\/\" data-type=\"page\" data-id=\"539\">OberA osakeste loendur<\/a> on v\u00f5imeline m\u00f5\u00f5tma tolmuosakesi PM0,3 kuni PM10 (osakesed 0,3um kuni 10um). J\u00e4lgib temperatuuri 0\u00b0C kuni 50\u00b0C ja suhtelist \u00f5huniiskust. <\/p>\n<\/div>\n<\/div>\n\n<div style=\"height:30px\" aria-hidden=\"true\" class=\"wp-block-spacer\"><\/div>\n\n<div class=\"wp-block-buttons is-horizontal is-content-justification-center is-layout-flex wp-container-core-buttons-is-layout-03627597 wp-block-buttons-is-layout-flex\">\n<div class=\"wp-block-button has-custom-width wp-block-button__width-100\"><a class=\"wp-block-button__link wp-element-button\" href=\"https:\/\/obera.fr\/et\/votke-meiega-uhendust\/\">Lisateavet<\/a><\/div>\n<\/div>\n\n<p><\/p>\n\n<h2 class=\"wp-block-heading\" id=\"pourquoi-mesurer-la-qualite-de-mon-air\">Miks m\u00f5\u00f5ta minu \u00f5hu kvaliteeti?<\/h2>\n\n<p>\u00d5hk on inimese jaoks oluline element ning tervisliku \u00f5hu sissehingamine on t\u00f6\u00f6tajate tervise ja heaolu jaoks h\u00e4davajalik. Selleks tuleb anal\u00fc\u00fcsida t\u00f6\u00f6tajate poolt hingatavat \u00f5hku ja otsustada, kas teie t\u00f6\u00f6kohta tasub varustada \u00f5hupuhastuss\u00fcsteemiga. <\/p>\n\n<p>See \u00f5huanal\u00fc\u00fcs n\u00e4itab ka teie t\u00f6\u00f6kohas esinevate saasteainete t\u00fc\u00fcpi ja nende kontsentratsioonitaset, mis on kasulik teie \u00f5huk\u00e4itluss\u00fcsteemi filtreerimiss\u00fcsteemi valimisel.<\/p>\n","protected":false},"excerpt":{"rendered":"<p>OberA tootevalikus on 5 \u00f5huanal\u00fcsaatorit. Nende seadmete eesm\u00e4rk on teha kindlaks teie t\u00f6\u00f6kohas esinevad erinevad \u00f5huparameetrid. OberA tootesarja tooted OBCARE OBCARE on puhas C02-andur. Kasutades NDIR-tehnoloogiat (mittedispersiivsed infrapunaandurid) koos automaatse kalibreerimisega, on selle eesm\u00e4rk n\u00e4idata kontsentratsiooni ppm-ides t\u00e4pselt ja reaalajas (t\u00e4psus \u00b1 60 ppm). Osakeste loendur OberA osakeste loendur on v\u00f5imeline m\u00f5\u00f5tma tolmuosakesi PM0,3 kuni PM10 (osakesed 0,3um kuni 10um). J\u00e4lgib temperatuuri 0\u00b0C kuni 50\u00b0C ja suhtelist \u00f5huniiskust. Miks m\u00f5\u00f5ta minu \u00f5hu kvaliteeti? \u00d5hk on inimese jaoks oluline element ning tervisliku \u00f5hu sissehingamine on t\u00f6\u00f6tajate tervise ja heaolu jaoks h\u00e4davajalik. Selleks tuleb anal\u00fc\u00fcsida t\u00f6\u00f6tajate poolt hingatavat \u00f5hku ja otsustada, kas &#8230; <\/p>\n<p class=\"read-more-container\"><a title=\"\u00d5huanal\u00fcsaatorid\" class=\"read-more button\" href=\"https:\/\/obera.fr\/et\/produits\/analyseurs-air\/#more-52178\" aria-label=\"Read more about \u00d5huanal\u00fcsaatorid\">Lire la suite<\/a><\/p>\n","protected":false},"author":4,"featured_media":83738,"parent":51915,"menu_order":7,"comment_status":"closed","ping_status":"closed","template":"","meta":{"_acf_changed":false,"_seopress_robots_primary_cat":"","_seopress_titles_title":"Retrouvez tous nos analyseurs d\u2019air de la gamme oberA","_seopress_titles_desc":"OberA dispose d\u2019une gamme de 5 analyseurs d\u2019air. Ces appareils ont pour but de r\u00e9v\u00e9ler les diff\u00e9rents param\u00e8tres de l\u2019air pr\u00e9sent sur votre lieu de travail.","_seopress_robots_index":"","footnotes":""},"class_list":{"0":"post-52178","1":"page","2":"type-page","3":"status-publish","4":"has-post-thumbnail","6":"no-featured-image-padding","7":"resize-featured-image"},"acf":[],"_links":{"self":[{"href":"https:\/\/obera.fr\/et\/wp-json\/wp\/v2\/pages\/52178","targetHints":{"allow":["GET"]}}],"collection":[{"href":"https:\/\/obera.fr\/et\/wp-json\/wp\/v2\/pages"}],"about":[{"href":"https:\/\/obera.fr\/et\/wp-json\/wp\/v2\/types\/page"}],"author":[{"embeddable":true,"href":"https:\/\/obera.fr\/et\/wp-json\/wp\/v2\/users\/4"}],"replies":[{"embeddable":true,"href":"https:\/\/obera.fr\/et\/wp-json\/wp\/v2\/comments?post=52178"}],"version-history":[{"count":3,"href":"https:\/\/obera.fr\/et\/wp-json\/wp\/v2\/pages\/52178\/revisions"}],"predecessor-version":[{"id":63194,"href":"https:\/\/obera.fr\/et\/wp-json\/wp\/v2\/pages\/52178\/revisions\/63194"}],"up":[{"embeddable":true,"href":"https:\/\/obera.fr\/et\/wp-json\/wp\/v2\/pages\/51915"}],"wp:featuredmedia":[{"embeddable":true,"href":"https:\/\/obera.fr\/et\/wp-json\/wp\/v2\/media\/83738"}],"wp:attachment":[{"href":"https:\/\/obera.fr\/et\/wp-json\/wp\/v2\/media?parent=52178"}],"curies":[{"name":"wp","href":"https:\/\/api.w.org\/{rel}","templated":true}]}}