{"id":52180,"date":"2020-08-26T12:33:11","date_gmt":"2020-08-26T10:33:11","guid":{"rendered":"https:\/\/obera.fr\/meie-tooted\/oliudu-filtrid\/"},"modified":"2025-04-22T09:43:17","modified_gmt":"2025-04-22T07:43:17","slug":"filtres-brouillard-huile","status":"publish","type":"page","link":"https:\/\/obera.fr\/et\/produits\/filtres-brouillard-huile\/","title":{"rendered":"\u00d5liudu filtrid"},"content":{"rendered":"\n<p>Suure j\u00f5udlusega <strong>\u00f5liudufilter<\/strong>, mis \u00fchendatakse otse tootmismasinaga.<\/p>\n\n<h2 class=\"wp-block-heading\" id=\"notre-gamme-de-filtres-a-brouillard-d-huile\">Meie \u00f5liudufiltrite valik<\/h2>\n\n<div class=\"wp-block-columns is-layout-flex wp-container-core-columns-is-layout-28f84493 wp-block-columns-is-layout-flex\">\n<div class=\"wp-block-column is-vertically-aligned-top is-layout-flow wp-block-column-is-layout-flow\">\n<h3 class=\"wp-block-heading has-text-align-center\" id=\"oilmac\"><a href=\"https:\/\/obera.fr\/et\/produits\/filtres-brouillard-huile\/oilmac\/\">Oilmac<\/a><\/h3>\n\n\n\n<figure class=\"wp-block-image aligncenter size-medium\"><a href=\"https:\/\/obera.fr\/produits\/filtres-brouillard-huile\/oilmac\/\"><img decoding=\"async\" width=\"300\" height=\"300\" src=\"https:\/\/obera.fr\/wp-content\/uploads\/2020\/08\/filtre-compact-OILMAC-300x300.png\" alt=\"Oilmac Compact Filter\" class=\"wp-image-641\" srcset=\"https:\/\/obera.fr\/wp-content\/uploads\/2020\/08\/filtre-compact-OILMAC-300x300.png 300w, https:\/\/obera.fr\/wp-content\/uploads\/2020\/08\/filtre-compact-OILMAC-150x150.png 150w, https:\/\/obera.fr\/wp-content\/uploads\/2020\/08\/filtre-compact-OILMAC.png 600w\" sizes=\"(max-width: 300px) 100vw, 300px\" \/><\/a><\/figure>\n\n\n\n<p><strong>OILMAC <\/strong>on <a href=\"https:\/\/obera.fr\/et\/produits\/filtres-brouillard-huile\/oilmac\/\" data-type=\"page\" data-id=\"585\">kompaktne ja v\u00f5imas filter<\/a>, mis on v\u00f5imeline t\u00f6\u00f6tlema \u00f5li- ja emulsioonisudu, suitsu ja aerosoole. Seade paigaldatakse tavaliselt otse tootmismasinale ja \u00fchendatakse paindliku kanali kaudu.   <\/p>\n\n\n\n<p>T\u00e4nu neljaastmelisele \u00fclit\u00f5husale filtreerimiss\u00fcsteemile, sealhulgas HEPA 13 terminalfiltrile, filtreeritakse osakesed 99,95% ulatuses ja \u00f5hu saab otse t\u00f6\u00f6ruumi tagasi juhtida. Hooldus v\u00e4heneb, sest filtreid saab vahetada ilma t\u00f6\u00f6riistadeta. <\/p>\n<\/div>\n\n\n\n<div class=\"wp-block-column is-vertically-aligned-top is-layout-flow wp-block-column-is-layout-flow\">\n<h3 class=\"wp-block-heading has-text-align-center\" id=\"afs\"><a href=\"https:\/\/obera.fr\/et\/produits\/filtres-brouillard-huile\/afs\/\">AFS<\/a><\/h3>\n\n\n\n<figure class=\"wp-block-image aligncenter size-medium\"><a href=\"https:\/\/obera.fr\/produits\/filtres-brouillard-huile\/afs\/\"><img decoding=\"async\" width=\"300\" height=\"300\" src=\"https:\/\/obera.fr\/wp-content\/uploads\/2020\/08\/AFS-installation-centralisee-brouillards-huiles-300x300.png\" alt=\"Afs paigaldus Centralisee Brouillards Huiles\" class=\"wp-image-643\" srcset=\"https:\/\/obera.fr\/wp-content\/uploads\/2020\/08\/AFS-installation-centralisee-brouillards-huiles-300x300.png 300w, https:\/\/obera.fr\/wp-content\/uploads\/2020\/08\/AFS-installation-centralisee-brouillards-huiles-150x150.png 150w, https:\/\/obera.fr\/wp-content\/uploads\/2020\/08\/AFS-installation-centralisee-brouillards-huiles.png 433w\" sizes=\"(max-width: 300px) 100vw, 300px\" \/><\/a><\/figure>\n\n\n\n<p><strong>AFS<\/strong> on <a href=\"https:\/\/obera.fr\/et\/produits\/filtres-brouillard-huile\/afs\/\" data-type=\"page\" data-id=\"590\">tsentraliseeritud paigaldus \u00f5li- ja emulsioonisumudele, aurudele ja aerosoolidele<\/a>. See on kohandatud lahendus teie t\u00f6\u00f6tlemiskeskustele otseinstallatsiooniks. Sellel seadmel on 5 filtreerimisastet, sealhulgas absoluutne HEPA 13 t\u00fc\u00fcpi l\u00f5ppfilter, mis tagab 99,95% osakeste filtreerimise t\u00f5hususe.    <\/p>\n\n\n\n<p>V\u00f5imalikud on erinevad konfiguratsioonid: filtreeritud \u00f5hu ringlussev\u00f5tt ja taaskasutamine hoones v\u00f5i filtreeritud \u00f5hu evakueerimine ja v\u00e4rske \u00f5hu juhtimine koos soojuse taaskasutamisega soojusvaheti kaudu. M\u00f5lemad konfiguratsioonid kasutavad maksimaalselt \u00e4ra v\u00e4ljat\u00f5mmatud \u00f5huvoogudes sisalduvat soojust. <\/p>\n\n\n\n<p><\/p>\n<\/div>\n<\/div>\n\n<div class=\"wp-block-buttons is-horizontal is-content-justification-center is-layout-flex wp-container-core-buttons-is-layout-03627597 wp-block-buttons-is-layout-flex\">\n<div class=\"wp-block-button has-custom-width wp-block-button__width-100\"><a class=\"wp-block-button__link wp-element-button\" href=\"https:\/\/obera.fr\/et\/votke-meiega-uhendust\/\">Lisateavet<\/a><\/div>\n<\/div>\n","protected":false},"excerpt":{"rendered":"<p>Suure j\u00f5udlusega \u00f5liudufilter, mis \u00fchendatakse otse tootmismasinaga. Meie \u00f5liudufiltrite valik Oilmac OILMAC on kompaktne ja v\u00f5imas filter, mis on v\u00f5imeline t\u00f6\u00f6tlema \u00f5li- ja emulsioonisudu, suitsu ja aerosoole. Seade paigaldatakse tavaliselt otse tootmismasinale ja \u00fchendatakse paindliku kanali kaudu. T\u00e4nu neljaastmelisele \u00fclit\u00f5husale filtreerimiss\u00fcsteemile, sealhulgas HEPA 13 terminalfiltrile, filtreeritakse osakesed 99,95% ulatuses ja \u00f5hu saab otse t\u00f6\u00f6ruumi tagasi juhtida. Hooldus v\u00e4heneb, sest filtreid saab vahetada ilma t\u00f6\u00f6riistadeta. AFS AFS on tsentraliseeritud paigaldus \u00f5li- ja emulsioonisumudele, aurudele ja aerosoolidele. See on kohandatud lahendus teie t\u00f6\u00f6tlemiskeskustele otseinstallatsiooniks. Sellel seadmel on 5 filtreerimisastet, sealhulgas absoluutne HEPA 13 t\u00fc\u00fcpi l\u00f5ppfilter, mis tagab 99,95% osakeste filtreerimise t\u00f5hususe. V\u00f5imalikud &#8230; <\/p>\n<p class=\"read-more-container\"><a title=\"\u00d5liudu filtrid\" class=\"read-more button\" href=\"https:\/\/obera.fr\/et\/produits\/filtres-brouillard-huile\/#more-52180\" aria-label=\"Read more about \u00d5liudu filtrid\">Lire la suite<\/a><\/p>\n","protected":false},"author":4,"featured_media":83738,"parent":51915,"menu_order":10,"comment_status":"closed","ping_status":"closed","template":"","meta":{"_acf_changed":false,"_seopress_robots_primary_cat":"","_seopress_titles_title":"T\u00f6\u00f6stuslikud \u00f5liudu filtrid - oberA","_seopress_titles_desc":"Avastage meie suure j\u00f5udlusega \u00f5liudufiltrite valik, mis \u00fchendatakse otse tootmisseadmega, OILMAC ja AFS.","_seopress_robots_index":"","footnotes":""},"class_list":{"0":"post-52180","1":"page","2":"type-page","3":"status-publish","4":"has-post-thumbnail","6":"no-featured-image-padding","7":"resize-featured-image"},"acf":[],"_links":{"self":[{"href":"https:\/\/obera.fr\/et\/wp-json\/wp\/v2\/pages\/52180","targetHints":{"allow":["GET"]}}],"collection":[{"href":"https:\/\/obera.fr\/et\/wp-json\/wp\/v2\/pages"}],"about":[{"href":"https:\/\/obera.fr\/et\/wp-json\/wp\/v2\/types\/page"}],"author":[{"embeddable":true,"href":"https:\/\/obera.fr\/et\/wp-json\/wp\/v2\/users\/4"}],"replies":[{"embeddable":true,"href":"https:\/\/obera.fr\/et\/wp-json\/wp\/v2\/comments?post=52180"}],"version-history":[{"count":3,"href":"https:\/\/obera.fr\/et\/wp-json\/wp\/v2\/pages\/52180\/revisions"}],"predecessor-version":[{"id":83984,"href":"https:\/\/obera.fr\/et\/wp-json\/wp\/v2\/pages\/52180\/revisions\/83984"}],"up":[{"embeddable":true,"href":"https:\/\/obera.fr\/et\/wp-json\/wp\/v2\/pages\/51915"}],"wp:featuredmedia":[{"embeddable":true,"href":"https:\/\/obera.fr\/et\/wp-json\/wp\/v2\/media\/83738"}],"wp:attachment":[{"href":"https:\/\/obera.fr\/et\/wp-json\/wp\/v2\/media?parent=52180"}],"curies":[{"name":"wp","href":"https:\/\/api.w.org\/{rel}","templated":true}]}}