{"id":67191,"date":"2020-05-01T17:28:48","date_gmt":"2020-05-01T15:28:48","guid":{"rendered":"https:\/\/obera.fr\/mentions-legales\/"},"modified":"2025-04-11T10:40:11","modified_gmt":"2025-04-11T08:40:11","slug":"mentions-legales","status":"publish","type":"page","link":"https:\/\/obera.fr\/et\/mentions-legales\/","title":{"rendered":"\u00d5iguslik teave"},"content":{"rendered":"\n<h2 class=\"wp-block-heading\" id=\"l-annonceur\">Reklaamija<\/h2>\n\n<p>K\u00e4esolevat veebisaiti avaldab ja edastab oberA, mille kapital on 20 000 eurot ja mille registrij\u00e4rgne asukoht on 4 Rue Denis Papin 67400 Illkirch-Graffenstaden, SIRET-number 832 913 487 00027, NAF-kood 4674B.<\/p>\n\n<p>Saidi eesm\u00e4rk on pakkuda teile teavet reklaamija kohta ja linke erinevatele veebisaitidele. Sait on reklaamija omandis. <\/p>\n\n<p>Seda veebilehte haldab: o2switch SAS, mille kapital on 100 000 eurot, aadress: Chemin des Pardiaux, 63000 Clermont-Ferrand, SIRET: 510 909 807 00032 RCS Clermont Ferrand.<\/p>\n\n<h2 class=\"wp-block-heading\" id=\"respect-des-droits-de-propriete-et-marques\">Omandi\u00f5iguste ja kaubam\u00e4rkide austamine<\/h2>\n\n<p>K\u00f5ik elemendid, mida saidil n\u00e4ete, kuulete v\u00f5i loete, samuti sait ise on kaitstud autori\u00f5iguse seadusega. Te ei tohi mingil juhul kasutada, levitada, kopeerida, reprodutseerida, muuta, muuta v\u00f5i edastada veebilehte v\u00f5i selle elemente, n\u00e4iteks p1-tekste, pilte v\u00f5i helisid, ilma reklaamija eelneva kirjaliku loata. Veebisaidil esinevad kaubam\u00e4rgid ja logod on reklaamija omandis v\u00f5i nende kasutamiseks on antud luba. \u00dckski \u00f5igus v\u00f5i litsents ei tohi olla antud \u00fchelegi neist elementidest ilma reklaamija v\u00f5i kolmanda osapoole kirjaliku loata, kes omab \u00f5igusi saidil esinevale kaubam\u00e4rgile v\u00f5i logole. Fondation Pierre Berg\u00e9 &#8211; Yves Saint Laurent j\u00e4tab endale \u00f5iguse v\u00f5tta \u00f5iguslikke meetmeid oma intellektuaalomandi \u00f5iguste rikkumise vastu, sealhulgas kriminaalmenetlust.    <\/p>\n\n<h2 class=\"wp-block-heading\" id=\"respect-des-images\">Lugupidamine piltide vastu<\/h2>\n\n<p>Veebisaidil esinevad inimeste v\u00f5i kohtade pildid v\u00f5i fotod on reklaamija omand ja\/v\u00f5i neid kasutab reklaamija kokkuleppel \u00f5iguste omanikega. Nende piltide v\u00f5i fotode kasutamine on keelatud ilma reklaamija konkreetse ja selges\u00f5nalise loata. Igasugune loata kasutamine v\u00f5ib kaasa tuua autori\u00f5iguse, pildi\u00f5iguste, isiklike \u00f5iguste v\u00f5i muude kommunikatsiooni v\u00f5i reklaami suhtes kohaldatavate eeskirjade rikkumise.  <\/p>\n\n<h3 class=\"wp-block-heading\">Krediit<\/h3>\n\n<ul class=\"wp-block-list\">\n<li>Kodulehe kujundus <a href=\"https:\/\/pleaseagency.com\/\" data-type=\"link\" data-id=\"https:\/\/pleaseagency.com\/\">PLEASE CREATIVE AGENCY <\/a> poolt  <\/li>\n<\/ul>\n\n<h2 class=\"wp-block-heading\" id=\"mise-en-garde-generale\">\u00dcldine hoiatus<\/h2>\n\n<p>Fondation Pierre Berg\u00e9 &#8211; Yves Saint Laurent ei vastuta mis tahes kahju eest, mis v\u00f5ib tekkida veebilehe k\u00fclastamise v\u00f5i kasutamise tagaj\u00e4rjel, sealhulgas mis tahes kahjustuste v\u00f5i viiruste eest, mis v\u00f5ivad nakatada teie arvutiseadmeid v\u00f5i muud vara. Kuigi Fondation Pierre Berg\u00e9 &#8211; Yves Saint Laurent teeb k\u00f5ik endast oleneva, et ajakohastada veebilehel avaldatud t\u00e4pset teavet, ei saa Fondation Pierre Berg\u00e9 &#8211; Yves Saint Laurent vastutada mis tahes vigade v\u00f5i puuduste eest. <\/p>\n\n<h2 class=\"wp-block-heading\" id=\"exclusion-de-responsabilite-et-indemnisation\">Vastutuse ja h\u00fcvitise v\u00e4listamine<\/h2>\n\n<p>Ei Fondation Pierre Berg\u00e9 &#8211; Yves Saint Laurent ega \u00fckski teine veebilehega seotud osapool ei vastuta mis tahes otsese, kaudse v\u00f5i muu kahju eest, mis v\u00f5ib tuleneda veebilehe v\u00f5i seal sisalduva teabe k\u00fclastamisest v\u00f5i kasutamisest. Te h\u00fcvitate, kaitsete ja vabastate reklaamija ja selle sidusettev\u00f5tjad, samuti selle direktorid, ametnikud, t\u00f6\u00f6tajad, esindajad, litsentsisaajad v\u00f5i k\u00f5ik teised isikud, kes on seotud saidi loomisega, tootmisega ja levitamisega, k\u00f5igist n\u00f5uetest, kohustustest, kuludest ja kulutustest, mis tulenevad k\u00e4esolevate kasutustingimuste rikkumisest v\u00f5i seoses saidi kasutamisega. <\/p>\n\n<h2 class=\"wp-block-heading\" id=\"informations-personnelles\">Isiklik teave<\/h2>\n\n<p>Isikuandmed on m\u00e4\u00e4ratletud kui &#8220;teave, mis v\u00f5imaldab mis tahes kujul otseselt v\u00f5i kaudselt tuvastada f\u00fc\u00fcsilisi isikuid, kelle suhtes see kehtib&#8221; (v\u00e4ljav\u00f5te 6. jaanuari 1978. aasta seaduse nr 78-17 artiklist 4).<\/p>\n\n<p>N\u00e4iteks :<\/p>\n\n<ul class=\"wp-block-list\">\n<li>nimi,<\/li>\n\n\n\n<li>postiaadress,<\/li>\n\n\n\n<li>telefoninumber,<\/li>\n\n\n\n<li>e-posti aadress.<\/li>\n<\/ul>\n\n<p>K\u00fcpsiseid kasutatakse saidi automaatseks konfigureerimiseks, kui te sisse logite, ja teabe eelvalimiseks.<\/p>\n\n<p>See t\u00e4hendab, et saidi konfiguratsioon on seotud teie arvutiga, nii et k\u00f5igil, kes kasutavad teie arvutit, on sait identselt konfigureeritud.<\/p>\n\n<h2 class=\"wp-block-heading\" id=\"utilisation-de-vos-donnees-personnelles-communication-a-des-tiers\">Teie isikuandmete kasutamine &#8211; Andmete avaldamine kolmandatele isikutele<\/h2>\n\n<p>Seda veebilehte kasutades n\u00f5ustute, et meie veebileht kasutab teid puudutavaid isikuandmeid, mida olete edastanud v\u00f5i mida kogutakse veebilehe toimimise kaudu. Need andmed on vajalikud selleks, et saata teile uudiskirju ja v\u00f5imaldada teil kasutada teatud teenuseid, mida see sait pakub. <\/p>\n\n<p>Vastavalt 6. jaanuari 1978. aasta seadusele on teil \u00f5igus p\u00e4\u00e4seda ligi teie kohta kogutud isikuandmetele, neid parandada v\u00f5i neile vastuv\u00e4iteid esitada. Neid \u00f5igusi saab kasutada, saates meile e-kirja v\u00f5i kirja, mis on adresseeritud reklaamijaile. <\/p>\n\n<p>Juhime t\u00e4helepanu sellele, et veebilehe toimimise k\u00e4igus kogume automaatselt teavet, mis on seotud eelk\u00f5ige teie jaoks k\u00f5ige huvitavamate veebilehtedega, et saaksime seda teavet kasutada anal\u00fc\u00fcside ja statistika tegemiseks, et paremini m\u00f5ista teie soove ja huvialasid. Sel viisil ja vastavalt j\u00e4rgmistele tingimustele saame teile saata teavet, mis on suunatud teie huvialadele. Selleks v\u00f5ime kasutada k\u00fcpsiseid.  <\/p>\n\n<p>Me v\u00f5ime edastada sel viisil kogutud isikuandmeid, v\u00e4lja arvatud teie e-posti aadress, mis tahes kolmandatele isikutele meie valikul, n\u00e4iteks meie teenusepakkujatele v\u00f5i tarnijatele, kes aitavad kaasa pakutavate teenuste osutamisele. K\u00f5nealuste andmete edastamine nendele tarnijatele ja teenusepakkujatele v\u00f5ib olla vajalik teenuste osutamiseks. Te v\u00f5ite selges\u00f5naliselt vaidlustada oma andmete edastamise kolmandatele isikutele e-posti ja\/v\u00f5i reklaamiandjale adresseeritud kirja teel.  <\/p>\n\n<h2 class=\"wp-block-heading\" id=\"concernant-votre-adresse-e-mail\">Teie e-posti aadressi kohta<\/h2>\n\n<p>Andes meile oma e-posti aadressi, j\u00e4tab reklaamija endale \u00f5iguse saata teile e-posti teel uudiskirju ja teavet meie toodete ja teenuste kohta. Kui te ei soovi selliseid s\u00f5numeid saada, v\u00f5ite igal ajal tellimusest loobuda, kl\u00f5psates igas saadetud uudiskirjas selleks etten\u00e4htud lingile. <\/p>\n\n<p>Lisaks v\u00f5ime edastada teie e-posti aadressi kolmandatele isikutele, kes v\u00f5ivad saata teile soovimatuid s\u00f5numeid e-posti teel, mis v\u00f5ivad teile huvi pakkuda. Te v\u00f5ite meiega igal ajal \u00fchendust v\u00f5tta, eelk\u00f5ige e-posti teel, et paluda meil l\u00f5petada teie e-posti aadressi edastamine sel viisil. <\/p>\n\n<p>Vastavalt Prantsuse seadustele v\u00f5ib reklaamija seda teavet avaldada mis tahes f\u00fc\u00fcsilisele v\u00f5i juriidilisele isikule v\u00f5i haldusasutusele, kes seda taotleb.<\/p>\n\n<p>L\u00f5puks kasutab reklaamija kasutajaandmeid (olenemata sellest, kas need sisaldavad isikuandmeid v\u00f5i mitte) statistiliste anal\u00fc\u00fcside koostamiseks oma eesm\u00e4rkidel. Kuna nende anal\u00fc\u00fcside tulemusel saadud andmed on koondatud ja seega t\u00e4iesti anon\u00fc\u00fcmsed, v\u00f5ib reklaamija neid edastada v\u00f5i m\u00fc\u00fca kolmandatele isikutele. <\/p>\n\n<h2 class=\"wp-block-heading\" id=\"abonnement-a-la-newsletter-l-annonceur\">Reklaamija uudiskirja tellimine<\/h2>\n\n<p>Saidi kaudu saate tellida reklaamija uudiskirja.<\/p>\n\n<p>Selle uudiskirja eesm\u00e4rk on teavitada teid reklaamija teenustest ja uutest toodetest.<\/p>\n\n<p>Te v\u00f5ite igal ajal teatada asjaomasele veebisaidile e-posti teel, et te ei soovi enam uudiskirja tellida, kl\u00f5psates &#8220;T\u00fchista tellimus&#8221; v\u00f5i muul sarnasel viisil.<\/p>\n\n<p>Teie isikuandmete kasutamise tingimused on asjaomase veebisaidi omad. Seet\u00f5ttu palume teil lugeda asjaomase veebisaidi tingimusi. <\/p>\n\n<h2 class=\"wp-block-heading\" id=\"liens-externes\">V\u00e4lislingid<\/h2>\n\n<p>Reklaamija pakub oma veebilehelt linke teistele seotud ja mitteseotud veebilehtedele. Need saidid on saidist s\u00f5ltumatud. Reklaamija ei avalda ega kontrolli neid saite. Lingid nendele saitidele ei kujuta endast mingil juhul heakskiitu v\u00f5i partnerlust reklaamija ja nende saitide vahel. Seet\u00f5ttu ei saa Fondation Pierre Berg\u00e9 &#8211; Yves Saint Laurent vastutada nende veebilehtede sisu, toodete, reklaami v\u00f5i muude elementide v\u00f5i teenuste eest. Tuletame teile meelde, et seotud ja mitteseotud veebilehtede suhtes kehtivad nende enda kasutustingimused ja privaatsuse kaitse p\u00f5him\u00f5tted.     <\/p>\n\n<h2 class=\"wp-block-heading\" id=\"droit-applicable\">Kohaldatav \u00f5igus<\/h2>\n\n<p>K\u00e4esolevat veebilehte reguleerib Prantsuse \u00f5igus.<\/p>\n\n<h2 class=\"wp-block-heading\" id=\"modification-des-conditions\">Tingimuste muutmine<\/h2>\n\n<p>Reklaamija j\u00e4tab endale \u00f5iguse muuta v\u00f5i \u00fcldisemalt ajakohastada neid \u00fcldtingimusi igal ajal ja ilma ette teatamata. Seet\u00f5ttu kutsume teid \u00fcles nendega regulaarselt tutvuma. <\/p>\n\n<h2 class=\"wp-block-heading\" id=\"comment-nous-contacter-si-vous-avez-des-questions-sur-cette-charte\">Kuidas saate meiega \u00fchendust v\u00f5tta, kui teil on k\u00fcsimusi selle harta kohta?<\/h2>\n\n<p>Kuna k\u00e4esoleva harta eesm\u00e4rk on kaitsta teie eraelu puutumatust, oleksime t\u00e4nulikud, kui te teataksite meile oma soovidest ja kommentaaridest.<\/p>\n\n<p>Kui te tunnete, et teie andmeid ei t\u00f6\u00f6delda vastavalt teie soovidele, kui k\u00fclastate seda veebilehte, siis palun andke meile sellest teada. Me vastame teile niipea kui v\u00f5imalik. <\/p>\n\n<p>Kui te tulevikus ei soovi, et teiega v\u00f5etakse \u00fchendust p\u00e4rast selle veebisaidi k\u00fclastamist, v\u00f5i kui soovite kontrollida, parandada v\u00f5i ajakohastada meile edastatud teavet, siis palun <a href=\"https:\/\/obera.fr\/et\/contact\/\" data-type=\"page\" data-id=\"124\">kirjutage meile<\/a>.<\/p>\n\n<p>Viimati muudetud 24. aprillil 2017.<\/p>\n","protected":false},"excerpt":{"rendered":"<p>Reklaamija K\u00e4esolevat veebisaiti avaldab ja edastab oberA, mille kapital on 20 000 eurot ja mille registrij\u00e4rgne asukoht on 4 Rue Denis Papin 67400 Illkirch-Graffenstaden, SIRET-number 832 913 487 00027, NAF-kood 4674B. Saidi eesm\u00e4rk on pakkuda teile teavet reklaamija kohta ja linke erinevatele veebisaitidele. Sait on reklaamija omandis. Seda veebilehte haldab: o2switch SAS, mille kapital on 100 000 eurot, aadress: Chemin des Pardiaux, 63000 Clermont-Ferrand, SIRET: 510 909 807 00032 RCS Clermont Ferrand. Omandi\u00f5iguste ja kaubam\u00e4rkide austamine K\u00f5ik elemendid, mida saidil n\u00e4ete, kuulete v\u00f5i loete, samuti sait ise on kaitstud autori\u00f5iguse seadusega. Te ei tohi mingil juhul kasutada, levitada, kopeerida, reprodutseerida, &#8230; <\/p>\n<p class=\"read-more-container\"><a title=\"\u00d5iguslik teave\" class=\"read-more button\" href=\"https:\/\/obera.fr\/et\/mentions-legales\/#more-67191\" aria-label=\"Read more about \u00d5iguslik teave\">Lire la suite<\/a><\/p>\n","protected":false},"author":4,"featured_media":103617,"parent":0,"menu_order":0,"comment_status":"closed","ping_status":"closed","template":"","meta":{"_acf_changed":false,"_seopress_robots_primary_cat":"","_seopress_titles_title":"oberA.fr \u00f5iguslik teave","_seopress_titles_desc":"Seda veebisaiti avaldab ja pakub teile oberA, 20 000 euro suuruse aktsiakapitaliga \u00e4ri\u00fching, SIRET-number 832 913 487 00019, NAF-kood 282514.","_seopress_robots_index":"jah","footnotes":""},"class_list":{"0":"post-67191","1":"page","2":"type-page","3":"status-publish","4":"has-post-thumbnail","6":"no-featured-image-padding","7":"resize-featured-image"},"acf":[],"_links":{"self":[{"href":"https:\/\/obera.fr\/et\/wp-json\/wp\/v2\/pages\/67191","targetHints":{"allow":["GET"]}}],"collection":[{"href":"https:\/\/obera.fr\/et\/wp-json\/wp\/v2\/pages"}],"about":[{"href":"https:\/\/obera.fr\/et\/wp-json\/wp\/v2\/types\/page"}],"author":[{"embeddable":true,"href":"https:\/\/obera.fr\/et\/wp-json\/wp\/v2\/users\/4"}],"replies":[{"embeddable":true,"href":"https:\/\/obera.fr\/et\/wp-json\/wp\/v2\/comments?post=67191"}],"version-history":[{"count":3,"href":"https:\/\/obera.fr\/et\/wp-json\/wp\/v2\/pages\/67191\/revisions"}],"predecessor-version":[{"id":79407,"href":"https:\/\/obera.fr\/et\/wp-json\/wp\/v2\/pages\/67191\/revisions\/79407"}],"wp:featuredmedia":[{"embeddable":true,"href":"https:\/\/obera.fr\/et\/wp-json\/wp\/v2\/media\/103617"}],"wp:attachment":[{"href":"https:\/\/obera.fr\/et\/wp-json\/wp\/v2\/media?parent=67191"}],"curies":[{"name":"wp","href":"https:\/\/api.w.org\/{rel}","templated":true}]}}