{"id":67258,"date":"2025-01-17T11:13:01","date_gmt":"2025-01-17T09:13:01","guid":{"rendered":"https:\/\/obera.fr\/produits\/depoussiereurs-industriels\/dustlight\/"},"modified":"2025-07-11T11:18:45","modified_gmt":"2025-07-11T09:18:45","slug":"dustlight","status":"publish","type":"page","link":"https:\/\/obera.fr\/et\/produits\/depoussiereurs-industriels\/dustlight\/","title":{"rendered":"V\u00f5tke oma t\u00f6\u00f6keskkonda kontrolli alla Dustlight&#8217;iga"},"content":{"rendered":"\n<div class=\"wp-block-columns is-layout-flex wp-container-core-columns-is-layout-28f84493 wp-block-columns-is-layout-flex\">\n<div class=\"wp-block-column is-layout-flow wp-block-column-is-layout-flow\">\n<div class=\"wp-block-media-text has-media-on-the-right is-stacked-on-mobile\" style=\"grid-template-columns:auto 33%\"><div class=\"wp-block-media-text__content\">\n<p>OberA esitleb uhkusega <strong>Dustlight<\/strong>&#8217;i, uuenduslikku k\u00e4eshoitavat anal\u00fcsaatorit, mis on m\u00f5eldud peentolmu t\u00e4pseks avastamiseks ja anal\u00fc\u00fcsimiseks.  <\/p>\n\n\n\n<p>Kompaktne, usaldusv\u00e4\u00e4rne ja h\u00f5lpsasti kasutatav seade on ideaalne vahend spetsialistidele ja t\u00f6\u00f6sturitele, kes soovivad j\u00e4lgida \u00f5hukvaliteeti ja tuvastada h\u00f5ljuvaid osakesi.<\/p>\n<\/div><figure class=\"wp-block-media-text__media\"><img decoding=\"async\" src=\"https:\/\/lh7-rt.googleusercontent.com\/docsz\/AD_4nXePsRD5Y4gAIBhHibguQOn0U6fgzh-p6iUVppCy2PUUWG4S_QIvoTfNJeagK6httptlC4XtT9kmxghV9258tIgq2J0QFwvU7BowEB_Xe_4_rgzVdEW0mM97dpA7WZj9dGkQUsTtMadi1obMqCXsxII?key=QO8r7RmlolM9MhCfcv5-73XE\" alt=\"Tolmuga seotud riskide ennetamine | Travail-emploi.gouv.fr | Minist\u00e8re du Travail, de la Sant\u00e9, des Solidarit\u00e9s et des Familles\"\/><\/figure><\/div>\n\n\n\n<div style=\"height:41px\" aria-hidden=\"true\" class=\"wp-block-spacer\"><\/div>\n\n\n\n<div class=\"wp-block-buttons is-content-justification-center is-layout-flex wp-container-core-buttons-is-layout-a89b3969 wp-block-buttons-is-layout-flex\">\n<div class=\"wp-block-button\"><a class=\"wp-block-button__link has-text-align-center wp-element-button\" href=\"https:\/\/obera.fr\/formulaire-dustlight\/\">TASUTA 20-P\u00c4EVANE TEST<\/a><\/div>\n<\/div>\n<\/div>\n<\/div>\n\n<p><\/p>\n\n<p><\/p>\n\n<h2 class=\"wp-block-heading\">Kaitske end hingatava tolmu n\u00e4htamatu ohu eest t\u00f6\u00f6kohal<\/h2>\n\n<figure class=\"wp-block-image aligncenter is-resized\"><img decoding=\"async\" src=\"https:\/\/lh7-rt.googleusercontent.com\/docsz\/AD_4nXcOS0Hfg67TC29tD0YKTlwhEbY82uCB9DoKqHN4byLMiiWnWb6_cUR2kTh4CxjF9WQI7qzrJx1chS1E8L9qU3zGeBgcCaStWF9a7mYnCr73_ylzp9tDc1LItbkRpO8_Eg6aBoXNFQRLSfcDQnw1RmM?key=QO8r7RmlolM9MhCfcv5-73XE\" alt=\"Teksti sisaldav pilt, Elektroonilised seadmed, Elektroonilised seadmed, Screenshot&#10;&#10;Automaatselt genereeritud kirjeldus\" style=\"width:617px;height:auto\"\/><figcaption class=\"wp-element-caption\"><strong>Kaasaskantav peentolmu anal\u00fcsaator<\/strong><\/figcaption><\/figure>\n\n<p>Kasutage Dustlight m\u00f5\u00f5tmisseadet tolmukontsentratsioonide t\u00e4pseks m\u00f5\u00f5tmiseks.  <\/p>\n\n<p>t\u00f6\u00f6stuskeskkonnas ja kaitsta teie ja teie t\u00f6\u00f6tajate tervist.<\/p>\n\n<p><\/p>\n\n<p>Hingatav peen tolm v\u00f5ib p\u00f5hjustada t\u00f5siseid terviseprobleeme, n\u00e4iteks hingamisteede haigusi, s\u00fcdame- ja veresoonkonna probleeme ja v\u00e4hki.<\/p>\n\n<p><\/p>\n\n<p><strong>Dustlight&#8217;i<\/strong> abil saate neid riske t\u00f5husalt minimeerida, m\u00f5\u00f5tes tolmuga kokkupuudet ja v\u00f5ttes asjakohaseid kaitsemeetmeid.<\/p>\n\n<p><\/p>\n\n<p><strong>Dustlight<\/strong> m\u00f5\u00f5dab tolmuga kokkupuudet iga sekund.  <\/p>\n\n<p>V\u00e4\u00e4rtusi saab vaadata meie nutitelefonis ja veebirakenduses ning laadida alla aruandena.  <\/p>\n\n<p><\/p>\n\n<h2 class=\"wp-block-heading\">Looge ohutu t\u00f6\u00f6keskkond ja investeerige oma t\u00f6\u00f6tajate tervisesse Dustlight tolmuseirega.<\/h2>\n\n<p><\/p>\n\n<p><strong>Lihtsalt l\u00fclitage see sisse ja t\u00f6\u00f6tage t\u00e4iesti turvaliselt!<\/strong><\/p>\n\n<p><\/p>\n\n<ul class=\"wp-block-list\">\n<li><strong>Kaardistada ja j\u00e4lgida tolmu kontsentratsiooni reaalajas<\/strong>: <strong>PM10, PM2,5 ja PM1 <\/strong>.  <\/li>\n\n\n\n<li><strong>Kiiresti hoiatada inimesi hingamisteede kaitse kandmise vajadusest.<\/strong><\/li>\n\n\n\n<li><strong>Ohtlike tolmudega kokkupuute ohu n\u00e4htavaks tegemine (CMR)<\/strong><\/li>\n\n\n\n<li><strong>Saasteallikate kindlakstegemine ja nende n\u00e4htavaks tegemine, et nendega saaks t\u00f5husamalt tegeleda<\/strong><\/li>\n\n\n\n<li><strong>T\u00f6\u00f6tajate kaitsmine tehastes ja ehitusplatsidel<\/strong><\/li>\n\n\n\n<li><strong>Hingatava tolmu tuvastamine<\/strong><\/li>\n\n\n\n<li><strong>Regulatiivsete meetmete ennetamine<\/strong><\/li>\n\n\n\n<li><strong>Rakendatud lahenduse valideerimine<\/strong><\/li>\n<\/ul>\n\n<div class=\"wp-block-media-text has-media-on-the-right is-stacked-on-mobile\" style=\"grid-template-columns:auto 20%\"><div class=\"wp-block-media-text__content\">\n<p class=\"has-text-align-center\"><strong>Uuenduslik lahendus  <\/strong><\/p>\n\n\n\n<p class=\"has-text-align-center\"><strong>Aitab kriitilisi olukordi reaalajas tuvastada,<\/strong> <strong>aitab kaitsta<\/strong> <strong>t\u00f6\u00f6tajate tervist: ENNETAMINE <\/strong> <\/p>\n<\/div><figure class=\"wp-block-media-text__media\"><img decoding=\"async\" src=\"https:\/\/lh7-rt.googleusercontent.com\/docsz\/AD_4nXeMFP13jbj-PgQg3zsXKleNzM21nevJo4ZMdadvv0-GNt5HN84xZQB6mAnWebn-wFPR-rT_1JpVNez2htbLY9d4Ve75JkuKUHIqs0fLQs9OeMiTljWOFxzfyO-fptezwx-JAYi4g5NCkfxQYE6Rrw?key=QO8r7RmlolM9MhCfcv5-73XE\" alt=\"Click Fast - rinnarihm\"\/><\/figure><\/div>\n\n<h3 class=\"wp-block-heading\">Lihtne, usaldusv\u00e4\u00e4rne ja t\u00f6\u00f6kindel<\/h3>\n\n<p>Kohene tuvastamine: v\u00e4ga t\u00f5hus ja t\u00e4pne m\u00f5\u00f5tmine.<\/p>\n\n<p>Kiire tolmukoormuse hindamine v\u00e4rvilise ekraani ja helisignaaliga.<\/p>\n\n<p>Liiklustules\u00fcsteem, mis annab piirv\u00e4\u00e4rtuste \u00fcletamise korral kiire ja selge signaali, nii et saate kohe tegutseda.<\/p>\n\n<h3 class=\"wp-block-heading\">Rakendusvaldkonnad<\/h3>\n\n<ul class=\"wp-block-list\">\n<li>Puidut\u00f6\u00f6stus: spetsiaalne algoritm leht- ja okaspuutolmu m\u00f5\u00f5tmiseks<\/li>\n\n\n\n<li>Keevitamine: keevitusauru ja metallitolmu j\u00e4lgimine.<\/li>\n\n\n\n<li>M\u00f5\u00f5tmine sobib selliste ainete jaoks nagu r\u00e4nidioksiid ja pulbrid.<\/li>\n\n\n\n<li>Toiduainet\u00f6\u00f6stus<\/li>\n\n\n\n<li>Konfigureeritav konkreetsete rakenduste jaoks<\/li>\n<\/ul>\n\n<h3 class=\"wp-block-heading\">Tehnoloogia ja innovatsioon<\/h3>\n\n<ul class=\"wp-block-list\">\n<li>Laserfotomeetriline andur<\/li>\n\n\n\n<li>Kiire ja t\u00e4pne osakeste tuvastamine<\/li>\n\n\n\n<li>Anduri kaitse<\/li>\n\n\n\n<li>Filtreeritud \u00f5huvool ja automaatne puhastuss\u00fcsteem pikema kasutusaja tagamiseks.<\/li>\n<\/ul>\n\n<h3 class=\"wp-block-heading\">Testitud ja heaks kiidetud<\/h3>\n\n<p>Kinnitatud ohtlike ainete uurimisinstituudi (IGF) poolt.  <\/p>\n\n<p><\/p>\n\n<figure class=\"wp-block-image aligncenter is-resized\"><img decoding=\"async\" src=\"https:\/\/lh7-rt.googleusercontent.com\/docsz\/AD_4nXdpqfRaq3oGk9dAXgZ7x3rjs5SzASfAHYKydUkBgvmnTjZ5JgpSdlKbZKnVxPfWPOjTUifc5SLMAcyDv4ciV6yYT5AQcLkpX61KeDgoaoVP7TC-bwCWL_w0JA6woMYYZDAlgg7ewWyzWQmlIVx4LA?key=QO8r7RmlolM9MhCfcv5-73XE\" alt=\"Dustlight sissehingatava tolmu m&#xF5;&#xF5;tmise seade t&#xF6;&#xF6;koha &#xF5;hukvaliteedi j&#xE4;lgimiseks, vastupidav ja kaasaskantav t&#xF6;&#xF6;stuslikuks kasutamiseks. Roheline LED n&#xE4;itab, et tolmuga kokkupuude j&#xE4;&#xE4;b alla k&#xFC;nnisv&#xE4;&#xE4;rtuse.\" style=\"width:458px;height:auto\"\/><\/figure>\n\n<h2 class=\"wp-block-heading\">P\u00f5hijooned<\/h2>\n\n<h3 class=\"wp-block-heading\">T\u00e4psed m\u00f5\u00f5tmised<\/h3>\n\n<p>PM10, PM2,5 ja PM1 tolmu seire 1 \u00b5g\/m\u00b3 eraldusv\u00f5imega.<\/p>\n\n<h3 class=\"wp-block-heading\">Visuaalne hoiatuss\u00fcsteem  <\/h3>\n\n<ul class=\"wp-block-list\">\n<li>LED-ekraan ja valgussignaal (roheline, kollane, punane) vastavalt piirv\u00e4\u00e4rtustele<\/li>\n\n\n\n<li>TRGS 900 (vastab VLEPile Saksamaal)<\/li>\n\n\n\n<li>Praeguse sissehingatava tolmu koormuse kuvamine<\/li>\n\n\n\n<li>Aku kestvus kuni 40 tundi (\u00f6kore\u017eiim) + laadimisolek<\/li>\n<\/ul>\n\n<h3 class=\"wp-block-heading\">Vastupidavus<\/h3>\n\n<ul class=\"wp-block-list\">\n<li>T\u00e4iustatud tolmukaitseseadmed  <\/li>\n\n\n\n<li>maksimaalne kasutusiga (eelfiltrid, filtreeritud \u00f5hk, isepuhastuv \u00f5hk)<\/li>\n\n\n\n<li>Patenteeritud kaitses\u00fcsteem p\u00fcsivalt puhaste andurite jaoks<\/li>\n\n\n\n<li>Tolmukindel laadimispesa<\/li>\n<\/ul>\n\n<h3 class=\"wp-block-heading\">Modulaarne paigaldus<\/h3>\n\n<ul class=\"wp-block-list\">\n<li>Patenteeritud Klick-Fast kohandatav s\u00fcsteem (klamber, Velcro riba, plaaster)<\/li>\n<\/ul>\n\n<h3 class=\"wp-block-heading\">Tehnilised andmed<\/h3>\n\n<ul class=\"wp-block-list\">\n<li>M\u00f5\u00f5tmed: 69 x 69 x 32,5 mm (ilma klambrita)<\/li>\n\n\n\n<li>Kaal: 149 g<\/li>\n\n\n\n<li>Aku: liitium-ioon, a<\/li>\n\n\n\n<li>Kaitseklass: IP4X<\/li>\n\n\n\n<li>T\u00f6\u00f6temperatuur : -10 kuni +50 \u00b0C<\/li>\n\n\n\n<li>M\u00f5\u00f5tmisvahemik: 0 &#8211; 10 000 \u00b5g\/m\u00b3.<\/li>\n\n\n\n<li>Assotsieerunud teenused<\/li>\n\n\n\n<li>Konkreetsed konfiguratsioonid: kohandamine konkreetsetele keskkondadele  <\/li>\n\n\n\n<li>(nt puit, keevitamine).<\/li>\n\n\n\n<li>Hooldus: Iga-aastane hooldus, sealhulgas puhastamine, kalibreerimine ja tarkvara uuendamine.<\/li>\n<\/ul>\n\n<h2 class=\"wp-block-heading\">Dustlight on n\u00fc\u00fcd saadaval uue veebirakenduse ja nutitelefonirakenduse kaudu.  <\/h2>\n\n<ul class=\"wp-block-list\">\n<li>Uusim m\u00f5\u00f5tmistehnoloogia, mis registreerib tolmu taset sekundilise t\u00e4psusega.  <\/li>\n\n\n\n<li>Integreeritud hoiatuss\u00fcsteem, mis aitab j\u00e4rgida \u00f5hukvaliteedi standardeid<\/li>\n\n\n\n<li>Piirv\u00e4\u00e4rtuste individuaalne reguleerimine rakenduses ja veebirakenduses<\/li>\n\n\n\n<li>helisignaal ja v\u00e4rvilised hoiatused, kui teie poolt m\u00e4\u00e4ratud piirv\u00e4\u00e4rtused \u00fcletatakse, et saaks varakult otsuseid langetada.<\/li>\n\n\n\n<li>T\u00e4iustatud aruandlus ja andmeanal\u00fc\u00fcs &#8211; riskihindamisaruannete otsene allalaadimine &#8211; oluline tugi ESG-aruandluse jaoks.\n<ul class=\"wp-block-list\">\n<li>CSV- v\u00f5i PDF-vorming<\/li>\n<\/ul>\n<\/li>\n<\/ul>\n\n<figure class=\"wp-block-image aligncenter is-resized\"><img decoding=\"async\" src=\"https:\/\/lh7-rt.googleusercontent.com\/docsz\/AD_4nXfpUeAu-RQ97rEMo0ogKOvI3id8fXZbwSMJwAgs-GtmaJ_Q5nyjpb40R12sTCs5kSWbL5tB4dLEl37jMKzpdX0-E-_fW3yQnN7Lb1c_7lYFSPlGmw0UjR5Ubi1ZHw8JTmPjIJIIkzYCGP9bS9qSE6Y?key=QO8r7RmlolM9MhCfcv5-73XE\" alt=\"Teksti, multimeediat, elektroonilisi seadmeid, tarkvara sisaldav pilt&#10;&#10;Automaatselt genereeritud kirjeldus\" style=\"width:800px;height:auto\"\/><\/figure>\n\n<p class=\"has-text-align-center\"><strong>Tellige oma Dustlight juba t\u00e4na  <\/strong><\/p>\n\n<p class=\"has-text-align-center\"><strong>ja tagada turvalisem t\u00f6\u00f6keskkond!<\/strong><\/p>\n\n<div class=\"wp-block-buttons is-content-justification-center is-layout-flex wp-container-core-buttons-is-layout-a89b3969 wp-block-buttons-is-layout-flex\">\n<div class=\"wp-block-button\"><a class=\"wp-block-button__link has-text-align-center wp-element-button\" href=\"https:\/\/obera.fr\/formulaire-dustlight\/\">TASUTA 20-P\u00c4EVANE TEST<\/a><\/div>\n<\/div>\n","protected":false},"excerpt":{"rendered":"<p>OberA esitleb uhkusega Dustlight&#8217;i, uuenduslikku k\u00e4eshoitavat anal\u00fcsaatorit, mis on m\u00f5eldud peentolmu t\u00e4pseks avastamiseks ja anal\u00fc\u00fcsimiseks. Kompaktne, usaldusv\u00e4\u00e4rne ja h\u00f5lpsasti kasutatav seade on ideaalne vahend spetsialistidele ja t\u00f6\u00f6sturitele, kes soovivad j\u00e4lgida \u00f5hukvaliteeti ja tuvastada h\u00f5ljuvaid osakesi. Kaitske end hingatava tolmu n\u00e4htamatu ohu eest t\u00f6\u00f6kohal Kasutage Dustlight m\u00f5\u00f5tmisseadet tolmukontsentratsioonide t\u00e4pseks m\u00f5\u00f5tmiseks. t\u00f6\u00f6stuskeskkonnas ja kaitsta teie ja teie t\u00f6\u00f6tajate tervist. Hingatav peen tolm v\u00f5ib p\u00f5hjustada t\u00f5siseid terviseprobleeme, n\u00e4iteks hingamisteede haigusi, s\u00fcdame- ja veresoonkonna probleeme ja v\u00e4hki. Dustlight&#8217;i abil saate neid riske t\u00f5husalt minimeerida, m\u00f5\u00f5tes tolmuga kokkupuudet ja v\u00f5ttes asjakohaseid kaitsemeetmeid. Dustlight m\u00f5\u00f5dab tolmuga kokkupuudet iga sekund. V\u00e4\u00e4rtusi saab vaadata meie nutitelefonis ja veebirakenduses &#8230; <\/p>\n<p class=\"read-more-container\"><a title=\"V\u00f5tke oma t\u00f6\u00f6keskkonda kontrolli alla Dustlight&#8217;iga\" class=\"read-more button\" href=\"https:\/\/obera.fr\/et\/produits\/depoussiereurs-industriels\/dustlight\/#more-67258\" aria-label=\"Read more about V\u00f5tke oma t\u00f6\u00f6keskkonda kontrolli alla Dustlight&#8217;iga\">Lire la suite<\/a><\/p>\n","protected":false},"author":4,"featured_media":103617,"parent":52069,"menu_order":0,"comment_status":"closed","ping_status":"closed","template":"","meta":{"_acf_changed":false,"_seopress_robots_primary_cat":"","_seopress_titles_title":"V\u00f5tke oma t\u00f6\u00f6keskkonda kontrolli alla Dustlight'iga","_seopress_titles_desc":"Avastage OberA Dustlight, t\u00e4pne ja kompaktne k\u00e4eshoitav anal\u00fcsaator peentolmu avastamiseks. Ideaalne \u00f5hu kvaliteedi j\u00e4lgimiseks.","_seopress_robots_index":"","footnotes":""},"class_list":{"0":"post-67258","1":"page","2":"type-page","3":"status-publish","4":"has-post-thumbnail","6":"no-featured-image-padding","7":"resize-featured-image"},"acf":[],"_links":{"self":[{"href":"https:\/\/obera.fr\/et\/wp-json\/wp\/v2\/pages\/67258","targetHints":{"allow":["GET"]}}],"collection":[{"href":"https:\/\/obera.fr\/et\/wp-json\/wp\/v2\/pages"}],"about":[{"href":"https:\/\/obera.fr\/et\/wp-json\/wp\/v2\/types\/page"}],"author":[{"embeddable":true,"href":"https:\/\/obera.fr\/et\/wp-json\/wp\/v2\/users\/4"}],"replies":[{"embeddable":true,"href":"https:\/\/obera.fr\/et\/wp-json\/wp\/v2\/comments?post=67258"}],"version-history":[{"count":2,"href":"https:\/\/obera.fr\/et\/wp-json\/wp\/v2\/pages\/67258\/revisions"}],"predecessor-version":[{"id":121579,"href":"https:\/\/obera.fr\/et\/wp-json\/wp\/v2\/pages\/67258\/revisions\/121579"}],"up":[{"embeddable":true,"href":"https:\/\/obera.fr\/et\/wp-json\/wp\/v2\/pages\/52069"}],"wp:featuredmedia":[{"embeddable":true,"href":"https:\/\/obera.fr\/et\/wp-json\/wp\/v2\/media\/103617"}],"wp:attachment":[{"href":"https:\/\/obera.fr\/et\/wp-json\/wp\/v2\/media?parent=67258"}],"curies":[{"name":"wp","href":"https:\/\/api.w.org\/{rel}","templated":true}]}}