{"id":108407,"date":"2021-09-17T09:11:07","date_gmt":"2021-09-17T07:11:07","guid":{"rendered":"https:\/\/obera.fr\/produits\/analyseurs-air\/capteur-co2-obcare\/"},"modified":"2025-06-03T15:06:59","modified_gmt":"2025-06-03T13:06:59","slug":"capteur-co2-obcare","status":"publish","type":"page","link":"https:\/\/obera.fr\/hu\/produits\/analyseurs-air\/capteur-co2-obcare\/","title":{"rendered":"OBCARE CO2-\u00e9rz\u00e9kel\u0151"},"content":{"rendered":"\n<h2 class=\"wp-block-heading\">A leveg\u0151min\u0151s\u00e9g m\u00e9r\u00e9se k\u00f6zleked\u00e9si l\u00e1mp\u00e1kkal<\/h2>\n\n\n\n<div class=\"wp-block-columns is-layout-flex wp-container-core-columns-is-layout-28f84493 wp-block-columns-is-layout-flex\">\n<div class=\"wp-block-column is-layout-flow wp-block-column-is-layout-flow\" style=\"flex-basis:33.33%\">\n<figure class=\"wp-block-image aligncenter size-full is-resized\"><img decoding=\"async\" width=\"300\" height=\"212\" src=\"https:\/\/obera.fr\/wp-content\/uploads\/2021\/11\/Capteur_CO2_OBCARE.png\" alt=\"obcare co2 \u00e9rz\u00e9kel\u0151\" class=\"wp-image-7611\" style=\"width:300px;height:212px\"\/><figcaption class=\"wp-element-caption\">OBCARE<\/figcaption><\/figure>\n<\/div>\n\n\n\n<div class=\"wp-block-column is-vertically-aligned-center is-layout-flow wp-block-column-is-layout-flow\" style=\"flex-basis:66.66%\">\n<p>Az <strong>OBCARE <\/strong>CO2-\u00e9rz\u00e9kel\u0151 val\u00f3s id\u0151ben figyeli a leveg\u0151 min\u0151s\u00e9g\u00e9t z\u00e1rt terekben. A figyelmeztet\u0151 f\u00e9nyekkel ell\u00e1tott t\u00f6bbsz\u00edn\u0171 kijelz\u0151je azonnali \u00e1ttekint\u00e9st ny\u00fajt a leveg\u0151 min\u0151s\u00e9g\u00e9r\u0151l, \u00e9s <strong>ppm-ben<\/strong> mutatja a <strong>CO2-koncentr\u00e1ci\u00f3t<\/strong>. Ezek a f\u00e9nyek egy\u00e9rtelm\u0171 vizu\u00e1lis jelz\u00e9seket adnak, \u00e9s figyelmeztetik a felhaszn\u00e1l\u00f3kat a sz\u00fcks\u00e9ges l\u00e9p\u00e9sekre: <strong>tiszt\u00edts\u00e1k meg a leveg\u0151t <\/strong>mobil l\u00e9gtiszt\u00edt\u00f3 egys\u00e9gek telep\u00edt\u00e9s\u00e9vel \u00e9s\/vagy <strong>szell\u0151ztessenek term\u00e9szetes m\u00f3don<\/strong>.  <\/p>\n\n\n\n<div class=\"wp-block-columns is-layout-flex wp-container-core-columns-is-layout-28f84493 wp-block-columns-is-layout-flex\">\n<div class=\"wp-block-column is-layout-flow wp-block-column-is-layout-flow\" style=\"flex-basis:33.34%\">\n<div class=\"wp-block-buttons is-content-justification-center is-layout-flex wp-container-core-buttons-is-layout-a89b3969 wp-block-buttons-is-layout-flex\">\n<div class=\"wp-block-button\"><a class=\"wp-block-button__link wp-element-button\" href=\"https:\/\/obera.fr\/wp-content\/uploads\/2025\/06\/en-brochure-obcare.pdf\">A bros\u00fara let\u00f6lt\u00e9se<\/a><\/div>\n<\/div>\n<\/div>\n\n\n\n<div class=\"wp-block-column is-layout-flow wp-block-column-is-layout-flow\" style=\"flex-basis:33.34%\">\n<div class=\"wp-block-buttons is-horizontal is-content-justification-center is-layout-flex wp-container-core-buttons-is-layout-03627597 wp-block-buttons-is-layout-flex\">\n<div class=\"wp-block-button\"><a class=\"wp-block-button__link wp-element-button\" href=\"https:\/\/boutique.obera.fr\/52-acheter-capteur-co2-obcare.html\" target=\"_blank\" rel=\"noreferrer noopener\">V\u00e1s\u00e1rolja meg az OBCARE CO2-\u00e9rz\u00e9kel\u0151t  <\/a><\/div>\n<\/div>\n<\/div>\n\n\n\n<div class=\"wp-block-column is-layout-flow wp-block-column-is-layout-flow\" style=\"flex-basis:33.33%\">\n<div class=\"wp-block-buttons is-content-justification-center is-layout-flex wp-container-core-buttons-is-layout-a89b3969 wp-block-buttons-is-layout-flex\">\n<div class=\"wp-block-button btn-devis-source\"><a class=\"wp-block-button__link wp-element-button\" href=\"https:\/\/obera.fr\/hu\/devis\/\">K\u00e9rjen \u00e1raj\u00e1nlatot<\/a><\/div>\n<\/div>\n\n\n<script>\r\ndocument.addEventListener('DOMContentLoaded', function() {\r\n    \/\/ 1. On cherche le titre H1 de la page\r\n    var h1 = document.querySelector('h1');\r\n    var productTitle = h1 ? h1.innerText.trim() : \"\";\r\n\r\n    \/\/ 2. On cherche les boutons via la classe CSS .btn-devis-source\r\n    var buttons = document.querySelectorAll('.btn-devis-source a');\r\n\r\n    \/\/ 3. Si on a le titre et les boutons, on ajoute le param\u00e8tre\r\n    if (buttons.length > 0 && productTitle !== \"\") {\r\n        var encodedTitle = encodeURIComponent(productTitle);\r\n\r\n        buttons.forEach(function(btn) {\r\n            var currentHref = btn.getAttribute('href');\r\n            \r\n            \/\/ S\u00e9curit\u00e9 pour ne pas ajouter le param\u00e8tre 2 fois\r\n            if (currentHref.indexOf('sujet=') === -1) {\r\n                var separator = currentHref.indexOf('?') !== -1 ? '&' : '?';\r\n                var newLink = currentHref + separator + 'sujet=' + encodedTitle;\r\n                \r\n                btn.setAttribute('href', newLink);\r\n            }\r\n        });\r\n    }\r\n});\r\n<\/script><\/div>\n<\/div>\n<\/div>\n<\/div>\n\n\n\n<h2 class=\"wp-block-heading\">Az OBCARE el\u0151nyei<\/h2>\n\n\n\n<div class=\"wp-block-columns is-layout-flex wp-container-core-columns-is-layout-28f84493 wp-block-columns-is-layout-flex\">\n<div class=\"wp-block-column is-layout-flow wp-block-column-is-layout-flow\">\n<h3 class=\"wp-block-heading has-text-align-left\">sz\u00e9ndioxid-kapacit\u00e1s<\/h3>\n\n\n\n<p>Az <strong>OBCARE <\/strong>CO2-\u00e9rz\u00e9kel\u0151 folyamatosan m\u00e9ri a leveg\u0151 min\u0151s\u00e9g\u00e9t. A ppm-ben megjelen\u00edtett inform\u00e1ci\u00f3k val\u00f3s id\u0151ben jelennek meg. A k\u00e9sz\u00fcl\u00e9k k\u00f6nnyen be\u00e1ll\u00edthat\u00f3 \u00e9s mozgathat\u00f3.    <\/p>\n<\/div>\n\n\n\n<div class=\"wp-block-column is-layout-flow wp-block-column-is-layout-flow\">\n<h3 class=\"wp-block-heading has-text-align-left\">P\u00c9LD\u00c1K IPAR\u00c1GAKRA<\/h3>\n\n\n\n<ul class=\"wp-block-list\">\n<li>ERP<\/li>\n\n\n\n<li>Irod\u00e1k<\/li>\n\n\n\n<li>Sportcsarnokok  <\/li>\n\n\n\n<li>V\u00e1r\u00f3termek<\/li>\n\n\n\n<li>Iskol\u00e1k<\/li>\n\n\n\n<li>Ny\u00edlt terek<\/li>\n\n\n\n<li>R\u00e9szv\u00e9nyek<\/li>\n<\/ul>\n<\/div>\n<\/div>\n\n\n\n<h2 class=\"wp-block-heading\">\u00d6sszeszerel\u00e9s t\u00edpusai<\/h2>\n\n\n\n<p>A leveg\u0151min\u0151s\u00e9gm\u00e9r\u0151 asztalra vagy falra szerelhet\u0151. Rozsdamentes ac\u00e9l \u00e1llv\u00e1nya<strong>(opcion\u00e1lisan rendelhet\u0151<\/strong>) lehet\u0151v\u00e9 teszi, hogy optim\u00e1lisan elhelyezhet\u0151 legyen a helyis\u00e9gben. A j\u00f3 elhelyez\u00e9s alapvet\u0151 fontoss\u00e1g\u00fa, \u00e9s hat\u00e1ssal van a m\u00e9r\u00e9sek reprezentativit\u00e1s\u00e1ra. K\u00fcl\u00f6n\u00f6sen ker\u00fclje az \u00e9rz\u00e9kel\u0151k ablakokra vagy azok k\u00f6zvetlen k\u00f6zel\u00e9be t\u00f6rt\u00e9n\u0151 elhelyez\u00e9s\u00e9t.   <\/p>\n\n\n\n<blockquote class=\"wp-block-quote is-layout-flow wp-block-quote-is-layout-flow\">\n<p>Javasoljuk, <strong>hogy 40 m\u00b2-es ter\u00fcletenk\u00e9nt egy CO2-\u00e9rz\u00e9kel\u0151t telep\u00edtsen<\/strong>.<\/p>\n<\/blockquote>\n\n\n\n<div class=\"wp-block-buttons is-horizontal is-content-justification-center is-layout-flex wp-container-core-buttons-is-layout-03627597 wp-block-buttons-is-layout-flex\">\n<div class=\"wp-block-button\"><a class=\"wp-block-button__link wp-element-button\" href=\"https:\/\/obera.fr\/contact\/\">Tudjon meg t\u00f6bbet<\/a><\/div>\n<\/div>\n\n\n\n<h2 class=\"wp-block-heading\">M\u0171szaki specifik\u00e1ci\u00f3k<\/h2>\n\n\n\n<figure class=\"wp-block-table\"><table class=\"has-fixed-layout\"><tbody><tr><td>CO2-\u00e9rz\u00e9kel\u0151<\/td><td>NDIR technol\u00f3gia (nem diszperz\u00edv infrav\u00f6r\u00f6s \u00e9rz\u00e9kel\u0151) automatikus kalibr\u00e1ci\u00f3val<br>M\u00e9r\u00e9si tartom\u00e1ny: 0-5000 ppm (+- 60 ppm)<\/td><\/tr><tr><td>P\u00e1ratartalom \u00e9s h\u0151m\u00e9rs\u00e9klet \u00e9rz\u00e9kel\u0151<\/td><td>Opcion\u00e1lis<\/td><\/tr><tr><td>Z\u00f6ld\/s\u00e1rga\/piros jelz\u0151l\u00e1mpa kijelz\u0151<\/td><td>Z\u00f6ld: &lt; 800 ppm<br>S\u00e1rga: 800 &#8211; 2000 ppm<br>Piros &gt; 2000 ppm<\/td><\/tr><tr><td>Hangjelz\u00e9s<\/td><td>Opci\u00f3<br>A riaszt\u00e1s percenk\u00e9nt megsz\u00f3lal, ha a k\u00fcsz\u00f6b\u00e9rt\u00e9ket t\u00fall\u00e9pik.<\/td><\/tr><tr><td>T\u00e1pk\u00e1bel<\/td><td>12V-os t\u00e1pegys\u00e9g EU csatlakoz\u00f3val (hossza: 1,5 m\u00e9ter)<\/td><\/tr><tr><td>T\u00e1pegys\u00e9g<\/td><td>12V &#8211; 34V AC\/DC<\/td><\/tr><tr><td>Energiafogyaszt\u00e1s<\/td><td>40 &#8211; 80 mA<\/td><\/tr><tr><td>Fizikai mennyis\u00e9gek m\u00e9r\u00e9se<\/td><td>CO2 ppm-ben<\/td><\/tr><tr><td>Box<\/td><td>ABS burkolat, feh\u00e9r RAL 9010<br>Fali r\u00f6gz\u00edt\u00e9shez sz\u00fcks\u00e9ges furatok<br>M\u00e9retek 87,5 x 87,5 x 30mm<\/td><\/tr><tr><td>\u00c1llv\u00e1ny asztali r\u00f6gz\u00edt\u00e9shez<\/td><td>Opcion\u00e1lis \u00e1llv\u00e1ny<br>Rozsdamentes ac\u00e9l talapzat<\/td><\/tr><tr><td>V\u00e9delmi oszt\u00e1ly<\/td><td>IP30<\/td><\/tr><\/tbody><\/table><\/figure>\n\n\n\n<div style=\"height:25px\" aria-hidden=\"true\" class=\"wp-block-spacer\"><\/div>\n\n\n\n<h2 class=\"wp-block-heading\">Egy\u00e9b OberA leveg\u0151elemz\u0151 k\u00e9sz\u00fcl\u00e9kek<\/h2>\n\n\n\n<div class=\"wp-block-columns is-layout-flex wp-container-core-columns-is-layout-28f84493 wp-block-columns-is-layout-flex\">\n<div class=\"wp-block-column is-layout-flow wp-block-column-is-layout-flow\">\n<figure class=\"wp-block-image aligncenter size-thumbnail is-resized\"><a href=\"https:\/\/obera.fr\/produits\/analyseurs-air\/compteur-particules\/\"><img decoding=\"async\" width=\"150\" height=\"150\" src=\"https:\/\/obera.fr\/wp-content\/uploads\/2020\/08\/compteur-de-particules-150x150.png\" alt=\"R\u00e9szecskesz\u00e1ml\u00e1l\u00f3 Trotec PC220 - R\u00e9szecskesz\u00e1ml\u00e1l\u00f3\" class=\"wp-image-714\" style=\"width:150px;height:150px\" srcset=\"https:\/\/obera.fr\/wp-content\/uploads\/2020\/08\/compteur-de-particules-150x150.png 150w, https:\/\/obera.fr\/wp-content\/uploads\/2020\/08\/compteur-de-particules-300x300.png 300w, https:\/\/obera.fr\/wp-content\/uploads\/2020\/08\/compteur-de-particules.png 433w\" sizes=\"(max-width: 150px) 100vw, 150px\" \/><\/a><figcaption class=\"wp-element-caption\">R\u00e9szecske m\u00e9r\u0151<\/figcaption><\/figure>\n<\/div>\n<\/div>\n","protected":false},"excerpt":{"rendered":"<p>A leveg\u0151min\u0151s\u00e9g m\u00e9r\u00e9se k\u00f6zleked\u00e9si l\u00e1mp\u00e1kkal Az OBCARE CO2-\u00e9rz\u00e9kel\u0151 val\u00f3s id\u0151ben figyeli a leveg\u0151 min\u0151s\u00e9g\u00e9t z\u00e1rt terekben. A figyelmeztet\u0151 f\u00e9nyekkel ell\u00e1tott t\u00f6bbsz\u00edn\u0171 kijelz\u0151je azonnali \u00e1ttekint\u00e9st ny\u00fajt a leveg\u0151 min\u0151s\u00e9g\u00e9r\u0151l, \u00e9s ppm-ben mutatja a CO2-koncentr\u00e1ci\u00f3t. Ezek a f\u00e9nyek egy\u00e9rtelm\u0171 vizu\u00e1lis jelz\u00e9seket adnak, \u00e9s figyelmeztetik a felhaszn\u00e1l\u00f3kat a sz\u00fcks\u00e9ges l\u00e9p\u00e9sekre: tiszt\u00edts\u00e1k meg a leveg\u0151t mobil l\u00e9gtiszt\u00edt\u00f3 egys\u00e9gek telep\u00edt\u00e9s\u00e9vel \u00e9s\/vagy szell\u0151ztessenek term\u00e9szetes m\u00f3don. Az OBCARE el\u0151nyei sz\u00e9ndioxid-kapacit\u00e1s Az OBCARE CO2-\u00e9rz\u00e9kel\u0151 folyamatosan m\u00e9ri a leveg\u0151 min\u0151s\u00e9g\u00e9t. A ppm-ben megjelen\u00edtett inform\u00e1ci\u00f3k val\u00f3s id\u0151ben jelennek meg. A k\u00e9sz\u00fcl\u00e9k k\u00f6nnyen be\u00e1ll\u00edthat\u00f3 \u00e9s mozgathat\u00f3. P\u00c9LD\u00c1K IPAR\u00c1GAKRA \u00d6sszeszerel\u00e9s t\u00edpusai A leveg\u0151min\u0151s\u00e9gm\u00e9r\u0151 asztalra vagy falra szerelhet\u0151. Rozsdamentes ac\u00e9l \u00e1llv\u00e1nya(opcion\u00e1lisan rendelhet\u0151) lehet\u0151v\u00e9 &#8230; <\/p>\n<p class=\"read-more-container\"><a title=\"OBCARE CO2-\u00e9rz\u00e9kel\u0151\" class=\"read-more button\" href=\"https:\/\/obera.fr\/hu\/produits\/analyseurs-air\/capteur-co2-obcare\/#more-108407\" aria-label=\"Read more about OBCARE CO2-\u00e9rz\u00e9kel\u0151\">Lire la suite<\/a><\/p>\n","protected":false},"author":4,"featured_media":83741,"parent":83922,"menu_order":0,"comment_status":"closed","ping_status":"closed","template":"","meta":{"_acf_changed":false,"_seopress_robots_primary_cat":"","_seopress_titles_title":"OBCARE CO2-\u00e9rz\u00e9kel\u0151 a leveg\u0151 min\u0151s\u00e9g\u00e9nek m\u00e9r\u00e9s\u00e9re","_seopress_titles_desc":"Fedezze fel CO2-\u00e9rz\u00e9kel\u0151nket, amely ide\u00e1lis a covid-19 kezel\u00e9s kieg\u00e9sz\u00edt\u00e9s\u00e9re. A CO2-szintet ppm-ben jelzi, \u00e9s \u00e9l\u0151 inform\u00e1ci\u00f3t ny\u00fajt a leveg\u0151 min\u0151s\u00e9g\u00e9r\u0151l.","_seopress_robots_index":"","footnotes":""},"class_list":{"0":"post-108407","1":"page","2":"type-page","3":"status-publish","4":"has-post-thumbnail","6":"no-featured-image-padding","7":"resize-featured-image"},"acf":[],"_links":{"self":[{"href":"https:\/\/obera.fr\/hu\/wp-json\/wp\/v2\/pages\/108407","targetHints":{"allow":["GET"]}}],"collection":[{"href":"https:\/\/obera.fr\/hu\/wp-json\/wp\/v2\/pages"}],"about":[{"href":"https:\/\/obera.fr\/hu\/wp-json\/wp\/v2\/types\/page"}],"author":[{"embeddable":true,"href":"https:\/\/obera.fr\/hu\/wp-json\/wp\/v2\/users\/4"}],"replies":[{"embeddable":true,"href":"https:\/\/obera.fr\/hu\/wp-json\/wp\/v2\/comments?post=108407"}],"version-history":[{"count":2,"href":"https:\/\/obera.fr\/hu\/wp-json\/wp\/v2\/pages\/108407\/revisions"}],"predecessor-version":[{"id":108434,"href":"https:\/\/obera.fr\/hu\/wp-json\/wp\/v2\/pages\/108407\/revisions\/108434"}],"up":[{"embeddable":true,"href":"https:\/\/obera.fr\/hu\/wp-json\/wp\/v2\/pages\/83922"}],"wp:featuredmedia":[{"embeddable":true,"href":"https:\/\/obera.fr\/hu\/wp-json\/wp\/v2\/media\/83741"}],"wp:attachment":[{"href":"https:\/\/obera.fr\/hu\/wp-json\/wp\/v2\/media?parent=108407"}],"curies":[{"name":"wp","href":"https:\/\/api.w.org\/{rel}","templated":true}]}}