{"id":115363,"date":"2025-06-26T12:05:10","date_gmt":"2025-06-26T10:05:10","guid":{"rendered":"https:\/\/obera.fr\/clearbox\/"},"modified":"2025-06-26T12:09:51","modified_gmt":"2025-06-26T10:09:51","slug":"clearbox","status":"publish","type":"page","link":"https:\/\/obera.fr\/hu\/clearbox\/","title":{"rendered":"Clearbox"},"content":{"rendered":"\n<div class=\"wp-block-columns is-layout-flex wp-container-core-columns-is-layout-28f84493 wp-block-columns-is-layout-flex\">\n<div class=\"wp-block-column is-layout-flow wp-block-column-is-layout-flow\" style=\"flex-basis:33.33%\">\n<figure class=\"wp-block-image aligncenter size-medium\"><img decoding=\"async\" width=\"300\" height=\"267\" src=\"https:\/\/obera.fr\/wp-content\/uploads\/2025\/06\/clearbox-300x267.png\" alt=\"clearbox\" class=\"wp-image-109012\" srcset=\"https:\/\/obera.fr\/wp-content\/uploads\/2025\/06\/clearbox-300x267.png 300w, https:\/\/obera.fr\/wp-content\/uploads\/2025\/06\/clearbox.png 534w\" sizes=\"(max-width: 300px) 100vw, 300px\" \/><figcaption class=\"wp-element-caption\">Clearbox<\/figcaption><\/figure>\n<\/div>\n\n\n\n<div class=\"wp-block-column is-layout-flow wp-block-column-is-layout-flow\" style=\"flex-basis:66.66%\">\n<p class=\"has-drop-cap\"><\/p>\n\n\n\n<hr class=\"wp-block-separator has-text-color has-black-color has-css-opacity has-black-background-color has-background is-style-dots\"\/>\n\n\n\n<div class=\"wp-block-columns is-layout-flex wp-container-core-columns-is-layout-28f84493 wp-block-columns-is-layout-flex\">\n<div class=\"wp-block-column is-layout-flow wp-block-column-is-layout-flow\" style=\"flex-basis:33.33%\">\n<div class=\"wp-block-buttons is-layout-flex wp-block-buttons-is-layout-flex\">\n<div class=\"wp-block-button\"><a class=\"wp-block-button__link wp-element-button\" href=\"https:\/\/obera.fr\/wp-content\/uploads\/2025\/06\/fr-caisson-mobile-daspiration-clearbox-1.pdf\">A BROS\u00daRA LET\u00d6LT\u00c9SE<\/a><\/div>\n<\/div>\n<\/div>\n\n\n\n<div class=\"wp-block-column is-layout-flow wp-block-column-is-layout-flow\" style=\"flex-basis:33.34%\">\n<div class=\"wp-block-buttons is-horizontal is-content-justification-center is-layout-flex wp-container-core-buttons-is-layout-03627597 wp-block-buttons-is-layout-flex\">\n<div class=\"wp-block-button\"><a class=\"wp-block-button__link wp-element-button\" href=\"https:\/\/obera.fr\/contact\/\">Tudjon meg t\u00f6bbet<\/a><\/div>\n<\/div>\n<\/div>\n\n\n\n<div class=\"wp-block-column is-layout-flow wp-block-column-is-layout-flow\" style=\"flex-basis:33.34%\">\n<div class=\"wp-block-buttons is-content-justification-center is-layout-flex wp-container-core-buttons-is-layout-a89b3969 wp-block-buttons-is-layout-flex\">\n<div class=\"wp-block-button btn-devis-source\"><a class=\"wp-block-button__link wp-element-button\" href=\"https:\/\/obera.fr\/hu\/devis\/\">K\u00e9rjen \u00e1raj\u00e1nlatot<\/a><\/div>\n<\/div>\n\n\n<script>\r\ndocument.addEventListener('DOMContentLoaded', function() {\r\n    \/\/ 1. On cherche le titre H1 de la page\r\n    var h1 = document.querySelector('h1');\r\n    var productTitle = h1 ? h1.innerText.trim() : \"\";\r\n\r\n    \/\/ 2. On cherche les boutons via la classe CSS .btn-devis-source\r\n    var buttons = document.querySelectorAll('.btn-devis-source a');\r\n\r\n    \/\/ 3. Si on a le titre et les boutons, on ajoute le param\u00e8tre\r\n    if (buttons.length > 0 && productTitle !== \"\") {\r\n        var encodedTitle = encodeURIComponent(productTitle);\r\n\r\n        buttons.forEach(function(btn) {\r\n            var currentHref = btn.getAttribute('href');\r\n            \r\n            \/\/ S\u00e9curit\u00e9 pour ne pas ajouter le param\u00e8tre 2 fois\r\n            if (currentHref.indexOf('sujet=') === -1) {\r\n                var separator = currentHref.indexOf('?') !== -1 ? '&' : '?';\r\n                var newLink = currentHref + separator + 'sujet=' + encodedTitle;\r\n                \r\n                btn.setAttribute('href', newLink);\r\n            }\r\n        });\r\n    }\r\n});\r\n<\/script><\/div>\n<\/div>\n\n\n\n<p><\/p>\n<\/div>\n<\/div>\n\n<p>A Clearbox egy Franciaorsz\u00e1gban gy\u00e1rtott <strong>mobil elsz\u00edv\u00f3egys\u00e9g<\/strong>, 5 \u00e9v garanci\u00e1val \u00e9s nagy teljes\u00edtm\u00e9ny\u0171 \u00e1raml\u00e1si sebess\u00e9ggel. Kifejezetten az ill\u00e9kony szerves vegy\u00fcletek (VOC), g\u00e1zok, szagok, old\u00f3szerek, por \u00e9s f\u00fcst\u00f6k kezel\u00e9s\u00e9re tervezt\u00e9k.   <\/p>\n\n<p><\/p>\n\n<p>Ez a k\u00e9sz\u00fcl\u00e9k k\u00fcl\u00f6nb\u00f6z\u0151 sz\u0171r\u00e9si szinteket k\u00edn\u00e1l, 2-t\u0151l 3 fokozatig, \u00e9s az \u00d6n egyedi ig\u00e9nyei szerint konfigur\u00e1lhat\u00f3, garant\u00e1lva a<strong>szennyez\u0151 anyagok<\/strong> optim\u00e1lis hat\u00e9konys\u00e1g\u00e1t. G4 el\u0151sz\u0171r\u0151vel, F9 \u00e9s H14 tel\u00edt\u00e9si sz\u0171r\u0151kkel van felszerelve a por \u00e9s a f\u00fcst ellen, \u00e9s akt\u00edv sz\u00e9nnel is felszerelhet\u0151 a <strong>g\u00e1zok \u00e9s a VOC-k kezel\u00e9s\u00e9re<\/strong>.   <\/p>\n\n<p><\/p>\n\n<p>R\u00e1ad\u00e1sul h\u00e1rom v\u00e1ltozatban kaphat\u00f3: sz\u00edv\u00f3karral, cs\u00f6ves bemenettel vagy <strong>sz\u00edv\u00f3asztal form\u00e1j\u00e1ban<\/strong>. ATEX poros v\u00e1ltozat is rendelkez\u00e9sre \u00e1ll. <\/p>\n\n<div class=\"wp-block-columns is-layout-flex wp-container-core-columns-is-layout-28f84493 wp-block-columns-is-layout-flex\">\n<div class=\"wp-block-column is-layout-flow wp-block-column-is-layout-flow\">\n<h2 class=\"wp-block-heading has-text-align-center\"><strong>El\u0151ny\u00f6k<\/strong><\/h2>\n\n\n\n<ul class=\"wp-block-list\">\n<li>Nagyon magas ventil\u00e1tor<\/li>\n\n\n\n<li>teljes\u00edtm\u00e9ny<\/li>\n\n\n\n<li>Hangtomp\u00edt\u00f3<\/li>\n\n\n\n<li>Mobil, k\u00f6nny\u0171 \u00e9s k\u00f6nnyen kezelhet\u0151<br\/><\/li>\n\n\n\n<li>Kis helyig\u00e9ny\u0171<br\/><\/li>\n\n\n\n<li>K\u00f6nny\u0171 karbantart\u00e1s<br\/>a sz\u0171r\u0151k<\/li>\n\n\n\n<li>Az \u00e1raml\u00e1si sebess\u00e9g 0 \u00e9s<br\/>100% k\u00f6z\u00f6tt \u00e1ll\u00edthat\u00f3.<\/li>\n\n\n\n<li>T\u00e1pegys\u00e9g<br\/>szabv\u00e1nyos 230V-os aljzattal<\/li>\n<\/ul>\n<\/div>\n\n\n\n<div class=\"wp-block-column is-layout-flow wp-block-column-is-layout-flow\">\n<h2 class=\"wp-block-heading has-text-align-center\"><strong>K\u00fcl\u00f6nleges jellemz\u0151k<\/strong><\/h2>\n\n\n\n<ul class=\"wp-block-list\">\n<li>Cser\u00e9je<\/li>\n\n\n\n<li>nagy teljes\u00edtm\u00e9ny\u0171 sz\u0171r\u0151k\u00f6zeg<\/li>\n\n\n\n<li>easy<\/li>\n\n\n\n<li>Friss\u00edthet\u0151 \u00e9s konfigur\u00e1lhat\u00f3<br\/><\/li>\n\n\n\n<li>Nagy adszorpci\u00f3s kapacit\u00e1s<br\/><\/li>\n\n\n\n<li>\u00d3ramutat\u00f3<\/li>\n\n\n\n<li>M\u00e9r\u00e9s<br\/>a<br\/>sz\u0171r\u0151k\u00f6n l\u00e9v\u0151 szennyez\u0151d\u00e9sek m\u00e9r\u00e9se <\/li>\n\n\n\n<li>\u00c1raml\u00e1si sebess\u00e9g be\u00e1ll\u00edt\u00e1sa<br\/>0 \u00e9s 100% k\u00f6z\u00f6tt.<\/li>\n\n\n\n<li>Plug &amp; Play rendszer<\/li>\n\n\n\n<li>ATEX opci\u00f3<br\/>por<\/li>\n<\/ul>\n<\/div>\n\n\n\n<div class=\"wp-block-column is-layout-flow wp-block-column-is-layout-flow\">\n<h2 class=\"wp-block-heading has-text-align-center\"><strong>Jellemz\u0151k<\/strong><\/h2>\n\n\n\n<ul class=\"wp-block-list\">\n<li>Maxim\u00e1lis \u00e1raml\u00e1s :<\/li>\n\n\n\n<li>2000m3\/h<\/li>\n\n\n\n<li>Be\u00e9p\u00edtett teljes\u00edtm\u00e9ny:<br\/>750W<\/li>\n\n\n\n<li>T\u00e1pegys\u00e9g: 230V<\/li>\n\n\n\n<li>M\u00e9retek: 710 x<br\/>710 x 2050<\/li>\n\n\n\n<li>S\u00faly: 70kg<\/li>\n\n\n\n<li>Zajszint:<br\/>72Db<\/li>\n<\/ul>\n<\/div>\n<\/div>\n\n<h2 class=\"wp-block-heading\">Milyen c\u00e9lokra?<\/h2>\n\n<p>A <strong>Clearbox egy praktikus <\/strong>, kompakt k\u00e9sz\u00fcl\u00e9k, amelyet a g\u00e1znem\u0171 szennyez\u0151 anyagok, szagok, por \u00e9s f\u00fcst hat\u00e9kony felfog\u00e1s\u00e1ra \u00e9s kezel\u00e9s\u00e9re terveztek. G\u00f6rg\u0151kkel felszerelve <strong>k\u00f6nnyen beilleszthet\u0151 b\u00e1rmilyen munkater\u00fcletre<\/strong>, \u00e9s k\u00e9pes kezelni mind a r\u00f6gz\u00edtett, mind a mobil munkahelyeket. <\/p>\n\n<p><br\/>A Clearbox <strong>G4 el\u0151sz\u0171r\u0151vel, F9-H14 tel\u00edt\u00e9si sz\u0171r\u0151kkel <\/strong>\u00e9s sz\u00fcks\u00e9g eset\u00e9n akt\u00edv sz\u00e9nnel van felszerelve. ATEX poros kivitelben is kaphat\u00f3. A sz\u0171r\u0151k rendszeres karbantart\u00e1sa elengedhetetlen a k\u00e9sz\u00fcl\u00e9k megfelel\u0151 m\u0171k\u00f6d\u00e9s\u00e9hez.  <\/p>\n\n<div class=\"wp-block-columns is-layout-flex wp-container-core-columns-is-layout-28f84493 wp-block-columns-is-layout-flex\">\n<div class=\"wp-block-column is-layout-flow wp-block-column-is-layout-flow\">\n<h3 class=\"wp-block-heading has-text-align-center\">Szennyez\u0151 anyagok<\/h3>\n\n\n\n<hr class=\"wp-block-separator has-css-opacity is-style-wide\"\/>\n\n\n\n<div class=\"wp-block-columns is-layout-flex wp-container-core-columns-is-layout-28f84493 wp-block-columns-is-layout-flex\">\n<div class=\"wp-block-column is-layout-flow wp-block-column-is-layout-flow\">\n<figure class=\"wp-block-image aligncenter size-large\"><img decoding=\"async\" width=\"70\" height=\"70\" src=\"https:\/\/obera.fr\/wp-content\/uploads\/2020\/08\/industrie-fumees.jpg\" alt=\"Ipari f&#xFC;st\" class=\"wp-image-722\"\/><figcaption class=\"wp-element-caption\">G\u0151z\u00f6k<\/figcaption><\/figure>\n<\/div>\n\n\n\n<div class=\"wp-block-column is-layout-flow wp-block-column-is-layout-flow\">\n<figure class=\"wp-block-image aligncenter size-large\"><img decoding=\"async\" width=\"70\" height=\"70\" src=\"https:\/\/obera.fr\/wp-content\/uploads\/2020\/08\/polluants-poussieres.jpg\" alt=\"Szennyez&#x151; anyagok Por\" class=\"wp-image-675\"\/><figcaption class=\"wp-element-caption\">Por<\/figcaption><\/figure>\n<\/div>\n<\/div>\n\n\n\n<div class=\"wp-block-columns is-layout-flex wp-container-core-columns-is-layout-28f84493 wp-block-columns-is-layout-flex\">\n<div class=\"wp-block-column is-layout-flow wp-block-column-is-layout-flow\">\n<figure class=\"wp-block-image aligncenter size-large\"><img decoding=\"async\" width=\"70\" height=\"70\" src=\"https:\/\/obera.fr\/wp-content\/uploads\/2020\/08\/industrie-odeur.jpg\" alt=\"Ipari szag\" class=\"wp-image-723\"\/><figcaption class=\"wp-element-caption\">Szagok<\/figcaption><\/figure>\n<\/div>\n\n\n\n<div class=\"wp-block-column is-layout-flow wp-block-column-is-layout-flow\">\n<figure class=\"wp-block-image aligncenter size-large is-resized\"><img decoding=\"async\" width=\"70\" height=\"70\" src=\"https:\/\/obera.fr\/wp-content\/uploads\/2020\/10\/industrie-aerosols.jpg\" alt=\"Ipari aeroszolok\" class=\"wp-image-1201\" style=\"width:70px;height:auto\"\/><figcaption class=\"wp-element-caption\">VOCS<\/figcaption><\/figure>\n<\/div>\n<\/div>\n<\/div>\n\n\n\n<div class=\"wp-block-column is-layout-flow wp-block-column-is-layout-flow\">\n<h3 class=\"wp-block-heading has-text-align-center\">Ipar\u00e1gak<\/h3>\n\n\n\n<hr class=\"wp-block-separator has-css-opacity is-style-wide\"\/>\n\n\n\n<div class=\"wp-block-columns is-layout-flex wp-container-core-columns-is-layout-28f84493 wp-block-columns-is-layout-flex\">\n<div class=\"wp-block-column is-layout-flow wp-block-column-is-layout-flow\" style=\"flex-basis:100%\">\n<div style=\"height:47px\" aria-hidden=\"true\" class=\"wp-block-spacer\"><\/div>\n\n\n\n<p class=\"has-text-align-center\">Alkalmas minden t\u00edpus\u00fa ipar\u00e1g sz\u00e1m\u00e1ra<\/p>\n<\/div>\n\n\n\n<div class=\"wp-block-column is-layout-flow wp-block-column-is-layout-flow\"><\/div>\n<\/div>\n<\/div>\n<\/div>\n\n<div class=\"wp-block-buttons is-horizontal is-content-justification-center is-layout-flex wp-container-core-buttons-is-layout-03627597 wp-block-buttons-is-layout-flex\">\n<div class=\"wp-block-button\"><a class=\"wp-block-button__link wp-element-button\" href=\"https:\/\/obera.fr\/contact\/\">Tudjon meg t\u00f6bbet<\/a><\/div>\n<\/div>\n\n<h2 class=\"wp-block-heading\">Mik a Clearbox jellemz\u0151i?<\/h2>\n\n<p>A Clearbox egy Franciaorsz\u00e1gban gy\u00e1rtott <strong>mobil sz\u00edv\u00f3egys\u00e9g<\/strong>, 5 \u00e9v garanci\u00e1val \u00e9s 2000 m\u00b3\/h nagy teljes\u00edtm\u00e9ny\u0171 \u00e1raml\u00e1si sebess\u00e9ggel. A nagy teljes\u00edtm\u00e9ny\u0171 sz\u0171r\u00e9s 3 szintj\u00e9vel rendelkezik, amelyek az \u00d6n ig\u00e9nyei szerint konfigur\u00e1lhat\u00f3k. 2 <strong>sz\u0171r\u00e9si <\/strong>szinten kaphat\u00f3 <strong>G4 el\u0151sz\u0171r\u0151vel <\/strong>\u00e9s F9-H14 tel\u00edt\u00e9si sz\u0171r\u0151vel, vagy 3 szinten akt\u00edv sz\u00e9nnel.    <\/p>\n\n<p><\/p>\n\n<p>R\u00e1ad\u00e1sul h\u00e1rom v\u00e1ltozatban kaphat\u00f3: sz\u00edv\u00f3karral, cs\u00f6ves bemenettel vagy <strong>sz\u00edv\u00f3asztal form\u00e1j\u00e1ban<\/strong>, \u00e9s ATEX poros v\u00e1ltozatban is \u00e1talak\u00edthat\u00f3. Nagy adszorpci\u00f3s kapacit\u00e1s\u00e1nak k\u00f6sz\u00f6nhet\u0151en a szennyez\u0151 anyagok maxim\u00e1lis sz\u00e1m\u00e1t t\u00e1vol\u00edtja el.   <\/p>\n\n<p><\/p>\n\n<p>A k\u00e9sz\u00fcl\u00e9k zavartalan m\u0171k\u00f6d\u00e9s\u00e9hez elengedhetetlen a sz\u0171r\u0151 rendszeres cser\u00e9je. A be\u00e9p\u00edtett <strong>sz\u0171r\u0151elt\u00f6m\u0151d\u00e9s-m\u00e9r\u0151 rendszer<\/strong> jelzi, mikor van itt az ideje a sz\u0171r\u0151cser\u00e9nek, a sz\u0171r\u0151k\u00f6zeg cser\u00e9je pedig egyszer\u0171. <\/p>\n\n<p><\/p>\n\n<p>Plug and Play, \u00edgy k\u00f6nnyen telep\u00edthet\u0151. G\u00f6rg\u0151kkel \u00e9s <strong>k\u00fcl\u00f6n\u00f6sen kompakt kialak\u00edt\u00e1ssal<\/strong> rendelkezik, \u00edgy k\u00f6nnyen man\u0151verezhet\u0151, \u00e9s b\u00e1rmilyen munkak\u00f6rnyezethez alkalmazkodik. <\/p>\n\n<p><\/p>\n\n<figure class=\"wp-block-table\"><table class=\"has-fixed-layout\"><tbody><tr><td><strong>Eszk\u00f6z  <\/strong><\/td><td><\/td><td><strong>Karral  <\/strong><\/td><td><strong>Cs\u00f6ves bej\u00e1rat  <\/strong><\/td><td><strong>Asztal<\/strong><\/td><\/tr><tr><td>Maxim\u00e1lis \u00e1raml\u00e1s  <\/td><td>m3\/h  <\/td><td>2000  <\/td><td>2500  <\/td><td>5000<\/td><\/tr><tr><td>\u00c1raml\u00e1sszab\u00e1lyoz\u00e1s<\/td><td>%\u00a0<\/td><td>0-100  <\/td><td>0-100  <\/td><td>0-100<\/td><\/tr><tr><td>Be\u00e9p\u00edtett kapacit\u00e1s<\/td><td>W  <\/td><td>750  <\/td><td>750  <\/td><td>750<\/td><\/tr><tr><td>T\u00e1pegys\u00e9g  <\/td><td>V  <\/td><td>230  <\/td><td>230  <\/td><td>230<\/td><\/tr><tr><td>Teljes m\u00e9retek (SzxLxH)<\/td><td>mm  <\/td><td>710x710x2050  <\/td><td>710x710x2050  <\/td><td>710x710x2050<\/td><\/tr><tr><td>S\u00faly  <\/td><td>kg  <\/td><td>70  <\/td><td>75  <\/td><td>75<\/td><\/tr><tr><td>Zajszint  <\/td><td>dB  <\/td><td>72  <\/td><td>72  <\/td><td>72<\/td><\/tr><\/tbody><\/table><\/figure>\n","protected":false},"excerpt":{"rendered":"<p>A Clearbox egy Franciaorsz\u00e1gban gy\u00e1rtott mobil elsz\u00edv\u00f3egys\u00e9g, 5 \u00e9v garanci\u00e1val \u00e9s nagy teljes\u00edtm\u00e9ny\u0171 \u00e1raml\u00e1si sebess\u00e9ggel. Kifejezetten az ill\u00e9kony szerves vegy\u00fcletek (VOC), g\u00e1zok, szagok, old\u00f3szerek, por \u00e9s f\u00fcst\u00f6k kezel\u00e9s\u00e9re tervezt\u00e9k. Ez a k\u00e9sz\u00fcl\u00e9k k\u00fcl\u00f6nb\u00f6z\u0151 sz\u0171r\u00e9si szinteket k\u00edn\u00e1l, 2-t\u0151l 3 fokozatig, \u00e9s az \u00d6n egyedi ig\u00e9nyei szerint konfigur\u00e1lhat\u00f3, garant\u00e1lva aszennyez\u0151 anyagok optim\u00e1lis hat\u00e9konys\u00e1g\u00e1t. G4 el\u0151sz\u0171r\u0151vel, F9 \u00e9s H14 tel\u00edt\u00e9si sz\u0171r\u0151kkel van felszerelve a por \u00e9s a f\u00fcst ellen, \u00e9s akt\u00edv sz\u00e9nnel is felszerelhet\u0151 a g\u00e1zok \u00e9s a VOC-k kezel\u00e9s\u00e9re. R\u00e1ad\u00e1sul h\u00e1rom v\u00e1ltozatban kaphat\u00f3: sz\u00edv\u00f3karral, cs\u00f6ves bemenettel vagy sz\u00edv\u00f3asztal form\u00e1j\u00e1ban. ATEX poros v\u00e1ltozat is rendelkez\u00e9sre \u00e1ll. El\u0151ny\u00f6k K\u00fcl\u00f6nleges jellemz\u0151k Jellemz\u0151k Milyen c\u00e9lokra? A &#8230; <\/p>\n<p class=\"read-more-container\"><a title=\"Clearbox\" class=\"read-more button\" href=\"https:\/\/obera.fr\/hu\/clearbox\/#more-115363\" aria-label=\"Read more about Clearbox\">Lire la suite<\/a><\/p>\n","protected":false},"author":4,"featured_media":0,"parent":0,"menu_order":0,"comment_status":"closed","ping_status":"closed","template":"","meta":{"_acf_changed":false,"_seopress_robots_primary_cat":"","_seopress_titles_title":"Clearbox: Nagy teljes\u00edtm\u00e9ny\u0171 mobil sz\u00edv\u00f3egys\u00e9g","_seopress_titles_desc":"Fedezze fel a Clearboxot, a nagy teljes\u00edtm\u00e9ny\u0171 mobil elsz\u00edv\u00f3egys\u00e9get VOC-ok, g\u00e1zok, f\u00fcst \u00e9s por elsz\u00edv\u00e1s\u00e1ra. Franciaorsz\u00e1gban k\u00e9sz\u00fclt, 5 \u00e9v garanci\u00e1val, konfigur\u00e1lhat\u00f3 \u00e9s kompakt. ","_seopress_robots_index":"","footnotes":""},"class_list":{"0":"post-115363","1":"page","2":"type-page","3":"status-publish","5":"no-featured-image-padding"},"acf":[],"_links":{"self":[{"href":"https:\/\/obera.fr\/hu\/wp-json\/wp\/v2\/pages\/115363","targetHints":{"allow":["GET"]}}],"collection":[{"href":"https:\/\/obera.fr\/hu\/wp-json\/wp\/v2\/pages"}],"about":[{"href":"https:\/\/obera.fr\/hu\/wp-json\/wp\/v2\/types\/page"}],"author":[{"embeddable":true,"href":"https:\/\/obera.fr\/hu\/wp-json\/wp\/v2\/users\/4"}],"replies":[{"embeddable":true,"href":"https:\/\/obera.fr\/hu\/wp-json\/wp\/v2\/comments?post=115363"}],"version-history":[{"count":1,"href":"https:\/\/obera.fr\/hu\/wp-json\/wp\/v2\/pages\/115363\/revisions"}],"predecessor-version":[{"id":115365,"href":"https:\/\/obera.fr\/hu\/wp-json\/wp\/v2\/pages\/115363\/revisions\/115365"}],"wp:attachment":[{"href":"https:\/\/obera.fr\/hu\/wp-json\/wp\/v2\/media?parent=115363"}],"curies":[{"name":"wp","href":"https:\/\/api.w.org\/{rel}","templated":true}]}}