{"id":115385,"date":"2025-06-26T12:11:21","date_gmt":"2025-06-26T10:11:21","guid":{"rendered":"https:\/\/obera.fr\/produits\/caissons-mobiles-aspiration\/clearbox\/"},"modified":"2025-07-08T12:03:24","modified_gmt":"2025-07-08T10:03:24","slug":"clearbox","status":"publish","type":"page","link":"https:\/\/obera.fr\/hu\/produits\/caissons-mobiles-aspiration\/clearbox\/","title":{"rendered":"Clearbox"},"content":{"rendered":"\n<p>A Clearbox egy <strong>Franciaorsz\u00e1gban gy\u00e1rtott mobil elsz\u00edv\u00f3egys\u00e9g<\/strong>, 5 \u00e9v garanci\u00e1val \u00e9s nagy teljes\u00edtm\u00e9ny\u0171 \u00e1raml\u00e1si sebess\u00e9ggel. Kifejezetten az ill\u00e9kony szerves vegy\u00fcletek (VOC), g\u00e1zok, szagok, old\u00f3szerek, por \u00e9s f\u00fcst\u00f6k kezel\u00e9s\u00e9re tervezt\u00e9k. <\/p>\n\n\n<div class=\"wp-block-columns is-layout-flex wp-container-core-columns-is-layout-28f84493 wp-block-columns-is-layout-flex\">\n<div class=\"wp-block-column is-layout-flow wp-block-column-is-layout-flow\">\n<p>Ez a k\u00e9sz\u00fcl\u00e9k <strong>k\u00fcl\u00f6nb\u00f6z\u0151 sz\u0171r\u00e9si szinteket k\u00edn\u00e1l<\/strong>, 2-t\u0151l 3 fokozatig, \u00e9s az \u00d6n egyedi ig\u00e9nyei szerint konfigur\u00e1lhat\u00f3, garant\u00e1lva a szennyez\u0151 anyagok optim\u00e1lis hat\u00e9konys\u00e1g\u00e1t. G4 el\u0151sz\u0171r\u0151vel, F9 \u00e9s H14 tel\u00edt\u00e9si sz\u0171r\u0151kkel van felszerelve a por \u00e9s a f\u00fcst ellen, \u00e9s akt\u00edv sz\u00e9nnel is felszerelhet\u0151 a <strong>g\u00e1zok \u00e9s a VOC-k kezel\u00e9s\u00e9re<\/strong>. <\/p>\n\n\n\n<p><br\/>R\u00e1ad\u00e1sul h\u00e1rom v\u00e1ltozatban kaphat\u00f3: sz\u00edv\u00f3karral, cs\u00f6ves bemenettel vagy sz\u00edv\u00f3asztal form\u00e1j\u00e1ban. <strong>ATEX poros v\u00e1ltozat<\/strong> is rendelkez\u00e9sre \u00e1ll. <\/p>\n\n\n\n<div class=\"wp-block-columns is-layout-flex wp-container-core-columns-is-layout-28f84493 wp-block-columns-is-layout-flex\">\n<div class=\"wp-block-column is-layout-flow wp-block-column-is-layout-flow\">\n<figure class=\"wp-block-image aligncenter size-large\"><img decoding=\"async\" width=\"1024\" height=\"1024\" src=\"https:\/\/obera.fr\/wp-content\/uploads\/2025\/07\/clearbox-bras-1024x1024.png\" alt=\"clearbox kar\" class=\"wp-image-120328\" srcset=\"https:\/\/obera.fr\/wp-content\/uploads\/2025\/07\/clearbox-bras-1024x1024.png 1024w, https:\/\/obera.fr\/wp-content\/uploads\/2025\/07\/clearbox-bras-300x300.png 300w, https:\/\/obera.fr\/wp-content\/uploads\/2025\/07\/clearbox-bras-150x150.png 150w, https:\/\/obera.fr\/wp-content\/uploads\/2025\/07\/clearbox-bras-768x768.png 768w, https:\/\/obera.fr\/wp-content\/uploads\/2025\/07\/clearbox-bras.png 1200w\" sizes=\"(max-width: 1024px) 100vw, 1024px\" \/><figcaption class=\"wp-element-caption\">CLEARBOX BRS<\/figcaption><\/figure>\n<\/div>\n\n\n\n<div class=\"wp-block-column is-layout-flow wp-block-column-is-layout-flow\">\n<figure class=\"wp-block-image aligncenter size-large\"><img decoding=\"async\" width=\"1024\" height=\"1024\" src=\"https:\/\/obera.fr\/wp-content\/uploads\/2025\/07\/clearbox-entree-tubee-82-1-1024x1024.png\" alt=\"clearbox cs&#x151;be&#xF6;ml&#x151; 82\" class=\"wp-image-120351\" srcset=\"https:\/\/obera.fr\/wp-content\/uploads\/2025\/07\/clearbox-entree-tubee-82-1-1024x1024.png 1024w, https:\/\/obera.fr\/wp-content\/uploads\/2025\/07\/clearbox-entree-tubee-82-1-300x300.png 300w, https:\/\/obera.fr\/wp-content\/uploads\/2025\/07\/clearbox-entree-tubee-82-1-150x150.png 150w, https:\/\/obera.fr\/wp-content\/uploads\/2025\/07\/clearbox-entree-tubee-82-1-768x768.png 768w, https:\/\/obera.fr\/wp-content\/uploads\/2025\/07\/clearbox-entree-tubee-82-1.png 1200w\" sizes=\"(max-width: 1024px) 100vw, 1024px\" \/><figcaption class=\"wp-element-caption\">CLEARBOX TB<\/figcaption><\/figure>\n<\/div>\n\n\n\n<div class=\"wp-block-column is-layout-flow wp-block-column-is-layout-flow\">\n<figure class=\"wp-block-image aligncenter size-large\"><img decoding=\"async\" width=\"1024\" height=\"1024\" src=\"https:\/\/obera.fr\/wp-content\/uploads\/2025\/07\/clearbox-table-1024x1024.png\" alt=\"clearbox t&#xE1;bl&#xE1;zat\" class=\"wp-image-120374\" srcset=\"https:\/\/obera.fr\/wp-content\/uploads\/2025\/07\/clearbox-table-1024x1024.png 1024w, https:\/\/obera.fr\/wp-content\/uploads\/2025\/07\/clearbox-table-300x300.png 300w, https:\/\/obera.fr\/wp-content\/uploads\/2025\/07\/clearbox-table-150x150.png 150w, https:\/\/obera.fr\/wp-content\/uploads\/2025\/07\/clearbox-table-768x768.png 768w, https:\/\/obera.fr\/wp-content\/uploads\/2025\/07\/clearbox-table.png 1200w\" sizes=\"(max-width: 1024px) 100vw, 1024px\" \/><figcaption class=\"wp-element-caption\">CLEARBOX TSP<\/figcaption><\/figure>\n<\/div>\n<\/div>\n\n\n\n<p><\/p>\n\n\n\n<hr class=\"wp-block-separator has-css-opacity is-style-dots\"\/>\n\n\n\n<div class=\"wp-block-columns is-layout-flex wp-container-core-columns-is-layout-28f84493 wp-block-columns-is-layout-flex\">\n<div class=\"wp-block-column is-layout-flow wp-block-column-is-layout-flow\" style=\"flex-basis:33.33%\">\n<div class=\"wp-block-buttons is-layout-flex wp-block-buttons-is-layout-flex\">\n<div class=\"wp-block-button\"><a class=\"wp-block-button__link wp-element-button\" href=\"https:\/\/obera.fr\/wp-content\/uploads\/2025\/06\/fr-caisson-mobile-daspiration-clearbox.pdf\">A BROS\u00daRA LET\u00d6LT\u00c9SE<\/a><\/div>\n<\/div>\n<\/div>\n\n\n\n<div class=\"wp-block-column is-layout-flow wp-block-column-is-layout-flow\" style=\"flex-basis:33.34%\">\n<div class=\"wp-block-buttons is-horizontal is-content-justification-center is-layout-flex wp-container-core-buttons-is-layout-03627597 wp-block-buttons-is-layout-flex\">\n<div class=\"wp-block-button\"><a class=\"wp-block-button__link wp-element-button\" href=\"https:\/\/obera.fr\/contact\/\">Tudjon meg t\u00f6bbet<\/a><\/div>\n<\/div>\n<\/div>\n\n\n\n<div class=\"wp-block-column is-layout-flow wp-block-column-is-layout-flow\" style=\"flex-basis:33.34%\">\n<div class=\"wp-block-buttons is-content-justification-center is-layout-flex wp-container-core-buttons-is-layout-a89b3969 wp-block-buttons-is-layout-flex\">\n<div class=\"wp-block-button btn-devis-source\"><a class=\"wp-block-button__link wp-element-button\" href=\"https:\/\/obera.fr\/hu\/devis\/\">K\u00e9rjen \u00e1raj\u00e1nlatot<\/a><\/div>\n<\/div>\n\n\n<script>\r\ndocument.addEventListener('DOMContentLoaded', function() {\r\n    \/\/ 1. On cherche le titre H1 de la page\r\n    var h1 = document.querySelector('h1');\r\n    var productTitle = h1 ? h1.innerText.trim() : \"\";\r\n\r\n    \/\/ 2. On cherche les boutons via la classe CSS .btn-devis-source\r\n    var buttons = document.querySelectorAll('.btn-devis-source a');\r\n\r\n    \/\/ 3. Si on a le titre et les boutons, on ajoute le param\u00e8tre\r\n    if (buttons.length > 0 && productTitle !== \"\") {\r\n        var encodedTitle = encodeURIComponent(productTitle);\r\n\r\n        buttons.forEach(function(btn) {\r\n            var currentHref = btn.getAttribute('href');\r\n            \r\n            \/\/ S\u00e9curit\u00e9 pour ne pas ajouter le param\u00e8tre 2 fois\r\n            if (currentHref.indexOf('sujet=') === -1) {\r\n                var separator = currentHref.indexOf('?') !== -1 ? '&' : '?';\r\n                var newLink = currentHref + separator + 'sujet=' + encodedTitle;\r\n                \r\n                btn.setAttribute('href', newLink);\r\n            }\r\n        });\r\n    }\r\n});\r\n<\/script><\/div>\n<\/div>\n<\/div>\n<\/div>\n\n<div class=\"wp-block-columns is-layout-flex wp-container-core-columns-is-layout-28f84493 wp-block-columns-is-layout-flex\">\n<div class=\"wp-block-column is-layout-flow wp-block-column-is-layout-flow\" style=\"flex-basis:33.34%\">\n<p><\/p>\n\n\n\n<h3 class=\"wp-block-heading\">El\u0151ny\u00f6k<\/h3>\n\n\n\n<ul class=\"wp-block-list\">\n<li>Nagyon nagy hat\u00e1sfok\u00fa ventil\u00e1tor<\/li>\n\n\n\n<li>Hangtomp\u00edt\u00f3<\/li>\n\n\n\n<li>Mobil, k\u00f6nny\u0171 \u00e9s k\u00f6nnyen kezelhet\u0151<\/li>\n\n\n\n<li>Kis helyig\u00e9ny<\/li>\n\n\n\n<li>Egyszer\u0171 sz\u0171r\u0151 karbantart\u00e1s<\/li>\n\n\n\n<li>Az \u00e1raml\u00e1si sebess\u00e9g 0 \u00e9s 100% k\u00f6z\u00f6tt \u00e1ll\u00edthat\u00f3.<\/li>\n\n\n\n<li>T\u00e1pegys\u00e9g szabv\u00e1nyos 230V-os aljzattal<\/li>\n<\/ul>\n<\/div>\n\n\n\n<div class=\"wp-block-column is-layout-flow wp-block-column-is-layout-flow\" style=\"flex-basis:33.34%\">\n<p><\/p>\n\n\n\n<h3 class=\"wp-block-heading\">K\u00fcl\u00f6nleges jellemz\u0151k<\/h3>\n\n\n\n<ul class=\"wp-block-list\">\n<li>A sz\u0171r\u0151anyag k\u00f6nny\u0171 cser\u00e9je<\/li>\n\n\n\n<li>Friss\u00edthet\u0151 \u00e9s konfigur\u00e1lhat\u00f3<\/li>\n\n\n\n<li>Nagy adszorpci\u00f3s kapacit\u00e1s<\/li>\n\n\n\n<li>\u00d3ramutat\u00f3<\/li>\n\n\n\n<li>Sz\u0171r\u0151 elt\u00f6m\u0151d\u00e9s\u00e9nek m\u00e9r\u00e9se<\/li>\n\n\n\n<li>\u00c1raml\u00e1si sebess\u00e9g be\u00e1ll\u00edt\u00e1sa 0 \u00e9s 100% k\u00f6z\u00f6tt.<\/li>\n\n\n\n<li>Plug &amp; Play rendszer<\/li>\n\n\n\n<li>ATEX por opci\u00f3<\/li>\n<\/ul>\n<\/div>\n\n\n\n<div class=\"wp-block-column is-layout-flow wp-block-column-is-layout-flow\" style=\"flex-basis:33.33%\">\n<p><\/p>\n\n\n\n<h3 class=\"wp-block-heading\">Jellemz\u0151k<\/h3>\n\n\n\n<ul class=\"wp-block-list\">\n<li>Maxim\u00e1lis \u00e1raml\u00e1si sebess\u00e9g : 2000m3\/h<\/li>\n\n\n\n<li>Be\u00e9p\u00edtett teljes\u00edtm\u00e9ny: 750W<\/li>\n\n\n\n<li>T\u00e1pegys\u00e9g: 230V<\/li>\n\n\n\n<li>M\u00e9retek: 710 x710 x 2050<\/li>\n\n\n\n<li>S\u00faly: 70kg<\/li>\n\n\n\n<li>Zajszint: 72Db<\/li>\n<\/ul>\n<\/div>\n<\/div>\n\n<h2 class=\"wp-block-heading\">Milyen c\u00e9lokra?<\/h2>\n\n<p>A <strong>Clearbox egy praktikus, kompakt k\u00e9sz\u00fcl\u00e9k<\/strong>, amelyet a g\u00e1znem\u0171 szennyez\u0151 anyagok, szagok, por \u00e9s f\u00fcst\u00f6k felfog\u00e1s\u00e1ra \u00e9s hat\u00e9kony kezel\u00e9s\u00e9re terveztek. G\u00f6rg\u0151kkel felszerelve k\u00f6nnyen beilleszthet\u0151 b\u00e1rmilyen munkater\u00fcletre, \u00e9s k\u00e9pes <strong>kezelni mind a r\u00f6gz\u00edtett, mind a mobil munkahelyeket<\/strong>. <\/p>\n\n<p><br\/>A <strong>Clearbox G4 el\u0151sz\u0171r\u0151vel<\/strong>, F9-H14 tel\u00edt\u00e9si sz\u0171r\u0151kkel \u00e9s sz\u00fcks\u00e9g eset\u00e9n akt\u00edv sz\u00e9nnel <strong>van felszerelve<\/strong>. ATEX poros kivitelben is kaphat\u00f3. A sz\u0171r\u0151k rendszeres karbantart\u00e1sa elengedhetetlen a k\u00e9sz\u00fcl\u00e9k megfelel\u0151 m\u0171k\u00f6d\u00e9s\u00e9hez.  <\/p>\n\n<div class=\"wp-block-columns is-layout-flex wp-container-core-columns-is-layout-28f84493 wp-block-columns-is-layout-flex\">\n<div class=\"wp-block-column is-layout-flow wp-block-column-is-layout-flow\">\n<h3 class=\"wp-block-heading has-text-align-center\">Szennyez\u0151 anyagok<\/h3>\n\n\n\n<div class=\"wp-block-columns is-layout-flex wp-container-core-columns-is-layout-28f84493 wp-block-columns-is-layout-flex\">\n<div class=\"wp-block-column is-layout-flow wp-block-column-is-layout-flow\">\n<figure class=\"wp-block-image aligncenter size-large\"><img decoding=\"async\" width=\"70\" height=\"70\" src=\"https:\/\/obera.fr\/wp-content\/uploads\/2021\/03\/industrie-fumees.jpg\" alt=\"ipari f&#xFC;st\" class=\"wp-image-4971\"\/><figcaption class=\"wp-element-caption\">G\u0151z\u00f6k<\/figcaption><\/figure>\n\n\n\n<figure class=\"wp-block-image aligncenter size-large\"><img decoding=\"async\" width=\"70\" height=\"70\" src=\"https:\/\/obera.fr\/wp-content\/uploads\/2020\/09\/cov.png\" alt=\"Cov\" class=\"wp-image-959\"\/><figcaption class=\"wp-element-caption\">VOCS<\/figcaption><\/figure>\n<\/div>\n\n\n\n<div class=\"wp-block-column is-layout-flow wp-block-column-is-layout-flow\">\n<figure class=\"wp-block-image aligncenter size-large\"><img decoding=\"async\" width=\"70\" height=\"70\" src=\"https:\/\/obera.fr\/wp-content\/uploads\/2021\/03\/polluants-poussieres-1.jpg\" alt=\"porszennyez&#x151; anyagok 1\" class=\"wp-image-4969\"\/><figcaption class=\"wp-element-caption\">Por<\/figcaption><\/figure>\n\n\n\n<figure class=\"wp-block-image aligncenter size-full is-resized\"><img decoding=\"async\" width=\"512\" height=\"512\" src=\"https:\/\/obera.fr\/wp-content\/uploads\/2025\/06\/gaz-naturel.png\" alt=\"f&#xF6;ldg&#xE1;z\" class=\"wp-image-108886\" style=\"width:75px;height:auto\" srcset=\"https:\/\/obera.fr\/wp-content\/uploads\/2025\/06\/gaz-naturel.png 512w, https:\/\/obera.fr\/wp-content\/uploads\/2025\/06\/gaz-naturel-300x300.png 300w, https:\/\/obera.fr\/wp-content\/uploads\/2025\/06\/gaz-naturel-150x150.png 150w\" sizes=\"(max-width: 512px) 100vw, 512px\" \/><figcaption class=\"wp-element-caption\">G\u00e1z<\/figcaption><\/figure>\n<\/div>\n<\/div>\n<\/div>\n\n\n\n<div class=\"wp-block-column is-layout-flow wp-block-column-is-layout-flow\">\n<h3 class=\"wp-block-heading has-text-align-center\">ipar\u00e1gak<\/h3>\n\n\n\n<div class=\"wp-block-columns is-layout-flex wp-container-core-columns-is-layout-28f84493 wp-block-columns-is-layout-flex\">\n<div class=\"wp-block-column is-layout-flow wp-block-column-is-layout-flow\">\n<figure class=\"wp-block-image aligncenter size-large\"><img decoding=\"async\" width=\"70\" height=\"70\" src=\"https:\/\/obera.fr\/wp-content\/uploads\/2020\/08\/industrie-metallurgie.jpg\" alt=\"Koh&#xE1;szati ipar\" class=\"wp-image-673\"\/><figcaption class=\"wp-element-caption\">Koh\u00e1szat<\/figcaption><\/figure>\n\n\n\n<figure class=\"wp-block-image aligncenter size-large\"><img decoding=\"async\" width=\"70\" height=\"70\" src=\"https:\/\/obera.fr\/wp-content\/uploads\/2020\/08\/industrie-plastique.jpg\" alt=\"M&#x171;anyagipar\" class=\"wp-image-669\"\/><figcaption class=\"wp-element-caption\">M\u0171anyagok<\/figcaption><\/figure>\n\n\n\n<figure class=\"wp-block-image aligncenter size-large\"><img decoding=\"async\" width=\"70\" height=\"70\" src=\"https:\/\/obera.fr\/wp-content\/uploads\/2020\/08\/industrie-minerai.jpg\" alt=\"&#xC9;rcipar\" class=\"wp-image-724\"\/><figcaption class=\"wp-element-caption\">\u00c1sv\u00e1nyok<\/figcaption><\/figure>\n\n\n\n<figure class=\"wp-block-image aligncenter size-large\"><img decoding=\"async\" width=\"70\" height=\"70\" src=\"https:\/\/obera.fr\/wp-content\/uploads\/2020\/08\/industrie-papier-carton.jpg\" alt=\"Pap&#xED;r- &#xE9;s kartonipar\" class=\"wp-image-670\"\/><figcaption class=\"wp-element-caption\">Pap\u00edr\/karton<\/figcaption><\/figure>\n<\/div>\n\n\n\n<div class=\"wp-block-column is-layout-flow wp-block-column-is-layout-flow\">\n<figure class=\"wp-block-image aligncenter size-large\"><img decoding=\"async\" width=\"70\" height=\"70\" src=\"https:\/\/obera.fr\/wp-content\/uploads\/2020\/08\/industrie-bois.jpg\" alt=\"Faipar\" class=\"wp-image-672\"\/><figcaption class=\"wp-element-caption\">Famegmunk\u00e1l\u00e1s<\/figcaption><\/figure>\n\n\n\n<figure class=\"wp-block-image aligncenter size-large\"><img decoding=\"async\" width=\"70\" height=\"70\" src=\"https:\/\/obera.fr\/wp-content\/uploads\/2020\/08\/industrie-textile.jpg\" alt=\"Textilipar\" class=\"wp-image-671\"\/><figcaption class=\"wp-element-caption\">Text\u00edli\u00e1k<\/figcaption><\/figure>\n\n\n\n<figure class=\"wp-block-image aligncenter size-large\"><img decoding=\"async\" width=\"70\" height=\"70\" src=\"https:\/\/obera.fr\/wp-content\/uploads\/2020\/08\/industrie-chimie.jpg\" alt=\"Vegyipar\" class=\"wp-image-725\"\/><figcaption class=\"wp-element-caption\">Vegyszerek\/petrok\u00e9miai anyagok<\/figcaption><\/figure>\n\n\n\n<figure class=\"wp-block-image aligncenter size-large\"><img decoding=\"async\" width=\"70\" height=\"70\" src=\"https:\/\/obera.fr\/wp-content\/uploads\/2020\/08\/industrie-dechets.jpg\" alt=\"Ipari hullad&#xE9;k\" class=\"wp-image-726\"\/><figcaption class=\"wp-element-caption\">Hullad\u00e9kgy\u0171jt\u00e9s \u00e9s -v\u00e1logat\u00e1s<\/figcaption><\/figure>\n<\/div>\n<\/div>\n<\/div>\n<\/div>\n\n<h2 class=\"wp-block-heading\">Mik a Clearbox jellemz\u0151i?<\/h2>\n\n<p><br\/>A <strong>Clearbox egy<\/strong> Franciaorsz\u00e1gban gy\u00e1rtott <strong>mobil sz\u00edv\u00f3egys\u00e9g<\/strong>, 5 \u00e9v garanci\u00e1val \u00e9s nagy teljes\u00edtm\u00e9ny\u0171, 2000 m3\/h \u00e1raml\u00e1si sebess\u00e9ggel. A nagy teljes\u00edtm\u00e9ny\u0171 sz\u0171r\u00e9s 3 szintj\u00e9vel rendelkezik, amelyek az \u00d6n ig\u00e9nyei szerint konfigur\u00e1lhat\u00f3k. <strong>2 sz\u0171r\u00e9si szinten<\/strong> kaphat\u00f3 <strong>G4 el\u0151sz\u0171r\u0151vel<\/strong> \u00e9s F9-H14 tel\u00edt\u00e9si sz\u0171r\u0151vel, vagy 3 szinten akt\u00edv sz\u00e9nnel.  <\/p>\n\n<p><br\/>R\u00e1ad\u00e1sul h\u00e1rom v\u00e1ltozatban kaphat\u00f3:<strong> sz\u00edv\u00f3karral<\/strong>, cs\u00f6ves bemenettel vagy <strong>sz\u00edv\u00f3asztal<\/strong> form\u00e1j\u00e1ban, \u00e9s ATEX poros v\u00e1ltozatban is \u00e1talak\u00edthat\u00f3. Nagy adszorpci\u00f3s kapacit\u00e1s\u00e1nak k\u00f6sz\u00f6nhet\u0151en a szennyez\u0151 anyagok maxim\u00e1lis sz\u00e1m\u00e1t t\u00e1vol\u00edtja el. <\/p>\n\n<p><br\/>A k\u00e9sz\u00fcl\u00e9k zavartalan m\u0171k\u00f6d\u00e9s\u00e9hez elengedhetetlen a<strong> sz\u0171r\u0151 rendszeres cser\u00e9je<\/strong>. A be\u00e9p\u00edtett sz\u0171r\u0151elt\u00f6m\u0151d\u00e9s-m\u00e9r\u0151 rendszer jelzi, mikor van itt az ideje a sz\u0171r\u0151cser\u00e9nek, a sz\u0171r\u0151k\u00f6zeg cser\u00e9je pedig egyszer\u0171. <\/p>\n\n<p><\/p>\n\n<p><strong>Plug and Play<\/strong>, \u00edgy k\u00f6nnyen telep\u00edthet\u0151. G\u00f6rg\u0151kkel \u00e9s k\u00fcl\u00f6n\u00f6sen kompakt kialak\u00edt\u00e1ssal rendelkezik, \u00edgy k\u00f6nnyen man\u0151verezhet\u0151, \u00e9s b\u00e1rmilyen munkak\u00f6rnyezethez alkalmazkodik. <\/p>\n\n<figure class=\"wp-block-table\"><table class=\"has-fixed-layout\"><thead><tr><th class=\"has-text-align-center\" data-align=\"center\">Eszk\u00f6z<\/th><th class=\"has-text-align-center\" data-align=\"center\"><\/th><th class=\"has-text-align-center\" data-align=\"center\">Karral<\/th><th class=\"has-text-align-center\" data-align=\"center\">Cs\u00f6ves bej\u00e1rat<\/th><th class=\"has-text-align-center\" data-align=\"center\">Asztal<\/th><\/tr><\/thead><tbody><tr><td class=\"has-text-align-center\" data-align=\"center\">Maxim\u00e1lis \u00e1raml\u00e1s<\/td><td class=\"has-text-align-center\" data-align=\"center\">m3\/h<\/td><td class=\"has-text-align-center\" data-align=\"center\">2000<\/td><td class=\"has-text-align-center\" data-align=\"center\">2500<\/td><td class=\"has-text-align-center\" data-align=\"center\">5000<\/td><\/tr><tr><td class=\"has-text-align-center\" data-align=\"center\">\u00c1raml\u00e1sszab\u00e1lyoz\u00e1s<\/td><td class=\"has-text-align-center\" data-align=\"center\">%<\/td><td class=\"has-text-align-center\" data-align=\"center\">0-100<\/td><td class=\"has-text-align-center\" data-align=\"center\">0-100<\/td><td class=\"has-text-align-center\" data-align=\"center\">0-100<\/td><\/tr><tr><td class=\"has-text-align-center\" data-align=\"center\">Be\u00e9p\u00edtett kapacit\u00e1s<\/td><td class=\"has-text-align-center\" data-align=\"center\">W<\/td><td class=\"has-text-align-center\" data-align=\"center\">750<\/td><td class=\"has-text-align-center\" data-align=\"center\">750<\/td><td class=\"has-text-align-center\" data-align=\"center\">750<\/td><\/tr><tr><td class=\"has-text-align-center\" data-align=\"center\">T\u00e1pegys\u00e9g<\/td><td class=\"has-text-align-center\" data-align=\"center\">V<\/td><td class=\"has-text-align-center\" data-align=\"center\">230<\/td><td class=\"has-text-align-center\" data-align=\"center\">230<\/td><td class=\"has-text-align-center\" data-align=\"center\">230<\/td><\/tr><tr><td class=\"has-text-align-center\" data-align=\"center\">Teljes m\u00e9retek (SzxLxH)<\/td><td class=\"has-text-align-center\" data-align=\"center\">Mm<\/td><td class=\"has-text-align-center\" data-align=\"center\">710x710x2050<\/td><td class=\"has-text-align-center\" data-align=\"center\">710x710x2050<\/td><td class=\"has-text-align-center\" data-align=\"center\">710x710x2050<\/td><\/tr><tr><td class=\"has-text-align-center\" data-align=\"center\">S\u00faly<\/td><td class=\"has-text-align-center\" data-align=\"center\">kg<\/td><td class=\"has-text-align-center\" data-align=\"center\">70<\/td><td class=\"has-text-align-center\" data-align=\"center\">75<\/td><td class=\"has-text-align-center\" data-align=\"center\">75<\/td><\/tr><tr><td class=\"has-text-align-center\" data-align=\"center\">Zajszint<\/td><td class=\"has-text-align-center\" data-align=\"center\">dB<\/td><td class=\"has-text-align-center\" data-align=\"center\">72<\/td><td class=\"has-text-align-center\" data-align=\"center\">72<\/td><td class=\"has-text-align-center\" data-align=\"center\">72<\/td><\/tr><\/tbody><\/table><\/figure>\n\n<p><\/p>\n","protected":false},"excerpt":{"rendered":"<p>A Clearbox egy Franciaorsz\u00e1gban gy\u00e1rtott mobil elsz\u00edv\u00f3egys\u00e9g, 5 \u00e9v garanci\u00e1val \u00e9s nagy teljes\u00edtm\u00e9ny\u0171 \u00e1raml\u00e1si sebess\u00e9ggel. Kifejezetten az ill\u00e9kony szerves vegy\u00fcletek (VOC), g\u00e1zok, szagok, old\u00f3szerek, por \u00e9s f\u00fcst\u00f6k kezel\u00e9s\u00e9re tervezt\u00e9k. Ez a k\u00e9sz\u00fcl\u00e9k k\u00fcl\u00f6nb\u00f6z\u0151 sz\u0171r\u00e9si szinteket k\u00edn\u00e1l, 2-t\u0151l 3 fokozatig, \u00e9s az \u00d6n egyedi ig\u00e9nyei szerint konfigur\u00e1lhat\u00f3, garant\u00e1lva a szennyez\u0151 anyagok optim\u00e1lis hat\u00e9konys\u00e1g\u00e1t. G4 el\u0151sz\u0171r\u0151vel, F9 \u00e9s H14 tel\u00edt\u00e9si sz\u0171r\u0151kkel van felszerelve a por \u00e9s a f\u00fcst ellen, \u00e9s akt\u00edv sz\u00e9nnel is felszerelhet\u0151 a g\u00e1zok \u00e9s a VOC-k kezel\u00e9s\u00e9re. R\u00e1ad\u00e1sul h\u00e1rom v\u00e1ltozatban kaphat\u00f3: sz\u00edv\u00f3karral, cs\u00f6ves bemenettel vagy sz\u00edv\u00f3asztal form\u00e1j\u00e1ban. ATEX poros v\u00e1ltozat is rendelkez\u00e9sre \u00e1ll. El\u0151ny\u00f6k K\u00fcl\u00f6nleges jellemz\u0151k Jellemz\u0151k Milyen c\u00e9lokra? &#8230; <\/p>\n<p class=\"read-more-container\"><a title=\"Clearbox\" class=\"read-more button\" href=\"https:\/\/obera.fr\/hu\/produits\/caissons-mobiles-aspiration\/clearbox\/#more-115385\" aria-label=\"Read more about Clearbox\">Lire la suite<\/a><\/p>\n","protected":false},"author":4,"featured_media":103620,"parent":67739,"menu_order":0,"comment_status":"closed","ping_status":"closed","template":"","meta":{"_acf_changed":false,"_seopress_robots_primary_cat":"","_seopress_titles_title":"Clearbox: mobil VOC elsz\u00edv\u00f3 egys\u00e9g","_seopress_titles_desc":"Clearbox mobil sz\u00edv\u00f3egys\u00e9g: a VOC-ok, f\u00fcst\u00f6k \u00e9s szagok nagy hat\u00e9konys\u00e1g\u00fa sz\u0171r\u00e9se. Kompakt, csendes, konfigur\u00e1lhat\u00f3 \u00e9s 5 \u00e9v garanci\u00e1val rendelkezik. ","_seopress_robots_index":"","footnotes":""},"class_list":{"0":"post-115385","1":"page","2":"type-page","3":"status-publish","4":"has-post-thumbnail","6":"no-featured-image-padding","7":"resize-featured-image"},"acf":[],"_links":{"self":[{"href":"https:\/\/obera.fr\/hu\/wp-json\/wp\/v2\/pages\/115385","targetHints":{"allow":["GET"]}}],"collection":[{"href":"https:\/\/obera.fr\/hu\/wp-json\/wp\/v2\/pages"}],"about":[{"href":"https:\/\/obera.fr\/hu\/wp-json\/wp\/v2\/types\/page"}],"author":[{"embeddable":true,"href":"https:\/\/obera.fr\/hu\/wp-json\/wp\/v2\/users\/4"}],"replies":[{"embeddable":true,"href":"https:\/\/obera.fr\/hu\/wp-json\/wp\/v2\/comments?post=115385"}],"version-history":[{"count":2,"href":"https:\/\/obera.fr\/hu\/wp-json\/wp\/v2\/pages\/115385\/revisions"}],"predecessor-version":[{"id":120426,"href":"https:\/\/obera.fr\/hu\/wp-json\/wp\/v2\/pages\/115385\/revisions\/120426"}],"up":[{"embeddable":true,"href":"https:\/\/obera.fr\/hu\/wp-json\/wp\/v2\/pages\/67739"}],"wp:featuredmedia":[{"embeddable":true,"href":"https:\/\/obera.fr\/hu\/wp-json\/wp\/v2\/media\/103620"}],"wp:attachment":[{"href":"https:\/\/obera.fr\/hu\/wp-json\/wp\/v2\/media?parent=115385"}],"curies":[{"name":"wp","href":"https:\/\/api.w.org\/{rel}","templated":true}]}}