{"id":121583,"date":"2025-01-17T11:13:01","date_gmt":"2025-01-17T09:13:01","guid":{"rendered":"https:\/\/obera.fr\/produits\/depoussiereurs-industriels\/dustlight\/"},"modified":"2025-07-11T11:18:50","modified_gmt":"2025-07-11T09:18:50","slug":"dustlight","status":"publish","type":"page","link":"https:\/\/obera.fr\/hu\/produits\/depoussiereurs-industriels\/dustlight\/","title":{"rendered":"Vegye \u00e1t az ir\u00e1ny\u00edt\u00e1st munkak\u00f6rnyezete felett a Dustlight seg\u00edts\u00e9g\u00e9vel"},"content":{"rendered":"\n<div class=\"wp-block-columns is-layout-flex wp-container-core-columns-is-layout-28f84493 wp-block-columns-is-layout-flex\">\n<div class=\"wp-block-column is-layout-flow wp-block-column-is-layout-flow\">\n<div class=\"wp-block-media-text has-media-on-the-right is-stacked-on-mobile\" style=\"grid-template-columns:auto 33%\"><div class=\"wp-block-media-text__content\">\n<p>Az OberA b\u00fcszk\u00e9n mutatja be a <strong>Dustlightot<\/strong>, egy innovat\u00edv k\u00e9zi analiz\u00e1tort, amelyet a finom por pontos kimutat\u00e1s\u00e1ra \u00e9s elemz\u00e9s\u00e9re terveztek.  <\/p>\n\n\n\n<p>A kompakt, megb\u00edzhat\u00f3 \u00e9s k\u00f6nnyen haszn\u00e1lhat\u00f3 k\u00e9sz\u00fcl\u00e9k ide\u00e1lis eszk\u00f6z a leveg\u0151 min\u0151s\u00e9g\u00e9nek ellen\u0151rz\u00e9s\u00e9re \u00e9s a lebeg\u0151 r\u00e9szecsk\u00e9k azonos\u00edt\u00e1s\u00e1ra szakmabeliek \u00e9s ipari szakemberek sz\u00e1m\u00e1ra.<\/p>\n<\/div><figure class=\"wp-block-media-text__media\"><img decoding=\"async\" src=\"https:\/\/lh7-rt.googleusercontent.com\/docsz\/AD_4nXePsRD5Y4gAIBhHibguQOn0U6fgzh-p6iUVppCy2PUUWG4S_QIvoTfNJeagK6httptlC4XtT9kmxghV9258tIgq2J0QFwvU7BowEB_Xe_4_rgzVdEW0mM97dpA7WZj9dGkQUsTtMadi1obMqCXsxII?key=QO8r7RmlolM9MhCfcv5-73XE\" alt=\"A porral kapcsolatos kock\u00e1zatok megel\u0151z\u00e9se | Travail-emploi.gouv.fr | Minist\u00e8re du Travail, de la Sant\u00e9, des Solidarit\u00e9s et des Familles (Munka\u00fcgyi, Eg\u00e9szs\u00e9g\u00fcgyi, Szolidarit\u00e1si \u00e9s Csal\u00e1d\u00fcgyi Miniszt\u00e9rium)\"\/><\/figure><\/div>\n\n\n\n<div style=\"height:41px\" aria-hidden=\"true\" class=\"wp-block-spacer\"><\/div>\n\n\n\n<div class=\"wp-block-buttons is-content-justification-center is-layout-flex wp-container-core-buttons-is-layout-a89b3969 wp-block-buttons-is-layout-flex\">\n<div class=\"wp-block-button\"><a class=\"wp-block-button__link has-text-align-center wp-element-button\" href=\"https:\/\/obera.fr\/formulaire-dustlight\/\">INGYENES 20 NAPOS TESZT<\/a><\/div>\n<\/div>\n<\/div>\n<\/div>\n\n<p><\/p>\n\n<p><\/p>\n\n<h2 class=\"wp-block-heading\">V\u00e9dekezzen a bel\u00e9legezhet\u0151 por l\u00e1thatatlan vesz\u00e9lye ellen a munkahelyen<\/h2>\n\n<figure class=\"wp-block-image aligncenter is-resized\"><img decoding=\"async\" src=\"https:\/\/lh7-rt.googleusercontent.com\/docsz\/AD_4nXcOS0Hfg67TC29tD0YKTlwhEbY82uCB9DoKqHN4byLMiiWnWb6_cUR2kTh4CxjF9WQI7qzrJx1chS1E8L9qU3zGeBgcCaStWF9a7mYnCr73_ylzp9tDc1LItbkRpO8_Eg6aBoXNFQRLSfcDQnw1RmM?key=QO8r7RmlolM9MhCfcv5-73XE\" alt=\"Sz&#xF6;veget tartalmaz&#xF3; k&#xE9;p, Elektronikus eszk&#xF6;z&#xF6;k, Elektronikus eszk&#xF6;z&#xF6;k, Pillanatk&#xE9;p&#10;&#10;Automatikusan gener&#xE1;lt le&#xED;r&#xE1;s\" style=\"width:617px;height:auto\"\/><figcaption class=\"wp-element-caption\"><strong>Hordozhat\u00f3 finom porelemz\u0151 k\u00e9sz\u00fcl\u00e9k<\/strong><\/figcaption><\/figure>\n\n<p>Haszn\u00e1lja a Dustlight m\u00e9r\u0151berendez\u00e9st a porkoncentr\u00e1ci\u00f3 pontos m\u00e9r\u00e9s\u00e9hez.  <\/p>\n\n<p>ipari k\u00f6rnyezetben, \u00e9s v\u00e9di az \u00d6n \u00e9s alkalmazottai eg\u00e9szs\u00e9g\u00e9t.<\/p>\n\n<p><\/p>\n\n<p>A bel\u00e9legezhet\u0151 finom por s\u00falyos eg\u00e9szs\u00e9g\u00fcgyi probl\u00e9m\u00e1kat okozhat, p\u00e9ld\u00e1ul l\u00e9gz\u0151szervi megbeteged\u00e9seket, sz\u00edv- \u00e9s \u00e9rrendszeri probl\u00e9m\u00e1kat \u00e9s r\u00e1kot.<\/p>\n\n<p><\/p>\n\n<p><strong>A Dustlight<\/strong> seg\u00edts\u00e9g\u00e9vel hat\u00e9konyan minimaliz\u00e1lhatja ezeket a kock\u00e1zatokat a porterhel\u00e9s m\u00e9r\u00e9s\u00e9vel \u00e9s a megfelel\u0151 v\u00e9d\u0151int\u00e9zked\u00e9sek megt\u00e9tel\u00e9vel.<\/p>\n\n<p><\/p>\n\n<p><strong>A Dustlight<\/strong> m\u00e1sodpercenk\u00e9nt m\u00e9ri a pornak val\u00f3 kitetts\u00e9get.  <\/p>\n\n<p>Az \u00e9rt\u00e9kek okostelefonon \u00e9s webes alkalmaz\u00e1sunkban is megtekinthet\u0151k, \u00e9s jelent\u00e9sk\u00e9nt let\u00f6lthet\u0151k.  <\/p>\n\n<p><\/p>\n\n<h2 class=\"wp-block-heading\">Teremtsen biztons\u00e1gos munkak\u00f6rnyezetet, \u00e9s fektessen be alkalmazottai eg\u00e9szs\u00e9g\u00e9be a Dustlight porfigyel\u0151vel.<\/h2>\n\n<p><\/p>\n\n<p><strong>Csak kapcsolja be \u00e9s dolgozzon teljes biztons\u00e1gban!<\/strong><\/p>\n\n<p><\/p>\n\n<ul class=\"wp-block-list\">\n<li><strong>A por koncentr\u00e1ci\u00f3j\u00e1nak felt\u00e9rk\u00e9pez\u00e9se \u00e9s val\u00f3s idej\u0171 nyomon k\u00f6vet\u00e9se<\/strong>: <strong>PM10, PM2.5 \u00e9s PM1 <\/strong> <\/li>\n\n\n\n<li><strong>Gyorsan figyelmeztesse az embereket a l\u00e9gz\u00e9sv\u00e9delem visel\u00e9s\u00e9nek sz\u00fcks\u00e9gess\u00e9g\u00e9re.<\/strong><\/li>\n\n\n\n<li><strong>A vesz\u00e9lyes poroknak val\u00f3 kitetts\u00e9g kock\u00e1zat\u00e1nak l\u00e1that\u00f3v\u00e1 t\u00e9tele (CMR)<\/strong><\/li>\n\n\n\n<li><strong>A szennyez\u00e9si forr\u00e1sok azonos\u00edt\u00e1sa \u00e9s l\u00e1that\u00f3v\u00e1 t\u00e9tele, hogy hat\u00e9konyabban lehessen vel\u00fck foglalkozni.<\/strong><\/li>\n\n\n\n<li><strong>Az \u00fczemekben \u00e9s az \u00e9p\u00edtkez\u00e9seken dolgoz\u00f3k v\u00e9delme<\/strong><\/li>\n\n\n\n<li><strong>A bel\u00e9legezhet\u0151 por azonos\u00edt\u00e1sa<\/strong><\/li>\n\n\n\n<li><strong>El\u0151re l\u00e1that\u00f3 szab\u00e1lyoz\u00e1si int\u00e9zked\u00e9sek<\/strong><\/li>\n\n\n\n<li><strong>A megval\u00f3s\u00edtott megold\u00e1s valid\u00e1l\u00e1sa<\/strong><\/li>\n<\/ul>\n\n<div class=\"wp-block-media-text has-media-on-the-right is-stacked-on-mobile\" style=\"grid-template-columns:auto 20%\"><div class=\"wp-block-media-text__content\">\n<p class=\"has-text-align-center\"><strong>Innovat\u00edv megold\u00e1s  <\/strong><\/p>\n\n\n\n<p class=\"has-text-align-center\"><strong>Seg\u00edt a kritikus helyzetek val\u00f3s idej\u0171 azonos\u00edt\u00e1s\u00e1ban,<\/strong> <strong>seg\u00edt megv\u00e9deni<\/strong> <strong>a munkav\u00e1llal\u00f3k eg\u00e9szs\u00e9g\u00e9t: MEGEL\u0150Z\u00c9S <\/strong> <\/p>\n<\/div><figure class=\"wp-block-media-text__media\"><img decoding=\"async\" src=\"https:\/\/lh7-rt.googleusercontent.com\/docsz\/AD_4nXeMFP13jbj-PgQg3zsXKleNzM21nevJo4ZMdadvv0-GNt5HN84xZQB6mAnWebn-wFPR-rT_1JpVNez2htbLY9d4Ve75JkuKUHIqs0fLQs9OeMiTljWOFxzfyO-fptezwx-JAYi4g5NCkfxQYE6Rrw?key=QO8r7RmlolM9MhCfcv5-73XE\" alt=\"Click Fast - Mellkasp\u00e1nt\"\/><\/figure><\/div>\n\n<h3 class=\"wp-block-heading\">Egyszer\u0171, megb\u00edzhat\u00f3 \u00e9s robusztus<\/h3>\n\n<p>Azonnali \u00e9szlel\u00e9s: rendk\u00edv\u00fcl hat\u00e9kony \u00e9s pontos m\u00e9r\u00e9s.<\/p>\n\n<p>Gyors porterhel\u00e9s-\u00e9rt\u00e9kel\u00e9s sz\u00ednes kijelz\u0151vel \u00e9s hangjelz\u00e9ssel.<\/p>\n\n<p>Egy jelz\u0151l\u00e1mp\u00e1s rendszer, amely gyorsan \u00e9s egy\u00e9rtelm\u0171en jelzi a hat\u00e1r\u00e9rt\u00e9kek t\u00fall\u00e9p\u00e9s\u00e9t, \u00edgy azonnal int\u00e9zkedhet.<\/p>\n\n<h3 class=\"wp-block-heading\">Alkalmaz\u00e1si ter\u00fcletek<\/h3>\n\n<ul class=\"wp-block-list\">\n<li>Faipar: speci\u00e1lis algoritmus a kem\u00e9ny- \u00e9s puhafa por m\u00e9r\u00e9s\u00e9re<\/li>\n\n\n\n<li>Hegeszt\u00e9s: a hegeszt\u00e9si f\u00fcst \u00e9s a f\u00e9mpor ellen\u0151rz\u00e9se.<\/li>\n\n\n\n<li>M\u00e9r\u00e9s alkalmas olyan anyagokhoz, mint a szil\u00edcium-dioxid \u00e9s a porok.<\/li>\n\n\n\n<li>\u00c9lelmiszeripar<\/li>\n\n\n\n<li>Konkr\u00e9t alkalmaz\u00e1sokhoz konfigur\u00e1lhat\u00f3<\/li>\n<\/ul>\n\n<h3 class=\"wp-block-heading\">Technol\u00f3gia \u00e9s innov\u00e1ci\u00f3<\/h3>\n\n<ul class=\"wp-block-list\">\n<li>L\u00e9zeres fotometriai \u00e9rz\u00e9kel\u0151<\/li>\n\n\n\n<li>Gyors, pontos r\u00e9szecske\u00e9rz\u00e9kel\u00e9s<\/li>\n\n\n\n<li>\u00c9rz\u00e9kel\u0151v\u00e9delem<\/li>\n\n\n\n<li>Sz\u0171rt l\u00e9g\u00e1raml\u00e1s \u00e9s automatikus tiszt\u00edt\u00f3rendszer a hosszabb \u00e9lettartam \u00e9rdek\u00e9ben.<\/li>\n<\/ul>\n\n<h3 class=\"wp-block-heading\">Tesztelve \u00e9s j\u00f3v\u00e1hagyva<\/h3>\n\n<p>A Vesz\u00e9lyes Anyagok Kutat\u00e1s\u00e1val Foglalkoz\u00f3 Int\u00e9zet (IGF) \u00e1ltal hiteles\u00edtett.  <\/p>\n\n<p><\/p>\n\n<figure class=\"wp-block-image aligncenter is-resized\"><img decoding=\"async\" src=\"https:\/\/lh7-rt.googleusercontent.com\/docsz\/AD_4nXdpqfRaq3oGk9dAXgZ7x3rjs5SzASfAHYKydUkBgvmnTjZ5JgpSdlKbZKnVxPfWPOjTUifc5SLMAcyDv4ciV6yYT5AQcLkpX61KeDgoaoVP7TC-bwCWL_w0JA6woMYYZDAlgg7ewWyzWQmlIVx4LA?key=QO8r7RmlolM9MhCfcv5-73XE\" alt=\"Dustlight bel&#xE9;legezhet&#x151; por m&#xE9;r&#x151;eszk&#xF6;z a munkahelyi leveg&#x151;min&#x151;s&#xE9;g ellen&#x151;rz&#xE9;s&#xE9;re, robusztus &#xE9;s hordozhat&#xF3; ipari haszn&#xE1;latra. Z&#xF6;ld LED jelzi a k&#xFC;sz&#xF6;b&#xE9;rt&#xE9;k alatti porterhel&#xE9;st. \" style=\"width:458px;height:auto\"\/><\/figure>\n\n<h2 class=\"wp-block-heading\">F\u0151bb jellemz\u0151k<\/h2>\n\n<h3 class=\"wp-block-heading\">Pontos m\u00e9r\u00e9sek<\/h3>\n\n<p>A PM10, PM2,5 \u00e9s PM1 por 1 \u00b5g\/m\u00b3 felbont\u00e1s\u00fa megfigyel\u00e9se.<\/p>\n\n<h3 class=\"wp-block-heading\">Vizu\u00e1lis riaszt\u00f3rendszer  <\/h3>\n\n<ul class=\"wp-block-list\">\n<li>LED kijelz\u0151 \u00e9s f\u00e9nyjelz\u00e9s (z\u00f6ld, s\u00e1rga, piros) a hat\u00e1r\u00e9rt\u00e9kek alapj\u00e1n<\/li>\n\n\n\n<li>TRGS 900 (a n\u00e9metorsz\u00e1gi VLEP-nek felel meg)<\/li>\n\n\n\n<li>Az aktu\u00e1lis bel\u00e9legezhet\u0151 porterhel\u00e9s kijelz\u00e9se<\/li>\n\n\n\n<li>Akkumul\u00e1tor \u00e9lettartama ak\u00e1r 40 \u00f3ra (\u00f6ko \u00fczemm\u00f3d) + t\u00f6lt\u00f6tts\u00e9gi \u00e1llapot<\/li>\n<\/ul>\n\n<h3 class=\"wp-block-heading\">Robusztuss\u00e1g<\/h3>\n\n<ul class=\"wp-block-list\">\n<li>Korszer\u0171 porv\u00e9d\u0151 berendez\u00e9sek  <\/li>\n\n\n\n<li>a maxim\u00e1lis \u00e9lettartam \u00e9rdek\u00e9ben (el\u0151sz\u0171r\u0151k, sz\u0171rt leveg\u0151, \u00f6ntiszt\u00edt\u00e1s)<\/li>\n\n\n\n<li>Szabadalmaztatott v\u00e9delmi rendszer a tart\u00f3san tiszta \u00e9rz\u00e9kel\u0151kh\u00f6z<\/li>\n\n\n\n<li>Por\u00e1ll\u00f3 t\u00f6lt\u0151aljzat<\/li>\n<\/ul>\n\n<h3 class=\"wp-block-heading\">Modul\u00e1ris szerel\u00e9s<\/h3>\n\n<ul class=\"wp-block-list\">\n<li>Szabadalmaztatott Klick-Fast adapt\u00e1lhat\u00f3 rendszer (klipsz, t\u00e9p\u0151z\u00e1ras szalag, tapasz)<\/li>\n<\/ul>\n\n<h3 class=\"wp-block-heading\">M\u0171szaki adatok<\/h3>\n\n<ul class=\"wp-block-list\">\n<li>M\u00e9retek: 69 x 69 x 32,5 mm (klipsz n\u00e9lk\u00fcl)<\/li>\n\n\n\n<li>S\u00faly: 149 g<\/li>\n\n\n\n<li>Akkumul\u00e1tor: L\u00edtium-ion, a<\/li>\n\n\n\n<li>V\u00e9delmi besorol\u00e1s: IP4X<\/li>\n\n\n\n<li>\u00dczemi h\u0151m\u00e9rs\u00e9klet : -10 \u00e9s +50 \u00b0C k\u00f6z\u00f6tt<\/li>\n\n\n\n<li>M\u00e9r\u00e9si tartom\u00e1ny: 0 &#8211; 10 000 \u00b5g\/m\u00b3.<\/li>\n\n\n\n<li>Kapcsol\u00f3d\u00f3 szolg\u00e1ltat\u00e1sok<\/li>\n\n\n\n<li>K\u00fcl\u00f6nleges konfigur\u00e1ci\u00f3k: Alkalmazkod\u00e1s k\u00fcl\u00f6nleges k\u00f6rnyezetekhez  <\/li>\n\n\n\n<li>(pl. fa, hegeszt\u00e9s).<\/li>\n\n\n\n<li>Karbantart\u00e1s: \u00c9ves szerviz, bele\u00e9rtve a tiszt\u00edt\u00e1st, az \u00fajrakalibr\u00e1l\u00e1st \u00e9s a szoftverfriss\u00edt\u00e9seket.<\/li>\n<\/ul>\n\n<h2 class=\"wp-block-heading\">A Dustlight m\u00e1r el\u00e9rhet\u0151 az \u00faj webes alkalmaz\u00e1son \u00e9s okostelefonos alkalmaz\u00e1son kereszt\u00fcl.  <\/h2>\n\n<ul class=\"wp-block-list\">\n<li>A legmodernebb m\u00e9r\u00e9si technol\u00f3gia, amely m\u00e1sodpercre pontosan r\u00f6gz\u00edti a porszintet.  <\/li>\n\n\n\n<li>Integr\u00e1lt figyelmeztet\u0151 rendszer a leveg\u0151min\u0151s\u00e9gi el\u0151\u00edr\u00e1sok betart\u00e1s\u00e1nak el\u0151seg\u00edt\u00e9s\u00e9re<\/li>\n\n\n\n<li>A hat\u00e1r\u00e9rt\u00e9kek egy\u00e9ni be\u00e1ll\u00edt\u00e1sa az alkalmaz\u00e1sban \u00e9s a webes alkalmaz\u00e1sban<\/li>\n\n\n\n<li>Hangos \u00e9s sz\u00ednes figyelmeztet\u00e9s, amint a saj\u00e1t maga \u00e1ltal be\u00e1ll\u00edtott hat\u00e1r\u00e9rt\u00e9kek t\u00fall\u00e9p\u00e9sre ker\u00fclnek, \u00edgy a d\u00f6nt\u00e9sek id\u0151ben meghozhat\u00f3k.<\/li>\n\n\n\n<li>Fejlett jelent\u00e9sk\u00e9sz\u00edt\u00e9s \u00e9s adatelemz\u00e9s &#8211; kock\u00e1zat\u00e9rt\u00e9kel\u00e9si jelent\u00e9sek k\u00f6zvetlen let\u00f6lt\u00e9se &#8211; fontos t\u00e1mogat\u00e1s az ESG-jelent\u00e9shez.\n<ul class=\"wp-block-list\">\n<li>CSV vagy PDF form\u00e1tum<\/li>\n<\/ul>\n<\/li>\n<\/ul>\n\n<figure class=\"wp-block-image aligncenter is-resized\"><img decoding=\"async\" src=\"https:\/\/lh7-rt.googleusercontent.com\/docsz\/AD_4nXfpUeAu-RQ97rEMo0ogKOvI3id8fXZbwSMJwAgs-GtmaJ_Q5nyjpb40R12sTCs5kSWbL5tB4dLEl37jMKzpdX0-E-_fW3yQnN7Lb1c_7lYFSPlGmw0UjR5Ubi1ZHw8JTmPjIJIIkzYCGP9bS9qSE6Y?key=QO8r7RmlolM9MhCfcv5-73XE\" alt=\"Sz&#xF6;veget, multim&#xE9;di&#xE1;t, elektronikus eszk&#xF6;z&#xF6;ket, szoftvereket tartalmaz&#xF3; k&#xE9;p&#10;&#10;Automatikusan gener&#xE1;lt le&#xED;r&#xE1;s\" style=\"width:800px;height:auto\"\/><\/figure>\n\n<p class=\"has-text-align-center\"><strong>Rendelje meg a Dustlightot m\u00e9g ma  <\/strong><\/p>\n\n<p class=\"has-text-align-center\"><strong>\u00e9s garant\u00e1lja a biztons\u00e1gosabb munkak\u00f6rnyezetet!<\/strong><\/p>\n\n<div class=\"wp-block-buttons is-content-justification-center is-layout-flex wp-container-core-buttons-is-layout-a89b3969 wp-block-buttons-is-layout-flex\">\n<div class=\"wp-block-button\"><a class=\"wp-block-button__link has-text-align-center wp-element-button\" href=\"https:\/\/obera.fr\/formulaire-dustlight\/\">INGYENES 20 NAPOS TESZT<\/a><\/div>\n<\/div>\n","protected":false},"excerpt":{"rendered":"<p>Az OberA b\u00fcszk\u00e9n mutatja be a Dustlightot, egy innovat\u00edv k\u00e9zi analiz\u00e1tort, amelyet a finom por pontos kimutat\u00e1s\u00e1ra \u00e9s elemz\u00e9s\u00e9re terveztek. A kompakt, megb\u00edzhat\u00f3 \u00e9s k\u00f6nnyen haszn\u00e1lhat\u00f3 k\u00e9sz\u00fcl\u00e9k ide\u00e1lis eszk\u00f6z a leveg\u0151 min\u0151s\u00e9g\u00e9nek ellen\u0151rz\u00e9s\u00e9re \u00e9s a lebeg\u0151 r\u00e9szecsk\u00e9k azonos\u00edt\u00e1s\u00e1ra szakmabeliek \u00e9s ipari szakemberek sz\u00e1m\u00e1ra. V\u00e9dekezzen a bel\u00e9legezhet\u0151 por l\u00e1thatatlan vesz\u00e9lye ellen a munkahelyen Haszn\u00e1lja a Dustlight m\u00e9r\u0151berendez\u00e9st a porkoncentr\u00e1ci\u00f3 pontos m\u00e9r\u00e9s\u00e9hez. ipari k\u00f6rnyezetben, \u00e9s v\u00e9di az \u00d6n \u00e9s alkalmazottai eg\u00e9szs\u00e9g\u00e9t. A bel\u00e9legezhet\u0151 finom por s\u00falyos eg\u00e9szs\u00e9g\u00fcgyi probl\u00e9m\u00e1kat okozhat, p\u00e9ld\u00e1ul l\u00e9gz\u0151szervi megbeteged\u00e9seket, sz\u00edv- \u00e9s \u00e9rrendszeri probl\u00e9m\u00e1kat \u00e9s r\u00e1kot. A Dustlight seg\u00edts\u00e9g\u00e9vel hat\u00e9konyan minimaliz\u00e1lhatja ezeket a kock\u00e1zatokat a porterhel\u00e9s m\u00e9r\u00e9s\u00e9vel \u00e9s a megfelel\u0151 &#8230; <\/p>\n<p class=\"read-more-container\"><a title=\"Vegye \u00e1t az ir\u00e1ny\u00edt\u00e1st munkak\u00f6rnyezete felett a Dustlight seg\u00edts\u00e9g\u00e9vel\" class=\"read-more button\" href=\"https:\/\/obera.fr\/hu\/produits\/depoussiereurs-industriels\/dustlight\/#more-121583\" aria-label=\"Read more about Vegye \u00e1t az ir\u00e1ny\u00edt\u00e1st munkak\u00f6rnyezete felett a Dustlight seg\u00edts\u00e9g\u00e9vel\">Lire la suite<\/a><\/p>\n","protected":false},"author":4,"featured_media":0,"parent":68664,"menu_order":0,"comment_status":"closed","ping_status":"closed","template":"","meta":{"_acf_changed":false,"_seopress_robots_primary_cat":"","_seopress_titles_title":"Vegye \u00e1t az ir\u00e1ny\u00edt\u00e1st munkak\u00f6rnyezete felett a Dustlight seg\u00edts\u00e9g\u00e9vel","_seopress_titles_desc":"Fedezze fel az OberA Dustlightot, egy pontos \u00e9s kompakt hordozhat\u00f3 analiz\u00e1tort a finom por kimutat\u00e1s\u00e1ra. Ide\u00e1lis a leveg\u0151min\u0151s\u00e9g ellen\u0151rz\u00e9s\u00e9hez. ","_seopress_robots_index":"","footnotes":""},"class_list":{"0":"post-121583","1":"page","2":"type-page","3":"status-publish","5":"no-featured-image-padding"},"acf":[],"_links":{"self":[{"href":"https:\/\/obera.fr\/hu\/wp-json\/wp\/v2\/pages\/121583","targetHints":{"allow":["GET"]}}],"collection":[{"href":"https:\/\/obera.fr\/hu\/wp-json\/wp\/v2\/pages"}],"about":[{"href":"https:\/\/obera.fr\/hu\/wp-json\/wp\/v2\/types\/page"}],"author":[{"embeddable":true,"href":"https:\/\/obera.fr\/hu\/wp-json\/wp\/v2\/users\/4"}],"replies":[{"embeddable":true,"href":"https:\/\/obera.fr\/hu\/wp-json\/wp\/v2\/comments?post=121583"}],"version-history":[{"count":1,"href":"https:\/\/obera.fr\/hu\/wp-json\/wp\/v2\/pages\/121583\/revisions"}],"predecessor-version":[{"id":121585,"href":"https:\/\/obera.fr\/hu\/wp-json\/wp\/v2\/pages\/121583\/revisions\/121585"}],"up":[{"embeddable":true,"href":"https:\/\/obera.fr\/hu\/wp-json\/wp\/v2\/pages\/68664"}],"wp:attachment":[{"href":"https:\/\/obera.fr\/hu\/wp-json\/wp\/v2\/media?parent=121583"}],"curies":[{"name":"wp","href":"https:\/\/api.w.org\/{rel}","templated":true}]}}