{"id":132670,"date":"2021-05-03T16:10:49","date_gmt":"2021-05-03T14:10:49","guid":{"rendered":"https:\/\/obera.fr\/produits\/purificateurs-air\/covid-19-virus-es-bakteriumok-elleni-legtisztitok\/epur05-legtisztito\/"},"modified":"2025-11-15T17:20:23","modified_gmt":"2025-11-15T15:20:23","slug":"epur05-legtisztito","status":"publish","type":"page","link":"https:\/\/obera.fr\/hu\/produits\/purificateurs-air\/covid-19-virus-es-bakteriumok-elleni-legtisztitok\/epur05-legtisztito\/","title":{"rendered":"ePUR05 l\u00e9gtiszt\u00edt\u00f3"},"content":{"rendered":"\n\n<h2 class=\"wp-block-heading\" id=\"comment-fonctionne-le-purificateur-d-air-epur05\">Hogyan m\u0171k\u00f6dik az ePUR05 l\u00e9gtiszt\u00edt\u00f3<\/h2>\n\n<div class=\"wp-block-columns is-layout-flex wp-container-core-columns-is-layout-28f84493 wp-block-columns-is-layout-flex\">\n<div class=\"wp-block-column is-vertically-aligned-center is-layout-flow wp-block-column-is-layout-flow\" style=\"flex-basis:33.33%\">\n<figure class=\"wp-block-image aligncenter size-large is-resized\"><img decoding=\"async\" width=\"667\" height=\"500\" src=\"https:\/\/obera.fr\/wp-content\/uploads\/2021\/05\/ePUR05.jpg\" alt=\"epur05\" class=\"wp-image-5528\" style=\"width:280px;height:210px\" srcset=\"https:\/\/obera.fr\/wp-content\/uploads\/2021\/05\/ePUR05.jpg 667w, https:\/\/obera.fr\/wp-content\/uploads\/2021\/05\/ePUR05-300x225.jpg 300w\" sizes=\"(max-width: 667px) 100vw, 667px\" \/><figcaption class=\"wp-element-caption\">ePUR05<\/figcaption><\/figure>\n<\/div>\n\n\n\n<div class=\"wp-block-column is-layout-flow wp-block-column-is-layout-flow\"><\/div>\n\n\n\n<div class=\"wp-block-column is-vertically-aligned-center is-layout-flow wp-block-column-is-layout-flow\" style=\"flex-basis:66.66%\">\n<p>Az ePUR05 l\u00e9gtiszt\u00edt\u00f3 egyszer\u0171 \u00e9s hat\u00e9kony m\u0171k\u00f6d\u00e9ssel rendelkezik. Ugyanis a szennyez\u0151 anyagokat a k\u00e9sz\u00fcl\u00e9k tetej\u00e9n kereszt\u00fcl sz\u00edvja be egy nagy hat\u00e9konys\u00e1g\u00fa ventil\u00e1tor seg\u00edts\u00e9g\u00e9vel.  <\/p>\n\n\n\n<p class=\"has-text-align-left\">A por ezut\u00e1n k\u00e9t sz\u0171r\u0151fokozaton halad \u00e1t, kezdve az el\u0151sz\u0171r\u0151vel, amely elv\u00e1lasztja a durva port, hogy a f\u0151sz\u0171r\u0151 hat\u00e9konyabb\u00e1 v\u00e1ljon \u00e9s hosszabb \u00e9lettartammal rendelkezzen. A H13, vagy V-protect f\u0151sz\u0171r\u0151 egy nagyon nagy pontoss\u00e1g\u00fa sz\u0171r\u0151, amely hat\u00e9konyan k\u00e9pes kezelni a v\u00edrusokat \u00e9s bakt\u00e9riumokat, de a finom port, a CMR-eket \u00e9s az aeroszolokat is.  <\/p>\n\n\n\n<p>Ezt k\u00f6vet\u0151en a kezelt leveg\u0151 a k\u00e9sz\u00fcl\u00e9k alj\u00e1n t\u00e1vozik, ez\u00e1ltal l\u00e9gcsere-hurkot hozva l\u00e9tre. <\/p>\n\n\n\n<div style=\"height:20px\" aria-hidden=\"true\" class=\"wp-block-spacer\"><\/div>\n\n\n\n<div class=\"wp-block-columns is-layout-flex wp-container-core-columns-is-layout-28f84493 wp-block-columns-is-layout-flex\">\n<div class=\"wp-block-column is-layout-flow wp-block-column-is-layout-flow\" style=\"flex-basis:33.34%\">\n<div class=\"wp-block-buttons is-content-justification-center is-layout-flex wp-container-core-buttons-is-layout-a89b3969 wp-block-buttons-is-layout-flex\">\n<div class=\"wp-block-button\"><a class=\"wp-block-button__link wp-element-button\" href=\"https:\/\/obera.fr\/wp-content\/uploads\/2023\/10\/brochure-epur05.pdf\">A bros\u00fara let\u00f6lt\u00e9se<\/a><\/div>\n<\/div>\n<\/div>\n\n\n\n<div class=\"wp-block-column is-layout-flow wp-block-column-is-layout-flow\" style=\"flex-basis:33.34%\">\n<div class=\"wp-block-buttons is-horizontal is-content-justification-center is-layout-flex wp-container-core-buttons-is-layout-03627597 wp-block-buttons-is-layout-flex\">\n<div class=\"wp-block-button\"><a class=\"wp-block-button__link wp-element-button\" href=\"https:\/\/obera.fr\/contact\/\">Tudjon meg t\u00f6bbet<\/a><\/div>\n<\/div>\n<\/div>\n\n\n\n<div class=\"wp-block-column is-layout-flow wp-block-column-is-layout-flow\" style=\"flex-basis:33.33%\">\n<div class=\"wp-block-buttons is-content-justification-center is-layout-flex wp-container-core-buttons-is-layout-a89b3969 wp-block-buttons-is-layout-flex\">\n<div class=\"wp-block-button btn-devis-source\"><a class=\"wp-block-button__link wp-element-button\" href=\"https:\/\/obera.fr\/hu\/devis\/\">K\u00e9rjen \u00e1raj\u00e1nlatot<\/a><\/div>\n<\/div>\n\n\n<script>\r\ndocument.addEventListener('DOMContentLoaded', function() {\r\n    \/\/ 1. On cherche le titre H1 de la page\r\n    var h1 = document.querySelector('h1');\r\n    var productTitle = h1 ? h1.innerText.trim() : \"\";\r\n\r\n    \/\/ 2. On cherche les boutons via la classe CSS .btn-devis-source\r\n    var buttons = document.querySelectorAll('.btn-devis-source a');\r\n\r\n    \/\/ 3. Si on a le titre et les boutons, on ajoute le param\u00e8tre\r\n    if (buttons.length > 0 && productTitle !== \"\") {\r\n        var encodedTitle = encodeURIComponent(productTitle);\r\n\r\n        buttons.forEach(function(btn) {\r\n            var currentHref = btn.getAttribute('href');\r\n            \r\n            \/\/ S\u00e9curit\u00e9 pour ne pas ajouter le param\u00e8tre 2 fois\r\n            if (currentHref.indexOf('sujet=') === -1) {\r\n                var separator = currentHref.indexOf('?') !== -1 ? '&' : '?';\r\n                var newLink = currentHref + separator + 'sujet=' + encodedTitle;\r\n                \r\n                btn.setAttribute('href', newLink);\r\n            }\r\n        });\r\n    }\r\n});\r\n<\/script><\/div>\n<\/div>\n<\/div>\n<\/div>\n\n<div style=\"height:20px\" aria-hidden=\"true\" class=\"wp-block-spacer\"><\/div>\n\n<figure class=\"wp-block-image aligncenter size-large\"><img decoding=\"async\" width=\"800\" height=\"250\" src=\"https:\/\/obera.fr\/wp-content\/uploads\/2021\/05\/ePUR05_Salle_de_classe.jpg\" alt=\"epur05 oszt&#xE1;lyterem\" class=\"wp-image-5556\" srcset=\"https:\/\/obera.fr\/wp-content\/uploads\/2021\/05\/ePUR05_Salle_de_classe.jpg 800w, https:\/\/obera.fr\/wp-content\/uploads\/2021\/05\/ePUR05_Salle_de_classe-300x94.jpg 300w, https:\/\/obera.fr\/wp-content\/uploads\/2021\/05\/ePUR05_Salle_de_classe-768x240.jpg 768w\" sizes=\"(max-width: 800px) 100vw, 800px\" \/><\/figure>\n\n<div style=\"height:20px\" aria-hidden=\"true\" class=\"wp-block-spacer\"><\/div>\n\n<div class=\"wp-block-columns is-layout-flex wp-container-core-columns-is-layout-28f84493 wp-block-columns-is-layout-flex\">\n<div class=\"wp-block-column is-layout-flow wp-block-column-is-layout-flow\">\n<h3 class=\"wp-block-heading has-text-align-center\" id=\"avantages\">JUTALMAK<\/h3>\n\n\n\n<ul class=\"wp-block-list\">\n<li>Hossz\u00fa \u00e9lettartam\u00fa sz\u0171r\u0151k<\/li>\n\n\n\n<li>Alacsony energiafogyaszt\u00e1s (35W)<\/li>\n\n\n\n<li>K\u00f6nnyen sz\u00e1ll\u00edthat\u00f3 s\u00faly\u00e1nak \u00e9s m\u00e9reteinek k\u00f6sz\u00f6nhet\u0151en<\/li>\n<\/ul>\n<\/div>\n\n\n\n<div class=\"wp-block-column is-layout-flow wp-block-column-is-layout-flow\">\n<h3 class=\"wp-block-heading has-text-align-center\" id=\"particularites\">k\u00fcl\u00f6nleges funkci\u00f3k<\/h3>\n\n\n\n<ul class=\"wp-block-list\">\n<li>Zajcs\u00f6kkent\u0151 burkolat (47dB)<\/li>\n\n\n\n<li>Nagy hat\u00e9konys\u00e1g\u00fa ventil\u00e1tor elektronikus kommut\u00e1ci\u00f3val<\/li>\n\n\n\n<li>\u00c1ll\u00edthat\u00f3 l\u00e9g\u00e1ram<\/li>\n<\/ul>\n\n\n\n<p><\/p>\n<\/div>\n\n\n\n<div class=\"wp-block-column is-layout-flow wp-block-column-is-layout-flow\">\n<h3 class=\"wp-block-heading has-text-align-center\" id=\"caracteristiques\">funkci\u00f3k<\/h3>\n\n\n\n<ul class=\"wp-block-list\">\n<li>Nagy hat\u00e9konys\u00e1g\u00fa HEPA vagy V-Protect sz\u0171r\u00e9s<\/li>\n\n\n\n<li>K\u00f6nny\u0171, mind\u00f6ssze 16 kg<\/li>\n\n\n\n<li>Ide\u00e1lis ak\u00e1r 100 m\u00b2-es fel\u00fcletekre<\/li>\n\n\n\n<li>Alacsony m\u0171k\u00f6d\u00e9si zaj<\/li>\n<\/ul>\n<\/div>\n<\/div>\n\n<h2 class=\"wp-block-heading\" id=\"applications\">Alkalmaz\u00e1sok<\/h2>\n\n<div class=\"wp-block-columns is-layout-flex wp-container-core-columns-is-layout-28f84493 wp-block-columns-is-layout-flex\">\n<div class=\"wp-block-column is-layout-flow wp-block-column-is-layout-flow\">\n<h3 class=\"wp-block-heading has-text-align-center\" id=\"polluants\">Szennyez\u0151 anyagok<\/h3>\n\n\n\n<div class=\"wp-block-columns is-layout-flex wp-container-core-columns-is-layout-28f84493 wp-block-columns-is-layout-flex\">\n<div class=\"wp-block-column is-layout-flow wp-block-column-is-layout-flow\">\n<figure class=\"wp-block-image aligncenter size-large\"><img decoding=\"async\" width=\"70\" height=\"70\" src=\"https:\/\/obera.fr\/wp-content\/uploads\/2021\/03\/polluants-poussieres-1.jpg\" alt=\"porszennyez&#x151; anyagok 1\" class=\"wp-image-4969\"\/><figcaption class=\"wp-element-caption\">Por<\/figcaption><\/figure>\n\n\n\n<figure class=\"wp-block-image aligncenter size-thumbnail is-resized\"><img decoding=\"async\" width=\"150\" height=\"150\" src=\"https:\/\/obera.fr\/wp-content\/uploads\/2021\/03\/virus-150x150.jpg\" alt=\"v&#xED;rusok &#xE9;s bakt&#xE9;riumok\" class=\"wp-image-4914\" style=\"width:75px;height:75px\"\/><figcaption class=\"wp-element-caption\">V\u00edrusok \u00e9s bakt\u00e9riumok<\/figcaption><\/figure>\n<\/div>\n\n\n\n<div class=\"wp-block-column is-layout-flow wp-block-column-is-layout-flow\">\n<figure class=\"wp-block-image aligncenter size-large\"><img decoding=\"async\" width=\"70\" height=\"70\" src=\"https:\/\/obera.fr\/wp-content\/uploads\/2020\/10\/industrie-aerosols.jpg\" alt=\"K&#xF6;z&#xF6;ss&#xE9;gi l&#xE9;tes&#xED;tm&#xE9;ny &#x2013; Hullad&#xE9;k\" class=\"wp-image-1201\"\/><figcaption class=\"wp-element-caption\">Aeroszolok<\/figcaption><\/figure>\n<\/div>\n<\/div>\n<\/div>\n\n\n\n<div class=\"wp-block-column is-layout-flow wp-block-column-is-layout-flow\">\n<h3 class=\"wp-block-heading has-text-align-center\" id=\"industries\">ipar\u00e1gak<\/h3>\n\n\n\n<p class=\"has-text-align-center\">K\u00fcl\u00f6n\u00f6sen alkalmas nagy fel\u00fcletekre (tercier szektor \u00e9s k\u00f6z\u00f6ss\u00e9gi l\u00e9tes\u00edtm\u00e9nyek), mint p\u00e9ld\u00e1ul irod\u00e1k, nyitott ter\u0171 irod\u00e1k, t\u00e1rgyal\u00f3termek, oszt\u00e1lytermek, sportcsarnokok, m\u0171helyek, laborat\u00f3riumok, \u00fczletek, fodr\u00e1szszalonok, sz\u00e9ps\u00e9gszalonok, k\u00f6r\u00f6mszalonok stb.<\/p>\n<\/div>\n<\/div>\n\n<div class=\"wp-block-buttons is-horizontal is-content-justification-center is-layout-flex wp-container-core-buttons-is-layout-03627597 wp-block-buttons-is-layout-flex\">\n<div class=\"wp-block-button\"><a class=\"wp-block-button__link wp-element-button\" href=\"https:\/\/obera.fr\/contact\/\">Tudjon meg t\u00f6bbet<\/a><\/div>\n<\/div>\n\n<h2 class=\"wp-block-heading\" id=\"caracteristiques-techniques\">M\u0171szaki specifik\u00e1ci\u00f3k<\/h2>\n\n<table id=\"tablepress-158\" class=\"tablepress tablepress-id-158\">\n<thead>\n<tr class=\"row-1\">\n\t<th class=\"column-1\">Appareil<\/th><td class=\"column-2\"><\/td><th class=\"column-3\">ePUR05<\/th>\n<\/tr>\n<\/thead>\n<tbody class=\"row-striping row-hover\">\n<tr class=\"row-2\">\n\t<td class=\"column-1\">D\u00e9bit nominal<\/td><td class=\"column-2\">m3\/h<\/td><td class=\"column-3\">500<\/td>\n<\/tr>\n<tr class=\"row-3\">\n\t<td class=\"column-1\">Tension d'alimentation<\/td><td class=\"column-2\">V<\/td><td class=\"column-3\">230<\/td>\n<\/tr>\n<tr class=\"row-4\">\n\t<td class=\"column-1\">Puissance \u00e9l\u00e9ctrique<\/td><td class=\"column-2\">kW<\/td><td class=\"column-3\">0,035<\/td>\n<\/tr>\n<tr class=\"row-5\">\n\t<td class=\"column-1\">Dimensions<\/td><td class=\"column-2\">L\/l\/h (cm)<\/td><td class=\"column-3\"> 32 x 32 x 71<\/td>\n<\/tr>\n<tr class=\"row-6\">\n\t<td class=\"column-1\">Poids<\/td><td class=\"column-2\">kg<\/td><td class=\"column-3\">16<\/td>\n<\/tr>\n<tr class=\"row-7\">\n\t<td class=\"column-1\">Niveau de Bruyance <\/td><td class=\"column-2\">dB(A)<\/td><td class=\"column-3\">47<\/td>\n<\/tr>\n<\/tbody>\n<\/table>\n\n\n<div style=\"height:20px\" aria-hidden=\"true\" class=\"wp-block-spacer\"><\/div>\n\n<h2 class=\"wp-block-heading\" id=\"les-autres-destructeurs-de-virus-et-bacteries\">Egy\u00e9b v\u00edrus- \u00e9s bakt\u00e9riumirt\u00f3k<\/h2>\n\n<div class=\"wp-block-columns is-layout-flex wp-container-core-columns-is-layout-28f84493 wp-block-columns-is-layout-flex\">\n<div class=\"wp-block-column is-layout-flow wp-block-column-is-layout-flow\">\n<figure class=\"wp-block-image aligncenter size-medium is-resized\"><a href=\"https:\/\/obera.fr\/hu\/produits\/purificateurs-air\/covid-19-virus-es-bakteriumok-elleni-legtisztitok\/virbox-virusellenes-legtisztito\/\"><img decoding=\"async\" width=\"300\" height=\"300\" src=\"https:\/\/obera.fr\/wp-content\/uploads\/2021\/04\/Virbox_2021-removebg-preview-300x300.png\" alt=\"virbox 2021\" class=\"wp-image-5383\" style=\"width:225px;height:225px\" srcset=\"https:\/\/obera.fr\/wp-content\/uploads\/2021\/04\/Virbox_2021-removebg-preview.png 300w, https:\/\/obera.fr\/wp-content\/uploads\/2021\/04\/Virbox_2021-removebg-preview-150x150.png 150w\" sizes=\"(max-width: 300px) 100vw, 300px\" \/><\/a><figcaption class=\"wp-element-caption\">VIRBOX<\/figcaption><\/figure>\n<\/div>\n\n\n\n<div class=\"wp-block-column is-layout-flow wp-block-column-is-layout-flow\">\n<figure class=\"wp-block-image aligncenter size-medium is-resized\"><a href=\"https:\/\/obera.fr\/hu\/produits\/purificateurs-air\/industriel-epur\/\"><img decoding=\"async\" width=\"300\" height=\"300\" src=\"https:\/\/obera.fr\/wp-content\/uploads\/2021\/04\/Purificateur-dair-ePUR-2020-600-300x300.jpg\" alt=\"OBERA epur l&#xE9;gtiszt&#xED;t&#xF3;k\" class=\"wp-image-5340\" style=\"width:225px;height:225px\" srcset=\"https:\/\/obera.fr\/wp-content\/uploads\/2021\/04\/Purificateur-dair-ePUR-2020-600-300x300.jpg 300w, https:\/\/obera.fr\/wp-content\/uploads\/2021\/04\/Purificateur-dair-ePUR-2020-600-150x150.jpg 150w, https:\/\/obera.fr\/wp-content\/uploads\/2021\/04\/Purificateur-dair-ePUR-2020-600.jpg 600w\" sizes=\"(max-width: 300px) 100vw, 300px\" \/><\/a><figcaption class=\"wp-element-caption\">EPUR l\u00e9gtiszt\u00edt\u00f3<\/figcaption><\/figure>\n<\/div>\n\n\n\n<div class=\"wp-block-column is-layout-flow wp-block-column-is-layout-flow\">\n<figure class=\"wp-block-image aligncenter size-medium is-resized\"><a href=\"https:\/\/obera.fr\/hu\/produits\/purificateurs-air\/poussieres-epur-b01-ecoprime\/\"><img decoding=\"async\" width=\"300\" height=\"300\" src=\"https:\/\/obera.fr\/wp-content\/uploads\/2021\/04\/ePUR-B01-ecoprime-600-300x300.jpg\" alt=\"Epur B01 Ecoprime\" class=\"wp-image-5342\" style=\"width:225px;height:225px\" srcset=\"https:\/\/obera.fr\/wp-content\/uploads\/2021\/04\/ePUR-B01-ecoprime-600-300x300.jpg 300w, https:\/\/obera.fr\/wp-content\/uploads\/2021\/04\/ePUR-B01-ecoprime-600-150x150.jpg 150w, https:\/\/obera.fr\/wp-content\/uploads\/2021\/04\/ePUR-B01-ecoprime-600.jpg 600w\" sizes=\"(max-width: 300px) 100vw, 300px\" \/><\/a><figcaption class=\"wp-element-caption\">Epur B01 Ecoprime<\/figcaption><\/figure>\n<\/div>\n\n\n\n<div class=\"wp-block-column is-layout-flow wp-block-column-is-layout-flow\"><\/div>\n<\/div>\n\n<p><\/p>\n","protected":false},"excerpt":{"rendered":"<p>Hogyan m\u0171k\u00f6dik az ePUR05 l\u00e9gtiszt\u00edt\u00f3 Az ePUR05 l\u00e9gtiszt\u00edt\u00f3 egyszer\u0171 \u00e9s hat\u00e9kony m\u0171k\u00f6d\u00e9ssel rendelkezik. Ugyanis a szennyez\u0151 anyagokat a k\u00e9sz\u00fcl\u00e9k tetej\u00e9n kereszt\u00fcl sz\u00edvja be egy nagy hat\u00e9konys\u00e1g\u00fa ventil\u00e1tor seg\u00edts\u00e9g\u00e9vel. A por ezut\u00e1n k\u00e9t sz\u0171r\u0151fokozaton halad \u00e1t, kezdve az el\u0151sz\u0171r\u0151vel, amely elv\u00e1lasztja a durva port, hogy a f\u0151sz\u0171r\u0151 hat\u00e9konyabb\u00e1 v\u00e1ljon \u00e9s hosszabb \u00e9lettartammal rendelkezzen. A H13, vagy V-protect f\u0151sz\u0171r\u0151 egy nagyon nagy pontoss\u00e1g\u00fa sz\u0171r\u0151, amely hat\u00e9konyan k\u00e9pes kezelni a v\u00edrusokat \u00e9s bakt\u00e9riumokat, de a finom port, a CMR-eket \u00e9s az aeroszolokat is. Ezt k\u00f6vet\u0151en a kezelt leveg\u0151 a k\u00e9sz\u00fcl\u00e9k alj\u00e1n t\u00e1vozik, ez\u00e1ltal l\u00e9gcsere-hurkot hozva l\u00e9tre. JUTALMAK k\u00fcl\u00f6nleges funkci\u00f3k funkci\u00f3k Alkalmaz\u00e1sok Szennyez\u0151 anyagok &#8230; <\/p>\n<p class=\"read-more-container\"><a title=\"ePUR05 l\u00e9gtiszt\u00edt\u00f3\" class=\"read-more button\" href=\"https:\/\/obera.fr\/hu\/produits\/purificateurs-air\/covid-19-virus-es-bakteriumok-elleni-legtisztitok\/epur05-legtisztito\/#more-132670\" aria-label=\"Read more about ePUR05 l\u00e9gtiszt\u00edt\u00f3\">Lire la suite<\/a><\/p>\n","protected":false},"author":4,"featured_media":0,"parent":132629,"menu_order":0,"comment_status":"closed","ping_status":"closed","template":"","meta":{"_acf_changed":false,"_seopress_robots_primary_cat":"","_seopress_titles_title":"ePUR05 v\u00edrus- \u00e9s bakt\u00e9riumellenes l\u00e9gtiszt\u00edt\u00f3","_seopress_titles_desc":"Az EPUR05 egy l\u00e9gtiszt\u00edt\u00f3, amelyet v\u00edrusok \u00e9s bakt\u00e9riumok, valamint finompor, CMR \u00e9s aeroszolok kezel\u00e9s\u00e9re terveztek.","_seopress_robots_index":"","footnotes":""},"class_list":{"0":"post-132670","1":"page","2":"type-page","3":"status-publish","5":"no-featured-image-padding"},"acf":[],"_links":{"self":[{"href":"https:\/\/obera.fr\/hu\/wp-json\/wp\/v2\/pages\/132670","targetHints":{"allow":["GET"]}}],"collection":[{"href":"https:\/\/obera.fr\/hu\/wp-json\/wp\/v2\/pages"}],"about":[{"href":"https:\/\/obera.fr\/hu\/wp-json\/wp\/v2\/types\/page"}],"author":[{"embeddable":true,"href":"https:\/\/obera.fr\/hu\/wp-json\/wp\/v2\/users\/4"}],"replies":[{"embeddable":true,"href":"https:\/\/obera.fr\/hu\/wp-json\/wp\/v2\/comments?post=132670"}],"version-history":[{"count":1,"href":"https:\/\/obera.fr\/hu\/wp-json\/wp\/v2\/pages\/132670\/revisions"}],"predecessor-version":[{"id":132715,"href":"https:\/\/obera.fr\/hu\/wp-json\/wp\/v2\/pages\/132670\/revisions\/132715"}],"up":[{"embeddable":true,"href":"https:\/\/obera.fr\/hu\/wp-json\/wp\/v2\/pages\/132629"}],"wp:attachment":[{"href":"https:\/\/obera.fr\/hu\/wp-json\/wp\/v2\/media?parent=132670"}],"curies":[{"name":"wp","href":"https:\/\/api.w.org\/{rel}","templated":true}]}}