{"id":134720,"date":"2021-10-01T18:50:29","date_gmt":"2021-10-01T16:50:29","guid":{"rendered":"https:\/\/obera.fr\/contact\/news-merci\/"},"modified":"2025-12-03T18:51:06","modified_gmt":"2025-12-03T16:51:06","slug":"news-merci","status":"publish","type":"page","link":"https:\/\/obera.fr\/hu\/contact\/news-merci\/","title":{"rendered":"K\u00f6sz\u00f6nj\u00fck"},"content":{"rendered":"\n<p><meta charset=\"utf-8\"\/>K\u00e9r\u00e9s\u00e9t megkaptuk.<\/p>\n","protected":false},"excerpt":{"rendered":"<p>K\u00e9r\u00e9s\u00e9t megkaptuk.<\/p>\n","protected":false},"author":4,"featured_media":0,"parent":71369,"menu_order":0,"comment_status":"closed","ping_status":"closed","template":"","meta":{"_acf_changed":false,"_seopress_robots_primary_cat":"","_seopress_titles_title":"","_seopress_titles_desc":"","_seopress_robots_index":"Igen","footnotes":""},"class_list":{"0":"post-134720","1":"page","2":"type-page","3":"status-publish","5":"no-featured-image-padding"},"acf":[],"_links":{"self":[{"href":"https:\/\/obera.fr\/hu\/wp-json\/wp\/v2\/pages\/134720","targetHints":{"allow":["GET"]}}],"collection":[{"href":"https:\/\/obera.fr\/hu\/wp-json\/wp\/v2\/pages"}],"about":[{"href":"https:\/\/obera.fr\/hu\/wp-json\/wp\/v2\/types\/page"}],"author":[{"embeddable":true,"href":"https:\/\/obera.fr\/hu\/wp-json\/wp\/v2\/users\/4"}],"replies":[{"embeddable":true,"href":"https:\/\/obera.fr\/hu\/wp-json\/wp\/v2\/comments?post=134720"}],"version-history":[{"count":1,"href":"https:\/\/obera.fr\/hu\/wp-json\/wp\/v2\/pages\/134720\/revisions"}],"predecessor-version":[{"id":134721,"href":"https:\/\/obera.fr\/hu\/wp-json\/wp\/v2\/pages\/134720\/revisions\/134721"}],"up":[{"embeddable":true,"href":"https:\/\/obera.fr\/hu\/wp-json\/wp\/v2\/pages\/71369"}],"wp:attachment":[{"href":"https:\/\/obera.fr\/hu\/wp-json\/wp\/v2\/media?parent=134720"}],"curies":[{"name":"wp","href":"https:\/\/api.w.org\/{rel}","templated":true}]}}