{"id":134722,"date":"2021-07-23T14:22:11","date_gmt":"2021-07-23T12:22:11","guid":{"rendered":"https:\/\/obera.fr\/achat-merci\/"},"modified":"2025-12-03T18:51:08","modified_gmt":"2025-12-03T16:51:08","slug":"achat-merci","status":"publish","type":"page","link":"https:\/\/obera.fr\/hu\/achat-merci\/","title":{"rendered":"K\u00f6sz\u00f6nj\u00fck megrendel\u00e9s\u00e9t az obera.fr oldalon"},"content":{"rendered":"\n<p>Am\u00edg megrendel\u00e9s\u00e9re v\u00e1r, elolvashatja a leg\u00fajabb blogbejegyz\u00e9seket<\/p>\n<ul class=\"wp-block-latest-posts__list is-grid columns-2 wp-block-latest-posts\"><li><div class=\"wp-block-latest-posts__featured-image aligncenter\"><a href=\"https:\/\/obera.fr\/hu\/anyagok-kinyerese\/ipari-elszivo-es-porelszivo-megoldasok-anyagkitermeleshez\/\" aria-label=\"Ipari elsz\u00edv\u00f3 \u00e9s porelsz\u00edv\u00f3 megold\u00e1sok anyagkitermel\u00e9shez\"><img decoding=\"async\" width=\"1024\" height=\"576\" src=\"https:\/\/obera.fr\/wp-content\/uploads\/2025\/08\/extraction-materiaux-1024x576.jpg\" class=\"attachment-large size-large wp-post-image\" alt=\"anyagnyer\u00e9s\" style=\"max-width:500px;\" srcset=\"https:\/\/obera.fr\/wp-content\/uploads\/2025\/08\/extraction-materiaux-1024x576.jpg 1024w, https:\/\/obera.fr\/wp-content\/uploads\/2025\/08\/extraction-materiaux-300x169.jpg 300w, https:\/\/obera.fr\/wp-content\/uploads\/2025\/08\/extraction-materiaux-768x432.jpg 768w, https:\/\/obera.fr\/wp-content\/uploads\/2025\/08\/extraction-materiaux-1536x864.jpg 1536w, https:\/\/obera.fr\/wp-content\/uploads\/2025\/08\/extraction-materiaux.jpg 1600w\" sizes=\"(max-width: 1024px) 100vw, 1024px\" \/><\/a><\/div><a class=\"wp-block-latest-posts__post-title\" href=\"https:\/\/obera.fr\/hu\/anyagok-kinyerese\/ipari-elszivo-es-porelszivo-megoldasok-anyagkitermeleshez\/\">Ipari elsz\u00edv\u00f3 \u00e9s porelsz\u00edv\u00f3 megold\u00e1sok anyagkitermel\u00e9shez<\/a><div class=\"wp-block-latest-posts__post-excerpt\">Az anyagkitermel\u00e9s elker\u00fclhetetlen\u00fcl olyan maradv\u00e1nyokat termel, amelyeket a munkav\u00e1llal\u00f3k eg\u00e9szs\u00e9g\u00e9nek \u00e9s biztons\u00e1g\u00e1nak v\u00e9delme \u00e9rdek\u00e9ben ellen\u0151rizni kell.<\/div><\/li>\n<li><div class=\"wp-block-latest-posts__featured-image aligncenter\"><a href=\"https:\/\/obera.fr\/hu\/elektronika-elektromossag\/az-obera-elszivasi-es-szuresi-megoldasai-az-elektronikai-ipar-szamara\/\" aria-label=\"Az oberA elsz\u00edv\u00e1si \u00e9s sz\u0171r\u00e9si megold\u00e1sai az elektronikai ipar sz\u00e1m\u00e1ra\"><img decoding=\"async\" width=\"1024\" height=\"576\" src=\"https:\/\/obera.fr\/wp-content\/uploads\/2025\/08\/electricite-electronique-1024x576.jpg\" class=\"attachment-large size-large wp-post-image\" alt=\"elektronikus \u00e1ram\" style=\"max-width:500px;\" srcset=\"https:\/\/obera.fr\/wp-content\/uploads\/2025\/08\/electricite-electronique-1024x576.jpg 1024w, https:\/\/obera.fr\/wp-content\/uploads\/2025\/08\/electricite-electronique-300x169.jpg 300w, https:\/\/obera.fr\/wp-content\/uploads\/2025\/08\/electricite-electronique-768x432.jpg 768w, https:\/\/obera.fr\/wp-content\/uploads\/2025\/08\/electricite-electronique-1536x864.jpg 1536w, https:\/\/obera.fr\/wp-content\/uploads\/2025\/08\/electricite-electronique.jpg 1600w\" sizes=\"(max-width: 1024px) 100vw, 1024px\" \/><\/a><\/div><a class=\"wp-block-latest-posts__post-title\" href=\"https:\/\/obera.fr\/hu\/elektronika-elektromossag\/az-obera-elszivasi-es-szuresi-megoldasai-az-elektronikai-ipar-szamara\/\">Az oberA elsz\u00edv\u00e1si \u00e9s sz\u0171r\u00e9si megold\u00e1sai az elektronikai ipar sz\u00e1m\u00e1ra<\/a><div class=\"wp-block-latest-posts__post-excerpt\">Az elektronikai iparban a leveg\u0151 min\u0151s\u00e9ge k\u00f6zvetlen\u00fcl befoly\u00e1solja az alkatr\u00e9szek megb\u00edzhat\u00f3s\u00e1g\u00e1t \u00e9s a kezel\u0151k eg\u00e9szs\u00e9g\u00e9t.<\/div><\/li>\n<li><div class=\"wp-block-latest-posts__featured-image aligncenter\"><a href=\"https:\/\/obera.fr\/hu\/muveszeti-restauratorok-es-muveszek\/az-elszivas-es-a-szures-jelentosege-a-muveszeti-kornyezetben\/\" aria-label=\"Az elsz\u00edv\u00e1s \u00e9s a sz\u0171r\u00e9s jelent\u0151s\u00e9ge a m\u0171v\u00e9szeti k\u00f6rnyezetben\"><img decoding=\"async\" width=\"1024\" height=\"576\" src=\"https:\/\/obera.fr\/wp-content\/uploads\/2025\/08\/restaurateurs-oeuvre-art-1024x576.jpg\" class=\"attachment-large size-large wp-post-image\" alt=\"m\u0171t\u00e1rgyrestaur\u00e1torok\" style=\"max-width:500px;\" srcset=\"https:\/\/obera.fr\/wp-content\/uploads\/2025\/08\/restaurateurs-oeuvre-art-1024x576.jpg 1024w, https:\/\/obera.fr\/wp-content\/uploads\/2025\/08\/restaurateurs-oeuvre-art-300x169.jpg 300w, https:\/\/obera.fr\/wp-content\/uploads\/2025\/08\/restaurateurs-oeuvre-art-768x432.jpg 768w, https:\/\/obera.fr\/wp-content\/uploads\/2025\/08\/restaurateurs-oeuvre-art-1536x864.jpg 1536w, https:\/\/obera.fr\/wp-content\/uploads\/2025\/08\/restaurateurs-oeuvre-art.jpg 1600w\" sizes=\"(max-width: 1024px) 100vw, 1024px\" \/><\/a><\/div><a class=\"wp-block-latest-posts__post-title\" href=\"https:\/\/obera.fr\/hu\/muveszeti-restauratorok-es-muveszek\/az-elszivas-es-a-szures-jelentosege-a-muveszeti-kornyezetben\/\">Az elsz\u00edv\u00e1s \u00e9s a sz\u0171r\u00e9s jelent\u0151s\u00e9ge a m\u0171v\u00e9szeti k\u00f6rnyezetben<\/a><div class=\"wp-block-latest-posts__post-excerpt\">A m\u0171t\u00e1rgyrestaur\u00e1l\u00e1s \u00e9s a m\u0171v\u00e9szeti alkot\u00f3munka nap mint nap old\u00f3szereknek, gyant\u00e1knak \u00e9s finom pornak teszi ki a szakembereket, amelyeket felt\u00e9tlen\u00fcl kontroll\u00e1lni kell.<\/div><\/li>\n<li><div class=\"wp-block-latest-posts__featured-image aligncenter\"><a href=\"https:\/\/obera.fr\/hu\/hadsereg-es-vedelem\/szennyezoanyagok-elszivasara-es-szuresere-szolgalo-megoldasok-a-katonai-szektor-szamara\/\" aria-label=\"Szennyez\u0151anyagok elsz\u00edv\u00e1s\u00e1ra \u00e9s sz\u0171r\u00e9s\u00e9re szolg\u00e1l\u00f3 megold\u00e1sok a katonai szektor sz\u00e1m\u00e1ra\"><img decoding=\"async\" width=\"1024\" height=\"576\" src=\"https:\/\/obera.fr\/wp-content\/uploads\/2025\/08\/armee-defense-1024x576.jpg\" class=\"attachment-large size-large wp-post-image\" alt=\"fegyveres v\u00e9delem\" style=\"max-width:500px;\" srcset=\"https:\/\/obera.fr\/wp-content\/uploads\/2025\/08\/armee-defense-1024x576.jpg 1024w, https:\/\/obera.fr\/wp-content\/uploads\/2025\/08\/armee-defense-300x169.jpg 300w, https:\/\/obera.fr\/wp-content\/uploads\/2025\/08\/armee-defense-768x432.jpg 768w, https:\/\/obera.fr\/wp-content\/uploads\/2025\/08\/armee-defense-1536x864.jpg 1536w, https:\/\/obera.fr\/wp-content\/uploads\/2025\/08\/armee-defense.jpg 1600w\" sizes=\"(max-width: 1024px) 100vw, 1024px\" \/><\/a><\/div><a class=\"wp-block-latest-posts__post-title\" href=\"https:\/\/obera.fr\/hu\/hadsereg-es-vedelem\/szennyezoanyagok-elszivasara-es-szuresere-szolgalo-megoldasok-a-katonai-szektor-szamara\/\">Szennyez\u0151anyagok elsz\u00edv\u00e1s\u00e1ra \u00e9s sz\u0171r\u00e9s\u00e9re szolg\u00e1l\u00f3 megold\u00e1sok a katonai szektor sz\u00e1m\u00e1ra<\/a><div class=\"wp-block-latest-posts__post-excerpt\">A katonai infrastrukt\u00far\u00e1k megk\u00f6vetelik a munkak\u00f6rnyezet abszol\u00fat ellen\u0151rz\u00e9s\u00e9t az \u00fczemeltet\u0151k eg\u00e9szs\u00e9g\u00e9nek v\u00e9delme \u00e9s a taktikai berendez\u00e9sek \u00e9lettartam\u00e1nak biztos\u00edt\u00e1sa \u00e9rdek\u00e9ben.<\/div><\/li>\n<li><div class=\"wp-block-latest-posts__featured-image aligncenter\"><a href=\"https:\/\/obera.fr\/hu\/sante\/az-obera-szuresi-szuresi-es-tisztitasi-megoldasai-az-egeszsegert\/\" aria-label=\"Az OberA sz\u0171r\u00e9si, sz\u0171r\u00e9si \u00e9s tiszt\u00edt\u00e1si megold\u00e1sai az eg\u00e9szs\u00e9g\u00e9rt\"><img decoding=\"async\" width=\"1024\" height=\"682\" src=\"https:\/\/obera.fr\/wp-content\/uploads\/2025\/06\/masque-classique-1024x682.webp\" class=\"attachment-large size-large wp-post-image\" alt=\"klasszikus maszk\" style=\"max-width:500px;\" srcset=\"https:\/\/obera.fr\/wp-content\/uploads\/2025\/06\/masque-classique-1024x682.webp 1024w, https:\/\/obera.fr\/wp-content\/uploads\/2025\/06\/masque-classique-300x200.webp 300w, https:\/\/obera.fr\/wp-content\/uploads\/2025\/06\/masque-classique-768x512.webp 768w, https:\/\/obera.fr\/wp-content\/uploads\/2025\/06\/masque-classique.webp 1280w\" sizes=\"(max-width: 1024px) 100vw, 1024px\" \/><\/a><\/div><a class=\"wp-block-latest-posts__post-title\" href=\"https:\/\/obera.fr\/hu\/sante\/az-obera-szuresi-szuresi-es-tisztitasi-megoldasai-az-egeszsegert\/\">Az OberA sz\u0171r\u00e9si, sz\u0171r\u00e9si \u00e9s tiszt\u00edt\u00e1si megold\u00e1sai az eg\u00e9szs\u00e9g\u00e9rt<\/a><div class=\"wp-block-latest-posts__post-excerpt\">A belt\u00e9ri leveg\u0151min\u0151s\u00e9g jav\u00edt\u00e1sa jelent\u0151s k\u00f6zeg\u00e9szs\u00e9g\u00fcgyi k\u00e9rd\u00e9ss\u00e9 v\u00e1lt a munkat\u00e1rsak v\u00e9delm\u00e9ben minden ipari vagy tercier k\u00f6rnyezetben.<\/div><\/li>\n<li><a class=\"wp-block-latest-posts__post-title\" href=\"https:\/\/obera.fr\/hu\/sajto\/a-munkavallalok-53-a-ugy-veli-hogy-vallalata-nincs-felkeszulve-a-hoseghullamok-hatekony-kezelesere\/\">A munkav\u00e1llal\u00f3k 53%-a \u00fagy v\u00e9li, hogy v\u00e1llalata nincs felk\u00e9sz\u00fclve a h\u0151s\u00e9ghull\u00e1mok hat\u00e9kony kezel\u00e9s\u00e9re<\/a><div class=\"wp-block-latest-posts__post-excerpt\">Az OberA 4203 franciaorsz\u00e1gi akt\u00edv dolgoz\u00f3 k\u00f6r\u00e9ben v\u00e9gzett felm\u00e9r\u00e9st, hogy jobban meg\u00e9rtse, hogyan \u00e9rz\u00e9kelik \u00e9s \u00e9lik meg a munkav\u00e1llal\u00f3k a h\u0151s\u00e9ghull\u00e1mokat a munkahely\u00fck\u00f6n<\/div><\/li>\n<li><div class=\"wp-block-latest-posts__featured-image aligncenter\"><a href=\"https:\/\/obera.fr\/hu\/kompozit-anyagok\/voc-kibocsatas-a-kompozitok-infuzioja-soran\/\" aria-label=\"VOC-kibocs\u00e1t\u00e1s a kompozitok inf\u00fazi\u00f3ja sor\u00e1n\"><img decoding=\"async\" width=\"1024\" height=\"181\" src=\"https:\/\/obera.fr\/wp-content\/uploads\/2026\/03\/industrie-composite-opti-1024x181.jpg\" class=\"attachment-large size-large wp-post-image\" alt=\"kompozitipar opti\" style=\"max-width:500px;\" srcset=\"https:\/\/obera.fr\/wp-content\/uploads\/2026\/03\/industrie-composite-opti-1024x181.jpg 1024w, https:\/\/obera.fr\/wp-content\/uploads\/2026\/03\/industrie-composite-opti-300x53.jpg 300w, https:\/\/obera.fr\/wp-content\/uploads\/2026\/03\/industrie-composite-opti-768x136.jpg 768w, https:\/\/obera.fr\/wp-content\/uploads\/2026\/03\/industrie-composite-opti-1536x272.jpg 1536w, https:\/\/obera.fr\/wp-content\/uploads\/2026\/03\/industrie-composite-opti.jpg 1980w\" sizes=\"(max-width: 1024px) 100vw, 1024px\" \/><\/a><\/div><a class=\"wp-block-latest-posts__post-title\" href=\"https:\/\/obera.fr\/hu\/kompozit-anyagok\/voc-kibocsatas-a-kompozitok-infuzioja-soran\/\">VOC-kibocs\u00e1t\u00e1s a kompozitok inf\u00fazi\u00f3ja sor\u00e1n<\/a><div class=\"wp-block-latest-posts__post-excerpt\">A v\u00e1kuuminf\u00fazi\u00f3 sz\u00e9les k\u00f6rben alkalmazott elj\u00e1r\u00e1s nagym\u00e9ret\u0171 kompozit alkatr\u00e9szek gy\u00e1rt\u00e1s\u00e1ra. Az elj\u00e1r\u00e1s l\u00e9nyege, hogy az er\u0151s\u00edt\u0151sz\u00e1lakat v\u00e1kuum alatt besz\u00edvott foly\u00e9kony gyant\u00e1val itatj\u00e1k \u00e1t. <\/div><\/li>\n<li><div class=\"wp-block-latest-posts__featured-image aligncenter\"><a href=\"https:\/\/obera.fr\/hu\/kompozit-anyagok\/epoxigyanta-gozok-a-kompozitiparban\/\" aria-label=\"Epoxigyanta-g\u0151z\u00f6k a kompozitiparban\"><img decoding=\"async\" width=\"1024\" height=\"181\" src=\"https:\/\/obera.fr\/wp-content\/uploads\/2026\/03\/materiaux-composites-opti-1024x181.jpg\" class=\"attachment-large size-large wp-post-image\" alt=\"kompozit anyagok opti\" style=\"max-width:500px;\" srcset=\"https:\/\/obera.fr\/wp-content\/uploads\/2026\/03\/materiaux-composites-opti-1024x181.jpg 1024w, https:\/\/obera.fr\/wp-content\/uploads\/2026\/03\/materiaux-composites-opti-300x53.jpg 300w, https:\/\/obera.fr\/wp-content\/uploads\/2026\/03\/materiaux-composites-opti-768x136.jpg 768w, https:\/\/obera.fr\/wp-content\/uploads\/2026\/03\/materiaux-composites-opti-1536x272.jpg 1536w, https:\/\/obera.fr\/wp-content\/uploads\/2026\/03\/materiaux-composites-opti.jpg 1980w\" sizes=\"(max-width: 1024px) 100vw, 1024px\" \/><\/a><\/div><a class=\"wp-block-latest-posts__post-title\" href=\"https:\/\/obera.fr\/hu\/kompozit-anyagok\/epoxigyanta-gozok-a-kompozitiparban\/\">Epoxigyanta-g\u0151z\u00f6k a kompozitiparban<\/a><div class=\"wp-block-latest-posts__post-excerpt\">Az epoxigyant\u00e1kat sz\u00e9les k\u00f6rben alkalmazz\u00e1k a nagy mechanikai teljes\u00edtm\u00e9ny\u0171 kompozitok gy\u00e1rt\u00e1sa sor\u00e1n.<\/div><\/li>\n<\/ul>","protected":false},"excerpt":{"rendered":"<p>Am\u00edg megrendel\u00e9s\u00e9re v\u00e1r, elolvashatja a leg\u00fajabb blogbejegyz\u00e9seket<\/p>\n","protected":false},"author":4,"featured_media":0,"parent":0,"menu_order":0,"comment_status":"closed","ping_status":"closed","template":"","meta":{"_acf_changed":false,"_seopress_robots_primary_cat":"","_seopress_titles_title":"","_seopress_titles_desc":"","_seopress_robots_index":"igen","footnotes":""},"class_list":{"0":"post-134722","1":"page","2":"type-page","3":"status-publish","5":"no-featured-image-padding"},"acf":[],"_links":{"self":[{"href":"https:\/\/obera.fr\/hu\/wp-json\/wp\/v2\/pages\/134722","targetHints":{"allow":["GET"]}}],"collection":[{"href":"https:\/\/obera.fr\/hu\/wp-json\/wp\/v2\/pages"}],"about":[{"href":"https:\/\/obera.fr\/hu\/wp-json\/wp\/v2\/types\/page"}],"author":[{"embeddable":true,"href":"https:\/\/obera.fr\/hu\/wp-json\/wp\/v2\/users\/4"}],"replies":[{"embeddable":true,"href":"https:\/\/obera.fr\/hu\/wp-json\/wp\/v2\/comments?post=134722"}],"version-history":[{"count":1,"href":"https:\/\/obera.fr\/hu\/wp-json\/wp\/v2\/pages\/134722\/revisions"}],"predecessor-version":[{"id":134723,"href":"https:\/\/obera.fr\/hu\/wp-json\/wp\/v2\/pages\/134722\/revisions\/134723"}],"wp:attachment":[{"href":"https:\/\/obera.fr\/hu\/wp-json\/wp\/v2\/media?parent=134722"}],"curies":[{"name":"wp","href":"https:\/\/api.w.org\/{rel}","templated":true}]}}