{"id":134724,"date":"2020-12-02T16:03:59","date_gmt":"2020-12-02T14:03:59","guid":{"rendered":"https:\/\/obera.fr\/contact\/virus-merci\/"},"modified":"2025-12-03T18:51:10","modified_gmt":"2025-12-03T16:51:10","slug":"virus-merci","status":"publish","type":"page","link":"https:\/\/obera.fr\/hu\/contact\/virus-merci\/","title":{"rendered":"K\u00f6sz\u00f6nj\u00fck"},"content":{"rendered":"\n<p>K\u00e9r\u00e9s\u00e9t megkaptuk.<\/p>\n","protected":false},"excerpt":{"rendered":"<p>K\u00e9r\u00e9s\u00e9t megkaptuk.<\/p>\n","protected":false},"author":4,"featured_media":0,"parent":71369,"menu_order":0,"comment_status":"closed","ping_status":"closed","template":"","meta":{"_acf_changed":false,"_seopress_robots_primary_cat":"","_seopress_titles_title":"","_seopress_titles_desc":"","_seopress_robots_index":"igen","footnotes":""},"class_list":{"0":"post-134724","1":"page","2":"type-page","3":"status-publish","5":"no-featured-image-padding"},"acf":[],"_links":{"self":[{"href":"https:\/\/obera.fr\/hu\/wp-json\/wp\/v2\/pages\/134724","targetHints":{"allow":["GET"]}}],"collection":[{"href":"https:\/\/obera.fr\/hu\/wp-json\/wp\/v2\/pages"}],"about":[{"href":"https:\/\/obera.fr\/hu\/wp-json\/wp\/v2\/types\/page"}],"author":[{"embeddable":true,"href":"https:\/\/obera.fr\/hu\/wp-json\/wp\/v2\/users\/4"}],"replies":[{"embeddable":true,"href":"https:\/\/obera.fr\/hu\/wp-json\/wp\/v2\/comments?post=134724"}],"version-history":[{"count":1,"href":"https:\/\/obera.fr\/hu\/wp-json\/wp\/v2\/pages\/134724\/revisions"}],"predecessor-version":[{"id":134725,"href":"https:\/\/obera.fr\/hu\/wp-json\/wp\/v2\/pages\/134724\/revisions\/134725"}],"up":[{"embeddable":true,"href":"https:\/\/obera.fr\/hu\/wp-json\/wp\/v2\/pages\/71369"}],"wp:attachment":[{"href":"https:\/\/obera.fr\/hu\/wp-json\/wp\/v2\/media?parent=134724"}],"curies":[{"name":"wp","href":"https:\/\/api.w.org\/{rel}","templated":true}]}}