{"id":140568,"date":"2025-12-15T22:34:18","date_gmt":"2025-12-15T20:34:18","guid":{"rendered":"https:\/\/obera.fr\/ipari-levegokezelesi-szakertelem\/"},"modified":"2026-02-05T11:43:10","modified_gmt":"2026-02-05T09:43:10","slug":"ipari-levegokezelesi-szakertelem","status":"publish","type":"page","link":"https:\/\/obera.fr\/hu\/ipari-levegokezelesi-szakertelem\/","title":{"rendered":"Ipari leveg\u0151kezel\u00e9si szak\u00e9rtelem"},"content":{"rendered":"<div class=\"gb-container gb-container-63cc14f3\">\n<div class=\"gb-grid-wrapper gb-grid-wrapper-c6be4427\">\n<div class=\"gb-grid-column gb-grid-column-02374f73\"><div class=\"gb-container gb-container-02374f73\">\n\n<h2 class=\"wp-block-heading\">Mi\u00e9rt ez a feh\u00e9r k\u00f6nyv?<\/h2>\n\n\n\n<figure class=\"wp-block-image alignright size-full is-resized\"><img decoding=\"async\" width=\"1240\" height=\"1754\" src=\"https:\/\/obera.fr\/wp-content\/uploads\/2026\/01\/livre-blanc-obera-012026.jpg\" alt=\"obera feh&#xE9;r k&#xF6;nyv 012026\" class=\"wp-image-137890\" style=\"width:200px\" srcset=\"https:\/\/obera.fr\/wp-content\/uploads\/2026\/01\/livre-blanc-obera-012026.jpg 1240w, https:\/\/obera.fr\/wp-content\/uploads\/2026\/01\/livre-blanc-obera-012026-212x300.jpg 212w, https:\/\/obera.fr\/wp-content\/uploads\/2026\/01\/livre-blanc-obera-012026-724x1024.jpg 724w, https:\/\/obera.fr\/wp-content\/uploads\/2026\/01\/livre-blanc-obera-012026-768x1086.jpg 768w, https:\/\/obera.fr\/wp-content\/uploads\/2026\/01\/livre-blanc-obera-012026-1086x1536.jpg 1086w\" sizes=\"(max-width: 1240px) 100vw, 1240px\" \/><\/figure>\n\n\n\n<p>A leveg\u0151 min\u0151s\u00e9ge strat\u00e9giai k\u00e9rd\u00e9ss\u00e9 v\u00e1lt a modern ipar\u00e1gak sz\u00e1m\u00e1ra. Meghat\u00e1rozza az operat\u00edv teljes\u00edtm\u00e9nyt, a biztons\u00e1got, a szab\u00e1lyoz\u00e1si megfelel\u0151s\u00e9get, a telephelyek h\u00edrnev\u00e9t \u00e9s az \u00fczemeltet\u0151k eg\u00e9szs\u00e9g\u00e9t. A szigorod\u00f3 norm\u00e1k, a n\u00f6vekv\u0151 h\u0151m\u00e9rs\u00e9klet \u00e9s az \u00f6kol\u00f3giai \u00e1tmenet kontextus\u00e1ban a v\u00e1llalatoknak robusztus, m\u00e9rhet\u0151 \u00e9s fenntarthat\u00f3 megold\u00e1sokat kell alkalmazniuk.  <\/p>\n\n\n\n<p>Az OberA az ipari leveg\u0151kezel\u00e9s szak\u00e9rt\u0151 partnerek\u00e9nt pozicion\u00e1lja mag\u00e1t, \u00f6tv\u00f6zve a m\u0171szaki tud\u00e1st, az innov\u00e1ci\u00f3t, a szab\u00e1lyoz\u00e1si ismereteket \u00e9s a helysz\u00edni t\u00e1mogat\u00e1st. Ez a <strong>Feh\u00e9r K\u00f6nyv \u00e1tfog\u00f3 \u2013 tudom\u00e1nyos, m\u0171szaki, szab\u00e1lyoz\u00e1si \u00e9s operat\u00edv \u2013 k\u00e9pet ny\u00fajt az ipari leveg\u0151kezel\u00e9sr\u0151l<\/strong>, melyet technol\u00f3gi\u00e1ink, m\u00f3dszertanaink \u00e9s konkr\u00e9t tapasztalataink k\u00f6r\u00e9 \u00e9p\u00edtett\u00fcnk fel. <\/p>\n\n<\/div><\/div>\n\n<div class=\"gb-grid-column gb-grid-column-211f36e8\"><div class=\"gb-container gb-container-211f36e8\">\n\n<h2 class=\"wp-block-heading\">T\u00f6ltse le feh\u00e9r k\u00f6nyv\u00fcnket<\/h2>\n\n\n<script>\nvar gform;gform||(document.addEventListener(\"gform_main_scripts_loaded\",function(){gform.scriptsLoaded=!0}),document.addEventListener(\"gform\/theme\/scripts_loaded\",function(){gform.themeScriptsLoaded=!0}),window.addEventListener(\"DOMContentLoaded\",function(){gform.domLoaded=!0}),gform={domLoaded:!1,scriptsLoaded:!1,themeScriptsLoaded:!1,isFormEditor:()=>\"function\"==typeof InitializeEditor,callIfLoaded:function(o){return!(!gform.domLoaded||!gform.scriptsLoaded||!gform.themeScriptsLoaded&&!gform.isFormEditor()||(gform.isFormEditor()&&console.warn(\"The use of gform.initializeOnLoaded() is deprecated in the form editor context and will be removed in Gravity Forms 3.1.\"),o(),0))},initializeOnLoaded:function(o){gform.callIfLoaded(o)||(document.addEventListener(\"gform_main_scripts_loaded\",()=>{gform.scriptsLoaded=!0,gform.callIfLoaded(o)}),document.addEventListener(\"gform\/theme\/scripts_loaded\",()=>{gform.themeScriptsLoaded=!0,gform.callIfLoaded(o)}),window.addEventListener(\"DOMContentLoaded\",()=>{gform.domLoaded=!0,gform.callIfLoaded(o)}))},hooks:{action:{},filter:{}},addAction:function(o,r,e,t){gform.addHook(\"action\",o,r,e,t)},addFilter:function(o,r,e,t){gform.addHook(\"filter\",o,r,e,t)},doAction:function(o){gform.doHook(\"action\",o,arguments)},applyFilters:function(o){return gform.doHook(\"filter\",o,arguments)},removeAction:function(o,r){gform.removeHook(\"action\",o,r)},removeFilter:function(o,r,e){gform.removeHook(\"filter\",o,r,e)},addHook:function(o,r,e,t,n){null==gform.hooks[o][r]&&(gform.hooks[o][r]=[]);var d=gform.hooks[o][r];null==n&&(n=r+\"_\"+d.length),gform.hooks[o][r].push({tag:n,callable:e,priority:t=null==t?10:t})},doHook:function(r,o,e){var t;if(e=Array.prototype.slice.call(e,1),null!=gform.hooks[r][o]&&((o=gform.hooks[r][o]).sort(function(o,r){return o.priority-r.priority}),o.forEach(function(o){\"function\"!=typeof(t=o.callable)&&(t=window[t]),\"action\"==r?t.apply(null,e):e[0]=t.apply(null,e)})),\"filter\"==r)return e[0]},removeHook:function(o,r,t,n){var e;null!=gform.hooks[o][r]&&(e=(e=gform.hooks[o][r]).filter(function(o,r,e){return!!(null!=n&&n!=o.tag||null!=t&&t!=o.priority)}),gform.hooks[o][r]=e)}});\n<\/script>\n\n                <div class='gf_browser_gecko gform_wrapper gravity-theme gform-theme--no-framework' data-form-theme='gravity-theme' data-form-index='0' id='gform_wrapper_34' ><form method='post' enctype='multipart\/form-data'  id='gform_34'  action='\/hu\/wp-json\/wp\/v2\/pages\/140568' data-formid='34' novalidate>\n                        <div class='gform-body gform_body'><div id='gform_fields_34' class='gform_fields top_label form_sublabel_below description_below validation_below'><div id=\"field_34_6\" class=\"gfield gfield--type-honeypot gform_validation_container field_sublabel_below gfield--has-description field_description_below field_validation_below gfield_visibility_visible\"  ><label class='gfield_label gform-field-label' for='input_34_6'>Instagram<\/label><div class='ginput_container'><input name='input_6' id='input_34_6' type='text' value='' autocomplete='new-password'\/><\/div><div class='gfield_description' id='gfield_description_34_6'>Ez a mez\u0151 az \u00e9rv\u00e9nyes\u00edt\u00e9shez van \u00e9s \u00fcresen kell hagyni.<\/div><\/div><div id=\"field_34_1\" class=\"gfield gfield--type-text gfield--input-type-text gfield_contains_required field_sublabel_below gfield--no-description field_description_below field_validation_below gfield_visibility_visible\"  ><label class='gfield_label gform-field-label' for='input_34_1'>C\u00e9g<span class=\"gfield_required\"><span class=\"gfield_required gfield_required_text\">(K\u00f6telez\u0151)<\/span><\/span><\/label><div class='ginput_container ginput_container_text'><input name='input_1' id='input_34_1' type='text' value='' class='large'     aria-required=\"true\" aria-invalid=\"false\"   \/><\/div><\/div><div id=\"field_34_3\" class=\"gfield gfield--type-email gfield--input-type-email gfield--width-full gfield_contains_required field_sublabel_below gfield--no-description field_description_below field_validation_below gfield_visibility_visible\"  ><label class='gfield_label gform-field-label' for='input_34_3'>E-mail<span class=\"gfield_required\"><span class=\"gfield_required gfield_required_text\">(K\u00f6telez\u0151)<\/span><\/span><\/label><div class='ginput_container ginput_container_email'>\n                            <input name='input_3' id='input_34_3' type='email' value='' class='large'    aria-required=\"true\" aria-invalid=\"false\"  \/>\n                        <\/div><\/div><div id=\"field_34_5\" class=\"gfield gfield--type-text gfield--input-type-text gfield_contains_required field_sublabel_below gfield--no-description field_description_below field_validation_below gfield_visibility_visible\"  ><label class='gfield_label gform-field-label' for='input_34_5'>Ir\u00e1ny\u00edt\u00f3sz\u00e1m<span class=\"gfield_required\"><span class=\"gfield_required gfield_required_text\">(K\u00f6telez\u0151)<\/span><\/span><\/label><div class='ginput_container ginput_container_text'><input name='input_5' id='input_34_5' type='text' value='' class='medium'     aria-required=\"true\" aria-invalid=\"false\"   \/><\/div><\/div><\/div><\/div>\n        <div class='gform-footer gform_footer top_label'> <input type='submit' id='gform_submit_button_34' class='gform_button button' onclick='gform.submission.handleButtonClick(this);' data-submission-type='submit' value='Let\u00f6lt\u00f6m a feh\u00e9r k\u00f6nyvet'  \/> \n            <input type='hidden' class='gform_hidden' name='gform_submission_method' data-js='gform_submission_method_34' value='postback' \/>\n            <input type='hidden' class='gform_hidden' name='gform_theme' data-js='gform_theme_34' id='gform_theme_34' value='gravity-theme' \/>\n            <input type='hidden' class='gform_hidden' name='gform_style_settings' data-js='gform_style_settings_34' id='gform_style_settings_34' value='{&quot;inputPrimaryColor&quot;:&quot;#204ce5&quot;}' \/>\n            <input type='hidden' class='gform_hidden' name='is_submit_34' value='1' \/>\n            <input type='hidden' class='gform_hidden' name='gform_submit' value='34' \/>\n            \n            <input type='hidden' class='gform_hidden' name='gform_currency' data-currency='EUR' value='J46\/txgNtMIjs7f1duBr29n4Y7QPiQElqqBk17YFtrldLfmLcHNuzdQbEmcE+bupwHAWt\/6evnHdFUri4j7jHpCAAqNJvX78FqSbufHlVkFCAuw=' \/>\n            <input type='hidden' class='gform_hidden' name='gform_unique_id' value='' \/>\n            <input type='hidden' class='gform_hidden' name='state_34' value='WyJbXSIsImUzNGMwM2E2MDU3NGIzNzg1YjkwOWNmNTIwMWZlMGYzIl0=' \/>\n            <input type='hidden' autocomplete='off' class='gform_hidden' name='gform_target_page_number_34' id='gform_target_page_number_34' value='0' \/>\n            <input type='hidden' autocomplete='off' class='gform_hidden' name='gform_source_page_number_34' id='gform_source_page_number_34' value='1' \/>\n            <input type='hidden' name='gform_field_values' value='' \/>\n            \n        <\/div>\n                        <\/form>\n                        <\/div><script>\ngform.initializeOnLoaded( function() {gformInitSpinner( 34, 'https:\/\/obera.fr\/wp-content\/plugins\/gravityforms\/images\/spinner.svg', true );jQuery('#gform_ajax_frame_34').on('load',function(){var contents = jQuery(this).contents().find('*').html();var is_postback = contents.indexOf('GF_AJAX_POSTBACK') >= 0;if(!is_postback){return;}var form_content = jQuery(this).contents().find('#gform_wrapper_34');var is_confirmation = jQuery(this).contents().find('#gform_confirmation_wrapper_34').length > 0;var is_redirect = contents.indexOf('gformRedirect(){') >= 0;var is_form = form_content.length > 0 && ! is_redirect && ! is_confirmation;var mt = parseInt(jQuery('html').css('margin-top'), 10) + parseInt(jQuery('body').css('margin-top'), 10) + 100;if(is_form){jQuery('#gform_wrapper_34').html(form_content.html());if(form_content.hasClass('gform_validation_error')){jQuery('#gform_wrapper_34').addClass('gform_validation_error');} else {jQuery('#gform_wrapper_34').removeClass('gform_validation_error');}setTimeout( function() { \/* delay the scroll by 50 milliseconds to fix a bug in chrome *\/  }, 50 );if(window['gformInitDatepicker']) {gformInitDatepicker();}if(window['gformInitPriceFields']) {gformInitPriceFields();}var current_page = jQuery('#gform_source_page_number_34').val();gformInitSpinner( 34, 'https:\/\/obera.fr\/wp-content\/plugins\/gravityforms\/images\/spinner.svg', true );jQuery(document).trigger('gform_page_loaded', [34, current_page]);window['gf_submitting_34'] = false;}else if(!is_redirect){var confirmation_content = jQuery(this).contents().find('.GF_AJAX_POSTBACK').html();if(!confirmation_content){confirmation_content = contents;}jQuery('#gform_wrapper_34').replaceWith(confirmation_content);jQuery(document).trigger('gform_confirmation_loaded', [34]);window['gf_submitting_34'] = false;wp.a11y.speak(jQuery('#gform_confirmation_message_34').text());}else{jQuery('#gform_34').append(contents);if(window['gformRedirect']) {gformRedirect();}}jQuery(document).trigger(\"gform_pre_post_render\", [{ formId: \"34\", currentPage: \"current_page\", abort: function() { this.preventDefault(); } }]);        if (event && event.defaultPrevented) {                return;        }        const gformWrapperDiv = document.getElementById( \"gform_wrapper_34\" );        if ( gformWrapperDiv ) {            const visibilitySpan = document.createElement( \"span\" );            visibilitySpan.id = \"gform_visibility_test_34\";            gformWrapperDiv.insertAdjacentElement( \"afterend\", visibilitySpan );        }        const visibilityTestDiv = document.getElementById( \"gform_visibility_test_34\" );        let postRenderFired = false;        function triggerPostRender() {            if ( postRenderFired ) {                return;            }            postRenderFired = true;            gform.core.triggerPostRenderEvents( 34, current_page );            if ( visibilityTestDiv ) {                visibilityTestDiv.parentNode.removeChild( visibilityTestDiv );            }        }        function debounce( func, wait, immediate ) {            var timeout;            return function() {                var context = this, args = arguments;                var later = function() {                    timeout = null;                    if ( !immediate ) func.apply( context, args );                };                var callNow = immediate && !timeout;                clearTimeout( timeout );                timeout = setTimeout( later, wait );                if ( callNow ) func.apply( context, args );            };        }        const debouncedTriggerPostRender = debounce( function() {            triggerPostRender();        }, 200 );        if ( visibilityTestDiv && visibilityTestDiv.offsetParent === null ) {            const observer = new MutationObserver( ( mutations ) => {                mutations.forEach( ( mutation ) => {                    if ( mutation.type === 'attributes' && visibilityTestDiv.offsetParent !== null ) {                        debouncedTriggerPostRender();                        observer.disconnect();                    }                });            });            observer.observe( document.body, {                attributes: true,                childList: false,                subtree: true,                attributeFilter: [ 'style', 'class' ],            });        } else {            triggerPostRender();        }    } );} );\n<\/script>\n\n<\/div><\/div>\n<\/div>\n<\/div>","protected":false},"excerpt":{"rendered":"","protected":false},"author":2,"featured_media":0,"parent":0,"menu_order":0,"comment_status":"closed","ping_status":"closed","template":"","meta":{"_acf_changed":false,"_seopress_robots_primary_cat":"","_seopress_titles_title":"Feh\u00e9r k\u00f6nyv az ipari leveg\u0151kezel\u00e9sr\u0151l","_seopress_titles_desc":"Az OberA az ipari leveg\u0151kezel\u00e9s szak\u00e9rt\u0151 partnerek\u00e9nt pozicion\u00e1lja mag\u00e1t, \u00f6tv\u00f6zve a m\u0171szaki tud\u00e1st, az innov\u00e1ci\u00f3t, a szab\u00e1lyoz\u00e1si ismereteket \u00e9s a helysz\u00edni t\u00e1mogat\u00e1st. Ez a Feh\u00e9r K\u00f6nyv \u00e1tfog\u00f3 \u2013 tudom\u00e1nyos, m\u0171szaki, szab\u00e1lyoz\u00e1si \u00e9s operat\u00edv \u2013 k\u00e9pet ny\u00fajt az ipari leveg\u0151kezel\u00e9sr\u0151l, melyet technol\u00f3gi\u00e1ink, m\u00f3dszertanaink \u00e9s konkr\u00e9t tapasztalataink k\u00f6r\u00e9 \u00e9p\u00edtett\u00fcnk fel. ","_seopress_robots_index":"","footnotes":""},"class_list":{"0":"post-140568","1":"page","2":"type-page","3":"status-publish","5":"no-featured-image-padding"},"acf":[],"_links":{"self":[{"href":"https:\/\/obera.fr\/hu\/wp-json\/wp\/v2\/pages\/140568","targetHints":{"allow":["GET"]}}],"collection":[{"href":"https:\/\/obera.fr\/hu\/wp-json\/wp\/v2\/pages"}],"about":[{"href":"https:\/\/obera.fr\/hu\/wp-json\/wp\/v2\/types\/page"}],"author":[{"embeddable":true,"href":"https:\/\/obera.fr\/hu\/wp-json\/wp\/v2\/users\/2"}],"replies":[{"embeddable":true,"href":"https:\/\/obera.fr\/hu\/wp-json\/wp\/v2\/comments?post=140568"}],"version-history":[{"count":1,"href":"https:\/\/obera.fr\/hu\/wp-json\/wp\/v2\/pages\/140568\/revisions"}],"predecessor-version":[{"id":140570,"href":"https:\/\/obera.fr\/hu\/wp-json\/wp\/v2\/pages\/140568\/revisions\/140570"}],"wp:attachment":[{"href":"https:\/\/obera.fr\/hu\/wp-json\/wp\/v2\/media?parent=140568"}],"curies":[{"name":"wp","href":"https:\/\/api.w.org\/{rel}","templated":true}]}}