{"id":155466,"date":"2026-05-06T23:54:19","date_gmt":"2026-05-06T21:54:19","guid":{"rendered":"https:\/\/obera.fr\/produits\/szivoasztalok\/onallo-telitett-szuros-elszivoasztal\/"},"modified":"2026-05-07T02:24:07","modified_gmt":"2026-05-07T00:24:07","slug":"onallo-telitett-szuros-elszivoasztal","status":"publish","type":"page","link":"https:\/\/obera.fr\/hu\/produits\/szivoasztalok\/onallo-telitett-szuros-elszivoasztal\/","title":{"rendered":"\u00d6n\u00e1ll\u00f3 tel\u00edtett sz\u0171r\u0151s elsz\u00edv\u00f3asztal"},"content":{"rendered":"\n<div class=\"wp-block-columns is-layout-flex wp-container-core-columns-is-layout-28f84493 wp-block-columns-is-layout-flex\">\n<div class=\"wp-block-column is-layout-flow wp-block-column-is-layout-flow\" style=\"flex-basis:33.33%\">\n<figure class=\"wp-block-image aligncenter size-full is-resized\"><img decoding=\"async\" width=\"1920\" height=\"1080\" src=\"https:\/\/obera.fr\/wp-content\/uploads\/2026\/04\/tablesaspirante-autonome-a-saturation.png\" alt=\"Tel&#xED;tetts&#xE9;gi elven m&#x171;k&#xF6;d&#x151; &#xF6;n&#xE1;ll&#xF3; elsz&#xED;v&#xF3; asztal\" class=\"wp-image-152930\" srcset=\"https:\/\/obera.fr\/wp-content\/uploads\/2026\/04\/tablesaspirante-autonome-a-saturation.png 1920w, https:\/\/obera.fr\/wp-content\/uploads\/2026\/04\/tablesaspirante-autonome-a-saturation-300x169.png 300w, https:\/\/obera.fr\/wp-content\/uploads\/2026\/04\/tablesaspirante-autonome-a-saturation-1024x576.png 1024w, https:\/\/obera.fr\/wp-content\/uploads\/2026\/04\/tablesaspirante-autonome-a-saturation-768x432.png 768w, https:\/\/obera.fr\/wp-content\/uploads\/2026\/04\/tablesaspirante-autonome-a-saturation-1536x864.png 1536w\" sizes=\"(max-width: 1920px) 100vw, 1920px\" \/><\/figure>\n<\/div>\n\n\n\n<div class=\"wp-block-column is-layout-flow wp-block-column-is-layout-flow\" style=\"flex-basis:66.66%\">\n<p>Az <a href=\"https:\/\/obera.fr\/hu\/produits\/szivoasztalok\/\">OberA tel\u00edtetts\u00e9gi elven m\u0171k\u00f6d\u0151 \u00f6n\u00e1ll\u00f3 elsz\u00edv\u00f3 asztal<\/a> egy forr\u00e1sn\u00e1l t\u00f6rt\u00e9n\u0151 porelsz\u00edv\u00f3 megold\u00e1s, amely teljesen f\u00fcggetlen b\u00e1rmilyen k\u00f6zponti elsz\u00edv\u00f3 rendszert\u0151l. A kezel\u0151 k\u00f6zvetlen\u00fcl a perfor\u00e1lt munkafel\u00fcletre helyezi a munkadarabot: az integr\u00e1lt elsz\u00edv\u00e1s felfogja a csiszol\u00e1s, k\u00f6sz\u00f6r\u00fcl\u00e9s vagy v\u00e1g\u00e1s sor\u00e1n keletkez\u0151 port, miel\u0151tt az el\u00e9rn\u00e9 a l\u00e9gz\u00e9si z\u00f3n\u00e1t. <\/p>\n\n\n\n<p>Az \u00fagynevezett \u201etel\u00edtetts\u00e9gi\u201d elv a sz\u0171r\u0151 automatikus kezel\u00e9si m\u00f3dj\u00e1t jelenti: a be\u00e9p\u00edtett jelz\u0151k val\u00f3s id\u0151ben mutatj\u00e1k az elt\u00f6m\u0151d\u00e9s szintj\u00e9t, elker\u00fclve a hat\u00e9konys\u00e1g b\u00e1rmilyen cs\u00f6kken\u00e9s\u00e9t k\u00e9zi fel\u00fcgyelet n\u00e9lk\u00fcl. Amikor a jelz\u0151 megv\u00e1ltozik, ideje sz\u0171r\u0151t cser\u00e9lni \u2013 ennyi az eg\u00e9sz. <\/p>\n\n\n\n<p>G\u00f6rg\u0151kre szerelve, egyszer\u0171 230 V-os aljzatr\u00f3l t\u00e1pl\u00e1lva az asztal kevesebb mint k\u00e9t perc alatt \u00fczemk\u00e9sz, ak\u00e1r az \u00d6n m\u0171hely\u00e9ben, ak\u00e1r k\u00f6zvetlen\u00fcl az ipari \u00fcgyfel\u00e9n\u00e9l. Nincs sz\u00fcks\u00e9g munk\u00e1latokra, csatlakoztat\u00e1sra, bonyolult k\u00e9pz\u00e9sre. <\/p>\n\n\n\n<div class=\"wp-block-columns is-layout-flex wp-container-core-columns-is-layout-28f84493 wp-block-columns-is-layout-flex\">\n<div class=\"wp-block-column is-layout-flow wp-block-column-is-layout-flow\">\n<div class=\"wp-block-buttons is-content-justification-center is-layout-flex wp-container-core-buttons-is-layout-a89b3969 wp-block-buttons-is-layout-flex\">\n<div class=\"wp-block-button\"><a class=\"wp-block-button__link wp-element-button\" href=\"https:\/\/obera.fr\/wp-content\/uploads\/2026\/03\/tables-aspirantes-autonomes-a-saturation.pdf\">A bros\u00fara let\u00f6lt\u00e9se<\/a><\/div>\n<\/div>\n<\/div>\n\n\n\n<div class=\"wp-block-column is-layout-flow wp-block-column-is-layout-flow\">\n<div class=\"wp-block-buttons is-horizontal is-content-justification-center is-layout-flex wp-container-core-buttons-is-layout-03627597 wp-block-buttons-is-layout-flex\">\n<div class=\"wp-block-button\"><a class=\"wp-block-button__link wp-element-button\" href=\"https:\/\/obera.fr\/contact\/\">Tudjon meg t\u00f6bbet<\/a><\/div>\n<\/div>\n<\/div>\n\n\n\n<div class=\"wp-block-column is-layout-flow wp-block-column-is-layout-flow\">\n<div class=\"wp-block-buttons is-content-justification-center is-layout-flex wp-container-core-buttons-is-layout-a89b3969 wp-block-buttons-is-layout-flex\">\n<div class=\"wp-block-button btn-devis-source\"><a class=\"wp-block-button__link wp-element-button\" href=\"https:\/\/obera.fr\/hu\/devis\/\">K\u00e9rjen \u00e1raj\u00e1nlatot<\/a><\/div>\n<\/div>\n\n\n<script>\r\ndocument.addEventListener('DOMContentLoaded', function() {\r\n    \/\/ 1. On cherche le titre H1 de la page\r\n    var h1 = document.querySelector('h1');\r\n    var productTitle = h1 ? h1.innerText.trim() : \"\";\r\n\r\n    \/\/ 2. On cherche les boutons via la classe CSS .btn-devis-source\r\n    var buttons = document.querySelectorAll('.btn-devis-source a');\r\n\r\n    \/\/ 3. Si on a le titre et les boutons, on ajoute le param\u00e8tre\r\n    if (buttons.length > 0 && productTitle !== \"\") {\r\n        var encodedTitle = encodeURIComponent(productTitle);\r\n\r\n        buttons.forEach(function(btn) {\r\n            var currentHref = btn.getAttribute('href');\r\n            \r\n            \/\/ S\u00e9curit\u00e9 pour ne pas ajouter le param\u00e8tre 2 fois\r\n            if (currentHref.indexOf('sujet=') === -1) {\r\n                var separator = currentHref.indexOf('?') !== -1 ? '&' : '?';\r\n                var newLink = currentHref + separator + 'sujet=' + encodedTitle;\r\n                \r\n                btn.setAttribute('href', newLink);\r\n            }\r\n        });\r\n    }\r\n});\r\n<\/script><\/div>\n<\/div>\n<\/div>\n<\/div>\n\n<div class=\"wp-block-columns is-layout-flex wp-container-core-columns-is-layout-28f84493 wp-block-columns-is-layout-flex\">\n<div class=\"wp-block-column is-layout-flow wp-block-column-is-layout-flow\">\n<h3 class=\"wp-block-heading has-text-align-center\" id=\"avantages\">El\u0151ny\u00f6k<\/h3>\n\n\n\n<ul class=\"wp-block-list\">\n<li><strong>Azonnali \u00fczembe helyez\u00e9s<\/strong> \u2014 Standard 230 V-os csatlakoz\u00f3, nincs sz\u00fcks\u00e9g el\u0151zetes telep\u00edt\u00e9sre. K\u00e9t perc alatt az asztal \u00fczemk\u00e9sz az \u00d6n telephely\u00e9n vagy k\u00f6zvetlen\u00fcl az ipari \u00fcgyfel\u00e9n\u00e9l.  <\/li>\n\n\n\n<li><strong>Teljes mobilit\u00e1s<\/strong> \u2014 Z\u00e1rhat\u00f3 forg\u00f3 g\u00f6rg\u0151k az asztal egyik munka\u00e1llom\u00e1sr\u00f3l a m\u00e1sikra, egyik munkater\u00fcletr\u0151l a m\u00e1sikra t\u00f6rt\u00e9n\u0151 mozgat\u00e1s\u00e1hoz. Kompakt \u00e9s k\u00f6nny\u0171, \u00edgy elf\u00e9r egy furgonban.  <\/li>\n\n\n\n<li><strong>Forr\u00e1sn\u00e1l t\u00f6rt\u00e9n\u0151 elsz\u00edv\u00e1s<\/strong> \u2014 A k\u00f6zvetlen\u00fcl a megmunk\u00e1lt darab alatti elsz\u00edv\u00e1s a keletkez\u0151 por ak\u00e1r 95%-\u00e1t is felfogja, miel\u0151tt az sz\u00e9tsz\u00f3r\u00f3dna a m\u0171hely vagy az \u00fcgyf\u00e9l helyis\u00e9g\u00e9nek leveg\u0151j\u00e9ben. <\/li>\n\n\n\n<li><strong>Ultra-egyszer\u0171 karbantart\u00e1s<\/strong> \u2014 A be\u00e9p\u00edtett tel\u00edtetts\u00e9gi jelz\u0151 jelzi a csere idej\u00e9t. Nincs sz\u00fcks\u00e9g rendszeres ellen\u0151rz\u00e9sre, nincs v\u00e1ratlan sz\u00e9tszerel\u00e9s. A sz\u0171r\u0151csere kevesebb mint 5 percet vesz ig\u00e9nybe, szersz\u00e1mok n\u00e9lk\u00fcl.   <\/li>\n\n\n\n<li><strong>Professzion\u00e1lis megjelen\u00e9s \u00fcgyfelein\u00e9l<\/strong> \u2014 Egy elsz\u00edv\u00f3 asztal a munkater\u00fcleten er\u0151s jelz\u00e9s: \u00d6n k\u00e9zben tartja a szennyez\u00e9st, tiszteletben tartja \u00fcgyfele helyis\u00e9geit, \u00e9s \u00e9rt\u00e9keli a tiszta munk\u00e1t. <\/li>\n\n\n\n<li><strong>Azonnali ROI<\/strong> \u2014 Nincsenek telep\u00edt\u00e9si k\u00f6lts\u00e9gek, nincs neh\u00e9zkes karbantart\u00e1s. A val\u00f3s tulajdonl\u00e1si k\u00f6lts\u00e9g ellen\u0151rz\u00f6tt, \u00e9s az oper\u00e1torok v\u00e9delme az els\u0151 napt\u00f3l biztos\u00edtott. <\/li>\n<\/ul>\n<\/div>\n\n\n\n<div class=\"wp-block-column is-layout-flow wp-block-column-is-layout-flow\">\n<h3 class=\"wp-block-heading has-text-align-center\" id=\"particularites\">K\u00fcl\u00f6nleges jellemz\u0151k<\/h3>\n\n\n\n<ul class=\"wp-block-list\">\n<li><strong>Tel\u00edtetts\u00e9gi sz\u0171r\u0151rendszer<\/strong> \u2014 A sz\u0171r\u0151 maxim\u00e1lis kapacit\u00e1s\u00e1ig abszorbe\u00e1lja a port. Egy vizu\u00e1lis vagy manometrikus jelz\u0151 jelzi a csere idej\u00e9t, an\u00e9lk\u00fcl, hogy a hat\u00e9konys\u00e1g \u00e9szrev\u00e9tlen\u00fcl cs\u00f6kkenne.  <\/li>\n\n\n\n<li><strong>Optimaliz\u00e1lt perfor\u00e1lt munkafel\u00fclet<\/strong> \u2014 A perfor\u00e1ci\u00f3k eloszl\u00e1sa egyenletes elsz\u00edv\u00e1st biztos\u00edt a teljes fel\u00fcleten, holt z\u00f3n\u00e1k n\u00e9lk\u00fcl. <\/li>\n\n\n\n<li><strong>M\u0171helyekhez igaz\u00edtott zajszint<\/strong> \u2014 A motoriz\u00e1ci\u00f3t diszkr\u00e9t m\u0171k\u00f6d\u00e9sre v\u00e1lasztott\u00e1k, amely kompatibilis a norm\u00e1l kommunik\u00e1ci\u00f3val a munkater\u00fcleten. <\/li>\n\n\n\n<li><strong>Robusztus konstrukci\u00f3<\/strong> \u2014 Korr\u00f3zi\u00f3\u00e1ll\u00f3 kezelt ac\u00e9lh\u00e1z, ergonomikus foganty\u00fak, meger\u0151s\u00edtett sarkok intenz\u00edv, mobil haszn\u00e1latra. <\/li>\n\n\n\n<li><strong>Standard 230 V-os t\u00e1pell\u00e1t\u00e1s<\/strong> \u2014 Nincs sz\u00fcks\u00e9g speci\u00e1lis k\u00e1belez\u00e9sre, dedik\u00e1lt elektromos szekr\u00e9nyre. <\/li>\n\n\n\n<li><strong>Z\u00e1rhat\u00f3 forg\u00f3 g\u00f6rg\u0151k<\/strong> \u2014 Mozgat\u00e1skor biztos\u00edtott mobilit\u00e1s, munkahelyzetben garant\u00e1lt stabilit\u00e1s.<\/li>\n<\/ul>\n<\/div>\n\n\n\n<div class=\"wp-block-column is-layout-flow wp-block-column-is-layout-flow\">\n<h3 class=\"wp-block-heading has-text-align-center\" id=\"caracteristiques\">Jellemz\u0151k<\/h3>\n\n\n\n<ul class=\"wp-block-list\">\n<li><strong>Elsz\u00edv\u00e1si teljes\u00edtm\u00e9ny<\/strong> \u2014 [kit\u00f6ltend\u0151] m\u00b3\/h <\/li>\n\n\n\n<li><strong>Munkafel\u00fclet<\/strong> \u2014 [kit\u00f6ltend\u0151] mm \u00d7 mm <\/li>\n\n\n\n<li><strong>Motor teljes\u00edtm\u00e9nye<\/strong> \u2014 [kit\u00f6ltend\u0151] W <\/li>\n\n\n\n<li><strong>T\u00e1pell\u00e1t\u00e1s<\/strong> \u2014 230 V \/ 50 Hz, egyf\u00e1zis\u00fa <\/li>\n\n\n\n<li><strong>Zajszint<\/strong> \u2014 [kit\u00f6ltend\u0151] dB(A) <\/li>\n\n\n\n<li><strong>S\u00faly<\/strong> \u2014 [kit\u00f6ltend\u0151] kg <\/li>\n\n\n\n<li><strong>Sz\u0171r\u00e9s t\u00edpusa<\/strong> \u2014 Tel\u00edtetts\u00e9gi sz\u0171r\u0151, [kit\u00f6ltend\u0151] oszt\u00e1ly <\/li>\n\n\n\n<li><strong>Mobilit\u00e1s<\/strong> \u2014 4 forg\u00f3 g\u00f6rg\u0151, ebb\u0151l 2 z\u00e1rhat\u00f3<\/li>\n<\/ul>\n<\/div>\n<\/div>\n\n<h2 class=\"wp-block-heading\">Milyen szakm\u00e1khoz \u00e9s alkalmaz\u00e1sokhoz?<\/h2>\n\n<p>Az OberA tel\u00edtetts\u00e9gi elven m\u0171k\u00f6d\u0151 \u00f6n\u00e1ll\u00f3 elsz\u00edv\u00f3 asztal olyan szakemberek sz\u00e1m\u00e1ra k\u00e9sz\u00fclt, akik m\u0171helyben vagy k\u00f6zvetlen\u00fcl ipari \u00fcgyfeleikn\u00e9l dolgoznak anyagokkal, an\u00e9lk\u00fcl, hogy k\u00f6zponti berendez\u00e9sre t\u00e1maszkodhatn\u00e1nak.<\/p>\n\n<ul class=\"wp-block-list\">\n<li><strong>M\u0171gyanta padl\u00f3k csiszol\u00e1sa<\/strong> \u2014 aljzat el\u0151k\u00e9sz\u00edt\u00e9se, kiegyenl\u00edt\u00e9s, epoxi gyanta: a csiszol\u00e1si por a napi tev\u00e9kenys\u00e9g els\u0151dleges kock\u00e1zata. <\/li>\n\n\n\n<li><strong>Hegeszt\u00e9si varratok k\u00f6sz\u00f6r\u00fcl\u00e9se<\/strong> \u2014 sorj\u00e1z\u00e1s \u00e9s f\u00e9mfel\u00fclet-kezel\u00e9s: a k\u00f6sz\u00f6r\u00fcl\u00e9s sor\u00e1n keletkez\u0151 por \u00e9s f\u00fcst a forr\u00e1sn\u00e1l ker\u00fcl elsz\u00edv\u00e1sra, miel\u0151tt sz\u00e9tsz\u00f3r\u00f3dna. <\/li>\n\n\n\n<li><strong>Anyagok v\u00e1g\u00e1sa<\/strong> \u2014 fa, kompozitok, k\u00f6nny\u0171f\u00e9mek: a v\u00e1g\u00e1s sor\u00e1n keletkez\u0151 finom r\u00e9szecsk\u00e9k azonnali elsz\u00edv\u00e1sa. <\/li>\n\n\n\n<li><strong>Fel\u00fclet el\u0151k\u00e9sz\u00edt\u00e9se<\/strong> \u2014 kef\u00e9l\u00e9s, k\u00f6nny\u0171 tiszt\u00edt\u00e1s: tiszta munkav\u00e9gz\u00e9shez akt\u00edv ipari l\u00e9tes\u00edtm\u00e9nyekben. <\/li>\n\n\n\n<li><strong>K\u00f6nny\u0171f\u00e9m megmunk\u00e1l\u00e1s<\/strong> \u2014 mar\u00e1s, f\u00far\u00e1s, illeszt\u00e9s: alkalmazkod\u00e1s minden porral j\u00e1r\u00f3 munka\u00e1llom\u00e1shoz fix telep\u00edt\u00e9s n\u00e9lk\u00fcl.<\/li>\n<\/ul>\n\n<div class=\"wp-block-columns is-layout-flex wp-container-core-columns-is-layout-28f84493 wp-block-columns-is-layout-flex\">\n<div class=\"wp-block-column is-layout-flow wp-block-column-is-layout-flow\">\n<div style=\"height:42px\" aria-hidden=\"true\" class=\"wp-block-spacer\"><\/div>\n\n\n\n<h4 class=\"wp-block-heading has-text-align-center\" id=\"polluants\"><strong><mark style=\"background-color:rgba(0, 0, 0, 0)\" class=\"has-inline-color has-global-color-12-color\">Szennyez\u0151 anyagok<\/mark><\/strong><\/h4>\n\n\n\n<hr class=\"wp-block-separator has-css-opacity is-style-wide\"\/>\n\n\n\n<div class=\"wp-block-columns is-layout-flex wp-container-core-columns-is-layout-28f84493 wp-block-columns-is-layout-flex\">\n<div class=\"wp-block-column is-layout-flow wp-block-column-is-layout-flow\">\n<figure class=\"wp-block-image aligncenter size-large\"><img decoding=\"async\" width=\"70\" height=\"70\" src=\"https:\/\/obera.fr\/wp-content\/uploads\/2020\/08\/polluants-poussieres.jpg\" alt=\"Szennyez&#x151; anyagok Por\" class=\"wp-image-675\"\/><figcaption class=\"wp-element-caption\">Por<\/figcaption><\/figure>\n\n\n\n<figure class=\"wp-block-image aligncenter size-large\"><img decoding=\"async\" width=\"70\" height=\"70\" src=\"https:\/\/obera.fr\/wp-content\/uploads\/2020\/08\/industrie-fumees.jpg\" alt=\"Ipari f&#xFC;st\" class=\"wp-image-722\"\/><figcaption class=\"wp-element-caption\">G\u0151z\u00f6k<\/figcaption><\/figure>\n\n\n\n<figure class=\"wp-block-image aligncenter size-large\"><img decoding=\"async\" width=\"70\" height=\"70\" src=\"https:\/\/obera.fr\/wp-content\/uploads\/2020\/08\/industrie-brouillard-huile.jpg\" alt=\"Ipari k&#xF6;d olaj\" class=\"wp-image-721\"\/><figcaption class=\"wp-element-caption\">Olajk\u00f6d<\/figcaption><\/figure>\n<\/div>\n\n\n\n<div class=\"wp-block-column is-layout-flow wp-block-column-is-layout-flow\">\n<figure class=\"wp-block-image aligncenter size-large\"><img decoding=\"async\" width=\"70\" height=\"70\" src=\"https:\/\/obera.fr\/wp-content\/uploads\/2020\/08\/polluants-copeaux-bois.jpg\" alt=\"Szennyez&#x151; anyagok Faforg&#xE1;cs\" class=\"wp-image-674\"\/><figcaption class=\"wp-element-caption\">Chips<\/figcaption><\/figure>\n\n\n\n<figure class=\"wp-block-image aligncenter size-large\"><img decoding=\"async\" width=\"70\" height=\"70\" src=\"https:\/\/obera.fr\/wp-content\/uploads\/2020\/08\/industrie-odeur.jpg\" alt=\"Ipari szag\" class=\"wp-image-723\"\/><figcaption class=\"wp-element-caption\">Szagok<\/figcaption><\/figure>\n\n\n\n<figure class=\"wp-block-image aligncenter size-large\"><img decoding=\"async\" width=\"70\" height=\"70\" src=\"https:\/\/obera.fr\/wp-content\/uploads\/2020\/09\/cov.png\" alt=\"Cov\" class=\"wp-image-959\"\/><figcaption class=\"wp-element-caption\">VOCS<\/figcaption><\/figure>\n<\/div>\n<\/div>\n<\/div>\n\n\n\n<div class=\"wp-block-column is-layout-flow wp-block-column-is-layout-flow\">\n<div style=\"height:42px\" aria-hidden=\"true\" class=\"wp-block-spacer\"><\/div>\n\n\n\n<h4 class=\"wp-block-heading has-text-align-center\" id=\"industries\"><strong><mark style=\"background-color:rgba(0, 0, 0, 0)\" class=\"has-inline-color has-global-color-12-color\">Ipar\u00e1gak<\/mark><\/strong><\/h4>\n\n\n\n<hr class=\"wp-block-separator has-css-opacity is-style-wide\"\/>\n\n\n\n<div class=\"wp-block-columns is-layout-flex wp-container-core-columns-is-layout-28f84493 wp-block-columns-is-layout-flex\">\n<div class=\"wp-block-column is-layout-flow wp-block-column-is-layout-flow\">\n<figure class=\"wp-block-image aligncenter size-large\"><img decoding=\"async\" width=\"70\" height=\"70\" src=\"https:\/\/obera.fr\/wp-content\/uploads\/2020\/08\/industrie-metallurgie.jpg\" alt=\"Koh&#xE1;szati ipar\" class=\"wp-image-673\"\/><figcaption class=\"wp-element-caption\">Koh\u00e1szat<\/figcaption><\/figure>\n\n\n\n<figure class=\"wp-block-image aligncenter size-large\"><img decoding=\"async\" width=\"70\" height=\"70\" src=\"https:\/\/obera.fr\/wp-content\/uploads\/2020\/08\/industrie-plastique.jpg\" alt=\"M&#x171;anyagipar\" class=\"wp-image-669\"\/><figcaption class=\"wp-element-caption\">M\u0171anyagok<\/figcaption><\/figure>\n\n\n\n<figure class=\"wp-block-image aligncenter size-large\"><img decoding=\"async\" width=\"70\" height=\"70\" src=\"https:\/\/obera.fr\/wp-content\/uploads\/2020\/08\/industrie-minerai.jpg\" alt=\"&#xC9;rcipar\" class=\"wp-image-724\"\/><figcaption class=\"wp-element-caption\">\u00c1sv\u00e1nyok<\/figcaption><\/figure>\n\n\n\n<figure class=\"wp-block-image aligncenter size-large\"><img decoding=\"async\" width=\"70\" height=\"70\" src=\"https:\/\/obera.fr\/wp-content\/uploads\/2020\/08\/industrie-papier-carton.jpg\" alt=\"Pap&#xED;r- &#xE9;s kartonipar\" class=\"wp-image-670\"\/><figcaption class=\"wp-element-caption\">Pap\u00edr\/karton<\/figcaption><\/figure>\n<\/div>\n\n\n\n<div class=\"wp-block-column is-layout-flow wp-block-column-is-layout-flow\">\n<figure class=\"wp-block-image aligncenter size-large\"><img decoding=\"async\" width=\"70\" height=\"70\" src=\"https:\/\/obera.fr\/wp-content\/uploads\/2020\/08\/industrie-bois.jpg\" alt=\"Faipar\" class=\"wp-image-672\"\/><figcaption class=\"wp-element-caption\">Famegmunk\u00e1l\u00e1s<\/figcaption><\/figure>\n\n\n\n<figure class=\"wp-block-image aligncenter size-large\"><img decoding=\"async\" width=\"70\" height=\"70\" src=\"https:\/\/obera.fr\/wp-content\/uploads\/2020\/08\/industrie-textile.jpg\" alt=\"Textilipar\" class=\"wp-image-671\"\/><figcaption class=\"wp-element-caption\">Text\u00edli\u00e1k<\/figcaption><\/figure>\n\n\n\n<figure class=\"wp-block-image aligncenter size-large\"><img decoding=\"async\" width=\"70\" height=\"70\" src=\"https:\/\/obera.fr\/wp-content\/uploads\/2020\/08\/industrie-chimie.jpg\" alt=\"Vegyipar\" class=\"wp-image-725\"\/><figcaption class=\"wp-element-caption\">Vegyszerek\/petrok\u00e9miai anyagok<\/figcaption><\/figure>\n\n\n\n<figure class=\"wp-block-image aligncenter size-large\"><img decoding=\"async\" width=\"70\" height=\"70\" src=\"https:\/\/obera.fr\/wp-content\/uploads\/2020\/08\/industrie-dechets.jpg\" alt=\"Ipari hullad&#xE9;k\" class=\"wp-image-726\"\/><figcaption class=\"wp-element-caption\">Hullad\u00e9kgy\u0171jt\u00e9s \u00e9s -v\u00e1logat\u00e1s<\/figcaption><\/figure>\n<\/div>\n<\/div>\n<\/div>\n<\/div>\n\n<h2 class=\"wp-block-heading\" id=\"les-autres-produits-d-aspiration-et-de-captation-obera\">Az OberA egy\u00e9b elsz\u00edv\u00f3 asztalai<\/h2>\n\n<div class=\"wp-block-columns is-layout-flex wp-container-core-columns-is-layout-28f84493 wp-block-columns-is-layout-flex\">\n<div class=\"wp-block-column is-layout-flow wp-block-column-is-layout-flow\">\n<figure class=\"wp-block-image aligncenter size-medium is-resized\"><a href=\"https:\/\/obera.fr\/hu\/produits\/szivoasztalok\/table-rotative-360\/\"><img decoding=\"async\" width=\"268\" height=\"300\" src=\"https:\/\/obera.fr\/wp-content\/uploads\/2021\/03\/Table_aspirante_360-268x300.png\" alt=\"360&#xB0;-os sz&#xED;v&#xF3;asztal\" class=\"wp-image-4952\" style=\"width:auto;height:150px\" srcset=\"https:\/\/obera.fr\/wp-content\/uploads\/2021\/03\/Table_aspirante_360-268x300.png 268w, https:\/\/obera.fr\/wp-content\/uploads\/2021\/03\/Table_aspirante_360.png 456w\" sizes=\"(max-width: 268px) 100vw, 268px\" \/><\/a><figcaption class=\"wp-element-caption\">360\u00b0-os elsz\u00edv\u00f3 asztalok<\/figcaption><\/figure>\n<\/div>\n\n\n\n<div class=\"wp-block-column is-layout-flow wp-block-column-is-layout-flow\">\n<figure class=\"wp-block-image aligncenter size-full is-resized\"><a href=\"https:\/\/obera.fr\/hu\/produits\/szivoasztalok\/table-autonome\/\"><img decoding=\"async\" width=\"1920\" height=\"1080\" src=\"https:\/\/obera.fr\/wp-content\/uploads\/2026\/04\/table-aspirante-autonome-a-decolmatage.png\" alt=\"&#xF6;n&#xE1;ll&#xF3; tiszt&#xED;t&#xF3; elsz&#xED;v&#xF3;asztal\" class=\"wp-image-152931\" style=\"width:auto;height:150px\" srcset=\"https:\/\/obera.fr\/wp-content\/uploads\/2026\/04\/table-aspirante-autonome-a-decolmatage.png 1920w, https:\/\/obera.fr\/wp-content\/uploads\/2026\/04\/table-aspirante-autonome-a-decolmatage-300x169.png 300w, https:\/\/obera.fr\/wp-content\/uploads\/2026\/04\/table-aspirante-autonome-a-decolmatage-1024x576.png 1024w, https:\/\/obera.fr\/wp-content\/uploads\/2026\/04\/table-aspirante-autonome-a-decolmatage-768x432.png 768w, https:\/\/obera.fr\/wp-content\/uploads\/2026\/04\/table-aspirante-autonome-a-decolmatage-1536x864.png 1536w\" sizes=\"(max-width: 1920px) 100vw, 1920px\" \/><\/a><figcaption class=\"wp-element-caption\">\u00d6n\u00e1ll\u00f3, sz\u0171r\u0151tiszt\u00edt\u00f3s elsz\u00edv\u00f3 asztalok<\/figcaption><\/figure>\n<\/div>\n\n\n\n<div class=\"wp-block-column is-layout-flow wp-block-column-is-layout-flow\">\n<figure class=\"wp-block-image aligncenter size-medium is-resized\"><a href=\"https:\/\/obera.fr\/hu\/produits\/szivoasztalok\/table-aspirante-a-at\/\"><img decoding=\"async\" width=\"300\" height=\"300\" src=\"https:\/\/obera.fr\/wp-content\/uploads\/2020\/10\/table-SF-300x300.png\" alt=\"Sz&#xED;v&#xF3;asztalok\" class=\"wp-image-1179\" style=\"width:auto;height:150px\" srcset=\"https:\/\/obera.fr\/wp-content\/uploads\/2020\/10\/table-SF-300x300.png 300w, https:\/\/obera.fr\/wp-content\/uploads\/2020\/10\/table-SF-150x150.png 150w, https:\/\/obera.fr\/wp-content\/uploads\/2020\/10\/table-SF.png 433w\" sizes=\"(max-width: 300px) 100vw, 300px\" \/><\/a><figcaption class=\"wp-element-caption\">A &amp; AT sz\u00edv\u00f3asztal<\/figcaption><\/figure>\n<\/div>\n<\/div>\n","protected":false},"excerpt":{"rendered":"<p>Az OberA tel\u00edtetts\u00e9gi elven m\u0171k\u00f6d\u0151 \u00f6n\u00e1ll\u00f3 elsz\u00edv\u00f3 asztal egy forr\u00e1sn\u00e1l t\u00f6rt\u00e9n\u0151 porelsz\u00edv\u00f3 megold\u00e1s, amely teljesen f\u00fcggetlen b\u00e1rmilyen k\u00f6zponti elsz\u00edv\u00f3 rendszert\u0151l. A kezel\u0151 k\u00f6zvetlen\u00fcl a perfor\u00e1lt munkafel\u00fcletre helyezi a munkadarabot: az integr\u00e1lt elsz\u00edv\u00e1s felfogja a csiszol\u00e1s, k\u00f6sz\u00f6r\u00fcl\u00e9s vagy v\u00e1g\u00e1s sor\u00e1n keletkez\u0151 port, miel\u0151tt az el\u00e9rn\u00e9 a l\u00e9gz\u00e9si z\u00f3n\u00e1t. Az \u00fagynevezett \u201etel\u00edtetts\u00e9gi\u201d elv a sz\u0171r\u0151 automatikus kezel\u00e9si m\u00f3dj\u00e1t jelenti: a be\u00e9p\u00edtett jelz\u0151k val\u00f3s id\u0151ben mutatj\u00e1k az elt\u00f6m\u0151d\u00e9s szintj\u00e9t, elker\u00fclve a hat\u00e9konys\u00e1g b\u00e1rmilyen cs\u00f6kken\u00e9s\u00e9t k\u00e9zi fel\u00fcgyelet n\u00e9lk\u00fcl. Amikor a jelz\u0151 megv\u00e1ltozik, ideje sz\u0171r\u0151t cser\u00e9lni \u2013 ennyi az eg\u00e9sz. G\u00f6rg\u0151kre szerelve, egyszer\u0171 230 V-os aljzatr\u00f3l t\u00e1pl\u00e1lva az asztal kevesebb mint k\u00e9t perc alatt \u00fczemk\u00e9sz, &#8230; <\/p>\n<p class=\"read-more-container\"><a title=\"\u00d6n\u00e1ll\u00f3 tel\u00edtett sz\u0171r\u0151s elsz\u00edv\u00f3asztal\" class=\"read-more button\" href=\"https:\/\/obera.fr\/hu\/produits\/szivoasztalok\/onallo-telitett-szuros-elszivoasztal\/#more-155466\" aria-label=\"Read more about \u00d6n\u00e1ll\u00f3 tel\u00edtett sz\u0171r\u0151s elsz\u00edv\u00f3asztal\">Lire la suite<\/a><\/p>\n","protected":false},"author":4,"featured_media":0,"parent":154244,"menu_order":0,"comment_status":"closed","ping_status":"closed","template":"","meta":{"_acf_changed":false,"_seopress_robots_primary_cat":"","_seopress_titles_title":"\u00d6n\u00e1ll\u00f3 tel\u00edt\u0151d\u00e9ses elsz\u00edv\u00f3 asztalok","_seopress_titles_desc":"","_seopress_robots_index":"","footnotes":""},"class_list":{"0":"post-155466","1":"page","2":"type-page","3":"status-publish","5":"no-featured-image-padding"},"acf":[],"_links":{"self":[{"href":"https:\/\/obera.fr\/hu\/wp-json\/wp\/v2\/pages\/155466","targetHints":{"allow":["GET"]}}],"collection":[{"href":"https:\/\/obera.fr\/hu\/wp-json\/wp\/v2\/pages"}],"about":[{"href":"https:\/\/obera.fr\/hu\/wp-json\/wp\/v2\/types\/page"}],"author":[{"embeddable":true,"href":"https:\/\/obera.fr\/hu\/wp-json\/wp\/v2\/users\/4"}],"replies":[{"embeddable":true,"href":"https:\/\/obera.fr\/hu\/wp-json\/wp\/v2\/comments?post=155466"}],"version-history":[{"count":1,"href":"https:\/\/obera.fr\/hu\/wp-json\/wp\/v2\/pages\/155466\/revisions"}],"predecessor-version":[{"id":155467,"href":"https:\/\/obera.fr\/hu\/wp-json\/wp\/v2\/pages\/155466\/revisions\/155467"}],"up":[{"embeddable":true,"href":"https:\/\/obera.fr\/hu\/wp-json\/wp\/v2\/pages\/154244"}],"wp:attachment":[{"href":"https:\/\/obera.fr\/hu\/wp-json\/wp\/v2\/media?parent=155466"}],"curies":[{"name":"wp","href":"https:\/\/api.w.org\/{rel}","templated":true}]}}