{"id":67660,"date":"2020-05-01T17:29:47","date_gmt":"2020-05-01T15:29:47","guid":{"rendered":"https:\/\/obera.fr\/conditions-generales-de-vente\/"},"modified":"2026-02-06T13:17:56","modified_gmt":"2026-02-06T11:17:56","slug":"conditions-generales-de-vente","status":"publish","type":"page","link":"https:\/\/obera.fr\/hu\/conditions-generales-de-vente\/","title":{"rendered":"Az \u00e9rt\u00e9kes\u00edt\u00e9s felt\u00e9telei"},"content":{"rendered":"\n<h3 class=\"wp-block-heading\">MEGRENDEL\u00c9SI FORMANYOMTATV\u00c1NY<\/h3>\n\n<p>Az elad\u00f3 csak azokkal a k\u00f6telezetts\u00e9gekkel tartozik a vev\u0151 fel\u00e9, amelyeket a jelen \u00e9rt\u00e9kes\u00edt\u00e9si felt\u00e9telek sz\u00f6veg\u00e9ben v\u00e1llalt. K\u00fcl\u00f6n\u00f6sen nem tehet\u0151 felel\u0151ss\u00e9 az \u00fcgyn\u00f6kei \u00e1ltal a vev\u0151vel szemben, az eml\u00edtett \u00e9rt\u00e9kes\u00edt\u00e9si felt\u00e9teleken k\u00edv\u00fcl v\u00e1llalt k\u00f6telezetts\u00e9gek\u00e9rt.<\/p>\n\n<p>B\u00e1rmilyen gy\u00e1rt\u00e1s vagy v\u00e1s\u00e1rl\u00e1s csak akkor indul el, ha az \u00dcgyf\u00e9l hivatalosan elfogadta az \u00e1raj\u00e1nlatot.<\/p>\n\n<p><strong>1.1 Megrendel\u00e9sek m\u00f3dos\u00edt\u00e1sa \u00e9s t\u00f6rl\u00e9se<\/strong><\/p>\n\n<p>A megrendel\u00e9seket csak a k\u00e9zhezv\u00e9telt\u0151l sz\u00e1m\u00edtott 24 \u00f3r\u00e1n bel\u00fcl \u00e9s a Sz\u00e1ll\u00edt\u00f3 kifejezett beleegyez\u00e9s\u00e9vel lehet t\u00f6r\u00f6lni vagy m\u00f3dos\u00edtani.<\/p>\n\n<p>A megrendel\u00e9s(ek) t\u00f6rl\u00e9s\u00e9re vagy m\u00f3dos\u00edt\u00e1s\u00e1ra vonatkoz\u00f3 b\u00e1rmely k\u00e9relmet a Vev\u0151nek \u00edr\u00e1sban kell beny\u00fajtania, \u00e9s azt a Sz\u00e1ll\u00edt\u00f3nak hivatalosan el kell fogadnia.<\/p>\n\n<p>Ha a Sz\u00e1ll\u00edt\u00f3 elfogadja a megrendel\u00e9s(ek) m\u00f3dos\u00edt\u00e1s\u00e1t, az \u00faj sz\u00e1ll\u00edt\u00e1si hat\u00e1rid\u0151ket \u00e9s \u00e1rakat k\u00f6zli a Vev\u0151vel.<\/p>\n\n<p>Abban az esetben, ha a megrendel\u00e9st a vev\u0151 b\u00e1rmilyen okb\u00f3l lemondja, az OberA-t megilleti a felmer\u00fclt k\u00f6lts\u00e9gek megt\u00e9r\u00edt\u00e9se.<\/p>\n\n<p>Ez a k\u00e1rt\u00e9r\u00edt\u00e9s legal\u00e1bb a k\u00f6vetkez\u0151:<br\/>&#8211; a megrendel\u00e9s teljes \u00f6sszeg\u00e9nek 20%-a 0 \u00e9s 5 napt\u00e1ri nap k\u00f6z\u00f6tti lemond\u00e1s eset\u00e9n<br\/>&#8211; a megrendel\u00e9s teljes \u00f6sszeg\u00e9nek 30%-a 6 \u00e9s 10 napt\u00e1ri nap k\u00f6z\u00f6tti lemond\u00e1s eset\u00e9n<br\/>&#8211; a megrendel\u00e9s teljes \u00f6sszeg\u00e9nek 80%-a 10 napt\u00e1ri napot meghalad\u00f3 lemond\u00e1s eset\u00e9n.<\/p>\n\n<p>-a megrendel\u00e9s teljes \u00f6sszeg\u00e9nek 100 %-a, ha az \u00e1rut m\u00e1r lesz\u00e1ll\u00edtott\u00e1k, \u00e9s a megrendel\u00e9s t\u00f6rl\u00e9se eset\u00e9n a teljes \u00f6sszeg 100 %-a.<\/p>\n\n<h3 class=\"wp-block-heading\">SZ\u00c1LL\u00cdT\u00c1S<\/h3>\n\n<p><strong>2.1 Sz\u00e1ll\u00edt\u00e1si k\u00f6lts\u00e9gek<\/strong><\/p>\n\n<p>A sz\u00e1ll\u00edt\u00e1si k\u00f6lts\u00e9geket az \u00dcgyf\u00e9lnek tett aj\u00e1nlat tartalmazza.<\/p>\n\n<p><strong>2.2 Az \u00e1ruk \u00e1tv\u00e9tele<\/strong><\/p>\n\n<p>Az \u00dcgyf\u00e9lnek a csomagok \u00e1tv\u00e9telekor ellen\u0151riznie kell azokat a fuvaroz\u00f3 jelenl\u00e9t\u00e9ben. M\u00e9g ha a csomagol\u00e1s s\u00e9rtetlennek is t\u0171nik, s\u00e9r\u00fcl\u00e9s, hi\u00e1ny vagy csere eset\u00e9n azt a fuvaroz\u00f3 \u00e1tv\u00e9teli k\u00f6nyv\u00e9be be kell jegyezni, \u00e9s ezeket a fenntart\u00e1sokat az \u00dcgyf\u00e9lnek a k\u00e9zhezv\u00e9telt\u0151l sz\u00e1m\u00edtott h\u00e1rom napon bel\u00fcl, a fuvaroz\u00f3nak c\u00edmzett aj\u00e1nlott lev\u00e9lben meg kell er\u0151s\u00edtenie (Kereskedelmi T\u00f6rv\u00e9nyk\u00f6nyv L133-3. cikk). Hi\u00e1nyok, s\u00e9r\u00fcl\u00e9sek vagy k\u00e9sedelmek eset\u00e9n az \u00dcgyf\u00e9lnek kell \u00e9rv\u00e9nyes\u00edtenie ig\u00e9ny\u00e9t a fuvaroz\u00f3val szemben, <strong>mik\u00f6zben az OBERA-t t\u00e1j\u00e9koztatja a meg\u00e1llap\u00edtott k\u00e1rokr\u00f3l \u00e9s a fenntart\u00e1sokat\/ig\u00e9nyeket igazol\u00f3 dokumentumokr\u00f3l.<\/strong><\/p>\n\n<p><strong>2.3 Sz\u00e1ll\u00edt\u00e1si id\u0151k<\/strong><\/p>\n\n<p>A megrendel\u00e9s visszaigazol\u00e1s\u00e1n felt\u00fcntetett sz\u00e1ll\u00edt\u00e1si hat\u00e1rid\u0151 t\u00e1j\u00e9koztat\u00f3 jelleg\u0171. A t\u00e1j\u00e9koztat\u00f3 jelleg\u0171 sz\u00e1ll\u00edt\u00e1si hat\u00e1rid\u0151k be nem tart\u00e1sa semmilyen esetben sem adhat okot k\u00e9sedelmi k\u00f6tb\u00e9r, k\u00e1rt\u00e9r\u00edt\u00e9s fizet\u00e9s\u00e9re, sem a megrendel\u00e9s t\u00f6rl\u00e9s\u00e9re.<\/p>\n\n<p>Vis maior (sztr\u00e1jk, zavarg\u00e1sok, h\u00e1bor\u00fa stb.) eset\u00e9n a Sz\u00e1ll\u00edt\u00f3 automatikusan mentes\u00fcl k\u00f6telezetts\u00e9gei al\u00f3l: ez\u00e9rt minden k\u00e1rt\u00e9r\u00edt\u00e9si ig\u00e9ny elfogadhatatlan.<\/p>\n\n<p><strong>2.4 A berendez\u00e9sek visszasz\u00e1ll\u00edt\u00e1sa<\/strong><\/p>\n\n<p>A term\u00e9kek visszak\u00fcldhet\u0151k, de csak el\u0151zetes \u00edr\u00e1sbeli hozz\u00e1j\u00e1rul\u00e1sunkkal. Minden esetben elutas\u00edtjuk a felhaszn\u00e1lt alkatr\u00e9szek, tartoz\u00e9kok vagy term\u00e9kek visszak\u00fcld\u00e9s\u00e9t, illetve azok\u00e9t, amelyek m\u00e1r nem rendelkeznek eredeti csomagol\u00e1sukkal. Az oda- \u00e9s visszasz\u00e1ll\u00edt\u00e1si k\u00f6lts\u00e9gek az \u00fcgyfelet terhelik. Az \u00fcgyf\u00e9l k\u00e9r\u00e9s\u00e9re t\u00f6rt\u00e9n\u0151 visszak\u00fcld\u00e9s vagy visszav\u00e9tel eset\u00e9n, az OberA \u00e1ltali elfogad\u00e1st k\u00f6vet\u0151en, 20%-os kezel\u00e9si k\u00f6lts\u00e9get sz\u00e1m\u00edtunk fel.<\/p>\n\n<p><strong>2.5 A berendez\u00e9sek visszaszolg\u00e1ltat\u00e1sa a b\u00e9rleti vagy tesztberendez\u00e9s rendelkez\u00e9sre bocs\u00e1t\u00e1s\u00e1t k\u00f6vet\u0151en<\/strong><\/p>\n\n<p>A tesztel\u00e9si vagy b\u00e9rleti id\u0151szak v\u00e9g\u00e9n a k\u00e9sz\u00fcl\u00e9keket vissza kell juttatni az OBERA-nak. A b\u00e9rl\u0151 felel\u0151ss\u00e9ge a k\u00e9sz\u00fcl\u00e9kek tiszt\u00e1n \u00e9s s\u00e9rtetlen\u00fcl tart\u00e1sa. Ennek megfelel\u0151en a b\u00e9rl\u0151nek tiszta, kifog\u00e1stalan \u00e1llapotban kell visszaszolg\u00e1ltatnia a k\u00e9sz\u00fcl\u00e9keket. A b\u00e9rl\u0151 rendelkez\u00e9s\u00e9re bocs\u00e1tott \u00f6sszes berendez\u00e9st eredeti csomagol\u00e1s\u00e1ban vagy azzal egyen\u00e9rt\u00e9k\u0171 csomagol\u00e1sban kell visszak\u00fcldeni: mindig raklapon, v\u00e9dve, f\u00f3li\u00e1zva, p\u00e1ntolva\/szalagozva, r\u00f6gz\u00edtve.<\/p>\n\n<h3 class=\"wp-block-heading\">FIZET\u00c9SEK<\/h3>\n\n<p><strong>3.1. Fizet\u00e9si hat\u00e1rid\u0151<\/strong><\/p>\n\n<p>A sz\u00e1ml\u00e1k a berendez\u00e9s sz\u00e1ll\u00edt\u00e1s\u00e1nak napj\u00e1n \u00e9rv\u00e9nyes d\u00edjszab\u00e1s szerint ker\u00fclnek ki\u00e1ll\u00edt\u00e1sra, \u00e9s a sz\u00e1ll\u00edt\u00e1s d\u00e1tum\u00e1t\u00f3l sz\u00e1m\u00edtott 30 napos nett\u00f3 hat\u00e1rid\u0151vel fizetend\u0151k, kiv\u00e9ve, ha a Sz\u00e1ll\u00edt\u00f3 \u00e9s az \u00dcgyf\u00e9l k\u00fcl\u00f6n meg\u00e1llapod\u00e1st \u00edrt al\u00e1, \u00e9s azt a megrendel\u00e9s visszaigazol\u00e1s\u00e1n felt\u00fcntett\u00e9k. A fizet\u00e9s akkor tekinthet\u0151 teljes\u00edtettnek, amikor az \u00dcgyf\u00e9l a p\u00e9nzeszk\u00f6z\u00f6ket a kedvezm\u00e9nyezett vagy annak helyettes\u00edt\u0151je rendelkez\u00e9s\u00e9re bocs\u00e1totta.<\/p>\n\n<p>Korai fizet\u00e9s eset\u00e9n nem adunk kedvezm\u00e9nyt.<\/p>\n\n<p>Az \u00dcgyf\u00e9llel meg\u00e1llapodott fizet\u00e9si felt\u00e9telek semmilyen k\u00f6r\u00fclm\u00e9nyek k\u00f6z\u00f6tt nem k\u00e9sleltethet\u0151k. B\u00e1rmely fizet\u00e9si hat\u00e1rid\u0151 be nem tart\u00e1sa, az \u00dcgyf\u00e9l \u00fczleti alapj\u00e1nak vagy berendez\u00e9s\u00e9nek elad\u00e1sa, \u00e1truh\u00e1z\u00e1sa, z\u00e1logba ad\u00e1sa vagy t\u00e1rsas\u00e1gba val\u00f3 bevitele eset\u00e9n az \u00dcgyf\u00e9l \u00e1ltal fizetend\u0151 \u00f6sszes \u00f6sszeg azonnal, jogilag esed\u00e9kess\u00e9 v\u00e1lik. A Sz\u00e1ll\u00edt\u00f3 ekkor fenntartja a jogot a r\u00f6gz\u00edtett megrendel\u00e9sek teljes\u00edt\u00e9s\u00e9nek felf\u00fcggeszt\u00e9s\u00e9re.<\/p>\n\n<p><strong>3.2. K\u00e9sedelmi k\u00f6tb\u00e9r \u00e9s behajt\u00e1si k\u00f6lts\u00e9gek<\/strong><\/p>\n\n<p>El\u0151zetes eml\u00e9keztet\u0151 vagy hivatalos \u00e9rtes\u00edt\u00e9s n\u00e9lk\u00fcl az esed\u00e9kess\u00e9g napj\u00e1n be nem fizetett \u00f6sszeg automatikusan megemelkedik az Eur\u00f3pai K\u00f6zponti Bank \u00e1ltal a legut\u00f3bbi refinansz\u00edroz\u00e1si m\u0171veletre alkalmazott kamatl\u00e1b 20 sz\u00e1zal\u00e9kponttal n\u00f6velt \u00f6sszeg\u00e9vel (a francia kereskedelmi t\u00f6rv\u00e9nyk\u00f6nyv L.441-6. cikke).<\/p>\n\n<p>Ezen k\u00f6tb\u00e9reken fel\u00fcl a fizet\u00e9si k\u00e9sedelemben l\u00e9v\u0151 \u00dcgyf\u00e9l jogilag k\u00f6teles a Sz\u00e1ll\u00edt\u00f3 fel\u00e9 40 \u20ac \u00f6sszeg\u0171 \u00e1tal\u00e1nyd\u00edjat fizetni a behajt\u00e1si k\u00f6lts\u00e9gek\u00e9rt (2012. okt\u00f3ber 2-i 2012-1115. sz. rendelet). A Sz\u00e1ll\u00edt\u00f3 indokolt esetben tov\u00e1bbi k\u00e1rt\u00e9r\u00edt\u00e9st k\u00e9rhet, ha a behajt\u00e1si k\u00f6lts\u00e9gek meghaladj\u00e1k a fent eml\u00edtett \u00e1tal\u00e1ny\u00f6sszeget.<\/p>\n\n<p><strong>3.3. R\u00e9szleges fizet\u00e9s \u00e9s vita<\/strong><\/p>\n\n<p>Amennyiben a Sz\u00e1ll\u00edt\u00f3 \u00e9s a Vev\u0151 k\u00f6z\u00f6tt vita alakul ki a sz\u00e1mla valamely elem\u00e9vel kapcsolatban, a Vev\u0151 v\u00e1llalja, hogy a nem vitatott sz\u00e1mla teljes \u00f6sszeg\u00e9t kifizeti a Sz\u00e1ll\u00edt\u00f3nak.<\/p>\n\n<p><strong>3.4. Az \u00dcgyf\u00e9l \u00e1ltal meghat\u00e1rozott k\u00f6tb\u00e9rek<\/strong><\/p>\n\n<p>A Megrendel\u0151 \u00e1ltal egyoldal\u00faan meg\u00e1llap\u00edtott k\u00f6tb\u00e9rek megfizet\u00e9se nem k\u00f6vetelhet\u0151 a Sz\u00e1ll\u00edt\u00f3t\u00f3l an\u00e9lk\u00fcl, hogy a Megrendel\u0151 kifejezetten beleegyezett volna az eml\u00edtett k\u00f6tb\u00e9rek felt\u00e9teleibe.<\/p>\n\n<p><strong>3.5. Kompenz\u00e1ci\u00f3<\/strong><\/p>\n\n<p>Az \u00dcgyf\u00e9l tart\u00f3zkodik a k\u00f6vetel\u00e9sek besz\u00e1m\u00edt\u00e1s\u00e1t\u00f3l.<\/p>\n\n<p><strong>3.6. Garancia visszatart\u00e1s\u00e1nak hi\u00e1nya.<\/strong><\/p>\n\n<p>Az \u00dcgyf\u00e9lnek tilos a garancia visszatart\u00e1s\u00e1hoz folyamodnia, b\u00e1rmilyen sz\u00e1zal\u00e9kos ar\u00e1nyban is. A Sz\u00e1ll\u00edt\u00f3 \u00e1ltal \u00e9rt\u00e9kes\u00edtett \u00f6sszes k\u00e9sz\u00fcl\u00e9kre jogi, s\u0151t szerz\u0151d\u00e9ses garancia vonatkozik (l\u00e1sd 8. cikk). K\u00f6vetkez\u00e9sk\u00e9ppen, ha a Sz\u00e1ll\u00edt\u00f3 felel\u0151ss\u00e9ge ellentmond\u00e1sosan \u00e9s egy\u00e9rtelm\u0171en meg\u00e1llap\u00edt\u00e1sra ker\u00fcl, a garancia jogilag \u00e9rv\u00e9nyes\u00fcl.<\/p>\n\n<h3 class=\"wp-block-heading\">GARANCIA<\/h3>\n\n<p>A garancia kiz\u00e1r\u00f3lag az alkatr\u00e9szekre vonatkozik (kiv\u00e9ve k\u00fcl\u00f6nleges felt\u00e9telek eset\u00e9n). A sz\u00e1ll\u00edt\u00e1s d\u00e1tum\u00e1t\u00f3l sz\u00e1m\u00edtott 6 h\u00f3napig vagy 1 \u00e9vig \u00e9rv\u00e9nyes, term\u00e9kt\u0151l f\u00fcgg\u0151en. (L\u00e1sd a k\u00fcl\u00f6nleges felt\u00e9teleket) \u00e9s mag\u00e1ban foglalja az elad\u00f3 \u00e1ltal hib\u00e1snak elismert alkatr\u00e9szek cser\u00e9j\u00e9t. A hib\u00e1snak elismert alkatr\u00e9szek cser\u00e9j\u00e9vel kapcsolatos sz\u00e1ll\u00edt\u00e1si, munkad\u00edj- \u00e9s utaz\u00e1si k\u00f6lts\u00e9gek (ha a k\u00fcl\u00f6nleges felt\u00e9telekben szerepel) csak az \u00e9rintett alkatr\u00e9szek elad\u00f3hoz t\u00f6rt\u00e9n\u0151 vizsg\u00e1latra val\u00f3 elk\u00fcld\u00e9se ut\u00e1n \u00e9s kiz\u00e1r\u00f3lag a garancia keret\u00e9ben t\u00e9r\u00edthet\u0151k.<\/p>\n\n<p>Ez a garancia nem vonatkozik a berendez\u00e9s karbantart\u00e1s\u00e1nak hi\u00e1ny\u00e1b\u00f3l (ken\u00e9s, tiszt\u00edt\u00e1s\u2026) ered\u0151 k\u00e1rokra. A garancia nem terjed ki a berendez\u00e9s m\u0171k\u00f6d\u00e9si hib\u00e1ira vagy k\u00e1rosod\u00e1s\u00e1ra, amelyek oka a k\u00e9sz\u00fcl\u00e9kek gy\u00e1rt\u00e1s\u00e1t\u00f3l idegen okokra vezethet\u0151 vissza. (P\u00e9ld\u00e1ul: energia, folyad\u00e9kok, az \u00e9p\u00fclet vagy a felhaszn\u00e1l\u00e1s hely\u00e9nek \u00e1ltal\u00e1nos l\u00e9tes\u00edtm\u00e9nyeinek \u00e1llapota, f\u00fcggetlen\u00fcl att\u00f3l, hogy a csatlakoztat\u00e1st az elad\u00f3 v\u00e9gezte-e el vagy sem).<\/p>\n\n<p>Ha a j\u00f3t\u00e1ll\u00e1si id\u0151szak alatt az elad\u00f3 m\u0171szaki szolg\u00e1lat\u00e1n k\u00edv\u00fcl b\u00e1rki m\u00e1s beavatkozik a g\u00e9pbe, a j\u00f3t\u00e1ll\u00e1s azonnal megsz\u0171nik.<\/p>\n\n<h3 class=\"wp-block-heading\">TULAJDONJOG FENNTART\u00c1SA<\/h3>\n\n<p>Kifejezett meg\u00e1llapod\u00e1s szerint a lesz\u00e1ll\u00edtott \u00e1ru a Sz\u00e1ll\u00edt\u00f3 kiz\u00e1r\u00f3lagos tulajdon\u00e1ban marad mindaddig, am\u00edg az \u00dcgyf\u00e9l teljes m\u00e9rt\u00e9kben ki nem fizeti az \u00e1r\u00e1t. A fizet\u00e9si k\u00f6telezetts\u00e9get teremt\u0151 v\u00e1lt\u00f3k vagy egy\u00e9b \u00e9rt\u00e9kpap\u00edrok \u00e1tad\u00e1sa nem min\u0151s\u00fcl fizet\u00e9snek. Az \u00dcgyf\u00e9l jogosult a lesz\u00e1ll\u00edtott \u00e1ruk felhaszn\u00e1l\u00e1s\u00e1ra vagy viszontelad\u00e1s\u00e1ra. Ez a l\u00e9nyeg\u00e9ben bizonytalan enged\u00e9ly b\u00e1rmely esed\u00e9kess\u00e9g be nem tart\u00e1sa eset\u00e9n jogilag \u00e9s formalit\u00e1sok n\u00e9lk\u00fcl visszavon\u00e1sra ker\u00fcl.<\/p>\n\n<p>Az \u00e1ru teljes kifizet\u00e9s\u00e9nek elmarad\u00e1sa eset\u00e9n a Sz\u00e1ll\u00edt\u00f3 egyszer\u0171 aj\u00e1nlott lev\u00e9lben felsz\u00f3l\u00edthatja az \u00dcgyfelet az \u00e1ru visszaad\u00e1s\u00e1ra, az \u00dcgyf\u00e9l k\u00f6lts\u00e9g\u00e9re \u00e9s kock\u00e1zat\u00e1ra, negyvennyolc \u00f3r\u00e1n bel\u00fcl. Abban az esetben, ha ez a felsz\u00f3l\u00edt\u00e1s eredm\u00e9nytelen marad, a Sz\u00e1ll\u00edt\u00f3 jogosult a megv\u00e1s\u00e1rolt \u00e1ruk fizikai visszav\u00e9tel\u00e9re az \u00dcgyf\u00e9l k\u00f6lts\u00e9g\u00e9re. Ezenk\u00edv\u00fcl az \u00dcgyf\u00e9l a t\u00f6rv\u00e9nyben el\u0151\u00edrt k\u00e9sedelmi k\u00f6tb\u00e9rrel, valamint esetleges k\u00e1rt\u00e9r\u00edt\u00e9ssel tartozik.<\/p>\n\n<p>A Megrendel\u0151 felsz\u00e1mol\u00e1sa vagy k\u00e9nyszert\u00f6rl\u00e9se eset\u00e9n a Sz\u00e1ll\u00edt\u00f3 a sz\u00e1ll\u00edtott \u00e1rukat a t\u00f6rv\u00e9nyben el\u0151\u00edrt hat\u00e1rid\u0151n bel\u00fcl \u00e9s felt\u00e9telekkel visszak\u00f6vetelheti.<\/p>\n\n<h3 class=\"wp-block-heading\">ALKALMAZAND\u00d3 JOG \u00c9S JOGHAT\u00d3S\u00c1G<\/h3>\n\n<p>A Sz\u00e1ll\u00edt\u00f3 \u00e9s a Vev\u0151 k\u00f6z\u00f6tti szerz\u0151d\u00e9ses kapcsolatra a francia jog alkalmazand\u00f3.<\/p>\n\n<p>B\u00e1rmely szolg\u00e1ltat\u00e1ssal, megrendel\u00e9ssel, sz\u00e1ll\u00edt\u00e1ssal vagy fizet\u00e9ssel kapcsolatos vita eset\u00e9n, m\u00e9g akkor is, ha az v\u00e1lt\u00f3k (c\u00e9lutalv\u00e1nyok) l\u00e9trehoz\u00e1s\u00e1nak t\u00e1rgy\u00e1t k\u00e9pezte, valamint a fenti z\u00e1rad\u00e9kok \u00e9s felt\u00e9telek \u00e9rtelmez\u00e9s\u00e9vel vagy v\u00e9grehajt\u00e1s\u00e1val kapcsolatban, kiz\u00e1r\u00f3lag a Strasbourgi Kereskedelmi B\u00edr\u00f3s\u00e1g illet\u00e9kes, f\u00fcggetlen\u00fcl a sz\u00e1ll\u00edt\u00e1s hely\u00e9t\u0151l, az elfogadott fizet\u00e9si m\u00f3dt\u00f3l, \u00e9s m\u00e9g garanciaig\u00e9ny vagy t\u00f6bb alperes eset\u00e9n is. Ezen z\u00e1rad\u00e9k \u00e1ltal a Sz\u00e1ll\u00edt\u00f3 \u00e9s az \u00dcgyf\u00e9l elt\u00e9rnek minden m\u00e1s joghat\u00f3s\u00e1gi z\u00e1rad\u00e9kt\u00f3l, amely b\u00e1rmely m\u00e1s kereskedelmi dokumentumukon szerepelhet.<\/p>\n\n<p>Minden megrendel\u00e9s automatikusan azt jelenti, hogy az \u00dcgyf\u00e9l fenntart\u00e1s n\u00e9lk\u00fcl elfogadja ezeket az \u00e1ltal\u00e1nos szerz\u0151d\u00e9si felt\u00e9teleket.<\/p>\n","protected":false},"excerpt":{"rendered":"<p>MEGRENDEL\u00c9SI FORMANYOMTATV\u00c1NY Az elad\u00f3 csak azokkal a k\u00f6telezetts\u00e9gekkel tartozik a vev\u0151 fel\u00e9, amelyeket a jelen \u00e9rt\u00e9kes\u00edt\u00e9si felt\u00e9telek sz\u00f6veg\u00e9ben v\u00e1llalt. K\u00fcl\u00f6n\u00f6sen nem tehet\u0151 felel\u0151ss\u00e9 az \u00fcgyn\u00f6kei \u00e1ltal a vev\u0151vel szemben, az eml\u00edtett \u00e9rt\u00e9kes\u00edt\u00e9si felt\u00e9teleken k\u00edv\u00fcl v\u00e1llalt k\u00f6telezetts\u00e9gek\u00e9rt. B\u00e1rmilyen gy\u00e1rt\u00e1s vagy v\u00e1s\u00e1rl\u00e1s csak akkor indul el, ha az \u00dcgyf\u00e9l hivatalosan elfogadta az \u00e1raj\u00e1nlatot. 1.1 Megrendel\u00e9sek m\u00f3dos\u00edt\u00e1sa \u00e9s t\u00f6rl\u00e9se A megrendel\u00e9seket csak a k\u00e9zhezv\u00e9telt\u0151l sz\u00e1m\u00edtott 24 \u00f3r\u00e1n bel\u00fcl \u00e9s a Sz\u00e1ll\u00edt\u00f3 kifejezett beleegyez\u00e9s\u00e9vel lehet t\u00f6r\u00f6lni vagy m\u00f3dos\u00edtani. A megrendel\u00e9s(ek) t\u00f6rl\u00e9s\u00e9re vagy m\u00f3dos\u00edt\u00e1s\u00e1ra vonatkoz\u00f3 b\u00e1rmely k\u00e9relmet a Vev\u0151nek \u00edr\u00e1sban kell beny\u00fajtania, \u00e9s azt a Sz\u00e1ll\u00edt\u00f3nak hivatalosan el kell fogadnia. Ha a Sz\u00e1ll\u00edt\u00f3 elfogadja a &#8230; <\/p>\n<p class=\"read-more-container\"><a title=\"Az \u00e9rt\u00e9kes\u00edt\u00e9s felt\u00e9telei\" class=\"read-more button\" href=\"https:\/\/obera.fr\/hu\/conditions-generales-de-vente\/#more-67660\" aria-label=\"Read more about Az \u00e9rt\u00e9kes\u00edt\u00e9s felt\u00e9telei\">Lire la suite<\/a><\/p>\n","protected":false},"author":4,"featured_media":103620,"parent":0,"menu_order":0,"comment_status":"closed","ping_status":"closed","template":"","meta":{"_acf_changed":false,"_seopress_robots_primary_cat":"","_seopress_titles_title":"obera.fr \u00c9rt\u00e9kes\u00edt\u00e9si felt\u00e9telek","_seopress_titles_desc":"oberA \u00c1ltal\u00e1nos \u00e9rt\u00e9kes\u00edt\u00e9si felt\u00e9telek","_seopress_robots_index":"Igen","_seopress_analysis_target_kw":"","footnotes":""},"class_list":{"0":"post-67660","1":"page","2":"type-page","3":"status-publish","4":"has-post-thumbnail","6":"no-featured-image-padding","7":"resize-featured-image"},"acf":[],"_links":{"self":[{"href":"https:\/\/obera.fr\/hu\/wp-json\/wp\/v2\/pages\/67660","targetHints":{"allow":["GET"]}}],"collection":[{"href":"https:\/\/obera.fr\/hu\/wp-json\/wp\/v2\/pages"}],"about":[{"href":"https:\/\/obera.fr\/hu\/wp-json\/wp\/v2\/types\/page"}],"author":[{"embeddable":true,"href":"https:\/\/obera.fr\/hu\/wp-json\/wp\/v2\/users\/4"}],"replies":[{"embeddable":true,"href":"https:\/\/obera.fr\/hu\/wp-json\/wp\/v2\/comments?post=67660"}],"version-history":[{"count":2,"href":"https:\/\/obera.fr\/hu\/wp-json\/wp\/v2\/pages\/67660\/revisions"}],"predecessor-version":[{"id":141558,"href":"https:\/\/obera.fr\/hu\/wp-json\/wp\/v2\/pages\/67660\/revisions\/141558"}],"wp:featuredmedia":[{"embeddable":true,"href":"https:\/\/obera.fr\/hu\/wp-json\/wp\/v2\/media\/103620"}],"wp:attachment":[{"href":"https:\/\/obera.fr\/hu\/wp-json\/wp\/v2\/media?parent=67660"}],"curies":[{"name":"wp","href":"https:\/\/api.w.org\/{rel}","templated":true}]}}