{"id":67693,"date":"2022-09-13T10:52:39","date_gmt":"2022-09-13T08:52:39","guid":{"rendered":"https:\/\/obera.fr\/produits\/bras-dispositifs-captation\/anneaux-de-pouyes\/"},"modified":"2025-08-29T09:26:46","modified_gmt":"2025-08-29T07:26:46","slug":"anneaux-de-pouyes","status":"publish","type":"page","link":"https:\/\/obera.fr\/hu\/produits\/bras-dispositifs-captation\/anneaux-de-pouyes\/","title":{"rendered":"Pouy\u00e8s gy\u0171r\u0171k"},"content":{"rendered":"\n<h2 class=\"wp-block-heading\">Sz\u00edv\u00f3 \u00e9s gy\u0171r\u0171s \u00e9rz\u00e9kel\u0151k<\/h2>\n\n<p>A munkak\u00f6rnyezet tiszt\u00e1n \u00e9s eg\u00e9szs\u00e9gesen tart\u00e1sa \u00e9s ez\u00e1ltal az \u00fczemeltet\u0151k eg\u00e9szs\u00e9g\u00e9nek v\u00e9delme \u00e9rdek\u00e9ben a szennyez\u0151 anyagokat keletkez\u00e9s\u00fck ut\u00e1n a lehet\u0151 legk\u00f6zelebb a kibocs\u00e1t\u00e1si forr\u00e1shoz \u00e9s a lehet\u0151 leghat\u00e9konyabban kell felfogni. Ez figyelembe veszi mag\u00e1nak a szennyez\u0151 anyagnak a jelleg\u00e9t, jellemz\u0151it \u00e9s koncentr\u00e1ci\u00f3j\u00e1t. Az OberA az \u00fcgyf\u00e9l ig\u00e9nyeit\u0151l f\u00fcgg\u0151en k\u00fcl\u00f6nb\u00f6z\u0151 Pouyes-gy\u0171r\u0171ket \u00e9s sz\u00edv\u00f3\u00e9rz\u00e9kel\u0151ket tervez.<\/p>\n\n<p><\/p>\n\n<div class=\"wp-block-columns is-layout-flex wp-container-core-columns-is-layout-28f84493 wp-block-columns-is-layout-flex\">\n<div class=\"wp-block-column is-vertically-aligned-top is-layout-flow wp-block-column-is-layout-flow\" style=\"flex-basis:33.33%\">\n<p><\/p>\n\n\n\n<figure class=\"wp-block-image aligncenter size-large\"><img decoding=\"async\" width=\"1024\" height=\"768\" src=\"https:\/\/obera.fr\/wp-content\/uploads\/2025\/08\/img_20250827_130840-1024x768.jpg\" alt=\"img 20250827 130840\" class=\"wp-image-127390\" srcset=\"https:\/\/obera.fr\/wp-content\/uploads\/2025\/08\/img_20250827_130840-1024x768.jpg 1024w, https:\/\/obera.fr\/wp-content\/uploads\/2025\/08\/img_20250827_130840-300x225.jpg 300w, https:\/\/obera.fr\/wp-content\/uploads\/2025\/08\/img_20250827_130840-768x576.jpg 768w, https:\/\/obera.fr\/wp-content\/uploads\/2025\/08\/img_20250827_130840-1536x1152.jpg 1536w, https:\/\/obera.fr\/wp-content\/uploads\/2025\/08\/img_20250827_130840-2048x1536.jpg 2048w\" sizes=\"(max-width: 1024px) 100vw, 1024px\" \/><\/figure>\n<\/div>\n\n\n\n<div class=\"wp-block-column is-vertically-aligned-center is-layout-flow wp-block-column-is-layout-flow\" style=\"flex-basis:66.66%\">\n<h3 class=\"wp-block-heading\">GY\u0170R\u0170S \u00c9RZ\u00c9KEL\u0150K<\/h3>\n\n\n\n<p>A Pouy\u00e8s-gy\u0171r\u0171k vagy a gy\u0171r\u0171s kollektorok nagyon hat\u00e9kony eszk\u00f6z\u00f6k az energia forr\u00e1sn\u00e1l t\u00f6rt\u00e9n\u0151 \u00f6sszegy\u0171jt\u00e9s\u00e9re. \u00dagy tervezt\u00e9k \u0151ket, hogy optim\u00e1lis sz\u00edv\u00e1si sebess\u00e9get \u00e9s egyenletes l\u00e9g\u00e1raml\u00e1st biztos\u00edtsanak, mik\u00f6zben a munkater\u00fclet feletti teret szabadon hagyj\u00e1k.<\/p>\n\n\n\n<h3 class=\"wp-block-heading\">hogyan m\u0171k\u00f6dik a pouy\u00e8s gy\u0171r\u0171<\/h3>\n\n\n\n<p>A ventil\u00e1tor \u00e1ltal l\u00e9trehozott negat\u00edv nyom\u00e1snak k\u00f6sz\u00f6nhet\u0151en az ill\u00e9kony szennyez\u0151 anyagok a lehet\u0151 legk\u00f6zelebb ker\u00fclnek a kibocs\u00e1t\u00e1si forr\u00e1shoz, ahonnan a sz\u00edv\u00f3ny\u00edl\u00e1sokon kereszt\u00fcl a sz\u0171r\u0151rendszerhez csatlakoztatott gy\u0171jt\u0151be ker\u00fclnek.<\/p>\n\n\n\n<h3 class=\"wp-block-heading\">JUTALMAK<\/h3>\n\n\n\n<p class=\"has-contrast-color has-text-color\">A Pouy\u00e8s gy\u0171r\u0171k a kezel\u0151k eg\u00e9szs\u00e9g\u00e9nek \u00e9s munkak\u00f6rnyezet\u00e9nek v\u00e9delme mellett<span class=\"JsGRdQ\" style=\"color: rgb(33, 45, 87); font-weight: 400; font-style: normal; text-decoration: none;\"> optimaliz\u00e1lj\u00e1k a sz\u00edv\u00e1si sebess\u00e9get \u00e9s val\u00f3di energiamegtakar\u00edt\u00e1st eredm\u00e9nyeznek<\/span>. Ergon\u00f3miai szempontb\u00f3l a Pouy\u00e8s gy\u0171r\u0171kkel elker\u00fclhet\u0151 a kezel\u0151 sz\u00e1m\u00e1ra a k\u00e9nyelmetlens\u00e9g. A de Pouy\u00e8s gy\u0171r\u0171 a zs\u00e1k-t\u00e1masz konfigur\u00e1ci\u00f3ban megk\u00f6nny\u00edti \u00e9s k\u00e9nyelmesebb\u00e9 teszi a napi munk\u00e1t a felhaszn\u00e1l\u00f3 sz\u00e1m\u00e1ra. Kialak\u00edt\u00e1suknak k\u00f6sz\u00f6nhet\u0151en a karbantart\u00e1s is gyors \u00e9s egyszer\u0171.   <\/p>\n\n\n\n<div class=\"wp-block-columns is-layout-flex wp-container-core-columns-is-layout-28f84493 wp-block-columns-is-layout-flex\">\n<div class=\"wp-block-column is-vertically-aligned-top is-layout-flow wp-block-column-is-layout-flow\">\n<div class=\"wp-block-buttons is-content-justification-center is-layout-flex wp-container-core-buttons-is-layout-a89b3969 wp-block-buttons-is-layout-flex\">\n<div class=\"wp-block-button is-style-fill\"><a class=\"wp-block-button__link wp-element-button\" href=\"https:\/\/obera.fr\/wp-content\/uploads\/2025\/06\/brochure-anneaux-de-pouyes.pdf\">A bros\u00fara let\u00f6lt\u00e9se<\/a><\/div>\n<\/div>\n<\/div>\n\n\n\n<div class=\"wp-block-column is-vertically-aligned-top is-layout-flow wp-block-column-is-layout-flow\">\n<div class=\"wp-block-buttons is-horizontal is-content-justification-center is-layout-flex wp-container-core-buttons-is-layout-03627597 wp-block-buttons-is-layout-flex\">\n<div class=\"wp-block-button\"><a class=\"wp-block-button__link wp-element-button\" href=\"https:\/\/obera.fr\/contact\/\">Tudjon meg t\u00f6bbet<\/a><\/div>\n<\/div>\n<\/div>\n\n\n\n<div class=\"wp-block-column is-layout-flow wp-block-column-is-layout-flow\">\n<div class=\"wp-block-buttons is-content-justification-center is-layout-flex wp-container-core-buttons-is-layout-a89b3969 wp-block-buttons-is-layout-flex\">\n<div class=\"wp-block-button btn-devis-source\"><a class=\"wp-block-button__link wp-element-button\" href=\"https:\/\/obera.fr\/hu\/devis\/\">K\u00e9rjen \u00e1raj\u00e1nlatot<\/a><\/div>\n<\/div>\n\n\n<script>\r\ndocument.addEventListener('DOMContentLoaded', function() {\r\n    \/\/ 1. On cherche le titre H1 de la page\r\n    var h1 = document.querySelector('h1');\r\n    var productTitle = h1 ? h1.innerText.trim() : \"\";\r\n\r\n    \/\/ 2. On cherche les boutons via la classe CSS .btn-devis-source\r\n    var buttons = document.querySelectorAll('.btn-devis-source a');\r\n\r\n    \/\/ 3. Si on a le titre et les boutons, on ajoute le param\u00e8tre\r\n    if (buttons.length > 0 && productTitle !== \"\") {\r\n        var encodedTitle = encodeURIComponent(productTitle);\r\n\r\n        buttons.forEach(function(btn) {\r\n            var currentHref = btn.getAttribute('href');\r\n            \r\n            \/\/ S\u00e9curit\u00e9 pour ne pas ajouter le param\u00e8tre 2 fois\r\n            if (currentHref.indexOf('sujet=') === -1) {\r\n                var separator = currentHref.indexOf('?') !== -1 ? '&' : '?';\r\n                var newLink = currentHref + separator + 'sujet=' + encodedTitle;\r\n                \r\n                btn.setAttribute('href', newLink);\r\n            }\r\n        });\r\n    }\r\n});\r\n<\/script><\/div>\n<\/div>\n<\/div>\n<\/div>\n\n<h2 class=\"wp-block-heading\">Milyen szennyez\u0151d\u00e9seket kezelhetek a Pouy\u00e8s gy\u0171r\u0171kkel?<\/h2>\n\n<p><\/p>\n\n<div class=\"wp-block-columns is-layout-flex wp-container-core-columns-is-layout-28f84493 wp-block-columns-is-layout-flex\">\n<div class=\"wp-block-column is-layout-flow wp-block-column-is-layout-flow\" style=\"flex-basis:33.33%\">\n<figure class=\"wp-block-image aligncenter size-full is-resized\"><img decoding=\"async\" width=\"500\" height=\"500\" src=\"https:\/\/obera.fr\/wp-content\/uploads\/2024\/05\/anneau-de-pouyes-2-1.jpg\" alt=\"anneau de pouyes 2 1\" class=\"wp-image-31088\" style=\"width:169px;height:auto\" srcset=\"https:\/\/obera.fr\/wp-content\/uploads\/2024\/05\/anneau-de-pouyes-2-1.jpg 500w, https:\/\/obera.fr\/wp-content\/uploads\/2024\/05\/anneau-de-pouyes-2-1-300x300.jpg 300w, https:\/\/obera.fr\/wp-content\/uploads\/2024\/05\/anneau-de-pouyes-2-1-150x150.jpg 150w\" sizes=\"(max-width: 500px) 100vw, 500px\" \/><\/figure>\n<\/div>\n\n\n\n<div class=\"wp-block-column is-layout-flow wp-block-column-is-layout-flow\" style=\"flex-basis:66.66%\">\n<div class=\"wp-block-columns is-layout-flex wp-container-core-columns-is-layout-28f84493 wp-block-columns-is-layout-flex\">\n<div class=\"wp-block-column is-layout-flow wp-block-column-is-layout-flow\"><\/div>\n<\/div>\n\n\n\n<div class=\"wp-block-columns is-layout-flex wp-container-core-columns-is-layout-28f84493 wp-block-columns-is-layout-flex\">\n<div class=\"wp-block-column is-layout-flow wp-block-column-is-layout-flow\"><\/div>\n<\/div>\n\n\n\n<p>A gy\u0171r\u0171s terhel\u00e9sm\u00e9r\u0151 cell\u00e1k sz\u00e1mos ipari \u00e1gazatban haszn\u00e1lhat\u00f3k, \u00e9s k\u00fcl\u00f6n\u00f6sen aj\u00e1nlottak kever\u00e9shez \u00e9s mintav\u00e9telez\u00e9shez, zs\u00e1kol\u00e1shoz, t\u00f6lt\u00e9shez, csomagol\u00e1shoz, \u00fcr\u00edt\u00e9shez, \u0151rl\u00e9shez \u00e9s szit\u00e1l\u00e1shoz, reaktorbet\u00f6lt\u00e9shez \u00e9s m\u00e9r\u00e9si m\u0171veletekhez.<\/p>\n\n\n\n<div class=\"wp-block-columns is-layout-flex wp-container-core-columns-is-layout-28f84493 wp-block-columns-is-layout-flex\">\n<div class=\"wp-block-column is-layout-flow wp-block-column-is-layout-flow\"><\/div>\n<\/div>\n<\/div>\n<\/div>\n\n<div class=\"wp-block-columns is-layout-flex wp-container-core-columns-is-layout-28f84493 wp-block-columns-is-layout-flex\">\n<div class=\"wp-block-column is-layout-flow wp-block-column-is-layout-flow\"><\/div>\n<\/div>\n\n<div class=\"wp-block-columns is-layout-flex wp-container-core-columns-is-layout-28f84493 wp-block-columns-is-layout-flex\">\n<div class=\"wp-block-column is-layout-flow wp-block-column-is-layout-flow\"><\/div>\n\n\n\n<div class=\"wp-block-column is-layout-flow wp-block-column-is-layout-flow\"><\/div>\n<\/div>\n\n<h3 class=\"wp-block-heading\">Tev\u00e9kenys\u00e9gi \u00e1gazatok<\/h3>\n\n<div class=\"wp-block-columns is-layout-flex wp-container-core-columns-is-layout-28f84493 wp-block-columns-is-layout-flex\">\n<div class=\"wp-block-column is-layout-flow wp-block-column-is-layout-flow\">\n<figure class=\"wp-block-image aligncenter size-full\"><img decoding=\"async\" width=\"150\" height=\"150\" src=\"https:\/\/obera.fr\/wp-content\/uploads\/2022\/02\/Chimie.png\" alt=\"k&#xE9;mia\" class=\"wp-image-8846\"\/><figcaption class=\"wp-element-caption\">K\u00e9mia<\/figcaption><\/figure>\n<\/div>\n\n\n\n<div class=\"wp-block-column is-layout-flow wp-block-column-is-layout-flow\">\n<figure class=\"wp-block-image aligncenter size-full\"><img decoding=\"async\" width=\"150\" height=\"150\" src=\"https:\/\/obera.fr\/wp-content\/uploads\/2022\/09\/Sans-titre-2022-09-13T095047.797.jpg\" alt=\"Kozmetikumok\" class=\"wp-image-14491\"\/><figcaption class=\"wp-element-caption\">Kozmetikumok<\/figcaption><\/figure>\n<\/div>\n\n\n\n<div class=\"wp-block-column is-layout-flow wp-block-column-is-layout-flow\">\n<figure class=\"wp-block-image aligncenter size-full\"><img decoding=\"async\" width=\"150\" height=\"150\" src=\"https:\/\/obera.fr\/wp-content\/uploads\/2022\/02\/AGROALIMENTAIRE.png\" alt=\"agr&#xE1;r-&#xE9;lelmiszeripar\" class=\"wp-image-8844\"\/><figcaption class=\"wp-element-caption\">\u00c9lelmiszeripar<\/figcaption><\/figure>\n<\/div>\n\n\n\n<div class=\"wp-block-column is-layout-flow wp-block-column-is-layout-flow\">\n<figure class=\"wp-block-image aligncenter size-full\"><img decoding=\"async\" width=\"150\" height=\"150\" src=\"https:\/\/obera.fr\/wp-content\/uploads\/2022\/09\/Sans-titre-2022-09-13T095545.356.jpg\" alt=\"Gy&#xF3;gyszerek\" class=\"wp-image-14497\"\/><figcaption class=\"wp-element-caption\">Gy\u00f3gyszerek<\/figcaption><\/figure>\n<\/div>\n\n\n\n<div class=\"wp-block-column is-layout-flow wp-block-column-is-layout-flow\">\n<figure class=\"wp-block-image aligncenter size-full\"><img decoding=\"async\" width=\"150\" height=\"150\" src=\"https:\/\/obera.fr\/wp-content\/uploads\/2022\/09\/Sans-titre-2022-09-13T095819.046.jpg\" alt=\"G&#xE9;p&#xE9;szet\" class=\"wp-image-14500\"\/><figcaption class=\"wp-element-caption\">G\u00e9p\u00e9szet<\/figcaption><\/figure>\n<\/div>\n<\/div>\n\n<h2 class=\"wp-block-heading\">Melyek a jellemz\u0151k?<\/h2>\n\n<p>A gy\u0171r\u0171s gy\u0171jt\u0151k horganyzott ac\u00e9lb\u00f3l, festett ac\u00e9lb\u00f3l, 304L rozsdamentes ac\u00e9lb\u00f3l \u00e9s 316L rozsdamentes ac\u00e9lb\u00f3l k\u00e9sz\u00fclhetnek m\u00e9retre. Az alkalmaz\u00e1st\u00f3l \u00e9s az egyedi k\u00f6vetelm\u00e9nyekt\u0151l f\u00fcgg\u0151en ipari vagy gy\u00f3gyszeripari kivitelben, valamint egyr\u00e9szes vagy sz\u00e9tszerelhet\u0151 kivitelben kaphat\u00f3k.<\/p>\n\n<figure class=\"wp-block-image aligncenter size-large is-resized\"><img decoding=\"async\" width=\"1024\" height=\"342\" src=\"https:\/\/obera.fr\/wp-content\/uploads\/2022\/09\/Sans-titre-2022-09-13T102420.496-1024x342.jpg\" alt=\"A Pouy&#xE8;s OberA gy&#x171;r&#x171;k jellemz&#x151;i\" class=\"wp-image-14505\" style=\"width:768px;height:257px\" srcset=\"https:\/\/obera.fr\/wp-content\/uploads\/2022\/09\/Sans-titre-2022-09-13T102420.496-1024x342.jpg 1024w, https:\/\/obera.fr\/wp-content\/uploads\/2022\/09\/Sans-titre-2022-09-13T102420.496-300x100.jpg 300w, https:\/\/obera.fr\/wp-content\/uploads\/2022\/09\/Sans-titre-2022-09-13T102420.496-768x256.jpg 768w, https:\/\/obera.fr\/wp-content\/uploads\/2022\/09\/Sans-titre-2022-09-13T102420.496-1536x512.jpg 1536w, https:\/\/obera.fr\/wp-content\/uploads\/2022\/09\/Sans-titre-2022-09-13T102420.496.jpg 2000w\" sizes=\"(max-width: 1024px) 100vw, 1024px\" \/><\/figure>\n\n<h2 class=\"wp-block-heading\">Az OberA egy\u00e9b sz\u00edv\u00f3- \u00e9s gy\u0171jt\u0151berendez\u00e9sei<\/h2>\n\n<div class=\"wp-block-columns is-layout-flex wp-container-core-columns-is-layout-28f84493 wp-block-columns-is-layout-flex\">\n<div class=\"wp-block-column is-layout-flow wp-block-column-is-layout-flow\">\n<figure class=\"wp-block-image aligncenter size-full is-resized\"><a href=\"https:\/\/obera.fr\/?page_id=489\"><img decoding=\"async\" width=\"433\" height=\"433\" src=\"https:\/\/obera.fr\/wp-content\/uploads\/2020\/10\/table-SF.png\" alt=\"Hegeszt&#xE9;s - F&#xFC;st\" class=\"wp-image-1179\" style=\"object-fit:cover;width:120px;height:120px\" srcset=\"https:\/\/obera.fr\/wp-content\/uploads\/2020\/10\/table-SF.png 433w, https:\/\/obera.fr\/wp-content\/uploads\/2020\/10\/table-SF-300x300.png 300w, https:\/\/obera.fr\/wp-content\/uploads\/2020\/10\/table-SF-150x150.png 150w\" sizes=\"(max-width: 433px) 100vw, 433px\" \/><\/a><figcaption class=\"wp-element-caption\">Sz\u00edv\u00f3asztal<\/figcaption><\/figure>\n<\/div>\n\n\n\n<div class=\"wp-block-column is-layout-flow wp-block-column-is-layout-flow\">\n<figure class=\"wp-block-image aligncenter size-large is-resized\"><a href=\"https:\/\/obera.fr\/produits\/bras-dispositifs-captation\/bras-de-laboratoire\/\"><img decoding=\"async\" width=\"1024\" height=\"1024\" src=\"https:\/\/obera.fr\/wp-content\/uploads\/2020\/11\/22-bras-de-labo-1024x1024.jpg\" alt=\"Fumex - Laborat&#xF3;rium\" class=\"wp-image-1662\" style=\"object-fit:cover;width:120px;height:120px\" srcset=\"https:\/\/obera.fr\/wp-content\/uploads\/2020\/11\/22-bras-de-labo-1024x1024.jpg 1024w, https:\/\/obera.fr\/wp-content\/uploads\/2020\/11\/22-bras-de-labo-300x300.jpg 300w, https:\/\/obera.fr\/wp-content\/uploads\/2020\/11\/22-bras-de-labo-150x150.jpg 150w, https:\/\/obera.fr\/wp-content\/uploads\/2020\/11\/22-bras-de-labo-768x768.jpg 768w, https:\/\/obera.fr\/wp-content\/uploads\/2020\/11\/22-bras-de-labo.jpg 1500w\" sizes=\"(max-width: 1024px) 100vw, 1024px\" \/><\/a><figcaption class=\"wp-element-caption\">Laborat\u00f3riumi karok<\/figcaption><\/figure>\n<\/div>\n\n\n\n<div class=\"wp-block-column is-layout-flow wp-block-column-is-layout-flow\">\n<figure class=\"wp-block-image aligncenter size-thumbnail is-resized\"><a href=\"https:\/\/obera.fr\/produits\/bras-dispositifs-captation\/dosserets-aspirants\/\"><img decoding=\"async\" width=\"150\" height=\"150\" src=\"https:\/\/obera.fr\/wp-content\/uploads\/2020\/10\/Dosserets-oberA-150x150.png\" alt=\"Term&#xE9;k - Term&#xE9;ktervez&#xE9;s\" class=\"wp-image-1174\" style=\"object-fit:cover;width:120px;height:120px\"\/><\/a><figcaption class=\"wp-element-caption\">Sz\u00edv\u00f3 h\u00e1ts\u00f3 burkolatok<\/figcaption><\/figure>\n<\/div>\n<\/div>\n\n<div class=\"wp-block-columns is-layout-flex wp-container-core-columns-is-layout-28f84493 wp-block-columns-is-layout-flex\">\n<div class=\"wp-block-column is-layout-flow wp-block-column-is-layout-flow\">\n<figure class=\"wp-block-image aligncenter size-thumbnail is-resized\"><img decoding=\"async\" width=\"150\" height=\"150\" src=\"https:\/\/obera.fr\/wp-content\/uploads\/2024\/06\/hotte-de-captation-rectangulaire-industrielle-600x600-1-1-150x150.png\" alt=\"ipari t&#xE9;glalap alak&#xFA; f&#xFC;stelvezet&#x151; 600x600 1 1\" class=\"wp-image-31520\" style=\"object-fit:cover;width:120px;height:120px\" srcset=\"https:\/\/obera.fr\/wp-content\/uploads\/2024\/06\/hotte-de-captation-rectangulaire-industrielle-600x600-1-1-150x150.png 150w, https:\/\/obera.fr\/wp-content\/uploads\/2024\/06\/hotte-de-captation-rectangulaire-industrielle-600x600-1-1-300x300.png 300w, https:\/\/obera.fr\/wp-content\/uploads\/2024\/06\/hotte-de-captation-rectangulaire-industrielle-600x600-1-1-1024x1024.png 1024w, https:\/\/obera.fr\/wp-content\/uploads\/2024\/06\/hotte-de-captation-rectangulaire-industrielle-600x600-1-1-768x768.png 768w, https:\/\/obera.fr\/wp-content\/uploads\/2024\/06\/hotte-de-captation-rectangulaire-industrielle-600x600-1-1.png 1280w\" sizes=\"(max-width: 150px) 100vw, 150px\" \/><figcaption class=\"wp-element-caption\">Ipari t\u00e9glalap alak\u00fa elsz\u00edv\u00f3<\/figcaption><\/figure>\n<\/div>\n\n\n\n<div class=\"wp-block-column is-layout-flow wp-block-column-is-layout-flow\">\n<figure class=\"wp-block-image aligncenter size-thumbnail is-resized\"><img decoding=\"async\" width=\"150\" height=\"150\" src=\"https:\/\/obera.fr\/wp-content\/uploads\/2024\/06\/hotte-de-captation-modulaire-600x600-1-150x150.png\" alt=\"modul&#xE1;ris elsz&#xED;v&#xF3; 600x600 1\" class=\"wp-image-31479\" style=\"object-fit:cover;width:120px;height:120px\" srcset=\"https:\/\/obera.fr\/wp-content\/uploads\/2024\/06\/hotte-de-captation-modulaire-600x600-1-150x150.png 150w, https:\/\/obera.fr\/wp-content\/uploads\/2024\/06\/hotte-de-captation-modulaire-600x600-1-300x300.png 300w, https:\/\/obera.fr\/wp-content\/uploads\/2024\/06\/hotte-de-captation-modulaire-600x600-1-1024x1024.png 1024w, https:\/\/obera.fr\/wp-content\/uploads\/2024\/06\/hotte-de-captation-modulaire-600x600-1-768x768.png 768w, https:\/\/obera.fr\/wp-content\/uploads\/2024\/06\/hotte-de-captation-modulaire-600x600-1.png 1280w\" sizes=\"(max-width: 150px) 100vw, 150px\" \/><figcaption class=\"wp-element-caption\">Modul\u00e1ris motorh\u00e1ztet\u0151k<\/figcaption><\/figure>\n<\/div>\n\n\n\n<div class=\"wp-block-column is-layout-flow wp-block-column-is-layout-flow\">\n<figure class=\"wp-block-image aligncenter size-full is-resized\"><a href=\"https:\/\/obera.fr\/produits\/bras-dispositifs-captation\/capot-industriel\/\"><img decoding=\"async\" width=\"150\" height=\"150\" src=\"https:\/\/obera.fr\/wp-content\/uploads\/2020\/10\/capots.png\" alt=\"RAL sz&#xED;nszabv&#xE1;ny - Lakk\" class=\"wp-image-1173\" style=\"object-fit:cover;width:120px;height:120px\"\/><\/a><figcaption class=\"wp-element-caption\">Sz\u00edv\u00f3- \u00e9s gy\u0171jt\u0151fed\u00e9l<\/figcaption><\/figure>\n<\/div>\n<\/div>\n","protected":false},"excerpt":{"rendered":"<p>Sz\u00edv\u00f3 \u00e9s gy\u0171r\u0171s \u00e9rz\u00e9kel\u0151k A munkak\u00f6rnyezet tiszt\u00e1n \u00e9s eg\u00e9szs\u00e9gesen tart\u00e1sa \u00e9s ez\u00e1ltal az \u00fczemeltet\u0151k eg\u00e9szs\u00e9g\u00e9nek v\u00e9delme \u00e9rdek\u00e9ben a szennyez\u0151 anyagokat keletkez\u00e9s\u00fck ut\u00e1n a lehet\u0151 legk\u00f6zelebb a kibocs\u00e1t\u00e1si forr\u00e1shoz \u00e9s a lehet\u0151 leghat\u00e9konyabban kell felfogni. Ez figyelembe veszi mag\u00e1nak a szennyez\u0151 anyagnak a jelleg\u00e9t, jellemz\u0151it \u00e9s koncentr\u00e1ci\u00f3j\u00e1t. Az OberA az \u00fcgyf\u00e9l ig\u00e9nyeit\u0151l f\u00fcgg\u0151en k\u00fcl\u00f6nb\u00f6z\u0151 Pouyes-gy\u0171r\u0171ket \u00e9s sz\u00edv\u00f3\u00e9rz\u00e9kel\u0151ket tervez. GY\u0170R\u0170S \u00c9RZ\u00c9KEL\u0150K A Pouy\u00e8s-gy\u0171r\u0171k vagy a gy\u0171r\u0171s kollektorok nagyon hat\u00e9kony eszk\u00f6z\u00f6k az energia forr\u00e1sn\u00e1l t\u00f6rt\u00e9n\u0151 \u00f6sszegy\u0171jt\u00e9s\u00e9re. \u00dagy tervezt\u00e9k \u0151ket, hogy optim\u00e1lis sz\u00edv\u00e1si sebess\u00e9get \u00e9s egyenletes l\u00e9g\u00e1raml\u00e1st biztos\u00edtsanak, mik\u00f6zben a munkater\u00fclet feletti teret szabadon hagyj\u00e1k. hogyan m\u0171k\u00f6dik a pouy\u00e8s gy\u0171r\u0171 A ventil\u00e1tor \u00e1ltal l\u00e9trehozott &#8230; <\/p>\n<p class=\"read-more-container\"><a title=\"Pouy\u00e8s gy\u0171r\u0171k\" class=\"read-more button\" href=\"https:\/\/obera.fr\/hu\/produits\/bras-dispositifs-captation\/anneaux-de-pouyes\/#more-67693\" aria-label=\"Read more about Pouy\u00e8s gy\u0171r\u0171k\">Lire la suite<\/a><\/p>\n","protected":false},"author":4,"featured_media":83741,"parent":67670,"menu_order":0,"comment_status":"closed","ping_status":"closed","template":"","meta":{"_acf_changed":false,"_seopress_robots_primary_cat":"","_seopress_titles_title":"Fedezze fel a Pouy\u00e8s gy\u0171r\u0171k kiv\u00e9teles el\u0151nyeit","_seopress_titles_desc":"Fedezze fel, hogy mi\u00e9rt a Pouy\u00e8s Rings a leghat\u00e9konyabb l\u00e9gtiszt\u00edt\u00f3k alapvet\u0151 kulcsa a jobb belt\u00e9ri leveg\u0151min\u0151s\u00e9g \u00e9rdek\u00e9ben.","_seopress_robots_index":"","_seopress_analysis_target_kw":"","footnotes":""},"class_list":{"0":"post-67693","1":"page","2":"type-page","3":"status-publish","4":"has-post-thumbnail","6":"no-featured-image-padding","7":"resize-featured-image"},"acf":[],"_links":{"self":[{"href":"https:\/\/obera.fr\/hu\/wp-json\/wp\/v2\/pages\/67693","targetHints":{"allow":["GET"]}}],"collection":[{"href":"https:\/\/obera.fr\/hu\/wp-json\/wp\/v2\/pages"}],"about":[{"href":"https:\/\/obera.fr\/hu\/wp-json\/wp\/v2\/types\/page"}],"author":[{"embeddable":true,"href":"https:\/\/obera.fr\/hu\/wp-json\/wp\/v2\/users\/4"}],"replies":[{"embeddable":true,"href":"https:\/\/obera.fr\/hu\/wp-json\/wp\/v2\/comments?post=67693"}],"version-history":[{"count":5,"href":"https:\/\/obera.fr\/hu\/wp-json\/wp\/v2\/pages\/67693\/revisions"}],"predecessor-version":[{"id":127541,"href":"https:\/\/obera.fr\/hu\/wp-json\/wp\/v2\/pages\/67693\/revisions\/127541"}],"up":[{"embeddable":true,"href":"https:\/\/obera.fr\/hu\/wp-json\/wp\/v2\/pages\/67670"}],"wp:featuredmedia":[{"embeddable":true,"href":"https:\/\/obera.fr\/hu\/wp-json\/wp\/v2\/media\/83741"}],"wp:attachment":[{"href":"https:\/\/obera.fr\/hu\/wp-json\/wp\/v2\/media?parent=67693"}],"curies":[{"name":"wp","href":"https:\/\/api.w.org\/{rel}","templated":true}]}}