{"id":67710,"date":"2022-01-20T11:56:45","date_gmt":"2022-01-20T09:56:45","guid":{"rendered":"https:\/\/obera.fr\/ils-parlent-de-nous-presse-media\/"},"modified":"2025-12-03T18:51:33","modified_gmt":"2025-12-03T16:51:33","slug":"ils-parlent-de-nous-presse-media","status":"publish","type":"page","link":"https:\/\/obera.fr\/hu\/ils-parlent-de-nous-presse-media\/","title":{"rendered":"Besz\u00e9lnek r\u00f3lunk"},"content":{"rendered":"\n<h2 class=\"wp-block-heading\" id=\"les-reportages-tv-d-obera-dans-la-presse-et-media-traditionnels\">Az OberA TV riportjai a sajt\u00f3ban \u00e9s a hagyom\u00e1nyos m\u00e9di\u00e1ban<\/h2>\n\n<p>A tet\u0171 elleni term\u00e9kek ir\u00e1nti kereslet n\u00f6veked\u00e9s\u00e9vel \u00e9s sz\u00e9les k\u00f6r\u0171 szak\u00e9rtelm\u00fcnkkel szembes\u00fclve a h\u00edrcsatorn\u00e1k felkerest\u00e9k az OberA-t, hogy kiemelj\u00e9k term\u00e9keinket \u00e9s a tet\u0171vel kapcsolatos probl\u00e9m\u00e1k megold\u00e1s\u00e1nak hat\u00e9konys\u00e1g\u00e1t.<\/p>\n\n<p><\/p>\n\n<div class=\"wp-block-columns is-layout-flex wp-container-core-columns-is-layout-28f84493 wp-block-columns-is-layout-flex\">\n<div class=\"wp-block-column is-layout-flow wp-block-column-is-layout-flow\">\n<h3 class=\"wp-block-heading has-text-align-center\"><strong>BFM ALSACE<\/strong><\/h3>\n\n\n\n<p><\/p>\n\n\n\n<figure class=\"wp-block-image aligncenter size-full is-resized\"><img decoding=\"async\" width=\"200\" height=\"200\" src=\"https:\/\/obera.fr\/wp-content\/uploads\/2023\/01\/bfm-alsace.svg_-1.png\" alt=\"bfm alsace.svg 1\" class=\"wp-image-18337\" style=\"width:142px;height:auto\" srcset=\"https:\/\/obera.fr\/wp-content\/uploads\/2023\/01\/bfm-alsace.svg_-1.png 200w, https:\/\/obera.fr\/wp-content\/uploads\/2023\/01\/bfm-alsace.svg_-1-150x150.png 150w\" sizes=\"(max-width: 200px) 100vw, 200px\" \/><\/figure>\n\n\n\n<p>A h\u00edrcsatorna<strong> BFM ALSACE<\/strong> interj\u00fat k\u00e9sz\u00edtett az OberA vezet\u0151j\u00e9vel, Thibaut SAMSEL-lel, miut\u00e1n megnyerte a <strong>TMC-BFM KKV Nagyd\u00edj Grand-Est r\u00e9gi\u00f3ban a \u201eFranciaorsz\u00e1gban gy\u00e1rtott\u201d kateg\u00f3ri\u00e1ban<\/strong>. <\/p>\n\n\n\n<p>Ez a kit\u00fcntet\u00e9s elismeri mindennapi elk\u00f6telezetts\u00e9g\u00fcnket a helyi termel\u00e9s ir\u00e1nt, szak\u00e9rtelm\u00fcnk min\u0151s\u00e9g\u00e9t \u00e9s az innov\u00e1ci\u00f3t a \u201eMade in France\u201d szolg\u00e1lat\u00e1ban.<\/p>\n\n\n\n<div class=\"wp-block-buttons alignwide is-content-justification-center is-layout-flex wp-container-core-buttons-is-layout-a89b3969 wp-block-buttons-is-layout-flex\">\n<div class=\"wp-block-button\"><a class=\"wp-block-button__link wp-element-button\" href=\"https:\/\/rmc.bfmtv.com\/evenements\/trophees-pme\/video-16eme-edition-des-trophees-pme-avec-les-laureats-depuis-la-cci-campus-alsace_VN-202510090048.html\">Tekintse meg a vide\u00f3interj\u00fat<\/a><\/div>\n<\/div>\n<\/div>\n\n\n\n<div class=\"wp-block-column is-layout-flow wp-block-column-is-layout-flow\">\n<h3 class=\"wp-block-heading has-text-align-center\"><strong>Franciaorsz\u00e1g 3<\/strong><\/h3>\n\n\n\n<figure class=\"wp-block-image aligncenter size-full is-resized\"><img decoding=\"async\" width=\"512\" height=\"512\" src=\"https:\/\/obera.fr\/wp-content\/uploads\/2022\/01\/logo-france3-region.jpeg\" alt=\"france3 r&#xE9;gi&#xF3; log&#xF3;\" class=\"wp-image-8392\" style=\"width:167px;height:auto\" srcset=\"https:\/\/obera.fr\/wp-content\/uploads\/2022\/01\/logo-france3-region.jpeg 512w, https:\/\/obera.fr\/wp-content\/uploads\/2022\/01\/logo-france3-region-300x300.jpeg 300w, https:\/\/obera.fr\/wp-content\/uploads\/2022\/01\/logo-france3-region-150x150.jpeg 150w\" sizes=\"(max-width: 512px) 100vw, 512px\" \/><\/figure>\n\n\n\n<p><strong>France 3<\/strong> l\u00e1togat\u00e1st tett illkirchi telephely\u00fcnk\u00f6n, hogy jobban meg\u00e9rtse l\u00e9gfriss\u00edt\u0151ink tervez\u00e9s\u00e9t \u00e9s hasznoss\u00e1g\u00e1t. Egy riportfilmet forgattak, hogy bemutass\u00e1k szak\u00e9rtelm\u00fcnket \u00e9s tapasztalatunkat ezen a ter\u00fcleten. A riportfilm linkje al\u00e1bb tal\u00e1lhat\u00f3, ezzel is nagy l\u00e1that\u00f3s\u00e1got biztos\u00edtva munk\u00e1nknak.  <\/p>\n\n\n\n<div class=\"wp-block-buttons alignwide is-content-justification-center is-layout-flex wp-container-core-buttons-is-layout-a89b3969 wp-block-buttons-is-layout-flex\">\n<div class=\"wp-block-button\"><a class=\"wp-block-button__link wp-element-button\" href=\"https:\/\/youtu.be\/a_F7Q_yOUDA?si=ZykL6tahVnwX5cXB\">N\u00e9zze meg a videoriportot<\/a><\/div>\n<\/div>\n<\/div>\n\n\n\n<div class=\"wp-block-column is-layout-flow wp-block-column-is-layout-flow\">\n<h3 class=\"wp-block-heading has-text-align-center\"><strong>BFM Elz\u00e1sz<\/strong><\/h3>\n\n\n\n<p><\/p>\n\n\n\n<figure class=\"wp-block-image aligncenter size-full is-resized\"><img decoding=\"async\" width=\"200\" height=\"200\" src=\"https:\/\/obera.fr\/wp-content\/uploads\/2023\/01\/bfm-alsace.svg_-1.png\" alt=\"bfm alsace.svg 1\" class=\"wp-image-18337\" style=\"width:142px;height:auto\" srcset=\"https:\/\/obera.fr\/wp-content\/uploads\/2023\/01\/bfm-alsace.svg_-1.png 200w, https:\/\/obera.fr\/wp-content\/uploads\/2023\/01\/bfm-alsace.svg_-1-150x150.png 150w\" sizes=\"(max-width: 200px) 100vw, 200px\" \/><\/figure>\n\n\n\n<p><\/p>\n\n\n\n<p>A<strong> BFM elz\u00e1szi <\/strong>h\u00edrcsatorna interj\u00fat k\u00e9sz\u00edtett vel\u00fcnk a CCI nev\u00e9ben az elz\u00e1szi ipar n\u00e9pszer\u0171s\u00edt\u00e9se \u00e9rdek\u00e9ben. Tudjon meg t\u00f6bbet c\u00e9lkit\u0171z\u00e9seinkr\u0151l \u00e9s alaptev\u00e9kenys\u00e9g\u00fcnkr\u0151l. Jelenleg \u00e9l\u0151ben el\u00e9rhet\u0151 a BFM Alsace csatorn\u00e1n.  <\/p>\n\n\n\n<div class=\"wp-block-buttons alignwide is-content-justification-center is-layout-flex wp-container-core-buttons-is-layout-a89b3969 wp-block-buttons-is-layout-flex\">\n<div class=\"wp-block-button\"><a class=\"wp-block-button__link wp-element-button\" href=\"https:\/\/obera.fr\/hu\/a-mi-tanacsunk\/obera-se-devoile-sur-bfm-alsace\/\">N\u00e9zze meg a videoriportot<\/a><\/div>\n<\/div>\n<\/div>\n<\/div>\n\n<div class=\"wp-block-columns is-layout-flex wp-container-core-columns-is-layout-28f84493 wp-block-columns-is-layout-flex\">\n<div class=\"wp-block-column is-layout-flow wp-block-column-is-layout-flow\">\n<p><\/p>\n\n\n\n<h3 class=\"wp-block-heading has-text-align-center\"><strong>TF1<\/strong><\/h3>\n\n\n\n<figure class=\"wp-block-image aligncenter size-large is-resized\"><img decoding=\"async\" width=\"1024\" height=\"576\" src=\"https:\/\/obera.fr\/wp-content\/uploads\/2022\/01\/LOGO-TF1-1024x576.jpg\" alt=\"tf1 log&#xF3;\" class=\"wp-image-8389\" style=\"width:281px;height:auto\" srcset=\"https:\/\/obera.fr\/wp-content\/uploads\/2022\/01\/LOGO-TF1-1024x576.jpg 1024w, https:\/\/obera.fr\/wp-content\/uploads\/2022\/01\/LOGO-TF1-300x169.jpg 300w, https:\/\/obera.fr\/wp-content\/uploads\/2022\/01\/LOGO-TF1-768x432.jpg 768w, https:\/\/obera.fr\/wp-content\/uploads\/2022\/01\/LOGO-TF1-1536x864.jpg 1536w, https:\/\/obera.fr\/wp-content\/uploads\/2022\/01\/LOGO-TF1.jpg 1920w\" sizes=\"(max-width: 1024px) 100vw, 1024px\" \/><\/figure>\n\n\n\n<p><strong>A TF1<\/strong> megl\u00e1togatta telephely\u00fcnket, hogy t\u00f6bbet megtudjon a CO2-\u00e9rz\u00e9kel\u0151k \u00e9s l\u00e9gtiszt\u00edt\u00f3k tervez\u00e9s\u00e9r\u0151l \u00e9s hasznoss\u00e1g\u00e1r\u00f3l a Covid-19 elleni k\u00fczdelemben. A filmes riportot a 22.01.18-i 13:00 \u00f3r\u00e1s h\u00edrekben sug\u00e1rozt\u00e1k. <\/p>\n\n\n\n<div class=\"wp-block-buttons is-horizontal is-content-justification-center is-layout-flex wp-container-core-buttons-is-layout-03627597 wp-block-buttons-is-layout-flex\">\n<div class=\"wp-block-button\"><a class=\"wp-block-button__link wp-element-button\" href=\"https:\/\/www.tf1info.fr\/societe\/video-purificateurs-d-air-les-usines-francaises-a-plein-regime-2207515.html\" target=\"_blank\" rel=\"noreferrer noopener\">N\u00e9zze meg az interj\u00fat a MYtf1.FR weboldalon<\/a><\/div>\n<\/div>\n<\/div>\n\n\n\n<div class=\"wp-block-column is-layout-flow wp-block-column-is-layout-flow\">\n<p><\/p>\n\n\n\n<h3 class=\"wp-block-heading has-text-align-center\"><strong><strong>20 PERC<\/strong><\/strong><\/h3>\n\n\n\n<p><\/p>\n\n\n\n<figure class=\"wp-block-image aligncenter size-full is-resized\"><img decoding=\"async\" width=\"640\" height=\"640\" src=\"https:\/\/obera.fr\/wp-content\/uploads\/2022\/02\/20_Minutes_logo.png\" alt=\"20 perces log&#xF3;\" class=\"wp-image-8975\" style=\"width:209px;height:auto\" srcset=\"https:\/\/obera.fr\/wp-content\/uploads\/2022\/02\/20_Minutes_logo.png 640w, https:\/\/obera.fr\/wp-content\/uploads\/2022\/02\/20_Minutes_logo-300x300.png 300w, https:\/\/obera.fr\/wp-content\/uploads\/2022\/02\/20_Minutes_logo-150x150.png 150w\" sizes=\"(max-width: 640px) 100vw, 640px\" \/><\/figure>\n\n\n\n<p><\/p>\n\n\n\n<p>A<strong> 20 Minutes<\/strong> c\u00edm\u0171 \u00fajs\u00e1g kiemelte az OberA n\u00f6veked\u00e9s\u00e9t a kovidens id\u0151szakban, amikor a CO2-\u00e9rz\u00e9kel\u0151k \u00e9s a kovidens elleni l\u00e9gtiszt\u00edt\u00f3k ir\u00e1nti er\u0151s piaci keresletr\u0151l besz\u00e9lt. A Luc Sorgius \u00e1ltal \u00edrt interj\u00fa 2022. febru\u00e1r 05-\u00e9n jelent meg. <\/p>\n\n\n\n<div class=\"wp-block-buttons is-content-justification-center is-layout-flex wp-container-core-buttons-is-layout-a89b3969 wp-block-buttons-is-layout-flex\">\n<div class=\"wp-block-button\"><a class=\"wp-block-button__link wp-element-button\" href=\"https:\/\/www.20minutes.fr\/economie\/3227303-20220201-coronavirus-alsace-fabricant-capteurs-co2-multiplie-production-huit\">L\u00e1sd a 20 percr\u0151l sz\u00f3l\u00f3 cikket<\/a><\/div>\n<\/div>\n<\/div>\n\n\n\n<div class=\"wp-block-column is-layout-flow wp-block-column-is-layout-flow\">\n<p><\/p>\n\n\n\n<h3 class=\"wp-block-heading has-text-align-center\"><strong>FRANCIAORSZ\u00c1G 3<\/strong><\/h3>\n\n\n\n<figure class=\"wp-block-image aligncenter size-full is-resized\"><img decoding=\"async\" width=\"512\" height=\"512\" src=\"https:\/\/obera.fr\/wp-content\/uploads\/2022\/01\/logo-france3-region.jpeg\" alt=\"france3 r&#xE9;gi&#xF3; log&#xF3;\" class=\"wp-image-8392\" style=\"width:229px;height:auto\" srcset=\"https:\/\/obera.fr\/wp-content\/uploads\/2022\/01\/logo-france3-region.jpeg 512w, https:\/\/obera.fr\/wp-content\/uploads\/2022\/01\/logo-france3-region-300x300.jpeg 300w, https:\/\/obera.fr\/wp-content\/uploads\/2022\/01\/logo-france3-region-150x150.jpeg 150w\" sizes=\"(max-width: 512px) 100vw, 512px\" \/><\/figure>\n\n\n\n<p><strong>A France 3<\/strong> r\u00e9gions megl\u00e1togatta az OberA-t, hogy cikket \u00edrjon a weboldal\u00e1n a CO2-\u00e9rz\u00e9kel\u0151inkr\u0151l \u00e9s a kovid\u00f3zis elleni l\u00e9gtiszt\u00edt\u00f3inkr\u00f3l. Hogyan m\u0171k\u00f6dnek? \u00c9s hogyan seg\u00edtenek a Covid-19 ellen? Minden v\u00e1laszt megtal\u00e1l ebben a cikkben, amelyet Catherine Munsch \u00edrt.   <\/p>\n\n\n\n<div class=\"wp-block-columns is-layout-flex wp-container-core-columns-is-layout-28f84493 wp-block-columns-is-layout-flex\">\n<div class=\"wp-block-column is-layout-flow wp-block-column-is-layout-flow\">\n<div class=\"wp-block-buttons is-layout-flex wp-block-buttons-is-layout-flex\">\n<div class=\"wp-block-button\"><a class=\"wp-block-button__link wp-element-button\" href=\"https:\/\/france3-regions.franceinfo.fr\/grand-est\/alsace\/covid-19-un-fabricant-alsacien-de-capteurs-de-co2-multiplie-sa-production-par-huit-2411887.html\">Olvassa el a France 3 cikk\u00e9t<\/a><\/div>\n<\/div>\n<\/div>\n\n\n\n<div class=\"wp-block-column is-layout-flow wp-block-column-is-layout-flow\">\n<div class=\"wp-block-buttons is-layout-flex wp-block-buttons-is-layout-flex\">\n<div class=\"wp-block-button\"><a class=\"wp-block-button__link wp-element-button\" href=\"https:\/\/www.youtube.com\/watch?v=KicoN9pj0d0\">N\u00e9zze meg a videoriportot<\/a><\/div>\n<\/div>\n<\/div>\n<\/div>\n\n\n\n<p class=\"has-text-align-center\"><\/p>\n\n\n\n<p><\/p>\n\n\n\n<p><\/p>\n<\/div>\n<\/div>\n\n<h3 class=\"wp-block-heading\" id=\"tf1\"><\/h3>\n\n<h2 class=\"wp-block-heading\" id=\"les-apparitions-d-obera-en-radio\"><meta charset=\"utf-8\"\/>OberA r\u00e1di\u00f3s szerepl\u00e9sei<\/h2>\n\n<div class=\"wp-block-columns is-layout-flex wp-container-core-columns-is-layout-28f84493 wp-block-columns-is-layout-flex\">\n<div class=\"wp-block-column is-layout-flow wp-block-column-is-layout-flow\">\n<h3 class=\"wp-block-heading has-text-align-center\"><strong>EUR\u00d3PA 1<\/strong><\/h3>\n\n\n\n<figure class=\"wp-block-image aligncenter size-full\"><img decoding=\"async\" width=\"640\" height=\"323\" src=\"https:\/\/obera.fr\/wp-content\/uploads\/2022\/01\/Logo_Europe1.png\" alt=\"europe1 log&#xF3;\" class=\"wp-image-8398\" srcset=\"https:\/\/obera.fr\/wp-content\/uploads\/2022\/01\/Logo_Europe1.png 640w, https:\/\/obera.fr\/wp-content\/uploads\/2022\/01\/Logo_Europe1-300x151.png 300w\" sizes=\"(max-width: 640px) 100vw, 640px\" \/><\/figure>\n\n\n\n<p><strong>Europe 1<\/strong> <a href=\"https:\/\/obera.fr\/hu\/a-mi-tanacsunk\/europe-1-capteur-co2-obcare\/\" data-type=\"post\" data-id=\"8353\">r\u00e1di\u00f3riportot<\/a> k\u00e9sz\u00edtett, valamint egy cikket is k\u00f6zz\u00e9tett weboldal\u00e1n, hogy besz\u00e9ljen a CO2-\u00e9rz\u00e9kel\u0151k ir\u00e1nti megn\u00f6vekedett keresletr\u0151l a Nemzeti Oktat\u00e1s sz\u00e1m\u00e1ra. Egyre n\u00f6vekv\u0151 kereslet gyermekeink \u00e9s a tan\u00e1ri kar j\u00f3l\u00e9t\u00e9\u00e9rt.<\/p>\n\n\n\n<div class=\"wp-block-buttons is-horizontal is-content-justification-center is-layout-flex wp-container-core-buttons-is-layout-03627597 wp-block-buttons-is-layout-flex\">\n<div class=\"wp-block-button\"><a class=\"wp-block-button__link wp-element-button\" href=\"https:\/\/www.europe1.fr\/societe\/covid-19-pres-de-strasbourg-le-succes-dun-fabriquant-de-capteurs-de-co2-4087565\" target=\"_blank\" rel=\"noreferrer noopener\">L\u00e1sd \u00e9s hallgasd meg a cikket az Eur\u00f3pa 1 honlapon<\/a><\/div>\n<\/div>\n\n\n\n<p><\/p>\n<\/div>\n\n\n\n<div class=\"wp-block-column is-layout-flow wp-block-column-is-layout-flow\">\n<h3 class=\"wp-block-heading has-text-align-center\"><strong>FRANCIAORSZ\u00c1G BLEU<\/strong><\/h3>\n\n\n\n<figure class=\"wp-block-image aligncenter size-large is-resized\"><img decoding=\"async\" width=\"1024\" height=\"1024\" src=\"https:\/\/obera.fr\/wp-content\/uploads\/2022\/01\/France_Bleu_logo-1024x1024.png\" alt=\"france bleu log&#xF3;\" class=\"wp-image-8395\" style=\"width:249px;height:auto\" srcset=\"https:\/\/obera.fr\/wp-content\/uploads\/2022\/01\/France_Bleu_logo-1024x1024.png 1024w, https:\/\/obera.fr\/wp-content\/uploads\/2022\/01\/France_Bleu_logo-300x300.png 300w, https:\/\/obera.fr\/wp-content\/uploads\/2022\/01\/France_Bleu_logo-150x150.png 150w, https:\/\/obera.fr\/wp-content\/uploads\/2022\/01\/France_Bleu_logo-768x768.png 768w, https:\/\/obera.fr\/wp-content\/uploads\/2022\/01\/France_Bleu_logo.png 1200w\" sizes=\"(max-width: 1024px) 100vw, 1024px\" \/><\/figure>\n\n\n\n<p><strong>A France Bleu<\/strong> k\u00e9sz\u00edtett egy r\u00e1di\u00f3riportot, majd egy cikket a CO2-\u00e9rz\u00e9kel\u0151inkr\u0151l \u00e9s a kovid\u00f3zis elleni l\u00e9gtiszt\u00edt\u00f3inkr\u00f3l. Tudjon meg t\u00f6bbet az OberA fejleszt\u00e9s\u00e9r\u0151l \u00e9s arr\u00f3l, hogy mi\u00e9rt d\u00f6nt\u00f6tt\u00fcnk \u00fagy, hogy l\u00e9trehozunk egy Covid-19 kezel\u00e9ssel foglalkoz\u00f3 r\u00e9szleget.   <\/p>\n\n\n\n<div class=\"wp-block-buttons is-horizontal is-content-justification-center is-layout-flex wp-container-core-buttons-is-layout-03627597 wp-block-buttons-is-layout-flex\">\n<div class=\"wp-block-button\"><a class=\"wp-block-button__link wp-element-button\" href=\"https:\/\/www.francebleu.fr\/emissions\/la-nouvelle-eco-en-alsace\/alsace\/la-nouvelle-eco-la-ruee-sur-les-capteurs-de-co2-de-la-societe-obera-a-geispolsheim\" target=\"_blank\" rel=\"noreferrer noopener\">N\u00e9zze meg \u00e9s hallgassa meg a France bleu cikk\u00e9t<\/a><\/div>\n<\/div>\n<\/div>\n\n\n\n<div class=\"wp-block-column is-layout-flow wp-block-column-is-layout-flow\">\n<h3 class=\"wp-block-heading has-text-align-center\"><strong>RADIO CHR\u00c9TIENNE FRANCE<\/strong><\/h3>\n\n\n\n<figure class=\"wp-block-image aligncenter size-full is-resized\"><img decoding=\"async\" width=\"300\" height=\"200\" src=\"https:\/\/obera.fr\/wp-content\/uploads\/2022\/01\/RCF-logo.png\" alt=\"rcf log&#xF3;\" class=\"wp-image-8400\" style=\"width:366px;height:auto\"\/><\/figure>\n\n\n\n<p><strong>A Radio Chr\u00e9tienne France<\/strong> a CO2-\u00e9rz\u00e9kel\u0151kr\u0151l sz\u00f3l\u00f3 cikk\u00e9ben az OberA-t mutatja be. Tudjon meg t\u00f6bbet CO2-\u00e9rz\u00e9kel\u0151inkr\u0151l \u00e9s az OberA \u00fatvonalr\u00f3l.   <\/p>\n\n\n\n<div class=\"wp-block-buttons is-horizontal is-content-justification-center is-layout-flex wp-container-core-buttons-is-layout-03627597 wp-block-buttons-is-layout-flex\">\n<div class=\"wp-block-button\"><a class=\"wp-block-button__link wp-element-button\" href=\"https:\/\/www.rcf.fr\/articles\/actualite\/a-geispolsheim-la-societe-obera-produit-plus-de-capteurs-de-co2-que-jamais\" target=\"_blank\" rel=\"noreferrer noopener\">L\u00e1sd a Radio chr\u00e9tienne France cikk\u00e9t.<\/a><\/div>\n<\/div>\n<\/div>\n<\/div>\n\n<h3 class=\"wp-block-heading\" id=\"europe-1\"><\/h3>\n\n<p><\/p>\n\n<h4 class=\"wp-block-heading\" id=\"france-bleu\"><strong>Cikkeinket \u00e9s tan\u00e1csainkat <a href=\"https:\/\/obera.fr\/hu\/a-mi-tanacsunk\/\" data-type=\"URL\" data-id=\"https:\/\/obera.fr\/conseils\/\">blogunkon<\/a> is elolvashatja.<\/strong><\/h4>\n\n<p><\/p>\n","protected":false},"excerpt":{"rendered":"<p>Az OberA TV riportjai a sajt\u00f3ban \u00e9s a hagyom\u00e1nyos m\u00e9di\u00e1ban A tet\u0171 elleni term\u00e9kek ir\u00e1nti kereslet n\u00f6veked\u00e9s\u00e9vel \u00e9s sz\u00e9les k\u00f6r\u0171 szak\u00e9rtelm\u00fcnkkel szembes\u00fclve a h\u00edrcsatorn\u00e1k felkerest\u00e9k az OberA-t, hogy kiemelj\u00e9k term\u00e9keinket \u00e9s a tet\u0171vel kapcsolatos probl\u00e9m\u00e1k megold\u00e1s\u00e1nak hat\u00e9konys\u00e1g\u00e1t. BFM ALSACE A h\u00edrcsatorna BFM ALSACE interj\u00fat k\u00e9sz\u00edtett az OberA vezet\u0151j\u00e9vel, Thibaut SAMSEL-lel, miut\u00e1n megnyerte a TMC-BFM KKV Nagyd\u00edj Grand-Est r\u00e9gi\u00f3ban a \u201eFranciaorsz\u00e1gban gy\u00e1rtott\u201d kateg\u00f3ri\u00e1ban. Ez a kit\u00fcntet\u00e9s elismeri mindennapi elk\u00f6telezetts\u00e9g\u00fcnket a helyi termel\u00e9s ir\u00e1nt, szak\u00e9rtelm\u00fcnk min\u0151s\u00e9g\u00e9t \u00e9s az innov\u00e1ci\u00f3t a \u201eMade in France\u201d szolg\u00e1lat\u00e1ban. Franciaorsz\u00e1g 3 France 3 l\u00e1togat\u00e1st tett illkirchi telephely\u00fcnk\u00f6n, hogy jobban meg\u00e9rtse l\u00e9gfriss\u00edt\u0151ink tervez\u00e9s\u00e9t \u00e9s hasznoss\u00e1g\u00e1t. Egy riportfilmet forgattak, &#8230; <\/p>\n<p class=\"read-more-container\"><a title=\"Besz\u00e9lnek r\u00f3lunk\" class=\"read-more button\" href=\"https:\/\/obera.fr\/hu\/ils-parlent-de-nous-presse-media\/#more-67710\" aria-label=\"Read more about Besz\u00e9lnek r\u00f3lunk\">Lire la suite<\/a><\/p>\n","protected":false},"author":4,"featured_media":83741,"parent":0,"menu_order":0,"comment_status":"closed","ping_status":"closed","template":"","meta":{"_acf_changed":false,"_seopress_robots_primary_cat":"","_seopress_titles_title":"Sajt\u00f3 \u00e9s m\u00e9dia R\u00e1di\u00f3 \/ TV besz\u00e9l r\u00f3lunk: oberA","_seopress_titles_desc":"Kiterjedt szak\u00e9rtelm\u00fcnknek k\u00f6sz\u00f6nhet\u0151en, k\u00fcl\u00f6n\u00f6sen a f\u00e9reghajt\u00e1s elleni term\u00e9keinkkel kapcsolatban, a h\u00edrcsatorn\u00e1k reflektorf\u00e9nybe helyezt\u00e9k az oberA-t: tudjon meg t\u00f6bbet ezekr\u0151l a r\u00e1di\u00f3- \u00e9s TV-riportokr\u00f3l.","_seopress_robots_index":"","_seopress_analysis_target_kw":"radio,radio en ligne,radio classique,tv,tv programme,tv en direct,journal,journal l'alsace,journal sud ouest,journal du centre,journal officiel,journaliste bfm,journaliste tf1,journal de la haute marne,journal tf1 13h,journal tf1,journal tf1 replay,journal tf1 20h,journal tf1 direct,journal tf1 midi,journal tf1 aujourd'hui,journal tf1 13h replay,tf1 replay,tf1 programme tv,tf1 direct,tf1 programme,tf1 ce soir,obera,obera geispolsheim,capteur co2,capteur co2 covid,capteur co2 prix,capteur co2 ecole,capteur co2 covid prix,covid,covid france,covid-19,covid symptomes,covid-19 france,coronavirus,coronavirus france,purificateur,purificateur d'air,purificateur d'air covid,purificateur d'air obera","footnotes":""},"class_list":{"0":"post-67710","1":"page","2":"type-page","3":"status-publish","4":"has-post-thumbnail","6":"no-featured-image-padding","7":"resize-featured-image"},"acf":[],"_links":{"self":[{"href":"https:\/\/obera.fr\/hu\/wp-json\/wp\/v2\/pages\/67710","targetHints":{"allow":["GET"]}}],"collection":[{"href":"https:\/\/obera.fr\/hu\/wp-json\/wp\/v2\/pages"}],"about":[{"href":"https:\/\/obera.fr\/hu\/wp-json\/wp\/v2\/types\/page"}],"author":[{"embeddable":true,"href":"https:\/\/obera.fr\/hu\/wp-json\/wp\/v2\/users\/4"}],"replies":[{"embeddable":true,"href":"https:\/\/obera.fr\/hu\/wp-json\/wp\/v2\/comments?post=67710"}],"version-history":[{"count":11,"href":"https:\/\/obera.fr\/hu\/wp-json\/wp\/v2\/pages\/67710\/revisions"}],"predecessor-version":[{"id":134743,"href":"https:\/\/obera.fr\/hu\/wp-json\/wp\/v2\/pages\/67710\/revisions\/134743"}],"wp:featuredmedia":[{"embeddable":true,"href":"https:\/\/obera.fr\/hu\/wp-json\/wp\/v2\/media\/83741"}],"wp:attachment":[{"href":"https:\/\/obera.fr\/hu\/wp-json\/wp\/v2\/media?parent=67710"}],"curies":[{"name":"wp","href":"https:\/\/api.w.org\/{rel}","templated":true}]}}