{"id":67718,"date":"2020-10-20T00:27:55","date_gmt":"2020-10-19T22:27:55","guid":{"rendered":"https:\/\/obera.fr\/produits\/bras-dispositifs-captation\/capot-industriel\/"},"modified":"2025-06-03T09:18:02","modified_gmt":"2025-06-03T07:18:02","slug":"capot-industriel","status":"publish","type":"page","link":"https:\/\/obera.fr\/hu\/produits\/bras-dispositifs-captation\/capot-industriel\/","title":{"rendered":"Ipari sz\u00edv\u00f3- \u00e9s gy\u0171jt\u0151fed\u00e9l"},"content":{"rendered":"\n<h2 class=\"wp-block-heading\">Ipari sz\u00edv\u00f3- \u00e9s gy\u0171jt\u0151h\u00e1ztet\u0151k v\u00e1laszt\u00e9ka<\/h2>\n\n\n\n<div class=\"wp-block-columns are-vertically-aligned-top is-layout-flex wp-container-core-columns-is-layout-28f84493 wp-block-columns-is-layout-flex\">\n<div class=\"wp-block-column is-vertically-aligned-top is-layout-flow wp-block-column-is-layout-flow\" style=\"flex-basis:33.33%\">\n<figure class=\"wp-block-image aligncenter size-full\"><img decoding=\"async\" width=\"150\" height=\"150\" src=\"https:\/\/obera.fr\/wp-content\/uploads\/2020\/10\/capots.png\" alt=\"Bonnets\" class=\"wp-image-1173\"\/><figcaption class=\"wp-element-caption\">Sz\u00edv\u00f3- \u00e9s gy\u0171jt\u0151fed\u00e9l<\/figcaption><\/figure>\n<\/div>\n\n\n\n<div class=\"wp-block-column is-vertically-aligned-top is-layout-flow wp-block-column-is-layout-flow\" style=\"flex-basis:66.66%\">\n<p><br><strong>Az OBERA elsz\u00edv\u00f3 motorh\u00e1ztet\u0151k<\/strong> ide\u00e1lisak a por, a f\u00fcst \u00e9s a g\u00e1znem\u0171 szennyez\u0151 anyagok forr\u00e1sn\u00e1l t\u00f6rt\u00e9n\u0151 felfog\u00e1s\u00e1ra.  <\/p>\n\n\n\n<p>Az OBERA ipari elsz\u00edv\u00f3h\u00e1ztet\u0151k <a href=\"https:\/\/obera.fr\/hu\/produits\/bras-dispositifs-captation\/\" data-type=\"page\" data-id=\"364\">gy\u0171jt\u0151h\u00e1l\u00f3zathoz<\/a> vagy porgy\u0171jt\u0151h\u00f6z csatlakoznak.<\/p>\n\n\n\n<p>T\u00f6bbf\u00e9le form\u00e1ban kaphat\u00f3 a k\u00fcl\u00f6nb\u00f6z\u0151 ig\u00e9nyeknek \u00e9s szennyez\u0151d\u00e9seknek megfelel\u0151en.<\/p>\n\n\n\n<div class=\"wp-block-columns is-layout-flex wp-container-core-columns-is-layout-28f84493 wp-block-columns-is-layout-flex\">\n<div class=\"wp-block-column is-layout-flow wp-block-column-is-layout-flow\" style=\"flex-basis:33.34%\">\n<div class=\"wp-block-buttons is-content-justification-center is-layout-flex wp-container-core-buttons-is-layout-a89b3969 wp-block-buttons-is-layout-flex\">\n<div class=\"wp-block-button\"><a class=\"wp-block-button__link wp-element-button\" href=\"https:\/\/obera.fr\/wp-content\/uploads\/2025\/06\/en-capots-daspiration.pdf\">A bros\u00fara let\u00f6lt\u00e9se<\/a><\/div>\n<\/div>\n<\/div>\n\n\n\n<div class=\"wp-block-column is-layout-flow wp-block-column-is-layout-flow\" style=\"flex-basis:33.34%\">\n<div class=\"wp-block-buttons is-horizontal is-content-justification-center is-layout-flex wp-container-core-buttons-is-layout-03627597 wp-block-buttons-is-layout-flex\">\n<div class=\"wp-block-button\"><a class=\"wp-block-button__link wp-element-button\" href=\"https:\/\/obera.fr\/contact\/\">Tudjon meg t\u00f6bbet<\/a><\/div>\n<\/div>\n<\/div>\n\n\n\n<div class=\"wp-block-column is-layout-flow wp-block-column-is-layout-flow\" style=\"flex-basis:33.33%\">\n<div class=\"wp-block-buttons is-content-justification-center is-layout-flex wp-container-core-buttons-is-layout-a89b3969 wp-block-buttons-is-layout-flex\">\n<div class=\"wp-block-button btn-devis-source\"><a class=\"wp-block-button__link wp-element-button\" href=\"https:\/\/obera.fr\/hu\/devis\/\">K\u00e9rjen \u00e1raj\u00e1nlatot<\/a><\/div>\n<\/div>\n\n\n<script>\r\ndocument.addEventListener('DOMContentLoaded', function() {\r\n    \/\/ 1. On cherche le titre H1 de la page\r\n    var h1 = document.querySelector('h1');\r\n    var productTitle = h1 ? h1.innerText.trim() : \"\";\r\n\r\n    \/\/ 2. On cherche les boutons via la classe CSS .btn-devis-source\r\n    var buttons = document.querySelectorAll('.btn-devis-source a');\r\n\r\n    \/\/ 3. Si on a le titre et les boutons, on ajoute le param\u00e8tre\r\n    if (buttons.length > 0 && productTitle !== \"\") {\r\n        var encodedTitle = encodeURIComponent(productTitle);\r\n\r\n        buttons.forEach(function(btn) {\r\n            var currentHref = btn.getAttribute('href');\r\n            \r\n            \/\/ S\u00e9curit\u00e9 pour ne pas ajouter le param\u00e8tre 2 fois\r\n            if (currentHref.indexOf('sujet=') === -1) {\r\n                var separator = currentHref.indexOf('?') !== -1 ? '&' : '?';\r\n                var newLink = currentHref + separator + 'sujet=' + encodedTitle;\r\n                \r\n                btn.setAttribute('href', newLink);\r\n            }\r\n        });\r\n    }\r\n});\r\n<\/script><\/div>\n<\/div>\n<\/div>\n<\/div>\n\n\n\n<h2 class=\"wp-block-heading\">Az el\u0151ny\u00f6k<\/h2>\n\n\n\n<div class=\"wp-block-columns is-layout-flex wp-container-core-columns-is-layout-28f84493 wp-block-columns-is-layout-flex\">\n<div class=\"wp-block-column is-layout-flow wp-block-column-is-layout-flow\">\n<h3 class=\"wp-block-heading has-text-align-center\"><strong>El\u0151ny\u00f6k<\/strong><\/h3>\n\n\n\n<ul class=\"wp-block-list\">\n<li>A f\u00fcst\u00f6k, old\u00f3szerek \u00e9s por t\u00f6k\u00e9letes felfog\u00e1s\u00e1hoz a forr\u00e1sn\u00e1l<\/li>\n\n\n\n<li>Egy vagy t\u00f6bb munka\u00e1llom\u00e1s porsz\u00edv\u00f3z\u00e1sa<\/li>\n\n\n\n<li>Gy\u0171jt\u0151h\u00e1l\u00f3zathoz vagy porgy\u0171jt\u0151h\u00f6z csatlakoztatand\u00f3<\/li>\n<\/ul>\n<\/div>\n\n\n\n<div class=\"wp-block-column is-layout-flow wp-block-column-is-layout-flow\">\n<h3 class=\"wp-block-heading has-text-align-center\"><strong>K\u00fcl\u00f6nleges jellemz\u0151k<\/strong><\/h3>\n\n\n\n<ul class=\"wp-block-list\">\n<li>K\u00f6nnyen tervezhet\u0151<\/li>\n\n\n\n<li>K\u00f6nnyen telep\u00edthet\u0151<\/li>\n<\/ul>\n<\/div>\n\n\n\n<div class=\"wp-block-column is-layout-flow wp-block-column-is-layout-flow\">\n<h3 class=\"wp-block-heading has-text-align-center\"><strong>Jellemz\u0151k<\/strong><\/h3>\n\n\n\n<ul class=\"wp-block-list\">\n<li>Sz\u00e1mos lehet\u0151s\u00e9g \u00e1ll rendelkez\u00e9sre<\/li>\n\n\n\n<li>A forr\u00e1shoz min\u00e9l k\u00f6zelebbi sz\u00edv\u00e1s<\/li>\n<\/ul>\n<\/div>\n<\/div>\n\n\n\n<h2 class=\"wp-block-heading\">Alkalmaz\u00e1sok<\/h2>\n\n\n\n<div class=\"wp-block-columns is-layout-flex wp-container-core-columns-is-layout-28f84493 wp-block-columns-is-layout-flex\">\n<div class=\"wp-block-column is-layout-flow wp-block-column-is-layout-flow\">\n<h3 class=\"wp-block-heading has-text-align-center\">Szennyez\u0151 anyagok<\/h3>\n\n\n\n<hr class=\"wp-block-separator has-css-opacity is-style-wide\"\/>\n\n\n\n<div class=\"wp-block-columns is-layout-flex wp-container-core-columns-is-layout-28f84493 wp-block-columns-is-layout-flex\">\n<div class=\"wp-block-column is-layout-flow wp-block-column-is-layout-flow\">\n<figure class=\"wp-block-image aligncenter size-large\"><img decoding=\"async\" width=\"70\" height=\"70\" src=\"https:\/\/obera.fr\/wp-content\/uploads\/2020\/08\/polluants-poussieres.jpg\" alt=\"Szennyez\u0151 anyagok Por\" class=\"wp-image-675\"\/><figcaption class=\"wp-element-caption\">G\u0151z\u00f6k<\/figcaption><\/figure>\n\n\n\n<figure class=\"wp-block-image aligncenter size-large\"><img decoding=\"async\" width=\"70\" height=\"70\" src=\"https:\/\/obera.fr\/wp-content\/uploads\/2020\/08\/industrie-odeur.jpg\" alt=\"Ipari szag\" class=\"wp-image-723\"\/><figcaption class=\"wp-element-caption\">Szagok<\/figcaption><\/figure>\n\n\n\n<figure class=\"wp-block-image aligncenter size-large\"><img decoding=\"async\" width=\"70\" height=\"70\" src=\"https:\/\/obera.fr\/wp-content\/uploads\/2020\/08\/industrie-brouillard-huile.jpg\" alt=\"Ipari k\u00f6d olaj\" class=\"wp-image-721\"\/><figcaption class=\"wp-element-caption\">Olajk\u00f6d<\/figcaption><\/figure>\n<\/div>\n\n\n\n<div class=\"wp-block-column is-layout-flow wp-block-column-is-layout-flow\">\n<figure class=\"wp-block-image aligncenter size-large\"><img decoding=\"async\" width=\"70\" height=\"70\" src=\"https:\/\/obera.fr\/wp-content\/uploads\/2020\/08\/industrie-fumees.jpg\" alt=\"Ipari f\u00fcst\" class=\"wp-image-722\"\/><figcaption class=\"wp-element-caption\">G\u0151z\u00f6k<\/figcaption><\/figure>\n\n\n\n<figure class=\"wp-block-image aligncenter size-large\"><img decoding=\"async\" width=\"70\" height=\"70\" src=\"https:\/\/obera.fr\/wp-content\/uploads\/2020\/09\/cov.png\" alt=\"Cov\" class=\"wp-image-959\"\/><figcaption class=\"wp-element-caption\">VOCS<\/figcaption><\/figure>\n<\/div>\n<\/div>\n\n\n\n<p><\/p>\n<\/div>\n\n\n\n<div class=\"wp-block-column is-layout-flow wp-block-column-is-layout-flow\">\n<h3 class=\"wp-block-heading has-text-align-center\">Ipar\u00e1gak<\/h3>\n\n\n\n<hr class=\"wp-block-separator has-css-opacity is-style-wide\"\/>\n\n\n\n<div class=\"wp-block-columns is-layout-flex wp-container-core-columns-is-layout-28f84493 wp-block-columns-is-layout-flex\">\n<div class=\"wp-block-column is-layout-flow wp-block-column-is-layout-flow\">\n<figure class=\"wp-block-image aligncenter size-large\"><img decoding=\"async\" width=\"70\" height=\"70\" src=\"https:\/\/obera.fr\/wp-content\/uploads\/2020\/08\/industrie-metallurgie.jpg\" alt=\"Koh\u00e1szati ipar\" class=\"wp-image-673\"\/><figcaption class=\"wp-element-caption\">Koh\u00e1szat<\/figcaption><\/figure>\n\n\n\n<figure class=\"wp-block-image aligncenter size-large\"><img decoding=\"async\" width=\"70\" height=\"70\" src=\"https:\/\/obera.fr\/wp-content\/uploads\/2020\/08\/industrie-chimie.jpg\" alt=\"Vegyipar\" class=\"wp-image-725\"\/><figcaption class=\"wp-element-caption\">Vegyszerek\/petrok\u00e9miai anyagok<\/figcaption><\/figure>\n\n\n\n<figure class=\"wp-block-image aligncenter size-large\"><img decoding=\"async\" width=\"70\" height=\"70\" src=\"https:\/\/obera.fr\/wp-content\/uploads\/2020\/08\/industrie-textile.jpg\" alt=\"Textilipar\" class=\"wp-image-671\"\/><figcaption class=\"wp-element-caption\">Text\u00edli\u00e1k<\/figcaption><\/figure>\n\n\n\n<figure class=\"wp-block-image aligncenter size-large\"><img decoding=\"async\" width=\"70\" height=\"70\" src=\"https:\/\/obera.fr\/wp-content\/uploads\/2020\/08\/industrie-minerai.jpg\" alt=\"\u00c9rcipar\" class=\"wp-image-724\"\/><figcaption class=\"wp-element-caption\">\u00c1sv\u00e1nyok<\/figcaption><\/figure>\n<\/div>\n\n\n\n<div class=\"wp-block-column is-layout-flow wp-block-column-is-layout-flow\">\n<figure class=\"wp-block-image aligncenter size-large\"><img decoding=\"async\" width=\"70\" height=\"70\" src=\"https:\/\/obera.fr\/wp-content\/uploads\/2020\/08\/industrie-plastique.jpg\" alt=\"M\u0171anyagipar\" class=\"wp-image-669\"\/><figcaption class=\"wp-element-caption\">M\u0171anyagok<\/figcaption><\/figure>\n\n\n\n<figure class=\"wp-block-image aligncenter size-large\"><img decoding=\"async\" width=\"70\" height=\"70\" src=\"https:\/\/obera.fr\/wp-content\/uploads\/2020\/08\/industrie-bois.jpg\" alt=\"Faipar\" class=\"wp-image-672\"\/><figcaption class=\"wp-element-caption\">Famegmunk\u00e1l\u00e1s<\/figcaption><\/figure>\n\n\n\n<figure class=\"wp-block-image aligncenter size-large\"><img decoding=\"async\" width=\"70\" height=\"70\" src=\"https:\/\/obera.fr\/wp-content\/uploads\/2020\/08\/industrie-papier-carton.jpg\" alt=\"Pap\u00edr- \u00e9s kartonipar\" class=\"wp-image-670\"\/><figcaption class=\"wp-element-caption\">Pap\u00edr\/karton<\/figcaption><\/figure>\n\n\n\n<figure class=\"wp-block-image aligncenter size-large\"><img decoding=\"async\" width=\"70\" height=\"70\" src=\"https:\/\/obera.fr\/wp-content\/uploads\/2020\/08\/industrie-dechets.jpg\" alt=\"Ipari hullad\u00e9k\" class=\"wp-image-726\"\/><figcaption class=\"wp-element-caption\">Hullad\u00e9kgy\u0171jt\u00e9s \u00e9s -v\u00e1logat\u00e1s<\/figcaption><\/figure>\n<\/div>\n<\/div>\n<\/div>\n<\/div>\n\n\n\n<h2 class=\"wp-block-heading\">M\u0171szaki specifik\u00e1ci\u00f3k<\/h2>\n\n\n\n<figure class=\"wp-block-table\"><table class=\"has-fixed-layout\"><thead><tr><th>Bonnets<\/th><th><\/th><th>V\u00e9kony ny\u00edl\u00e1s<\/th><th>Ov\u00e1lis<\/th><th>Sz\u00e9les ny\u00edl\u00e1s<\/th><\/tr><\/thead><tbody><tr><td>Csatlakoz\u00e1s \u00e1tm\u00e9r\u0151je<\/td><td>mm<\/td><td>\u00d8 50-180<\/td><td>\u00d8 50-180<\/td><td>\u00d8 50-180<\/td><\/tr><tr><td>M\u00e9retek (L x h)<\/td><td>mm<\/td><td>&#8211; \u00d8 50 (210 x 12)<br>&#8211; \u00d8 70 (300 x 30)<br>&#8211; \u00d8 80 (300 x 35)<br>&#8211; \u00d8 100 (400 x 35)<br>vagy (600 x 80)<br>&#8211; \u00d8 125 (500 x 40)<br>vagy (800 x 40)<br>&#8211; \u00d8 150 (500 x 65)<br>&#8211; \u00d8 160 (600 x 100)<br>&#8211; \u00d8 180 (500 x 60)<\/td><td>&#8211; \u00d8 50 (116 x 101)<br>&#8211; \u00d8 70 (147 x 126)<br>&#8211; \u00d8 80 (168 x 142)<br>&#8211; \u00d8 100 (215x 183)<br>&#8211; \u00d8 125 (268 x 228)<br>&#8211; \u00d8 140 (297 x 252)<br>&#8211; \u00d8 150 (312 x 264)<br>&#8211; \u00d8 160 (323 x 269)<br>&#8211; \u00d8 180 (374 x 321)<\/td><td>&#8211; \u00d8 50 (90 x 30)<br>&#8211; \u00d8 70 (200 x 60)<br>&#8211; \u00d8 80 (200 x 60)<br>&#8211; \u00d8 100 (200 x 80)<br>&#8211; \u00d8 125 (250 x 80)<br>&#8211; \u00d8 150 (300 x 80)<br>&#8211; \u00d8 180 (400 x 80)<\/td><\/tr><tr><td>Anyag<\/td><td><\/td><td>Ac\u00e9l<\/td><td>Rozsdamentes ac\u00e9l<\/td><td>Ac\u00e9l<\/td><\/tr><\/tbody><\/table><\/figure>\n\n\n\n<div class=\"wp-block-buttons is-horizontal is-content-justification-center is-layout-flex wp-container-core-buttons-is-layout-03627597 wp-block-buttons-is-layout-flex\">\n<div class=\"wp-block-button\"><a class=\"wp-block-button__link wp-element-button\" href=\"https:\/\/obera.fr\/contact\/\">Tudjon meg t\u00f6bbet<\/a><\/div>\n<\/div>\n\n\n\n<hr class=\"wp-block-separator has-css-opacity is-style-dots\"\/>\n\n\n\n<h2 class=\"wp-block-heading\">Egy\u00e9b OberA fegyverek \u00e9s elfog\u00f3eszk\u00f6z\u00f6k<\/h2>\n\n\n\n<div class=\"wp-block-columns is-layout-flex wp-container-core-columns-is-layout-28f84493 wp-block-columns-is-layout-flex\">\n<div class=\"wp-block-column is-layout-flow wp-block-column-is-layout-flow\">\n<figure class=\"wp-block-image aligncenter size-thumbnail\"><a href=\"https:\/\/obera.fr\/produits\/bras-dispositifs-captation\/bras-hotte-ovale-rectangulaire\/\"><img decoding=\"async\" width=\"150\" height=\"150\" src=\"https:\/\/obera.fr\/wp-content\/uploads\/2020\/09\/Bras-SF-150x150.jpg\" alt=\"Sz\u00edv\u00f3kar\" class=\"wp-image-969\" srcset=\"https:\/\/obera.fr\/wp-content\/uploads\/2020\/09\/Bras-SF-150x150.jpg 150w, https:\/\/obera.fr\/wp-content\/uploads\/2020\/09\/Bras-SF-300x300.jpg 300w, https:\/\/obera.fr\/wp-content\/uploads\/2020\/09\/Bras-SF.jpg 433w\" sizes=\"(max-width: 150px) 100vw, 150px\" \/><\/a><figcaption class=\"wp-element-caption\">Sz\u00edv\u00f3kar<\/figcaption><\/figure>\n<\/div>\n\n\n\n<div class=\"wp-block-column is-layout-flow wp-block-column-is-layout-flow\">\n<figure class=\"wp-block-image aligncenter size-thumbnail\"><a href=\"https:\/\/obera.fr\/produits\/bras-dispositifs-captation\/bras-de-laboratoire\/\"><img decoding=\"async\" width=\"150\" height=\"150\" src=\"https:\/\/obera.fr\/wp-content\/uploads\/2020\/11\/22-bras-de-labo-150x150.jpg\" alt=\"Laborat\u00f3riumi karok\" class=\"wp-image-1662\" srcset=\"https:\/\/obera.fr\/wp-content\/uploads\/2020\/11\/22-bras-de-labo-150x150.jpg 150w, https:\/\/obera.fr\/wp-content\/uploads\/2020\/11\/22-bras-de-labo-300x300.jpg 300w, https:\/\/obera.fr\/wp-content\/uploads\/2020\/11\/22-bras-de-labo-1024x1024.jpg 1024w, https:\/\/obera.fr\/wp-content\/uploads\/2020\/11\/22-bras-de-labo-768x768.jpg 768w, https:\/\/obera.fr\/wp-content\/uploads\/2020\/11\/22-bras-de-labo.jpg 1500w\" sizes=\"(max-width: 150px) 100vw, 150px\" \/><\/a><figcaption class=\"wp-element-caption\">Laborat\u00f3riumi karok<\/figcaption><\/figure>\n<\/div>\n\n\n\n<div class=\"wp-block-column is-layout-flow wp-block-column-is-layout-flow\">\n<figure class=\"wp-block-image aligncenter size-thumbnail\"><a href=\"https:\/\/obera.fr\/produits\/bras-dispositifs-captation\/dosserets-aspirants\/\"><img decoding=\"async\" width=\"150\" height=\"150\" src=\"https:\/\/obera.fr\/wp-content\/uploads\/2020\/10\/Dosserets-oberA-150x150.png\" alt=\"Obera csobog\u00f3k\" class=\"wp-image-1174\"\/><\/a><figcaption class=\"wp-element-caption\">Sz\u00edv\u00f3 h\u00e1ts\u00f3 burkolatok<\/figcaption><\/figure>\n<\/div>\n\n\n\n<div class=\"wp-block-column is-layout-flow wp-block-column-is-layout-flow\">\n<figure class=\"wp-block-image aligncenter size-thumbnail\"><a href=\"https:\/\/obera.fr\/produits\/bras-dispositifs-captation\/anneaux-de-pouyes\/\"><img decoding=\"async\" width=\"150\" height=\"150\" src=\"https:\/\/obera.fr\/wp-content\/uploads\/2022\/09\/Anneau-de-pouyes-2-150x150.jpg\" alt=\"Csirke karik\u00e1k\" class=\"wp-image-14482\" srcset=\"https:\/\/obera.fr\/wp-content\/uploads\/2022\/09\/Anneau-de-pouyes-2-150x150.jpg 150w, https:\/\/obera.fr\/wp-content\/uploads\/2022\/09\/Anneau-de-pouyes-2-300x300.jpg 300w, https:\/\/obera.fr\/wp-content\/uploads\/2022\/09\/Anneau-de-pouyes-2.jpg 500w\" sizes=\"(max-width: 150px) 100vw, 150px\" \/><\/a><figcaption class=\"wp-element-caption\">Csirke karik\u00e1k<\/figcaption><\/figure>\n<\/div>\n<\/div>\n\n\n\n<div class=\"wp-block-columns is-layout-flex wp-container-core-columns-is-layout-28f84493 wp-block-columns-is-layout-flex\">\n<div class=\"wp-block-column is-layout-flow wp-block-column-is-layout-flow\">\n<figure class=\"wp-block-image aligncenter size-thumbnail\"><a href=\"https:\/\/obera.fr\/produits\/bras-dispositifs-captation\/hotte-rectangulaire\/\"><img decoding=\"async\" width=\"150\" height=\"150\" src=\"https:\/\/obera.fr\/wp-content\/uploads\/2020\/10\/hotte-rectangulaire-150x150.png\" alt=\"T\u00e9glalap alak\u00fa motorh\u00e1ztet\u0151\" class=\"wp-image-1178\" srcset=\"https:\/\/obera.fr\/wp-content\/uploads\/2020\/10\/hotte-rectangulaire-150x150.png 150w, https:\/\/obera.fr\/wp-content\/uploads\/2020\/10\/hotte-rectangulaire.png 158w\" sizes=\"(max-width: 150px) 100vw, 150px\" \/><\/a><figcaption class=\"wp-element-caption\">Ipari n\u00e9gysz\u00f6gletes f\u00fcstelvezet\u0151k<\/figcaption><\/figure>\n<\/div>\n\n\n\n<div class=\"wp-block-column is-layout-flow wp-block-column-is-layout-flow\">\n<figure class=\"wp-block-image aligncenter size-thumbnail\"><a href=\"https:\/\/obera.fr\/produits\/bras-dispositifs-captation\/hotte-modulaire\/\"><img decoding=\"async\" width=\"150\" height=\"150\" src=\"https:\/\/obera.fr\/wp-content\/uploads\/2020\/10\/hotte-modulaire-A-logo-SF-150x150.png\" alt=\"Modul\u00e1ris motorh\u00e1ztet\u0151\" class=\"wp-image-1177\"\/><\/a><figcaption class=\"wp-element-caption\">Modul\u00e1ris motorh\u00e1ztet\u0151k<\/figcaption><\/figure>\n<\/div>\n\n\n\n<div class=\"wp-block-column is-layout-flow wp-block-column-is-layout-flow\">\n<figure class=\"wp-block-image aligncenter size-thumbnail\"><a href=\"https:\/\/obera.fr\/?page_id=489\"><img decoding=\"async\" width=\"150\" height=\"150\" src=\"https:\/\/obera.fr\/wp-content\/uploads\/2020\/10\/table-SF-150x150.png\" alt=\"Sz\u00edv\u00f3asztalok\" class=\"wp-image-1179\" srcset=\"https:\/\/obera.fr\/wp-content\/uploads\/2020\/10\/table-SF-150x150.png 150w, https:\/\/obera.fr\/wp-content\/uploads\/2020\/10\/table-SF-300x300.png 300w, https:\/\/obera.fr\/wp-content\/uploads\/2020\/10\/table-SF.png 433w\" sizes=\"(max-width: 150px) 100vw, 150px\" \/><\/a><figcaption class=\"wp-element-caption\">Sz\u00edv\u00f3asztalok<\/figcaption><\/figure>\n<\/div>\n\n\n\n<div class=\"wp-block-column is-layout-flow wp-block-column-is-layout-flow\"><\/div>\n<\/div>\n","protected":false},"excerpt":{"rendered":"<p>Ipari sz\u00edv\u00f3- \u00e9s gy\u0171jt\u0151h\u00e1ztet\u0151k v\u00e1laszt\u00e9ka Az OBERA elsz\u00edv\u00f3 motorh\u00e1ztet\u0151k ide\u00e1lisak a por, a f\u00fcst \u00e9s a g\u00e1znem\u0171 szennyez\u0151 anyagok forr\u00e1sn\u00e1l t\u00f6rt\u00e9n\u0151 felfog\u00e1s\u00e1ra. Az OBERA ipari elsz\u00edv\u00f3h\u00e1ztet\u0151k gy\u0171jt\u0151h\u00e1l\u00f3zathoz vagy porgy\u0171jt\u0151h\u00f6z csatlakoznak. T\u00f6bbf\u00e9le form\u00e1ban kaphat\u00f3 a k\u00fcl\u00f6nb\u00f6z\u0151 ig\u00e9nyeknek \u00e9s szennyez\u0151d\u00e9seknek megfelel\u0151en. Az el\u0151ny\u00f6k El\u0151ny\u00f6k K\u00fcl\u00f6nleges jellemz\u0151k Jellemz\u0151k Alkalmaz\u00e1sok Szennyez\u0151 anyagok Ipar\u00e1gak M\u0171szaki specifik\u00e1ci\u00f3k Bonnets V\u00e9kony ny\u00edl\u00e1s Ov\u00e1lis Sz\u00e9les ny\u00edl\u00e1s Csatlakoz\u00e1s \u00e1tm\u00e9r\u0151je mm \u00d8 50-180 \u00d8 50-180 \u00d8 50-180 M\u00e9retek (L x h) mm &#8211; \u00d8 50 (210 x 12)&#8211; \u00d8 70 (300 x 30)&#8211; \u00d8 80 (300 x 35)&#8211; \u00d8 100 (400 x 35)vagy (600 x 80)&#8211; \u00d8 125 (500 x 40)vagy &#8230; <\/p>\n<p class=\"read-more-container\"><a title=\"Ipari sz\u00edv\u00f3- \u00e9s gy\u0171jt\u0151fed\u00e9l\" class=\"read-more button\" href=\"https:\/\/obera.fr\/hu\/produits\/bras-dispositifs-captation\/capot-industriel\/#more-67718\" aria-label=\"Read more about Ipari sz\u00edv\u00f3- \u00e9s gy\u0171jt\u0151fed\u00e9l\">Lire la suite<\/a><\/p>\n","protected":false},"author":4,"featured_media":83741,"parent":67670,"menu_order":0,"comment_status":"closed","ping_status":"closed","template":"","meta":{"_acf_changed":false,"_seopress_robots_primary_cat":"","_seopress_titles_title":"oberA ipari sz\u00edv\u00f3- \u00e9s gy\u0171jt\u0151fed\u00e9l","_seopress_titles_desc":"Az OBERA elsz\u00edv\u00f3 motorh\u00e1ztet\u0151k ide\u00e1lisak a por, a f\u00fcst \u00e9s a g\u00e1znem\u0171 szennyez\u0151 anyagok forr\u00e1sn\u00e1l t\u00f6rt\u00e9n\u0151 felfog\u00e1s\u00e1ra. Ezek gy\u0171jt\u0151h\u00e1l\u00f3zathoz vagy porgy\u0171jt\u0151h\u00f6z vannak csatlakoztatva.","_seopress_robots_index":"","footnotes":""},"class_list":{"0":"post-67718","1":"page","2":"type-page","3":"status-publish","4":"has-post-thumbnail","6":"no-featured-image-padding","7":"resize-featured-image"},"acf":[],"_links":{"self":[{"href":"https:\/\/obera.fr\/hu\/wp-json\/wp\/v2\/pages\/67718","targetHints":{"allow":["GET"]}}],"collection":[{"href":"https:\/\/obera.fr\/hu\/wp-json\/wp\/v2\/pages"}],"about":[{"href":"https:\/\/obera.fr\/hu\/wp-json\/wp\/v2\/types\/page"}],"author":[{"embeddable":true,"href":"https:\/\/obera.fr\/hu\/wp-json\/wp\/v2\/users\/4"}],"replies":[{"embeddable":true,"href":"https:\/\/obera.fr\/hu\/wp-json\/wp\/v2\/comments?post=67718"}],"version-history":[{"count":3,"href":"https:\/\/obera.fr\/hu\/wp-json\/wp\/v2\/pages\/67718\/revisions"}],"predecessor-version":[{"id":106933,"href":"https:\/\/obera.fr\/hu\/wp-json\/wp\/v2\/pages\/67718\/revisions\/106933"}],"up":[{"embeddable":true,"href":"https:\/\/obera.fr\/hu\/wp-json\/wp\/v2\/pages\/67670"}],"wp:featuredmedia":[{"embeddable":true,"href":"https:\/\/obera.fr\/hu\/wp-json\/wp\/v2\/media\/83741"}],"wp:attachment":[{"href":"https:\/\/obera.fr\/hu\/wp-json\/wp\/v2\/media?parent=67718"}],"curies":[{"name":"wp","href":"https:\/\/api.w.org\/{rel}","templated":true}]}}