{"id":67721,"date":"2020-08-26T12:56:16","date_gmt":"2020-08-26T10:56:16","guid":{"rendered":"https:\/\/obera.fr\/produits\/bras-dispositifs-captation\/dosserets-aspirants\/"},"modified":"2025-06-17T14:03:53","modified_gmt":"2025-06-17T12:03:53","slug":"dosserets-aspirants","status":"publish","type":"page","link":"https:\/\/obera.fr\/hu\/produits\/bras-dispositifs-captation\/dosserets-aspirants\/","title":{"rendered":"Sz\u00edv\u00f3 h\u00e1ts\u00f3 burkolatok"},"content":{"rendered":"\n<h2 class=\"wp-block-heading\">OBDOS sz\u00edv\u00f3fr\u00f6ccs\u00f6nt\u0151k v\u00e1laszt\u00e9ka<\/h2>\n\n<div class=\"wp-block-columns is-layout-flex wp-container-core-columns-is-layout-28f84493 wp-block-columns-is-layout-flex\">\n<div class=\"wp-block-column is-layout-flow wp-block-column-is-layout-flow\" style=\"flex-basis:33.33%\">\n<figure class=\"wp-block-image aligncenter size-full is-resized\"><img decoding=\"async\" width=\"577\" height=\"433\" src=\"https:\/\/obera.fr\/wp-content\/uploads\/2024\/02\/dosserets-obera.png\" alt=\"obera fr&#xF6;ccs&#xF6;nt&#x151;k\" class=\"wp-image-28190\" srcset=\"https:\/\/obera.fr\/wp-content\/uploads\/2024\/02\/dosserets-obera.png 577w, https:\/\/obera.fr\/wp-content\/uploads\/2024\/02\/dosserets-obera-300x225.png 300w\" sizes=\"(max-width: 577px) 100vw, 577px\" \/><figcaption class=\"wp-element-caption\">Sz\u00edv\u00e1s h\u00e1tfal<\/figcaption><\/figure>\n<\/div>\n\n\n\n<div class=\"wp-block-column is-layout-flow wp-block-column-is-layout-flow\" style=\"flex-basis:66.66%\">\n<p><strong>A sz\u00edv\u00f3 h\u00e1tfalak<\/strong> olyan r\u00e9sszel ell\u00e1tott &#8222;falak&#8221;, amelyek besz\u00edvj\u00e1k a kezel\u0151 \u00e1ltal k\u00f6zvetlen\u00fcl el\u0151tte termelt <a href=\"https:\/\/obera.fr\/hu\/produits\/bras-dispositifs-captation\/\" data-type=\"page\" data-id=\"364\">szennyez\u0151 anyagokat<\/a>, legyenek azok g\u0151z\u00f6k, g\u00e1zok, porok vagy f\u00fcst\u00f6k. Ez azt jelenti, hogy a kezel\u0151 biztons\u00e1gban van, \u00e9s an\u00e9lk\u00fcl dolgozhat, hogy a munk\u00e1ja sor\u00e1n kibocs\u00e1tott k\u00fcl\u00f6nb\u00f6z\u0151 szennyez\u0151 anyagokat bel\u00e9legezn\u00e9. <\/p>\n\n\n\n<p>Ehhez a berendez\u00e9shez k\u00e9t oldals\u00f3 \u00e1rny\u00e9kol\u00f3t, valamint egy v\u00edzszintes napellenz\u0151t is hozz\u00e1 lehet adni, hogy a kezel\u0151t \u00e9s a munkater\u00fclet\u00e9t behat\u00e1rolja, \u00e9s \u00edgy hat\u00e9konyabb\u00e1 tegye a sz\u00edv\u00e1st.<\/p>\n\n\n\n<hr class=\"wp-block-separator has-text-color has-black-color has-css-opacity has-black-background-color has-background is-style-dots\"\/>\n\n\n\n<div class=\"wp-block-columns is-layout-flex wp-container-core-columns-is-layout-28f84493 wp-block-columns-is-layout-flex\">\n<div class=\"wp-block-column is-layout-flow wp-block-column-is-layout-flow\" style=\"flex-basis:33.33%\">\n<div class=\"wp-block-buttons is-layout-flex wp-block-buttons-is-layout-flex\">\n<div class=\"wp-block-button\"><a class=\"wp-block-button__link wp-element-button\" href=\"https:\/\/obera.fr\/wp-content\/uploads\/2025\/06\/brochure-dosseret-aspirant-industriel.pdf\">A BROS\u00daRA LET\u00d6LT\u00c9SE<\/a><\/div>\n<\/div>\n<\/div>\n\n\n\n<div class=\"wp-block-column is-layout-flow wp-block-column-is-layout-flow\" style=\"flex-basis:33.34%\">\n<div class=\"wp-block-buttons is-horizontal is-content-justification-center is-layout-flex wp-container-core-buttons-is-layout-03627597 wp-block-buttons-is-layout-flex\">\n<div class=\"wp-block-button\"><a class=\"wp-block-button__link wp-element-button\" href=\"https:\/\/obera.fr\/contact\/\">Tudjon meg t\u00f6bbet<\/a><\/div>\n<\/div>\n<\/div>\n\n\n\n<div class=\"wp-block-column is-layout-flow wp-block-column-is-layout-flow\" style=\"flex-basis:33.34%\">\n<div class=\"wp-block-buttons is-content-justification-center is-layout-flex wp-container-core-buttons-is-layout-a89b3969 wp-block-buttons-is-layout-flex\">\n<div class=\"wp-block-button btn-devis-source\"><a class=\"wp-block-button__link wp-element-button\" href=\"https:\/\/obera.fr\/hu\/devis\/\">K\u00e9rjen \u00e1raj\u00e1nlatot<\/a><\/div>\n<\/div>\n\n\n<script>\r\ndocument.addEventListener('DOMContentLoaded', function() {\r\n    \/\/ 1. On cherche le titre H1 de la page\r\n    var h1 = document.querySelector('h1');\r\n    var productTitle = h1 ? h1.innerText.trim() : \"\";\r\n\r\n    \/\/ 2. On cherche les boutons via la classe CSS .btn-devis-source\r\n    var buttons = document.querySelectorAll('.btn-devis-source a');\r\n\r\n    \/\/ 3. Si on a le titre et les boutons, on ajoute le param\u00e8tre\r\n    if (buttons.length > 0 && productTitle !== \"\") {\r\n        var encodedTitle = encodeURIComponent(productTitle);\r\n\r\n        buttons.forEach(function(btn) {\r\n            var currentHref = btn.getAttribute('href');\r\n            \r\n            \/\/ S\u00e9curit\u00e9 pour ne pas ajouter le param\u00e8tre 2 fois\r\n            if (currentHref.indexOf('sujet=') === -1) {\r\n                var separator = currentHref.indexOf('?') !== -1 ? '&' : '?';\r\n                var newLink = currentHref + separator + 'sujet=' + encodedTitle;\r\n                \r\n                btn.setAttribute('href', newLink);\r\n            }\r\n        });\r\n    }\r\n});\r\n<\/script><\/div>\n<\/div>\n\n\n\n<p><\/p>\n<\/div>\n<\/div>\n\n<h2 class=\"wp-block-heading\">A sz\u00edv\u00f3 fr\u00f6ccs\u00f6nt\u0151 el\u0151nyei<\/h2>\n\n<div class=\"wp-block-columns is-layout-flex wp-container-core-columns-is-layout-28f84493 wp-block-columns-is-layout-flex\">\n<div class=\"wp-block-column is-layout-flow wp-block-column-is-layout-flow\">\n<h3 class=\"wp-block-heading has-text-align-center\"><strong>El\u0151ny\u00f6k<\/strong><\/h3>\n\n\n\n<ul class=\"wp-block-list\">\n<li>Csatlakoztat\u00e1s ventil\u00e1torhoz vagy helyhez k\u00f6t\u00f6tt vagy mobil porgy\u0171jt\u0151h\u00f6z<\/li>\n\n\n\n<li>Munkadarabok vagy hegeszt\u00e9si munk\u00e1k sorj\u00e1z\u00e1s\u00e1hoz, csiszol\u00e1s\u00e1hoz vagy csiszol\u00e1s\u00e1hoz<\/li>\n\n\n\n<li>Ragaszt\u00e1sra, lakkoz\u00e1sra stb. is alkalmas.<\/li>\n\n\n\n<li>V\u00e9dett \u00fczemeltet\u0151<\/li>\n<\/ul>\n<\/div>\n\n\n\n<div class=\"wp-block-column is-layout-flow wp-block-column-is-layout-flow\">\n<h3 class=\"wp-block-heading has-text-align-center\"><strong>K\u00fcl\u00f6nleges jellemz\u0151k<\/strong><\/h3>\n\n\n\n<ul class=\"wp-block-list\">\n<li>K\u00f6nnyen telep\u00edthet\u0151<\/li>\n\n\n\n<li>Munkahelyk\u00e9nt haszn\u00e1lhat\u00f3 t\u00e9r<\/li>\n\n\n\n<li>K\u00fcl\u00f6n k\u00e9r\u00e9sre v\u00e1laszthat\u00f3 extr\u00e1k: rozsdamentes ac\u00e9l, vil\u00e1g\u00edt\u00e1s, tart\u00f3szerkezet.<\/li>\n\n\n\n<li>Szem\u00e9lyre szabott<\/li>\n<\/ul>\n<\/div>\n\n\n\n<div class=\"wp-block-column is-layout-flow wp-block-column-is-layout-flow\">\n<h3 class=\"wp-block-heading has-text-align-center\"><strong>Jellemz\u0151k<\/strong><\/h3>\n\n\n\n<ul class=\"wp-block-list\">\n<li><a href=\"https:\/\/obera.fr\/hu\/produits\/bras-dispositifs-captation\/capot-industriel\/\">Munkahelyi sz\u00edv\u00e1s<\/a><\/li>\n\n\n\n<li>Kompakt megold\u00e1s<\/li>\n\n\n\n<li>Robusztus konstrukci\u00f3<\/li>\n<\/ul>\n<\/div>\n<\/div>\n\n<h2 class=\"wp-block-heading\">Alkalmaz\u00e1sok<\/h2>\n\n<div class=\"wp-block-columns is-layout-flex wp-container-core-columns-is-layout-28f84493 wp-block-columns-is-layout-flex\">\n<div class=\"wp-block-column is-layout-flow wp-block-column-is-layout-flow\">\n<h3 class=\"wp-block-heading has-text-align-center\">Szennyez\u0151 anyagok<\/h3>\n\n\n\n<hr class=\"wp-block-separator has-css-opacity is-style-wide\"\/>\n\n\n\n<div class=\"wp-block-columns is-layout-flex wp-container-core-columns-is-layout-28f84493 wp-block-columns-is-layout-flex\">\n<div class=\"wp-block-column is-layout-flow wp-block-column-is-layout-flow\">\n<figure class=\"wp-block-image aligncenter size-large\"><img decoding=\"async\" width=\"70\" height=\"70\" src=\"https:\/\/obera.fr\/wp-content\/uploads\/2020\/08\/polluants-poussieres.jpg\" alt=\"Szennyez&#x151; anyagok Por\" class=\"wp-image-675\"\/><figcaption class=\"wp-element-caption\">G\u0151z\u00f6k<\/figcaption><\/figure>\n\n\n\n<figure class=\"wp-block-image aligncenter size-large\"><img decoding=\"async\" width=\"70\" height=\"70\" src=\"https:\/\/obera.fr\/wp-content\/uploads\/2020\/08\/industrie-odeur.jpg\" alt=\"Ipari szag\" class=\"wp-image-723\"\/><figcaption class=\"wp-element-caption\">Szagok<\/figcaption><\/figure>\n<\/div>\n\n\n\n<div class=\"wp-block-column is-layout-flow wp-block-column-is-layout-flow\">\n<figure class=\"wp-block-image aligncenter size-large\"><img decoding=\"async\" width=\"70\" height=\"70\" src=\"https:\/\/obera.fr\/wp-content\/uploads\/2020\/08\/industrie-fumees.jpg\" alt=\"Ipari f&#xFC;st\" class=\"wp-image-722\"\/><figcaption class=\"wp-element-caption\">G\u0151z\u00f6k<\/figcaption><\/figure>\n\n\n\n<figure class=\"wp-block-image aligncenter size-large\"><img decoding=\"async\" width=\"70\" height=\"70\" src=\"https:\/\/obera.fr\/wp-content\/uploads\/2020\/09\/cov.png\" alt=\"Cov\" class=\"wp-image-959\"\/><figcaption class=\"wp-element-caption\">VOCS<\/figcaption><\/figure>\n<\/div>\n<\/div>\n\n\n\n<p><\/p>\n<\/div>\n\n\n\n<div class=\"wp-block-column is-layout-flow wp-block-column-is-layout-flow\">\n<h3 class=\"wp-block-heading has-text-align-center\">Ipar\u00e1gak<\/h3>\n\n\n\n<hr class=\"wp-block-separator has-css-opacity is-style-wide\"\/>\n\n\n\n<div class=\"wp-block-columns is-layout-flex wp-container-core-columns-is-layout-28f84493 wp-block-columns-is-layout-flex\">\n<div class=\"wp-block-column is-layout-flow wp-block-column-is-layout-flow\">\n<figure class=\"wp-block-image aligncenter size-large\"><img decoding=\"async\" width=\"70\" height=\"70\" src=\"https:\/\/obera.fr\/wp-content\/uploads\/2020\/08\/industrie-metallurgie.jpg\" alt=\"Koh&#xE1;szati ipar\" class=\"wp-image-673\"\/><figcaption class=\"wp-element-caption\">Koh\u00e1szat<\/figcaption><\/figure>\n\n\n\n<figure class=\"wp-block-image aligncenter size-large\"><img decoding=\"async\" width=\"70\" height=\"70\" src=\"https:\/\/obera.fr\/wp-content\/uploads\/2020\/08\/industrie-chimie.jpg\" alt=\"Vegyipar\" class=\"wp-image-725\"\/><figcaption class=\"wp-element-caption\">Vegyszerek\/petrok\u00e9miai anyagok<\/figcaption><\/figure>\n<\/div>\n\n\n\n<div class=\"wp-block-column is-layout-flow wp-block-column-is-layout-flow\">\n<figure class=\"wp-block-image aligncenter size-large\"><img decoding=\"async\" width=\"70\" height=\"70\" src=\"https:\/\/obera.fr\/wp-content\/uploads\/2020\/08\/industrie-plastique.jpg\" alt=\"M&#x171;anyagipar\" class=\"wp-image-669\"\/><figcaption class=\"wp-element-caption\">M\u0171anyagok<\/figcaption><\/figure>\n\n\n\n<figure class=\"wp-block-image aligncenter size-large\"><img decoding=\"async\" width=\"70\" height=\"70\" src=\"https:\/\/obera.fr\/wp-content\/uploads\/2020\/08\/industrie-bois.jpg\" alt=\"Faipar\" class=\"wp-image-672\"\/><figcaption class=\"wp-element-caption\">Famegmunk\u00e1l\u00e1s<\/figcaption><\/figure>\n<\/div>\n<\/div>\n<\/div>\n<\/div>\n\n<h2 class=\"wp-block-heading\">M\u0171szaki specifik\u00e1ci\u00f3k<\/h2>\n\n<p>Az OberA 40 cm-t\u0151l 3,60 m sz\u00e9less\u00e9gig terjed\u0151 sz\u00edv\u00f3fr\u00f6ccs\u00f6nt\u0151ket k\u00edn\u00e1l (ak\u00e1r 3 fr\u00f6ccs\u00f6nt\u0151 egym\u00e1s mell\u00e9 igaz\u00edt\u00e1s\u00e1val, 3 kivezet\u00e9ssel). A rendelkez\u00e9sre \u00e1ll\u00f3 magass\u00e1gok 60 cm, 80 cm \u00e9s 1 m. A csatlakoztat\u00e1s t\u00f6rt\u00e9nhet ejtett perem\u0171 vagy sima perem\u0171 cs\u00f6v\u00f6n kereszt\u00fcl. Az OberA sz\u00edv\u00f3 csobog\u00f3k horganyzott ac\u00e9lb\u00f3l vagy 304L rozsdamentes ac\u00e9lb\u00f3l kaphat\u00f3k.   <\/p>\n\n<div class=\"wp-block-buttons is-content-justification-center is-layout-flex wp-container-core-buttons-is-layout-a89b3969 wp-block-buttons-is-layout-flex\">\n<div class=\"wp-block-button\"><a class=\"wp-block-button__link wp-element-button\" href=\"https:\/\/obera.fr\/wp-content\/uploads\/2024\/02\/brochure-dosseret-aspirant-industriel.pdf\">L\u00c1SD M\u0170SZAKI ADATOK<\/a><\/div>\n<\/div>\n\n<h2 class=\"wp-block-heading\">Opci\u00f3k<\/h2>\n\n<div class=\"wp-block-columns is-layout-flex wp-container-core-columns-is-layout-28f84493 wp-block-columns-is-layout-flex\">\n<div class=\"wp-block-column is-layout-flow wp-block-column-is-layout-flow\">\n<figure class=\"wp-block-image aligncenter size-large\"><img decoding=\"async\" width=\"100\" height=\"100\" src=\"https:\/\/obera.fr\/wp-content\/uploads\/2020\/11\/picto-sur-mesure.jpg\" alt=\"Custom Picto\" class=\"wp-image-2062\"\/><figcaption class=\"wp-element-caption\">Egyedi m\u00e9retek el\u00e9rhet\u0151ek<\/figcaption><\/figure>\n<\/div>\n\n\n\n<div class=\"wp-block-column is-layout-flow wp-block-column-is-layout-flow\"><\/div>\n\n\n\n<div class=\"wp-block-column is-layout-flow wp-block-column-is-layout-flow\"><\/div>\n<\/div>\n\n<div class=\"wp-block-buttons is-horizontal is-content-justification-center is-layout-flex wp-container-core-buttons-is-layout-03627597 wp-block-buttons-is-layout-flex\">\n<div class=\"wp-block-button\"><a class=\"wp-block-button__link wp-element-button\" href=\"https:\/\/obera.fr\/contact\/\">Tudjon meg t\u00f6bbet<\/a><\/div>\n<\/div>\n\n<hr class=\"wp-block-separator has-css-opacity is-style-dots\"\/>\n\n<h2 class=\"wp-block-heading\">Egy\u00e9b OberA fegyverek \u00e9s elfog\u00f3eszk\u00f6z\u00f6k<\/h2>\n\n<div class=\"wp-block-columns is-layout-flex wp-container-core-columns-is-layout-28f84493 wp-block-columns-is-layout-flex\">\n<div class=\"wp-block-column is-layout-flow wp-block-column-is-layout-flow\">\n<figure class=\"wp-block-image aligncenter size-thumbnail\"><a href=\"https:\/\/obera.fr\/produits\/bras-dispositifs-captation\/bras-hotte-ovale-rectangulaire\/\"><img decoding=\"async\" width=\"150\" height=\"150\" src=\"https:\/\/obera.fr\/wp-content\/uploads\/2020\/09\/Bras-SF-150x150.jpg\" alt=\"Sz&#xED;v&#xF3;kar\" class=\"wp-image-969\" srcset=\"https:\/\/obera.fr\/wp-content\/uploads\/2020\/09\/Bras-SF-150x150.jpg 150w, https:\/\/obera.fr\/wp-content\/uploads\/2020\/09\/Bras-SF-300x300.jpg 300w, https:\/\/obera.fr\/wp-content\/uploads\/2020\/09\/Bras-SF.jpg 433w\" sizes=\"(max-width: 150px) 100vw, 150px\" \/><\/a><figcaption class=\"wp-element-caption\">Sz\u00edv\u00f3kar<\/figcaption><\/figure>\n<\/div>\n\n\n\n<div class=\"wp-block-column is-layout-flow wp-block-column-is-layout-flow\">\n<figure class=\"wp-block-image aligncenter size-thumbnail\"><a href=\"https:\/\/obera.fr\/produits\/bras-dispositifs-captation\/bras-de-laboratoire\/\"><img decoding=\"async\" width=\"150\" height=\"150\" src=\"https:\/\/obera.fr\/wp-content\/uploads\/2020\/11\/22-bras-de-labo-150x150.jpg\" alt=\"Laborat&#xF3;riumi karok\" class=\"wp-image-1662\" srcset=\"https:\/\/obera.fr\/wp-content\/uploads\/2020\/11\/22-bras-de-labo-150x150.jpg 150w, https:\/\/obera.fr\/wp-content\/uploads\/2020\/11\/22-bras-de-labo-300x300.jpg 300w, https:\/\/obera.fr\/wp-content\/uploads\/2020\/11\/22-bras-de-labo-1024x1024.jpg 1024w, https:\/\/obera.fr\/wp-content\/uploads\/2020\/11\/22-bras-de-labo-768x768.jpg 768w, https:\/\/obera.fr\/wp-content\/uploads\/2020\/11\/22-bras-de-labo.jpg 1500w\" sizes=\"(max-width: 150px) 100vw, 150px\" \/><\/a><figcaption class=\"wp-element-caption\">Laborat\u00f3riumi karok<\/figcaption><\/figure>\n<\/div>\n\n\n\n<div class=\"wp-block-column is-layout-flow wp-block-column-is-layout-flow\">\n<figure class=\"wp-block-image aligncenter size-thumbnail\"><a href=\"https:\/\/obera.fr\/produits\/bras-dispositifs-captation\/anneaux-de-pouyes\/\"><img decoding=\"async\" width=\"150\" height=\"150\" src=\"https:\/\/obera.fr\/wp-content\/uploads\/2022\/09\/Anneau-de-pouyes-2-150x150.jpg\" alt=\"Csirke karik&#xE1;k\" class=\"wp-image-14482\" srcset=\"https:\/\/obera.fr\/wp-content\/uploads\/2022\/09\/Anneau-de-pouyes-2-150x150.jpg 150w, https:\/\/obera.fr\/wp-content\/uploads\/2022\/09\/Anneau-de-pouyes-2-300x300.jpg 300w, https:\/\/obera.fr\/wp-content\/uploads\/2022\/09\/Anneau-de-pouyes-2.jpg 500w\" sizes=\"(max-width: 150px) 100vw, 150px\" \/><\/a><figcaption class=\"wp-element-caption\">Csirke karik\u00e1k<\/figcaption><\/figure>\n<\/div>\n\n\n\n<div class=\"wp-block-column is-layout-flow wp-block-column-is-layout-flow\">\n<figure class=\"wp-block-image aligncenter size-thumbnail\"><a href=\"https:\/\/obera.fr\/?page_id=489\"><img decoding=\"async\" width=\"150\" height=\"150\" src=\"https:\/\/obera.fr\/wp-content\/uploads\/2020\/10\/table-SF-150x150.png\" alt=\"Sz&#xED;v&#xF3;asztalok\" class=\"wp-image-1179\" srcset=\"https:\/\/obera.fr\/wp-content\/uploads\/2020\/10\/table-SF-150x150.png 150w, https:\/\/obera.fr\/wp-content\/uploads\/2020\/10\/table-SF-300x300.png 300w, https:\/\/obera.fr\/wp-content\/uploads\/2020\/10\/table-SF.png 433w\" sizes=\"(max-width: 150px) 100vw, 150px\" \/><\/a><figcaption class=\"wp-element-caption\">Sz\u00edv\u00f3asztalok<\/figcaption><\/figure>\n<\/div>\n<\/div>\n\n<div class=\"wp-block-columns is-layout-flex wp-container-core-columns-is-layout-28f84493 wp-block-columns-is-layout-flex\">\n<div class=\"wp-block-column is-layout-flow wp-block-column-is-layout-flow\">\n<figure class=\"wp-block-image aligncenter size-thumbnail\"><a href=\"https:\/\/obera.fr\/produits\/bras-dispositifs-captation\/hotte-rectangulaire\/\"><img decoding=\"async\" width=\"150\" height=\"150\" src=\"https:\/\/obera.fr\/wp-content\/uploads\/2020\/10\/hotte-rectangulaire-150x150.png\" alt=\"T&#xE9;glalap alak&#xFA; motorh&#xE1;ztet&#x151;k\" class=\"wp-image-1178\" srcset=\"https:\/\/obera.fr\/wp-content\/uploads\/2020\/10\/hotte-rectangulaire-150x150.png 150w, https:\/\/obera.fr\/wp-content\/uploads\/2020\/10\/hotte-rectangulaire.png 158w\" sizes=\"(max-width: 150px) 100vw, 150px\" \/><\/a><figcaption class=\"wp-element-caption\">Ipari n\u00e9gysz\u00f6gletes f\u00fcstelvezet\u0151k<\/figcaption><\/figure>\n<\/div>\n\n\n\n<div class=\"wp-block-column is-layout-flow wp-block-column-is-layout-flow\">\n<figure class=\"wp-block-image aligncenter size-thumbnail\"><a href=\"https:\/\/obera.fr\/produits\/bras-dispositifs-captation\/hotte-modulaire\/\"><img decoding=\"async\" width=\"150\" height=\"150\" src=\"https:\/\/obera.fr\/wp-content\/uploads\/2020\/10\/hotte-modulaire-A-logo-SF-150x150.png\" alt=\"Modul&#xE1;ris motorh&#xE1;ztet&#x151;\" class=\"wp-image-1177\"\/><\/a><figcaption class=\"wp-element-caption\">Modul\u00e1ris motorh\u00e1ztet\u0151k<\/figcaption><\/figure>\n<\/div>\n\n\n\n<div class=\"wp-block-column is-layout-flow wp-block-column-is-layout-flow\">\n<figure class=\"wp-block-image aligncenter size-full\"><a href=\"https:\/\/obera.fr\/produits\/bras-dispositifs-captation\/capot-industriel\/\"><img decoding=\"async\" width=\"150\" height=\"150\" src=\"https:\/\/obera.fr\/wp-content\/uploads\/2020\/10\/capots.png\" alt=\"Sz&#xED;v&#xF3;h&#xE1;ztet&#x151;k\" class=\"wp-image-1173\"\/><\/a><figcaption class=\"wp-element-caption\">Sz\u00edv\u00f3- \u00e9s gy\u0171jt\u0151fed\u00e9l<\/figcaption><\/figure>\n<\/div>\n\n\n\n<div class=\"wp-block-column is-layout-flow wp-block-column-is-layout-flow\"><\/div>\n<\/div>\n","protected":false},"excerpt":{"rendered":"<p>OBDOS sz\u00edv\u00f3fr\u00f6ccs\u00f6nt\u0151k v\u00e1laszt\u00e9ka A sz\u00edv\u00f3 h\u00e1tfalak olyan r\u00e9sszel ell\u00e1tott &#8222;falak&#8221;, amelyek besz\u00edvj\u00e1k a kezel\u0151 \u00e1ltal k\u00f6zvetlen\u00fcl el\u0151tte termelt szennyez\u0151 anyagokat, legyenek azok g\u0151z\u00f6k, g\u00e1zok, porok vagy f\u00fcst\u00f6k. Ez azt jelenti, hogy a kezel\u0151 biztons\u00e1gban van, \u00e9s an\u00e9lk\u00fcl dolgozhat, hogy a munk\u00e1ja sor\u00e1n kibocs\u00e1tott k\u00fcl\u00f6nb\u00f6z\u0151 szennyez\u0151 anyagokat bel\u00e9legezn\u00e9. Ehhez a berendez\u00e9shez k\u00e9t oldals\u00f3 \u00e1rny\u00e9kol\u00f3t, valamint egy v\u00edzszintes napellenz\u0151t is hozz\u00e1 lehet adni, hogy a kezel\u0151t \u00e9s a munkater\u00fclet\u00e9t behat\u00e1rolja, \u00e9s \u00edgy hat\u00e9konyabb\u00e1 tegye a sz\u00edv\u00e1st. A sz\u00edv\u00f3 fr\u00f6ccs\u00f6nt\u0151 el\u0151nyei El\u0151ny\u00f6k K\u00fcl\u00f6nleges jellemz\u0151k Jellemz\u0151k Alkalmaz\u00e1sok Szennyez\u0151 anyagok Ipar\u00e1gak M\u0171szaki specifik\u00e1ci\u00f3k Az OberA 40 cm-t\u0151l 3,60 m sz\u00e9less\u00e9gig terjed\u0151 sz\u00edv\u00f3fr\u00f6ccs\u00f6nt\u0151ket k\u00edn\u00e1l (ak\u00e1r 3 &#8230; <\/p>\n<p class=\"read-more-container\"><a title=\"Sz\u00edv\u00f3 h\u00e1ts\u00f3 burkolatok\" class=\"read-more button\" href=\"https:\/\/obera.fr\/hu\/produits\/bras-dispositifs-captation\/dosserets-aspirants\/#more-67721\" aria-label=\"Read more about Sz\u00edv\u00f3 h\u00e1ts\u00f3 burkolatok\">Lire la suite<\/a><\/p>\n","protected":false},"author":4,"featured_media":83741,"parent":67670,"menu_order":0,"comment_status":"closed","ping_status":"closed","template":"","meta":{"_acf_changed":false,"_seopress_robots_primary_cat":"","_seopress_titles_title":"Dosserets aspirants pour capter les polluants - oberA","_seopress_titles_desc":"Les dosserets aspirants aspirent les polluants g\u00e9n\u00e9r\u00e9s par l\u2019op\u00e9rateur face \u00e0 lui, qu\u2019il s\u2019agisse de vapeurs, de gaz, de poussi\u00e8res ou de fum\u00e9es.","_seopress_robots_index":"","_seopress_analysis_target_kw":"","footnotes":""},"class_list":{"0":"post-67721","1":"page","2":"type-page","3":"status-publish","4":"has-post-thumbnail","6":"no-featured-image-padding","7":"resize-featured-image"},"acf":[],"_links":{"self":[{"href":"https:\/\/obera.fr\/hu\/wp-json\/wp\/v2\/pages\/67721","targetHints":{"allow":["GET"]}}],"collection":[{"href":"https:\/\/obera.fr\/hu\/wp-json\/wp\/v2\/pages"}],"about":[{"href":"https:\/\/obera.fr\/hu\/wp-json\/wp\/v2\/types\/page"}],"author":[{"embeddable":true,"href":"https:\/\/obera.fr\/hu\/wp-json\/wp\/v2\/users\/4"}],"replies":[{"embeddable":true,"href":"https:\/\/obera.fr\/hu\/wp-json\/wp\/v2\/comments?post=67721"}],"version-history":[{"count":9,"href":"https:\/\/obera.fr\/hu\/wp-json\/wp\/v2\/pages\/67721\/revisions"}],"predecessor-version":[{"id":112854,"href":"https:\/\/obera.fr\/hu\/wp-json\/wp\/v2\/pages\/67721\/revisions\/112854"}],"up":[{"embeddable":true,"href":"https:\/\/obera.fr\/hu\/wp-json\/wp\/v2\/pages\/67670"}],"wp:featuredmedia":[{"embeddable":true,"href":"https:\/\/obera.fr\/hu\/wp-json\/wp\/v2\/media\/83741"}],"wp:attachment":[{"href":"https:\/\/obera.fr\/hu\/wp-json\/wp\/v2\/media?parent=67721"}],"curies":[{"name":"wp","href":"https:\/\/api.w.org\/{rel}","templated":true}]}}