{"id":67750,"date":"2021-03-09T13:26:35","date_gmt":"2021-03-09T11:26:35","guid":{"rendered":"https:\/\/obera.fr\/table-rotative-360\/"},"modified":"2025-06-30T10:09:17","modified_gmt":"2025-06-30T08:09:17","slug":"table-rotative-360","status":"publish","type":"page","link":"https:\/\/obera.fr\/hu\/produits\/szivoasztalok\/table-rotative-360\/","title":{"rendered":"360\u00b0-os sz\u00edv\u00f3asztal"},"content":{"rendered":"\n\n<h2 class=\"wp-block-heading\" id=\"table-d-extraction-rotative\">Forg\u00f3 elsz\u00edv\u00f3asztal<\/h2>\n\n<div class=\"wp-block-columns is-layout-flex wp-container-core-columns-is-layout-28f84493 wp-block-columns-is-layout-flex\">\n<div class=\"wp-block-column is-layout-flow wp-block-column-is-layout-flow\" style=\"flex-basis:33.33%\">\n<figure class=\"wp-block-image aligncenter size-large\"><img decoding=\"async\" width=\"1024\" height=\"1024\" src=\"https:\/\/obera.fr\/wp-content\/uploads\/2025\/01\/image-table-aspirante-rotative-1024x1024.jpg\" alt=\"k&#xE9;p forg&#xF3; sz&#xED;v&#xF3;asztal\" class=\"wp-image-57698\" srcset=\"https:\/\/obera.fr\/wp-content\/uploads\/2025\/01\/image-table-aspirante-rotative-1024x1024.jpg 1024w, https:\/\/obera.fr\/wp-content\/uploads\/2025\/01\/image-table-aspirante-rotative-300x300.jpg 300w, https:\/\/obera.fr\/wp-content\/uploads\/2025\/01\/image-table-aspirante-rotative-150x150.jpg 150w, https:\/\/obera.fr\/wp-content\/uploads\/2025\/01\/image-table-aspirante-rotative-768x768.jpg 768w, https:\/\/obera.fr\/wp-content\/uploads\/2025\/01\/image-table-aspirante-rotative-400x400.jpg 400w, https:\/\/obera.fr\/wp-content\/uploads\/2025\/01\/image-table-aspirante-rotative-600x600.jpg 600w, https:\/\/obera.fr\/wp-content\/uploads\/2025\/01\/image-table-aspirante-rotative.jpg 1200w\" sizes=\"(max-width: 1024px) 100vw, 1024px\" \/><figcaption class=\"wp-element-caption\">\nA forg\u00f3 sz\u00edv\u00f3asztal k\u00e9pe<\/figcaption><\/figure>\n<\/div>\n\n\n\n<div class=\"wp-block-column is-layout-flow wp-block-column-is-layout-flow\" style=\"flex-basis:66.66%\">\n<p>A 360\u00b0-os elsz\u00edv\u00f3asztal k\u00fcl\u00f6n\u00f6sen alkalmas mechanikus \u00e9s termikus elv\u00e1laszt\u00e1si folyamatokhoz. Az asztal saj\u00e1t tengelye k\u00f6r\u00fcli elforgat\u00e1s\u00e1nak funkci\u00f3ja teljes hozz\u00e1f\u00e9r\u00e9st biztos\u00edt a felhaszn\u00e1l\u00f3knak a munkadarabhoz, cs\u00f6kkentve ezzel a f\u00e1rads\u00e1gos \u00e1tfesz\u00edt\u00e9si folyamatokat.  <\/p>\n\n\n\n<p>Az optimaliz\u00e1lt l\u00e9g\u00e1raml\u00e1snak \u00e9s a munkater\u00fclet f\u00f6l\u00e9 helyezett rugalmas csukly\u00e1nak k\u00f6sz\u00f6nhet\u0151en a 360\u00b0-os sz\u00edv\u00f3asztal hat\u00e9konyan v\u00e9di a dolgoz\u00f3kat a port\u00f3l \u00e9s a f\u00fcstt\u0151l.  <\/p>\n\n\n\n<p>Az asztal ergon\u00f3mikus kialak\u00edt\u00e1s\u00e1nak k\u00f6sz\u00f6nhet\u0151en magass\u00e1ga sz\u00fcks\u00e9g eset\u00e9n \u00e1ll\u00edthat\u00f3, ami biztons\u00e1gos \u00e9s kellemes munkak\u00f6r\u00fclm\u00e9nyeket garant\u00e1l.<\/p>\n\n\n\n<div style=\"height:30px\" aria-hidden=\"true\" class=\"wp-block-spacer\"><\/div>\n\n\n\n<div class=\"wp-block-columns is-layout-flex wp-container-core-columns-is-layout-28f84493 wp-block-columns-is-layout-flex\">\n<div class=\"wp-block-column is-layout-flow wp-block-column-is-layout-flow\" style=\"flex-basis:33.33%\">\n<div class=\"wp-block-buttons is-layout-flex wp-block-buttons-is-layout-flex\">\n<div class=\"wp-block-button\"><a class=\"wp-block-button__link wp-element-button\" href=\"https:\/\/obera.fr\/wp-content\/uploads\/2025\/04\/brochure-table-aspirante-rotative-.pdf\">A BROS\u00daRA LET\u00d6LT\u00c9SE<\/a><\/div>\n<\/div>\n<\/div>\n\n\n\n<div class=\"wp-block-column is-layout-flow wp-block-column-is-layout-flow\" style=\"flex-basis:33.34%\">\n<div class=\"wp-block-buttons is-horizontal is-content-justification-center is-layout-flex wp-container-core-buttons-is-layout-03627597 wp-block-buttons-is-layout-flex\">\n<div class=\"wp-block-button\"><a class=\"wp-block-button__link wp-element-button\" href=\"https:\/\/obera.fr\/contact\/\">Tudjon meg t\u00f6bbet<\/a><\/div>\n<\/div>\n<\/div>\n\n\n\n<div class=\"wp-block-column is-layout-flow wp-block-column-is-layout-flow\" style=\"flex-basis:33.34%\">\n<div class=\"wp-block-buttons is-content-justification-center is-layout-flex wp-container-core-buttons-is-layout-a89b3969 wp-block-buttons-is-layout-flex\">\n<div class=\"wp-block-button btn-devis-source\"><a class=\"wp-block-button__link wp-element-button\" href=\"https:\/\/obera.fr\/hu\/devis\/\">K\u00e9rjen \u00e1raj\u00e1nlatot<\/a><\/div>\n<\/div>\n\n\n<script>\r\ndocument.addEventListener('DOMContentLoaded', function() {\r\n    \/\/ 1. On cherche le titre H1 de la page\r\n    var h1 = document.querySelector('h1');\r\n    var productTitle = h1 ? h1.innerText.trim() : \"\";\r\n\r\n    \/\/ 2. On cherche les boutons via la classe CSS .btn-devis-source\r\n    var buttons = document.querySelectorAll('.btn-devis-source a');\r\n\r\n    \/\/ 3. Si on a le titre et les boutons, on ajoute le param\u00e8tre\r\n    if (buttons.length > 0 && productTitle !== \"\") {\r\n        var encodedTitle = encodeURIComponent(productTitle);\r\n\r\n        buttons.forEach(function(btn) {\r\n            var currentHref = btn.getAttribute('href');\r\n            \r\n            \/\/ S\u00e9curit\u00e9 pour ne pas ajouter le param\u00e8tre 2 fois\r\n            if (currentHref.indexOf('sujet=') === -1) {\r\n                var separator = currentHref.indexOf('?') !== -1 ? '&' : '?';\r\n                var newLink = currentHref + separator + 'sujet=' + encodedTitle;\r\n                \r\n                btn.setAttribute('href', newLink);\r\n            }\r\n        });\r\n    }\r\n});\r\n<\/script><\/div>\n<\/div>\n<\/div>\n<\/div>\n\n<p><\/p>\n\n<div class=\"wp-block-columns is-layout-flex wp-container-core-columns-is-layout-28f84493 wp-block-columns-is-layout-flex\">\n<div class=\"wp-block-column is-layout-flow wp-block-column-is-layout-flow\">\n<h3 class=\"wp-block-heading has-text-align-center\" id=\"avantages\">JUTALMAK<\/h3>\n\n\n\n<ul class=\"wp-block-list\">\n<li>Nagyobb hat\u00e9konys\u00e1g az alkatr\u00e9szek megmunk\u00e1l\u00e1sakor<\/li>\n\n\n\n<li>Id\u0151megtakar\u00edt\u00e1s  <\/li>\n\n\n\n<li>Magas ergon\u00f3mia<\/li>\n\n\n\n<li>A munkahelyi k\u00f6rnyezetszennyez\u00e9s cs\u00f6kkent\u00e9se<\/li>\n\n\n\n<li>Optimaliz\u00e1lt munkahelyi biztons\u00e1g<\/li>\n<\/ul>\n<\/div>\n\n\n\n<div class=\"wp-block-column is-layout-flow wp-block-column-is-layout-flow\">\n<h3 class=\"wp-block-heading has-text-align-center\" id=\"particularites\">K\u00fcl\u00f6nleges jellemz\u0151k<\/h3>\n\n\n\n<ul class=\"wp-block-list\">\n<li>\u00d6sszecsukhat\u00f3 oldals\u00f3 panel (fed\u00e9l n\u00e9lk\u00fcl)<\/li>\n\n\n\n<li>Minden oldalr\u00f3l megk\u00f6zel\u00edthet\u0151 helyis\u00e9g (ak\u00e1r 360 fokban)<\/li>\n\n\n\n<li>Maxim\u00e1lis szobasz\u00e9less\u00e9g: 900 mm (z\u00e1rt falakkal)<\/li>\n\n\n\n<li>K\u00f6r\u00fclbel\u00fcl 2500 m3\/h leveg\u0151mennyis\u00e9gre van sz\u00fcks\u00e9g<\/li>\n\n\n\n<li>Sz\u00edv\u00f3f\u00fav\u00f3ka az el\u00fcls\u0151 ter\u00fcleten<\/li>\n\n\n\n<li>\u00c1ll\u00edthat\u00f3 meg\u00e1ll\u00f3<\/li>\n<\/ul>\n<\/div>\n\n\n\n<div class=\"wp-block-column is-layout-flow wp-block-column-is-layout-flow\">\n<h3 class=\"wp-block-heading has-text-align-center\" id=\"caracteristiques\">funkci\u00f3k<\/h3>\n\n\n\n<ul class=\"wp-block-list\">\n<li>Fokozatmentes elektromos magass\u00e1g\u00e1ll\u00edt\u00e1s (980-1800 mm)<\/li>\n\n\n\n<li>F\u00e9mr\u00e1cs vagy vice<\/li>\n\n\n\n<li>M\u00e1gneses v\u00e9d\u0151pof\u00e1k<\/li>\n\n\n\n<li>Vil\u00e1g\u00edt\u00e1s<\/li>\n\n\n\n<li>Egy\u00e9ni platform<\/li>\n\n\n\n<li>ATEX-kompatibilis  <\/li>\n<\/ul>\n\n\n\n<p><\/p>\n<\/div>\n<\/div>\n\n<div class=\"wp-block-buttons is-content-justification-center is-layout-flex wp-container-core-buttons-is-layout-a89b3969 wp-block-buttons-is-layout-flex\">\n<div class=\"wp-block-button\"><a class=\"wp-block-button__link wp-element-button\" href=\"https:\/\/obera.fr\/wp-content\/uploads\/2024\/02\/brochure-table-aspirante-rotative-.pdf\">A dokument\u00e1ci\u00f3 let\u00f6lt\u00e9se<\/a><\/div>\n<\/div>\n\n<h3 class=\"wp-block-heading\" id=\"quels-polluants-traiter-sur-notre-table-aspirante\">Milyen szennyez\u0151 anyagokat kell kezelni a sz\u00edv\u00f3asztalunkon?<\/h3>\n\n<p>360\u00b0-os <a href=\"https:\/\/obera.fr\/hu\/produits\/tables-aspirantes\/\">sz\u00edv\u00f3asztalunk<\/a> a szennyez\u0151 anyagok sz\u00e9les sk\u00e1l\u00e1j\u00e1t k\u00e9pes kezelni, ide\u00e1lis esetben a neh\u00e9z szennyez\u0151 anyagokat, amelyek hajlamosak le\u00fclepedni.  <\/p>\n\n<p>Ilyenek p\u00e9ld\u00e1ul a f\u00e9mporok, hegeszt\u00e9si f\u00fcst, m\u0171anyag forg\u00e1cs, \u00e1sv\u00e1nyi porok, betonporok, g\u0151z\u00f6k \u00e9s kompozit anyagok.<\/p>\n\n<h2 class=\"wp-block-heading\" id=\"a-quelles-utilisations-convient-elle\">Mi a felhaszn\u00e1l\u00e1si m\u00f3dja?<\/h2>\n\n<p>Ezek a szennyez\u0151 anyagok nagyr\u00e9szt olyan folyamatok sor\u00e1n keletkeznek, mint a hegeszt\u00e9s, forraszt\u00e1s, f\u0171r\u00e9szel\u00e9s, v\u00e1g\u00e1s, csiszol\u00e1s, pol\u00edroz\u00e1s, megmunk\u00e1l\u00e1s, mar\u00e1s \u00e9s anyaglev\u00e1laszt\u00e1s. Ezek a folyamatok olyan ipar\u00e1gakban zajlanak, mint a koh\u00e1szat, a m\u0171anyagipar, a fafeldolgoz\u00e1s, a textilipar, az \u00e1sv\u00e1nyi anyagok, a vegyipar\/petrok\u00e9mia \u00e9s a pap\u00edr\/pap\u00edrkarton.<\/p>\n\n<div class=\"wp-block-columns is-layout-flex wp-container-core-columns-is-layout-28f84493 wp-block-columns-is-layout-flex\">\n<div class=\"wp-block-column is-layout-flow wp-block-column-is-layout-flow\">\n<h3 class=\"wp-block-heading has-text-align-center\" id=\"polluants\">SZENNYEZ\u0150K<\/h3>\n\n\n\n<div class=\"wp-block-columns is-layout-flex wp-container-core-columns-is-layout-28f84493 wp-block-columns-is-layout-flex\">\n<div class=\"wp-block-column is-layout-flow wp-block-column-is-layout-flow\">\n<figure class=\"wp-block-image aligncenter size-large\"><img decoding=\"async\" width=\"70\" height=\"70\" src=\"https:\/\/obera.fr\/wp-content\/uploads\/2021\/03\/polluants-poussieres-1.jpg\" alt=\"porszennyez&#x151; anyagok 1\" class=\"wp-image-4969\"\/><figcaption class=\"wp-element-caption\">Por<\/figcaption><\/figure>\n\n\n\n<figure class=\"wp-block-image aligncenter size-large\"><img decoding=\"async\" width=\"70\" height=\"70\" src=\"https:\/\/obera.fr\/wp-content\/uploads\/2021\/03\/industrie-fumees.jpg\" alt=\"ipari f&#xFC;st\" class=\"wp-image-4971\"\/><figcaption class=\"wp-element-caption\">G\u0151z\u00f6k<\/figcaption><\/figure>\n\n\n\n<figure class=\"wp-block-image aligncenter size-large\"><img decoding=\"async\" width=\"70\" height=\"70\" src=\"https:\/\/obera.fr\/wp-content\/uploads\/2021\/03\/industrie-brouillard-huile.jpg\" alt=\"olajk&#xF6;d ipar\" class=\"wp-image-4973\"\/><figcaption class=\"wp-element-caption\">Olajk\u00f6d<\/figcaption><\/figure>\n<\/div>\n\n\n\n<div class=\"wp-block-column is-layout-flow wp-block-column-is-layout-flow\">\n<figure class=\"wp-block-image aligncenter size-large\"><img decoding=\"async\" width=\"70\" height=\"70\" src=\"https:\/\/obera.fr\/wp-content\/uploads\/2021\/03\/polluants-copeaux-bois.jpg\" alt=\"faforg&#xE1;cs szennyez&#x151; anyagok\" class=\"wp-image-4970\"\/><figcaption class=\"wp-element-caption\">Chips<\/figcaption><\/figure>\n\n\n\n<figure class=\"wp-block-image aligncenter size-large\"><img decoding=\"async\" width=\"70\" height=\"70\" src=\"https:\/\/obera.fr\/wp-content\/uploads\/2021\/03\/industrie-odeur-2.jpg\" alt=\"szagipar 2\" class=\"wp-image-4972\"\/><figcaption class=\"wp-element-caption\">Szagok<\/figcaption><\/figure>\n\n\n\n<figure class=\"wp-block-image aligncenter size-large\"><img decoding=\"async\" width=\"70\" height=\"70\" src=\"https:\/\/obera.fr\/wp-content\/uploads\/2021\/03\/cov.jpg\" alt=\"cov\" class=\"wp-image-4974\"\/><figcaption class=\"wp-element-caption\">VOCS<\/figcaption><\/figure>\n<\/div>\n<\/div>\n<\/div>\n\n\n\n<div class=\"wp-block-column is-layout-flow wp-block-column-is-layout-flow\">\n<h3 class=\"wp-block-heading has-text-align-center\" id=\"industries\">ipar\u00e1gak<\/h3>\n\n\n\n<div class=\"wp-block-columns is-layout-flex wp-container-core-columns-is-layout-28f84493 wp-block-columns-is-layout-flex\">\n<div class=\"wp-block-column is-layout-flow wp-block-column-is-layout-flow\">\n<figure class=\"wp-block-image aligncenter size-large\"><img decoding=\"async\" width=\"70\" height=\"70\" src=\"https:\/\/obera.fr\/wp-content\/uploads\/2021\/03\/industrie-metallurgie-1.jpg\" alt=\"koh&#xE1;szati ipar 1\" class=\"wp-image-4975\"\/><figcaption class=\"wp-element-caption\">Koh\u00e1szat<\/figcaption><\/figure>\n\n\n\n<figure class=\"wp-block-image aligncenter size-large\"><img decoding=\"async\" width=\"70\" height=\"70\" src=\"https:\/\/obera.fr\/wp-content\/uploads\/2021\/03\/industrie-plastique.jpg\" alt=\"m&#x171;anyagipar\" class=\"wp-image-4976\"\/><figcaption class=\"wp-element-caption\">M\u0171anyagok<\/figcaption><\/figure>\n\n\n\n<figure class=\"wp-block-image aligncenter size-large\"><img decoding=\"async\" width=\"70\" height=\"70\" src=\"https:\/\/obera.fr\/wp-content\/uploads\/2021\/03\/industrie-minerai.jpg\" alt=\"&#xE1;sv&#xE1;nyi ipar\" class=\"wp-image-4977\"\/><figcaption class=\"wp-element-caption\">\u00c1sv\u00e1nyok<\/figcaption><\/figure>\n\n\n\n<figure class=\"wp-block-image aligncenter size-large\"><img decoding=\"async\" width=\"70\" height=\"70\" src=\"https:\/\/obera.fr\/wp-content\/uploads\/2021\/03\/industrie-dechets.jpg\" alt=\"hullad&#xE9;kipar\" class=\"wp-image-4978\"\/><figcaption class=\"wp-element-caption\">Hullad\u00e9kgy\u0171jt\u00e9s \u00e9s -v\u00e1logat\u00e1s<\/figcaption><\/figure>\n<\/div>\n\n\n\n<div class=\"wp-block-column is-layout-flow wp-block-column-is-layout-flow\">\n<figure class=\"wp-block-image aligncenter size-large\"><img decoding=\"async\" width=\"70\" height=\"70\" src=\"https:\/\/obera.fr\/wp-content\/uploads\/2021\/03\/industrie-bois.jpg\" alt=\"faipar\" class=\"wp-image-4979\"\/><figcaption class=\"wp-element-caption\">Famegmunk\u00e1l\u00e1s<\/figcaption><\/figure>\n\n\n\n<figure class=\"wp-block-image aligncenter size-large\"><img decoding=\"async\" width=\"70\" height=\"70\" src=\"https:\/\/obera.fr\/wp-content\/uploads\/2021\/03\/industrie-textile.jpg\" alt=\"textilipar\" class=\"wp-image-4980\"\/><figcaption class=\"wp-element-caption\">Text\u00edli\u00e1k<\/figcaption><\/figure>\n\n\n\n<figure class=\"wp-block-image aligncenter size-large\"><img decoding=\"async\" width=\"70\" height=\"70\" src=\"https:\/\/obera.fr\/wp-content\/uploads\/2021\/03\/industrie-chimie-1.jpg\" alt=\"vegyipar 1\" class=\"wp-image-4981\"\/><figcaption class=\"wp-element-caption\">Vegyszerek\/petrok\u00e9miai anyagok<\/figcaption><\/figure>\n\n\n\n<figure class=\"wp-block-image aligncenter size-large\"><img decoding=\"async\" width=\"70\" height=\"70\" src=\"https:\/\/obera.fr\/wp-content\/uploads\/2021\/03\/industrie-papier-carton.jpg\" alt=\"pap&#xED;r- &#xE9;s kartonipar\" class=\"wp-image-4982\"\/><figcaption class=\"wp-element-caption\">Pap\u00edr\/karton<\/figcaption><\/figure>\n\n\n\n<p><\/p>\n<\/div>\n<\/div>\n\n\n\n<p><\/p>\n<\/div>\n<\/div>\n\n<h2 class=\"wp-block-heading\" id=\"les-autres-produits-de-captation-et-d-aspiration-obera\">Egy\u00e9b OberA sz\u00edv\u00f3asztalok<\/h2>\n\n<div class=\"wp-block-columns is-layout-flex wp-container-core-columns-is-layout-28f84493 wp-block-columns-is-layout-flex\">\n<div class=\"wp-block-column is-layout-flow wp-block-column-is-layout-flow\">\n<figure class=\"wp-block-image aligncenter size-medium is-resized\"><a href=\"https:\/\/obera.fr\/produits\/tables-aspirantes\/table-aspirante-a-at\/\"><img decoding=\"async\" width=\"300\" height=\"300\" src=\"https:\/\/obera.fr\/wp-content\/uploads\/2020\/10\/table-SF-300x300.png\" alt=\"Sz&#xED;v&#xF3;asztalok\" class=\"wp-image-1179\" style=\"width:auto;height:150px\" srcset=\"https:\/\/obera.fr\/wp-content\/uploads\/2020\/10\/table-SF-300x300.png 300w, https:\/\/obera.fr\/wp-content\/uploads\/2020\/10\/table-SF-150x150.png 150w, https:\/\/obera.fr\/wp-content\/uploads\/2020\/10\/table-SF.png 433w\" sizes=\"(max-width: 300px) 100vw, 300px\" \/><\/a><figcaption class=\"wp-element-caption\">A &amp; AT sz\u00edv\u00f3asztal<\/figcaption><\/figure>\n<\/div>\n\n\n\n<div class=\"wp-block-column is-layout-flow wp-block-column-is-layout-flow\">\n<figure class=\"wp-block-image aligncenter size-full\"><a href=\"https:\/\/obera.fr\/produits\/tables-aspirantes\/table-autonome\/\"><img decoding=\"async\" width=\"150\" height=\"150\" src=\"https:\/\/obera.fr\/wp-content\/uploads\/2022\/06\/Sans-titre-2022-06-07T101130.850.png\" alt=\"&#xD6;n&#xE1;ll&#xF3; sz&#xED;v&#xF3;asztalok\" class=\"wp-image-13083\"\/><\/a><figcaption class=\"wp-element-caption\">\u00d6n\u00e1ll\u00f3 sz\u00edv\u00f3asztal<\/figcaption><\/figure>\n<\/div>\n\n\n\n<div class=\"wp-block-column is-layout-flow wp-block-column-is-layout-flow\">\n<figure class=\"wp-block-image aligncenter size-medium is-resized\"><img decoding=\"async\" width=\"300\" height=\"300\" src=\"https:\/\/obera.fr\/wp-content\/uploads\/2024\/05\/epurbox-tsp-300x300.png\" alt=\"epurbox tsp\" class=\"wp-image-30348\" style=\"width:auto;height:150px\" srcset=\"https:\/\/obera.fr\/wp-content\/uploads\/2024\/05\/epurbox-tsp-300x300.png 300w, https:\/\/obera.fr\/wp-content\/uploads\/2024\/05\/epurbox-tsp-1024x1024.png 1024w, https:\/\/obera.fr\/wp-content\/uploads\/2024\/05\/epurbox-tsp-150x150.png 150w, https:\/\/obera.fr\/wp-content\/uploads\/2024\/05\/epurbox-tsp-768x768.png 768w, https:\/\/obera.fr\/wp-content\/uploads\/2024\/05\/epurbox-tsp.png 1200w\" sizes=\"(max-width: 300px) 100vw, 300px\" \/><figcaption class=\"wp-element-caption\">ePURBOX Atex<\/figcaption><\/figure>\n<\/div>\n<\/div>\n","protected":false},"excerpt":{"rendered":"<p>Forg\u00f3 elsz\u00edv\u00f3asztal A 360\u00b0-os elsz\u00edv\u00f3asztal k\u00fcl\u00f6n\u00f6sen alkalmas mechanikus \u00e9s termikus elv\u00e1laszt\u00e1si folyamatokhoz. Az asztal saj\u00e1t tengelye k\u00f6r\u00fcli elforgat\u00e1s\u00e1nak funkci\u00f3ja teljes hozz\u00e1f\u00e9r\u00e9st biztos\u00edt a felhaszn\u00e1l\u00f3knak a munkadarabhoz, cs\u00f6kkentve ezzel a f\u00e1rads\u00e1gos \u00e1tfesz\u00edt\u00e9si folyamatokat. Az optimaliz\u00e1lt l\u00e9g\u00e1raml\u00e1snak \u00e9s a munkater\u00fclet f\u00f6l\u00e9 helyezett rugalmas csukly\u00e1nak k\u00f6sz\u00f6nhet\u0151en a 360\u00b0-os sz\u00edv\u00f3asztal hat\u00e9konyan v\u00e9di a dolgoz\u00f3kat a port\u00f3l \u00e9s a f\u00fcstt\u0151l. Az asztal ergon\u00f3mikus kialak\u00edt\u00e1s\u00e1nak k\u00f6sz\u00f6nhet\u0151en magass\u00e1ga sz\u00fcks\u00e9g eset\u00e9n \u00e1ll\u00edthat\u00f3, ami biztons\u00e1gos \u00e9s kellemes munkak\u00f6r\u00fclm\u00e9nyeket garant\u00e1l. JUTALMAK K\u00fcl\u00f6nleges jellemz\u0151k funkci\u00f3k Milyen szennyez\u0151 anyagokat kell kezelni a sz\u00edv\u00f3asztalunkon? 360\u00b0-os sz\u00edv\u00f3asztalunk a szennyez\u0151 anyagok sz\u00e9les sk\u00e1l\u00e1j\u00e1t k\u00e9pes kezelni, ide\u00e1lis esetben a neh\u00e9z szennyez\u0151 anyagokat, amelyek hajlamosak le\u00fclepedni. Ilyenek &#8230; <\/p>\n<p class=\"read-more-container\"><a title=\"360\u00b0-os sz\u00edv\u00f3asztal\" class=\"read-more button\" href=\"https:\/\/obera.fr\/hu\/produits\/szivoasztalok\/table-rotative-360\/#more-67750\" aria-label=\"Read more about 360\u00b0-os sz\u00edv\u00f3asztal\">Lire la suite<\/a><\/p>\n","protected":false},"author":4,"featured_media":83741,"parent":154244,"menu_order":0,"comment_status":"closed","ping_status":"closed","template":"","meta":{"_acf_changed":false,"_seopress_robots_primary_cat":"","_seopress_titles_title":"oberA 360\u00b0-os sz\u00edv\u00f3asztal vagy forg\u00f3 elsz\u00edv\u00f3asztal","_seopress_titles_desc":"A 360\u00b0-os elsz\u00edv\u00f3asztal k\u00fcl\u00f6n\u00f6sen alkalmas mechanikus \u00e9s termikus elv\u00e1laszt\u00e1si folyamatokhoz. Hat\u00e9kony v\u00e9delmet ny\u00fajt a munkav\u00e1llal\u00f3k sz\u00e1m\u00e1ra.","_seopress_robots_index":"","footnotes":""},"class_list":{"0":"post-67750","1":"page","2":"type-page","3":"status-publish","4":"has-post-thumbnail","6":"no-featured-image-padding","7":"resize-featured-image"},"acf":[],"_links":{"self":[{"href":"https:\/\/obera.fr\/hu\/wp-json\/wp\/v2\/pages\/67750","targetHints":{"allow":["GET"]}}],"collection":[{"href":"https:\/\/obera.fr\/hu\/wp-json\/wp\/v2\/pages"}],"about":[{"href":"https:\/\/obera.fr\/hu\/wp-json\/wp\/v2\/types\/page"}],"author":[{"embeddable":true,"href":"https:\/\/obera.fr\/hu\/wp-json\/wp\/v2\/users\/4"}],"replies":[{"embeddable":true,"href":"https:\/\/obera.fr\/hu\/wp-json\/wp\/v2\/comments?post=67750"}],"version-history":[{"count":11,"href":"https:\/\/obera.fr\/hu\/wp-json\/wp\/v2\/pages\/67750\/revisions"}],"predecessor-version":[{"id":117779,"href":"https:\/\/obera.fr\/hu\/wp-json\/wp\/v2\/pages\/67750\/revisions\/117779"}],"up":[{"embeddable":true,"href":"https:\/\/obera.fr\/hu\/wp-json\/wp\/v2\/pages\/154244"}],"wp:featuredmedia":[{"embeddable":true,"href":"https:\/\/obera.fr\/hu\/wp-json\/wp\/v2\/media\/83741"}],"wp:attachment":[{"href":"https:\/\/obera.fr\/hu\/wp-json\/wp\/v2\/media?parent=67750"}],"curies":[{"name":"wp","href":"https:\/\/api.w.org\/{rel}","templated":true}]}}