{"id":67768,"date":"2020-08-26T12:41:56","date_gmt":"2020-08-26T10:41:56","guid":{"rendered":"https:\/\/obera.fr\/poussieres-epur-b01-ecoprime\/"},"modified":"2026-02-10T18:16:20","modified_gmt":"2026-02-10T16:16:20","slug":"poussieres-epur-b01-ecoprime","status":"publish","type":"page","link":"https:\/\/obera.fr\/hu\/produits\/purificateurs-air\/poussieres-epur-b01-ecoprime\/","title":{"rendered":"ePUR B01 Ecoprime porleveg\u0151tiszt\u00edt\u00f3 k\u00e9sz\u00fcl\u00e9k"},"content":{"rendered":"\n<p><strong>Az ePUR B01 Ecoprime<\/strong> egy <a href=\"https:\/\/obera.fr\/hu\/produits\/purificateurs-air\/\" data-type=\"page\" data-id=\"26\">professzion\u00e1lis l\u00e9gtiszt\u00edt\u00f3<\/a> k\u00e9sz\u00fcl\u00e9k kis t\u00e9rfogat\u00fa l\u00e9gt\u00e9rbe.<\/p>\n\n\n<h2 class=\"wp-block-heading\" id=\"comment-fonctionne-notre-purificateur-d-air\">Hogyan m\u0171k\u00f6dik a l\u00e9gtiszt\u00edt\u00f3nk?<\/h2>\n\n<div class=\"wp-block-columns is-layout-flex wp-container-core-columns-is-layout-28f84493 wp-block-columns-is-layout-flex\">\n<div class=\"wp-block-column is-layout-flow wp-block-column-is-layout-flow\" style=\"flex-basis:33.33%\">\n<figure class=\"wp-block-image aligncenter size-medium\"><img decoding=\"async\" width=\"300\" height=\"300\" src=\"https:\/\/obera.fr\/wp-content\/uploads\/2020\/09\/epur-b01-ecoprime-300x300.jpg\" alt=\"Epur B01 Ecoprime\" class=\"wp-image-1008\" srcset=\"https:\/\/obera.fr\/wp-content\/uploads\/2020\/09\/epur-b01-ecoprime-300x300.jpg 300w, https:\/\/obera.fr\/wp-content\/uploads\/2020\/09\/epur-b01-ecoprime-150x150.jpg 150w, https:\/\/obera.fr\/wp-content\/uploads\/2020\/09\/epur-b01-ecoprime.jpg 433w\" sizes=\"(max-width: 300px) 100vw, 300px\" \/><\/figure>\n<\/div>\n\n\n\n<div class=\"wp-block-column is-layout-flow wp-block-column-is-layout-flow\" style=\"flex-basis:66.66%\">\n<p>M\u0171k\u00f6d\u00e9se egyszer\u0171: a szennyezett leveg\u0151 a k\u00e9sz\u00fcl\u00e9k tetej\u00e9n sz\u00edv\u00f3dik be, majd a k\u00e9sz\u00fcl\u00e9k belsej\u00e9ben t\u00f6bb sz\u0171r\u0151r\u00e9tegen halad \u00e1t, miel\u0151tt alulr\u00f3l k\u00f6zvetlen\u00fcl az \u00d6n munkater\u00fclet\u00e9re ker\u00fclne.<\/p>\n\n\n\n<h3 class=\"wp-block-heading\" id=\"a-quelles-utilisations-convient-il\">Mi a felhaszn\u00e1l\u00e1si m\u00f3dja?<\/h3>\n\n\n\n<p>Ez a <strong>leveg\u0151kezel\u0151<\/strong> berendez\u00e9s gyakorlatilag minden t\u00edpus\u00fa v\u00e1llalkoz\u00e1s sz\u00e1m\u00e1ra alkalmas. Hat\u00e9konyan alkalmazhat\u00f3 kis \u00e9s k\u00f6zepes m\u00e9ret\u0171 helyis\u00e9gekben, mint p\u00e9ld\u00e1ul irod\u00e1k, t\u00e1rgyal\u00f3termek, fodr\u00e1szszalonok, k\u00f6r\u00f6mszalonok, sz\u00e1llod\u00e1k, tiszt\u00edt\u00f3k, edz\u0151termek, orvosi rendel\u0151k, fogorvosok, id\u0151sotthonok (EPHAD), k\u00e9zm\u0171vesek vagy ak\u00e1r iskol\u00e1k stb.<\/p>\n\n\n\n<div class=\"wp-block-columns is-layout-flex wp-container-core-columns-is-layout-28f84493 wp-block-columns-is-layout-flex\">\n<div class=\"wp-block-column is-layout-flow wp-block-column-is-layout-flow\" style=\"flex-basis:33.34%\">\n<div class=\"wp-block-buttons is-content-justification-center is-layout-flex wp-container-core-buttons-is-layout-a89b3969 wp-block-buttons-is-layout-flex\">\n<div class=\"wp-block-button\"><a class=\"wp-block-button__link wp-element-button\" href=\"https:\/\/obera.fr\/wp-content\/uploads\/2023\/10\/brochure-ecoprime.pdf\">A bros\u00fara let\u00f6lt\u00e9se<\/a><\/div>\n<\/div>\n<\/div>\n\n\n\n<div class=\"wp-block-column is-layout-flow wp-block-column-is-layout-flow\" style=\"flex-basis:33.33%\"><\/div>\n\n\n\n<div class=\"wp-block-column is-layout-flow wp-block-column-is-layout-flow\" style=\"flex-basis:33.33%\">\n<div class=\"wp-block-buttons is-content-justification-center is-layout-flex wp-container-core-buttons-is-layout-a89b3969 wp-block-buttons-is-layout-flex\">\n<div class=\"wp-block-button btn-devis-source\"><a class=\"wp-block-button__link wp-element-button\" href=\"https:\/\/obera.fr\/hu\/devis\/\">K\u00e9rjen \u00e1raj\u00e1nlatot<\/a><\/div>\n<\/div>\n\n\n<script>\r\ndocument.addEventListener('DOMContentLoaded', function() {\r\n    \/\/ 1. On cherche le titre H1 de la page\r\n    var h1 = document.querySelector('h1');\r\n    var productTitle = h1 ? h1.innerText.trim() : \"\";\r\n\r\n    \/\/ 2. On cherche les boutons via la classe CSS .btn-devis-source\r\n    var buttons = document.querySelectorAll('.btn-devis-source a');\r\n\r\n    \/\/ 3. Si on a le titre et les boutons, on ajoute le param\u00e8tre\r\n    if (buttons.length > 0 && productTitle !== \"\") {\r\n        var encodedTitle = encodeURIComponent(productTitle);\r\n\r\n        buttons.forEach(function(btn) {\r\n            var currentHref = btn.getAttribute('href');\r\n            \r\n            \/\/ S\u00e9curit\u00e9 pour ne pas ajouter le param\u00e8tre 2 fois\r\n            if (currentHref.indexOf('sujet=') === -1) {\r\n                var separator = currentHref.indexOf('?') !== -1 ? '&' : '?';\r\n                var newLink = currentHref + separator + 'sujet=' + encodedTitle;\r\n                \r\n                btn.setAttribute('href', newLink);\r\n            }\r\n        });\r\n    }\r\n});\r\n<\/script><\/div>\n<\/div>\n<\/div>\n<\/div>\n\n<h2 class=\"wp-block-heading\" id=\"quels-polluants-puis-je-traiter-avec-le-purificateur-d-air-epur-b01-ecoprime\">Milyen szennyez\u0151d\u00e9seket kezelhetek az ePUR B01 Ecoprime l\u00e9gtiszt\u00edt\u00f3val?<\/h2>\n\n<p>Az ePUR B01 Ecoprime l\u00e9gtiszt\u00edt\u00f3 k\u00fcl\u00f6nb\u00f6z\u0151 sz\u0171r\u0151konfigur\u00e1ci\u00f3kkal szerelhet\u0151 fel. Alapfelszerelts\u00e9gk\u00e9nt akt\u00edv szenes molekul\u00e1ris sz\u0171r\u0151fokozatot tartalmaz a <strong>g\u00e1z halmaz\u00e1llapot\u00fa szennyez\u0151anyagok<\/strong> (VOC, szagok, formaldehidek stb.) \u00e9s egy <strong>r\u00e9szecskesz\u0171r\u0151<\/strong> fokozatot (F oszt\u00e1ly\u00fa tel\u00edtetts\u00e9gi sz\u0171r\u0151 HEPA-ig) a finom por, g\u00e1z halmaz\u00e1llapot\u00fa szennyez\u0151anyagok, szagok, VOC-k, valamint a leveg\u0151ben l\u00e9v\u0151 v\u00edrusok \u00e9s bakt\u00e9riumok kezel\u00e9s\u00e9re.<\/p>\n\n<div class=\"wp-block-buttons is-horizontal is-content-justification-center is-layout-flex wp-container-core-buttons-is-layout-03627597 wp-block-buttons-is-layout-flex\">\n<div class=\"wp-block-button\"><a class=\"wp-block-button__link wp-element-button\" href=\"https:\/\/obera.fr\/contact\/\">Tudjon meg t\u00f6bbet<\/a><\/div>\n<\/div>\n\n<div style=\"height:20px\" aria-hidden=\"true\" class=\"wp-block-spacer\"><\/div>\n\n<div class=\"wp-block-columns is-layout-flex wp-container-core-columns-is-layout-28f84493 wp-block-columns-is-layout-flex\">\n<div class=\"wp-block-column is-layout-flow wp-block-column-is-layout-flow\">\n<h3 class=\"wp-block-heading has-text-align-center\" id=\"polluants\">Szennyez\u0151 anyagok<\/h3>\n\n\n\n<hr class=\"wp-block-separator has-css-opacity is-style-wide\"\/>\n\n\n\n<div class=\"wp-block-columns is-layout-flex wp-container-core-columns-is-layout-28f84493 wp-block-columns-is-layout-flex\">\n<div class=\"wp-block-column is-layout-flow wp-block-column-is-layout-flow\">\n<figure class=\"wp-block-image aligncenter size-large\"><img decoding=\"async\" width=\"70\" height=\"70\" src=\"https:\/\/obera.fr\/wp-content\/uploads\/2020\/08\/polluants-poussieres.jpg\" alt=\"Szennyez&#x151;anyagok, por\" class=\"wp-image-675\"\/><figcaption class=\"wp-element-caption\">Por<\/figcaption><\/figure>\n<\/div>\n\n\n\n<div class=\"wp-block-column is-layout-flow wp-block-column-is-layout-flow\">\n<figure class=\"wp-block-image aligncenter size-large\"><img decoding=\"async\" width=\"70\" height=\"70\" src=\"https:\/\/obera.fr\/wp-content\/uploads\/2020\/10\/industrie-aerosols.jpg\" alt=\"Ipari aeroszolok\" class=\"wp-image-1201\"\/><figcaption class=\"wp-element-caption\">Aeroszolok<\/figcaption><\/figure>\n<\/div>\n<\/div>\n\n\n\n<p><\/p>\n<\/div>\n\n\n\n<div class=\"wp-block-column is-layout-flow wp-block-column-is-layout-flow\">\n<h3 class=\"wp-block-heading has-text-align-center\" id=\"industries\">Ipar\u00e1gak<\/h3>\n\n\n\n<hr class=\"wp-block-separator has-css-opacity is-style-wide\"\/>\n\n\n\n<p>Minden t\u00edpus\u00fa v\u00e1llalkoz\u00e1s sz\u00e1m\u00e1ra alkalmas, n\u00e9lk\u00fcl\u00f6zhetetlen lesz a :<\/p>\n\n\n\n<ul class=\"wp-block-list\">\n<li>Irod\u00e1k \u00e9s t\u00e1rgyal\u00f3k<\/li>\n\n\n\n<li>Nyitott ter\u0171 irod\u00e1k<\/li>\n\n\n\n<li>M\u0171v\u00e9szek<\/li>\n\n\n\n<li>Fodr\u00e1szok<\/li>\n\n\n\n<li>K\u00f6r\u00f6m m\u0171v\u00e9szet<\/li>\n\n\n\n<li>Elektronikus cigarett\u00e1k \u00e9s e-cigaretta folyad\u00e9kok kereskedelme<\/li>\n\n\n\n<li>Orvosi rendel\u0151k<\/li>\n\n\n\n<li>Fogorvosok<\/li>\n\n\n\n<li>Fogtechnikusok<\/li>\n\n\n\n<li>EPHAD<\/li>\n\n\n\n<li>Optikusok<\/li>\n\n\n\n<li>Sz\u00e1llod\u00e1k<\/li>\n\n\n\n<li>\u00c9ttermek<\/li>\n\n\n\n<li>K\u00e9szruha-\u00fczletek<\/li>\n\n\n\n<li>Sajt\u00f3<\/li>\n\n\n\n<li>Sport- \u00e9s fitneszk\u00f6zpontok<\/li>\n\n\n\n<li>Primeurs<\/li>\n\n\n\n<li>\u00d3vod\u00e1k \u00e9s iskol\u00e1k<\/li>\n<\/ul>\n<\/div>\n<\/div>\n\n<h2 class=\"wp-block-heading\" id=\"quelles-sont-les-caracteristiques-du-purificateur-d-air-epur-b01-ecoprime\">Melyek az ePUR B01 Ecoprime l\u00e9gtiszt\u00edt\u00f3 jellemz\u0151i?<\/h2>\n\n<figure class=\"wp-block-image alignright size-medium\"><img decoding=\"async\" width=\"300\" height=\"206\" src=\"https:\/\/obera.fr\/wp-content\/uploads\/2020\/10\/epur-ecoprime-300x206.jpg\" alt=\"Epur Ecoprime\" class=\"wp-image-1240\" srcset=\"https:\/\/obera.fr\/wp-content\/uploads\/2020\/10\/epur-ecoprime-300x206.jpg 300w, https:\/\/obera.fr\/wp-content\/uploads\/2020\/10\/epur-ecoprime-768x528.jpg 768w, https:\/\/obera.fr\/wp-content\/uploads\/2020\/10\/epur-ecoprime.jpg 900w\" sizes=\"(max-width: 300px) 100vw, 300px\" \/><figcaption class=\"wp-element-caption\">EcoPrime<\/figcaption><\/figure>\n\n<p>Ez a k\u00e9sz\u00fcl\u00e9k <strong>sz\u00e9nnel impregn\u00e1lt, nagy hat\u00e9konys\u00e1g\u00fa r\u00e9szecskesz\u0171r\u0151vel<\/strong> van felszerelve, amely lehet\u0151v\u00e9 teszi a por \u00e9s a g\u00e1z halmaz\u00e1llapot\u00fa szennyez\u0151anyagok t\u00f6bb mint 99,9%-\u00e1nak megk\u00f6t\u00e9s\u00e9t. Teljes\u00edtm\u00e9nye teljesen szab\u00e1lyozhat\u00f3, \u00edgy az \u00e1raml\u00e1si sebess\u00e9g az ig\u00e9nyekhez igaz\u00edthat\u00f3. Kompakt, m\u00e9rete 25x25x33 cm, \u00edgy m\u00e9g kis munkak\u00f6rnyezetbe is kiv\u00e1l\u00f3an illeszkedik. <\/p>\n\n<p>Ak\u00e1r 60 m\u00b2-es fel\u00fcleten is hat\u00e9konyan k\u00e9pes kezelni a szennyez\u0151anyagokat. Gazdas\u00e1gos, A+ energiaoszt\u00e1ly\u00fa fogyaszt\u00e1sa mind\u00f6ssze 14W. Az ePUR B01 Ecoprime l\u00e9gtiszt\u00edt\u00f3 <strong>csendes<\/strong>, alacsony, 48 dB-es zajszintje teljes teljes\u00edtm\u00e9nyen lehet\u0151v\u00e9 teszi, hogy a k\u00f6zel\u00e9be helyezze an\u00e9lk\u00fcl, hogy zavarn\u00e1.<\/p>\n\n<h2 class=\"wp-block-heading\" id=\"quels-sont-ses-avantages\"><strong>Mik az el\u0151nyei?<\/strong><\/h2>\n\n<p>El\u0151sz\u00f6r is, a l\u00e9gtiszt\u00edt\u00f3 v\u00e9di az alkalmazottakat a finom port\u00f3l \u00e9s m\u00e1s g\u00e1z halmaz\u00e1llapot\u00fa szennyez\u0151anyagokt\u00f3l, megel\u0151zve mindenf\u00e9le t\u00fcd\u0151- vagy sz\u00edvbetegs\u00e9get. A <strong>HEPA sz\u0171r\u00e9s<\/strong> emellett elt\u00e1vol\u00edtja a v\u00edrusokat, bakt\u00e9riumokat \u00e9s sp\u00f3r\u00e1kat, korl\u00e1tozva a leveg\u0151ben terjed\u0151 k\u00f3rokoz\u00f3k \u00e9s allerg\u00e9nek okozta j\u00e1rv\u00e1nyokat.<\/p>\n\n<p>A tiszt\u00edt\u00e1si k\u00f6lts\u00e9gek szempontj\u00e1b\u00f3l is van el\u0151nye. Val\u00f3j\u00e1ban a k\u00e9sz\u00fcl\u00e9k kezeli a port \u00e9s m\u00e1s szennyez\u0151anyagokat, amelyek hi\u00e1ny\u00e1ban lerak\u00f3dn\u00e1nak a munkater\u00fclet\u00e9n. R\u00e1ad\u00e1sul szinte semmilyen karbantart\u00e1st nem ig\u00e9nyel. Haszn\u00e1lat\u00e1t\u00f3l \u00e9s a helyis\u00e9gben l\u00e9v\u0151 szennyez\u0151anyagok mennyis\u00e9g\u00e9t\u0151l f\u00fcgg\u0151en sz\u0171r\u0151it \u00e9vente csak egyszer kell cser\u00e9lni. Ez a kompakt l\u00e9gtiszt\u00edt\u00f3, modern \u00e9s letisztult diz\u00e1jnj\u00e1val, k\u00f6nnyen illeszkedik a helyis\u00e9g\u00e9be.<\/p>\n\n<p>Bizonyos esetekben professzion\u00e1lis l\u00e9gtiszt\u00edt\u00f3 k\u00e9sz\u00fcl\u00e9k\u00fcnket a munkahelyi expoz\u00edci\u00f3s hat\u00e1r\u00e9rt\u00e9k (OEL) betart\u00e1s\u00e1ra haszn\u00e1lj\u00e1k.<\/p>\n\n<div class=\"wp-block-columns is-layout-flex wp-container-core-columns-is-layout-28f84493 wp-block-columns-is-layout-flex\">\n<div class=\"wp-block-column is-layout-flow wp-block-column-is-layout-flow\">\n<h3 class=\"wp-block-heading has-text-align-center\" id=\"avantages\">El\u0151ny\u00f6k<\/h3>\n\n\n\n<ul class=\"wp-block-list\">\n<li>Nagy hat\u00e9konys\u00e1g\u00fa akt\u00edv sz\u00e9nnel impregn\u00e1lt szintetikus HEPA-sz\u0171r\u0151.<\/li>\n\n\n\n<li>Gazdas\u00e1gos: max. 14W<\/li>\n\n\n\n<li>Maxim\u00e1lis hat\u00e9konys\u00e1g 60 m\u00b2-ig.<\/li>\n<\/ul>\n<\/div>\n\n\n\n<div class=\"wp-block-column is-layout-flow wp-block-column-is-layout-flow\">\n<h3 class=\"wp-block-heading has-text-align-center\" id=\"particularites\">K\u00fcl\u00f6nleges jellemz\u0151k<\/h3>\n\n\n\n<ul class=\"wp-block-list\">\n<li>A teljes\u00edtm\u00e9ny 0 \u00e9s 100% k\u00f6z\u00f6tt \u00e1ll\u00edthat\u00f3.<\/li>\n\n\n\n<li>Modern, letisztult diz\u00e1jn<\/li>\n\n\n\n<li>Kompakt 25cm x 25cm x 33cm<\/li>\n\n\n\n<li>Csendes: max. 48 dB teljes teljes\u00edtm\u00e9nyen<\/li>\n<\/ul>\n<\/div>\n\n\n\n<div class=\"wp-block-column is-layout-flow wp-block-column-is-layout-flow\">\n<h3 class=\"wp-block-heading has-text-align-center\" id=\"caracteristiques\">Jellemz\u0151k<\/h3>\n\n\n\n<ul class=\"wp-block-list\">\n<li>A finom r\u00e9szecsk\u00e9k \u00e9s az ill\u00e9kony szerves vegy\u00fcletek (VOC) t\u00f6bb mint 99,9%-os sz\u0171r\u00e9se<\/li>\n\n\n\n<li>Kisz\u0171ri a v\u00edrusokat, bakt\u00e9riumokat \u00e9s sp\u00f3r\u00e1kat: seg\u00edt korl\u00e1tozni a leveg\u0151ben terjed\u0151 k\u00f3rokoz\u00f3k \u00e1ltal okozott j\u00e1rv\u00e1nyokat.<\/li>\n<\/ul>\n<\/div>\n<\/div>\n\n<div class=\"wp-block-buttons is-horizontal is-content-justification-center is-layout-flex wp-container-core-buttons-is-layout-03627597 wp-block-buttons-is-layout-flex\">\n<div class=\"wp-block-button\"><a class=\"wp-block-button__link wp-element-button\" href=\"https:\/\/obera.fr\/contact\/\">Tudjon meg t\u00f6bbet<\/a><\/div>\n<\/div>\n\n<h2 class=\"wp-block-heading\" id=\"exemples-de-domaine-d-application-pour-le-epur-b01-ecoprime\">Az ePUR B01 Ecoprime alkalmaz\u00e1si p\u00e9ld\u00e1i :<\/h2>\n\n<h3 class=\"wp-block-heading\" id=\"secteur-medical-hopitaux-ehpad-veterinaires-pedicures-podologues-dentistes-et-prothesistes-dentaires-cabinets-medicaux-espaces-funeraires\">Orvosi \u00e1gazat (k\u00f3rh\u00e1zak, id\u0151sotthonok, \u00e1llatorvosok, l\u00e1b\u00e1pol\u00f3 orvosok, fogorvosok \u00e9s fogtechnikusok, orvosi rendel\u0151k, temetkez\u00e9si v\u00e1llalatok).<\/h3>\n\n<p>Az ig\u00e9nyek sokf\u00e9l\u00e9k:<\/p>\n\n<ul class=\"wp-block-list\">\n<li>A leveg\u0151min\u0151s\u00e9g jav\u00edt\u00e1sa a <strong>leveg\u0151ben terjed\u0151 szennyez\u0151d\u00e9sek<\/strong>(v\u00edrusok, bakt\u00e9riumok) <strong>cs\u00f6kkent\u00e9se<\/strong>\u00e9rdek\u00e9ben.<\/li>\n\n\n\n<li>Fert\u0151tlen\u00edti \u00e9s <strong>megakad\u00e1lyozza a v\u00edrusok<\/strong>, bakt\u00e9riumok stb. <strong>terjed\u00e9s\u00e9t<\/strong>.<\/li>\n\n\n\n<li>A zavar\u00f3 szagok megsz\u00fcntet\u00e9se \u00e9s a <strong>k\u00fcl\u00f6nb\u00f6z\u0151 t\u00edpus\u00fa szagszennyez\u00e9sek semleges\u00edt\u00e9se<\/strong><\/li>\n\n\n\n<li>A portermel\u0151 tev\u00e9kenys\u00e9gekb\u0151l sz\u00e1rmaz\u00f3 <strong>porszint cs\u00f6kkent\u00e9se<\/strong> <\/li>\n<\/ul>\n\n<h2 class=\"wp-block-heading\" id=\"les-autres-purificateur-d-air-de-la-marque-obera\">Az oberA m\u00e1rka egy\u00e9b l\u00e9gtiszt\u00edt\u00f3i<\/h2>\n\n<div class=\"wp-block-columns is-layout-flex wp-container-core-columns-is-layout-28f84493 wp-block-columns-is-layout-flex\">\n<div class=\"wp-block-column is-layout-flow wp-block-column-is-layout-flow\">\n<figure class=\"wp-block-image aligncenter size-full is-resized\"><a href=\"https:\/\/obera.fr\/produits\/purificateurs-air\/filtower\/\"><img decoding=\"async\" width=\"184\" height=\"300\" src=\"https:\/\/obera.fr\/wp-content\/uploads\/2026\/01\/image-filtower.png\" alt=\"filtower k&#xE9;p\" class=\"wp-image-138903\" style=\"object-fit:contain;width:150px;height:150px\"\/><\/a><figcaption class=\"wp-element-caption\">Filtower<\/figcaption><\/figure>\n<\/div>\n\n\n\n<div class=\"wp-block-column is-layout-flow wp-block-column-is-layout-flow\">\n<figure class=\"wp-block-image aligncenter size-medium is-resized\"><a href=\"https:\/\/obera.fr\/produits\/purificateurs-air\/professionnel-epur-ca\/\"><img decoding=\"async\" width=\"300\" height=\"300\" src=\"https:\/\/obera.fr\/wp-content\/uploads\/2026\/01\/image-epur-ca-300x300.png\" alt=\"epur ca k&#xE9;p\" class=\"wp-image-138874\" style=\"width:150px;height:150px\" srcset=\"https:\/\/obera.fr\/wp-content\/uploads\/2026\/01\/image-epur-ca-300x300.png 300w, https:\/\/obera.fr\/wp-content\/uploads\/2026\/01\/image-epur-ca-1024x1024.png 1024w, https:\/\/obera.fr\/wp-content\/uploads\/2026\/01\/image-epur-ca-150x150.png 150w, https:\/\/obera.fr\/wp-content\/uploads\/2026\/01\/image-epur-ca-768x768.png 768w, https:\/\/obera.fr\/wp-content\/uploads\/2026\/01\/image-epur-ca.png 1200w\" sizes=\"(max-width: 300px) 100vw, 300px\" \/><\/a><figcaption class=\"wp-element-caption\">ePUR CA<\/figcaption><\/figure>\n<\/div>\n\n\n\n<div class=\"wp-block-column is-layout-flow wp-block-column-is-layout-flow\">\n<figure class=\"wp-block-image aligncenter size-full is-resized\"><a href=\"https:\/\/obera.fr\/produits\/purificateurs-air\/industriel-epur\/\"><img decoding=\"async\" width=\"1200\" height=\"1200\" src=\"https:\/\/obera.fr\/wp-content\/uploads\/2026\/01\/image-gamme-epur.png\" alt=\"epur term&#xE9;kcsal&#xE1;d k&#xE9;p\" class=\"wp-image-138868\" style=\"width:180px;height:auto\" srcset=\"https:\/\/obera.fr\/wp-content\/uploads\/2026\/01\/image-gamme-epur.png 1200w, https:\/\/obera.fr\/wp-content\/uploads\/2026\/01\/image-gamme-epur-300x300.png 300w, https:\/\/obera.fr\/wp-content\/uploads\/2026\/01\/image-gamme-epur-1024x1024.png 1024w, https:\/\/obera.fr\/wp-content\/uploads\/2026\/01\/image-gamme-epur-150x150.png 150w, https:\/\/obera.fr\/wp-content\/uploads\/2026\/01\/image-gamme-epur-768x768.png 768w\" sizes=\"(max-width: 1200px) 100vw, 1200px\" \/><\/a><figcaption class=\"wp-element-caption\">ePUR<\/figcaption><\/figure>\n<\/div>\n\n\n\n<div class=\"wp-block-column is-layout-flow wp-block-column-is-layout-flow\">\n<figure class=\"wp-block-image aligncenter size-full\"><a href=\"https:\/\/obera.fr\/produits\/purificateurs-air\/purificateur-rafraichisseur-epur150-fresh\/\"><img decoding=\"async\" width=\"150\" height=\"150\" src=\"https:\/\/obera.fr\/wp-content\/uploads\/2023\/04\/epur150-fresh-4.png\" alt=\"epur150 friss (4)\" class=\"wp-image-22427\"\/><\/a><figcaption class=\"wp-element-caption\">ePUR150 FRESH<\/figcaption><\/figure>\n<\/div>\n<\/div>\n","protected":false},"excerpt":{"rendered":"<p>Az ePUR B01 Ecoprime egy professzion\u00e1lis l\u00e9gtiszt\u00edt\u00f3 k\u00e9sz\u00fcl\u00e9k kis t\u00e9rfogat\u00fa l\u00e9gt\u00e9rbe. Hogyan m\u0171k\u00f6dik a l\u00e9gtiszt\u00edt\u00f3nk? M\u0171k\u00f6d\u00e9se egyszer\u0171: a szennyezett leveg\u0151 a k\u00e9sz\u00fcl\u00e9k tetej\u00e9n sz\u00edv\u00f3dik be, majd a k\u00e9sz\u00fcl\u00e9k belsej\u00e9ben t\u00f6bb sz\u0171r\u0151r\u00e9tegen halad \u00e1t, miel\u0151tt alulr\u00f3l k\u00f6zvetlen\u00fcl az \u00d6n munkater\u00fclet\u00e9re ker\u00fclne. Mi a felhaszn\u00e1l\u00e1si m\u00f3dja? Ez a leveg\u0151kezel\u0151 berendez\u00e9s gyakorlatilag minden t\u00edpus\u00fa v\u00e1llalkoz\u00e1s sz\u00e1m\u00e1ra alkalmas. Hat\u00e9konyan alkalmazhat\u00f3 kis \u00e9s k\u00f6zepes m\u00e9ret\u0171 helyis\u00e9gekben, mint p\u00e9ld\u00e1ul irod\u00e1k, t\u00e1rgyal\u00f3termek, fodr\u00e1szszalonok, k\u00f6r\u00f6mszalonok, sz\u00e1llod\u00e1k, tiszt\u00edt\u00f3k, edz\u0151termek, orvosi rendel\u0151k, fogorvosok, id\u0151sotthonok (EPHAD), k\u00e9zm\u0171vesek vagy ak\u00e1r iskol\u00e1k stb. Milyen szennyez\u0151d\u00e9seket kezelhetek az ePUR B01 Ecoprime l\u00e9gtiszt\u00edt\u00f3val? Az ePUR B01 Ecoprime l\u00e9gtiszt\u00edt\u00f3 k\u00fcl\u00f6nb\u00f6z\u0151 sz\u0171r\u0151konfigur\u00e1ci\u00f3kkal szerelhet\u0151 fel. Alapfelszerelts\u00e9gk\u00e9nt akt\u00edv szenes &#8230; <\/p>\n<p class=\"read-more-container\"><a title=\"ePUR B01 Ecoprime porleveg\u0151tiszt\u00edt\u00f3 k\u00e9sz\u00fcl\u00e9k\" class=\"read-more button\" href=\"https:\/\/obera.fr\/hu\/produits\/purificateurs-air\/poussieres-epur-b01-ecoprime\/#more-67768\" aria-label=\"Read more about ePUR B01 Ecoprime porleveg\u0151tiszt\u00edt\u00f3 k\u00e9sz\u00fcl\u00e9k\">Lire la suite<\/a><\/p>\n","protected":false},"author":4,"featured_media":83741,"parent":67794,"menu_order":0,"comment_status":"closed","ping_status":"closed","template":"","meta":{"_acf_changed":false,"_seopress_robots_primary_cat":"","_seopress_titles_title":"Purificateur d\u2019air poussi\u00e8re l\u2019ePUR B01 Ecoprime - oberA","_seopress_titles_desc":"Le purificateur d\u2019air ePUR B01 Ecoprime est \u00e9quip\u00e9 de diff\u00e9rentes configurations de filtration. Cet appareil de traitement d\u2019air convient \u00e0 toutes les entreprises","_seopress_robots_index":"","footnotes":""},"class_list":{"0":"post-67768","1":"page","2":"type-page","3":"status-publish","4":"has-post-thumbnail","6":"no-featured-image-padding","7":"resize-featured-image"},"acf":[],"_links":{"self":[{"href":"https:\/\/obera.fr\/hu\/wp-json\/wp\/v2\/pages\/67768","targetHints":{"allow":["GET"]}}],"collection":[{"href":"https:\/\/obera.fr\/hu\/wp-json\/wp\/v2\/pages"}],"about":[{"href":"https:\/\/obera.fr\/hu\/wp-json\/wp\/v2\/types\/page"}],"author":[{"embeddable":true,"href":"https:\/\/obera.fr\/hu\/wp-json\/wp\/v2\/users\/4"}],"replies":[{"embeddable":true,"href":"https:\/\/obera.fr\/hu\/wp-json\/wp\/v2\/comments?post=67768"}],"version-history":[{"count":7,"href":"https:\/\/obera.fr\/hu\/wp-json\/wp\/v2\/pages\/67768\/revisions"}],"predecessor-version":[{"id":141963,"href":"https:\/\/obera.fr\/hu\/wp-json\/wp\/v2\/pages\/67768\/revisions\/141963"}],"up":[{"embeddable":true,"href":"https:\/\/obera.fr\/hu\/wp-json\/wp\/v2\/pages\/67794"}],"wp:featuredmedia":[{"embeddable":true,"href":"https:\/\/obera.fr\/hu\/wp-json\/wp\/v2\/media\/83741"}],"wp:attachment":[{"href":"https:\/\/obera.fr\/hu\/wp-json\/wp\/v2\/media?parent=67768"}],"curies":[{"name":"wp","href":"https:\/\/api.w.org\/{rel}","templated":true}]}}