{"id":68643,"date":"2022-10-10T09:41:03","date_gmt":"2022-10-10T07:41:03","guid":{"rendered":"https:\/\/obera.fr\/produits\/purificateurs-air\/purificateur-rafraichisseur-epur150-fresh\/"},"modified":"2026-02-05T11:46:01","modified_gmt":"2026-02-05T09:46:01","slug":"purificateur-rafraichisseur-epur150-fresh","status":"publish","type":"page","link":"https:\/\/obera.fr\/hu\/produits\/purificateurs-air\/purificateur-rafraichisseur-epur150-fresh\/","title":{"rendered":"ePUR150 FRESH h\u0171t\u0151 l\u00e9gtiszt\u00edt\u00f3"},"content":{"rendered":"\n<h2 class=\"wp-block-heading\">Tiszt\u00edt\u00e1s \u00e9s h\u0171t\u00e9s<\/h2>\n\n<p>Az ipari h\u0171t\u0151 l\u00e9gtiszt\u00edt\u00f3 <strong>ePUR150 FRESH<\/strong> ide\u00e1lis minden t\u00edpus\u00fa munkater\u00fclet, ipari csarnok, forr\u00f3 pont stb. tiszt\u00edt\u00e1s\u00e1ra \u00e9s h\u0171t\u00e9s\u00e9re, teljesen term\u00e9szetes m\u00f3don, alacsony energiafogyaszt\u00e1ssal.<\/p>\n\n<h2 class=\"wp-block-heading\">Hogyan m\u0171k\u00f6dik?<\/h2>\n\n<div class=\"wp-block-columns is-layout-flex wp-container-core-columns-is-layout-28f84493 wp-block-columns-is-layout-flex\">\n<div class=\"wp-block-column is-vertically-aligned-top is-layout-flow wp-block-column-is-layout-flow\" style=\"flex-basis:33.33%\">\n<figure class=\"wp-block-image aligncenter size-full is-resized\"><img decoding=\"async\" width=\"700\" height=\"700\" src=\"https:\/\/obera.fr\/wp-content\/uploads\/2023\/04\/epur150-fresh-3.png\" alt=\"epur150 fresh 3\" class=\"wp-image-22417\" style=\"width:350px\" srcset=\"https:\/\/obera.fr\/wp-content\/uploads\/2023\/04\/epur150-fresh-3.png 700w, https:\/\/obera.fr\/wp-content\/uploads\/2023\/04\/epur150-fresh-3-300x300.png 300w, https:\/\/obera.fr\/wp-content\/uploads\/2023\/04\/epur150-fresh-3-150x150.png 150w\" sizes=\"(max-width: 700px) 100vw, 700px\" \/><\/figure>\n\n\n\n<div class=\"wp-block-columns is-layout-flex wp-container-core-columns-is-layout-28f84493 wp-block-columns-is-layout-flex\">\n<div class=\"wp-block-column is-layout-flow wp-block-column-is-layout-flow\">\n<figure class=\"wp-block-image alignright size-thumbnail is-resized\"><img decoding=\"async\" width=\"150\" height=\"150\" src=\"https:\/\/obera.fr\/wp-content\/uploads\/2023\/10\/design-sans-titre-36-150x150.png\" alt=\"terv c&#xED;m n&#xE9;lk&#xFC;l 36\" class=\"wp-image-24781\" style=\"object-fit:cover;width:80px;height:80px\" srcset=\"https:\/\/obera.fr\/wp-content\/uploads\/2023\/10\/design-sans-titre-36-150x150.png 150w, https:\/\/obera.fr\/wp-content\/uploads\/2023\/10\/design-sans-titre-36.png 300w\" sizes=\"(max-width: 150px) 100vw, 150px\" \/><\/figure>\n<\/div>\n\n\n\n<div class=\"wp-block-column is-layout-flow wp-block-column-is-layout-flow\">\n<figure class=\"wp-block-image alignleft size-full is-resized\"><img decoding=\"async\" width=\"300\" height=\"300\" src=\"https:\/\/obera.fr\/wp-content\/uploads\/2023\/10\/design-sans-titre-37.png\" alt=\"terv c&#xED;m n&#xE9;lk&#xFC;l 37\" class=\"wp-image-24784\" style=\"object-fit:cover;width:80px;height:80px\" srcset=\"https:\/\/obera.fr\/wp-content\/uploads\/2023\/10\/design-sans-titre-37.png 300w, https:\/\/obera.fr\/wp-content\/uploads\/2023\/10\/design-sans-titre-37-150x150.png 150w\" sizes=\"(max-width: 300px) 100vw, 300px\" \/><\/figure>\n<\/div>\n<\/div>\n<\/div>\n\n\n\n<div class=\"wp-block-column is-vertically-aligned-center is-layout-flow wp-block-column-is-layout-flow\" style=\"flex-basis:66.66%\">\n<p>M\u0171k\u00f6d\u00e9s\u00e9nek alapelve a leveg\u0151 besz\u00edv\u00e1sa, majd <strong>t\u00f6bb sz\u0171r\u0151fokozaton (G4\/F8)<\/strong> val\u00f3 \u00e1tvezet\u00e9se. Nagy meleg eset\u00e9n a m\u00e9hsejt panelek nedves\u00edthet\u0151k, \u00edgy <strong>h\u0171tve<\/strong> a munkater\u00fcletet tiszt\u00edtott leveg\u0151vel.<\/p>\n\n\n\n<p>A <strong>tiszt\u00edtott \u00e9s\/vagy h\u0171t\u00f6tt<\/strong> leveg\u0151 a helyis\u00e9gbe ker\u00fcl, optim\u00e1lis leveg\u0151min\u0151s\u00e9get \u00e9s h\u0151komfortot biztos\u00edtva.<\/p>\n\n\n\n<p>Az ipari h\u0171t\u0151 l\u00e9gtiszt\u00edt\u00f3 <strong>15 000 m\u00b3\/h<\/strong> l\u00e9g\u00e1ramot biztos\u00edt, maxim\u00e1lis \u00e1raml\u00e1sn\u00e1l <strong>100 Pa<\/strong> rendelkez\u00e9sre \u00e1ll\u00f3 nyom\u00e1ssal. Kapacit\u00e1sa <strong>70 m\u00b2 \u00e9s 400 m\u00b2<\/strong> k\u00f6z\u00f6tti helyis\u00e9gekhez alkalmas.<\/p>\n\n\n\n<div class=\"wp-block-columns is-layout-flex wp-container-core-columns-is-layout-28f84493 wp-block-columns-is-layout-flex\">\n<div class=\"wp-block-column is-layout-flow wp-block-column-is-layout-flow\">\n<div class=\"wp-block-buttons is-horizontal is-content-justification-center is-layout-flex wp-container-core-buttons-is-layout-03627597 wp-block-buttons-is-layout-flex\">\n<div class=\"wp-block-button\"><a class=\"wp-block-button__link wp-element-button\" href=\"https:\/\/obera.fr\/contact\/\">Tudjon meg t\u00f6bbet<\/a><\/div>\n<\/div>\n<\/div>\n\n\n\n<div class=\"wp-block-column is-layout-flow wp-block-column-is-layout-flow\">\n<div class=\"wp-block-buttons is-layout-flex wp-block-buttons-is-layout-flex\">\n<div class=\"wp-block-button\"><a class=\"wp-block-button__link wp-element-button\" href=\"https:\/\/obera.fr\/wp-content\/uploads\/2025\/05\/catalogue-obera-2025-epur150.pdf\">bros\u00fara let\u00f6lt\u00e9se<\/a><\/div>\n<\/div>\n<\/div>\n\n\n\n<div class=\"wp-block-column is-layout-flow wp-block-column-is-layout-flow\">\n<div class=\"wp-block-buttons is-content-justification-center is-layout-flex wp-container-core-buttons-is-layout-a89b3969 wp-block-buttons-is-layout-flex\">\n<div class=\"wp-block-button btn-devis-source\"><a class=\"wp-block-button__link wp-element-button\" href=\"https:\/\/obera.fr\/hu\/devis\/\">K\u00e9rjen \u00e1raj\u00e1nlatot<\/a><\/div>\n<\/div>\n\n\n<script>\r\ndocument.addEventListener('DOMContentLoaded', function() {\r\n    \/\/ 1. On cherche le titre H1 de la page\r\n    var h1 = document.querySelector('h1');\r\n    var productTitle = h1 ? h1.innerText.trim() : \"\";\r\n\r\n    \/\/ 2. On cherche les boutons via la classe CSS .btn-devis-source\r\n    var buttons = document.querySelectorAll('.btn-devis-source a');\r\n\r\n    \/\/ 3. Si on a le titre et les boutons, on ajoute le param\u00e8tre\r\n    if (buttons.length > 0 && productTitle !== \"\") {\r\n        var encodedTitle = encodeURIComponent(productTitle);\r\n\r\n        buttons.forEach(function(btn) {\r\n            var currentHref = btn.getAttribute('href');\r\n            \r\n            \/\/ S\u00e9curit\u00e9 pour ne pas ajouter le param\u00e8tre 2 fois\r\n            if (currentHref.indexOf('sujet=') === -1) {\r\n                var separator = currentHref.indexOf('?') !== -1 ? '&' : '?';\r\n                var newLink = currentHref + separator + 'sujet=' + encodedTitle;\r\n                \r\n                btn.setAttribute('href', newLink);\r\n            }\r\n        });\r\n    }\r\n});\r\n<\/script><\/div>\n<\/div>\n<\/div>\n<\/div>\n\n<div style=\"height:20px\" aria-hidden=\"true\" class=\"wp-block-spacer\"><\/div>\n\n<h3 class=\"wp-block-heading\">Milyen el\u0151nyei vannak?<\/h3>\n\n<p>Az <strong>ePUR150 FRESH<\/strong> l\u00e9gtiszt\u00edt\u00f3 sz\u00e1mos el\u0151nnyel j\u00e1r, bele\u00e9rtve a leveg\u0151min\u0151s\u00e9g jav\u00edt\u00e1s\u00e1t. F\u0151 c\u00e9lja a munkav\u00e1llal\u00f3k v\u00e9delme a finom r\u00e9szecsk\u00e9k \u00e9s durva por ellen, megel\u0151zve a t\u00fcd\u0151- vagy sz\u00edvbetegs\u00e9gek kialakul\u00e1s\u00e1t.<\/p>\n\n<p>A leveg\u0151min\u0151s\u00e9g jav\u00edt\u00e1sa mellett az <strong>ePUR150 FRESH<\/strong> h\u0171t\u0151v\u00e9 alak\u00edthat\u00f3 magas h\u0151m\u00e9rs\u00e9klet eset\u00e9n. A v\u00edz \u00e1raml\u00e1s\u00e1nak k\u00f6sz\u00f6nhet\u0151en a m\u00e9hsejt paneleken kereszt\u00fcl a tiszt\u00edtott leveg\u0151 h\u0171thet\u0151, \u00edgy leh\u0171ti a leveg\u0151t a munkater\u00fcleteken.<\/p>\n\n<p>Az energiamegtakar\u00edt\u00e1st is figyelembe kell venni. A k\u00e9sz\u00fcl\u00e9k \u00e1ltal gener\u00e1lt l\u00e9g\u00e1ram kondicion\u00e1lja a munkater\u00fcletet, a meleg leveg\u0151t fel\u00fclr\u0151l lefel\u00e9 ir\u00e1ny\u00edtva.<\/p>\n\n<h3 class=\"wp-block-heading\">ePUR150 FRESH n\u00e9h\u00e1ny pontban <\/h3>\n\n<div class=\"wp-block-columns is-layout-flex wp-container-core-columns-is-layout-28f84493 wp-block-columns-is-layout-flex\">\n<div class=\"wp-block-column is-layout-flow wp-block-column-is-layout-flow\">\n<ul class=\"wp-block-list\">\n<li>H\u0171t\u0151v\u00e9 alak\u00edthat\u00f3 l\u00e9gtiszt\u00edt\u00f3<\/li>\n\n\n\n<li>Gyors panelnyit\u00e1s f\u00e9lford\u00edt\u00f3s r\u00f6gz\u00edt\u0151kkel<\/li>\n\n\n\n<li>H\u0171t\u0151: automatikus v\u00edzell\u00e1t\u00e1s\u00e1nak k\u00f6sz\u00f6nhet\u0151en nem ig\u00e9nyel fel\u00fcgyeletet<\/li>\n\n\n\n<li>Er\u0151s \u00e9s csendes<\/li>\n\n\n\n<li>Nagyon alacsony energiafogyaszt\u00e1s<\/li>\n<\/ul>\n<\/div>\n\n\n\n<div class=\"wp-block-column is-layout-flow wp-block-column-is-layout-flow\">\n<ul class=\"wp-block-list\">\n<li>Sz\u0171r\u0151k testreszab\u00e1sa (G4 \/ F8)<\/li>\n\n\n\n<li>Plug &amp; Play: egyszer\u0171 \u00e9s gyors csatlakoztat\u00e1s<\/li>\n\n\n\n<li>Nincs szerel\u00e9s, sem elsz\u00edv\u00f3 cs\u0151vezet\u00e9k<\/li>\n\n\n\n<li>Mobil \u00e9s stabil a f\u00e9kes nylon kerekeknek k\u00f6sz\u00f6nhet\u0151en<\/li>\n\n\n\n<li>K\u00e9zi leereszt\u0151 rendszer<\/li>\n\n\n\n<li>K\u00f6nny\u0171 tiszt\u00edt\u00e1s<\/li>\n<\/ul>\n<\/div>\n<\/div>\n\n<h2 class=\"wp-block-heading\">Az ePUR150 FRESH l\u00e9gtiszt\u00edt\u00f3 \u00f6sszet\u00e9tele<\/h2>\n\n<div class=\"wp-block-columns is-layout-flex wp-container-core-columns-is-layout-28f84493 wp-block-columns-is-layout-flex\">\n<div class=\"wp-block-column is-layout-flow wp-block-column-is-layout-flow\">\n<ul class=\"wp-block-list\">\n<li>Vastag polipropil\u00e9n v\u00edztart\u00e1ly \u00e9s tet\u0151 UV-v\u00e9delemmel.<\/li>\n\n\n\n<li>AISI-304 rozsdamentes ac\u00e9l sarokoszlopok.<\/li>\n\n\n\n<li>5090 t\u00edpus\u00fa h\u0171t\u0151panelek, 100 mm vastags\u00e1gban.<\/li>\n\n\n\n<li>Kemenc\u00e9ben festett sz\u00edv\u00f3r\u00e1csok (RAL 7035 sz\u00fcrke poli\u00e9szter fest\u00e9k).<\/li>\n\n\n\n<li>Horganyzott ac\u00e9l centrifug\u00e1lis ventil\u00e1torcsoport.<\/li>\n\n\n\n<li>Csap\u00e1gyv\u00e9d\u0151 burkolat az oxid\u00e1ci\u00f3 elker\u00fcl\u00e9s\u00e9re.<\/li>\n<\/ul>\n\n\n\n<p><\/p>\n<\/div>\n\n\n\n<div class=\"wp-block-column is-layout-flow wp-block-column-is-layout-flow\">\n<ul class=\"wp-block-list\">\n<li>Nylon kerekek f\u00e9kekkel a k\u00f6nnyebb sz\u00e1ll\u00edt\u00e1s \u00e9s telep\u00edt\u00e9s \u00e9rdek\u00e9ben.<\/li>\n\n\n\n<li>K\u00e9zi leereszt\u0151 rendszer korr\u00f3zi\u00f3g\u00e1tl\u00f3 szeleppel.<\/li>\n\n\n\n<li>10 m-es t\u00f6ml\u0151 gyorscsatlakoz\u00f3val.<\/li>\n\n\n\n<li>1 sebess\u00e9ges vagy v\u00e1ltoztathat\u00f3 sebess\u00e9g\u0171 elektromos panel.<\/li>\n\n\n\n<li>Gy\u00e1rilag csatlakoztatott hidraulikus \u00e9s elektromos rendszer.<\/li>\n\n\n\n<li>Rozsdamentes ac\u00e9l panelek sz\u00e1ll\u00edt\u00e1sa lehets\u00e9ges.<\/li>\n<\/ul>\n<\/div>\n<\/div>\n\n<div class=\"wp-block-buttons is-content-justification-center is-layout-flex wp-container-core-buttons-is-layout-a89b3969 wp-block-buttons-is-layout-flex\">\n<div class=\"wp-block-button\"><a class=\"wp-block-button__link wp-element-button\" href=\"https:\/\/obera.fr\/wp-content\/uploads\/2025\/05\/catalogue-obera-2025-epur150.pdf\">A bros\u00fara let\u00f6lt\u00e9se<\/a><\/div>\n<\/div>\n\n<h3 class=\"wp-block-heading\"><strong>Szerkezeti r\u00e9szletek<\/strong><\/h3>\n\n<div class=\"wp-block-columns is-layout-flex wp-container-core-columns-is-layout-28f84493 wp-block-columns-is-layout-flex\">\n<div class=\"wp-block-column is-layout-flow wp-block-column-is-layout-flow\">\n<figure class=\"wp-block-image aligncenter size-full is-resized\"><img decoding=\"async\" width=\"600\" height=\"600\" src=\"https:\/\/obera.fr\/wp-content\/uploads\/2022\/10\/Panneau-alevolaire.jpg\" alt=\"m&#xE9;hsejt panel\" class=\"wp-image-14984\" style=\"width:150px;height:150px\" srcset=\"https:\/\/obera.fr\/wp-content\/uploads\/2022\/10\/Panneau-alevolaire.jpg 600w, https:\/\/obera.fr\/wp-content\/uploads\/2022\/10\/Panneau-alevolaire-300x300.jpg 300w, https:\/\/obera.fr\/wp-content\/uploads\/2022\/10\/Panneau-alevolaire-150x150.jpg 150w\" sizes=\"(max-width: 600px) 100vw, 600px\" \/><figcaption class=\"wp-element-caption\">M\u00e9hsejt panel<\/figcaption><\/figure>\n<\/div>\n\n\n\n<div class=\"wp-block-column is-layout-flow wp-block-column-is-layout-flow\">\n<figure class=\"wp-block-image aligncenter size-full is-resized\"><img decoding=\"async\" width=\"600\" height=\"600\" src=\"https:\/\/obera.fr\/wp-content\/uploads\/2022\/10\/Diffuseur-dair-1.jpg\" alt=\"leveg&#x151;eloszt&#xF3;\" class=\"wp-image-14981\" style=\"width:150px;height:150px\" srcset=\"https:\/\/obera.fr\/wp-content\/uploads\/2022\/10\/Diffuseur-dair-1.jpg 600w, https:\/\/obera.fr\/wp-content\/uploads\/2022\/10\/Diffuseur-dair-1-300x300.jpg 300w, https:\/\/obera.fr\/wp-content\/uploads\/2022\/10\/Diffuseur-dair-1-150x150.jpg 150w\" sizes=\"(max-width: 600px) 100vw, 600px\" \/><figcaption class=\"wp-element-caption\">Leveg\u0151eloszt\u00f3<\/figcaption><\/figure>\n<\/div>\n\n\n\n<div class=\"wp-block-column is-layout-flow wp-block-column-is-layout-flow\">\n<figure class=\"wp-block-image aligncenter size-full is-resized\"><img decoding=\"async\" width=\"600\" height=\"600\" src=\"https:\/\/obera.fr\/wp-content\/uploads\/2022\/10\/Tuyau-10m-avec-raccord.jpg\" alt=\"10 m-es t&#xF6;ml&#x151; csatlakoz&#xF3;val\" class=\"wp-image-14978\" style=\"width:150px;height:150px\" srcset=\"https:\/\/obera.fr\/wp-content\/uploads\/2022\/10\/Tuyau-10m-avec-raccord.jpg 600w, https:\/\/obera.fr\/wp-content\/uploads\/2022\/10\/Tuyau-10m-avec-raccord-300x300.jpg 300w, https:\/\/obera.fr\/wp-content\/uploads\/2022\/10\/Tuyau-10m-avec-raccord-150x150.jpg 150w\" sizes=\"(max-width: 600px) 100vw, 600px\" \/><figcaption class=\"wp-element-caption\">10 m-es t\u00f6ml\u0151 csatlakoz\u00f3val<\/figcaption><\/figure>\n<\/div>\n\n\n\n<div class=\"wp-block-column is-layout-flow wp-block-column-is-layout-flow\">\n<figure class=\"wp-block-image aligncenter size-full is-resized\"><img decoding=\"async\" width=\"600\" height=\"600\" src=\"https:\/\/obera.fr\/wp-content\/uploads\/2022\/10\/Pompe-a-eau.jpg\" alt=\"v&#xED;zszivatty&#xFA;\" class=\"wp-image-14975\" style=\"width:150px;height:150px\" srcset=\"https:\/\/obera.fr\/wp-content\/uploads\/2022\/10\/Pompe-a-eau.jpg 600w, https:\/\/obera.fr\/wp-content\/uploads\/2022\/10\/Pompe-a-eau-300x300.jpg 300w, https:\/\/obera.fr\/wp-content\/uploads\/2022\/10\/Pompe-a-eau-150x150.jpg 150w\" sizes=\"(max-width: 600px) 100vw, 600px\" \/><figcaption class=\"wp-element-caption\">V\u00edzszivatty\u00fa<\/figcaption><\/figure>\n<\/div>\n\n\n\n<div class=\"wp-block-column is-vertically-aligned-bottom is-layout-flow wp-block-column-is-layout-flow\">\n<figure class=\"wp-block-image aligncenter size-medium is-resized\"><img decoding=\"async\" width=\"300\" height=\"257\" src=\"https:\/\/obera.fr\/wp-content\/uploads\/2023\/01\/prefiltre-g4-3-300x257.png\" alt=\"g4 el&#x151;sz&#x171;r&#x151; 3\" class=\"wp-image-18378\" style=\"width:150px;height:129px\" srcset=\"https:\/\/obera.fr\/wp-content\/uploads\/2023\/01\/prefiltre-g4-3-300x257.png 300w, https:\/\/obera.fr\/wp-content\/uploads\/2023\/01\/prefiltre-g4-3.png 350w\" sizes=\"(max-width: 300px) 100vw, 300px\" \/><figcaption class=\"wp-element-caption\">G4 el\u0151sz\u0171r\u0151 \u00e9s f\u0151sz\u0171r\u0151 F8-ig<\/figcaption><\/figure>\n<\/div>\n<\/div>\n\n<h2 class=\"wp-block-heading\">Fedezze fel az ipari l\u00e9gtiszt\u00edt\u00f3kat<\/h2>\n\n<div class=\"wp-block-columns is-layout-flex wp-container-core-columns-is-layout-28f84493 wp-block-columns-is-layout-flex\">\n<div class=\"wp-block-column is-layout-flow wp-block-column-is-layout-flow\">\n<figure class=\"wp-block-image aligncenter size-medium is-resized\"><a href=\"https:\/\/obera.fr\/hu\/produits\/purificateurs-air\/industriel-epur\/\"><img decoding=\"async\" width=\"300\" height=\"300\" src=\"https:\/\/obera.fr\/wp-content\/uploads\/2026\/01\/image-gamme-epur-300x300.png\" alt=\"epur term&#xE9;kcsal&#xE1;d k&#xE9;p\" class=\"wp-image-138868\" style=\"width:225px;height:225px\" srcset=\"https:\/\/obera.fr\/wp-content\/uploads\/2026\/01\/image-gamme-epur-300x300.png 300w, https:\/\/obera.fr\/wp-content\/uploads\/2026\/01\/image-gamme-epur-1024x1024.png 1024w, https:\/\/obera.fr\/wp-content\/uploads\/2026\/01\/image-gamme-epur-150x150.png 150w, https:\/\/obera.fr\/wp-content\/uploads\/2026\/01\/image-gamme-epur-768x768.png 768w, https:\/\/obera.fr\/wp-content\/uploads\/2026\/01\/image-gamme-epur.png 1200w\" sizes=\"(max-width: 300px) 100vw, 300px\" \/><\/a><figcaption class=\"wp-element-caption\">oberA ePUR term\u00e9kcsal\u00e1d<\/figcaption><\/figure>\n<\/div>\n\n\n\n<div class=\"wp-block-column is-layout-flow wp-block-column-is-layout-flow\">\n<figure class=\"wp-block-image aligncenter size-medium is-resized\"><a href=\"https:\/\/obera.fr\/hu\/produits\/purificateurs-air\/poussieres-epur-b01-ecoprime\/\"><img decoding=\"async\" width=\"300\" height=\"300\" src=\"https:\/\/obera.fr\/wp-content\/uploads\/2023\/02\/ecoprime-300x300.png\" alt=\"ecoprime\" class=\"wp-image-19002\" style=\"width:225px;height:225px\" srcset=\"https:\/\/obera.fr\/wp-content\/uploads\/2023\/02\/ecoprime-300x300.png 300w, https:\/\/obera.fr\/wp-content\/uploads\/2023\/02\/ecoprime-150x150.png 150w, https:\/\/obera.fr\/wp-content\/uploads\/2023\/02\/ecoprime.png 500w\" sizes=\"(max-width: 300px) 100vw, 300px\" \/><\/a><figcaption class=\"wp-element-caption\">ePUR B01 ecoPRIME<\/figcaption><\/figure>\n<\/div>\n\n\n\n<div class=\"wp-block-column is-layout-flow wp-block-column-is-layout-flow\">\n<figure class=\"wp-block-image aligncenter size-full is-resized\"><a href=\"https:\/\/obera.fr\/hu\/produits\/purificateurs-air\/filtower\/\"><img decoding=\"async\" width=\"184\" height=\"300\" src=\"https:\/\/obera.fr\/wp-content\/uploads\/2026\/01\/image-filtower.png\" alt=\"filtower k&#xE9;p\" class=\"wp-image-138903\" style=\"object-fit:contain;width:225px;height:225px\"\/><\/a><figcaption class=\"wp-element-caption\">Filtower<\/figcaption><\/figure>\n<\/div>\n\n\n\n<div class=\"wp-block-column is-layout-flow wp-block-column-is-layout-flow\">\n<figure class=\"wp-block-image aligncenter size-medium is-resized\"><a href=\"https:\/\/obera.fr\/hu\/produits\/purificateurs-air\/professionnel-epur-ca\/\"><img decoding=\"async\" width=\"300\" height=\"300\" src=\"https:\/\/obera.fr\/wp-content\/uploads\/2026\/01\/image-epur-ca-300x300.png\" alt=\"epur ca k&#xE9;p\" class=\"wp-image-138874\" style=\"width:225px;height:225px\" srcset=\"https:\/\/obera.fr\/wp-content\/uploads\/2026\/01\/image-epur-ca-300x300.png 300w, https:\/\/obera.fr\/wp-content\/uploads\/2026\/01\/image-epur-ca-1024x1024.png 1024w, https:\/\/obera.fr\/wp-content\/uploads\/2026\/01\/image-epur-ca-150x150.png 150w, https:\/\/obera.fr\/wp-content\/uploads\/2026\/01\/image-epur-ca-768x768.png 768w, https:\/\/obera.fr\/wp-content\/uploads\/2026\/01\/image-epur-ca.png 1200w\" sizes=\"(max-width: 300px) 100vw, 300px\" \/><\/a><figcaption class=\"wp-element-caption\">ePUR CA<\/figcaption><\/figure>\n<\/div>\n<\/div>\n","protected":false},"excerpt":{"rendered":"<p>Tiszt\u00edt\u00e1s \u00e9s h\u0171t\u00e9s Az ipari h\u0171t\u0151 l\u00e9gtiszt\u00edt\u00f3 ePUR150 FRESH ide\u00e1lis minden t\u00edpus\u00fa munkater\u00fclet, ipari csarnok, forr\u00f3 pont stb. tiszt\u00edt\u00e1s\u00e1ra \u00e9s h\u0171t\u00e9s\u00e9re, teljesen term\u00e9szetes m\u00f3don, alacsony energiafogyaszt\u00e1ssal. Hogyan m\u0171k\u00f6dik? M\u0171k\u00f6d\u00e9s\u00e9nek alapelve a leveg\u0151 besz\u00edv\u00e1sa, majd t\u00f6bb sz\u0171r\u0151fokozaton (G4\/F8) val\u00f3 \u00e1tvezet\u00e9se. Nagy meleg eset\u00e9n a m\u00e9hsejt panelek nedves\u00edthet\u0151k, \u00edgy h\u0171tve a munkater\u00fcletet tiszt\u00edtott leveg\u0151vel. A tiszt\u00edtott \u00e9s\/vagy h\u0171t\u00f6tt leveg\u0151 a helyis\u00e9gbe ker\u00fcl, optim\u00e1lis leveg\u0151min\u0151s\u00e9get \u00e9s h\u0151komfortot biztos\u00edtva. Az ipari h\u0171t\u0151 l\u00e9gtiszt\u00edt\u00f3 15 000 m\u00b3\/h l\u00e9g\u00e1ramot biztos\u00edt, maxim\u00e1lis \u00e1raml\u00e1sn\u00e1l 100 Pa rendelkez\u00e9sre \u00e1ll\u00f3 nyom\u00e1ssal. Kapacit\u00e1sa 70 m\u00b2 \u00e9s 400 m\u00b2 k\u00f6z\u00f6tti helyis\u00e9gekhez alkalmas. Milyen el\u0151nyei vannak? Az ePUR150 FRESH l\u00e9gtiszt\u00edt\u00f3 sz\u00e1mos el\u0151nnyel j\u00e1r, &#8230; <\/p>\n<p class=\"read-more-container\"><a title=\"ePUR150 FRESH h\u0171t\u0151 l\u00e9gtiszt\u00edt\u00f3\" class=\"read-more button\" href=\"https:\/\/obera.fr\/hu\/produits\/purificateurs-air\/purificateur-rafraichisseur-epur150-fresh\/#more-68643\" aria-label=\"Read more about ePUR150 FRESH h\u0171t\u0151 l\u00e9gtiszt\u00edt\u00f3\">Lire la suite<\/a><\/p>\n","protected":false},"author":4,"featured_media":83741,"parent":67794,"menu_order":0,"comment_status":"closed","ping_status":"closed","template":"","meta":{"_acf_changed":false,"_seopress_robots_primary_cat":"","_seopress_titles_title":"ePUR150 FRESH h\u0171t\u0151 l\u00e9gtiszt\u00edt\u00f3","_seopress_titles_desc":"Fedezze fel egyedi l\u00e9gtiszt\u00edt\u00f3 k\u00e9sz\u00fcl\u00e9k\u00fcnket, amely lehet\u0151s\u00e9get biztos\u00edt a munkahely h\u0171t\u00e9s\u00e9re is.","_seopress_robots_index":"igen","footnotes":""},"class_list":{"0":"post-68643","1":"page","2":"type-page","3":"status-publish","4":"has-post-thumbnail","6":"no-featured-image-padding","7":"resize-featured-image"},"acf":[],"_links":{"self":[{"href":"https:\/\/obera.fr\/hu\/wp-json\/wp\/v2\/pages\/68643","targetHints":{"allow":["GET"]}}],"collection":[{"href":"https:\/\/obera.fr\/hu\/wp-json\/wp\/v2\/pages"}],"about":[{"href":"https:\/\/obera.fr\/hu\/wp-json\/wp\/v2\/types\/page"}],"author":[{"embeddable":true,"href":"https:\/\/obera.fr\/hu\/wp-json\/wp\/v2\/users\/4"}],"replies":[{"embeddable":true,"href":"https:\/\/obera.fr\/hu\/wp-json\/wp\/v2\/comments?post=68643"}],"version-history":[{"count":13,"href":"https:\/\/obera.fr\/hu\/wp-json\/wp\/v2\/pages\/68643\/revisions"}],"predecessor-version":[{"id":140589,"href":"https:\/\/obera.fr\/hu\/wp-json\/wp\/v2\/pages\/68643\/revisions\/140589"}],"up":[{"embeddable":true,"href":"https:\/\/obera.fr\/hu\/wp-json\/wp\/v2\/pages\/67794"}],"wp:featuredmedia":[{"embeddable":true,"href":"https:\/\/obera.fr\/hu\/wp-json\/wp\/v2\/media\/83741"}],"wp:attachment":[{"href":"https:\/\/obera.fr\/hu\/wp-json\/wp\/v2\/media?parent=68643"}],"curies":[{"name":"wp","href":"https:\/\/api.w.org\/{rel}","templated":true}]}}