{"id":69706,"date":"2020-05-01T17:18:39","date_gmt":"2020-05-01T15:18:39","guid":{"rendered":"https:\/\/obera.fr\/produits\/aspirateurs-industriels\/"},"modified":"2025-04-22T09:38:20","modified_gmt":"2025-04-22T07:38:20","slug":"aspirateurs-industriels","status":"publish","type":"page","link":"https:\/\/obera.fr\/hu\/produits\/aspirateurs-industriels\/","title":{"rendered":"Ipari porsz\u00edv\u00f3k"},"content":{"rendered":"\n<p>Nagy teljes\u00edtm\u00e9ny\u0171 <strong>ipari porsz\u00edv\u00f3k<\/strong> mindenf\u00e9le sz\u00e1raz por felsz\u00edv\u00e1s\u00e1ra a padl\u00f3kr\u00f3l \u00e9s a munkater\u00fcletekr\u0151l.<\/p>\n\n<div class=\"wp-block-buttons is-horizontal is-content-justification-center is-layout-flex wp-container-core-buttons-is-layout-03627597 wp-block-buttons-is-layout-flex\">\n<div class=\"wp-block-button\"><a class=\"wp-block-button__link wp-element-button\" href=\"https:\/\/obera.fr\/contact\/\">Tudjon meg t\u00f6bbet<\/a><\/div>\n<\/div>\n\n<p><\/p>\n\n<h2 class=\"wp-block-heading\">Nedves \u00e9s sz\u00e1raz ipari porsz\u00edv\u00f3ink<\/h2>\n\n<div class=\"wp-block-columns is-layout-flex wp-container-core-columns-is-layout-28f84493 wp-block-columns-is-layout-flex\">\n<div class=\"wp-block-column is-layout-flow wp-block-column-is-layout-flow\">\n<h3 class=\"wp-block-heading has-text-align-center\"><a href=\"https:\/\/obera.fr\/produits\/aspirateurs-industriels\/w2-xr-atex-22\/\" data-type=\"page\" data-id=\"29423\">W2 XR<\/a><\/h3>\n\n\n\n<figure class=\"wp-block-image aligncenter size-full is-resized\"><a href=\"https:\/\/obera.fr\/produits\/aspirateurs-industriels\/w2-xr-atex-22\/\"><img decoding=\"async\" width=\"566\" height=\"671\" src=\"https:\/\/obera.fr\/wp-content\/uploads\/2024\/10\/w2-xr-2.png\" alt=\"Ipari porsz&#xED;v&#xF3;k  \" class=\"wp-image-35431\" style=\"width:250px\" srcset=\"https:\/\/obera.fr\/wp-content\/uploads\/2024\/10\/w2-xr-2.png 566w, https:\/\/obera.fr\/wp-content\/uploads\/2024\/10\/w2-xr-2-253x300.png 253w\" sizes=\"(max-width: 566px) 100vw, 566px\" \/><\/a><\/figure>\n<\/div>\n\n\n\n<div class=\"wp-block-column is-layout-flow wp-block-column-is-layout-flow\">\n<h3 class=\"wp-block-heading has-text-align-center\"><a href=\"https:\/\/obera.fr\/produits\/aspirateurs-industriels\/w2-haute-filtration-polyvalence\/\" data-type=\"page\" data-id=\"29386\">W2<\/a><\/h3>\n\n\n\n<figure class=\"wp-block-image aligncenter size-full is-resized\"><a href=\"https:\/\/obera.fr\/produits\/aspirateurs-industriels\/w2-haute-filtration-polyvalence\/\"><img decoding=\"async\" width=\"711\" height=\"622\" src=\"https:\/\/obera.fr\/wp-content\/uploads\/2024\/10\/w2.png\" alt=\"Ipari porsz&#xED;v&#xF3;k  \" class=\"wp-image-35424\" style=\"object-fit:cover;width:250px;height:280px\" srcset=\"https:\/\/obera.fr\/wp-content\/uploads\/2024\/10\/w2.png 711w, https:\/\/obera.fr\/wp-content\/uploads\/2024\/10\/w2-300x262.png 300w\" sizes=\"(max-width: 711px) 100vw, 711px\" \/><\/a><\/figure>\n<\/div>\n\n\n\n<div class=\"wp-block-column is-layout-flow wp-block-column-is-layout-flow\">\n<h3 class=\"wp-block-heading has-text-align-center\"><a href=\"https:\/\/obera.fr\/produits\/aspirateurs-industriels\/w3-pour-nettoyage-general\/\">W3<\/a><\/h3>\n\n\n\n<figure class=\"wp-block-image aligncenter size-full is-resized\"><a href=\"https:\/\/obera.fr\/produits\/aspirateurs-industriels\/w3-pour-nettoyage-general\/\"><img decoding=\"async\" width=\"658\" height=\"652\" src=\"https:\/\/obera.fr\/wp-content\/uploads\/2024\/10\/w3.png\" alt=\"Ipari porsz&#xED;v&#xF3;k\" class=\"wp-image-35427\" style=\"object-fit:cover;width:250px;height:280px\" srcset=\"https:\/\/obera.fr\/wp-content\/uploads\/2024\/10\/w3.png 658w, https:\/\/obera.fr\/wp-content\/uploads\/2024\/10\/w3-300x297.png 300w, https:\/\/obera.fr\/wp-content\/uploads\/2024\/10\/w3-150x150.png 150w, https:\/\/obera.fr\/wp-content\/uploads\/2024\/10\/w3-24x24.png 24w, https:\/\/obera.fr\/wp-content\/uploads\/2024\/10\/w3-48x48.png 48w, https:\/\/obera.fr\/wp-content\/uploads\/2024\/10\/w3-96x96.png 96w\" sizes=\"(max-width: 658px) 100vw, 658px\" \/><\/a><\/figure>\n<\/div>\n<\/div>\n\n<div class=\"wp-block-columns is-layout-flex wp-container-core-columns-is-layout-28f84493 wp-block-columns-is-layout-flex\">\n<div class=\"wp-block-column is-layout-flow wp-block-column-is-layout-flow\"><\/div>\n\n\n\n<div class=\"wp-block-column is-layout-flow wp-block-column-is-layout-flow\"><\/div>\n<\/div>\n\n<h2 class=\"wp-block-heading\">Sz\u00edv\u00f3ventil\u00e1torok<\/h2>\n\n<h4 class=\"wp-block-heading\"><a href=\"https:\/\/obera.fr\/produits\/aspirateurs-industriels\/ventilateurs-aspiration-gamme-eurosog-rg-100-800\/\" data-type=\"page\" data-id=\"29434\">RG 100-800<\/a><\/h4>\n\n<div class=\"wp-block-columns is-layout-flex wp-container-core-columns-is-layout-28f84493 wp-block-columns-is-layout-flex\">\n<div class=\"wp-block-column is-layout-flow wp-block-column-is-layout-flow\">\n<figure class=\"wp-block-image aligncenter size-full is-resized\"><a href=\"https:\/\/obera.fr\/produits\/aspirateurs-industriels\/ventilateurs-aspiration-gamme-eurosog-rg-100-800\/\"><img decoding=\"async\" width=\"320\" height=\"321\" src=\"https:\/\/obera.fr\/wp-content\/uploads\/2024\/05\/rg-serie.jpg\" alt=\"rg sorozat\" class=\"wp-image-31125\" style=\"width:263px\" srcset=\"https:\/\/obera.fr\/wp-content\/uploads\/2024\/05\/rg-serie.jpg 320w, https:\/\/obera.fr\/wp-content\/uploads\/2024\/05\/rg-serie-300x300.jpg 300w, https:\/\/obera.fr\/wp-content\/uploads\/2024\/05\/rg-serie-150x150.jpg 150w\" sizes=\"(max-width: 320px) 100vw, 320px\" \/><\/a><figcaption class=\"wp-element-caption\">RG 300<\/figcaption><\/figure>\n<\/div>\n\n\n\n<div class=\"wp-block-column is-layout-flow wp-block-column-is-layout-flow\">\n<p class=\"has-text-align-center\"><\/p>\n\n\n\n<figure class=\"wp-block-image aligncenter size-full is-resized\"><a href=\"https:\/\/obera.fr\/produits\/aspirateurs-industriels\/ventilateurs-aspiration-gamme-eurosog-rg-100-800\/\"><img decoding=\"async\" width=\"1280\" height=\"1280\" src=\"https:\/\/obera.fr\/wp-content\/uploads\/2024\/06\/rg-400.png\" alt=\"rg 400\" class=\"wp-image-31502\" style=\"width:248px\" srcset=\"https:\/\/obera.fr\/wp-content\/uploads\/2024\/06\/rg-400.png 1280w, https:\/\/obera.fr\/wp-content\/uploads\/2024\/06\/rg-400-300x300.png 300w, https:\/\/obera.fr\/wp-content\/uploads\/2024\/06\/rg-400-1024x1024.png 1024w, https:\/\/obera.fr\/wp-content\/uploads\/2024\/06\/rg-400-150x150.png 150w, https:\/\/obera.fr\/wp-content\/uploads\/2024\/06\/rg-400-768x768.png 768w\" sizes=\"(max-width: 1280px) 100vw, 1280px\" \/><\/a><\/figure>\n\n\n\n<p class=\"has-text-align-center\">RG 400<\/p>\n<\/div>\n<\/div>\n","protected":false},"excerpt":{"rendered":"<p>Nagy teljes\u00edtm\u00e9ny\u0171 ipari porsz\u00edv\u00f3k mindenf\u00e9le sz\u00e1raz por felsz\u00edv\u00e1s\u00e1ra a padl\u00f3kr\u00f3l \u00e9s a munkater\u00fcletekr\u0151l. Nedves \u00e9s sz\u00e1raz ipari porsz\u00edv\u00f3ink W2 XR W2 W3 Sz\u00edv\u00f3ventil\u00e1torok RG 100-800 RG 400<\/p>\n","protected":false},"author":4,"featured_media":83741,"parent":67667,"menu_order":9,"comment_status":"closed","ping_status":"closed","template":"","meta":{"_acf_changed":false,"_seopress_robots_primary_cat":"","_seopress_titles_title":"Aspirateurs industriels et ventilateurs d'aspiration OberA","_seopress_titles_desc":"Nettoyeurs industriels haute performance pour aspirer tous types de poussi\u00e8res s\u00e8ches et humides accumul\u00e9es sur les sols et les espaces de travail.","_seopress_robots_index":"","footnotes":""},"class_list":{"0":"post-69706","1":"page","2":"type-page","3":"status-publish","4":"has-post-thumbnail","6":"no-featured-image-padding","7":"resize-featured-image"},"acf":[],"_links":{"self":[{"href":"https:\/\/obera.fr\/hu\/wp-json\/wp\/v2\/pages\/69706","targetHints":{"allow":["GET"]}}],"collection":[{"href":"https:\/\/obera.fr\/hu\/wp-json\/wp\/v2\/pages"}],"about":[{"href":"https:\/\/obera.fr\/hu\/wp-json\/wp\/v2\/types\/page"}],"author":[{"embeddable":true,"href":"https:\/\/obera.fr\/hu\/wp-json\/wp\/v2\/users\/4"}],"replies":[{"embeddable":true,"href":"https:\/\/obera.fr\/hu\/wp-json\/wp\/v2\/comments?post=69706"}],"version-history":[{"count":1,"href":"https:\/\/obera.fr\/hu\/wp-json\/wp\/v2\/pages\/69706\/revisions"}],"predecessor-version":[{"id":69727,"href":"https:\/\/obera.fr\/hu\/wp-json\/wp\/v2\/pages\/69706\/revisions\/69727"}],"up":[{"embeddable":true,"href":"https:\/\/obera.fr\/hu\/wp-json\/wp\/v2\/pages\/67667"}],"wp:featuredmedia":[{"embeddable":true,"href":"https:\/\/obera.fr\/hu\/wp-json\/wp\/v2\/media\/83741"}],"wp:attachment":[{"href":"https:\/\/obera.fr\/hu\/wp-json\/wp\/v2\/media?parent=69706"}],"curies":[{"name":"wp","href":"https:\/\/api.w.org\/{rel}","templated":true}]}}