{"id":70016,"date":"2020-11-11T20:40:03","date_gmt":"2020-11-11T18:40:03","guid":{"rendered":"https:\/\/obera.fr\/tk-serie\/"},"modified":"2025-06-29T21:41:27","modified_gmt":"2025-06-29T19:41:27","slug":"tk-serie","status":"publish","type":"page","link":"https:\/\/obera.fr\/hu\/produits\/depoussiereurs-industriels\/petits\/tk-serie\/","title":{"rendered":"TK-sorozat"},"content":{"rendered":"\n<p><a href=\"https:\/\/obera.fr\/produits\/depoussiereurs-industriels\/petits\/\" data-type=\"page\" data-id=\"393\">Kism\u00e9ret\u0171 porelsz\u00edv\u00f3k<\/a> k\u00f6zvetlen elsz\u00edv\u00e1shoz megmunk\u00e1l\u00f3k\u00f6zpontokon<\/p>\n\n<div class=\"wp-block-columns is-layout-flex wp-container-core-columns-is-layout-28f84493 wp-block-columns-is-layout-flex\">\n<div class=\"wp-block-column is-layout-flow wp-block-column-is-layout-flow\" style=\"flex-basis:33.33%\">\n<figure class=\"wp-block-image aligncenter size-full\"><img decoding=\"async\" width=\"600\" height=\"600\" src=\"https:\/\/obera.fr\/wp-content\/uploads\/2020\/11\/tk-series.jpg\" alt=\"TK sorozat\" class=\"wp-image-1607\" srcset=\"https:\/\/obera.fr\/wp-content\/uploads\/2020\/11\/tk-series.jpg 600w, https:\/\/obera.fr\/wp-content\/uploads\/2020\/11\/tk-series-300x300.jpg 300w, https:\/\/obera.fr\/wp-content\/uploads\/2020\/11\/tk-series-150x150.jpg 150w\" sizes=\"(max-width: 600px) 100vw, 600px\" \/><\/figure>\n<\/div>\n\n\n\n<div class=\"wp-block-column is-layout-flow wp-block-column-is-layout-flow\" style=\"flex-basis:66.66%\">\n<p>A TK sorozat\u00fa <strong>kism\u00e9ret\u0171 porelsz\u00edv\u00f3kat<\/strong> sz\u00f3rv\u00e1nyos haszn\u00e1latra tervezt\u00e9k egypontos elsz\u00edv\u00e1sra mechanikai m\u0171helyekben \u00e9s f\u00e9mfeldolgoz\u00f3 v\u00e1llalatokn\u00e1l. A poros leveg\u0151t a tiszt\u00edthat\u00f3 sz\u00f6vetsz\u0171r\u0151 tiszt\u00edtja meg, amely lehet\u0151v\u00e9 teszi a leveg\u0151 visszavezet\u00e9s\u00e9t a munkater\u00fcletre. Kis m\u00e9ret\u00fcknek k\u00f6sz\u00f6nhet\u0151en a porelsz\u00edv\u00f3k gyorsan \u00e9s egyszer\u0171en felszerelhet\u0151k asztalok al\u00e1 vagy polcokra.  <\/p>\n\n\n\n<p>A berendez\u00e9s meger\u0151s\u00edt\u00e9se \u00e9rdek\u00e9ben <a href=\"https:\/\/obera.fr\/hu\/produits\/bras-dispositifs-captation\/capot-industriel\/\">ipari motorh\u00e1ztet\u0151<\/a> be\u00e9p\u00edt\u00e9se is sz\u00f3ba j\u00f6het. Ez a <strong>kifejezetten ipari alkalmaz\u00e1shoz tervezett<\/strong> motorh\u00e1ztet\u0151 n\u00f6veli a porgy\u0171jt\u00e9s hat\u00e9konys\u00e1g\u00e1t a besz\u00edvott leveg\u0151\u00e1ram koncentr\u00e1l\u00e1s\u00e1val \u00e9s a k\u00f6zvetlen k\u00f6rnyezet v\u00e9delm\u00e9vel. <\/p>\n\n\n\n<p>A porlev\u00e1laszt\u00f3 kiv\u00e1laszt\u00e1sakor fontos feltenni a k\u00e9rd\u00e9st:<a href=\"https:\/\/obera.fr\/hu\/a-mi-tanacsunk\/quel-depoussiereur-choisir-selon-type-poussiere\/\">&#8222;Melyik porlev\u00e1laszt\u00f3t v\u00e1lasszam?&#8221;.<\/a> E k\u00e9rd\u00e9s megv\u00e1laszol\u00e1s\u00e1hoz sz\u00e1mos t\u00e9nyez\u0151t kell figyelembe venni, p\u00e9ld\u00e1ul a keletkez\u0151 por mennyis\u00e9g\u00e9t, a r\u00e9szecsk\u00e9k t\u00edpus\u00e1t \u00e9s a m\u0171hely saj\u00e1tos k\u00f6r\u00fclm\u00e9nyeit. A <strong>megfelel\u0151 ipari porlev\u00e1laszt\u00f3nak <\/strong>k\u00e9pesnek kell lennie a felmer\u00fcl\u0151 port\u00edpusok hat\u00e9kony kezel\u00e9s\u00e9re, mik\u00f6zben a rendelkez\u00e9sre \u00e1ll\u00f3 helyhez megfelel\u0151en m\u00e9retezettnek kell lennie.  <\/p>\n\n\n\n<p>Egy m\u00e1sik fontos szempont a biztons\u00e1g, k\u00fcl\u00f6n\u00f6sen a <a href=\"https:\/\/obera.fr\/hu\/a-mi-tanacsunk\/procede-depoussierage-risque-explosion-incendie\/\">robban\u00e1svesz\u00e9ly<\/a>. Olyan k\u00f6rnyezetben, ahol f\u00e9mpor vagy m\u00e1s gy\u00fal\u00e9kony r\u00e9szecsk\u00e9k vannak jelen, a <strong>porlev\u00e1laszt\u00f3t robban\u00e1smegel\u0151z\u0151<\/strong> \u00e9s -v\u00e9delmi <strong>rendszerrel kell felszerelni<\/strong>. Ez olyan funkci\u00f3kat foglal mag\u00e1ban, mint a visszacsap\u00f3 szelepek, robban\u00e1sg\u00e1tl\u00f3 rendszerek \u00e9s olyan kialak\u00edt\u00e1sok, amelyek minim\u00e1lisra cs\u00f6kkentik a szikr\u00e1z\u00e1s kock\u00e1zat\u00e1t.  <\/p>\n\n\n\n<p>A biztons\u00e1gos \u00e9s tiszta munkak\u00f6rnyezet garant\u00e1l\u00e1s\u00e1hoz elengedhetetlen a megfelel\u0151 <a href=\"https:\/\/obera.fr\/hu\/produits\/depoussiereurs-industriels\/\">ipari porlev\u00e1laszt\u00f3<\/a> kiv\u00e1laszt\u00e1sa, a rendszer sz\u00fcks\u00e9g eset\u00e9n ipari motorh\u00e1ztet\u0151vel t\u00f6rt\u00e9n\u0151 kieg\u00e9sz\u00edt\u00e9se, valamint annak biztos\u00edt\u00e1sa, hogy az \u00f6sszes berendez\u00e9s <strong>\u00fagy legyen kialak\u00edtva, hogy a lehet\u0151 legkisebbre cs\u00f6kkentse a kock\u00e1zatokat<\/strong>, k\u00fcl\u00f6n\u00f6sen a robban\u00e1svesz\u00e9lyt, mik\u00f6zben maximaliz\u00e1lja a porlev\u00e1laszt\u00e1s hat\u00e9konys\u00e1g\u00e1t.<\/p>\n\n\n\n<div class=\"wp-block-columns is-layout-flex wp-container-core-columns-is-layout-28f84493 wp-block-columns-is-layout-flex\">\n<div class=\"wp-block-column is-layout-flow wp-block-column-is-layout-flow\" style=\"flex-basis:33.34%\">\n<div class=\"wp-block-buttons is-content-justification-center is-layout-flex wp-container-core-buttons-is-layout-a89b3969 wp-block-buttons-is-layout-flex\">\n<div class=\"wp-block-button\"><a class=\"wp-block-button__link wp-element-button\" href=\"https:\/\/obera.fr\/wp-content\/uploads\/2025\/05\/brochure-tk-fr.pdf\">A bros\u00fara let\u00f6lt\u00e9se<\/a><\/div>\n<\/div>\n<\/div>\n\n\n\n<div class=\"wp-block-column is-layout-flow wp-block-column-is-layout-flow\" style=\"flex-basis:33.34%\">\n<div class=\"wp-block-buttons is-horizontal is-content-justification-center is-layout-flex wp-container-core-buttons-is-layout-03627597 wp-block-buttons-is-layout-flex\">\n<div class=\"wp-block-button\"><a class=\"wp-block-button__link wp-element-button\" href=\"https:\/\/obera.fr\/contact\/\">Tudjon meg t\u00f6bbet<\/a><\/div>\n<\/div>\n<\/div>\n\n\n\n<div class=\"wp-block-column is-layout-flow wp-block-column-is-layout-flow\" style=\"flex-basis:33.33%\">\n<div class=\"wp-block-buttons is-content-justification-center is-layout-flex wp-container-core-buttons-is-layout-a89b3969 wp-block-buttons-is-layout-flex\">\n<div class=\"wp-block-button btn-devis-source\"><a class=\"wp-block-button__link wp-element-button\" href=\"https:\/\/obera.fr\/hu\/devis\/\">K\u00e9rjen \u00e1raj\u00e1nlatot<\/a><\/div>\n<\/div>\n\n\n<script>\r\ndocument.addEventListener('DOMContentLoaded', function() {\r\n    \/\/ 1. On cherche le titre H1 de la page\r\n    var h1 = document.querySelector('h1');\r\n    var productTitle = h1 ? h1.innerText.trim() : \"\";\r\n\r\n    \/\/ 2. On cherche les boutons via la classe CSS .btn-devis-source\r\n    var buttons = document.querySelectorAll('.btn-devis-source a');\r\n\r\n    \/\/ 3. Si on a le titre et les boutons, on ajoute le param\u00e8tre\r\n    if (buttons.length > 0 && productTitle !== \"\") {\r\n        var encodedTitle = encodeURIComponent(productTitle);\r\n\r\n        buttons.forEach(function(btn) {\r\n            var currentHref = btn.getAttribute('href');\r\n            \r\n            \/\/ S\u00e9curit\u00e9 pour ne pas ajouter le param\u00e8tre 2 fois\r\n            if (currentHref.indexOf('sujet=') === -1) {\r\n                var separator = currentHref.indexOf('?') !== -1 ? '&' : '?';\r\n                var newLink = currentHref + separator + 'sujet=' + encodedTitle;\r\n                \r\n                btn.setAttribute('href', newLink);\r\n            }\r\n        });\r\n    }\r\n});\r\n<\/script><\/div>\n<\/div>\n<\/div>\n<\/div>\n\n<figure class=\"wp-block-gallery has-nested-images columns-default wp-block-gallery-1 is-layout-flex wp-block-gallery-is-layout-flex\">\n<figure class=\"wp-block-image size-large\"><img decoding=\"async\" width=\"1024\" height=\"576\" data-id=\"1791\" src=\"https:\/\/obera.fr\/wp-content\/uploads\/2020\/11\/TK-Filtration-1024x576.jpg\" alt=\"Tk Sz&#x171;r&#xE9;s\" class=\"wp-image-1791\" srcset=\"https:\/\/obera.fr\/wp-content\/uploads\/2020\/11\/TK-Filtration-1024x576.jpg 1024w, https:\/\/obera.fr\/wp-content\/uploads\/2020\/11\/TK-Filtration-300x169.jpg 300w, https:\/\/obera.fr\/wp-content\/uploads\/2020\/11\/TK-Filtration-768x432.jpg 768w, https:\/\/obera.fr\/wp-content\/uploads\/2020\/11\/TK-Filtration.jpg 1200w\" sizes=\"(max-width: 1024px) 100vw, 1024px\" \/><figcaption class=\"wp-element-caption\">Sz\u0171r\u00e9s<\/figcaption><\/figure>\n\n\n\n<figure class=\"wp-block-image size-large\"><img decoding=\"async\" width=\"1024\" height=\"576\" data-id=\"1792\" src=\"https:\/\/obera.fr\/wp-content\/uploads\/2020\/11\/TK-tiroir-des-dechets-1024x576.jpg\" alt=\"Tk Tiroir Des Dechets\" class=\"wp-image-1792\" srcset=\"https:\/\/obera.fr\/wp-content\/uploads\/2020\/11\/TK-tiroir-des-dechets-1024x576.jpg 1024w, https:\/\/obera.fr\/wp-content\/uploads\/2020\/11\/TK-tiroir-des-dechets-300x169.jpg 300w, https:\/\/obera.fr\/wp-content\/uploads\/2020\/11\/TK-tiroir-des-dechets-768x432.jpg 768w, https:\/\/obera.fr\/wp-content\/uploads\/2020\/11\/TK-tiroir-des-dechets.jpg 1200w\" sizes=\"(max-width: 1024px) 100vw, 1024px\" \/><figcaption class=\"wp-element-caption\">Hullad\u00e9k fi\u00f3k<\/figcaption><\/figure>\n<\/figure>\n\n<div class=\"wp-block-columns is-layout-flex wp-container-core-columns-is-layout-28f84493 wp-block-columns-is-layout-flex\">\n<div class=\"wp-block-column is-layout-flow wp-block-column-is-layout-flow\">\n<h2 class=\"wp-block-heading has-text-align-center\">El\u0151ny\u00f6k<\/h2>\n\n\n\n<ul class=\"wp-block-list\">\n<li>Kis helyig\u00e9ny a kompakt kialak\u00edt\u00e1snak k\u00f6sz\u00f6nhet\u0151en<\/li>\n\n\n\n<li>K\u00f6nnyen haszn\u00e1lhat\u00f3<\/li>\n\n\n\n<li>Alacsony \u00fczemeltet\u00e9si k\u00f6lts\u00e9gek a tiszt\u00edthat\u00f3 zs\u00e1kos sz\u0171r\u0151nek k\u00f6sz\u00f6nhet\u0151en<\/li>\n\n\n\n<li>Alacsony karbantart\u00e1si ig\u00e9ny<\/li>\n\n\n\n<li>Tiszt\u00edthat\u00f3, hossz\u00fa \u00e9lettartam\u00fa zs\u00e1kos sz\u0171r\u0151<\/li>\n\n\n\n<li>Robusztus porgy\u0171jt\u0151 fi\u00f3k<\/li>\n<\/ul>\n<\/div>\n\n\n\n<div class=\"wp-block-column is-layout-flow wp-block-column-is-layout-flow\">\n<h2 class=\"wp-block-heading has-text-align-center\">K\u00fcl\u00f6nleges jellemz\u0151k<\/h2>\n\n\n\n<ul class=\"wp-block-list\">\n<li>A zs\u00e1kos sz\u0171r\u0151 k\u00e9zi tiszt\u00edt\u00e1sa<\/li>\n\n\n\n<li>Helyhez k\u00f6t\u00f6tt telep\u00edt\u00e9s<\/li>\n<\/ul>\n<\/div>\n\n\n\n<div class=\"wp-block-column is-layout-flow wp-block-column-is-layout-flow\">\n<h2 class=\"wp-block-heading has-text-align-center\">Jellemz\u0151k<\/h2>\n\n\n\n<ul class=\"wp-block-list\">\n<li>K\u00f6zvetlen kitermel\u00e9shez k\u00f6sz\u00f6r\u0171-, mar\u00f3- \u00e9s sorj\u00e1z\u00f3g\u00e9peken<\/li>\n\n\n\n<li>sz\u00f3rv\u00e1nyos haszn\u00e1latra, kis mennyis\u00e9g\u0171 porral<\/li>\n<\/ul>\n<\/div>\n<\/div>\n\n<h2 class=\"wp-block-heading\">Alkalmaz\u00e1sok<\/h2>\n\n<div class=\"wp-block-columns is-layout-flex wp-container-core-columns-is-layout-28f84493 wp-block-columns-is-layout-flex\">\n<div class=\"wp-block-column is-layout-flow wp-block-column-is-layout-flow\">\n<h3 class=\"wp-block-heading has-text-align-center\">Szennyez\u0151 anyagok<\/h3>\n\n\n\n<hr class=\"wp-block-separator has-css-opacity is-style-wide\"\/>\n\n\n\n<div class=\"wp-block-columns is-layout-flex wp-container-core-columns-is-layout-28f84493 wp-block-columns-is-layout-flex\">\n<div class=\"wp-block-column is-layout-flow wp-block-column-is-layout-flow\">\n<figure class=\"wp-block-image aligncenter size-large\"><img decoding=\"async\" width=\"70\" height=\"70\" src=\"https:\/\/obera.fr\/wp-content\/uploads\/2020\/08\/polluants-poussieres.jpg\" alt=\"Szennyez&#x151; anyagok Por\" class=\"wp-image-675\"\/><figcaption class=\"wp-element-caption\">Por<\/figcaption><\/figure>\n\n\n\n<figure class=\"wp-block-image aligncenter size-large\"><img decoding=\"async\" width=\"70\" height=\"70\" src=\"https:\/\/obera.fr\/wp-content\/uploads\/2020\/08\/polluants-copeaux-bois.jpg\" alt=\"Szennyez&#x151; anyagok Faforg&#xE1;cs\" class=\"wp-image-674\"\/><figcaption class=\"wp-element-caption\">Chips<\/figcaption><\/figure>\n<\/div>\n\n\n\n<div class=\"wp-block-column is-layout-flow wp-block-column-is-layout-flow\">\n<figure class=\"wp-block-image aligncenter size-large\"><img decoding=\"async\" width=\"70\" height=\"70\" src=\"https:\/\/obera.fr\/wp-content\/uploads\/2020\/08\/industrie-fumees.jpg\" alt=\"Ipari f&#xFC;st\" class=\"wp-image-722\"\/><figcaption class=\"wp-element-caption\">G\u0151z\u00f6k<\/figcaption><\/figure>\n<\/div>\n<\/div>\n\n\n\n<p><\/p>\n<\/div>\n\n\n\n<div class=\"wp-block-column is-layout-flow wp-block-column-is-layout-flow\">\n<h3 class=\"wp-block-heading has-text-align-center\">Ipar\u00e1gak<\/h3>\n\n\n\n<hr class=\"wp-block-separator has-css-opacity is-style-wide\"\/>\n\n\n\n<div class=\"wp-block-columns is-layout-flex wp-container-core-columns-is-layout-28f84493 wp-block-columns-is-layout-flex\">\n<div class=\"wp-block-column is-layout-flow wp-block-column-is-layout-flow\">\n<figure class=\"wp-block-image aligncenter size-large\"><img decoding=\"async\" width=\"70\" height=\"70\" src=\"https:\/\/obera.fr\/wp-content\/uploads\/2020\/08\/industrie-metallurgie.jpg\" alt=\"Koh&#xE1;szati ipar\" class=\"wp-image-673\"\/><figcaption class=\"wp-element-caption\">Koh\u00e1szat<\/figcaption><\/figure>\n<\/div>\n\n\n\n<div class=\"wp-block-column is-layout-flow wp-block-column-is-layout-flow\">\n<figure class=\"wp-block-image aligncenter size-large\"><img decoding=\"async\" width=\"70\" height=\"70\" src=\"https:\/\/obera.fr\/wp-content\/uploads\/2020\/08\/industrie-plastique.jpg\" alt=\"M&#x171;anyagipar\" class=\"wp-image-669\"\/><figcaption class=\"wp-element-caption\">M\u0171anyagok<\/figcaption><\/figure>\n<\/div>\n<\/div>\n<\/div>\n<\/div>\n\n<div class=\"wp-block-buttons is-horizontal is-content-justification-center is-layout-flex wp-container-core-buttons-is-layout-03627597 wp-block-buttons-is-layout-flex\">\n<div class=\"wp-block-button\"><a class=\"wp-block-button__link wp-element-button\" href=\"https:\/\/obera.fr\/contact\/\">Tudjon meg t\u00f6bbet<\/a><\/div>\n<\/div>\n\n<h2 class=\"wp-block-heading\">M\u0171szaki specifik\u00e1ci\u00f3k<\/h2>\n\n<table id=\"tablepress-154\" class=\"tablepress tablepress-id-154\">\n<thead>\n<tr class=\"row-1\">\n\t<th class=\"column-1\">Appareil<\/th><td class=\"column-2\"><\/td><th class=\"column-3\">4<\/th><th class=\"column-4\">6<\/th>\n<\/tr>\n<\/thead>\n<tbody class=\"row-striping row-hover\">\n<tr class=\"row-2\">\n\t<td class=\"column-1\">D\u00e9bit<\/td><td class=\"column-2\">m3\/h<\/td><td class=\"column-3\">300<\/td><td class=\"column-4\">450<\/td>\n<\/tr>\n<tr class=\"row-3\">\n\t<td class=\"column-1\">Diam\u00e8tre d'entr\u00e9e<\/td><td class=\"column-2\">mm<\/td><td class=\"column-3\">60<\/td><td class=\"column-4\">80<\/td>\n<\/tr>\n<tr class=\"row-4\">\n\t<td class=\"column-1\">pression n\u00e9gative max<\/td><td class=\"column-2\">Pa<\/td><td class=\"column-3\">1400<\/td><td class=\"column-4\">1400<\/td>\n<\/tr>\n<tr class=\"row-5\">\n\t<td class=\"column-1\">Tension d'alimentation<\/td><td class=\"column-2\">V<\/td><td class=\"column-3\">400<\/td><td class=\"column-4\">400<\/td>\n<\/tr>\n<tr class=\"row-6\">\n\t<td class=\"column-1\">Puissance<\/td><td class=\"column-2\">kW<\/td><td class=\"column-3\">0.55<\/td><td class=\"column-4\">0.55<\/td>\n<\/tr>\n<tr class=\"row-7\">\n\t<td class=\"column-1\">Dimensions<\/td><td class=\"column-2\">l\/L\/h (mm)<\/td><td class=\"column-3\">400 x 400 x 590<\/td><td class=\"column-4\">400 x 400 x 590<\/td>\n<\/tr>\n<tr class=\"row-8\">\n\t<td class=\"column-1\">Poids<\/td><td class=\"column-2\">kg<\/td><td class=\"column-3\">40<\/td><td class=\"column-4\">40<\/td>\n<\/tr>\n<tr class=\"row-9\">\n\t<td class=\"column-1\">Niveau de Bruyance<\/td><td class=\"column-2\">dB(A)<\/td><td class=\"column-3\">68<\/td><td class=\"column-4\">68<\/td>\n<\/tr>\n<\/tbody>\n<\/table>\n\n\n<hr class=\"wp-block-separator has-css-opacity is-style-dots\"\/>\n\n<h2 class=\"wp-block-heading\">Egy\u00e9b kis porsz\u00edv\u00f3k az oberA m\u00e1rk\u00e1t\u00f3l<\/h2>\n\n<div class=\"wp-block-columns is-layout-flex wp-container-core-columns-is-layout-28f84493 wp-block-columns-is-layout-flex\">\n<div class=\"wp-block-column is-layout-flow wp-block-column-is-layout-flow\">\n<figure class=\"wp-block-image aligncenter size-medium\"><a href=\"https:\/\/obera.fr\/produits\/depoussiereurs-industriels\/petits\/jumbo\/\"><img decoding=\"async\" width=\"300\" height=\"300\" src=\"https:\/\/obera.fr\/wp-content\/uploads\/2020\/10\/jumbo-300x300.png\" alt=\"Jumbo\" class=\"wp-image-1171\" srcset=\"https:\/\/obera.fr\/wp-content\/uploads\/2020\/10\/jumbo-300x300.png 300w, https:\/\/obera.fr\/wp-content\/uploads\/2020\/10\/jumbo-150x150.png 150w, https:\/\/obera.fr\/wp-content\/uploads\/2020\/10\/jumbo.png 500w\" sizes=\"(max-width: 300px) 100vw, 300px\" \/><\/a><figcaption class=\"wp-element-caption\">Jumbo<\/figcaption><\/figure>\n<\/div>\n\n\n\n<div class=\"wp-block-column is-layout-flow wp-block-column-is-layout-flow\">\n<figure class=\"wp-block-image aligncenter size-full is-resized\"><a href=\"https:\/\/obera.fr\/produits\/depoussiereurs-industriels\/petits\/srf-t\/\"><img decoding=\"async\" width=\"600\" height=\"600\" src=\"https:\/\/obera.fr\/wp-content\/uploads\/2020\/10\/SRF-T-SF.png\" alt=\"F&#xFC;st - Porgy&#x171;jt&#x151;\" class=\"wp-image-1310\" style=\"width:300px;height:300px\" srcset=\"https:\/\/obera.fr\/wp-content\/uploads\/2020\/10\/SRF-T-SF.png 600w, https:\/\/obera.fr\/wp-content\/uploads\/2020\/10\/SRF-T-SF-300x300.png 300w, https:\/\/obera.fr\/wp-content\/uploads\/2020\/10\/SRF-T-SF-150x150.png 150w\" sizes=\"(max-width: 600px) 100vw, 600px\" \/><\/a><figcaption class=\"wp-element-caption\">SRF-T<\/figcaption><\/figure>\n<\/div>\n\n\n\n<div class=\"wp-block-column is-layout-flow wp-block-column-is-layout-flow\">\n<figure class=\"wp-block-image aligncenter size-medium\"><a href=\"https:\/\/obera.fr\/produits\/depoussiereurs-industriels\/petits\/aspiration-fumees-soudage-laser-epur-b-ex\/\"><img decoding=\"async\" width=\"300\" height=\"300\" src=\"https:\/\/obera.fr\/wp-content\/uploads\/2023\/10\/epurb-ex-1000-3000-5000-300x300.png\" alt=\"oberA epur b ex 1000 3000 5000\" class=\"wp-image-25016\" srcset=\"https:\/\/obera.fr\/wp-content\/uploads\/2023\/10\/epurb-ex-1000-3000-5000-300x300.png 300w, https:\/\/obera.fr\/wp-content\/uploads\/2023\/10\/epurb-ex-1000-3000-5000-150x150.png 150w, https:\/\/obera.fr\/wp-content\/uploads\/2023\/10\/epurb-ex-1000-3000-5000.png 600w\" sizes=\"(max-width: 300px) 100vw, 300px\" \/><\/a><figcaption class=\"wp-element-caption\">EPUR B EX 1000<\/figcaption><\/figure>\n<\/div>\n<\/div>\n\n<p><\/p>\n","protected":false},"excerpt":{"rendered":"<p>Kism\u00e9ret\u0171 porelsz\u00edv\u00f3k k\u00f6zvetlen elsz\u00edv\u00e1shoz megmunk\u00e1l\u00f3k\u00f6zpontokon A TK sorozat\u00fa kism\u00e9ret\u0171 porelsz\u00edv\u00f3kat sz\u00f3rv\u00e1nyos haszn\u00e1latra tervezt\u00e9k egypontos elsz\u00edv\u00e1sra mechanikai m\u0171helyekben \u00e9s f\u00e9mfeldolgoz\u00f3 v\u00e1llalatokn\u00e1l. A poros leveg\u0151t a tiszt\u00edthat\u00f3 sz\u00f6vetsz\u0171r\u0151 tiszt\u00edtja meg, amely lehet\u0151v\u00e9 teszi a leveg\u0151 visszavezet\u00e9s\u00e9t a munkater\u00fcletre. Kis m\u00e9ret\u00fcknek k\u00f6sz\u00f6nhet\u0151en a porelsz\u00edv\u00f3k gyorsan \u00e9s egyszer\u0171en felszerelhet\u0151k asztalok al\u00e1 vagy polcokra. A berendez\u00e9s meger\u0151s\u00edt\u00e9se \u00e9rdek\u00e9ben ipari motorh\u00e1ztet\u0151 be\u00e9p\u00edt\u00e9se is sz\u00f3ba j\u00f6het. Ez a kifejezetten ipari alkalmaz\u00e1shoz tervezett motorh\u00e1ztet\u0151 n\u00f6veli a porgy\u0171jt\u00e9s hat\u00e9konys\u00e1g\u00e1t a besz\u00edvott leveg\u0151\u00e1ram koncentr\u00e1l\u00e1s\u00e1val \u00e9s a k\u00f6zvetlen k\u00f6rnyezet v\u00e9delm\u00e9vel. A porlev\u00e1laszt\u00f3 kiv\u00e1laszt\u00e1sakor fontos feltenni a k\u00e9rd\u00e9st:&#8222;Melyik porlev\u00e1laszt\u00f3t v\u00e1lasszam?&#8221;. E k\u00e9rd\u00e9s megv\u00e1laszol\u00e1s\u00e1hoz sz\u00e1mos t\u00e9nyez\u0151t kell figyelembe venni, p\u00e9ld\u00e1ul a keletkez\u0151 por &#8230; <\/p>\n<p class=\"read-more-container\"><a title=\"TK-sorozat\" class=\"read-more button\" href=\"https:\/\/obera.fr\/hu\/produits\/depoussiereurs-industriels\/petits\/tk-serie\/#more-70016\" aria-label=\"Read more about TK-sorozat\">Lire la suite<\/a><\/p>\n","protected":false},"author":4,"featured_media":67691,"parent":117570,"menu_order":0,"comment_status":"closed","ping_status":"closed","template":"","meta":{"_acf_changed":false,"_seopress_robots_primary_cat":"","_seopress_titles_title":"TK-sorozat : Kis porelsz\u00edv\u00f3k k\u00f6zvetlen elsz\u00edv\u00e1shoz","_seopress_titles_desc":"A TK sorozat\u00fa kism\u00e9ret\u0171 porelsz\u00edv\u00f3kat a mechanikai m\u0171helyek \u00e9s f\u00e9mfeldolgoz\u00f3 \u00fczemek egyablakos elsz\u00edv\u00e1s\u00e1ra tervezt\u00e9k.","_seopress_robots_index":"","footnotes":""},"class_list":{"0":"post-70016","1":"page","2":"type-page","3":"status-publish","4":"has-post-thumbnail","6":"no-featured-image-padding","7":"resize-featured-image"},"acf":[],"_links":{"self":[{"href":"https:\/\/obera.fr\/hu\/wp-json\/wp\/v2\/pages\/70016","targetHints":{"allow":["GET"]}}],"collection":[{"href":"https:\/\/obera.fr\/hu\/wp-json\/wp\/v2\/pages"}],"about":[{"href":"https:\/\/obera.fr\/hu\/wp-json\/wp\/v2\/types\/page"}],"author":[{"embeddable":true,"href":"https:\/\/obera.fr\/hu\/wp-json\/wp\/v2\/users\/4"}],"replies":[{"embeddable":true,"href":"https:\/\/obera.fr\/hu\/wp-json\/wp\/v2\/comments?post=70016"}],"version-history":[{"count":6,"href":"https:\/\/obera.fr\/hu\/wp-json\/wp\/v2\/pages\/70016\/revisions"}],"predecessor-version":[{"id":117575,"href":"https:\/\/obera.fr\/hu\/wp-json\/wp\/v2\/pages\/70016\/revisions\/117575"}],"up":[{"embeddable":true,"href":"https:\/\/obera.fr\/hu\/wp-json\/wp\/v2\/pages\/117570"}],"wp:featuredmedia":[{"embeddable":true,"href":"https:\/\/obera.fr\/hu\/wp-json\/wp\/v2\/media\/67691"}],"wp:attachment":[{"href":"https:\/\/obera.fr\/hu\/wp-json\/wp\/v2\/media?parent=70016"}],"curies":[{"name":"wp","href":"https:\/\/api.w.org\/{rel}","templated":true}]}}