{"id":78080,"date":"2022-11-23T11:48:48","date_gmt":"2022-11-23T09:48:48","guid":{"rendered":"https:\/\/obera.fr\/produits\/depoussiereurs-industriels\/fixes\/depoussiereur-a-voie-humide-dustomat-hydro\/"},"modified":"2025-04-25T14:52:39","modified_gmt":"2025-04-25T12:52:39","slug":"depoussiereur-a-voie-humide-dustomat-hydro","status":"publish","type":"page","link":"https:\/\/obera.fr\/hu\/produits\/depoussiereurs-industriels\/fixes\/depoussiereur-a-voie-humide-dustomat-hydro\/","title":{"rendered":"DUSTOMAT HYDRO : r\u00f6gz\u00edtett nedves porlev\u00e1laszt\u00f3 berendez\u00e9s"},"content":{"rendered":"\n<p>Fedezze fel a <strong>DUSTOMAT HYDRO nedves porlev\u00e1laszt\u00f3k<\/strong> v\u00e1laszt\u00e9k\u00e1t, amelyek a teljes\u00edtm\u00e9nyt \u00e9s a hat\u00e9konys\u00e1got \u00f6tv\u00f6zik a k\u00f6nnyen gy\u00fal\u00e9kony anyagok elsz\u00edv\u00e1s\u00e1hoz.<\/p>\n\n\n\n<h2 class=\"wp-block-heading\">DUSTOMAT HYDRO ipari porlev\u00e1laszt\u00f3 : hogyan m\u0171k\u00f6dik \u00e9s hogyan kell haszn\u00e1lni ?<\/h2>\n\n\n\n<div class=\"wp-block-columns is-layout-flex wp-container-core-columns-is-layout-28f84493 wp-block-columns-is-layout-flex\">\n<div class=\"wp-block-column is-layout-flow wp-block-column-is-layout-flow\" style=\"flex-basis:33.33%\">\n<figure class=\"wp-block-image aligncenter size-full is-resized\"><img decoding=\"async\" width=\"600\" height=\"600\" src=\"https:\/\/obera.fr\/wp-content\/uploads\/2022\/11\/dustomat-hydro-1.png\" alt=\"dustomat hydro 1\" class=\"wp-image-15989\" style=\"width:300px;height:300px\" srcset=\"https:\/\/obera.fr\/wp-content\/uploads\/2022\/11\/dustomat-hydro-1.png 600w, https:\/\/obera.fr\/wp-content\/uploads\/2022\/11\/dustomat-hydro-1-300x300.png 300w, https:\/\/obera.fr\/wp-content\/uploads\/2022\/11\/dustomat-hydro-1-150x150.png 150w\" sizes=\"(max-width: 600px) 100vw, 600px\" \/><\/figure>\n<\/div>\n\n\n\n<div class=\"wp-block-column is-vertically-aligned-center is-layout-flow wp-block-column-is-layout-flow\" style=\"flex-basis:66.66%\">\n<p>A DUSTOMAT HYDRO sorozat f\u0151 er\u0151ss\u00e9ge az <strong>innovat\u00edv, t\u00f6bbl\u00e9pcs\u0151s lev\u00e1laszt\u00e1si technol\u00f3gia a por \u00e9s a szikr\u00e1k felfog\u00e1s\u00e1ra<\/strong>. A szennyezett leveg\u0151t a porlev\u00e1laszt\u00f3ba \u00e9p\u00edtett ventil\u00e1tor sz\u00edvja be. A leveg\u0151 sebess\u00e9ge cs\u00f6kken, \u00edgy a neh\u00e9z r\u00e9szecsk\u00e9k egy visszanyer\u0151 tart\u00e1lyba esnek: ez a r\u00e9szecsk\u00e9k el\u0151szepar\u00e1l\u00e1s\u00e1nak els\u0151 l\u00e9p\u00e9se. A leveg\u0151 ezut\u00e1n egy <strong>hidrociklonon<\/strong> halad \u00e1t, amely a centrifug\u00e1lis er\u0151 seg\u00edts\u00e9g\u00e9vel v\u00e1lasztja el a finom r\u00e9szecsk\u00e9ket a v\u00edzt\u0151l. Ezek a r\u00e9szecsk\u00e9k a v\u00edzben rekednek, \u00e9s a szikr\u00e1kat leh\u0171tik, hogy \u00e1rtalmatlann\u00e1 tegy\u00e9k \u0151ket. Egy utols\u00f3 sz\u0171r\u00e9si szakasz az utols\u00f3 finom r\u00e9szecsk\u00e9ket is felfogja, \u00edgy a leveg\u0151 tiszta marad. Ez a sz\u0171r\u00e9si technol\u00f3gia magas, ak\u00e1r 99,995%-os elv\u00e1laszt\u00e1si hat\u00e9konys\u00e1got garant\u00e1l.      <\/p>\n\n\n\n<p>Mire haszn\u00e1lj\u00e1k \u0151ket? A DUSTOMAT HYDRO sorozat\u00fa <strong>nedves szepar\u00e1torokat<\/strong> er\u0151sen t\u0171zvesz\u00e9lyes anyagok elsz\u00edv\u00e1s\u00e1ra vagy szikr\u00e1z\u00f3 munkafolyamatokn\u00e1l tervezt\u00e9k. Alkalmasak egy- vagy t\u00f6bb\u00e1llom\u00e1sos elsz\u00edv\u00f3rendszerekhez f\u00e9mporok elsz\u00edv\u00e1s\u00e1ra, p\u00e9ld\u00e1ul <strong>csiszol\u00e1s<\/strong>, <strong>kef\u00e9l\u00e9s<\/strong> \u00e9s <strong>pol\u00edroz\u00e1s<\/strong> sor\u00e1n. A DUSTOMAT HYDRO megfelel az ATEX-szabv\u00e1nynak is a robban\u00e1svesz\u00e9lyes k\u00f6rnyezetben t\u00f6rt\u00e9n\u0151 biztons\u00e1gos \u00e9s hat\u00e9kony haszn\u00e1lat \u00e9rdek\u00e9ben. Val\u00f3j\u00e1ban ezek a <a href=\"https:\/\/obera.fr\/hu\/produits\/depoussiereurs-industriels\/fixes\/\" data-type=\"page\" data-id=\"389\">r\u00f6gz\u00edtett nedves porlev\u00e1laszt\u00f3k<\/a> nagyon n\u00e9pszer\u0171ek a<strong>f\u00e9m-<\/strong>, <strong>vegyi-<\/strong> \u00e9s <strong>\u00e9lelmiszeriparban<\/strong>, valamint a <strong>faiparban \u00e9s a k\u00e9zm\u0171iparban<\/strong>.    <\/p>\n\n\n\n<div class=\"wp-block-columns is-layout-flex wp-container-core-columns-is-layout-28f84493 wp-block-columns-is-layout-flex\">\n<div class=\"wp-block-column is-layout-flow wp-block-column-is-layout-flow\" style=\"flex-basis:33.33%\">\n<div class=\"wp-block-buttons is-layout-flex wp-block-buttons-is-layout-flex\">\n<div class=\"wp-block-button\"><a class=\"wp-block-button__link wp-element-button\" href=\"https:\/\/obera.fr\/wp-content\/uploads\/2025\/04\/brochure-dustomat-hydro-en.pdf\">A BROS\u00daRA LET\u00d6LT\u00c9SE<\/a><\/div>\n<\/div>\n<\/div>\n\n\n\n<div class=\"wp-block-column is-layout-flow wp-block-column-is-layout-flow\" style=\"flex-basis:33.34%\">\n<div class=\"wp-block-buttons is-horizontal is-content-justification-center is-layout-flex wp-container-core-buttons-is-layout-03627597 wp-block-buttons-is-layout-flex\">\n<div class=\"wp-block-button\"><a class=\"wp-block-button__link wp-element-button\" href=\"https:\/\/obera.fr\/contact\/\">Tudjon meg t\u00f6bbet<\/a><\/div>\n<\/div>\n<\/div>\n\n\n\n<div class=\"wp-block-column is-layout-flow wp-block-column-is-layout-flow\" style=\"flex-basis:33.34%\">\n<div class=\"wp-block-buttons is-content-justification-center is-layout-flex wp-container-core-buttons-is-layout-a89b3969 wp-block-buttons-is-layout-flex\">\n<div class=\"wp-block-button btn-devis-source\"><a class=\"wp-block-button__link wp-element-button\" href=\"https:\/\/obera.fr\/hu\/devis\/\">K\u00e9rjen \u00e1raj\u00e1nlatot<\/a><\/div>\n<\/div>\n\n\n<script>\r\ndocument.addEventListener('DOMContentLoaded', function() {\r\n    \/\/ 1. On cherche le titre H1 de la page\r\n    var h1 = document.querySelector('h1');\r\n    var productTitle = h1 ? h1.innerText.trim() : \"\";\r\n\r\n    \/\/ 2. On cherche les boutons via la classe CSS .btn-devis-source\r\n    var buttons = document.querySelectorAll('.btn-devis-source a');\r\n\r\n    \/\/ 3. Si on a le titre et les boutons, on ajoute le param\u00e8tre\r\n    if (buttons.length > 0 && productTitle !== \"\") {\r\n        var encodedTitle = encodeURIComponent(productTitle);\r\n\r\n        buttons.forEach(function(btn) {\r\n            var currentHref = btn.getAttribute('href');\r\n            \r\n            \/\/ S\u00e9curit\u00e9 pour ne pas ajouter le param\u00e8tre 2 fois\r\n            if (currentHref.indexOf('sujet=') === -1) {\r\n                var separator = currentHref.indexOf('?') !== -1 ? '&' : '?';\r\n                var newLink = currentHref + separator + 'sujet=' + encodedTitle;\r\n                \r\n                btn.setAttribute('href', newLink);\r\n            }\r\n        });\r\n    }\r\n});\r\n<\/script><\/div>\n<\/div>\n<\/div>\n<\/div>\n\n\n\n<div style=\"height:30px\" aria-hidden=\"true\" class=\"wp-block-spacer\"><\/div>\n\n\n\n<h2 class=\"wp-block-heading\">A DUSTOMAT HYDRO nedves porlev\u00e1laszt\u00f3k jellemz\u0151i<\/h2>\n\n\n\n<p>A DUSTOMAT HYDRO sorozat <strong>4<\/strong> nedves <strong>porlev\u00e1laszt\u00f3 modellt<\/strong> tartalmaz, amelyek kapacit\u00e1sa <strong>2300 \u00e9s 10 000 m3\/h<\/strong> k\u00f6z\u00f6tt mozog. Ezek mindegyike sz\u00e9lesk\u00f6r\u0171 alkalmaz\u00e1st k\u00edn\u00e1l f\u00e9mforg\u00e1cs, hegeszt\u00e9si f\u00fcst, alum\u00ednium-, ac\u00e9l- \u00e9s tit\u00e1npor, valamint robban\u00e1svesz\u00e9lyes anyagok <a href=\"https:\/\/obera.fr\/conseils\/zone-atex-norme-atex-bases-protection-contre-risque-explosion\/\" data-type=\"post\" data-id=\"17925\">(ATEX-kompatibilis<\/a>, opci\u00f3k\u00e9nt) \u00e9s szikr\u00e1z\u00f3 f\u00e9mporok elsz\u00edv\u00e1s\u00e1ra. A term\u00e9kcsal\u00e1d sokoldal\u00fas\u00e1ga miatt k\u00fcl\u00f6n\u00f6sen hat\u00e9kony a csiszol\u00e1si, pol\u00edroz\u00e1si, f\u0171r\u00e9szel\u00e9si, mar\u00e1si \u00e9s hegeszt\u00e9si folyamatok sor\u00e1n keletkez\u0151 r\u00e9szecsk\u00e9k elsz\u00edv\u00e1s\u00e1ban.  <\/p>\n\n\n\n<p>Ezen k\u00edv\u00fcl a DUSTOMAT HYDRO egy olyan porlev\u00e1laszt\u00f3, amely val\u00f3ban az ipar ig\u00e9nyeihez igaz\u00edthat\u00f3. Amellett, hogy ATEX-kompatibilis, speci\u00e1lis f\u00e9nyez\u00e9ssel \u00e9s v\u00e1ltoztathat\u00f3 <strong>sz\u00edv\u00f3f\u00fav\u00f3ka-poz\u00edci\u00f3val<\/strong> is rendelkezik. A sz\u0171r\u0151k\u00f6zegek k\u00f6z\u00fcl is v\u00e1laszthat (p\u00e9ld\u00e1ul HEPA H 14 sz\u0171r\u0151 a r\u00e1kkelt\u0151 r\u00e9szecsk\u00e9khez). Ezen k\u00edv\u00fcl <strong><a href=\"https:\/\/obera.fr\/hu\/produits\/depoussiereurs-industriels\/\" data-type=\"page\" data-id=\"31\">ipari porlev\u00e1laszt\u00f3k<\/a><\/strong> ebben a sorozatban k\u00e9t teljes\u00edtm\u00e9nyszinttel, konfigur\u00e1lhat\u00f3 sz\u0171r\u0151rendszerrel (ak\u00e1r 4 sz\u0171r\u00e9si szint) \u00e9s a v\u00edzfelt\u00f6lt\u00e9st automatikusan szab\u00e1lyoz\u00f3 \u00e9rz\u00e9kel\u0151kkel rendelkeznek.   <\/p>\n\n\n\n<p>A DUSTOMAT HYDRO sorozat m\u00e1sik jellemz\u0151je az <strong>alacsony karbantart\u00e1si k\u00f6lts\u00e9gek<\/strong>, mivel a finom r\u00e9szecsk\u00e9k sz\u0171r\u0151rendszere a foly\u00e1sir\u00e1nyban helyezkedik el.<\/p>\n\n\n\n<blockquote class=\"wp-block-quote is-layout-flow wp-block-quote-is-layout-flow\">\n<p>Innovat\u00edv DUSTOMAT HYDRO technol\u00f3gia: a hidrociklonon alapul\u00f3 elv\u00e1laszt\u00f3 rendszer m\u00e1r az els\u0151 sz\u0171r\u00e9si szintt\u0151l kezdve szinte teljesen \u00e1rtalmatlann\u00e1 teszi a szikr\u00e1kat \u00e9s az \u00e9ghet\u0151 port (98,7%-os elv\u00e1laszt\u00e1si ar\u00e1ny). M\u00e9g a legkisebb, \u2265 15 \u00b5m-es r\u00e9szecskefrakci\u00f3kat is biztons\u00e1gosan megk\u00f6ti a v\u00edzforgat\u00f3 kamr\u00e1ban, \u00edgy az OberA \u00faj szintre emeli az el\u0151sz\u0171r\u00e9s min\u0151s\u00e9g\u00e9t. A felhaszn\u00e1l\u00f3knak jelent\u0151s el\u0151nye van: a sz\u0171r\u0151k\u00f6zegek a k\u00e9s\u0151bbi sz\u00e1raz lev\u00e1laszt\u00f3 rendszerben megk\u00edm\u00e9l\u0151dnek, ami hosszabb \u00e9lettartamot \u00e9s alacsonyabb k\u00e9s\u0151bbi k\u00f6lts\u00e9geket eredm\u00e9nyez.  <\/p>\n<\/blockquote>\n\n\n\n<div class=\"wp-block-columns is-layout-flex wp-container-core-columns-is-layout-28f84493 wp-block-columns-is-layout-flex\">\n<div class=\"wp-block-column is-layout-flow wp-block-column-is-layout-flow\">\n<h3 class=\"wp-block-heading has-text-align-center\" id=\"industries\">Ipar\u00e1gak<\/h3>\n\n\n\n<hr class=\"wp-block-separator has-css-opacity is-style-wide\"\/>\n\n\n\n<div class=\"wp-block-columns is-layout-flex wp-container-core-columns-is-layout-28f84493 wp-block-columns-is-layout-flex\">\n<div class=\"wp-block-column is-layout-flow wp-block-column-is-layout-flow\">\n<figure class=\"wp-block-image aligncenter size-full\"><img decoding=\"async\" width=\"150\" height=\"150\" src=\"https:\/\/obera.fr\/wp-content\/uploads\/2022\/02\/Metalurgie.png\" alt=\"f\u00e9mmegmunk\u00e1l\u00e1s\" class=\"wp-image-8857\"\/><figcaption class=\"wp-element-caption\">F\u00e9mmegmunk\u00e1l\u00e1s<\/figcaption><\/figure>\n\n\n\n<figure class=\"wp-block-image aligncenter size-full\"><img decoding=\"async\" width=\"150\" height=\"150\" src=\"https:\/\/obera.fr\/wp-content\/uploads\/2022\/02\/Textile.png\" alt=\"textil\" class=\"wp-image-8855\"\/><figcaption class=\"wp-element-caption\">Text\u00edli\u00e1k<\/figcaption><\/figure>\n<\/div>\n\n\n\n<div class=\"wp-block-column is-layout-flow wp-block-column-is-layout-flow\">\n<figure class=\"wp-block-image aligncenter size-full\"><img decoding=\"async\" width=\"150\" height=\"150\" src=\"https:\/\/obera.fr\/wp-content\/uploads\/2022\/02\/Chimie.png\" alt=\"k\u00e9mia\" class=\"wp-image-8846\"\/><figcaption class=\"wp-element-caption\">K\u00e9mia<\/figcaption><\/figure>\n\n\n\n<figure class=\"wp-block-image aligncenter size-full\"><img decoding=\"async\" width=\"150\" height=\"150\" src=\"https:\/\/obera.fr\/wp-content\/uploads\/2022\/02\/Plastique.png\" alt=\"m\u0171anyag\" class=\"wp-image-8854\"\/><figcaption class=\"wp-element-caption\">M\u0171anyag<\/figcaption><\/figure>\n<\/div>\n\n\n\n<div class=\"wp-block-column is-layout-flow wp-block-column-is-layout-flow\">\n<figure class=\"wp-block-image aligncenter size-full\"><img decoding=\"async\" width=\"150\" height=\"150\" src=\"https:\/\/obera.fr\/wp-content\/uploads\/2022\/02\/MINERAIS.png\" alt=\"\u00e9rcek\" class=\"wp-image-8847\"\/><figcaption class=\"wp-element-caption\">\u00c1sv\u00e1nyok<\/figcaption><\/figure>\n\n\n\n<figure class=\"wp-block-image aligncenter size-full\"><img decoding=\"async\" width=\"150\" height=\"150\" src=\"https:\/\/obera.fr\/wp-content\/uploads\/2022\/02\/Papier-carton.png\" alt=\"pap\u00edr \u00e9s karton\" class=\"wp-image-8853\"\/><figcaption class=\"wp-element-caption\">Pap\u00edr\/karton<\/figcaption><\/figure>\n<\/div>\n\n\n\n<div class=\"wp-block-column is-layout-flow wp-block-column-is-layout-flow\">\n<figure class=\"wp-block-image aligncenter size-full\"><img decoding=\"async\" width=\"150\" height=\"150\" src=\"https:\/\/obera.fr\/wp-content\/uploads\/2022\/02\/AGROALIMENTAIRE.png\" alt=\"agr\u00e1r-\u00e9lelmiszeripar\" class=\"wp-image-8844\"\/><figcaption class=\"wp-element-caption\">\u00c9lelmiszeripar<\/figcaption><\/figure>\n<\/div>\n<\/div>\n<\/div>\n<\/div>\n\n\n\n<figure class=\"wp-block-table\"><table class=\"has-fixed-layout\"><tbody><tr><td><\/td><td><\/td><td><strong>DUSTOMAT HYDRO 2300<\/strong><\/td><td><strong>DUSTOMAT HYDRO 3500<\/strong><\/td><td><strong>DUSTOMAT HYDRO 6000<\/strong><\/td><td><strong>DUSTOMAT HYDRO 10000<\/strong><\/td><\/tr><tr><td>Flow<\/td><td>m3\/h<\/td><td>2 300<\/td><td>3 500<\/td><td>6 000<\/td><td>10 000<\/td><\/tr><tr><td>Max. v\u00e1kuum<\/td><td>Pa<\/td><td>2 500<\/td><td>3 400<\/td><td>3 950<\/td><td>4 800<\/td><\/tr><tr><td>Teljes\u00edtm\u00e9ny<\/td><td>kW<\/td><td>3<\/td><td>5,5<\/td><td>7.5<\/td><td>15<\/td><\/tr><tr><td>Bemeneti \u00e1tm\u00e9r\u0151<\/td><td>mm<\/td><td>180<\/td><td>224<\/td><td>280<\/td><td>400<\/td><\/tr><tr><td>V\u00edzcsatlakoz\u00e1s<\/td><td>H\u00fcvelyk<\/td><td>3\/4<\/td><td>3\/4<\/td><td>3\/4<\/td><td>3\/4<\/td><\/tr><tr><td>M\u00e9retek<\/td><td>l\/L\/h (mm)<\/td><td>850x850x2600<\/td><td>850x850x2600<\/td><td>1350 x 1550 x 3400<\/td><td>1350 x 1550 x 3400<\/td><\/tr><tr><td>Zajszint<\/td><td>dB(A)<\/td><td>70*<\/td><td>72*<\/td><td>73.4<\/td><td>76.1<\/td><\/tr><tr><td>S\u00faly<\/td><td>kg<\/td><td>340<\/td><td>380<\/td><td>750<\/td><td>870<\/td><\/tr><\/tbody><\/table><\/figure>\n\n\n\n<p>* hangszigetel\u0151 csomag n\u00e9lk\u00fcl: 75 db(A)<\/p>\n\n\n\n<div class=\"wp-block-columns is-layout-flex wp-container-core-columns-is-layout-28f84493 wp-block-columns-is-layout-flex\">\n<div class=\"wp-block-column is-layout-flow wp-block-column-is-layout-flow\"><\/div>\n\n\n\n<div class=\"wp-block-column is-layout-flow wp-block-column-is-layout-flow\">\n<div class=\"wp-block-buttons is-content-justification-center is-layout-flex wp-container-core-buttons-is-layout-a89b3969 wp-block-buttons-is-layout-flex\">\n<div class=\"wp-block-button btn-devis-source\"><a class=\"wp-block-button__link wp-element-button\" href=\"https:\/\/obera.fr\/hu\/devis\/\">K\u00e9rjen \u00e1raj\u00e1nlatot<\/a><\/div>\n<\/div>\n\n\n<script>\r\ndocument.addEventListener('DOMContentLoaded', function() {\r\n    \/\/ 1. On cherche le titre H1 de la page\r\n    var h1 = document.querySelector('h1');\r\n    var productTitle = h1 ? h1.innerText.trim() : \"\";\r\n\r\n    \/\/ 2. On cherche les boutons via la classe CSS .btn-devis-source\r\n    var buttons = document.querySelectorAll('.btn-devis-source a');\r\n\r\n    \/\/ 3. Si on a le titre et les boutons, on ajoute le param\u00e8tre\r\n    if (buttons.length > 0 && productTitle !== \"\") {\r\n        var encodedTitle = encodeURIComponent(productTitle);\r\n\r\n        buttons.forEach(function(btn) {\r\n            var currentHref = btn.getAttribute('href');\r\n            \r\n            \/\/ S\u00e9curit\u00e9 pour ne pas ajouter le param\u00e8tre 2 fois\r\n            if (currentHref.indexOf('sujet=') === -1) {\r\n                var separator = currentHref.indexOf('?') !== -1 ? '&' : '?';\r\n                var newLink = currentHref + separator + 'sujet=' + encodedTitle;\r\n                \r\n                btn.setAttribute('href', newLink);\r\n            }\r\n        });\r\n    }\r\n});\r\n<\/script><\/div>\n\n\n\n<div class=\"wp-block-column is-layout-flow wp-block-column-is-layout-flow\">\n<div class=\"wp-block-buttons is-content-justification-center is-layout-flex wp-container-core-buttons-is-layout-a89b3969 wp-block-buttons-is-layout-flex\">\n<div class=\"wp-block-button\"><a class=\"wp-block-button__link wp-element-button\" href=\"https:\/\/obera.fr\/wp-content\/uploads\/2025\/04\/brochure-dustomat-hydro-en.pdf\">A bros\u00fara let\u00f6lt\u00e9se<\/a><\/div>\n<\/div>\n<\/div>\n\n\n\n<div class=\"wp-block-column is-layout-flow wp-block-column-is-layout-flow\"><\/div>\n<\/div>\n\n\n\n<h2 class=\"wp-block-heading\">DUSTOMAT HYDRO: mik az el\u0151nyei?  <\/h2>\n\n\n\n<p>A DUSTOMAT HYDRO porlev\u00e1laszt\u00f3 sorozat az <strong>iparban a leveg\u0151min\u0151s\u00e9g els\u0151dleges probl\u00e9m\u00e1j\u00e1ra<\/strong> ad v\u00e1laszt, jav\u00edtva a termel\u0151csapatok eg\u00e9szs\u00e9g\u00e9t \u00e9s biztons\u00e1g\u00e1t. <strong>A finom pornak<\/strong> \u00e9s a szennyez\u0151 anyagoknak <strong>val\u00f3 kitetts\u00e9g cs\u00f6kkent\u00e9se<\/strong>, a m\u0171hely leveg\u0151min\u0151s\u00e9g\u00e9nek jav\u00edt\u00e1sa&#8230; A nedves porlev\u00e1laszt\u00f3 v\u00e1laszt\u00e1sa eg\u00e9szs\u00e9gesebb \u00e9s kellemesebb munkak\u00f6rnyezet megteremt\u00e9s\u00e9t jelenti, valamint a jelenlegi k\u00f6rnyezetv\u00e9delmi el\u0151\u00edr\u00e1soknak val\u00f3 megfelel\u00e9st. A felhaszn\u00e1l\u00f3i k\u00e9nyelem fokoz\u00e1sa \u00e9rdek\u00e9ben a sorozat modelljei kompaktak \u00e9s csendesek. Ha helyhi\u00e1ny van, a k\u00e9sz\u00fcl\u00e9k belt\u00e9ren vagy k\u00fclt\u00e9ren is elhelyezhet\u0151.  <\/p>\n\n\n\n<p>Ami a biztons\u00e1got illeti, innovat\u00edv hidrociklon-technol\u00f3gi\u00e1ja k\u00e9t szempontb\u00f3l is a <strong>lehet\u0151 legbiztons\u00e1gosabb\u00e1 teszi a munkahelyeket<\/strong>: egyr\u00e9szt cs\u00f6kkenti a por okozta t\u0171zvesz\u00e9lyt, m\u00e1sr\u00e9szt megakad\u00e1lyozza, hogy a por felhalmoz\u00f3djon a berendez\u00e9seken \u00e9s k\u00e1ros\u00edtsa a g\u00e9peket.<\/p>\n\n\n\n<p>Ami a gy\u00e1rt\u00f3k \u00e1ltal megk\u00f6vetelt beruh\u00e1z\u00e1st illeti, <strong>a rendszert \u00fagy tervezt\u00e9k, hogy kev\u00e9s v\u00edzenergi\u00e1t fogyasszon<\/strong>, ami megtakar\u00edt\u00e1st jelent az energiasz\u00e1ml\u00e1n.<\/p>\n\n\n\n<div class=\"wp-block-columns is-layout-flex wp-container-core-columns-is-layout-28f84493 wp-block-columns-is-layout-flex\">\n<div class=\"wp-block-column is-layout-flow wp-block-column-is-layout-flow\">\n<h3 class=\"wp-block-heading\">El\u0151ny\u00f6k :<\/h3>\n\n\n\n<ul class=\"wp-block-list\">\n<li>Nagyobb biztons\u00e1g, m\u00e9g robban\u00e1svesz\u00e9lyes k\u00f6rnyezetben is;<\/li>\n\n\n\n<li>Alacsony energia- \u00e9s v\u00edzfogyaszt\u00e1s a v\u00edzszab\u00e1lyoz\u00e1snak k\u00f6sz\u00f6nhet\u0151en;<\/li>\n\n\n\n<li>K\u00f6nnyen haszn\u00e1lhat\u00f3 az \u00e9rint\u0151k\u00e9perny\u0151vel;<\/li>\n\n\n\n<li>K\u00f6nnyen haszn\u00e1lhat\u00f3 \u00e9s karbantarthat\u00f3,<strong> <\/strong>alacsony \u00fczemeltet\u00e9si k\u00f6lts\u00e9gek.<\/li>\n<\/ul>\n<\/div>\n\n\n\n<div class=\"wp-block-column is-layout-flow wp-block-column-is-layout-flow\">\n<h3 class=\"wp-block-heading\">K\u00fcl\u00f6nlegess\u00e9gek:<\/h3>\n\n\n\n<ul class=\"wp-block-list\">\n<li>Nagy teljes\u00edtm\u00e9ny\u0171, t\u00f6bbl\u00e9pcs\u0151s lev\u00e1laszt\u00f3 rendszer finom por, \u00e9ghet\u0151 por \u00e9s szikr\u00e1k lev\u00e1laszt\u00e1s\u00e1ra;<\/li>\n\n\n\n<li>Ak\u00e1r 99,995%-os elv\u00e1laszt\u00e1si hat\u00e9konys\u00e1g;<\/li>\n\n\n\n<li>Egy- vagy t\u00f6bb\u00e1llom\u00e1sos elsz\u00edv\u00e1s.<\/li>\n<\/ul>\n<\/div>\n\n\n\n<div class=\"wp-block-column is-layout-flow wp-block-column-is-layout-flow\">\n<h3 class=\"wp-block-heading\">Jellemz\u0151k :<\/h3>\n\n\n\n<ul class=\"wp-block-list\">\n<li>Megfelel az ATEX szabv\u00e1nynak ;<\/li>\n\n\n\n<li>Csendes m\u0171k\u00f6d\u00e9s ;<\/li>\n\n\n\n<li>Opcion\u00e1lis: keringtet\u0151 \u00fczemm\u00f3d (cs\u00f6kkenti a f\u0171t\u00e9si k\u00f6lts\u00e9geket).<\/li>\n<\/ul>\n<\/div>\n<\/div>\n\n\n\n<div class=\"wp-block-columns is-layout-flex wp-container-core-columns-is-layout-28f84493 wp-block-columns-is-layout-flex\">\n<div class=\"wp-block-column is-layout-flow wp-block-column-is-layout-flow\">\n<figure class=\"wp-block-image size-full is-resized\"><img decoding=\"async\" width=\"600\" height=\"600\" src=\"https:\/\/obera.fr\/wp-content\/uploads\/2022\/11\/norme-atex.jpg\" alt=\"atex szabv\u00e1ny\" class=\"wp-image-15992\" style=\"width:300px;height:300px\" srcset=\"https:\/\/obera.fr\/wp-content\/uploads\/2022\/11\/norme-atex.jpg 600w, https:\/\/obera.fr\/wp-content\/uploads\/2022\/11\/norme-atex-300x300.jpg 300w, https:\/\/obera.fr\/wp-content\/uploads\/2022\/11\/norme-atex-150x150.jpg 150w\" sizes=\"(max-width: 600px) 100vw, 600px\" \/><\/figure>\n<\/div>\n\n\n\n<div class=\"wp-block-column is-layout-flow wp-block-column-is-layout-flow\">\n<figure class=\"wp-block-image size-full is-resized\"><img decoding=\"async\" width=\"600\" height=\"600\" src=\"https:\/\/obera.fr\/wp-content\/uploads\/2022\/11\/dustomat-hydro-2.jpg\" alt=\"dustomat hydro 2\" class=\"wp-image-15995\" style=\"width:300px;height:300px\" srcset=\"https:\/\/obera.fr\/wp-content\/uploads\/2022\/11\/dustomat-hydro-2.jpg 600w, https:\/\/obera.fr\/wp-content\/uploads\/2022\/11\/dustomat-hydro-2-300x300.jpg 300w, https:\/\/obera.fr\/wp-content\/uploads\/2022\/11\/dustomat-hydro-2-150x150.jpg 150w\" sizes=\"(max-width: 600px) 100vw, 600px\" \/><\/figure>\n<\/div>\n\n\n\n<div class=\"wp-block-column is-layout-flow wp-block-column-is-layout-flow\">\n<figure class=\"wp-block-image size-full is-resized\"><img decoding=\"async\" width=\"600\" height=\"600\" src=\"https:\/\/obera.fr\/wp-content\/uploads\/2022\/11\/vanne-de-vidange.jpg\" alt=\"leereszt\u0151 szelep\" class=\"wp-image-15998\" style=\"width:300px;height:300px\" srcset=\"https:\/\/obera.fr\/wp-content\/uploads\/2022\/11\/vanne-de-vidange.jpg 600w, https:\/\/obera.fr\/wp-content\/uploads\/2022\/11\/vanne-de-vidange-300x300.jpg 300w, https:\/\/obera.fr\/wp-content\/uploads\/2022\/11\/vanne-de-vidange-150x150.jpg 150w\" sizes=\"(max-width: 600px) 100vw, 600px\" \/><\/figure>\n<\/div>\n<\/div>\n\n\n\n<div class=\"wp-block-buttons is-content-justification-center is-layout-flex wp-container-core-buttons-is-layout-a89b3969 wp-block-buttons-is-layout-flex\">\n<div class=\"wp-block-button\"><a class=\"wp-block-button__link wp-element-button\" href=\"https:\/\/obera.fr\/hu\/contact\/\">A DUSTOMAT HYDRO tesztel\u00e9se<\/a><\/div>\n<\/div>\n","protected":false},"excerpt":{"rendered":"<p>Fedezze fel a DUSTOMAT HYDRO nedves porlev\u00e1laszt\u00f3k v\u00e1laszt\u00e9k\u00e1t, amelyek a teljes\u00edtm\u00e9nyt \u00e9s a hat\u00e9konys\u00e1got \u00f6tv\u00f6zik a k\u00f6nnyen gy\u00fal\u00e9kony anyagok elsz\u00edv\u00e1s\u00e1hoz. DUSTOMAT HYDRO ipari porlev\u00e1laszt\u00f3 : hogyan m\u0171k\u00f6dik \u00e9s hogyan kell haszn\u00e1lni ? A DUSTOMAT HYDRO sorozat f\u0151 er\u0151ss\u00e9ge az innovat\u00edv, t\u00f6bbl\u00e9pcs\u0151s lev\u00e1laszt\u00e1si technol\u00f3gia a por \u00e9s a szikr\u00e1k felfog\u00e1s\u00e1ra. A szennyezett leveg\u0151t a porlev\u00e1laszt\u00f3ba \u00e9p\u00edtett ventil\u00e1tor sz\u00edvja be. A leveg\u0151 sebess\u00e9ge cs\u00f6kken, \u00edgy a neh\u00e9z r\u00e9szecsk\u00e9k egy visszanyer\u0151 tart\u00e1lyba esnek: ez a r\u00e9szecsk\u00e9k el\u0151szepar\u00e1l\u00e1s\u00e1nak els\u0151 l\u00e9p\u00e9se. A leveg\u0151 ezut\u00e1n egy hidrociklonon halad \u00e1t, amely a centrifug\u00e1lis er\u0151 seg\u00edts\u00e9g\u00e9vel v\u00e1lasztja el a finom r\u00e9szecsk\u00e9ket a v\u00edzt\u0151l. Ezek a r\u00e9szecsk\u00e9k a v\u00edzben &#8230; <\/p>\n<p class=\"read-more-container\"><a title=\"DUSTOMAT HYDRO : r\u00f6gz\u00edtett nedves porlev\u00e1laszt\u00f3 berendez\u00e9s\" class=\"read-more button\" href=\"https:\/\/obera.fr\/hu\/produits\/depoussiereurs-industriels\/fixes\/depoussiereur-a-voie-humide-dustomat-hydro\/#more-78080\" aria-label=\"Read more about DUSTOMAT HYDRO : r\u00f6gz\u00edtett nedves porlev\u00e1laszt\u00f3 berendez\u00e9s\">Lire la suite<\/a><\/p>\n","protected":false},"author":4,"featured_media":83741,"parent":68661,"menu_order":0,"comment_status":"closed","ping_status":"closed","template":"","meta":{"_acf_changed":false,"_seopress_robots_primary_cat":"","_seopress_titles_title":"DUSTOMAT HYDRO nedves s\u00farol\u00f3g\u00e9p az oberA-t\u00f3l","_seopress_titles_desc":"Fedezze fel a DUSTOMAT HYDRO nedves porlev\u00e1laszt\u00f3k v\u00e1laszt\u00e9k\u00e1t, amelyek a teljes\u00edtm\u00e9nyt \u00e9s a hat\u00e9konys\u00e1got \u00f6tv\u00f6zik a k\u00f6nnyen gy\u00fal\u00e9kony anyagok elsz\u00edv\u00e1s\u00e1hoz.","_seopress_robots_index":"","footnotes":""},"class_list":{"0":"post-78080","1":"page","2":"type-page","3":"status-publish","4":"has-post-thumbnail","6":"no-featured-image-padding","7":"resize-featured-image"},"acf":[],"_links":{"self":[{"href":"https:\/\/obera.fr\/hu\/wp-json\/wp\/v2\/pages\/78080","targetHints":{"allow":["GET"]}}],"collection":[{"href":"https:\/\/obera.fr\/hu\/wp-json\/wp\/v2\/pages"}],"about":[{"href":"https:\/\/obera.fr\/hu\/wp-json\/wp\/v2\/types\/page"}],"author":[{"embeddable":true,"href":"https:\/\/obera.fr\/hu\/wp-json\/wp\/v2\/users\/4"}],"replies":[{"embeddable":true,"href":"https:\/\/obera.fr\/hu\/wp-json\/wp\/v2\/comments?post=78080"}],"version-history":[{"count":6,"href":"https:\/\/obera.fr\/hu\/wp-json\/wp\/v2\/pages\/78080\/revisions"}],"predecessor-version":[{"id":92002,"href":"https:\/\/obera.fr\/hu\/wp-json\/wp\/v2\/pages\/78080\/revisions\/92002"}],"up":[{"embeddable":true,"href":"https:\/\/obera.fr\/hu\/wp-json\/wp\/v2\/pages\/68661"}],"wp:featuredmedia":[{"embeddable":true,"href":"https:\/\/obera.fr\/hu\/wp-json\/wp\/v2\/media\/83741"}],"wp:attachment":[{"href":"https:\/\/obera.fr\/hu\/wp-json\/wp\/v2\/media?parent=78080"}],"curies":[{"name":"wp","href":"https:\/\/api.w.org\/{rel}","templated":true}]}}