{"id":83937,"date":"2020-08-26T12:33:34","date_gmt":"2020-08-26T10:33:34","guid":{"rendered":"https:\/\/obera.fr\/produits\/tuyauteries-industrielles\/"},"modified":"2025-04-22T09:42:28","modified_gmt":"2025-04-22T07:42:28","slug":"tuyauteries-industrielles","status":"publish","type":"page","link":"https:\/\/obera.fr\/hu\/produits\/tuyauteries-industrielles\/","title":{"rendered":"Ipari sz\u00edv\u00f3cs\u00f6vek"},"content":{"rendered":"\n<p>Az ipari elsz\u00edv\u00f3cs\u00f6vek az ipari l\u00e9gkezel\u00e9s kulcsfontoss\u00e1g\u00fa elemei, mivel lehet\u0151v\u00e9 teszik a k\u00fcl\u00f6nb\u00f6z\u0151 szennyez\u0151 anyagok, p\u00e9ld\u00e1ul f\u00fcst, por, kipufog\u00f3g\u00e1zok stb. sz\u00e1ll\u00edt\u00e1s\u00e1t. A megfelel\u0151 cs\u0151vezet\u00e9k kiv\u00e1laszt\u00e1sa azonban elengedhetetlen az elsz\u00edv\u00f3rendszer optim\u00e1lis teljes\u00edtm\u00e9ny\u00e9nek biztos\u00edt\u00e1s\u00e1hoz. <\/p>\n\n<p>A por \u00e9s szennyez\u0151 anyagok sz\u00e1ll\u00edt\u00e1s\u00e1ra szolg\u00e1l\u00f3 cs\u0151vezet\u00e9kek sz\u00e9les v\u00e1laszt\u00e9ka.<\/p>\n\n<h2 class=\"wp-block-heading\">Sz\u00edv\u00f3cs\u00f6vek v\u00e1laszt\u00e9ka<\/h2>\n\n<div class=\"wp-block-columns is-layout-flex wp-container-core-columns-is-layout-28f84493 wp-block-columns-is-layout-flex\">\n<div class=\"wp-block-column is-layout-flow wp-block-column-is-layout-flow\">\n<h3 class=\"wp-block-heading has-text-align-center\"><a href=\"https:\/\/obera.fr\/produits\/tuyauteries-industrielles\/gaines-lisses-acier\/\">Sima ac\u00e9lcsatorn\u00e1k <br\/>Nagynyom\u00e1s\u00fa h\u00e1l\u00f3zat<\/a><\/h3>\n\n\n\n<figure class=\"wp-block-image aligncenter size-medium is-resized\"><a href=\"https:\/\/obera.fr\/produits\/tuyauteries-industrielles\/gaines-lisses-acier\/\"><img decoding=\"async\" width=\"300\" height=\"300\" src=\"https:\/\/obera.fr\/wp-content\/uploads\/2020\/11\/Gaines-lisses-300x300.jpg\" alt=\"Sima h&#xFC;velyek\" class=\"wp-image-1735\" style=\"width:225px;height:225px\" srcset=\"https:\/\/obera.fr\/wp-content\/uploads\/2020\/11\/Gaines-lisses-300x300.jpg 300w, https:\/\/obera.fr\/wp-content\/uploads\/2020\/11\/Gaines-lisses-150x150.jpg 150w, https:\/\/obera.fr\/wp-content\/uploads\/2020\/11\/Gaines-lisses.jpg 433w\" sizes=\"(max-width: 300px) 100vw, 300px\" \/><\/a><\/figure>\n<\/div>\n\n\n\n<div class=\"wp-block-column is-layout-flow wp-block-column-is-layout-flow\">\n<h3 class=\"wp-block-heading has-text-align-center\"><a href=\"https:\/\/obera.fr\/produits\/tuyauteries-industrielles\/gaines-spiralees\/\">Spir\u00e1lcsatorn\u00e1k f\u00fcst\u00f6k \u00e9s g\u0151z\u00f6k sz\u00e1m\u00e1ra<\/a><\/h3>\n\n\n\n<figure class=\"wp-block-image aligncenter size-large is-resized\"><a href=\"https:\/\/obera.fr\/produits\/tuyauteries-industrielles\/gaines-spiralees\/\"><img decoding=\"async\" src=\"https:\/\/obera.fr\/wp-content\/uploads\/2024\/02\/sr.webp\" alt=\"Spir&#xE1;lh&#xFC;velyek\" style=\"aspect-ratio:1;width:223px;height:auto\"\/><\/a><\/figure>\n<\/div>\n\n\n\n<div class=\"wp-block-column is-layout-flow wp-block-column-is-layout-flow\">\n<h3 class=\"wp-block-heading has-text-align-center\"><a href=\"https:\/\/obera.fr\/produits\/tuyauteries-industrielles\/basse-moyenne-haute-pression\/\">Alacsony, k\u00f6zepes \u00e9s magas nyom\u00e1s\u00fa porgy\u0171jt\u0151 cs\u0151vezet\u00e9kek<\/a><\/h3>\n\n\n\n<figure class=\"wp-block-image aligncenter size-medium is-resized\"><a href=\"https:\/\/obera.fr\/produits\/tuyauteries-industrielles\/basse-moyenne-haute-pression\/\"><img decoding=\"async\" width=\"220\" height=\"300\" src=\"https:\/\/obera.fr\/wp-content\/uploads\/2020\/11\/Tuyauterie-basse-moyenne-haute-pression-220x300.jpg\" alt=\"Alacsony K&#xF6;zepes Nagynyom&#xE1;s&#xFA; cs&#x151;vezet&#xE9;kek\" class=\"wp-image-1734\" style=\"width:165px;height:225px\" srcset=\"https:\/\/obera.fr\/wp-content\/uploads\/2020\/11\/Tuyauterie-basse-moyenne-haute-pression-220x300.jpg 220w, https:\/\/obera.fr\/wp-content\/uploads\/2020\/11\/Tuyauterie-basse-moyenne-haute-pression.jpg 428w\" sizes=\"(max-width: 220px) 100vw, 220px\" \/><\/a><\/figure>\n<\/div>\n<\/div>\n\n<p>Az ipari cs\u0151vezet\u00e9keknek t\u00f6bb t\u00edpusa l\u00e9tezik, bele\u00e9rtve a spir\u00e1lcs\u00f6veket, a sima cs\u00f6veket, valamint az alacsony, k\u00f6zepes \u00e9s magas nyom\u00e1s\u00fa cs\u0151vezet\u00e9keket. E cs\u0151vezet\u00e9kt\u00edpusok mindegyike az alkalmaz\u00e1s ig\u00e9nyeit\u0151l f\u00fcgg\u0151en saj\u00e1tos el\u0151ny\u00f6kkel \u00e9s h\u00e1tr\u00e1nyokkal j\u00e1r. <\/p>\n\n<h3 class=\"wp-block-heading\">Sima h\u00fcvelyek<\/h3>\n\n<p>A sima csatorn\u00e1k alacsony \u00e1raml\u00e1si ellen\u00e1ll\u00e1st biztos\u00edtanak a maxim\u00e1lis sz\u00edv\u00f3teljes\u00edtm\u00e9ny \u00e9rdek\u00e9ben. K\u00f6nnyen tiszt\u00edthat\u00f3k, \u00edgy ide\u00e1lisak olyan alkalmaz\u00e1sokhoz, ahol a higi\u00e9nia els\u0151dleges fontoss\u00e1g\u00fa. Ugyanakkor kev\u00e9sb\u00e9 rugalmasak, mint a spir\u00e1lcsatorn\u00e1k, ami megnehez\u00edtheti a telep\u00edt\u00e9st.  <\/p>\n\n<h3 class=\"wp-block-heading\">Spir\u00e1lh\u00fcvelyek<\/h3>\n\n<p>A spir\u00e1lcsatorn\u00e1k ide\u00e1lisak a nagy rugalmass\u00e1got ig\u00e9nyl\u0151 alkalmaz\u00e1sokhoz, mivel reped\u00e9s vagy deform\u00e1ci\u00f3 n\u00e9lk\u00fcl hajl\u00edthat\u00f3k \u00e9s csavarhat\u00f3k. Emellett rezg\u00e9s- \u00e9s \u00fct\u00e9s\u00e1ll\u00f3ak, \u00edgy alkalmasak a hektikus k\u00f6rnyezetben val\u00f3 haszn\u00e1latra. A spir\u00e1lcsatorn\u00e1knak azonban nagyobb az \u00e1raml\u00e1si ellen\u00e1ll\u00e1sa, mint a sima cs\u00f6veknek, ami nyom\u00e1svesztes\u00e9ghez \u00e9s cs\u00f6kkent sz\u00edv\u00f3teljes\u00edtm\u00e9nyhez vezethet.  <\/p>\n\n<h3 class=\"wp-block-heading\">Alacsony, k\u00f6zepes \u00e9s magas nyom\u00e1s\u00fa cs\u0151vezet\u00e9kek<\/h3>\n\n<p>V\u00e9g\u00fcl, az alacsony, k\u00f6zepes \u00e9s magas nyom\u00e1s\u00fa cs\u0151vezet\u00e9kek az alkalmaz\u00e1s ig\u00e9nyeit\u0151l f\u00fcgg\u0151en k\u00fcl\u00f6nleges el\u0151ny\u00f6ket k\u00edn\u00e1lnak. Az alacsony nyom\u00e1s\u00fa cs\u0151vezet\u00e9kek olyan alkalmaz\u00e1sokhoz alkalmasak, ahol a sz\u00edv\u00f3nyom\u00e1s alacsony, m\u00edg a k\u00f6z\u00e9p- \u00e9s nagynyom\u00e1s\u00fa cs\u0151vezet\u00e9kek olyan alkalmaz\u00e1sokhoz sz\u00fcks\u00e9gesek, ahol a sz\u00edv\u00f3nyom\u00e1s magasabb. A megfelel\u0151 cs\u0151vezet\u00e9k kiv\u00e1laszt\u00e1sa ez\u00e9rt alapvet\u0151 fontoss\u00e1g\u00fa a sz\u00edv\u00f3rendszer optim\u00e1lis teljes\u00edtm\u00e9ny\u00e9nek biztos\u00edt\u00e1s\u00e1hoz.  <\/p>\n\n<h2 class=\"wp-block-heading\">K\u00f6vetkeztet\u00e9s<\/h2>\n\n<p>\u00d6sszefoglalva, a megfelel\u0151 ipari cs\u0151vezet\u00e9k kiv\u00e1laszt\u00e1sa alapvet\u0151 fontoss\u00e1g\u00fa az ipari l\u00e9gkezel\u00e9sben a sz\u00edv\u00f3rendszer optim\u00e1lis teljes\u00edtm\u00e9ny\u00e9nek biztos\u00edt\u00e1s\u00e1hoz. A spir\u00e1lcsatorn\u00e1k, a sima csatorn\u00e1k, valamint az alacsony, k\u00f6zepes \u00e9s magas nyom\u00e1s\u00fa cs\u0151vezet\u00e9kek az alkalmaz\u00e1s ig\u00e9nyeit\u0151l f\u00fcgg\u0151en k\u00fcl\u00f6nleges el\u0151ny\u00f6ket k\u00edn\u00e1lnak, \u00e9s fontos, hogy a v\u00e9gs\u0151 v\u00e1laszt\u00e1s el\u0151tt alaposan m\u00e9rlegelje az egyes lehet\u0151s\u00e9geket. <\/p>\n\n<div class=\"wp-block-buttons is-horizontal is-content-justification-center is-layout-flex wp-container-core-buttons-is-layout-03627597 wp-block-buttons-is-layout-flex\">\n<div class=\"wp-block-button\"><a class=\"wp-block-button__link wp-element-button\" href=\"https:\/\/obera.fr\/contact\/\">Tudjon meg t\u00f6bbet<\/a><\/div>\n<\/div>\n","protected":false},"excerpt":{"rendered":"<p>Az ipari elsz\u00edv\u00f3cs\u00f6vek az ipari l\u00e9gkezel\u00e9s kulcsfontoss\u00e1g\u00fa elemei, mivel lehet\u0151v\u00e9 teszik a k\u00fcl\u00f6nb\u00f6z\u0151 szennyez\u0151 anyagok, p\u00e9ld\u00e1ul f\u00fcst, por, kipufog\u00f3g\u00e1zok stb. sz\u00e1ll\u00edt\u00e1s\u00e1t. A megfelel\u0151 cs\u0151vezet\u00e9k kiv\u00e1laszt\u00e1sa azonban elengedhetetlen az elsz\u00edv\u00f3rendszer optim\u00e1lis teljes\u00edtm\u00e9ny\u00e9nek biztos\u00edt\u00e1s\u00e1hoz. A por \u00e9s szennyez\u0151 anyagok sz\u00e1ll\u00edt\u00e1s\u00e1ra szolg\u00e1l\u00f3 cs\u0151vezet\u00e9kek sz\u00e9les v\u00e1laszt\u00e9ka. Sz\u00edv\u00f3cs\u00f6vek v\u00e1laszt\u00e9ka Sima ac\u00e9lcsatorn\u00e1k Nagynyom\u00e1s\u00fa h\u00e1l\u00f3zat Spir\u00e1lcsatorn\u00e1k f\u00fcst\u00f6k \u00e9s g\u0151z\u00f6k sz\u00e1m\u00e1ra Alacsony, k\u00f6zepes \u00e9s magas nyom\u00e1s\u00fa porgy\u0171jt\u0151 cs\u0151vezet\u00e9kek Az ipari cs\u0151vezet\u00e9keknek t\u00f6bb t\u00edpusa l\u00e9tezik, bele\u00e9rtve a spir\u00e1lcs\u00f6veket, a sima cs\u00f6veket, valamint az alacsony, k\u00f6zepes \u00e9s magas nyom\u00e1s\u00fa cs\u0151vezet\u00e9keket. E cs\u0151vezet\u00e9kt\u00edpusok mindegyike az alkalmaz\u00e1s ig\u00e9nyeit\u0151l f\u00fcgg\u0151en saj\u00e1tos el\u0151ny\u00f6kkel \u00e9s h\u00e1tr\u00e1nyokkal j\u00e1r. Sima h\u00fcvelyek A sima csatorn\u00e1k alacsony \u00e1raml\u00e1si ellen\u00e1ll\u00e1st &#8230; <\/p>\n<p class=\"read-more-container\"><a title=\"Ipari sz\u00edv\u00f3cs\u00f6vek\" class=\"read-more button\" href=\"https:\/\/obera.fr\/hu\/produits\/tuyauteries-industrielles\/#more-83937\" aria-label=\"Read more about Ipari sz\u00edv\u00f3cs\u00f6vek\">Lire la suite<\/a><\/p>\n","protected":false},"author":4,"featured_media":83741,"parent":67667,"menu_order":11,"comment_status":"closed","ping_status":"closed","template":"","meta":{"_acf_changed":false,"_seopress_robots_primary_cat":"","_seopress_titles_title":"Ipari cs\u0151vezet\u00e9kek: por \u00e9s szennyez\u0151 anyagok sz\u00e1ll\u00edt\u00e1sa","_seopress_titles_desc":"A por \u00e9s szennyez\u0151 anyagok sz\u00e1ll\u00edt\u00e1s\u00e1ra szolg\u00e1l\u00f3 cs\u0151vezet\u00e9kek sz\u00e9les v\u00e1laszt\u00e9ka: Sima ac\u00e9lcsatorn\u00e1k, spir\u00e1lcsatorn\u00e1k, valamint alacsony, k\u00f6zepes \u00e9s magas nyom\u00e1s\u00fa cs\u0151vezet\u00e9kek.","_seopress_robots_index":"","footnotes":""},"class_list":{"0":"post-83937","1":"page","2":"type-page","3":"status-publish","4":"has-post-thumbnail","6":"no-featured-image-padding","7":"resize-featured-image"},"acf":[],"_links":{"self":[{"href":"https:\/\/obera.fr\/hu\/wp-json\/wp\/v2\/pages\/83937","targetHints":{"allow":["GET"]}}],"collection":[{"href":"https:\/\/obera.fr\/hu\/wp-json\/wp\/v2\/pages"}],"about":[{"href":"https:\/\/obera.fr\/hu\/wp-json\/wp\/v2\/types\/page"}],"author":[{"embeddable":true,"href":"https:\/\/obera.fr\/hu\/wp-json\/wp\/v2\/users\/4"}],"replies":[{"embeddable":true,"href":"https:\/\/obera.fr\/hu\/wp-json\/wp\/v2\/comments?post=83937"}],"version-history":[{"count":3,"href":"https:\/\/obera.fr\/hu\/wp-json\/wp\/v2\/pages\/83937\/revisions"}],"predecessor-version":[{"id":83945,"href":"https:\/\/obera.fr\/hu\/wp-json\/wp\/v2\/pages\/83937\/revisions\/83945"}],"up":[{"embeddable":true,"href":"https:\/\/obera.fr\/hu\/wp-json\/wp\/v2\/pages\/67667"}],"wp:featuredmedia":[{"embeddable":true,"href":"https:\/\/obera.fr\/hu\/wp-json\/wp\/v2\/media\/83741"}],"wp:attachment":[{"href":"https:\/\/obera.fr\/hu\/wp-json\/wp\/v2\/media?parent=83937"}],"curies":[{"name":"wp","href":"https:\/\/api.w.org\/{rel}","templated":true}]}}