{"id":84101,"date":"2020-08-26T12:34:20","date_gmt":"2020-08-26T10:34:20","guid":{"rendered":"https:\/\/obera.fr\/produits\/depoussiereurs-industriels\/mobiles\/"},"modified":"2026-02-06T13:43:35","modified_gmt":"2026-02-06T11:43:35","slug":"mobiles","status":"publish","type":"page","link":"https:\/\/obera.fr\/hu\/produits\/depoussiereurs-industriels\/mobiles\/","title":{"rendered":"Mobil porlev\u00e1laszt\u00f3k"},"content":{"rendered":"\n<p>A mi <strong>mobil porelsz\u00edv\u00f3ink<\/strong> az er\u0151s \u00e9s k\u00f6nnyen mozgathat\u00f3 <a href=\"https:\/\/obera.fr\/hu\/produits\/depoussiereurs-industriels\/\" data-type=\"page\" data-id=\"31\">ipari porelsz\u00edv\u00f3k<\/a> term\u00e9kcsal\u00e1dj\u00e1t alkotj\u00e1k. Ezek a berendez\u00e9sek t\u00f6k\u00e9letesen illeszkednek az \u00d6n k\u00f6rnyezet\u00e9hez az optim\u00e1lis munkak\u00e9nyelem \u00e9s a garant\u00e1lt hat\u00e9konys\u00e1g \u00e9rdek\u00e9ben. <\/p>\n\n<p>Ezeket a <strong>leveg\u0151kezel\u0151<\/strong> rendszereket \u00fagy tervezt\u00e9k, hogy k\u00f6zvetlen\u00fcl a gy\u00e1rt\u00f3g\u00e9pekhez csatlakozzanak egy cs\u0151h\u00e1l\u00f3zaton kereszt\u00fcl, vagy egy mobil munka\u00e1llom\u00e1sr\u00f3l sz\u00edvj\u00e1k el a leveg\u0151t egy <a href=\"https:\/\/obera.fr\/hu\/produits\/bras-dispositifs-captation\/capot-industriel\/\">elsz\u00edv\u00f3kar<\/a> vagy elsz\u00edv\u00f3erny\u0151 seg\u00edts\u00e9g\u00e9vel, hogy minden t\u00edpus\u00fa port \u00e9s szennyez\u0151anyagot nagy mennyis\u00e9gben k\u00f6zvetlen\u00fcl a forr\u00e1sn\u00e1l gy\u0171jtsenek \u00f6ssze.<\/p>\n\n\n<h2 class=\"wp-block-heading\">Mobil porelsz\u00edv\u00f3ink v\u00e1laszt\u00e9ka:<\/h2>\n\n<div class=\"wp-block-columns is-layout-flex wp-container-core-columns-is-layout-28f84493 wp-block-columns-is-layout-flex\">\n<div class=\"wp-block-column is-vertically-aligned-top is-layout-flow wp-block-column-is-layout-flow\">\n<h3 class=\"wp-block-heading has-text-align-center\"><a href=\"https:\/\/obera.fr\/hu\/produits\/depoussiereurs-industriels\/mobiles\/extracteur-de-poussiere-dustomat-dry\/\">DUSTOMAT DRY<\/a><\/h3>\n\n\n\n<figure class=\"wp-block-image aligncenter size-medium is-resized\"><a href=\"https:\/\/obera.fr\/hu\/produits\/depoussiereurs-industriels\/mobiles\/extracteur-de-poussiere-dustomat-dry\/\"><img decoding=\"async\" width=\"300\" height=\"300\" src=\"https:\/\/obera.fr\/wp-content\/uploads\/2023\/09\/dustomat-dry-300x300.png\" alt=\"poromat sz&#xE1;raz\" class=\"wp-image-24355\" srcset=\"https:\/\/obera.fr\/wp-content\/uploads\/2023\/09\/dustomat-dry-300x300.png 300w, https:\/\/obera.fr\/wp-content\/uploads\/2023\/09\/dustomat-dry-150x150.png 150w, https:\/\/obera.fr\/wp-content\/uploads\/2023\/09\/dustomat-dry.png 320w\" sizes=\"(max-width: 300px) 100vw, 300px\" \/><\/a><figcaption class=\"wp-element-caption\">DUSTOMAT DRY<\/figcaption><\/figure>\n\n\n\n<p>A DUSTOMAT DRY egy <a href=\"https:\/\/obera.fr\/hu\/produits\/depoussiereurs-industriels\/mobiles\/extracteur-de-poussiere-dustomat-dry\/#more-24274\">porelsz\u00edv\u00f3<\/a> rendszer, amely t\u00f6k\u00e9letesen alkalmas az ipari \u00e1gazatok sz\u00e9les sk\u00e1l\u00e1j\u00e1ra. K\u00e9pes hat\u00e9konyan elt\u00e1vol\u00edtani a porr\u00e9szecsk\u00e9ket \u00e9s a forg\u00e1csot, ak\u00e1r k\u00f6zvetlen\u00fcl a gy\u00e1rt\u00f3g\u00e9pekr\u0151l, ak\u00e1r elsz\u00edv\u00f3erny\u0151h\u00f6z, elsz\u00edv\u00f3karhoz vagy cs\u0151h\u00e1l\u00f3zathoz csatlakoztatva. N\u00e9gy teljes\u00edtm\u00e9nyszintben kaphat\u00f3, \u00e9s 2000-t\u0151l 3500 k\u00f6bm\u00e9ter\/\u00f3ra \u00e1tlagos \u00e1raml\u00e1si tartom\u00e1nyokhoz alkalmas.<\/p>\n\n\n\n<p>B\u00e1r sz\u00edv\u00f3ereje jelent\u0151s, a DUSTOMAT DRY rendk\u00edv\u00fcl csendes \u00e9s energiatakar\u00e9kos marad. El\u0151lev\u00e1laszt\u00f3val is rendelkezik, amely k\u00e9pes felfogni a neh\u00e9z \u00e9s durva r\u00e9szecsk\u00e9ket. Ennek a rendszernek a karbantart\u00e1sa egyszer\u0171s\u00f6dik a sz\u0171r\u0151k s\u0171r\u00edtett leveg\u0151s f\u00fav\u00f3k\u00e1s tiszt\u00edt\u00e1s\u00e1nak k\u00f6sz\u00f6nhet\u0151en, ami nemcsak megk\u00f6nny\u00edti a karbantart\u00e1st, hanem hozz\u00e1j\u00e1rul a sz\u0171r\u0151k \u00e9lettartam\u00e1nak meghosszabb\u00edt\u00e1s\u00e1hoz is.<\/p>\n\n\n\n<p class=\"has-text-align-center\"><a href=\"https:\/\/obera.fr\/hu\/produits\/atex\/\">ATEX<\/a> v\u00e1ltozatban is kaphat\u00f3.<\/p>\n<\/div>\n\n\n\n<div class=\"wp-block-column is-vertically-aligned-top is-layout-flow wp-block-column-is-layout-flow\">\n<h3 class=\"wp-block-heading has-text-align-center\"><strong><a href=\"https:\/\/obera.fr\/hu\/produits\/depoussiereurs-industriels\/mobiles\/aspiration-poussiere-dustomat-10\/\">DUSTOMAT 10<\/a><\/strong><\/h3>\n\n\n\n<figure class=\"wp-block-image aligncenter size-medium is-resized\"><a href=\"https:\/\/obera.fr\/hu\/produits\/depoussiereurs-industriels\/mobiles\/aspiration-poussiere-dustomat-10\/\"><img decoding=\"async\" width=\"300\" height=\"300\" src=\"https:\/\/obera.fr\/wp-content\/uploads\/2020\/10\/extracteur-poussiere-mobile-DUSTOMAT-10-300x300.png\" alt=\"Dustomat 10 mobil porelsz&#xED;v&#xF3;\" class=\"wp-image-1306\" srcset=\"https:\/\/obera.fr\/wp-content\/uploads\/2020\/10\/extracteur-poussiere-mobile-DUSTOMAT-10-300x300.png 300w, https:\/\/obera.fr\/wp-content\/uploads\/2020\/10\/extracteur-poussiere-mobile-DUSTOMAT-10-150x150.png 150w, https:\/\/obera.fr\/wp-content\/uploads\/2020\/10\/extracteur-poussiere-mobile-DUSTOMAT-10.png 600w\" sizes=\"(max-width: 300px) 100vw, 300px\" \/><\/a><figcaption class=\"wp-element-caption\">DUSTOMAT 10<\/figcaption><\/figure>\n\n\n\n<p>A <a href=\"https:\/\/obera.fr\/hu\/produits\/depoussiereurs-industriels\/mobiles\/aspiration-poussiere-dustomat-10\/\" data-type=\"page\" data-id=\"445\">DUSTOMAT 10 porelsz\u00edv\u00f3<\/a> nagy sz\u00edv\u00f3er\u0151vel rendelkezik. K\u00e9pes kezelni a port, valamint a fa-, m\u0171anyag- \u00e9s f\u00e9mforg\u00e1csot is. Az elsz\u00edv\u00e1s t\u00f6rt\u00e9nhet k\u00f6zvetlen\u00fcl a gy\u00e1rt\u00f3g\u00e9phez csatlakoztatva egy cs\u0151h\u00e1l\u00f3zaton kereszt\u00fcl, vagy egy elsz\u00edv\u00f3kar vagy elsz\u00edv\u00f3erny\u0151 hozz\u00e1ad\u00e1s\u00e1val. <\/p>\n\n\n\n<p>A patronsz\u0171r\u0151k tiszt\u00edt\u00e1sa t\u00f6rt\u00e9nhet manu\u00e1lisan forg\u00f3 kef\u00e9s rendszerrel vagy automatikusan s\u0171r\u00edtett leveg\u0151s f\u00fav\u00f3k\u00e1val. Ez a <strong>sz\u0171r\u0151berendez\u00e9s<\/strong> ide\u00e1lis egyedi munka\u00e1llom\u00e1sokhoz, gy\u00e1rt\u00f3g\u00e9pekhez vagy k\u00e9zi munka\u00e1llom\u00e1sok k\u00f6zel\u00e9ben. A d\u00f6nthet\u0151 h\u00e1z \u00e9s a gy\u0171jt\u0151zs\u00e1k lehet\u0151v\u00e9 teszi az \u00f6sszegy\u0171jt\u00f6tt hullad\u00e9k egyszer\u0171 \u00e9s gyors elt\u00e1vol\u00edt\u00e1s\u00e1t.  <\/p>\n<\/div>\n\n\n\n<div class=\"wp-block-column is-layout-flow wp-block-column-is-layout-flow\">\n<h3 class=\"wp-block-heading has-text-align-center\"><strong><a href=\"https:\/\/obera.fr\/hu\/produits\/depoussiereurs-industriels\/mobiles\/extracteur-poussiere-pulverulente-dustomat-16m\/\">DUSTOMAT 16<\/a><\/strong><\/h3>\n\n\n\n<figure class=\"wp-block-image aligncenter size-medium\"><a href=\"https:\/\/obera.fr\/hu\/produits\/depoussiereurs-industriels\/mobiles\/extracteur-poussiere-pulverulente-dustomat-16m\/\"><img decoding=\"async\" width=\"300\" height=\"300\" src=\"https:\/\/obera.fr\/wp-content\/uploads\/2020\/10\/extracteur-poussiere-pulverulente-DUSTOMAT-16-300x300.png\" alt=\"Porelsz&#xED;v&#xF3; porelsz&#xED;v&#xF3; Dustomat 16\" class=\"wp-image-1307\" srcset=\"https:\/\/obera.fr\/wp-content\/uploads\/2020\/10\/extracteur-poussiere-pulverulente-DUSTOMAT-16-300x300.png 300w, https:\/\/obera.fr\/wp-content\/uploads\/2020\/10\/extracteur-poussiere-pulverulente-DUSTOMAT-16-150x150.png 150w, https:\/\/obera.fr\/wp-content\/uploads\/2020\/10\/extracteur-poussiere-pulverulente-DUSTOMAT-16.png 600w\" sizes=\"(max-width: 300px) 100vw, 300px\" \/><\/a><figcaption class=\"wp-element-caption\">DUSTOMAT 16<\/figcaption><\/figure>\n\n\n\n<p>A <strong>DUSTOMAT 16<\/strong> egy nagy mobilit\u00e1s\u00fa munk\u00e1hoz kifejlesztett berendez\u00e9s, kifejezetten a <a href=\"https:\/\/obera.fr\/hu\/produits\/depoussiereurs-industriels\/mobiles\/extracteur-poussiere-pulverulente-dustomat-16m\/\" data-type=\"page\" data-id=\"449\">por alak\u00fa szennyez\u0151d\u00e9sek elsz\u00edv\u00e1s\u00e1ra<\/a>. M\u00e1s sz\u00f3val, \u00e1sv\u00e1nyi porok (k\u0151, grafit vagy beton), m\u0171anyag- vagy f\u00e9mporok, fa- \u00e9s f\u00e9mforg\u00e1csok. <\/p>\n\n\n\n<p>Ezeknek a <strong>poroknak az elsz\u00edv\u00e1sa<\/strong> elsz\u00edv\u00f3kar seg\u00edts\u00e9g\u00e9vel t\u00f6rt\u00e9nik. A patronsz\u0171r\u0151k tiszt\u00edt\u00e1sa t\u00f6rt\u00e9nhet manu\u00e1lisan vagy automatikusan a sz\u0171r\u0151patronok hossz\u00fa \u00e9lettartam\u00e1nak biztos\u00edt\u00e1sa \u00e9rdek\u00e9ben. A porgy\u0171jt\u0151 zs\u00e1k er\u0151s \u00e9s \u00fajrafelhaszn\u00e1lhat\u00f3, alacsony fogy\u00f3eszk\u00f6z-k\u00f6lts\u00e9ggel.  <\/p>\n<\/div>\n<\/div>\n\n<div class=\"wp-block-columns is-layout-flex wp-container-core-columns-is-layout-28f84493 wp-block-columns-is-layout-flex\">\n<div class=\"wp-block-column is-layout-flow wp-block-column-is-layout-flow\">\n<h3 class=\"wp-block-heading has-text-align-center\"><strong><strong><a href=\"https:\/\/obera.fr\/hu\/produits\/depoussiereurs-industriels\/mobiles\/srf-k\/\">SRF K<\/a><\/strong><\/strong><\/h3>\n\n\n\n<figure class=\"wp-block-image aligncenter size-medium\"><a href=\"https:\/\/obera.fr\/hu\/produits\/depoussiereurs-industriels\/mobiles\/srf-k\/\"><img decoding=\"async\" width=\"240\" height=\"300\" src=\"https:\/\/obera.fr\/wp-content\/uploads\/2025\/05\/srf-k-1-240x300.png\" alt=\"mobil porelsz&#xED;v&#xF3; SRF-K\" class=\"wp-image-104035\" srcset=\"https:\/\/obera.fr\/wp-content\/uploads\/2025\/05\/srf-k-1-240x300.png 240w, https:\/\/obera.fr\/wp-content\/uploads\/2025\/05\/srf-k-1-819x1024.png 819w, https:\/\/obera.fr\/wp-content\/uploads\/2025\/05\/srf-k-1-768x960.png 768w, https:\/\/obera.fr\/wp-content\/uploads\/2025\/05\/srf-k-1.png 1080w\" sizes=\"(max-width: 240px) 100vw, 240px\" \/><\/a><figcaption class=\"wp-element-caption\">SRF-K<\/figcaption><\/figure>\n\n\n\n<p>Az SRF K egy <a href=\"https:\/\/obera.fr\/hu\/produits\/depoussiereurs-industriels\/mobiles\/srf-k\/\" data-type=\"page\" data-id=\"436\">hegeszt\u00e9si f\u00fcstelsz\u00edv\u00f3<\/a> is, amely er\u0151sebb, \u00e9s lehet\u0151v\u00e9 teszi az alkalmi vagy folyamatos elsz\u00edv\u00e1st. A f\u00fcst 99,9%-ban sz\u0171r\u0151dik, lehet\u0151v\u00e9 t\u00e9ve a sz\u0171rt leveg\u0151 visszavezet\u00e9s\u00e9t a munkater\u00fcletre. <\/p>\n\n\n\n<p>K\u00e9t v\u00e1ltozatban kaphat\u00f3: az <strong>SRF K-10<\/strong>, amelyhez egy elsz\u00edv\u00f3kar vagy elsz\u00edv\u00f3erny\u0151 csatlakoztathat\u00f3, ide\u00e1lis egy hegeszt\u0151\u00e1llom\u00e1shoz, \u00e9s az <strong>SRF K-15<\/strong>, amely ak\u00e1r k\u00e9t elsz\u00edv\u00f3karral is felszerelhet\u0151, \u00edgy egyszerre k\u00e9t hegeszt\u0151\u00e1llom\u00e1st is kezelhet. <\/p>\n\n\n\n<p>Haszn\u00e1latt\u00f3l f\u00fcgg\u0151en (opcion\u00e1lisan) akt\u00edvsz\u00e9n-sz\u0171r\u0151kkel is felszerelhet\u0151, amelyeket forraszt\u00e1si f\u00fcst vagy egy\u00e9b szagokat okoz\u00f3 szennyez\u0151anyagok elsz\u00edv\u00e1s\u00e1ra terveztek. A sz\u0171r\u0151anyagok tiszt\u00edt\u00e1s\u00e1hoz ezek a berendez\u00e9sek felszerelhet\u0151k manu\u00e1lis forg\u00f3 tiszt\u00edt\u00f3rendszerrel vagy automatikus tiszt\u00edt\u00f3rendszerrel.<\/p>\n\n\n\n<p><\/p>\n<\/div>\n\n\n\n<div class=\"wp-block-column is-vertically-aligned-top is-layout-flow wp-block-column-is-layout-flow\">\n<h3 class=\"wp-block-heading has-text-align-center\"><strong><a href=\"https:\/\/obera.fr\/hu\/produits\/depoussiereurs-industriels\/mobiles\/extracteur-poussiere-dustomat-4\/\">DUSTOMAT 4<\/a><\/strong><\/h3>\n\n\n\n<figure class=\"wp-block-image aligncenter size-medium\"><a href=\"https:\/\/obera.fr\/hu\/produits\/depoussiereurs-industriels\/mobiles\/extracteur-poussiere-dustomat-4\/\"><img decoding=\"async\" width=\"300\" height=\"300\" src=\"https:\/\/obera.fr\/wp-content\/uploads\/2020\/08\/extracteur-poussiere-Dustomat-4-ATEX-300x300.png\" alt=\"Dustomat 4 Atex porelsz&#xED;v&#xF3;\" class=\"wp-image-677\" srcset=\"https:\/\/obera.fr\/wp-content\/uploads\/2020\/08\/extracteur-poussiere-Dustomat-4-ATEX-300x300.png 300w, https:\/\/obera.fr\/wp-content\/uploads\/2020\/08\/extracteur-poussiere-Dustomat-4-ATEX-150x150.png 150w, https:\/\/obera.fr\/wp-content\/uploads\/2020\/08\/extracteur-poussiere-Dustomat-4-ATEX.png 600w\" sizes=\"(max-width: 300px) 100vw, 300px\" \/><\/a><figcaption class=\"wp-element-caption\">Dustomat 4<\/figcaption><\/figure>\n\n\n\n<p>A DUSTOMAT 4 egy <a href=\"https:\/\/obera.fr\/hu\/produits\/depoussiereurs-industriels\/mobiles\/extracteur-poussiere-dustomat-4\/\" data-type=\"page\" data-id=\"440\">szinte minden ipari \u00e1gazathoz alkalmas porelsz\u00edv\u00f3<\/a>, amely k\u00f6zvetlen\u00fcl a gy\u00e1rt\u00f3g\u00e9pb\u0151l k\u00e9pes elsz\u00edvni a port \u00e9s a forg\u00e1csot, de csatlakoztathat\u00f3 elsz\u00edv\u00f3erny\u0151h\u00f6z, elsz\u00edv\u00f3karhoz vagy cs\u0151h\u00e1l\u00f3zathoz is. K\u00e9t sz\u00edv\u00f3teljes\u00edtm\u00e9nnyel rendelkezik, \u00e9s \u00fagy tervezt\u00e9k, hogy hat\u00e9kony \u00e9s nagy teljes\u00edtm\u00e9ny\u0171 l\u00e9g\u00e1raml\u00e1st biztos\u00edtson. <\/p>\n\n\n\n<p><strong>Csendes<\/strong> \u00e9s nagyon kev\u00e9s energi\u00e1t fogyaszt, annak ellen\u00e9re, hogy nagy a sz\u00edv\u00f3ereje. El\u0151lev\u00e1laszt\u00f3val van felszerelve a neh\u00e9z \u00e9s durva r\u00e9szecsk\u00e9k sz\u00e1m\u00e1ra. A sz\u0171r\u0151k tiszt\u00edt\u00e1sa (elt\u00f6m\u0151d\u00e9smentes\u00edt\u00e9s) s\u0171r\u00edtett leveg\u0151vel t\u00f6rt\u00e9nik, ami megk\u00f6nny\u00edti a karbantart\u00e1st \u00e9s garant\u00e1lja a sz\u0171r\u0151patronok hossz\u00fa \u00e9lettartam\u00e1t.  <\/p>\n\n\n\n<p>(<a href=\"https:\/\/obera.fr\/hu\/produits\/atex\/\" data-type=\"page\" data-id=\"372\">ATEX<\/a> v\u00e1ltozatban is kaphat\u00f3)<\/p>\n<\/div>\n\n\n\n<div class=\"wp-block-column is-layout-flow wp-block-column-is-layout-flow\">\n<h3 class=\"wp-block-heading has-text-align-center\"><a href=\"https:\/\/obera.fr\/hu\/produits\/depoussiereurs-industriels\/mobiles\/na-2-2-depoussiereur-a-voie-humide\/\" data-type=\"page\" data-id=\"29480\">NA 2.2<\/a><\/h3>\n\n\n\n<figure class=\"wp-block-image aligncenter size-medium\"><a href=\"https:\/\/obera.fr\/hu\/produits\/depoussiereurs-industriels\/mobiles\/na-2-2-depoussiereur-a-voie-humide\/\"><img decoding=\"async\" width=\"300\" height=\"300\" src=\"https:\/\/obera.fr\/wp-content\/uploads\/2024\/04\/obera-na-2-2-depoussiereur-a-voie-humide-mobile-300x300.jpg\" alt=\"obera na 2 2 mobil nedves porlev&#xE1;laszt&#xF3;\" class=\"wp-image-29475\" srcset=\"https:\/\/obera.fr\/wp-content\/uploads\/2024\/04\/obera-na-2-2-depoussiereur-a-voie-humide-mobile-300x300.jpg 300w, https:\/\/obera.fr\/wp-content\/uploads\/2024\/04\/obera-na-2-2-depoussiereur-a-voie-humide-mobile-150x150.jpg 150w, https:\/\/obera.fr\/wp-content\/uploads\/2024\/04\/obera-na-2-2-depoussiereur-a-voie-humide-mobile.jpg 600w\" sizes=\"(max-width: 300px) 100vw, 300px\" \/><\/a><figcaption class=\"wp-element-caption\">NA 2.2<\/figcaption><\/figure>\n<\/div>\n<\/div>\n\n<div class=\"wp-block-buttons is-horizontal is-content-justification-center is-layout-flex wp-container-core-buttons-is-layout-03627597 wp-block-buttons-is-layout-flex\">\n<div class=\"wp-block-button\"><a class=\"wp-block-button__link wp-element-button\" href=\"https:\/\/obera.fr\/contact\/\">Tudjon meg t\u00f6bbet<\/a><\/div>\n<\/div>\n\n<div style=\"height:42px\" aria-hidden=\"true\" class=\"wp-block-spacer\"><\/div>\n\n<div class=\"wp-block-columns is-layout-flex wp-container-core-columns-is-layout-28f84493 wp-block-columns-is-layout-flex\">\n<div class=\"wp-block-column is-layout-flow wp-block-column-is-layout-flow\" style=\"flex-basis:60%\">\n<h3 class=\"wp-block-heading\">Kulcsrak\u00e9sz b\u00e9rleti szolg\u00e1ltat\u00e1s porelsz\u00edv\u00e1si ig\u00e9nyeihez<\/h3>\n\n\n\n<p>V\u00e1ltson agilis \u00fczemm\u00f3dra az <strong>OberA mobil porelsz\u00edv\u00f3k b\u00e9rl\u00e9s\u00e9vel<\/strong>. K\u00f6zvetlen\u00fcl a g\u00e9peihez, elsz\u00edv\u00f3erny\u0151ihez vagy elsz\u00edv\u00f3karjaihoz csatlakoztatva rendszereink a porokat, forg\u00e1csokat, f\u00fcst\u00f6ket, olajk\u00f6d\u00f6ket \u00e9s szagokat a forr\u00e1shoz a lehet\u0151 legk\u00f6zelebb gy\u0171jtik \u00f6ssze. Haszn\u00e1latt\u00f3l f\u00fcgg\u0151en a megfelel\u0151 technol\u00f3gi\u00e1t alkalmazzuk: jet-pulse patronok\/zs\u00e1kok, manu\u00e1lis kef\u00e9s\/forg\u00f3 tiszt\u00edt\u00e1s, vagy nedves \u00fat a <strong>f\u00e9mporok \u00e9s szikr\u00e1k<\/strong> (ATEX v\u00e1ltozatok is el\u00e9rhet\u0151k) eset\u00e9ben. Az egyedi munka\u00e1llom\u00e1sokt\u00f3l a t\u00f6bb munka\u00e1llom\u00e1sos vonalakig adapt\u00e1lt \u00e1raml\u00e1si sebess\u00e9gek.   <\/p>\n\n\n\n<p><\/p>\n\n\n\n<p>Az \u00fczemeltet\u00e9s szempontj\u00e1b\u00f3l mindent \u00fagy alak\u00edtottunk ki, hogy <strong>id\u0151t takar\u00edtson meg<\/strong> \u00d6nnek: gyors \u00fczembe helyez\u00e9s, karbantart\u00e1s benne van az \u00e1rban, fogy\u00f3eszk\u00f6z\u00f6k nyomon k\u00f6vet\u00e9se, \u00e9s a flotta igaz\u00edt\u00e1sa a projekt sor\u00e1n (teljes\u00edtm\u00e9nyn\u00f6vel\u00e9s\/cs\u00f6kkent\u00e9s, elsz\u00edv\u00e1si pontok hozz\u00e1ad\u00e1sa). <strong>Rugalmas szerz\u0151d\u00e9sek<\/strong> (r\u00f6vid\/hossz\u00fa t\u00e1v\u00fa, t\u00f6bb telephelyes) \u00e9s v\u00e1s\u00e1rl\u00e1si opci\u00f3 is lehets\u00e9ges a b\u00e9rleti d\u00edjak levon\u00e1s\u00e1val.<\/p>\n\n\n\n<p><\/p>\n\n\n\n<div class=\"wp-block-buttons is-content-justification-center is-layout-flex wp-container-core-buttons-is-layout-a89b3969 wp-block-buttons-is-layout-flex\">\n<div class=\"wp-block-button\"><a class=\"wp-block-button__link wp-element-button\" href=\"https:\/\/obera.fr\/hu\/location-sans-engagement\/\">Mobil porelsz\u00edv\u00f3 b\u00e9rl\u00e9se<\/a><\/div>\n<\/div>\n<\/div>\n\n\n\n<div class=\"wp-block-column is-vertically-aligned-center is-layout-flow wp-block-column-is-layout-flow\" style=\"flex-basis:30%\">\n<figure class=\"wp-block-image aligncenter size-full\"><img decoding=\"async\" width=\"500\" height=\"500\" src=\"https:\/\/obera.fr\/wp-content\/uploads\/2025\/02\/dustomat-dry-sans-fond.png\" alt=\"dustomat dry alap n&#xE9;lk&#xFC;l\" class=\"wp-image-59961\" srcset=\"https:\/\/obera.fr\/wp-content\/uploads\/2025\/02\/dustomat-dry-sans-fond.png 500w, https:\/\/obera.fr\/wp-content\/uploads\/2025\/02\/dustomat-dry-sans-fond-300x300.png 300w, https:\/\/obera.fr\/wp-content\/uploads\/2025\/02\/dustomat-dry-sans-fond-150x150.png 150w, https:\/\/obera.fr\/wp-content\/uploads\/2025\/02\/dustomat-dry-sans-fond-400x400.png 400w\" sizes=\"(max-width: 500px) 100vw, 500px\" \/><\/figure>\n<\/div>\n<\/div>\n\n<div style=\"height:45px\" aria-hidden=\"true\" class=\"wp-block-spacer\"><\/div>\n\n<h2 class=\"wp-block-heading\">Milyen szennyez\u0151anyagokat k\u00e9pesek kezelni mobil porelsz\u00edv\u00f3 rendszereink?<\/h2>\n\n<p><a href=\"https:\/\/obera.fr\/hu\/produits\/depoussiereurs-industriels\/petits\/\">Kism\u00e9ret\u0171 mobil porelsz\u00edv\u00f3ink<\/a> k\u00e9pesek <strong>finom porok \u00e9s forg\u00e1csok<\/strong>, valamint olajk\u00f6d\u00f6k, f\u00fcst\u00f6k \u00e9s szagok kezel\u00e9s\u00e9re az ipar k\u00fcl\u00f6nb\u00f6z\u0151 \u00e1gazataiban, mint p\u00e9ld\u00e1ul a f\u00e9m-, m\u0171anyag-, fa-, \u00e1sv\u00e1nyi anyag-, textil- vagy pap\u00edr\/kartoniparban.<\/p>\n\n<p>A porokat \u00e9s egy\u00e9b szennyez\u0151anyagokat kezelni kell, mert kock\u00e1zatot jelentenek az emberi testre. A szennyezett leveg\u0151 bel\u00e9legz\u00e9se r\u00e1kkelt\u0151, mutag\u00e9n \u00e9s reprodukci\u00f3t k\u00e1ros\u00edt\u00f3 betegs\u00e9geket okozhat. Az eg\u00e9szs\u00e9ges leveg\u0151 elengedhetetlen a munk\u00e1sok, a termel\u00e9s min\u0151s\u00e9ge \u00e9s a jogszab\u00e1lyok betart\u00e1sa szempontj\u00e1b\u00f3l is.<\/p>\n\n<h2 class=\"wp-block-heading\">Hogyan v\u00e1lasszam ki a megfelel\u0151 porlev\u00e1laszt\u00f3 rendszert?<\/h2>\n\n<p>Fontos, hogy j\u00f3l v\u00e1lassza ki a <a href=\"https:\/\/obera.fr\/hu\/produits\/depoussiereurs-industriels\/fixes\/\" data-type=\"link\" data-id=\"https:\/\/obera.fr\/produits\/depoussiereurs-industriels\/fixes\/\">fix porelsz\u00edv\u00f3j\u00e1t<\/a>, mert a berendez\u00e9s elhaszn\u00e1l\u00f3dhat \u00e9s meghib\u00e1sodhat. Ha \u00d6n maga v\u00e9gzi a kutat\u00e1st, el\u0151sz\u00f6r t\u00e1j\u00e9koz\u00f3dnia kell a berendez\u00e9s sz\u0171r\u00e9si kapacit\u00e1sair\u00f3l, ez a szennyez\u0151anyagt\u00f3l, annak m\u00e9ret\u00e9t\u0151l, \u00e1llapot\u00e1t\u00f3l (szil\u00e1rd vagy g\u00e1znem\u0171) \u00e9s mennyis\u00e9g\u00e9t\u0151l f\u00fcgg. Ez lehet\u0151v\u00e9 teszi, hogy kiv\u00e1lassza a <a href=\"https:\/\/obera.fr\/hu\/produits\/depoussiereurs-industriels\/fixes\/depoussiereur-a-voie-humide-dustomat-hydro\/\" data-type=\"page\" data-id=\"15983\">nedves ipari porelsz\u00edv\u00f3<\/a> sz\u00e1m\u00e1ra sz\u00fcks\u00e9ges sz\u0171r\u0151 t\u00edpus\u00e1t. M\u00e1sodszor, t\u00e1j\u00e9koz\u00f3dnia kell a berendez\u00e9s teljes\u00edtm\u00e9ny\u00e9r\u0151l, azaz az \u00e1raml\u00e1si sebess\u00e9g\u00e9r\u0151l. A berendez\u00e9s \u00e1raml\u00e1si sebess\u00e9ge ism\u00e9t a szennyez\u0151anyag mennyis\u00e9g\u00e9t\u0151l, valamint a kezelend\u0151 helyis\u00e9g ter\u00fclet\u00e9t\u0151l f\u00fcgg. Min\u00e9l nagyobb a t\u00e9r, ann\u00e1l nagyobb \u00e1raml\u00e1si sebess\u00e9gre lesz sz\u00fcks\u00e9g.<\/p>\n\n<p>Ezut\u00e1n tudnia kell, milyen kieg\u00e9sz\u00edt\u0151vel szerelje fel g\u00e9p\u00e9t: cs\u0151vezet\u00e9kkel a gy\u00e1rt\u00f3g\u00e9phez val\u00f3 csatlakoztat\u00e1shoz, vagy elsz\u00edv\u00f3karral egy munka\u00e1llom\u00e1shoz.<\/p>\n\n<div class=\"wp-block-buttons is-horizontal is-content-justification-center is-layout-flex wp-container-core-buttons-is-layout-03627597 wp-block-buttons-is-layout-flex\">\n<div class=\"wp-block-button\"><a class=\"wp-block-button__link wp-element-button\" href=\"https:\/\/obera.fr\/contact\/\">Tudjon meg t\u00f6bbet<\/a><\/div>\n<\/div>\n\n<hr class=\"wp-block-separator has-css-opacity\"\/>\n\n<div class=\"wp-block-group is-layout-flow wp-block-group-is-layout-flow\">\n<h2 class=\"wp-block-heading\">Az oberA ipari porelsz\u00edv\u00f3k term\u00e9kcsal\u00e1dj\u00e1nak egy\u00e9b term\u00e9kei<\/h2>\n\n\n\n<div class=\"wp-block-buttons is-content-justification-center is-layout-flex wp-container-core-buttons-is-layout-a89b3969 wp-block-buttons-is-layout-flex\">\n<div class=\"wp-block-button\"><a class=\"wp-block-button__link wp-element-button\" href=\"https:\/\/obera.fr\/hu\/produits\/depoussiereurs-industriels\/fixes\/\">FIX PORELSZ\u00cdV\u00d3K <\/a><\/div>\n\n\n\n<div class=\"wp-block-button\"><a class=\"wp-block-button__link wp-element-button\" href=\"https:\/\/obera.fr\/hu\/produits\/depoussiereurs-industriels\/petits\/\"> <strong>Kis porlev\u00e1laszt\u00f3k<\/strong><\/a><\/div>\n<\/div>\n<\/div>\n","protected":false},"excerpt":{"rendered":"<p>A mi mobil porelsz\u00edv\u00f3ink az er\u0151s \u00e9s k\u00f6nnyen mozgathat\u00f3 ipari porelsz\u00edv\u00f3k term\u00e9kcsal\u00e1dj\u00e1t alkotj\u00e1k. Ezek a berendez\u00e9sek t\u00f6k\u00e9letesen illeszkednek az \u00d6n k\u00f6rnyezet\u00e9hez az optim\u00e1lis munkak\u00e9nyelem \u00e9s a garant\u00e1lt hat\u00e9konys\u00e1g \u00e9rdek\u00e9ben. Ezeket a leveg\u0151kezel\u0151 rendszereket \u00fagy tervezt\u00e9k, hogy k\u00f6zvetlen\u00fcl a gy\u00e1rt\u00f3g\u00e9pekhez csatlakozzanak egy cs\u0151h\u00e1l\u00f3zaton kereszt\u00fcl, vagy egy mobil munka\u00e1llom\u00e1sr\u00f3l sz\u00edvj\u00e1k el a leveg\u0151t egy elsz\u00edv\u00f3kar vagy elsz\u00edv\u00f3erny\u0151 seg\u00edts\u00e9g\u00e9vel, hogy minden t\u00edpus\u00fa port \u00e9s szennyez\u0151anyagot nagy mennyis\u00e9gben k\u00f6zvetlen\u00fcl a forr\u00e1sn\u00e1l gy\u0171jtsenek \u00f6ssze. Mobil porelsz\u00edv\u00f3ink v\u00e1laszt\u00e9ka: DUSTOMAT DRY A DUSTOMAT DRY egy porelsz\u00edv\u00f3 rendszer, amely t\u00f6k\u00e9letesen alkalmas az ipari \u00e1gazatok sz\u00e9les sk\u00e1l\u00e1j\u00e1ra. K\u00e9pes hat\u00e9konyan elt\u00e1vol\u00edtani a porr\u00e9szecsk\u00e9ket \u00e9s a forg\u00e1csot, ak\u00e1r k\u00f6zvetlen\u00fcl a gy\u00e1rt\u00f3g\u00e9pekr\u0151l, &#8230; <\/p>\n<p class=\"read-more-container\"><a title=\"Mobil porlev\u00e1laszt\u00f3k\" class=\"read-more button\" href=\"https:\/\/obera.fr\/hu\/produits\/depoussiereurs-industriels\/mobiles\/#more-84101\" aria-label=\"Read more about Mobil porlev\u00e1laszt\u00f3k\">Lire la suite<\/a><\/p>\n","protected":false},"author":4,"featured_media":83741,"parent":68664,"menu_order":0,"comment_status":"closed","ping_status":"closed","template":"","meta":{"_acf_changed":false,"_seopress_robots_primary_cat":"","_seopress_titles_title":"Mobil porelsz\u00edv\u00f3k DUSTOMAT, SRF-K \u00e9s ePURBOX - oberA","_seopress_titles_desc":"Mobil ipari porelsz\u00edv\u00f3ink t\u00f6k\u00e9letesen illeszkednek az \u00d6n k\u00f6rnyezet\u00e9hez az optim\u00e1lis munkak\u00e9nyelem \u00e9s a garant\u00e1lt hat\u00e9konys\u00e1g \u00e9rdek\u00e9ben.","_seopress_robots_index":"","footnotes":""},"class_list":{"0":"post-84101","1":"page","2":"type-page","3":"status-publish","4":"has-post-thumbnail","6":"no-featured-image-padding","7":"resize-featured-image"},"acf":[],"_links":{"self":[{"href":"https:\/\/obera.fr\/hu\/wp-json\/wp\/v2\/pages\/84101","targetHints":{"allow":["GET"]}}],"collection":[{"href":"https:\/\/obera.fr\/hu\/wp-json\/wp\/v2\/pages"}],"about":[{"href":"https:\/\/obera.fr\/hu\/wp-json\/wp\/v2\/types\/page"}],"author":[{"embeddable":true,"href":"https:\/\/obera.fr\/hu\/wp-json\/wp\/v2\/users\/4"}],"replies":[{"embeddable":true,"href":"https:\/\/obera.fr\/hu\/wp-json\/wp\/v2\/comments?post=84101"}],"version-history":[{"count":8,"href":"https:\/\/obera.fr\/hu\/wp-json\/wp\/v2\/pages\/84101\/revisions"}],"predecessor-version":[{"id":141721,"href":"https:\/\/obera.fr\/hu\/wp-json\/wp\/v2\/pages\/84101\/revisions\/141721"}],"up":[{"embeddable":true,"href":"https:\/\/obera.fr\/hu\/wp-json\/wp\/v2\/pages\/68664"}],"wp:featuredmedia":[{"embeddable":true,"href":"https:\/\/obera.fr\/hu\/wp-json\/wp\/v2\/media\/83741"}],"wp:attachment":[{"href":"https:\/\/obera.fr\/hu\/wp-json\/wp\/v2\/media?parent=84101"}],"curies":[{"name":"wp","href":"https:\/\/api.w.org\/{rel}","templated":true}]}}