{"id":84113,"date":"2024-04-06T01:24:32","date_gmt":"2024-04-05T23:24:32","guid":{"rendered":"https:\/\/obera.fr\/produits\/depoussiereurs-industriels\/mobiles\/na-2-2-depoussiereur-a-voie-humide\/"},"modified":"2025-06-27T15:42:10","modified_gmt":"2025-06-27T13:42:10","slug":"na-2-2-depoussiereur-a-voie-humide","status":"publish","type":"page","link":"https:\/\/obera.fr\/hu\/produits\/depoussiereurs-industriels\/mobiles\/na-2-2-depoussiereur-a-voie-humide\/","title":{"rendered":"NA 2.2 : mobil nedves porlev\u00e1laszt\u00f3 berendez\u00e9s"},"content":{"rendered":"\n<p>Fedezze fel az NA 2.2 nedves porelsz\u00edv\u00f3t a m\u0171helyeiben keletkez\u0151 ragad\u00f3s anyagok \u00e9s sarl\u00f3 hat\u00e1s\u00fa porok felsz\u00edv\u00e1s\u00e1hoz.<\/p>\n\n<h2 class=\"wp-block-heading\">NA 2.2 nedves porlev\u00e1laszt\u00f3: m\u0171k\u00f6d\u00e9s \u00e9s haszn\u00e1lat<\/h2>\n\n<div class=\"wp-block-columns is-layout-flex wp-container-core-columns-is-layout-28f84493 wp-block-columns-is-layout-flex\">\n<div class=\"wp-block-column is-layout-flow wp-block-column-is-layout-flow\" style=\"flex-basis:33.33%\">\n<figure class=\"wp-block-image aligncenter size-full\"><img decoding=\"async\" width=\"600\" height=\"600\" src=\"https:\/\/obera.fr\/wp-content\/uploads\/2024\/04\/obera-na-2-2-depoussiereur-a-voie-humide-mobile.jpg\" alt=\"NA 2.2 : mobil nedves porlev&#xE1;laszt&#xF3; berendez&#xE9;s\" class=\"wp-image-29475\" srcset=\"https:\/\/obera.fr\/wp-content\/uploads\/2024\/04\/obera-na-2-2-depoussiereur-a-voie-humide-mobile.jpg 600w, https:\/\/obera.fr\/wp-content\/uploads\/2024\/04\/obera-na-2-2-depoussiereur-a-voie-humide-mobile-300x300.jpg 300w, https:\/\/obera.fr\/wp-content\/uploads\/2024\/04\/obera-na-2-2-depoussiereur-a-voie-humide-mobile-150x150.jpg 150w\" sizes=\"(max-width: 600px) 100vw, 600px\" \/><\/figure>\n<\/div>\n\n\n\n<div class=\"wp-block-column is-layout-flow wp-block-column-is-layout-flow\" style=\"flex-basis:66.66%\">\n<p>A nedves porlev\u00e1laszt\u00f3kban haszn\u00e1lt sz\u0171r\u0151rendszer a centrifug\u00e1lis er\u0151 elv\u00e9n alapul, \u00e9s sz\u0171r\u0151k\u00f6zegk\u00e9nt vizet haszn\u00e1l. Gyakorlatilag a finom r\u00e9szecsk\u00e9kkel \u00e9s porral terhelt leveg\u0151t a be\u00e9p\u00edtett ventil\u00e1tor a porlev\u00e1laszt\u00f3ba gy\u0171jti. Ezut\u00e1n a leveg\u0151t sz\u00f3r\u00f3fejeken kereszt\u00fcl v\u00edzzel tel\u00edtik, ami a port agglomer\u00e1lja \u00e9s k\u00f6nnyebben felfoghat\u00f3v\u00e1 teszi. A r\u00e9szecsk\u00e9k sz\u00e9tv\u00e1laszt\u00e1s\u00e1hoz a leveg\u0151 \u00e9s a v\u00edz nagy sebess\u00e9ggel forog, hogy a r\u00e9szecsk\u00e9ket a porgy\u0171jt\u0151 fal\u00e1hoz dobja (\u00f6rv\u00e9nyelv). A tiszta leveg\u0151t a centrifug\u00e1lis elsz\u00edv\u00f3 ventil\u00e1tor sz\u00edvja el \u00e9s bocs\u00e1tja ki a l\u00e9gk\u00f6rbe.<\/p>\n\n\n\n<p>Ide\u00e1lis f\u0171r\u00e9szel\u00e9shez, v\u00e1g\u00e1shoz \u00e9s szeletel\u00e9shez, de csiszol\u00e1shoz, pol\u00edroz\u00e1shoz, forg\u00e1cselt\u00e1vol\u00edt\u00e1shoz, mar\u00e1shoz, dekant\u00e1l\u00e1shoz, t\u00f6lt\u00e9shez \u00e9s kever\u00e9shez is. ATEX v\u00e1ltozat opcion\u00e1lisan rendelhet\u0151.<\/p>\n\n\n\n<p>Milyen c\u00e9lokra? Az NA 2.2 nedves porlev\u00e1laszt\u00f3 k\u00fcl\u00f6n\u00f6sen j\u00f3l teljes\u00edt ragad\u00f3s anyagok felsz\u00edv\u00e1sakor \u00e9s er\u0151s szikr\u00e1kat gener\u00e1l\u00f3 m\u0171veletek sor\u00e1n. Ide\u00e1lis f\u00e9mporok, ragacsos porok \u00e9s \u00e9ghet\u0151 porok elsz\u00edv\u00e1s\u00e1ra. Ez\u00e1ltal ide\u00e1lis az \u00e9lelmiszeriparban \u00e9s a f\u00e9mfeldolgoz\u00f3 iparban val\u00f3 felhaszn\u00e1l\u00e1sra.<\/p>\n\n\n\n<div class=\"wp-block-columns is-layout-flex wp-container-core-columns-is-layout-28f84493 wp-block-columns-is-layout-flex\">\n<div class=\"wp-block-column is-layout-flow wp-block-column-is-layout-flow\">\n<div class=\"wp-block-buttons is-layout-flex wp-block-buttons-is-layout-flex\">\n<div class=\"wp-block-button\"><a class=\"wp-block-button__link wp-element-button\" href=\"https:\/\/obera.fr\/wp-content\/uploads\/2025\/04\/brochure-na-2.2-fr.pdf\">A bros\u00fara let\u00f6lt\u00e9se<\/a><\/div>\n<\/div>\n<\/div>\n\n\n\n<div class=\"wp-block-column is-layout-flow wp-block-column-is-layout-flow\">\n<div class=\"wp-block-buttons is-layout-flex wp-block-buttons-is-layout-flex\">\n<div class=\"wp-block-button\"><a class=\"wp-block-button__link wp-element-button\" href=\"https:\/\/obera.fr\/contact\/\">Szem\u00e9lyre szabott tan\u00e1csad\u00e1sra van sz\u00fcks\u00e9ge?<\/a><\/div>\n<\/div>\n<\/div>\n\n\n\n<div class=\"wp-block-column is-layout-flow wp-block-column-is-layout-flow\">\n<div class=\"wp-block-buttons is-content-justification-center is-layout-flex wp-container-core-buttons-is-layout-a89b3969 wp-block-buttons-is-layout-flex\">\n<div class=\"wp-block-button btn-devis-source\"><a class=\"wp-block-button__link wp-element-button\" href=\"https:\/\/obera.fr\/hu\/devis\/\">K\u00e9rjen \u00e1raj\u00e1nlatot<\/a><\/div>\n<\/div>\n\n\n<script>\r\ndocument.addEventListener('DOMContentLoaded', function() {\r\n    \/\/ 1. On cherche le titre H1 de la page\r\n    var h1 = document.querySelector('h1');\r\n    var productTitle = h1 ? h1.innerText.trim() : \"\";\r\n\r\n    \/\/ 2. On cherche les boutons via la classe CSS .btn-devis-source\r\n    var buttons = document.querySelectorAll('.btn-devis-source a');\r\n\r\n    \/\/ 3. Si on a le titre et les boutons, on ajoute le param\u00e8tre\r\n    if (buttons.length > 0 && productTitle !== \"\") {\r\n        var encodedTitle = encodeURIComponent(productTitle);\r\n\r\n        buttons.forEach(function(btn) {\r\n            var currentHref = btn.getAttribute('href');\r\n            \r\n            \/\/ S\u00e9curit\u00e9 pour ne pas ajouter le param\u00e8tre 2 fois\r\n            if (currentHref.indexOf('sujet=') === -1) {\r\n                var separator = currentHref.indexOf('?') !== -1 ? '&' : '?';\r\n                var newLink = currentHref + separator + 'sujet=' + encodedTitle;\r\n                \r\n                btn.setAttribute('href', newLink);\r\n            }\r\n        });\r\n    }\r\n});\r\n<\/script><\/div>\n<\/div>\n<\/div>\n<\/div>\n\n<h2 class=\"wp-block-heading\">Az NA 2.2 nedves porlev\u00e1laszt\u00f3 jellemz\u0151i<\/h2>\n\n<p>Amellett, hogy rendk\u00edv\u00fcl mobilis, a k\u00e9sz\u00fcl\u00e9k kialak\u00edt\u00e1sa olyasmit is k\u00edn\u00e1l, amire eddig m\u00e9g nem volt p\u00e9lda az NA k\u00e9sz\u00fcl\u00e9kekn\u00e9l: kompakt, helytakar\u00e9kos kialak\u00edt\u00e1s. Eddig a v\u00edzlev\u00e1laszt\u00f3k csak r\u00f6gz\u00edtettek lehettek, nagyobb alapter\u00fclettel (sokkal nagyobb m\u00e9retekkel), hogy sz\u00e9les alkalmaz\u00e1si ter\u00fcletet fedezzenek le. Az NA porlev\u00e1laszt\u00f3knak mostanra siker\u00fclt a teljes\u00edtm\u00e9nyt \u00e9s a k\u00f6nny\u0171 haszn\u00e1latot rugalmas, kompakt mobil egys\u00e9gekkel kombin\u00e1lniuk. Ezenk\u00edv\u00fcl az NA berendez\u00e9seket mindig billen\u0151 fels\u0151 r\u00e9sszel szerelik fel, hogy a k\u00e9sz\u00fcl\u00e9k belsej\u00e9hez k\u00f6nnyen hozz\u00e1f\u00e9rhessenek.<\/p>\n\n<p>Az NA sorozat nagyon kev\u00e9s zajt bocs\u00e1t ki: 68 dB(A). Ez azt jelenti, hogy k\u00f6zvetlen\u00fcl a k\u00fcl\u00f6nb\u00f6z\u0151 munka\u00e1llom\u00e1sokon haszn\u00e1lhat\u00f3 a kezel\u0151k zavar\u00e1sa n\u00e9lk\u00fcl.<\/p>\n\n<blockquote class=\"wp-block-quote is-layout-flow wp-block-quote-is-layout-flow\">\n<p>Opci\u00f3k: az NA 2.2 nedves porelsz\u00edv\u00f3 50 mm-es t\u00f6ml\u0151\u00e1tm\u00e9r\u0151vel tiszt\u00edt\u00f3 porsz\u00edv\u00f3k\u00e9nt is kaphat\u00f3. Rozsdamentes ac\u00e9lb\u00f3l k\u00e9sz\u00fclt v\u00e1ltozatban is kaphat\u00f3, hogy megfeleljen az \u00e9lelmiszeripar k\u00f6vetelm\u00e9nyeinek, amely finom \u00e9s szerves port termel, \u00e9s szigor\u00fa higi\u00e9niai \u00e9s \u00e9lelmiszerbiztons\u00e1gi el\u0151\u00edr\u00e1sok vonatkoznak r\u00e1. Egy m\u00e1sik alapvet\u0151 lehet\u0151s\u00e9g a robban\u00e1svesz\u00e9lyes ter\u00fcleteken (22-es z\u00f3na) m\u0171k\u00f6d\u0151 ipar\u00e1gak sz\u00e1m\u00e1ra: az ATEX v\u00e1ltozat a sz\u00e1raz, \u00e9ghet\u0151, nem vezet\u0151 por biztons\u00e1gos elsz\u00edv\u00e1s\u00e1hoz.<\/p>\n<\/blockquote>\n\n<h3 class=\"wp-block-heading has-text-align-center\">INDUSTRIES<\/h3>\n\n<div class=\"wp-block-columns is-layout-flex wp-container-core-columns-is-layout-28f84493 wp-block-columns-is-layout-flex\">\n<div class=\"wp-block-column is-layout-flow wp-block-column-is-layout-flow\">\n<hr class=\"wp-block-separator has-alpha-channel-opacity\"\/>\n\n\n\n<div class=\"wp-block-columns is-layout-flex wp-container-core-columns-is-layout-28f84493 wp-block-columns-is-layout-flex\">\n<div class=\"wp-block-column is-layout-flow wp-block-column-is-layout-flow\">\n<figure class=\"wp-block-image aligncenter size-thumbnail is-resized\"><img decoding=\"async\" width=\"150\" height=\"150\" src=\"https:\/\/obera.fr\/wp-content\/uploads\/2022\/02\/Metalurgie-150x150.png\" alt=\"koh&#xE1;szat\" class=\"wp-image-8857\"\/><figcaption class=\"wp-element-caption\">Koh\u00e1szat<\/figcaption><\/figure>\n<\/div>\n\n\n\n<div class=\"wp-block-column is-layout-flow wp-block-column-is-layout-flow\">\n<figure class=\"wp-block-image aligncenter size-thumbnail is-resized\"><img decoding=\"async\" width=\"150\" height=\"150\" src=\"https:\/\/obera.fr\/wp-content\/uploads\/2022\/02\/AGROALIMENTAIRE-150x150.png\" alt=\"agr&#xE1;r-&#xE9;lelmiszeripar\" class=\"wp-image-8844\"\/><figcaption class=\"wp-element-caption\">\u00c9lelmiszeripar<\/figcaption><\/figure>\n<\/div>\n<\/div>\n<\/div>\n\n\n\n<div class=\"wp-block-column is-layout-flow wp-block-column-is-layout-flow\">\n<hr class=\"wp-block-separator has-alpha-channel-opacity\"\/>\n\n\n\n<div class=\"wp-block-columns is-layout-flex wp-container-core-columns-is-layout-28f84493 wp-block-columns-is-layout-flex\">\n<div class=\"wp-block-column is-layout-flow wp-block-column-is-layout-flow\"><\/div>\n\n\n\n<div class=\"wp-block-column is-layout-flow wp-block-column-is-layout-flow\"><\/div>\n<\/div>\n<\/div>\n<\/div>\n\n<table id=\"tablepress-201\" class=\"tablepress tablepress-id-201\">\n<tbody class=\"row-striping row-hover\">\n<tr class=\"row-1\">\n\t<td class=\"column-1\">Volume d\u2019air max. D\u00e9bit d\u2019air<\/td><td class=\"column-2\">M3\/h<\/td><td class=\"column-3\">300<\/td>\n<\/tr>\n<tr class=\"row-2\">\n\t<td class=\"column-1\">Diam\u00e8tre d\u2019entr\u00e9e\/de sortie<\/td><td class=\"column-2\">mm<\/td><td class=\"column-3\">50\/-<\/td>\n<\/tr>\n<tr class=\"row-3\">\n\t<td class=\"column-1\">Pression d\u2019air max. D\u00e9pression<\/td><td class=\"column-2\">Pa<\/td><td class=\"column-3\">21.000<\/td>\n<\/tr>\n<tr class=\"row-4\">\n\t<td class=\"column-1\">Puissance d\u2019entra\u00eenement<\/td><td class=\"column-2\">kW<\/td><td class=\"column-3\">2.2<\/td>\n<\/tr>\n<tr class=\"row-5\">\n\t<td class=\"column-1\">Contenu en eau<\/td><td class=\"column-2\">L<\/td><td class=\"column-3\">40<\/td>\n<\/tr>\n<tr class=\"row-6\">\n\t<td class=\"column-1\">R\u00e9servoir de collecte de volume<\/td><td class=\"column-2\">L<\/td><td class=\"column-3\">100<\/td>\n<\/tr>\n<tr class=\"row-7\">\n\t<td class=\"column-1\">Dimensions (L\/l\/h)<\/td><td class=\"column-2\">mm<\/td><td class=\"column-3\">1.260x630x1.560<\/td>\n<\/tr>\n<tr class=\"row-8\">\n\t<td class=\"column-1\">Poids (sans eau)<\/td><td class=\"column-2\">kg<\/td><td class=\"column-3\">130<\/td>\n<\/tr>\n<tr class=\"row-9\">\n\t<td class=\"column-1\">\u00c9missions sonores<\/td><td class=\"column-2\">dB(A)<\/td><td class=\"column-3\">68<\/td>\n<\/tr>\n<\/tbody>\n<\/table>\n\n\n<div class=\"wp-block-buttons is-content-justification-center is-layout-flex wp-container-core-buttons-is-layout-a89b3969 wp-block-buttons-is-layout-flex\">\n<div class=\"wp-block-button\"><a class=\"wp-block-button__link wp-element-button\" href=\"https:\/\/obera.fr\/wp-content\/uploads\/2025\/04\/brochure-na-2.2-de.pdf\">TERM\u00c9K ADATLAP LET\u00d6LT\u00c9SE<\/a><\/div>\n<\/div>\n\n<figure class=\"wp-block-table\"><table class=\"has-fixed-layout\"><tbody><tr><td>Max. l\u00e9gmennyis\u00e9g Leveg\u0151\u00e1raml\u00e1si sebess\u00e9g<\/td><td>M3\/h<\/td><td>300<\/td><\/tr><tr><td>Bemeneti\/kimeneti \u00e1tm\u00e9r\u0151<\/td><td>mm<\/td><td>50\/-<\/td><\/tr><tr><td>Max. l\u00e9gnyom\u00e1s Depresszi\u00f3<\/td><td>Pa<\/td><td>21.000<\/td><\/tr><tr><td>Hajt\u00e1si teljes\u00edtm\u00e9ny<\/td><td>kW<\/td><td>2.2<\/td><\/tr><tr><td>V\u00edztartalom<\/td><td>L<\/td><td>40<\/td><\/tr><tr><td>T\u00e9rfogatgy\u0171jt\u0151 tart\u00e1ly<\/td><td>L<\/td><td>100<\/td><\/tr><tr><td>M\u00e9retek (L\/W\/H)<\/td><td>mm<\/td><td>1,260x630x1,560 cm<\/td><\/tr><tr><td>T\u00f6meg (v\u00edz n\u00e9lk\u00fcl)<\/td><td>kg<\/td><td>130<\/td><\/tr><tr><td>Zajkibocs\u00e1t\u00e1s<\/td><td>dB(A)<\/td><td>68<\/td><\/tr><\/tbody><\/table><\/figure>\n\n<div style=\"height:34px\" aria-hidden=\"true\" class=\"wp-block-spacer\"><\/div>\n\n<h2 class=\"wp-block-heading\">Milyen el\u0151nyei vannak az NA 2.2 nedves porlev\u00e1laszt\u00f3nak?<\/h2>\n\n<p>A nedves porlev\u00e1laszt\u00f3 sz\u0171r\u00e9si technol\u00f3gi\u00e1val biztos\u00edtja a leveg\u0151 optim\u00e1lis min\u0151s\u00e9g\u00e9t a gy\u00e1rt\u00f3\u00fczemekben. Amellett, hogy megv\u00e9di csapatai eg\u00e9szs\u00e9g\u00e9t, cs\u00f6kkenti a meghib\u00e1sod\u00e1sok \u00e9s a g\u00e9pek \u00e9s berendez\u00e9sek k\u00e1rosod\u00e1s\u00e1nak kock\u00e1zat\u00e1t.<\/p>\n\n<p>A mobil \u00e9s rugalmas NA 2.2 nedves porlev\u00e1laszt\u00f3 a sima g\u00f6rg\u0151knek k\u00f6sz\u00f6nhet\u0151en k\u00f6nnyen man\u0151verezhet\u0151. Ide\u00e1lisan alkalmas a gyakori helyv\u00e1ltoztat\u00e1sra, a maxim\u00e1lis felhaszn\u00e1l\u00f3i k\u00e9nyelem \u00e9rdek\u00e9ben. Emellett kompakt, kis helyig\u00e9ny\u0171.<\/p>\n\n<p>Az NA 2.2 nedves porlev\u00e1laszt\u00f3 kombin\u00e1lhat\u00f3 m\u00e1s berendez\u00e9sekkel a maxim\u00e1lis felhaszn\u00e1l\u00f3i k\u00e9nyelem \u00e9rdek\u00e9ben, p\u00e9ld\u00e1ul automatikus v\u00edzszint-szab\u00e1lyoz\u00e1ssal vagy m\u00e1gnesszeleppel a k\u00e9sz\u00fcl\u00e9k automatikus v\u00edzell\u00e1t\u00e1s\u00e1hoz.<\/p>\n\n<div class=\"wp-block-columns is-layout-flex wp-container-core-columns-is-layout-28f84493 wp-block-columns-is-layout-flex\">\n<div class=\"wp-block-column is-layout-flow wp-block-column-is-layout-flow\" style=\"flex-basis:33.34%\">\n<h3 class=\"wp-block-heading\">El\u0151ny\u00f6k :<\/h3>\n\n\n\n<ul class=\"wp-block-list\">\n<li>Csendes \u00e9s kompakt;<\/li>\n\n\n\n<li>Rugalmas alkalmaz\u00e1si lehet\u0151s\u00e9gek.<\/li>\n<\/ul>\n<\/div>\n\n\n\n<div class=\"wp-block-column is-layout-flow wp-block-column-is-layout-flow\" style=\"flex-basis:33.34%\">\n<h3 class=\"wp-block-heading\">K\u00fcl\u00f6nlegess\u00e9gek:<\/h3>\n\n\n\n<ul class=\"wp-block-list\">\n<li>Ragad\u00f3s porok elsz\u00edv\u00e1sa, alkalmas szikravet\u00edt\u00e9ses munkafolyamatokhoz;<\/li>\n\n\n\n<li>Tiszt\u00edt\u00f3 porsz\u00edv\u00f3k\u00e9nt kaphat\u00f3.<\/li>\n<\/ul>\n\n\n\n<div style=\"height:26px\" aria-hidden=\"true\" class=\"wp-block-spacer\"><\/div>\n<\/div>\n\n\n\n<div class=\"wp-block-column is-layout-flow wp-block-column-is-layout-flow\" style=\"flex-basis:33.33%\">\n<h3 class=\"wp-block-heading\">Jellemz\u0151k :<\/h3>\n\n\n\n<ul class=\"wp-block-list\">\n<li>Opcion\u00e1lis <a href=\"https:\/\/obera.fr\/hu\/produits\/atex\/\" data-type=\"page\" data-id=\"372\">ATEX<\/a> v\u00e1ltozat ;<\/li>\n\n\n\n<li>Rozsdamentes ac\u00e9lb\u00f3l kaphat\u00f3.<\/li>\n<\/ul>\n<\/div>\n<\/div>\n\n<div class=\"wp-block-buttons is-content-justification-center is-layout-flex wp-container-core-buttons-is-layout-a89b3969 wp-block-buttons-is-layout-flex\">\n<div class=\"wp-block-button\"><a class=\"wp-block-button__link wp-element-button\" href=\"https:\/\/obera.fr\/hu\/contact\/\">A NA 2.2 PORELSZ\u00cdV\u00d3 TESZTEL\u00c9SE<\/a><\/div>\n<\/div>\n\n<div style=\"height:25px\" aria-hidden=\"true\" class=\"wp-block-spacer\"><\/div>\n\n<h2 class=\"wp-block-heading\">Az OberA m\u00e1rka egy\u00e9b mobil porlev\u00e1laszt\u00f3i<\/h2>\n\n<div class=\"wp-block-columns is-layout-flex wp-container-core-columns-is-layout-28f84493 wp-block-columns-is-layout-flex\">\n<div class=\"wp-block-column is-layout-flow wp-block-column-is-layout-flow\">\n<figure class=\"wp-block-image aligncenter size-medium\"><a href=\"https:\/\/obera.fr\/produits\/depoussiereurs-industriels\/mobiles\/srf-k\/\"><img decoding=\"async\" width=\"300\" height=\"300\" src=\"https:\/\/obera.fr\/wp-content\/uploads\/2020\/10\/SRF-K-SF-300x300.png\" alt=\"Srf K Sf\" class=\"wp-image-1309\" srcset=\"https:\/\/obera.fr\/wp-content\/uploads\/2020\/10\/SRF-K-SF-300x300.png 300w, https:\/\/obera.fr\/wp-content\/uploads\/2020\/10\/SRF-K-SF-150x150.png 150w, https:\/\/obera.fr\/wp-content\/uploads\/2020\/10\/SRF-K-SF.png 600w\" sizes=\"(max-width: 300px) 100vw, 300px\" \/><\/a><figcaption class=\"wp-element-caption\">SRF-K<\/figcaption><\/figure>\n<\/div>\n\n\n\n<div class=\"wp-block-column is-layout-flow wp-block-column-is-layout-flow\">\n<figure class=\"wp-block-image aligncenter size-medium\"><a href=\"https:\/\/obera.fr\/produits\/depoussiereurs-industriels\/mobiles\/aspiration-poussiere-dustomat-10\/\"><img decoding=\"async\" width=\"300\" height=\"300\" src=\"https:\/\/obera.fr\/wp-content\/uploads\/2020\/10\/extracteur-poussiere-mobile-DUSTOMAT-10-300x300.png\" alt=\"Dustomat 10 mobil porelsz&#xED;v&#xF3;\" class=\"wp-image-1306\" srcset=\"https:\/\/obera.fr\/wp-content\/uploads\/2020\/10\/extracteur-poussiere-mobile-DUSTOMAT-10-300x300.png 300w, https:\/\/obera.fr\/wp-content\/uploads\/2020\/10\/extracteur-poussiere-mobile-DUSTOMAT-10-150x150.png 150w, https:\/\/obera.fr\/wp-content\/uploads\/2020\/10\/extracteur-poussiere-mobile-DUSTOMAT-10.png 600w\" sizes=\"(max-width: 300px) 100vw, 300px\" \/><\/a><figcaption class=\"wp-element-caption\">DUSTOMAT 10<\/figcaption><\/figure>\n<\/div>\n\n\n\n<div class=\"wp-block-column is-layout-flow wp-block-column-is-layout-flow\">\n<figure class=\"wp-block-image aligncenter size-medium\"><a href=\"https:\/\/obera.fr\/produits\/depoussiereurs-industriels\/mobiles\/extracteur-poussiere-pulverulente-dustomat-16m\/\"><img decoding=\"async\" width=\"300\" height=\"300\" src=\"https:\/\/obera.fr\/wp-content\/uploads\/2020\/10\/extracteur-poussiere-pulverulente-DUSTOMAT-16-300x300.png\" alt=\"Porelsz&#xED;v&#xF3; porelsz&#xED;v&#xF3; Dustomat 16\" class=\"wp-image-1307\" srcset=\"https:\/\/obera.fr\/wp-content\/uploads\/2020\/10\/extracteur-poussiere-pulverulente-DUSTOMAT-16-300x300.png 300w, https:\/\/obera.fr\/wp-content\/uploads\/2020\/10\/extracteur-poussiere-pulverulente-DUSTOMAT-16-150x150.png 150w, https:\/\/obera.fr\/wp-content\/uploads\/2020\/10\/extracteur-poussiere-pulverulente-DUSTOMAT-16.png 600w\" sizes=\"(max-width: 300px) 100vw, 300px\" \/><\/a><figcaption class=\"wp-element-caption\">DUSTOMAT 16<\/figcaption><\/figure>\n<\/div>\n\n\n\n<div class=\"wp-block-column is-layout-flow wp-block-column-is-layout-flow\">\n<figure class=\"wp-block-image aligncenter size-medium\"><a href=\"https:\/\/obera.fr\/produits\/depoussiereurs-industriels\/mobiles\/extracteur-poussiere-dustomat-4\/\"><img decoding=\"async\" width=\"300\" height=\"300\" src=\"https:\/\/obera.fr\/wp-content\/uploads\/2023\/02\/dustomat-4-300x300.png\" alt=\"Dustomat 4 porelsz&#xED;v&#xF3;\" class=\"wp-image-19008\" srcset=\"https:\/\/obera.fr\/wp-content\/uploads\/2023\/02\/dustomat-4-300x300.png 300w, https:\/\/obera.fr\/wp-content\/uploads\/2023\/02\/dustomat-4-150x150.png 150w, https:\/\/obera.fr\/wp-content\/uploads\/2023\/02\/dustomat-4.png 500w\" sizes=\"(max-width: 300px) 100vw, 300px\" \/><\/a><figcaption class=\"wp-element-caption\">Dustomat 4<\/figcaption><\/figure>\n<\/div>\n<\/div>\n\n<div class=\"wp-block-columns is-layout-flex wp-container-core-columns-is-layout-28f84493 wp-block-columns-is-layout-flex\">\n<div class=\"wp-block-column is-layout-flow wp-block-column-is-layout-flow\">\n<figure class=\"wp-block-image aligncenter size-medium is-resized\"><a href=\"https:\/\/obera.fr\/produits\/depoussiereurs-industriels\/mobiles\/extracteur-de-poussiere-dustomat-dry\/#more-24274\"><img decoding=\"async\" width=\"300\" height=\"300\" src=\"https:\/\/obera.fr\/wp-content\/uploads\/2023\/09\/dustomat-dry-300x300.png\" alt=\"poromat sz&#xE1;raz\" class=\"wp-image-24355\" style=\"width:auto;height:250px\" srcset=\"https:\/\/obera.fr\/wp-content\/uploads\/2023\/09\/dustomat-dry-300x300.png 300w, https:\/\/obera.fr\/wp-content\/uploads\/2023\/09\/dustomat-dry-150x150.png 150w, https:\/\/obera.fr\/wp-content\/uploads\/2023\/09\/dustomat-dry.png 320w\" sizes=\"(max-width: 300px) 100vw, 300px\" \/><\/a><figcaption class=\"wp-element-caption\">DUSTOMAT DRY<\/figcaption><\/figure>\n<\/div>\n\n\n\n<div class=\"wp-block-column is-layout-flow wp-block-column-is-layout-flow\"><\/div>\n<\/div>\n","protected":false},"excerpt":{"rendered":"<p>Fedezze fel az NA 2.2 nedves porelsz\u00edv\u00f3t a m\u0171helyeiben keletkez\u0151 ragad\u00f3s anyagok \u00e9s sarl\u00f3 hat\u00e1s\u00fa porok felsz\u00edv\u00e1s\u00e1hoz. NA 2.2 nedves porlev\u00e1laszt\u00f3: m\u0171k\u00f6d\u00e9s \u00e9s haszn\u00e1lat A nedves porlev\u00e1laszt\u00f3kban haszn\u00e1lt sz\u0171r\u0151rendszer a centrifug\u00e1lis er\u0151 elv\u00e9n alapul, \u00e9s sz\u0171r\u0151k\u00f6zegk\u00e9nt vizet haszn\u00e1l. Gyakorlatilag a finom r\u00e9szecsk\u00e9kkel \u00e9s porral terhelt leveg\u0151t a be\u00e9p\u00edtett ventil\u00e1tor a porlev\u00e1laszt\u00f3ba gy\u0171jti. Ezut\u00e1n a leveg\u0151t sz\u00f3r\u00f3fejeken kereszt\u00fcl v\u00edzzel tel\u00edtik, ami a port agglomer\u00e1lja \u00e9s k\u00f6nnyebben felfoghat\u00f3v\u00e1 teszi. A r\u00e9szecsk\u00e9k sz\u00e9tv\u00e1laszt\u00e1s\u00e1hoz a leveg\u0151 \u00e9s a v\u00edz nagy sebess\u00e9ggel forog, hogy a r\u00e9szecsk\u00e9ket a porgy\u0171jt\u0151 fal\u00e1hoz dobja (\u00f6rv\u00e9nyelv). A tiszta leveg\u0151t a centrifug\u00e1lis elsz\u00edv\u00f3 ventil\u00e1tor sz\u00edvja el \u00e9s bocs\u00e1tja ki a l\u00e9gk\u00f6rbe. &#8230; <\/p>\n<p class=\"read-more-container\"><a title=\"NA 2.2 : mobil nedves porlev\u00e1laszt\u00f3 berendez\u00e9s\" class=\"read-more button\" href=\"https:\/\/obera.fr\/hu\/produits\/depoussiereurs-industriels\/mobiles\/na-2-2-depoussiereur-a-voie-humide\/#more-84113\" aria-label=\"Read more about NA 2.2 : mobil nedves porlev\u00e1laszt\u00f3 berendez\u00e9s\">Lire la suite<\/a><\/p>\n","protected":false},"author":4,"featured_media":83741,"parent":84101,"menu_order":0,"comment_status":"closed","ping_status":"closed","template":"","meta":{"_acf_changed":false,"_seopress_robots_primary_cat":"","_seopress_titles_title":"","_seopress_titles_desc":"","_seopress_robots_index":"","footnotes":""},"class_list":{"0":"post-84113","1":"page","2":"type-page","3":"status-publish","4":"has-post-thumbnail","6":"no-featured-image-padding","7":"resize-featured-image"},"acf":[],"_links":{"self":[{"href":"https:\/\/obera.fr\/hu\/wp-json\/wp\/v2\/pages\/84113","targetHints":{"allow":["GET"]}}],"collection":[{"href":"https:\/\/obera.fr\/hu\/wp-json\/wp\/v2\/pages"}],"about":[{"href":"https:\/\/obera.fr\/hu\/wp-json\/wp\/v2\/types\/page"}],"author":[{"embeddable":true,"href":"https:\/\/obera.fr\/hu\/wp-json\/wp\/v2\/users\/4"}],"replies":[{"embeddable":true,"href":"https:\/\/obera.fr\/hu\/wp-json\/wp\/v2\/comments?post=84113"}],"version-history":[{"count":7,"href":"https:\/\/obera.fr\/hu\/wp-json\/wp\/v2\/pages\/84113\/revisions"}],"predecessor-version":[{"id":117286,"href":"https:\/\/obera.fr\/hu\/wp-json\/wp\/v2\/pages\/84113\/revisions\/117286"}],"up":[{"embeddable":true,"href":"https:\/\/obera.fr\/hu\/wp-json\/wp\/v2\/pages\/84101"}],"wp:featuredmedia":[{"embeddable":true,"href":"https:\/\/obera.fr\/hu\/wp-json\/wp\/v2\/media\/83741"}],"wp:attachment":[{"href":"https:\/\/obera.fr\/hu\/wp-json\/wp\/v2\/media?parent=84113"}],"curies":[{"name":"wp","href":"https:\/\/api.w.org\/{rel}","templated":true}]}}