{"id":84157,"date":"2020-08-26T12:58:52","date_gmt":"2020-08-26T10:58:52","guid":{"rendered":"https:\/\/obera.fr\/produits\/atex\/clapet-anti-retour\/"},"modified":"2025-06-02T10:43:43","modified_gmt":"2025-06-02T08:43:43","slug":"clapet-anti-retour","status":"publish","type":"page","link":"https:\/\/obera.fr\/hu\/produits\/atex\/clapet-anti-retour\/","title":{"rendered":"ATEX visszacsap\u00f3 szelep"},"content":{"rendered":"\n<div class=\"wp-block-columns is-layout-flex wp-container-core-columns-is-layout-28f84493 wp-block-columns-is-layout-flex\">\n<div class=\"wp-block-column is-layout-flow wp-block-column-is-layout-flow\" style=\"flex-basis:33.33%\">\n<figure class=\"wp-block-image aligncenter size-full\"><img decoding=\"async\" width=\"175\" height=\"175\" src=\"https:\/\/obera.fr\/wp-content\/uploads\/2020\/09\/Clapet-anti-retour-ATEX-1-175x175-1.png\" alt=\"Visszacsap\u00f3 szelep Atex 1 175x175 1\" class=\"wp-image-990\" srcset=\"https:\/\/obera.fr\/wp-content\/uploads\/2020\/09\/Clapet-anti-retour-ATEX-1-175x175-1.png 175w, https:\/\/obera.fr\/wp-content\/uploads\/2020\/09\/Clapet-anti-retour-ATEX-1-175x175-1-150x150.png 150w\" sizes=\"(max-width: 175px) 100vw, 175px\" \/><figcaption class=\"wp-element-caption\">ATEX visszacsap\u00f3 szelep<\/figcaption><\/figure>\n<\/div>\n\n\n\n<div class=\"wp-block-column is-layout-flow wp-block-column-is-layout-flow\" style=\"flex-basis:66.66%\">\n<p><strong>Az ATEX visszacsap\u00f3 szelepek<\/strong> az iparban haszn\u00e1lt biztons\u00e1gi berendez\u00e9sek, amelyek megakad\u00e1lyozz\u00e1k, hogy g\u00e1zok vagy folyad\u00e9kok vissza\u00e1ramoljanak a cs\u00f6vekbe \u00e9s csatorn\u00e1kba. Olyan robban\u00e1svesz\u00e9lyes k\u00f6rnyezetben val\u00f3 haszn\u00e1latra tervezt\u00e9k \u0151ket, ahol a gy\u00fal\u00e9kony g\u00e1zok vagy porok jelenl\u00e9te robban\u00e1st okozhat \u00e9s vesz\u00e9lyeztetheti a munkav\u00e1llal\u00f3k biztons\u00e1g\u00e1t. Az ATEX kifejez\u00e9s a 2014\/34\/EU eur\u00f3pai ir\u00e1nyelvre utal, amely meghat\u00e1rozza a robban\u00e1svesz\u00e9lyes k\u00f6rnyezetben haszn\u00e1lt berendez\u00e9sekre vonatkoz\u00f3 k\u00f6vetelm\u00e9nyeket.  <\/p>\n\n\n\n<p>Az ATEX visszacsap\u00f3 szelepek megfelelnek ennek az ir\u00e1nyelvnek, \u00e9s \u00fagy tervezt\u00e9k \u0151ket, hogy megfeleljenek a legmagasabb szint\u0171 robban\u00e1sv\u00e9delmi biztons\u00e1gi el\u0151\u00edr\u00e1soknak.<\/p>\n\n\n\n<div class=\"wp-block-columns is-layout-flex wp-container-core-columns-is-layout-28f84493 wp-block-columns-is-layout-flex\">\n<div class=\"wp-block-column is-layout-flow wp-block-column-is-layout-flow\" style=\"flex-basis:33.34%\">\n<div class=\"wp-block-buttons is-content-justification-center is-layout-flex wp-container-core-buttons-is-layout-a89b3969 wp-block-buttons-is-layout-flex\">\n<div class=\"wp-block-button\"><a class=\"wp-block-button__link wp-element-button\" href=\"https:\/\/obera.fr\/wp-content\/uploads\/2025\/06\/clapet-anti-retour-atex-en.pdf\" target=\"_blank\" rel=\"noreferrer noopener\">A bros\u00fara let\u00f6lt\u00e9se<\/a><\/div>\n<\/div>\n<\/div>\n\n\n\n<div class=\"wp-block-column is-layout-flow wp-block-column-is-layout-flow\" style=\"flex-basis:33.34%\">\n<div class=\"wp-block-buttons is-horizontal is-content-justification-center is-layout-flex wp-container-core-buttons-is-layout-03627597 wp-block-buttons-is-layout-flex\">\n<div class=\"wp-block-button\"><a class=\"wp-block-button__link wp-element-button\" href=\"https:\/\/obera.fr\/contact\/\">Tudjon meg t\u00f6bbet<\/a><\/div>\n<\/div>\n<\/div>\n\n\n\n<div class=\"wp-block-column is-layout-flow wp-block-column-is-layout-flow\" style=\"flex-basis:33.33%\">\n<div class=\"wp-block-buttons is-content-justification-center is-layout-flex wp-container-core-buttons-is-layout-a89b3969 wp-block-buttons-is-layout-flex\">\n<div class=\"wp-block-button btn-devis-source\"><a class=\"wp-block-button__link wp-element-button\" href=\"https:\/\/obera.fr\/hu\/devis\/\">K\u00e9rjen \u00e1raj\u00e1nlatot<\/a><\/div>\n<\/div>\n\n\n<script>\r\ndocument.addEventListener('DOMContentLoaded', function() {\r\n    \/\/ 1. On cherche le titre H1 de la page\r\n    var h1 = document.querySelector('h1');\r\n    var productTitle = h1 ? h1.innerText.trim() : \"\";\r\n\r\n    \/\/ 2. On cherche les boutons via la classe CSS .btn-devis-source\r\n    var buttons = document.querySelectorAll('.btn-devis-source a');\r\n\r\n    \/\/ 3. Si on a le titre et les boutons, on ajoute le param\u00e8tre\r\n    if (buttons.length > 0 && productTitle !== \"\") {\r\n        var encodedTitle = encodeURIComponent(productTitle);\r\n\r\n        buttons.forEach(function(btn) {\r\n            var currentHref = btn.getAttribute('href');\r\n            \r\n            \/\/ S\u00e9curit\u00e9 pour ne pas ajouter le param\u00e8tre 2 fois\r\n            if (currentHref.indexOf('sujet=') === -1) {\r\n                var separator = currentHref.indexOf('?') !== -1 ? '&' : '?';\r\n                var newLink = currentHref + separator + 'sujet=' + encodedTitle;\r\n                \r\n                btn.setAttribute('href', newLink);\r\n            }\r\n        });\r\n    }\r\n});\r\n<\/script><\/div>\n<\/div>\n<\/div>\n<\/div>\n\n\n\n<h2 class=\"wp-block-heading\">Hogyan m\u0171k\u00f6dik egy ATEX visszacsap\u00f3 szelep<\/h2>\n\n\n\n<p>Az ATEX visszacsap\u00f3 szelepek m\u0171k\u00f6d\u00e9se meglehet\u0151sen egyszer\u0171. Ezeket a cs\u00f6vekbe \u00e9s csatorn\u00e1kba szerelik, hogy megakad\u00e1lyozz\u00e1k a folyad\u00e9kok ellenkez\u0151 ir\u00e1ny\u00fa vissza\u00e1raml\u00e1s\u00e1t.<\/p>\n\n\n\n<p>Az ATEX visszacsap\u00f3 szelepek m\u0171k\u00f6d\u00e9se meglehet\u0151sen egyszer\u0171. Ezek egy h\u00e1zb\u00f3l, egy t\u00e1rcs\u00e1b\u00f3l \u00e9s egy rug\u00f3b\u00f3l \u00e1llnak. A burkolatot a vezet\u00e9kbe vagy a sz\u00e1ll\u00edt\u00f3cs\u0151be szerelik, \u00e9s a lemezt a burkolat belsej\u00e9be helyezik. A rug\u00f3 a t\u00e1rcs\u00e1n tal\u00e1lhat\u00f3, \u00e9s a szelep \u00e1lland\u00f3 nyom\u00e1s\u00e1nak fenntart\u00e1s\u00e1ra szolg\u00e1l. Amikor a folyad\u00e9k a megfelel\u0151 ir\u00e1nyba \u00e1ramlik, a t\u00e1rcsa megemelkedik, \u00e9s a folyad\u00e9k \u00e1thalad a szelepen. Amikor a folyad\u00e9k megpr\u00f3b\u00e1l vissza\u00e1ramolni, a t\u00e1rcsa automatikusan bez\u00e1r\u00f3dik, megakad\u00e1lyozva a folyad\u00e9k vissza\u00e1raml\u00e1s\u00e1t.<\/p>\n\n\n\n<h2 class=\"wp-block-heading\">ATEX visszacsap\u00f3 szelepek haszn\u00e1lata<\/h2>\n\n\n\n<p>Az ATEX visszacsap\u00f3 szelepeket az ipari alkalmaz\u00e1sok sz\u00e9les sk\u00e1l\u00e1j\u00e1n haszn\u00e1lj\u00e1k, bele\u00e9rtve az olaj- \u00e9s g\u00e1zipari, vegyipari, gy\u00f3gyszeripari, \u00e9lelmiszer- \u00e9s italgy\u00e1rt\u00e1si, valamint energiatermel\u00e9si \u00e1gazatokat. Gyakran haszn\u00e1lj\u00e1k cs\u0151rendszerekben a robban\u00e1sok \u00e9s t\u00fczek megel\u0151z\u00e9s\u00e9re, de egyes berendez\u00e9sekben, p\u00e9ld\u00e1ul szelepekben vagy szivatty\u00fakban is alkalmazhat\u00f3k.<\/p>\n\n\n\n<p>Az ATEX visszacsap\u00f3 szelepek k\u00fcl\u00f6n\u00f6sen fontosak azokban az ipar\u00e1gakban, ahol robban\u00e1s- vagy t\u0171zvesz\u00e9ly \u00e1ll fenn. Ha a visszacsap\u00f3 szelep meghib\u00e1sodik vagy meghib\u00e1sodik, gy\u00fal\u00e9kony g\u00e1zok vagy folyad\u00e9kok \u00e1ramolhatnak vissza a rendszerbe, ami nyom\u00e1sn\u00f6veked\u00e9shez \u00e9s esetleges robban\u00e1shoz vagy t\u0171zh\u00f6z vezethet. Az ATEX visszacsap\u00f3 szelepek ez\u00e9rt elengedhetetlenek a munkav\u00e1llal\u00f3k, a berendez\u00e9sek \u00e9s a k\u00f6rnyezet biztons\u00e1g\u00e1nak garant\u00e1l\u00e1s\u00e1hoz ezekben az ipar\u00e1gakban.<\/p>\n\n\n\n<p>A robban\u00e1sok \u00e9s t\u0171zesetek megel\u0151z\u00e9s\u00e9ben val\u00f3 hasznoss\u00e1guk mellett az ATEX visszacsap\u00f3 szelepek m\u00e1s el\u0151ny\u00f6kkel is rendelkeznek a v\u00e1llalatok sz\u00e1m\u00e1ra. P\u00e9ld\u00e1ul cs\u00f6kkenthetik a karbantart\u00e1si k\u00f6lts\u00e9geket a berendez\u00e9sek \u00e9lettartam\u00e1nak meghosszabb\u00edt\u00e1s\u00e1val, az \u00e1ll\u00e1sid\u0151 cs\u00f6kkent\u00e9s\u00e9vel \u00e9s a k\u00f6lts\u00e9ges jav\u00edt\u00e1sok elker\u00fcl\u00e9s\u00e9vel. A nyom\u00e1svesztes\u00e9gek cs\u00f6kkent\u00e9s\u00e9vel \u00e9s a vesz\u00e9lyes term\u00e9kek sziv\u00e1rg\u00e1s\u00e1nak minimaliz\u00e1l\u00e1s\u00e1val az energiahat\u00e9konys\u00e1g jav\u00edt\u00e1s\u00e1hoz is hozz\u00e1j\u00e1rulhatnak.<\/p>\n\n\n\n<p>A potenci\u00e1lisan vesz\u00e9lyes k\u00f6rnyezet miatt, amelyben haszn\u00e1lj\u00e1k \u0151ket, az ATEX visszacsap\u00f3 szelepekre szigor\u00fa el\u0151\u00edr\u00e1sok vonatkoznak, hogy garant\u00e1lj\u00e1k megb\u00edzhat\u00f3s\u00e1gukat \u00e9s biztons\u00e1gukat. A tervez\u00e9si \u00e9s teljes\u00edtm\u00e9nyszabv\u00e1nyokat olyan szervek hat\u00e1rozz\u00e1k meg, mint az Eur\u00f3pai Munkahelyi Biztons\u00e1gi \u00e9s Eg\u00e9szs\u00e9gv\u00e9delmi \u00dcgyn\u00f6ks\u00e9g (EU-OSHA).<\/p>\n\n\n\n<h2 class=\"wp-block-heading\">M\u0171szaki specifik\u00e1ci\u00f3k<\/h2>\n\n\n\n<figure class=\"wp-block-table\"><table class=\"has-fixed-layout\"><tbody><tr><td>Visszacsap\u00f3 szelep<\/td><td>Jellemz\u0151k<\/td><\/tr><tr><td>M\u0171k\u00f6d\u00e9si h\u0151m\u00e9rs\u00e9klet-tartom\u00e1ny<\/td><td>-20\u00b0C Max +40\u00b0C<\/td><\/tr><tr><td>Kst max<\/td><td>200 bar m\/s<\/td><\/tr><tr><td>Maxim\u00e1lis l\u00e9gsebess\u00e9g<\/td><td>30 m\/s<\/td><\/tr><tr><td>Pred max<\/td><td>0,5 bar<\/td><\/tr><tr><td>\u00dczemi nyom\u00e1s<\/td><td>50,000 Pa<\/td><\/tr><tr><td>A v\u00e9delem szintje<\/td><td>St1 (szerves \u00e9s nem f\u00e9mes)<\/td><\/tr><tr><td>Alkalmaz\u00e1si ter\u00fclet<\/td><td>20 &#8211; 21 &#8211; 22 (bel\u00fcl)<br>21 &#8211; 22 (k\u00edv\u00fcl)<\/td><\/tr><\/tbody><\/table><\/figure>\n\n\n\n<div class=\"wp-block-columns is-layout-flex wp-container-core-columns-is-layout-28f84493 wp-block-columns-is-layout-flex\">\n<div class=\"wp-block-column is-vertically-aligned-center is-layout-flow wp-block-column-is-layout-flow\">\n<div class=\"wp-block-buttons is-content-justification-center is-layout-flex wp-container-core-buttons-is-layout-a89b3969 wp-block-buttons-is-layout-flex\">\n<div class=\"wp-block-button\"><a class=\"wp-block-button__link wp-element-button\" href=\"https:\/\/obera.fr\/contact\/\">Szem\u00e9lyre szabott tan\u00e1csad\u00e1sra van sz\u00fcks\u00e9ge?<\/a><\/div>\n<\/div>\n<\/div>\n<\/div>\n\n\n\n<h2 class=\"wp-block-heading\">Az el\u0151ny\u00f6k<\/h2>\n\n\n\n<div class=\"wp-block-columns is-layout-flex wp-container-core-columns-is-layout-28f84493 wp-block-columns-is-layout-flex\">\n<div class=\"wp-block-column is-layout-flow wp-block-column-is-layout-flow\">\n<h3 class=\"wp-block-heading has-text-align-center\"><strong>El\u0151ny\u00f6k<\/strong><\/h3>\n\n\n\n<ul class=\"wp-block-list\">\n<li>Megsz\u00fcnteti a robban\u00e1s terjed\u00e9s\u00e9nek kock\u00e1zat\u00e1t.<\/li>\n\n\n\n<li>Megakad\u00e1lyozza a por visszaf\u00faj\u00e1s\u00e1t a rendszer le\u00e1ll\u00edt\u00e1sakor.<\/li>\n\n\n\n<li>Nagy nyom\u00e1s\u00e1ll\u00f3s\u00e1g<\/li>\n\n\n\n<li>Nincs energiafogyaszt\u00e1s<\/li>\n\n\n\n<li>Teljesen mechanikus, nem ig\u00e9nyel karbantart\u00e1st.<\/li>\n<\/ul>\n<\/div>\n\n\n\n<div class=\"wp-block-column is-layout-flow wp-block-column-is-layout-flow\">\n<h3 class=\"wp-block-heading has-text-align-center\"><strong>K\u00fcl\u00f6nleges jellemz\u0151k<\/strong><\/h3>\n\n\n\n<ul class=\"wp-block-list\">\n<li>Tan\u00fas\u00edtott v\u00e9delmi rendszer<\/li>\n\n\n\n<li>ATEX szabv\u00e1nyok<\/li>\n<\/ul>\n<\/div>\n\n\n\n<div class=\"wp-block-column is-layout-flow wp-block-column-is-layout-flow\">\n<h3 class=\"wp-block-heading has-text-align-center\"><strong>Jellemz\u0151k<\/strong><\/h3>\n\n\n\n<ul class=\"wp-block-list\">\n<li>Termel\u00e9si min\u0151s\u00e9gbiztos\u00edt\u00e1s mellett gy\u00e1rtott berendez\u00e9sek<\/li>\n\n\n\n<li>Kapcsos vagy karim\u00e1s kivitelben kaphat\u00f3.<\/li>\n\n\n\n<li>Alkalmas St1 oszt\u00e1ly\u00fa robban\u00e1svesz\u00e9lyes porok sz\u00e1ll\u00edt\u00e1s\u00e1ra.<\/li>\n<\/ul>\n<\/div>\n<\/div>\n\n\n\n<h2 class=\"wp-block-heading\">Alkalmaz\u00e1sok<\/h2>\n\n\n\n<div class=\"wp-block-columns is-layout-flex wp-container-core-columns-is-layout-28f84493 wp-block-columns-is-layout-flex\">\n<div class=\"wp-block-column is-layout-flow wp-block-column-is-layout-flow\">\n<h3 class=\"wp-block-heading has-text-align-center\">Ipar\u00e1gak<\/h3>\n\n\n\n<hr class=\"wp-block-separator has-css-opacity is-style-wide\"\/>\n\n\n\n<div class=\"wp-block-columns is-layout-flex wp-container-core-columns-is-layout-28f84493 wp-block-columns-is-layout-flex\">\n<div class=\"wp-block-column is-layout-flow wp-block-column-is-layout-flow\">\n<figure class=\"wp-block-image aligncenter size-large\"><img decoding=\"async\" width=\"70\" height=\"70\" src=\"https:\/\/obera.fr\/wp-content\/uploads\/2020\/08\/industrie-metallurgie.jpg\" alt=\"Koh\u00e1szati ipar\" class=\"wp-image-673\"\/><figcaption class=\"wp-element-caption\">Koh\u00e1szat<\/figcaption><\/figure>\n<\/div>\n\n\n\n<div class=\"wp-block-column is-layout-flow wp-block-column-is-layout-flow\">\n<figure class=\"wp-block-image aligncenter size-large\"><img decoding=\"async\" width=\"70\" height=\"70\" src=\"https:\/\/obera.fr\/wp-content\/uploads\/2020\/08\/industrie-agroalimentaire.jpg\" alt=\"\u00c9lelmiszeripar\" class=\"wp-image-727\"\/><figcaption class=\"wp-element-caption\">\u00c9lelmiszeripar<\/figcaption><\/figure>\n<\/div>\n\n\n\n<div class=\"wp-block-column is-layout-flow wp-block-column-is-layout-flow\">\n<figure class=\"wp-block-image aligncenter size-large\"><img decoding=\"async\" width=\"70\" height=\"70\" src=\"https:\/\/obera.fr\/wp-content\/uploads\/2020\/08\/industrie-minerai.jpg\" alt=\"\u00c9rcipar\" class=\"wp-image-724\"\/><figcaption class=\"wp-element-caption\">\u00c1sv\u00e1nyok<\/figcaption><\/figure>\n<\/div>\n\n\n\n<div class=\"wp-block-column is-layout-flow wp-block-column-is-layout-flow\">\n<figure class=\"wp-block-image aligncenter size-large\"><img decoding=\"async\" width=\"70\" height=\"70\" src=\"https:\/\/obera.fr\/wp-content\/uploads\/2020\/08\/industrie-bois.jpg\" alt=\"Faipar\" class=\"wp-image-672\"\/><figcaption class=\"wp-element-caption\">Famegmunk\u00e1l\u00e1s<\/figcaption><\/figure>\n<\/div>\n\n\n\n<div class=\"wp-block-column is-layout-flow wp-block-column-is-layout-flow\">\n<figure class=\"wp-block-image aligncenter size-large\"><img decoding=\"async\" width=\"70\" height=\"70\" src=\"https:\/\/obera.fr\/wp-content\/uploads\/2020\/08\/industrie-papier-carton.jpg\" alt=\"Pap\u00edr- \u00e9s kartonipar\" class=\"wp-image-670\"\/><figcaption class=\"wp-element-caption\">Pap\u00edr\/karton<\/figcaption><\/figure>\n<\/div>\n\n\n\n<div class=\"wp-block-column is-layout-flow wp-block-column-is-layout-flow\">\n<figure class=\"wp-block-image aligncenter size-large\"><img decoding=\"async\" width=\"70\" height=\"70\" src=\"https:\/\/obera.fr\/wp-content\/uploads\/2020\/08\/industrie-textile.jpg\" alt=\"Textilipar\" class=\"wp-image-671\"\/><figcaption class=\"wp-element-caption\">Text\u00edli\u00e1k<\/figcaption><\/figure>\n<\/div>\n<\/div>\n\n\n\n<p><\/p>\n<\/div>\n<\/div>\n","protected":false},"excerpt":{"rendered":"<p>Az ATEX visszacsap\u00f3 szelepek az iparban haszn\u00e1lt biztons\u00e1gi berendez\u00e9sek, amelyek megakad\u00e1lyozz\u00e1k, hogy g\u00e1zok vagy folyad\u00e9kok vissza\u00e1ramoljanak a cs\u00f6vekbe \u00e9s csatorn\u00e1kba. Olyan robban\u00e1svesz\u00e9lyes k\u00f6rnyezetben val\u00f3 haszn\u00e1latra tervezt\u00e9k \u0151ket, ahol a gy\u00fal\u00e9kony g\u00e1zok vagy porok jelenl\u00e9te robban\u00e1st okozhat \u00e9s vesz\u00e9lyeztetheti a munkav\u00e1llal\u00f3k biztons\u00e1g\u00e1t. Az ATEX kifejez\u00e9s a 2014\/34\/EU eur\u00f3pai ir\u00e1nyelvre utal, amely meghat\u00e1rozza a robban\u00e1svesz\u00e9lyes k\u00f6rnyezetben haszn\u00e1lt berendez\u00e9sekre vonatkoz\u00f3 k\u00f6vetelm\u00e9nyeket. Az ATEX visszacsap\u00f3 szelepek megfelelnek ennek az ir\u00e1nyelvnek, \u00e9s \u00fagy tervezt\u00e9k \u0151ket, hogy megfeleljenek a legmagasabb szint\u0171 robban\u00e1sv\u00e9delmi biztons\u00e1gi el\u0151\u00edr\u00e1soknak. Hogyan m\u0171k\u00f6dik egy ATEX visszacsap\u00f3 szelep Az ATEX visszacsap\u00f3 szelepek m\u0171k\u00f6d\u00e9se meglehet\u0151sen egyszer\u0171. Ezeket a cs\u00f6vekbe \u00e9s csatorn\u00e1kba szerelik, hogy megakad\u00e1lyozz\u00e1k a &#8230; <\/p>\n<p class=\"read-more-container\"><a title=\"ATEX visszacsap\u00f3 szelep\" class=\"read-more button\" href=\"https:\/\/obera.fr\/hu\/produits\/atex\/clapet-anti-retour\/#more-84157\" aria-label=\"Read more about ATEX visszacsap\u00f3 szelep\">Lire la suite<\/a><\/p>\n","protected":false},"author":4,"featured_media":83741,"parent":83875,"menu_order":0,"comment_status":"closed","ping_status":"closed","template":"","meta":{"_acf_changed":false,"_seopress_robots_primary_cat":"","_seopress_titles_title":"ATEX visszacsap\u00f3 szelep, amelyet robban\u00e1s\u00e1ll\u00f3nak terveztek","_seopress_titles_desc":"Megakad\u00e1lyozhatj\u00e1k a robban\u00e1s vesz\u00e9lyes hat\u00e1sainak tov\u00e1bbad\u00e1s\u00e1t, \u00e9s elszigetelhetik a robban\u00e1svesz\u00e9lyes poratmoszf\u00e9r\u00e1val rendelkez\u0151 ter\u00fcleteket.","_seopress_robots_index":"","footnotes":""},"class_list":{"0":"post-84157","1":"page","2":"type-page","3":"status-publish","4":"has-post-thumbnail","6":"no-featured-image-padding","7":"resize-featured-image"},"acf":[],"_links":{"self":[{"href":"https:\/\/obera.fr\/hu\/wp-json\/wp\/v2\/pages\/84157","targetHints":{"allow":["GET"]}}],"collection":[{"href":"https:\/\/obera.fr\/hu\/wp-json\/wp\/v2\/pages"}],"about":[{"href":"https:\/\/obera.fr\/hu\/wp-json\/wp\/v2\/types\/page"}],"author":[{"embeddable":true,"href":"https:\/\/obera.fr\/hu\/wp-json\/wp\/v2\/users\/4"}],"replies":[{"embeddable":true,"href":"https:\/\/obera.fr\/hu\/wp-json\/wp\/v2\/comments?post=84157"}],"version-history":[{"count":3,"href":"https:\/\/obera.fr\/hu\/wp-json\/wp\/v2\/pages\/84157\/revisions"}],"predecessor-version":[{"id":105745,"href":"https:\/\/obera.fr\/hu\/wp-json\/wp\/v2\/pages\/84157\/revisions\/105745"}],"up":[{"embeddable":true,"href":"https:\/\/obera.fr\/hu\/wp-json\/wp\/v2\/pages\/83875"}],"wp:featuredmedia":[{"embeddable":true,"href":"https:\/\/obera.fr\/hu\/wp-json\/wp\/v2\/media\/83741"}],"wp:attachment":[{"href":"https:\/\/obera.fr\/hu\/wp-json\/wp\/v2\/media?parent=84157"}],"curies":[{"name":"wp","href":"https:\/\/api.w.org\/{rel}","templated":true}]}}