{"id":84258,"date":"2024-04-05T23:01:46","date_gmt":"2024-04-05T21:01:46","guid":{"rendered":"https:\/\/obera.fr\/produits\/aspirateurs-industriels\/w3-pour-nettoyage-general\/"},"modified":"2025-06-03T11:18:10","modified_gmt":"2025-06-03T09:18:10","slug":"w3-pour-nettoyage-general","status":"publish","type":"page","link":"https:\/\/obera.fr\/hu\/produits\/aspirateurs-industriels\/w3-pour-nettoyage-general\/","title":{"rendered":"W3 ipari porsz\u00edv\u00f3"},"content":{"rendered":"\n<p>A W3 ipari porsz\u00edv\u00f3 nagy teljes\u00edtm\u00e9ny\u0171, k\u00f6nnyen kezelhet\u0151 <a href=\"https:\/\/obera.fr\/hu\/produits\/aspirateurs-industriels\/\" data-type=\"page\" data-id=\"41\">porsz\u00edv\u00f3 megold\u00e1s<\/a>, amely minden ig\u00e9nyhez igaz\u00edthat\u00f3 \u00e1ltal\u00e1nos takar\u00edt\u00e1shoz n\u00e9lk\u00fcl\u00f6zhetetlen.<\/p>\n\n\n\n<h2 class=\"wp-block-heading\">A W3 ipari porsz\u00edv\u00f3 elve \u00e9s alkalmaz\u00e1sa<\/h2>\n\n\n\n<div class=\"wp-block-columns is-layout-flex wp-container-core-columns-is-layout-28f84493 wp-block-columns-is-layout-flex\">\n<div class=\"wp-block-column is-layout-flow wp-block-column-is-layout-flow\" style=\"flex-basis:33.33%\">\n<figure class=\"wp-block-image aligncenter size-full is-resized\"><img decoding=\"async\" width=\"658\" height=\"652\" src=\"https:\/\/obera.fr\/wp-content\/uploads\/2024\/10\/w3.png\" alt=\"Ipari porsz\u00edv\u00f3k\" class=\"wp-image-35427\" style=\"object-fit:cover;width:300px;height:300px\" srcset=\"https:\/\/obera.fr\/wp-content\/uploads\/2024\/10\/w3.png 658w, https:\/\/obera.fr\/wp-content\/uploads\/2024\/10\/w3-300x297.png 300w, https:\/\/obera.fr\/wp-content\/uploads\/2024\/10\/w3-150x150.png 150w, https:\/\/obera.fr\/wp-content\/uploads\/2024\/10\/w3-24x24.png 24w, https:\/\/obera.fr\/wp-content\/uploads\/2024\/10\/w3-48x48.png 48w, https:\/\/obera.fr\/wp-content\/uploads\/2024\/10\/w3-96x96.png 96w\" sizes=\"(max-width: 658px) 100vw, 658px\" \/><\/figure>\n<\/div>\n\n\n\n<div class=\"wp-block-column is-layout-flow wp-block-column-is-layout-flow\" style=\"flex-basis:66.66%\">\n<p>A<strong>W3 ipari porsz\u00edv\u00f3<\/strong> sokoldal\u00fas\u00e1g\u00e1r\u00f3l \u00e9s csendes m\u0171k\u00f6d\u00e9s\u00e9r\u0151l h\u00edres. H\u00e1rom nagy teljes\u00edtm\u00e9ny\u0171 by-pass motorral rendelkezik, amelyek besz\u00edvj\u00e1k a leveg\u0151t, \u00e9s k\u00e9t \u00e1raml\u00e1sra osztj\u00e1k: az egyik \u00e1raml\u00e1s a motor h\u0171t\u00e9s\u00e9re, a m\u00e1sik a por \u00e9s a szil\u00e1rd anyagok kisz\u00edv\u00e1s\u00e1ra szolg\u00e1l. Ez a sz\u00edv\u00f3rendszer nemcsak a motor elt\u00f6m\u0151d\u00e9s\u00e9t akad\u00e1lyozza meg, hanem a finom r\u00e9szecsk\u00e9ket is visszatartja az\u00e1ltal, hogy a l\u00e9g\u00e1ramot a porsz\u0171r\u0151n kereszt\u00fcl vezeti. A W3 sorozat\u00fa by-pass motorok nagy sz\u00edv\u00f3teljes\u00edtm\u00e9nyt, kevesebb karbantart\u00e1st \u00e9s hosszabb \u00e9lettartamot biztos\u00edtanak a berendez\u00e9snek (kisebb a t\u00falmeleged\u00e9s \u00e9s az elt\u00f6m\u0151d\u00e9s kock\u00e1zata).   <\/p>\n\n\n\n<p>Mire val\u00f3? A sokoldal\u00fa, mozg\u00e9kony \u00e9s praktikus W3 egyf\u00e1zis\u00fa porsz\u00edv\u00f3 ide\u00e1lis az \u00e1ltal\u00e1nos takar\u00edt\u00e1shoz: padl\u00f3, falak, \u00e9p\u00edtkez\u00e9sek, m\u0171helyek, gy\u00e1rt\u00f3g\u00e9pek stb. tiszt\u00edt\u00e1s\u00e1ra. Kiv\u00e1l\u00f3 v\u00e1laszt\u00e1s a finom por \u00e9s az allerg\u00e9n r\u00e9szecsk\u00e9k felsz\u00edv\u00e1s\u00e1ra is. Kialak\u00edt\u00e1s\u00e1nak \u00e9s a testreszab\u00e1si lehet\u0151s\u00e9gek sz\u00e9les sk\u00e1l\u00e1j\u00e1nak k\u00f6sz\u00f6nhet\u0151en k\u00f6nnyen alkalmazkodik az ipar minden \u00e1gazat\u00e1hoz. K\u00fcl\u00f6n\u00f6sen hat\u00e9kony a por \u00e9s a szil\u00e1rd anyagok elsz\u00edv\u00e1s\u00e1ra g\u00e9p\u00e9szeti m\u0171helyekben, \u00e9lelmiszer-feldolgoz\u00f3 \u00fczemekben, asztalosm\u0171helyekben, k\u00e9zm\u0171ves m\u0171helyekben, homokf\u00fav\u00e1sban, cementgy\u00e1rakban \u00e9s fel\u00fcletkezel\u00e9sben.   <\/p>\n\n\n\n<div class=\"wp-block-columns is-layout-flex wp-container-core-columns-is-layout-28f84493 wp-block-columns-is-layout-flex\">\n<div class=\"wp-block-column is-layout-flow wp-block-column-is-layout-flow\">\n<div class=\"wp-block-buttons is-layout-flex wp-block-buttons-is-layout-flex\">\n<div class=\"wp-block-button\"><a class=\"wp-block-button__link wp-element-button\" href=\"https:\/\/obera.fr\/wp-content\/uploads\/2025\/06\/brochure-w3-en.pdf\">A BROS\u00daRA LET\u00d6LT\u00c9SE<\/a><\/div>\n<\/div>\n<\/div>\n\n\n\n<div class=\"wp-block-column is-layout-flow wp-block-column-is-layout-flow\">\n<div class=\"wp-block-buttons is-layout-flex wp-block-buttons-is-layout-flex\">\n<div class=\"wp-block-button\"><a class=\"wp-block-button__link wp-element-button\" href=\"https:\/\/obera.fr\/contact\/\">SZEM\u00c9LYRE SZABOTT TAN\u00c1CSAD\u00c1SRA VAN SZ\u00dcKS\u00c9GE?<\/a><\/div>\n<\/div>\n<\/div>\n\n\n\n<div class=\"wp-block-column is-layout-flow wp-block-column-is-layout-flow\">\n<div class=\"wp-block-buttons is-content-justification-center is-layout-flex wp-container-core-buttons-is-layout-a89b3969 wp-block-buttons-is-layout-flex\">\n<div class=\"wp-block-button btn-devis-source\"><a class=\"wp-block-button__link wp-element-button\" href=\"https:\/\/obera.fr\/hu\/devis\/\">K\u00e9rjen \u00e1raj\u00e1nlatot<\/a><\/div>\n<\/div>\n\n\n<script>\r\ndocument.addEventListener('DOMContentLoaded', function() {\r\n    \/\/ 1. On cherche le titre H1 de la page\r\n    var h1 = document.querySelector('h1');\r\n    var productTitle = h1 ? h1.innerText.trim() : \"\";\r\n\r\n    \/\/ 2. On cherche les boutons via la classe CSS .btn-devis-source\r\n    var buttons = document.querySelectorAll('.btn-devis-source a');\r\n\r\n    \/\/ 3. Si on a le titre et les boutons, on ajoute le param\u00e8tre\r\n    if (buttons.length > 0 && productTitle !== \"\") {\r\n        var encodedTitle = encodeURIComponent(productTitle);\r\n\r\n        buttons.forEach(function(btn) {\r\n            var currentHref = btn.getAttribute('href');\r\n            \r\n            \/\/ S\u00e9curit\u00e9 pour ne pas ajouter le param\u00e8tre 2 fois\r\n            if (currentHref.indexOf('sujet=') === -1) {\r\n                var separator = currentHref.indexOf('?') !== -1 ? '&' : '?';\r\n                var newLink = currentHref + separator + 'sujet=' + encodedTitle;\r\n                \r\n                btn.setAttribute('href', newLink);\r\n            }\r\n        });\r\n    }\r\n});\r\n<\/script><\/div>\n<\/div>\n<\/div>\n<\/div>\n\n\n\n<h2 class=\"wp-block-heading\">\u00c1ltal\u00e1nos takar\u00edt\u00e1s: a W3 porsz\u00edv\u00f3 jellemz\u0151i<\/h2>\n\n\n\n<p>A W3 ipari porsz\u00edv\u00f3 k\u00e9t v\u00e1ltozatban kaphat\u00f3. A 65 literes v\u00e1ltozatban 3 egyf\u00e1zis\u00fa, 1,1 kW-os, a 100 literes v\u00e1ltozatban pedig 1,3 kW-os motorral van felszerelve. Ez a m\u0171szaki saj\u00e1toss\u00e1g teszi a g\u00e9pet k\u00fcl\u00f6n\u00f6sen hat\u00e9konny\u00e1 a nagy fajs\u00faly\u00fa anyagok (kavics, homok, sz\u00f6gek, csavarok, \u00fcvegt\u00f6rmel\u00e9k) felsz\u00edv\u00e1s\u00e1ra. A porsz\u00edv\u00f3 maxim\u00e1lis v\u00e1kuum\u00e9rt\u00e9ke 2400 \u00e9s 3600 Pa k\u00f6z\u00f6tt van, a maxim\u00e1lis \u00e1raml\u00e1si sebess\u00e9g pedig 540 m3\/h \u00e9s 450 m3\/h k\u00f6z\u00f6tt van, a v\u00e1lasztott v\u00e1ltozatt\u00f3l f\u00fcgg\u0151en.<\/p>\n\n\n\n<p>A W3 ipari porsz\u00edv\u00f3 3 by-pass motorja ellen\u00e9re csendes. A sz\u00edv\u00f3egys\u00e9g hangszigetelt, hogy a zajszintet minim\u00e1lisra cs\u00f6kkentse.<\/p>\n\n\n\n<p>A robusztus sz\u00edv\u00f3eszk\u00f6z t\u00f6m\u00f6r ac\u00e9l fejjel rendelkezik. A sz\u0171r\u0151egys\u00e9g (sz\u0171r\u0151kamra), a kerekes t\u00e1lca \u00e9s az alv\u00e1z szint\u00e9n rozsdamentes ac\u00e9lb\u00f3l k\u00e9sz\u00fcl.  <\/p>\n\n\n\n<p>V\u00e9g\u00fcl a sz\u0171r\u0151egys\u00e9get egy poli\u00e9szter zs\u00e1kos sz\u0171r\u0151vel l\u00e1tj\u00e1k el a v\u00e9delem \u00e9s a magas porvisszatart\u00e1s \u00e9rdek\u00e9ben. A nagy, 2 m2-es fel\u00fclet \u00e9s a magas sz\u0171r\u00e9si hat\u00e9konys\u00e1g (3 mikron) garant\u00e1lja a t\u00e1voz\u00f3 leveg\u0151 tisztas\u00e1g\u00e1t is.<\/p>\n\n\n\n<p>A W3 porsz\u00edv\u00f3 a profi takar\u00edt\u00f3knak sz\u00e1nt tartoz\u00e9kokat tartalmaz: rugalmas sz\u00edv\u00f3t\u00f6ml\u0151, kef\u00e9k, r\u00e9sszersz\u00e1m stb.<\/p>\n\n\n\n<blockquote class=\"wp-block-quote is-layout-flow wp-block-quote-is-layout-flow\">\n<p>Kaphat\u00f3 v\u00e1ltozatok: a W3 ipari porsz\u00edv\u00f3 k\u00e9t v\u00e1ltozatban kaphat\u00f3! Az egyik 65 literes, a m\u00e1sik 100 literes. 3 egyf\u00e1zis\u00fa, h\u00e1romfokozat\u00fa motorral is kaphat\u00f3, hogy a nagy fajs\u00faly\u00fa anyagok sz\u00edv\u00e1s\u00e1t is kezelni tudja.<\/p>\n<\/blockquote>\n\n\n\n<h3 class=\"wp-block-heading has-text-align-center\">Opcion\u00e1lis<\/h3>\n\n\n\n<div class=\"wp-block-columns is-layout-flex wp-container-core-columns-is-layout-28f84493 wp-block-columns-is-layout-flex\">\n<div class=\"wp-block-column is-layout-flow wp-block-column-is-layout-flow\" style=\"flex-basis:50%\">\n<ul class=\"wp-block-list\">\n<li>Nomex sz\u0171r\u0151 &#8211; 250\u00b0-ig h\u0151\u00e1ll\u00f3;<\/li>\n\n\n\n<li>Hepa H14 abszol\u00fat sz\u0171r\u0151 ;<\/li>\n\n\n\n<li>M oszt\u00e1ly\u00fa PTFE sz\u0171r\u0151 ;<\/li>\n\n\n\n<li>M oszt\u00e1ly\u00fa v\u00edz-oleof\u00f3b teflon sz\u0171r\u0151 ;  <\/li>\n\n\n\n<li>M oszt\u00e1ly\u00fa antisztatikus sz\u0171r\u0151 ;<\/li>\n<\/ul>\n<\/div>\n\n\n\n<div class=\"wp-block-column is-layout-flow wp-block-column-is-layout-flow\" style=\"flex-basis:50%\">\n<ul class=\"wp-block-list\">\n<li>Rozsdamentes ac\u00e9l tart\u00e1ly \u00e9s sz\u0171r\u0151kamra;<\/li>\n\n\n\n<li>F\u00f6ldel\u00e9s ;<\/li>\n\n\n\n<li>Grillezett kos\u00e1r \u00fcr\u00edt\u0151szeleppel \u00e9s szintjelz\u0151vel ;<\/li>\n\n\n\n<li>Zs\u00e1kol\u00f3 kont\u00e9ner hossz\u00fa sz\u0151nyeg 20mt ;<\/li>\n\n\n\n<li>Ciklon a sz\u0171r\u0151 v\u00e9delm\u00e9re.<\/li>\n<\/ul>\n<\/div>\n<\/div>\n\n\n\n<h3 class=\"wp-block-heading has-text-align-center\">INDUSTRIES<\/h3>\n\n\n\n<div class=\"wp-block-columns is-layout-flex wp-container-core-columns-is-layout-28f84493 wp-block-columns-is-layout-flex\">\n<div class=\"wp-block-column is-layout-flow wp-block-column-is-layout-flow\">\n<hr class=\"wp-block-separator has-alpha-channel-opacity\"\/>\n\n\n\n<div class=\"wp-block-columns is-layout-flex wp-container-core-columns-is-layout-28f84493 wp-block-columns-is-layout-flex\">\n<div class=\"wp-block-column is-layout-flow wp-block-column-is-layout-flow\">\n<figure class=\"wp-block-image aligncenter size-thumbnail is-resized\"><img decoding=\"async\" width=\"150\" height=\"150\" src=\"https:\/\/obera.fr\/wp-content\/uploads\/2022\/02\/Textile-150x150.png\" alt=\"textil\" class=\"wp-image-8855\"\/><figcaption class=\"wp-element-caption\">Text\u00edli\u00e1k<\/figcaption><\/figure>\n\n\n\n<figure class=\"wp-block-image aligncenter size-thumbnail is-resized\"><img decoding=\"async\" width=\"150\" height=\"150\" src=\"https:\/\/obera.fr\/wp-content\/uploads\/2022\/02\/Plastique-150x150.png\" alt=\"m\u0171anyag\" class=\"wp-image-8854\"\/><figcaption class=\"wp-element-caption\">M\u0171anyag<\/figcaption><\/figure>\n<\/div>\n\n\n\n<div class=\"wp-block-column is-layout-flow wp-block-column-is-layout-flow\">\n<figure class=\"wp-block-image aligncenter size-thumbnail is-resized\"><img decoding=\"async\" width=\"150\" height=\"150\" src=\"https:\/\/obera.fr\/wp-content\/uploads\/2022\/02\/MINERAIS-150x150.png\" alt=\"\u00e9rcek\" class=\"wp-image-8847\"\/><figcaption class=\"wp-element-caption\">\u00c1sv\u00e1nyok<\/figcaption><\/figure>\n\n\n\n<figure class=\"wp-block-image aligncenter size-thumbnail is-resized\"><img decoding=\"async\" width=\"150\" height=\"150\" src=\"https:\/\/obera.fr\/wp-content\/uploads\/2022\/02\/Metalurgie-150x150.png\" alt=\"koh\u00e1szat\" class=\"wp-image-8857\"\/><figcaption class=\"wp-element-caption\">Koh\u00e1szat<\/figcaption><\/figure>\n\n\n\n<figure class=\"wp-block-image aligncenter size-thumbnail is-resized\"><img decoding=\"async\" width=\"150\" height=\"150\" src=\"https:\/\/obera.fr\/wp-content\/uploads\/2023\/02\/sans-titre-2023-02-14t102211.641-150x150.png\" alt=\"Mez\u0151gazdas\u00e1g\" class=\"wp-image-18828\"\/><figcaption class=\"wp-element-caption\">Mez\u0151gazdas\u00e1g<\/figcaption><\/figure>\n<\/div>\n<\/div>\n<\/div>\n\n\n\n<div class=\"wp-block-column is-layout-flow wp-block-column-is-layout-flow\">\n<hr class=\"wp-block-separator has-alpha-channel-opacity\"\/>\n\n\n\n<div class=\"wp-block-columns is-layout-flex wp-container-core-columns-is-layout-28f84493 wp-block-columns-is-layout-flex\">\n<div class=\"wp-block-column is-layout-flow wp-block-column-is-layout-flow\">\n<figure class=\"wp-block-image aligncenter size-thumbnail is-resized\"><img decoding=\"async\" width=\"150\" height=\"150\" src=\"https:\/\/obera.fr\/wp-content\/uploads\/2022\/02\/Chimie-150x150.png\" alt=\"k\u00e9mia\" class=\"wp-image-8846\"\/><figcaption class=\"wp-element-caption\">K\u00e9mia<\/figcaption><\/figure>\n\n\n\n<figure class=\"wp-block-image aligncenter size-thumbnail is-resized\"><img decoding=\"async\" width=\"150\" height=\"150\" src=\"https:\/\/obera.fr\/wp-content\/uploads\/2022\/02\/Travail-du-bois-150x150.png\" alt=\"famegmunk\u00e1l\u00e1s\" class=\"wp-image-8856\"\/><figcaption class=\"wp-element-caption\">Famegmunk\u00e1l\u00e1s<\/figcaption><\/figure>\n\n\n\n<figure class=\"wp-block-image aligncenter size-thumbnail is-resized\"><img decoding=\"async\" width=\"150\" height=\"150\" src=\"https:\/\/obera.fr\/wp-content\/uploads\/2023\/02\/sans-titre-2023-02-14t101920.185-150x150.png\" alt=\"L\u00e9gik\u00f6zleked\u00e9s\" class=\"wp-image-18831\"\/><figcaption class=\"wp-element-caption\">L\u00e9gik\u00f6zleked\u00e9s<\/figcaption><\/figure>\n<\/div>\n\n\n\n<div class=\"wp-block-column is-layout-flow wp-block-column-is-layout-flow\">\n<figure class=\"wp-block-image aligncenter size-thumbnail is-resized\"><img decoding=\"async\" width=\"150\" height=\"150\" src=\"https:\/\/obera.fr\/wp-content\/uploads\/2022\/02\/AGROALIMENTAIRE-150x150.png\" alt=\"agr\u00e1r-\u00e9lelmiszeripar\" class=\"wp-image-8844\"\/><figcaption class=\"wp-element-caption\">\u00c9lelmiszeripar<\/figcaption><\/figure>\n\n\n\n<figure class=\"wp-block-image aligncenter size-thumbnail is-resized\"><img decoding=\"async\" width=\"150\" height=\"150\" src=\"https:\/\/obera.fr\/wp-content\/uploads\/2022\/02\/Papier-carton-150x150.png\" alt=\"pap\u00edr \u00e9s karton\" class=\"wp-image-8853\"\/><figcaption class=\"wp-element-caption\">Pap\u00edr\/karton<\/figcaption><\/figure>\n\n\n\n<figure class=\"wp-block-image aligncenter size-thumbnail is-resized\"><img decoding=\"async\" width=\"150\" height=\"150\" src=\"https:\/\/obera.fr\/wp-content\/uploads\/2023\/02\/sans-titre-2023-02-14t101712.416-150x150.png\" alt=\"Aut\u00f3ipar\" class=\"wp-image-18834\"\/><figcaption class=\"wp-element-caption\">Aut\u00f3ipar<\/figcaption><\/figure>\n<\/div>\n<\/div>\n<\/div>\n<\/div>\n\n\n\n<figure class=\"wp-block-table\"><table class=\"has-fixed-layout\"><tbody><tr><td>Fesz\u00fclts\u00e9g<\/td><td>V-HZ<\/td><td>230<\/td><td>230-50<\/td><\/tr><tr><td>Teljes\u00edtm\u00e9ny<\/td><td>kW<\/td><td>3&#215;1.1<\/td><td>3&#215;1.3<\/td><\/tr><tr><td>Maxim\u00e1lis depresszi\u00f3<\/td><td>Pa<\/td><td>2,400 Pa<\/td><td>3,600 Pa<\/td><\/tr><tr><td>Maxim\u00e1lis l\u00e9g\u00e1raml\u00e1s<\/td><td>m3\/h<\/td><td>540<\/td><td>450<\/td><\/tr><tr><td>Sz\u00e1jr\u00e9sz \u00e1tm\u00e9r\u0151je<\/td><td>mm<\/td><td>80<\/td><td>80<\/td><\/tr><tr><td>Sz\u0171r\u0151 t\u00edpusa<\/td><td><\/td><td>Csillag zsebekkel<\/td><td>Csillag zsebekkel<\/td><\/tr><tr><td>Fel\u00fclet<\/td><td>cm2<\/td><td>20.000<\/td><td>20.000<\/td><\/tr><tr><td>Tiszt\u00edt\u00f3rendszer<\/td><td><\/td><td>Manuel<\/td><td>Manuel<\/td><\/tr><tr><td>Betakar\u00edt\u00e1si tart\u00e1ly<\/td><td><\/td><td>Ac\u00e9l<\/td><td>Ac\u00e9l<\/td><\/tr><tr><td>V\u00edzelvezet\u0151 rendszer<\/td><td><\/td><td>Kivehet\u0151 szemetes<\/td><td>Kivehet\u0151 szemetes<\/td><\/tr><tr><td>Kapacit\u00e1s<\/td><td>liter<\/td><td>65\/100<\/td><td>65\/100<\/td><\/tr><tr><td>M\u00e9retek<\/td><td>cm<\/td><td>58x60x135cm<\/td><td>58x60x145cm<\/td><\/tr><tr><td>Sz\u0171r\u0151berendez\u00e9sek &#8211; oszt\u00e1ly<\/td><td><\/td><td><\/td><td>Polyester-L<\/td><\/tr><\/tbody><\/table><\/figure>\n\n\n\n<div class=\"wp-block-buttons is-content-justification-center is-layout-flex wp-container-core-buttons-is-layout-a89b3969 wp-block-buttons-is-layout-flex\">\n<div class=\"wp-block-button\"><a class=\"wp-block-button__link wp-element-button\" href=\"https:\/\/obera.fr\/wp-content\/uploads\/2024\/04\/obera_brochure-w3-fr.pdf\">TERM\u00c9K ADATLAP LET\u00d6LT\u00c9SE<\/a><\/div>\n<\/div>\n\n\n\n<h2 class=\"wp-block-heading\">A W3 porsz\u00edv\u00f3 el\u0151nyei<\/h2>\n\n\n\n<p>A W3 sorozat k\u00fcl\u00f6n\u00f6sen n\u00e9pszer\u0171 a k\u00f6nny\u0171 kezelhet\u0151s\u00e9ge miatt. Mindent \u00fagy tervezt\u00fcnk, hogy a lehet\u0151 legjobban leegyszer\u0171s\u00edts\u00fck az \u00fczemeltet\u0151 \u00e1ltal\u00e1nos takar\u00edt\u00e1si szolg\u00e1ltat\u00e1s\u00e1t. A sz\u0171r\u0151 esetleges tel\u00edt\u0151d\u00e9s\u00e9nek \u00e9szlel\u00e9s\u00e9re v\u00e1kuumm\u00e9r\u0151vel \u00e9s jelz\u0151l\u00e1mp\u00e1val rendelkezik. A motorfejen k\u00e9t foganty\u00fa tal\u00e1lhat\u00f3 a sz\u0171r\u0151 cser\u00e9jekor t\u00f6rt\u00e9n\u0151 k\u00f6nny\u0171 felemel\u00e9s \u00e9rdek\u00e9ben. Az egyf\u00e1zis\u00fa porsz\u00edv\u00f3 k\u00e9zi dugul\u00e1selh\u00e1r\u00edt\u00f3 rendszerrel is rendelkezik, amely egy gombnyom\u00e1ssal aktiv\u00e1lhat\u00f3, \u00edgy a fel\u00fcletet kezel\u0151k maxim\u00e1lis porsz\u00edv\u00f3teljes\u00edtm\u00e9nyt \u00e9lvezhetnek.<\/p>\n\n\n\n<div class=\"wp-block-columns is-layout-flex wp-container-core-columns-is-layout-28f84493 wp-block-columns-is-layout-flex\">\n<div class=\"wp-block-column is-layout-flow wp-block-column-is-layout-flow\" style=\"flex-basis:33.34%\">\n<h3 class=\"wp-block-heading\">El\u0151ny\u00f6k :<\/h3>\n\n\n\n<ul class=\"wp-block-list\">\n<li>V\u00e1kuumm\u00e9r\u0151 jelz\u0151f\u00e9nnyel a sz\u0171r\u0151 tel\u00edt\u0151d\u00e9s\u00e9nek el\u0151rejelz\u00e9s\u00e9re;<\/li>\n\n\n\n<li>Lefel\u00e9 ir\u00e1nyul\u00f3 l\u00e9gki\u00e1raml\u00e1s ;<\/li>\n\n\n\n<li>Kompakt, mobil \u00e9s k\u00f6nnyen kezelhet\u0151;<\/li>\n\n\n\n<li>Sokoldal\u00fa \u00e9s csendes.<\/li>\n<\/ul>\n<\/div>\n\n\n\n<div class=\"wp-block-column is-layout-flow wp-block-column-is-layout-flow\" style=\"flex-basis:33.34%\">\n<h3 class=\"wp-block-heading\">K\u00fcl\u00f6nlegess\u00e9gek:<\/h3>\n\n\n\n<ul class=\"wp-block-list\">\n<li>H\u00e1rom egyf\u00e1zis\u00fa s\u00f6ntmotor f\u00fcggetlen kapcsol\u00f3kkal;<\/li>\n\n\n\n<li>Poli\u00e9szter csillagsz\u0171r\u0151 ;<\/li>\n\n\n\n<li>Sz\u0171r\u0151k sz\u00e9les v\u00e1laszt\u00e9ka \u00e1ll rendelkez\u00e9sre.<\/li>\n<\/ul>\n<\/div>\n\n\n\n<div class=\"wp-block-column is-layout-flow wp-block-column-is-layout-flow\" style=\"flex-basis:33.33%\">\n<h3 class=\"wp-block-heading\">Jellemz\u0151k :<\/h3>\n\n\n\n<ul class=\"wp-block-list\">\n<li>65 literes vagy 100 literes v\u00e1ltozatban kaphat\u00f3;<\/li>\n\n\n\n<li>3 fokozat\u00fa v\u00e1ltozat is el\u00e9rhet\u0151;<\/li>\n\n\n\n<li>A sz\u00edv\u00f3egys\u00e9g v\u00e9delme a csillagsz\u0171r\u0151vel (poli\u00e9szter).<\/li>\n<\/ul>\n<\/div>\n<\/div>\n\n\n\n<h2 class=\"wp-block-heading\">Az egyf\u00e1zis\u00fa ipari porsz\u00edv\u00f3 tesztel\u00e9se \u00e1ltal\u00e1nos tiszt\u00edt\u00e1shoz<\/h2>\n\n\n\n<p>Teljes k\u00f6r\u0171 tesztet k\u00edn\u00e1lunk az \u00d6n m\u0171helyeiben, \u00e1tlagosan 1 h\u00f3napos v\u00e1s\u00e1rl\u00e1si lehet\u0151s\u00e9ggel.<\/p>\n\n\n\n<div class=\"wp-block-buttons is-content-justification-center is-layout-flex wp-container-core-buttons-is-layout-a89b3969 wp-block-buttons-is-layout-flex\">\n<div class=\"wp-block-button\"><a class=\"wp-block-button__link wp-element-button\" href=\"https:\/\/obera.fr\/hu\/contact\/\">TESZTELJE A W2 PORSZ\u00cdV\u00d3T<\/a><\/div>\n<\/div>\n\n\n\n<h2 class=\"wp-block-heading\">Egy\u00e9b ipari porsz\u00edv\u00f3k a k\u00edn\u00e1latban<\/h2>\n\n\n\n<div class=\"wp-block-columns is-layout-flex wp-container-core-columns-is-layout-28f84493 wp-block-columns-is-layout-flex\">\n<div class=\"wp-block-column is-layout-flow wp-block-column-is-layout-flow\">\n<figure class=\"wp-block-image aligncenter size-full is-resized\"><a href=\"https:\/\/obera.fr\/produits\/aspirateurs-industriels\/w2-xr-atex-22\/\"><img decoding=\"async\" width=\"566\" height=\"671\" src=\"https:\/\/obera.fr\/wp-content\/uploads\/2024\/10\/w2-xr-2.png\" alt=\"Ipari porsz\u00edv\u00f3k\" class=\"wp-image-35431\" style=\"object-fit:cover;width:300px;height:300px\" srcset=\"https:\/\/obera.fr\/wp-content\/uploads\/2024\/10\/w2-xr-2.png 566w, https:\/\/obera.fr\/wp-content\/uploads\/2024\/10\/w2-xr-2-253x300.png 253w\" sizes=\"(max-width: 566px) 100vw, 566px\" \/><\/a><figcaption class=\"wp-element-caption\">W2 XR<\/figcaption><\/figure>\n<\/div>\n\n\n\n<div class=\"wp-block-column is-layout-flow wp-block-column-is-layout-flow\">\n<figure class=\"wp-block-image aligncenter size-full is-resized\"><a href=\"https:\/\/obera.fr\/produits\/aspirateurs-industriels\/w2-haute-filtration-polyvalence\/\"><img decoding=\"async\" width=\"711\" height=\"622\" src=\"https:\/\/obera.fr\/wp-content\/uploads\/2024\/10\/w2.png\" alt=\"Ipari porsz\u00edv\u00f3k\" class=\"wp-image-35424\" style=\"width:343px;height:auto\" srcset=\"https:\/\/obera.fr\/wp-content\/uploads\/2024\/10\/w2.png 711w, https:\/\/obera.fr\/wp-content\/uploads\/2024\/10\/w2-300x262.png 300w\" sizes=\"(max-width: 711px) 100vw, 711px\" \/><\/a><figcaption class=\"wp-element-caption\">W2<\/figcaption><\/figure>\n<\/div>\n\n\n\n<div class=\"wp-block-column is-layout-flow wp-block-column-is-layout-flow\">\n<figure class=\"wp-block-image aligncenter size-full is-resized\"><a href=\"https:\/\/obera.fr\/produits\/aspirateurs-industriels\/ventilateurs-aspiration-gamme-eurosog-rg-100-800\/\"><img decoding=\"async\" width=\"600\" height=\"600\" src=\"https:\/\/obera.fr\/wp-content\/uploads\/2024\/04\/obera-ventilateur-aspiration-rg-300-400.jpg\" alt=\"obera sz\u00edv\u00f3ventil\u00e1tor rg 300 400\" class=\"wp-image-29437\" style=\"object-fit:cover;width:300px;height:300px\" srcset=\"https:\/\/obera.fr\/wp-content\/uploads\/2024\/04\/obera-ventilateur-aspiration-rg-300-400.jpg 600w, https:\/\/obera.fr\/wp-content\/uploads\/2024\/04\/obera-ventilateur-aspiration-rg-300-400-300x300.jpg 300w, https:\/\/obera.fr\/wp-content\/uploads\/2024\/04\/obera-ventilateur-aspiration-rg-300-400-150x150.jpg 150w\" sizes=\"(max-width: 600px) 100vw, 600px\" \/><\/a><figcaption class=\"wp-element-caption\">RG 300\/400<\/figcaption><\/figure>\n<\/div>\n<\/div>\n","protected":false},"excerpt":{"rendered":"<p>A W3 ipari porsz\u00edv\u00f3 nagy teljes\u00edtm\u00e9ny\u0171, k\u00f6nnyen kezelhet\u0151 porsz\u00edv\u00f3 megold\u00e1s, amely minden ig\u00e9nyhez igaz\u00edthat\u00f3 \u00e1ltal\u00e1nos takar\u00edt\u00e1shoz n\u00e9lk\u00fcl\u00f6zhetetlen. A W3 ipari porsz\u00edv\u00f3 elve \u00e9s alkalmaz\u00e1sa AW3 ipari porsz\u00edv\u00f3 sokoldal\u00fas\u00e1g\u00e1r\u00f3l \u00e9s csendes m\u0171k\u00f6d\u00e9s\u00e9r\u0151l h\u00edres. H\u00e1rom nagy teljes\u00edtm\u00e9ny\u0171 by-pass motorral rendelkezik, amelyek besz\u00edvj\u00e1k a leveg\u0151t, \u00e9s k\u00e9t \u00e1raml\u00e1sra osztj\u00e1k: az egyik \u00e1raml\u00e1s a motor h\u0171t\u00e9s\u00e9re, a m\u00e1sik a por \u00e9s a szil\u00e1rd anyagok kisz\u00edv\u00e1s\u00e1ra szolg\u00e1l. Ez a sz\u00edv\u00f3rendszer nemcsak a motor elt\u00f6m\u0151d\u00e9s\u00e9t akad\u00e1lyozza meg, hanem a finom r\u00e9szecsk\u00e9ket is visszatartja az\u00e1ltal, hogy a l\u00e9g\u00e1ramot a porsz\u0171r\u0151n kereszt\u00fcl vezeti. A W3 sorozat\u00fa by-pass motorok nagy sz\u00edv\u00f3teljes\u00edtm\u00e9nyt, kevesebb karbantart\u00e1st \u00e9s hosszabb \u00e9lettartamot biztos\u00edtanak a berendez\u00e9snek &#8230; <\/p>\n<p class=\"read-more-container\"><a title=\"W3 ipari porsz\u00edv\u00f3\" class=\"read-more button\" href=\"https:\/\/obera.fr\/hu\/produits\/aspirateurs-industriels\/w3-pour-nettoyage-general\/#more-84258\" aria-label=\"Read more about W3 ipari porsz\u00edv\u00f3\">Lire la suite<\/a><\/p>\n","protected":false},"author":4,"featured_media":83741,"parent":69706,"menu_order":0,"comment_status":"closed","ping_status":"closed","template":"","meta":{"_acf_changed":false,"_seopress_robots_primary_cat":"","_seopress_titles_title":"W3 ipari porsz\u00edv\u00f3 \u00e1ltal\u00e1nos takar\u00edt\u00e1shoz OberA","_seopress_titles_desc":"A W3 sorozat 3 egyf\u00e1zis\u00fa motorral rendelkezik, amelyek az \u00e1ltal\u00e1nos tiszt\u00edt\u00e1shoz elengedhetetlenek, \u00edgy a teljes\u00edtm\u00e9nyt \u00e9s a k\u00f6nny\u0171 haszn\u00e1latot \u00f6tv\u00f6zik.","_seopress_robots_index":"","footnotes":""},"class_list":{"0":"post-84258","1":"page","2":"type-page","3":"status-publish","4":"has-post-thumbnail","6":"no-featured-image-padding","7":"resize-featured-image"},"acf":[],"_links":{"self":[{"href":"https:\/\/obera.fr\/hu\/wp-json\/wp\/v2\/pages\/84258","targetHints":{"allow":["GET"]}}],"collection":[{"href":"https:\/\/obera.fr\/hu\/wp-json\/wp\/v2\/pages"}],"about":[{"href":"https:\/\/obera.fr\/hu\/wp-json\/wp\/v2\/types\/page"}],"author":[{"embeddable":true,"href":"https:\/\/obera.fr\/hu\/wp-json\/wp\/v2\/users\/4"}],"replies":[{"embeddable":true,"href":"https:\/\/obera.fr\/hu\/wp-json\/wp\/v2\/comments?post=84258"}],"version-history":[{"count":6,"href":"https:\/\/obera.fr\/hu\/wp-json\/wp\/v2\/pages\/84258\/revisions"}],"predecessor-version":[{"id":107551,"href":"https:\/\/obera.fr\/hu\/wp-json\/wp\/v2\/pages\/84258\/revisions\/107551"}],"up":[{"embeddable":true,"href":"https:\/\/obera.fr\/hu\/wp-json\/wp\/v2\/pages\/69706"}],"wp:featuredmedia":[{"embeddable":true,"href":"https:\/\/obera.fr\/hu\/wp-json\/wp\/v2\/media\/83741"}],"wp:attachment":[{"href":"https:\/\/obera.fr\/hu\/wp-json\/wp\/v2\/media?parent=84258"}],"curies":[{"name":"wp","href":"https:\/\/api.w.org\/{rel}","templated":true}]}}