{"id":84264,"date":"2024-04-05T23:11:29","date_gmt":"2024-04-05T21:11:29","guid":{"rendered":"https:\/\/obera.fr\/produits\/aspirateurs-industriels\/ventilateurs-aspiration-gamme-eurosog-rg-100-800\/"},"modified":"2025-06-03T11:44:13","modified_gmt":"2025-06-03T09:44:13","slug":"ventilateurs-aspiration-gamme-eurosog-rg-100-800","status":"publish","type":"page","link":"https:\/\/obera.fr\/hu\/produits\/aspirateurs-industriels\/ventilateurs-aspiration-gamme-eurosog-rg-100-800\/","title":{"rendered":"P\u00e1raelsz\u00edv\u00f3 ventil\u00e1torok: az EUROSOG RG 100-800 sorozat"},"content":{"rendered":"\n<p>Az RG 100-t\u00f3l az RG 800-ig terjed\u0151 kompakt ventil\u00e1toraink eg\u00e9szs\u00e9gesebb k\u00f6rnyezetet biztos\u00edtanak a munkater\u00fcleteken l\u00e9v\u0151 szennyezett leveg\u0151 elsz\u00edv\u00e1s\u00e1val \u00e9s elsz\u00e1ll\u00edt\u00e1s\u00e1val.<\/p>\n\n\n\n<h2 class=\"wp-block-heading\">RG sorozat: az elsz\u00edv\u00f3 ventil\u00e1torok m\u0171k\u00f6d\u00e9se \u00e9s haszn\u00e1lata<\/h2>\n\n\n\n<div class=\"wp-block-columns is-layout-flex wp-container-core-columns-is-layout-28f84493 wp-block-columns-is-layout-flex\">\n<div class=\"wp-block-column is-layout-flow wp-block-column-is-layout-flow\" style=\"flex-basis:33.33%\">\n<figure class=\"wp-block-image size-full\"><img decoding=\"async\" width=\"600\" height=\"600\" src=\"https:\/\/obera.fr\/wp-content\/uploads\/2024\/04\/obera-ventilateur-aspiration-rg-300-400.jpg\" alt=\"obera sz\u00edv\u00f3ventil\u00e1tor rg 300 400\" class=\"wp-image-29437\" srcset=\"https:\/\/obera.fr\/wp-content\/uploads\/2024\/04\/obera-ventilateur-aspiration-rg-300-400.jpg 600w, https:\/\/obera.fr\/wp-content\/uploads\/2024\/04\/obera-ventilateur-aspiration-rg-300-400-300x300.jpg 300w, https:\/\/obera.fr\/wp-content\/uploads\/2024\/04\/obera-ventilateur-aspiration-rg-300-400-150x150.jpg 150w\" sizes=\"(max-width: 600px) 100vw, 600px\" \/><\/figure>\n<\/div>\n\n\n\n<div class=\"wp-block-column is-layout-flow wp-block-column-is-layout-flow\" style=\"flex-basis:66.66%\">\n<p>Az RG sorozat ventil\u00e1torai (100, 200, 300, 400, 500, 600, 700, 800) megold\u00e1st jelentenek a por, az ipari f\u00fcst \u00e9s a termel\u00e9si egys\u00e9gek \u00e1ltal termelt egy\u00e9b szennyez\u0151 anyagok elsz\u00edv\u00e1s\u00e1ra. Lehet\u0151v\u00e9 teszik a tiszt\u00edtott leveg\u0151 kering\u00e9s\u00e9t \u00e9s a nyom\u00e1scs\u00f6kkent\u00e9st. A sokoldal\u00fa \u00e9s kompakt rendszer \u00fagy sz\u00edvja be a leveg\u0151t, hogy a ventil\u00e1tor bemenet\u00e9n\u00e9l (a j\u00e1r\u00f3ker\u00e9k forg\u00e1sa) v\u00e1kuumot hoz l\u00e9tre a burkolatban l\u00e9v\u0151 villanymotor seg\u00edts\u00e9g\u00e9vel. A doboz a besz\u00edvott leveg\u0151t a kimeneti ny\u00edl\u00e1s fel\u00e9 tereli \u00e9s hajtja a munkater\u00fcletr\u0151l val\u00f3 ki\u00fcr\u00edt\u00e9s \u00e9rdek\u00e9ben. Az RG sorozat egyszerre egy vagy t\u00f6bb munka\u00e1llom\u00e1st\/g\u00e9pet k\u00e9pes v\u00e1kuumozni.  <\/p>\n\n\n\n<p>Milyen c\u00e9lb\u00f3l? Ez a berendez\u00e9s ide\u00e1lis az ipar minden t\u00edpus\u00e1hoz, \u00e9s alkalmas por, g\u00e1zok, szagok \u00e9s f\u00fcst\u00f6k elsz\u00edv\u00e1s\u00e1ra. A finom r\u00e9szecsk\u00e9k felfog\u00e1s\u00e1ra sz\u0171r\u0151kkel is felszerelhet\u0151k.<\/p>\n\n\n\n<div class=\"wp-block-columns is-layout-flex wp-container-core-columns-is-layout-28f84493 wp-block-columns-is-layout-flex\">\n<div class=\"wp-block-column is-layout-flow wp-block-column-is-layout-flow\" style=\"flex-basis:30%\">\n<div class=\"wp-block-buttons is-layout-flex wp-block-buttons-is-layout-flex\">\n<div class=\"wp-block-button\"><a class=\"wp-block-button__link wp-element-button\" href=\"https:\/\/obera.fr\/wp-content\/uploads\/2025\/06\/brochure-rg-100-800-en.pdf\">A BROS\u00daRA LET\u00d6LT\u00c9SE<\/a><\/div>\n<\/div>\n<\/div>\n\n\n\n<div class=\"wp-block-column is-layout-flow wp-block-column-is-layout-flow\" style=\"flex-basis:30%\">\n<div class=\"wp-block-buttons is-layout-flex wp-block-buttons-is-layout-flex\">\n<div class=\"wp-block-button\"><a class=\"wp-block-button__link wp-element-button\" href=\"https:\/\/obera.fr\/contact\/\">SZEM\u00c9LYRE SZABOTT TAN\u00c1CSAD\u00c1SRA VAN SZ\u00dcKS\u00c9GE?<\/a><\/div>\n<\/div>\n<\/div>\n\n\n\n<div class=\"wp-block-column is-layout-flow wp-block-column-is-layout-flow\" style=\"flex-basis:30%\">\n<div class=\"wp-block-buttons is-content-justification-center is-layout-flex wp-container-core-buttons-is-layout-a89b3969 wp-block-buttons-is-layout-flex\">\n<div class=\"wp-block-button btn-devis-source\"><a class=\"wp-block-button__link wp-element-button\" href=\"https:\/\/obera.fr\/hu\/devis\/\">K\u00e9rjen \u00e1raj\u00e1nlatot<\/a><\/div>\n<\/div>\n\n\n<script>\r\ndocument.addEventListener('DOMContentLoaded', function() {\r\n    \/\/ 1. On cherche le titre H1 de la page\r\n    var h1 = document.querySelector('h1');\r\n    var productTitle = h1 ? h1.innerText.trim() : \"\";\r\n\r\n    \/\/ 2. On cherche les boutons via la classe CSS .btn-devis-source\r\n    var buttons = document.querySelectorAll('.btn-devis-source a');\r\n\r\n    \/\/ 3. Si on a le titre et les boutons, on ajoute le param\u00e8tre\r\n    if (buttons.length > 0 && productTitle !== \"\") {\r\n        var encodedTitle = encodeURIComponent(productTitle);\r\n\r\n        buttons.forEach(function(btn) {\r\n            var currentHref = btn.getAttribute('href');\r\n            \r\n            \/\/ S\u00e9curit\u00e9 pour ne pas ajouter le param\u00e8tre 2 fois\r\n            if (currentHref.indexOf('sujet=') === -1) {\r\n                var separator = currentHref.indexOf('?') !== -1 ? '&' : '?';\r\n                var newLink = currentHref + separator + 'sujet=' + encodedTitle;\r\n                \r\n                btn.setAttribute('href', newLink);\r\n            }\r\n        });\r\n    }\r\n});\r\n<\/script><\/div>\n<\/div>\n<\/div>\n<\/div>\n\n\n\n<h2 class=\"wp-block-heading\">Melyek az OberA sz\u00edv\u00f3ventil\u00e1torok m\u0171szaki jellemz\u0151i?<\/h2>\n\n\n\n<p>Az RG term\u00e9kcsal\u00e1d 0,55 kW-t\u00f3l 7,5 kW-ig terjed\u0151 motorteljes\u00edtm\u00e9nyt k\u00edn\u00e1l. Ez lehet\u0151v\u00e9 teszi, hogy megtal\u00e1lja az \u00d6n fel\u00fclet\u00e9hez legjobban illeszked\u0151 elsz\u00edv\u00f3 ventil\u00e1tor modellt.  <\/p>\n\n\n\n<p>A korr\u00f3zi\u00f3nak \u00e9s a por okozta k\u00e1rosod\u00e1snak val\u00f3 tov\u00e1bbi ellen\u00e1ll\u00e1s \u00e9rdek\u00e9ben a ventil\u00e1torok robusztus anyagokb\u00f3l k\u00e9sz\u00fclnek, \u00e9s az \u00e9lelmiszeripar sz\u00e1m\u00e1ra rozsdamentes ac\u00e9lb\u00f3l k\u00e9sz\u00fclt v\u00e1ltozatban is kaphat\u00f3k (opcion\u00e1lis). Egy m\u00e1sik lehet\u0151s\u00e9g a szikra\u00e1ll\u00f3 v\u00e1ltozat olyan tev\u00e9kenys\u00e9gekhez, amelyek gy\u00fal\u00e9kony port termelnek.<\/p>\n\n\n\n<blockquote class=\"wp-block-quote is-layout-flow wp-block-quote-is-layout-flow\">\n<p>J\u00f3 tudni: elsz\u00edv\u00e1si megold\u00e1saink kombin\u00e1lhat\u00f3k elsz\u00edv\u00f3 evaku\u00e1ci\u00f3s rendszereinkkel. Az \u00d6n ig\u00e9nyeit\u0151l f\u00fcgg\u0151en (szennyez\u0151anyag t\u00edpusa, fel\u00fclet, tev\u00e9kenys\u00e9gi ter\u00fclet) tan\u00e1csot tudunk adni a lehet\u0151 legjobb kombin\u00e1ci\u00f3r\u00f3l, amely biztos\u00edtja a leveg\u0151 lehet\u0151 legjobb elsz\u00edv\u00e1s\u00e1t \u00e9s meg\u00faj\u00edt\u00e1s\u00e1t.<\/p>\n<\/blockquote>\n\n\n\n<p>M\u00e9reteit tekintve az RG 100-t\u00f3l az RG 800-ig terjed\u0151 ventil\u00e1torok nagyon kis alapter\u00fcletet ig\u00e9nyelnek: a legkompaktabb v\u00e1ltozat L535 x Sz450 x H480 \u00e9s a legnagyobb modell L820 x Sz1.000 x H1.198 m\u00e9rete k\u00f6z\u00f6tt m\u00e9g mindig nagyon kis helyig\u00e9ny\u0171 berendez\u00e9sekr\u0151l van sz\u00f3. A dolgoz\u00f3k k\u00e9nyelme \u00e9rdek\u00e9ben alacsony, 83 dB(A) \u00e9s 84 dB(A) k\u00f6z\u00f6tti zajszintet is biztos\u00edtanak.<\/p>\n\n\n\n<h3 class=\"wp-block-heading has-text-align-center\">INDUSTRIES<\/h3>\n\n\n\n<div class=\"wp-block-columns is-layout-flex wp-container-core-columns-is-layout-28f84493 wp-block-columns-is-layout-flex\">\n<div class=\"wp-block-column is-layout-flow wp-block-column-is-layout-flow\">\n<hr class=\"wp-block-separator has-alpha-channel-opacity\"\/>\n\n\n\n<div class=\"wp-block-columns is-layout-flex wp-container-core-columns-is-layout-28f84493 wp-block-columns-is-layout-flex\">\n<div class=\"wp-block-column is-layout-flow wp-block-column-is-layout-flow\">\n<figure class=\"wp-block-image aligncenter size-thumbnail is-resized\"><img decoding=\"async\" width=\"150\" height=\"150\" src=\"https:\/\/obera.fr\/wp-content\/uploads\/2022\/02\/Textile-150x150.png\" alt=\"textil\" class=\"wp-image-8855\"\/><figcaption class=\"wp-element-caption\">Text\u00edli\u00e1k<\/figcaption><\/figure>\n\n\n\n<figure class=\"wp-block-image aligncenter size-thumbnail is-resized\"><img decoding=\"async\" width=\"150\" height=\"150\" src=\"https:\/\/obera.fr\/wp-content\/uploads\/2022\/02\/Plastique-150x150.png\" alt=\"m\u0171anyag\" class=\"wp-image-8854\"\/><figcaption class=\"wp-element-caption\">M\u0171anyag<\/figcaption><\/figure>\n<\/div>\n\n\n\n<div class=\"wp-block-column is-layout-flow wp-block-column-is-layout-flow\">\n<figure class=\"wp-block-image aligncenter size-thumbnail is-resized\"><img decoding=\"async\" width=\"150\" height=\"150\" src=\"https:\/\/obera.fr\/wp-content\/uploads\/2022\/02\/MINERAIS-150x150.png\" alt=\"\u00e9rcek\" class=\"wp-image-8847\"\/><figcaption class=\"wp-element-caption\">\u00c1sv\u00e1nyok<\/figcaption><\/figure>\n\n\n\n<figure class=\"wp-block-image aligncenter size-thumbnail is-resized\"><img decoding=\"async\" width=\"150\" height=\"150\" src=\"https:\/\/obera.fr\/wp-content\/uploads\/2022\/02\/Metalurgie-150x150.png\" alt=\"koh\u00e1szat\" class=\"wp-image-8857\"\/><figcaption class=\"wp-element-caption\">Koh\u00e1szat<\/figcaption><\/figure>\n\n\n\n<figure class=\"wp-block-image aligncenter size-thumbnail is-resized\"><img decoding=\"async\" width=\"150\" height=\"150\" src=\"https:\/\/obera.fr\/wp-content\/uploads\/2023\/02\/sans-titre-2023-02-14t102211.641-150x150.png\" alt=\"Mez\u0151gazdas\u00e1g\" class=\"wp-image-18828\"\/><figcaption class=\"wp-element-caption\">Mez\u0151gazdas\u00e1g<\/figcaption><\/figure>\n<\/div>\n<\/div>\n<\/div>\n\n\n\n<div class=\"wp-block-column is-layout-flow wp-block-column-is-layout-flow\">\n<hr class=\"wp-block-separator has-alpha-channel-opacity\"\/>\n\n\n\n<div class=\"wp-block-columns is-layout-flex wp-container-core-columns-is-layout-28f84493 wp-block-columns-is-layout-flex\">\n<div class=\"wp-block-column is-layout-flow wp-block-column-is-layout-flow\">\n<figure class=\"wp-block-image aligncenter size-thumbnail is-resized\"><img decoding=\"async\" width=\"150\" height=\"150\" src=\"https:\/\/obera.fr\/wp-content\/uploads\/2022\/02\/Chimie-150x150.png\" alt=\"k\u00e9mia\" class=\"wp-image-8846\"\/><figcaption class=\"wp-element-caption\">K\u00e9mia<\/figcaption><\/figure>\n\n\n\n<figure class=\"wp-block-image aligncenter size-thumbnail is-resized\"><img decoding=\"async\" width=\"150\" height=\"150\" src=\"https:\/\/obera.fr\/wp-content\/uploads\/2022\/02\/Travail-du-bois-150x150.png\" alt=\"famegmunk\u00e1l\u00e1s\" class=\"wp-image-8856\"\/><figcaption class=\"wp-element-caption\">Famegmunk\u00e1l\u00e1s<\/figcaption><\/figure>\n\n\n\n<figure class=\"wp-block-image aligncenter size-thumbnail is-resized\"><img decoding=\"async\" width=\"150\" height=\"150\" src=\"https:\/\/obera.fr\/wp-content\/uploads\/2023\/02\/sans-titre-2023-02-14t101920.185-150x150.png\" alt=\"L\u00e9gik\u00f6zleked\u00e9s\" class=\"wp-image-18831\"\/><figcaption class=\"wp-element-caption\">L\u00e9gik\u00f6zleked\u00e9s<\/figcaption><\/figure>\n<\/div>\n\n\n\n<div class=\"wp-block-column is-layout-flow wp-block-column-is-layout-flow\">\n<figure class=\"wp-block-image aligncenter size-thumbnail is-resized\"><img decoding=\"async\" width=\"150\" height=\"150\" src=\"https:\/\/obera.fr\/wp-content\/uploads\/2022\/02\/AGROALIMENTAIRE-150x150.png\" alt=\"agr\u00e1r-\u00e9lelmiszeripar\" class=\"wp-image-8844\"\/><figcaption class=\"wp-element-caption\">\u00c9lelmiszeripar<\/figcaption><\/figure>\n\n\n\n<figure class=\"wp-block-image aligncenter size-thumbnail is-resized\"><img decoding=\"async\" width=\"150\" height=\"150\" src=\"https:\/\/obera.fr\/wp-content\/uploads\/2022\/02\/Papier-carton-150x150.png\" alt=\"pap\u00edr \u00e9s karton\" class=\"wp-image-8853\"\/><figcaption class=\"wp-element-caption\">Pap\u00edr\/karton<\/figcaption><\/figure>\n\n\n\n<figure class=\"wp-block-image aligncenter size-thumbnail is-resized\"><img decoding=\"async\" width=\"150\" height=\"150\" src=\"https:\/\/obera.fr\/wp-content\/uploads\/2023\/02\/sans-titre-2023-02-14t101712.416-150x150.png\" alt=\"Aut\u00f3ipar\" class=\"wp-image-18834\"\/><figcaption class=\"wp-element-caption\">Aut\u00f3ipar<\/figcaption><\/figure>\n<\/div>\n<\/div>\n<\/div>\n<\/div>\n\n\n\n<figure class=\"wp-block-table\"><table class=\"has-fixed-layout\"><thead><tr><th><br>100<\/th><th>200<\/th><th>300<\/th><th>400<\/th><th>500<\/th><th>600<\/th><th>700<\/th><th>800<\/th><\/tr><\/thead><tbody><tr><td>Maxim\u00e1lis \u00e1raml\u00e1si sebess\u00e9g m3\/h<\/td><td>1.000<\/td><td>2.000<\/td><td>3.000<\/td><td>3.200<\/td><td>4.000<\/td><td>5.5000<\/td><td>7.000<\/td><td>8.000<\/td><\/tr><tr><td>Csatlakoz\u00e1s\/kivezet\u00e9s \u00e1tm\u00e9r\u0151je mm<\/td><td>100<\/td><td>150<\/td><td>180<\/td><td>250\/315<\/td><td>250\/315<\/td><td>315\/355<\/td><td>315\/400<\/td><td>355\/400<\/td><\/tr><tr><td>Maxim\u00e1lis v\u00e1kuum Pa<\/td><td>1.400<\/td><td>1.600<\/td><td>2.300<\/td><td>3.150<\/td><td>3.400<\/td><td>3.400<\/td><td>3.400<\/td><td>3.950<\/td><\/tr><tr><td>T\u00e1pfesz\u00fclts\u00e9g V<\/td><td>400<\/td><td>400<\/td><td>400<\/td><td>400<\/td><td>400<\/td><td>400<\/td><td>400<\/td><td>400<\/td><\/tr><tr><td>Teljes\u00edtm\u00e9ny kW<\/td><td>0.5<\/td><td>1.1<\/td><td>2.2<\/td><td>3.0<\/td><td>4.0<\/td><td>5.5<\/td><td>5.5<\/td><td>7.5<\/td><\/tr><tr><td>M\u00e9retek (L\/W\/H)<\/td><td>535x450x480<\/td><td>595x520x555<\/td><td>640x535x610<\/td><td>711x700x1.012<\/td><td>711x700x1.012<\/td><td>737x700x1.062<\/td><td>762x700x1.062<\/td><td>820&#215;1,000&#215;1,198<\/td><\/tr><tr><td>Zajszint dB(A)<\/td><td>80<\/td><td>82<\/td><td>84<\/td><td>84<\/td><td>84<\/td><td>84<\/td><td>83<\/td><td>84<\/td><\/tr><\/tbody><\/table><\/figure>\n\n\n\n<div class=\"wp-block-buttons is-content-justification-center is-layout-flex wp-container-core-buttons-is-layout-a89b3969 wp-block-buttons-is-layout-flex\">\n<div class=\"wp-block-button\"><a class=\"wp-block-button__link wp-element-button\" href=\"https:\/\/obera.fr\/wp-content\/uploads\/2024\/04\/obera_brochure-rg-100-800-fr.pdf\">TERM\u00c9K ADATLAP LET\u00d6LT\u00c9SE<\/a><\/div>\n<\/div>\n\n\n\n<h2 class=\"wp-block-heading\">Az RG 100-RG 800 ventil\u00e1torok el\u0151nyeire \u00f6sszpontos\u00edtva<\/h2>\n\n\n\n<p>Az el\u0151ny\u00f6k els\u0151sorban emberi term\u00e9szet\u0171ek, mivel ez a megold\u00e1s jelent\u0151sen jav\u00edtja a leveg\u0151 min\u0151s\u00e9g\u00e9t \u00e9s a csapatok biztons\u00e1g\u00e1t. A dolgoz\u00f3k k\u00e9nyelme \u00e9rdek\u00e9ben a zajszint alacsony marad, \u00edgy biztos\u00edtva a dolgoz\u00f3k termel\u00e9kenys\u00e9g\u00e9t.  <\/p>\n\n\n\n<p>A j\u00f3 por- \u00e9s f\u00fcstelsz\u00edv\u00e1s cs\u00f6kkenti a t\u0171z- \u00e9s robban\u00e1svesz\u00e9lyt is, amelyet az okozhat, ha a por szikr\u00e1kkal \u00e9rintkezik vagy elt\u00f6m\u00edti a termel\u0151g\u00e9peket.<\/p>\n\n\n\n<p>V\u00e9g\u00fcl pedig, kompakt kialak\u00edt\u00e1suk ellen\u00e9re az RG term\u00e9kcsal\u00e1dba tartoz\u00f3 elsz\u00edv\u00f3 ventil\u00e1torok mindegyike nagy teljes\u00edtm\u00e9ny\u0171, \u00e9s alacsony beruh\u00e1z\u00e1st jelent, ha a m\u0171helyekben tiszta leveg\u0151h\u00f6z szeretne jutni.<\/p>\n\n\n\n<div class=\"wp-block-columns is-layout-flex wp-container-core-columns-is-layout-28f84493 wp-block-columns-is-layout-flex\">\n<div class=\"wp-block-column is-layout-flow wp-block-column-is-layout-flow\" style=\"flex-basis:33.34%\">\n<h3 class=\"wp-block-heading\">El\u0151ny\u00f6k :<\/h3>\n\n\n\n<ul class=\"wp-block-list\">\n<li>Alacsony \u00fczemeltet\u00e9si k\u00f6lts\u00e9gek ;<\/li>\n\n\n\n<li>Robusztus fel\u00e9p\u00edt\u00e9s.<\/li>\n<\/ul>\n<\/div>\n\n\n\n<div class=\"wp-block-column is-layout-flow wp-block-column-is-layout-flow\" style=\"flex-basis:33.34%\">\n<h3 class=\"wp-block-heading\">K\u00fcl\u00f6nlegess\u00e9gek:<\/h3>\n\n\n\n<ul class=\"wp-block-list\">\n<li>Kompakt kialak\u00edt\u00e1s ;<\/li>\n\n\n\n<li>Egy vagy t\u00f6bb munka\u00e1llom\u00e1s vagy g\u00e9p porsz\u00edv\u00f3z\u00e1sa;<\/li>\n\n\n\n<li>Kombin\u00e1lhat\u00f3 porlev\u00e1laszt\u00f3val vagy porelsz\u00edv\u00f3 rendszerrel.<\/li>\n<\/ul>\n<\/div>\n\n\n\n<div class=\"wp-block-column is-layout-flow wp-block-column-is-layout-flow\" style=\"flex-basis:33.33%\">\n<h3 class=\"wp-block-heading\">Jellemz\u0151k :<\/h3>\n\n\n\n<ul class=\"wp-block-list\">\n<li>A motorok teljes\u00edtm\u00e9ny\u00e9nek sz\u00e9les sk\u00e1l\u00e1ja az ipari \u00fcgyfelek ig\u00e9nyeinek kiel\u00e9g\u00edt\u00e9s\u00e9re;<\/li>\n\n\n\n<li>Opcion\u00e1lis extr\u00e1k: \u00e9lelmiszeripari rozsdamentes ac\u00e9l, v\u00e1ltakoz\u00f3 \u00e1ram (RG 100 \u00e9s RG 200), bal oldali motor, v\u00e1ltoztathat\u00f3 kimeneti \u00e1tm\u00e9r\u0151, hangszigetelt \u00e9s z\u00e1rt burkolat k\u00fclt\u00e9ri telep\u00edt\u00e9shez.<\/li>\n<\/ul>\n<\/div>\n<\/div>\n\n\n\n<div class=\"wp-block-buttons is-horizontal is-content-justification-center is-layout-flex wp-container-core-buttons-is-layout-03627597 wp-block-buttons-is-layout-flex\">\n<div class=\"wp-block-button\"><a class=\"wp-block-button__link wp-element-button\" href=\"https:\/\/obera.fr\/contact\/\">Tudjon meg t\u00f6bbet<\/a><\/div>\n<\/div>\n\n\n\n<h2 class=\"wp-block-heading\">Egy\u00e9b ipari porsz\u00edv\u00f3k a k\u00edn\u00e1latban<\/h2>\n\n\n\n<div class=\"wp-block-columns is-layout-flex wp-container-core-columns-is-layout-28f84493 wp-block-columns-is-layout-flex\">\n<div class=\"wp-block-column is-layout-flow wp-block-column-is-layout-flow\">\n<figure class=\"wp-block-image aligncenter size-full is-resized\"><img decoding=\"async\" width=\"566\" height=\"671\" src=\"https:\/\/obera.fr\/wp-content\/uploads\/2024\/10\/w2-xr-2.png\" alt=\"Ipari porsz\u00edv\u00f3k\" class=\"wp-image-35431\" style=\"aspect-ratio:1;object-fit:cover;width:282px;height:auto\" srcset=\"https:\/\/obera.fr\/wp-content\/uploads\/2024\/10\/w2-xr-2.png 566w, https:\/\/obera.fr\/wp-content\/uploads\/2024\/10\/w2-xr-2-253x300.png 253w\" sizes=\"(max-width: 566px) 100vw, 566px\" \/><figcaption class=\"wp-element-caption\">W2 XR<\/figcaption><\/figure>\n<\/div>\n\n\n\n<div class=\"wp-block-column is-layout-flow wp-block-column-is-layout-flow\">\n<figure class=\"wp-block-image aligncenter size-full is-resized\"><img decoding=\"async\" width=\"711\" height=\"622\" src=\"https:\/\/obera.fr\/wp-content\/uploads\/2024\/10\/w2.png\" alt=\"Ipari porsz\u00edv\u00f3k\" class=\"wp-image-35424\" style=\"object-fit:cover;width:300px;height:300px\" srcset=\"https:\/\/obera.fr\/wp-content\/uploads\/2024\/10\/w2.png 711w, https:\/\/obera.fr\/wp-content\/uploads\/2024\/10\/w2-300x262.png 300w\" sizes=\"(max-width: 711px) 100vw, 711px\" \/><figcaption class=\"wp-element-caption\">W2<\/figcaption><\/figure>\n<\/div>\n\n\n\n<div class=\"wp-block-column is-layout-flow wp-block-column-is-layout-flow\">\n<figure class=\"wp-block-image aligncenter size-full is-resized\"><img decoding=\"async\" width=\"658\" height=\"652\" src=\"https:\/\/obera.fr\/wp-content\/uploads\/2024\/10\/w3.png\" alt=\"w3\" class=\"wp-image-35427\" style=\"object-fit:cover;width:300px;height:300px\" srcset=\"https:\/\/obera.fr\/wp-content\/uploads\/2024\/10\/w3.png 658w, https:\/\/obera.fr\/wp-content\/uploads\/2024\/10\/w3-300x297.png 300w, https:\/\/obera.fr\/wp-content\/uploads\/2024\/10\/w3-150x150.png 150w, https:\/\/obera.fr\/wp-content\/uploads\/2024\/10\/w3-24x24.png 24w, https:\/\/obera.fr\/wp-content\/uploads\/2024\/10\/w3-48x48.png 48w, https:\/\/obera.fr\/wp-content\/uploads\/2024\/10\/w3-96x96.png 96w\" sizes=\"(max-width: 658px) 100vw, 658px\" \/><figcaption class=\"wp-element-caption\">W3<\/figcaption><\/figure>\n<\/div>\n<\/div>\n\n\n\n<p><\/p>\n","protected":false},"excerpt":{"rendered":"<p>Az RG 100-t\u00f3l az RG 800-ig terjed\u0151 kompakt ventil\u00e1toraink eg\u00e9szs\u00e9gesebb k\u00f6rnyezetet biztos\u00edtanak a munkater\u00fcleteken l\u00e9v\u0151 szennyezett leveg\u0151 elsz\u00edv\u00e1s\u00e1val \u00e9s elsz\u00e1ll\u00edt\u00e1s\u00e1val. RG sorozat: az elsz\u00edv\u00f3 ventil\u00e1torok m\u0171k\u00f6d\u00e9se \u00e9s haszn\u00e1lata Az RG sorozat ventil\u00e1torai (100, 200, 300, 400, 500, 600, 700, 800) megold\u00e1st jelentenek a por, az ipari f\u00fcst \u00e9s a termel\u00e9si egys\u00e9gek \u00e1ltal termelt egy\u00e9b szennyez\u0151 anyagok elsz\u00edv\u00e1s\u00e1ra. Lehet\u0151v\u00e9 teszik a tiszt\u00edtott leveg\u0151 kering\u00e9s\u00e9t \u00e9s a nyom\u00e1scs\u00f6kkent\u00e9st. A sokoldal\u00fa \u00e9s kompakt rendszer \u00fagy sz\u00edvja be a leveg\u0151t, hogy a ventil\u00e1tor bemenet\u00e9n\u00e9l (a j\u00e1r\u00f3ker\u00e9k forg\u00e1sa) v\u00e1kuumot hoz l\u00e9tre a burkolatban l\u00e9v\u0151 villanymotor seg\u00edts\u00e9g\u00e9vel. A doboz a besz\u00edvott leveg\u0151t a kimeneti ny\u00edl\u00e1s fel\u00e9 &#8230; <\/p>\n<p class=\"read-more-container\"><a title=\"P\u00e1raelsz\u00edv\u00f3 ventil\u00e1torok: az EUROSOG RG 100-800 sorozat\" class=\"read-more button\" href=\"https:\/\/obera.fr\/hu\/produits\/aspirateurs-industriels\/ventilateurs-aspiration-gamme-eurosog-rg-100-800\/#more-84264\" aria-label=\"Read more about P\u00e1raelsz\u00edv\u00f3 ventil\u00e1torok: az EUROSOG RG 100-800 sorozat\">Lire la suite<\/a><\/p>\n","protected":false},"author":4,"featured_media":83741,"parent":69706,"menu_order":0,"comment_status":"closed","ping_status":"closed","template":"","meta":{"_acf_changed":false,"_seopress_robots_primary_cat":"","_seopress_titles_title":"EUROSOG RG sz\u00edv\u00f3ventil\u00e1torok - OberA","_seopress_titles_desc":"Fedezze fel az RG 100-t\u00f3l az RG 800-ig terjed\u0151 sz\u00edv\u00f3egys\u00e9geket. \u00dagy tervezt\u00e9k \u0151ket, hogy a por, szagok, f\u00fcst\u00f6k \u00e9s g\u00e1zok elsz\u00edv\u00e1s\u00e1val jelent\u0151sen jav\u00edts\u00e1k a leveg\u0151 min\u0151s\u00e9g\u00e9t.","_seopress_robots_index":"","footnotes":""},"class_list":{"0":"post-84264","1":"page","2":"type-page","3":"status-publish","4":"has-post-thumbnail","6":"no-featured-image-padding","7":"resize-featured-image"},"acf":[],"_links":{"self":[{"href":"https:\/\/obera.fr\/hu\/wp-json\/wp\/v2\/pages\/84264","targetHints":{"allow":["GET"]}}],"collection":[{"href":"https:\/\/obera.fr\/hu\/wp-json\/wp\/v2\/pages"}],"about":[{"href":"https:\/\/obera.fr\/hu\/wp-json\/wp\/v2\/types\/page"}],"author":[{"embeddable":true,"href":"https:\/\/obera.fr\/hu\/wp-json\/wp\/v2\/users\/4"}],"replies":[{"embeddable":true,"href":"https:\/\/obera.fr\/hu\/wp-json\/wp\/v2\/comments?post=84264"}],"version-history":[{"count":4,"href":"https:\/\/obera.fr\/hu\/wp-json\/wp\/v2\/pages\/84264\/revisions"}],"predecessor-version":[{"id":107668,"href":"https:\/\/obera.fr\/hu\/wp-json\/wp\/v2\/pages\/84264\/revisions\/107668"}],"up":[{"embeddable":true,"href":"https:\/\/obera.fr\/hu\/wp-json\/wp\/v2\/pages\/69706"}],"wp:featuredmedia":[{"embeddable":true,"href":"https:\/\/obera.fr\/hu\/wp-json\/wp\/v2\/media\/83741"}],"wp:attachment":[{"href":"https:\/\/obera.fr\/hu\/wp-json\/wp\/v2\/media?parent=84264"}],"curies":[{"name":"wp","href":"https:\/\/api.w.org\/{rel}","templated":true}]}}