{"id":84274,"date":"2020-08-26T13:06:25","date_gmt":"2020-08-26T11:06:25","guid":{"rendered":"https:\/\/obera.fr\/produits\/filtres-brouillard-huile\/afs\/"},"modified":"2025-06-03T13:18:37","modified_gmt":"2025-06-03T11:18:37","slug":"afs","status":"publish","type":"page","link":"https:\/\/obera.fr\/hu\/produits\/filtres-brouillard-huile\/afs\/","title":{"rendered":"AFS olajk\u00f6dsz\u0171r\u0151"},"content":{"rendered":"\n<p>Az AFS <a href=\"https:\/\/obera.fr\/hu\/produits\/filtres-brouillard-huile\/\" data-type=\"page\" data-id=\"376\">olajk\u00f6dsz\u0171r\u0151k<\/a> szem\u00e9lyre szabott megold\u00e1st jelentenek a megmunk\u00e1l\u00f3g\u00e9pek k\u00f6zvetlen felszerel\u00e9s\u00e9hez vagy k\u00f6zponti porsz\u00edv\u00f3z\u00e1s\u00e1hoz.<\/p>\n\n\n\n<p>Az AFS term\u00e9kcsal\u00e1d <strong>400 \u00e9s 16 000 m\u00b3\/h k\u00f6z\u00f6tti sz\u00edv\u00f3\u00e1ramot<\/strong> fed le.<\/p>\n\n\n\n<h2 class=\"wp-block-heading\">K\u00f6zponti berendez\u00e9sek olaj- \u00e9s emulzi\u00f3s k\u00f6d\u00f6k, f\u00fcst\u00f6k \u00e9s aeroszolok sz\u00e1m\u00e1ra<\/h2>\n\n\n\n<div class=\"wp-block-columns is-layout-flex wp-container-core-columns-is-layout-28f84493 wp-block-columns-is-layout-flex\">\n<div class=\"wp-block-column is-layout-flow wp-block-column-is-layout-flow\" style=\"flex-basis:33.33%\">\n<figure class=\"wp-block-image aligncenter size-medium\"><img decoding=\"async\" width=\"300\" height=\"300\" src=\"https:\/\/obera.fr\/wp-content\/uploads\/2020\/08\/AFS-installation-centralisee-brouillards-huiles-300x300.png\" alt=\"Afs Centralisee Brouillards Huiles k\u00f6zponti telep\u00edt\u00e9se\" class=\"wp-image-643\" srcset=\"https:\/\/obera.fr\/wp-content\/uploads\/2020\/08\/AFS-installation-centralisee-brouillards-huiles-300x300.png 300w, https:\/\/obera.fr\/wp-content\/uploads\/2020\/08\/AFS-installation-centralisee-brouillards-huiles-150x150.png 150w, https:\/\/obera.fr\/wp-content\/uploads\/2020\/08\/AFS-installation-centralisee-brouillards-huiles.png 433w\" sizes=\"(max-width: 300px) 100vw, 300px\" \/><\/figure>\n<\/div>\n\n\n\n<div class=\"wp-block-column is-layout-flow wp-block-column-is-layout-flow\" style=\"flex-basis:66.66%\">\n<p><strong>Az AFS technol\u00f3gia<\/strong> 5 kezel\u00e9si szakaszb\u00f3l \u00e1ll: f\u00e9mh\u00e1l\u00f3s sz\u0171r\u0151k, poli\u00e9szter nemezek \u00e9s az AFS-Longlife szepar\u00e1tor, amely a kezel\u00e9s sz\u00edv\u00e9t k\u00e9pezi.<\/p>\n\n\n\n<p>A k\u00e9sz\u00fcl\u00e9keket <strong>HEPA H13 t\u00edpus\u00fa abszol\u00fat termin\u00e1lsz\u0171r\u0151vel<\/strong> szerelt\u00e9k fel (a szabv\u00e1nyos\u00edtott hat\u00e9konys\u00e1g garant\u00e1lt: &gt;99,95% a 0,3 \u00b5m-es r\u00e9szecsk\u00e9kre). A f\u0151sz\u0171r\u00e9s nagyon magas hat\u00e9konys\u00e1ga miatt az abszol\u00fat sz\u0171r\u0151k nagyon hossz\u00fa \u00e9lettartammal rendelkeznek, m\u00e9g 3 \u00e1llom\u00e1sos folyamatos \u00fczem eset\u00e9n is. <\/p>\n\n\n\n<p>K\u00fcl\u00f6nb\u00f6z\u0151 konfigur\u00e1ci\u00f3k lehets\u00e9gesek: a sz\u0171rt leveg\u0151 \u00fajrahasznos\u00edt\u00e1sa \u00e9s visszavezet\u00e9se az \u00e9p\u00fcletbe, vagy a sz\u0171rt leveg\u0151 ki\u00fcr\u00edt\u00e9se \u00e9s friss leveg\u0151 bevezet\u00e9se a kal\u00f3ri\u00e1k h\u0151cser\u00e9l\u0151n kereszt\u00fcl t\u00f6rt\u00e9n\u0151 visszanyer\u00e9s\u00e9vel. <strong>Az AFS elsz\u00edv\u00e1si megold\u00e1sok<\/strong> (\u00fajrahasznos\u00edt\u00e1s vagy h\u0151cser\u00e9l\u0151k) lehet\u0151v\u00e9 teszik az elsz\u00edvott l\u00e9g\u00e1ramlatokban l\u00e9v\u0151 h\u0151 maxim\u00e1lis \u00fajrafelhaszn\u00e1l\u00e1s\u00e1t. <\/p>\n\n\n\n<hr class=\"wp-block-separator has-text-color has-black-color has-css-opacity has-black-background-color has-background is-style-dots\"\/>\n\n\n\n<div class=\"wp-block-columns is-layout-flex wp-container-core-columns-is-layout-28f84493 wp-block-columns-is-layout-flex\">\n<div class=\"wp-block-column is-layout-flow wp-block-column-is-layout-flow\" style=\"flex-basis:33.33%\">\n<div class=\"wp-block-buttons is-layout-flex wp-block-buttons-is-layout-flex\">\n<div class=\"wp-block-button\"><a class=\"wp-block-button__link wp-element-button\" href=\"https:\/\/obera.fr\/wp-content\/uploads\/2025\/06\/brochure-afs-en.pdf\">A BROS\u00daRA LET\u00d6LT\u00c9SE<\/a><\/div>\n<\/div>\n<\/div>\n\n\n\n<div class=\"wp-block-column is-layout-flow wp-block-column-is-layout-flow\" style=\"flex-basis:33.34%\">\n<div class=\"wp-block-buttons is-horizontal is-content-justification-center is-layout-flex wp-container-core-buttons-is-layout-03627597 wp-block-buttons-is-layout-flex\">\n<div class=\"wp-block-button\"><a class=\"wp-block-button__link wp-element-button\" href=\"https:\/\/obera.fr\/contact\/\">Tudjon meg t\u00f6bbet<\/a><\/div>\n<\/div>\n<\/div>\n\n\n\n<div class=\"wp-block-column is-layout-flow wp-block-column-is-layout-flow\" style=\"flex-basis:33.34%\">\n<div class=\"wp-block-buttons is-content-justification-center is-layout-flex wp-container-core-buttons-is-layout-a89b3969 wp-block-buttons-is-layout-flex\">\n<div class=\"wp-block-button btn-devis-source\"><a class=\"wp-block-button__link wp-element-button\" href=\"https:\/\/obera.fr\/hu\/devis\/\">K\u00e9rjen \u00e1raj\u00e1nlatot<\/a><\/div>\n<\/div>\n\n\n<script>\r\ndocument.addEventListener('DOMContentLoaded', function() {\r\n    \/\/ 1. On cherche le titre H1 de la page\r\n    var h1 = document.querySelector('h1');\r\n    var productTitle = h1 ? h1.innerText.trim() : \"\";\r\n\r\n    \/\/ 2. On cherche les boutons via la classe CSS .btn-devis-source\r\n    var buttons = document.querySelectorAll('.btn-devis-source a');\r\n\r\n    \/\/ 3. Si on a le titre et les boutons, on ajoute le param\u00e8tre\r\n    if (buttons.length > 0 && productTitle !== \"\") {\r\n        var encodedTitle = encodeURIComponent(productTitle);\r\n\r\n        buttons.forEach(function(btn) {\r\n            var currentHref = btn.getAttribute('href');\r\n            \r\n            \/\/ S\u00e9curit\u00e9 pour ne pas ajouter le param\u00e8tre 2 fois\r\n            if (currentHref.indexOf('sujet=') === -1) {\r\n                var separator = currentHref.indexOf('?') !== -1 ? '&' : '?';\r\n                var newLink = currentHref + separator + 'sujet=' + encodedTitle;\r\n                \r\n                btn.setAttribute('href', newLink);\r\n            }\r\n        });\r\n    }\r\n});\r\n<\/script><\/div>\n<\/div>\n\n\n\n<p><\/p>\n<\/div>\n<\/div>\n\n\n\n<h2 class=\"wp-block-heading\">Az AFS el\u0151nyei<\/h2>\n\n\n\n<div class=\"wp-block-columns is-layout-flex wp-container-core-columns-is-layout-28f84493 wp-block-columns-is-layout-flex\">\n<div class=\"wp-block-column is-layout-flow wp-block-column-is-layout-flow\">\n<h3 class=\"wp-block-heading has-text-align-center\"><strong>El\u0151ny\u00f6k<\/strong><\/h3>\n\n\n\n<ul class=\"wp-block-list\">\n<li>K\u00f6nnyen csatlakoztathat\u00f3 a gy\u00e1rt\u00f3g\u00e9phez<\/li>\n\n\n\n<li>G\u00e9pi vagy k\u00f6zpontos\u00edtott<\/li>\n\n\n\n<li>Kompakt rendszer<\/li>\n\n\n\n<li>5 fokozat\u00fa sz\u0171r\u00e9s a hat\u00e9kony l\u00e9gkezel\u00e9s\u00e9rt<\/li>\n\n\n\n<li>Szersz\u00e1m n\u00e9lk\u00fcli sz\u0171r\u0151csere \u00e9s karbantart\u00e1s<\/li>\n<\/ul>\n<\/div>\n\n\n\n<div class=\"wp-block-column is-layout-flow wp-block-column-is-layout-flow\">\n<h3 class=\"wp-block-heading has-text-align-center\"><strong>K\u00fcl\u00f6nleges jellemz\u0151k<\/strong><\/h3>\n\n\n\n<ul class=\"wp-block-list\">\n<li>Szabadalmaztatott szersz\u00e1m n\u00e9lk\u00fcli sz\u0171r\u0151csere-rendszer<\/li>\n\n\n\n<li>A k\u00e9sz\u00fcl\u00e9k k\u00e9zi tiszt\u00edt\u00e1sa<\/li>\n\n\n\n<li>Mechanikus sz\u0171r\u00e9s<\/li>\n<\/ul>\n<\/div>\n\n\n\n<div class=\"wp-block-column is-layout-flow wp-block-column-is-layout-flow\">\n<h3 class=\"wp-block-heading has-text-align-center\"><strong>Jellemz\u0151k<\/strong><\/h3>\n\n\n\n<ul class=\"wp-block-list\">\n<li>Olajk\u00f6d\u00f6k \u00e9s -emulzi\u00f3k, f\u00fcst\u00f6k \u00e9s aeroszolok elsz\u00edv\u00e1sa<\/li>\n\n\n\n<li>K\u00f6zvetlen\u00fcl NC megmunk\u00e1l\u00f3k\u00f6zpontra vagy k\u00f6zpontilag telep\u00edthet\u0151<\/li>\n<\/ul>\n<\/div>\n<\/div>\n\n\n\n<h2 class=\"wp-block-heading\">Alkalmaz\u00e1sok<\/h2>\n\n\n\n<div class=\"wp-block-columns is-layout-flex wp-container-core-columns-is-layout-28f84493 wp-block-columns-is-layout-flex\">\n<div class=\"wp-block-column is-layout-flow wp-block-column-is-layout-flow\">\n<h3 class=\"wp-block-heading has-text-align-center\">Szennyez\u0151 anyagok<\/h3>\n\n\n\n<hr class=\"wp-block-separator has-css-opacity is-style-wide\"\/>\n\n\n\n<div class=\"wp-block-columns is-layout-flex wp-container-core-columns-is-layout-28f84493 wp-block-columns-is-layout-flex\">\n<div class=\"wp-block-column is-layout-flow wp-block-column-is-layout-flow\">\n<figure class=\"wp-block-image aligncenter size-large\"><img decoding=\"async\" width=\"70\" height=\"70\" src=\"https:\/\/obera.fr\/wp-content\/uploads\/2020\/08\/industrie-brouillard-huile.jpg\" alt=\"Ipari k\u00f6d olaj\" class=\"wp-image-721\"\/><figcaption class=\"wp-element-caption\">Olajk\u00f6d<\/figcaption><\/figure>\n<\/div>\n\n\n\n<div class=\"wp-block-column is-layout-flow wp-block-column-is-layout-flow\">\n<figure class=\"wp-block-image aligncenter size-large\"><img decoding=\"async\" width=\"70\" height=\"70\" src=\"https:\/\/obera.fr\/wp-content\/uploads\/2020\/08\/industrie-fumees.jpg\" alt=\"Ipari f\u00fcst\" class=\"wp-image-722\"\/><figcaption class=\"wp-element-caption\">G\u0151z\u00f6k<\/figcaption><\/figure>\n\n\n\n<figure class=\"wp-block-image aligncenter size-large\"><img decoding=\"async\" width=\"70\" height=\"70\" src=\"https:\/\/obera.fr\/wp-content\/uploads\/2020\/09\/cov.png\" alt=\"Cov\" class=\"wp-image-959\"\/><figcaption class=\"wp-element-caption\">VOCS<\/figcaption><\/figure>\n<\/div>\n<\/div>\n<\/div>\n\n\n\n<div class=\"wp-block-column is-layout-flow wp-block-column-is-layout-flow\">\n<h3 class=\"wp-block-heading has-text-align-center\">Ipar\u00e1gak<\/h3>\n\n\n\n<hr class=\"wp-block-separator has-css-opacity is-style-wide\"\/>\n\n\n\n<div class=\"wp-block-columns is-layout-flex wp-container-core-columns-is-layout-28f84493 wp-block-columns-is-layout-flex\">\n<div class=\"wp-block-column is-layout-flow wp-block-column-is-layout-flow\">\n<figure class=\"wp-block-image aligncenter size-large\"><img decoding=\"async\" width=\"70\" height=\"70\" src=\"https:\/\/obera.fr\/wp-content\/uploads\/2020\/08\/industrie-metallurgie.jpg\" alt=\"Koh\u00e1szati ipar\" class=\"wp-image-673\"\/><figcaption class=\"wp-element-caption\">Koh\u00e1szat<\/figcaption><\/figure>\n<\/div>\n\n\n\n<div class=\"wp-block-column is-layout-flow wp-block-column-is-layout-flow\"><\/div>\n<\/div>\n<\/div>\n<\/div>\n\n\n\n<div class=\"wp-block-buttons is-content-justification-center is-layout-flex wp-container-core-buttons-is-layout-a89b3969 wp-block-buttons-is-layout-flex\">\n<div class=\"wp-block-button is-style-outline is-style-outline--1\"><a class=\"wp-block-button__link wp-element-button\" href=\"https:\/\/obera.fr\/wp-content\/uploads\/2024\/02\/brochure-afs.pdf\">Term\u00e9klap let\u00f6lt\u00e9se<\/a><\/div>\n<\/div>\n\n\n\n<hr class=\"wp-block-separator has-css-opacity is-style-dots\"\/>\n\n\n\n<h2 class=\"wp-block-heading\">Az OberA m\u00e1rka egy\u00e9b olajk\u00f6dsz\u0171r\u0151i<\/h2>\n\n\n\n<div class=\"wp-block-columns is-layout-flex wp-container-core-columns-is-layout-28f84493 wp-block-columns-is-layout-flex\">\n<div class=\"wp-block-column is-layout-flow wp-block-column-is-layout-flow\">\n<figure class=\"wp-block-image aligncenter size-medium\"><a href=\"https:\/\/obera.fr\/produits\/filtres-brouillard-huile\/oilmac\/\"><img decoding=\"async\" width=\"300\" height=\"300\" src=\"https:\/\/obera.fr\/wp-content\/uploads\/2020\/08\/filtre-compact-OILMAC-300x300.png\" alt=\"OILMAC kompakt sz\u0171r\u0151\" class=\"wp-image-641\" srcset=\"https:\/\/obera.fr\/wp-content\/uploads\/2020\/08\/filtre-compact-OILMAC-300x300.png 300w, https:\/\/obera.fr\/wp-content\/uploads\/2020\/08\/filtre-compact-OILMAC-150x150.png 150w, https:\/\/obera.fr\/wp-content\/uploads\/2020\/08\/filtre-compact-OILMAC.png 600w\" sizes=\"(max-width: 300px) 100vw, 300px\" \/><\/a><figcaption class=\"wp-element-caption\">OILMAC<\/figcaption><\/figure>\n<\/div>\n\n\n\n<div class=\"wp-block-column is-layout-flow wp-block-column-is-layout-flow\"><\/div>\n<\/div>\n\n\n\n<p><\/p>\n","protected":false},"excerpt":{"rendered":"<p>Az AFS olajk\u00f6dsz\u0171r\u0151k szem\u00e9lyre szabott megold\u00e1st jelentenek a megmunk\u00e1l\u00f3g\u00e9pek k\u00f6zvetlen felszerel\u00e9s\u00e9hez vagy k\u00f6zponti porsz\u00edv\u00f3z\u00e1s\u00e1hoz. Az AFS term\u00e9kcsal\u00e1d 400 \u00e9s 16 000 m\u00b3\/h k\u00f6z\u00f6tti sz\u00edv\u00f3\u00e1ramot fed le. K\u00f6zponti berendez\u00e9sek olaj- \u00e9s emulzi\u00f3s k\u00f6d\u00f6k, f\u00fcst\u00f6k \u00e9s aeroszolok sz\u00e1m\u00e1ra Az AFS technol\u00f3gia 5 kezel\u00e9si szakaszb\u00f3l \u00e1ll: f\u00e9mh\u00e1l\u00f3s sz\u0171r\u0151k, poli\u00e9szter nemezek \u00e9s az AFS-Longlife szepar\u00e1tor, amely a kezel\u00e9s sz\u00edv\u00e9t k\u00e9pezi. A k\u00e9sz\u00fcl\u00e9keket HEPA H13 t\u00edpus\u00fa abszol\u00fat termin\u00e1lsz\u0171r\u0151vel szerelt\u00e9k fel (a szabv\u00e1nyos\u00edtott hat\u00e9konys\u00e1g garant\u00e1lt: &gt;99,95% a 0,3 \u00b5m-es r\u00e9szecsk\u00e9kre). A f\u0151sz\u0171r\u00e9s nagyon magas hat\u00e9konys\u00e1ga miatt az abszol\u00fat sz\u0171r\u0151k nagyon hossz\u00fa \u00e9lettartammal rendelkeznek, m\u00e9g 3 \u00e1llom\u00e1sos folyamatos \u00fczem eset\u00e9n is. K\u00fcl\u00f6nb\u00f6z\u0151 konfigur\u00e1ci\u00f3k lehets\u00e9gesek: a sz\u0171rt leveg\u0151 &#8230; <\/p>\n<p class=\"read-more-container\"><a title=\"AFS olajk\u00f6dsz\u0171r\u0151\" class=\"read-more button\" href=\"https:\/\/obera.fr\/hu\/produits\/filtres-brouillard-huile\/afs\/#more-84274\" aria-label=\"Read more about AFS olajk\u00f6dsz\u0171r\u0151\">Lire la suite<\/a><\/p>\n","protected":false},"author":4,"featured_media":83741,"parent":83978,"menu_order":0,"comment_status":"closed","ping_status":"closed","template":"","meta":{"_acf_changed":false,"_seopress_robots_primary_cat":"","_seopress_titles_title":"AFS k\u00f6zpontos\u00edtott olajk\u00f6drendszerek","_seopress_titles_desc":"Az AFS olajk\u00f6dsz\u0171r\u0151k szem\u00e9lyre szabott megold\u00e1st jelentenek a megmunk\u00e1l\u00f3g\u00e9pek k\u00f6zvetlen felszerel\u00e9s\u00e9hez vagy k\u00f6zponti porsz\u00edv\u00f3z\u00e1s\u00e1hoz.","_seopress_robots_index":"","_seopress_analysis_target_kw":"","footnotes":""},"class_list":{"0":"post-84274","1":"page","2":"type-page","3":"status-publish","4":"has-post-thumbnail","6":"no-featured-image-padding","7":"resize-featured-image"},"acf":[],"_links":{"self":[{"href":"https:\/\/obera.fr\/hu\/wp-json\/wp\/v2\/pages\/84274","targetHints":{"allow":["GET"]}}],"collection":[{"href":"https:\/\/obera.fr\/hu\/wp-json\/wp\/v2\/pages"}],"about":[{"href":"https:\/\/obera.fr\/hu\/wp-json\/wp\/v2\/types\/page"}],"author":[{"embeddable":true,"href":"https:\/\/obera.fr\/hu\/wp-json\/wp\/v2\/users\/4"}],"replies":[{"embeddable":true,"href":"https:\/\/obera.fr\/hu\/wp-json\/wp\/v2\/comments?post=84274"}],"version-history":[{"count":6,"href":"https:\/\/obera.fr\/hu\/wp-json\/wp\/v2\/pages\/84274\/revisions"}],"predecessor-version":[{"id":107924,"href":"https:\/\/obera.fr\/hu\/wp-json\/wp\/v2\/pages\/84274\/revisions\/107924"}],"up":[{"embeddable":true,"href":"https:\/\/obera.fr\/hu\/wp-json\/wp\/v2\/pages\/83978"}],"wp:featuredmedia":[{"embeddable":true,"href":"https:\/\/obera.fr\/hu\/wp-json\/wp\/v2\/media\/83741"}],"wp:attachment":[{"href":"https:\/\/obera.fr\/hu\/wp-json\/wp\/v2\/media?parent=84274"}],"curies":[{"name":"wp","href":"https:\/\/api.w.org\/{rel}","templated":true}]}}